{"id":1175,"date":"2023-10-05T07:53:49","date_gmt":"2023-10-05T07:53:49","guid":{"rendered":"https:\/\/izsekosanasierices.lv\/?page_id=1175"},"modified":"2023-10-20T10:15:16","modified_gmt":"2023-10-20T07:15:16","slug":"noteikumi-un-nosacijumi","status":"publish","type":"page","link":"https:\/\/izsekosanasierices.lv\/et\/eeskirjad-ja-maarused\/","title":{"rendered":"Tingimused"},"content":{"rendered":"<h1>\u00dcldised tingimused<\/h1>\n<p><strong>Kaupade ostu ja m\u00fc\u00fcgi eeskirjad <\/strong><strong><a href=\"https:\/\/izsekosanasierices.lv\/et\/\">https:\/\/izsekosanasierices.lv\/<\/a> <\/strong><strong>veebipood<\/strong><\/p>\n<ol>\n<li><strong> \u00dcldised eeskirjad<\/strong><\/li>\n<\/ol>\n<p>1.1 K\u00e4esolevad kaupade m\u00fc\u00fcgi- ja ostutingimused (\"Tingimused\") on poolte vaheline siduv dokument, milles s\u00e4testatakse Ostja ja M\u00fc\u00fcja (MB Ambanas) vahelised kaupade m\u00fc\u00fcgi- ja ostutingimused.<strong>\u00a0<\/strong><strong>https:\/\/izsekosanasierices.lv<\/strong><strong>),<\/strong><\/p>\n<p><strong>\u00a0<\/strong>vastastikused \u00f5igused ja kohustused, kauba ostu- ja maksetingimused, kauba \u00fcleandmise ja tagastamise kord, lepinguosaliste vastutus ja muud kauba ostu ja m\u00fc\u00fcgiga seotud k\u00fcsimused. <strong>https:\/\/izsekosanasierices.lv<\/strong>veebipood.<\/p>\n<p>1.2: Saate teha oste internetis:<\/p>\n<ul>\n<li>teov\u00f5imeline f\u00fc\u00fcsiline isik, st t\u00e4isealine isik, kelle teov\u00f5imet ei ole kohtuotsusega piiratud;<\/li>\n<li>14-18-aastane alaealine, kes on vanemate v\u00f5i eestkostja n\u00f5usolekul, v\u00e4lja arvatud juhul, kui ta on emantsipeerunud;<\/li>\n<li>juriidiline isik<\/li>\n<li>k\u00f5igi eespool nimetatute n\u00f5uetekohaselt volitatud esindajad.<\/li>\n<\/ul>\n<p>1.3 M\u00fc\u00fcjal on \u00f5igus \u00fchepoolselt muuta, muuta v\u00f5i t\u00e4iendada tingimusi. Kliendi poolt e-poes tehtud ostude suhtes kehtivad tellimise ajal kehtivad Tingimused. Uued Tingimused j\u00f5ustuvad nende avaldamisel.\u00a0<strong>https:\/\/izsekosanasierices.lv<\/strong> veebisaidil.<\/p>\n<p>1.4 Ostja esitab M\u00fc\u00fcjale kehtiva e-posti aadressi, mis kuulub Ostjale.<\/p>\n<p>1.5 Tellimuse esitamisega kinnitab klient, et ta n\u00f5ustub kirjeldatud tingimustega ja tal on \u00f5igus osta e-poest kaupu vastavalt punktile 1.2.<\/p>\n<ol start=\"2\">\n<li><strong> Kui m\u00fc\u00fcgileping on s\u00f5lmitud<\/strong><\/li>\n<\/ol>\n<p>2.1 Leping Ostja ja M\u00fc\u00fcja vahel loetakse s\u00f5lmituks, kui Ostja kinnitab tellimuse, luues e-poes ostukorvi, m\u00e4\u00e4rates tarneaadressi, valides makseviisi ja tutvudes M\u00fc\u00fcja tingimustega.<\/p>\n<p>2.2 Ostja v\u00f5ib tellida kaupa\u00a0<strong>https:\/\/izsekosanasierices.lv<\/strong> e-poes, valides \u00fche j\u00e4rgmistest meetoditest:<\/p>\n<ul>\n<li>Internetis registreerimine\u00a0<strong>https:\/\/izsekosanasierices.lv<\/strong> e-poes (sisestades oma registreerimisnime ja salas\u00f5na);<\/li>\n<li>kirjutades aadressil:<strong>info@izsekosanasierices.lv<\/strong>;<\/li>\n<li>helistades +371-20484176<\/li>\n<\/ul>\n<p>2.3 Tellimine telefoni v\u00f5i e-posti teel. K\u00e4esolevad tingimused ja privaatsuspoliitika tingimused kehtivad ka klientide suhtes, kes on esitanud kauba tellimuse telefoni v\u00f5i e-posti teel. Tellimuse esitamisega n\u00f5ustuvad Kliendid...<\/p>\n<ol start=\"3\">\n<li><strong> Isikuandmete kaitse, registreerimine<\/strong><\/li>\n<\/ol>\n<p>3.1. Kui tellite kaupu e-poest, siis\u00a0<strong>https:\/\/izsekosanasierices.lv<\/strong>, peab ostja esitama n\u00f5utud andmed registreerimise v\u00f5i tellimise ajal.<\/p>\n<p>3.2 Ostja vastutab registreerimisel \u00f5ige teabe esitamise eest.<\/p>\n<p>3.3 Tellimuse esitamisega n\u00f5ustub Ostja tema poolt esitatud isikuandmete t\u00f6\u00f6tlemisega tellimuse kontrollimiseks ja tulemuslikkuse anal\u00fc\u00fcsiks. Samuti n\u00f5ustub Klient sellega, et Kliendi poolt esitatud e-posti aadressile v\u00f5i telefoninumbrile saadetakse teavituss\u00f5numeid tellimuse t\u00e4itmise kohta.<\/p>\n<p>3.4 E-poes registreerudes ja kaupu tellides kohustub Klient oma sisselogimisandmeid kaitsma ja mitte kellelegi avaldama.<\/p>\n<p>3.5 M\u00fc\u00fcja kohustub mitte avaldama Ostja isikuandmeid kolmandatele isikutele, v\u00e4lja arvatud Leedu Vabariigi \u00f5igusaktides s\u00e4testatud juhtudel.<\/p>\n<p>3.6 Klient v\u00f5ib e-poodi kasutada ilma registreerumise v\u00f5i registreerimiseta. Ostja peab registreeruma e-poes, t\u00e4ites registreerimisvormi. Registreerimisvormil peab Ostja esitama isikuandmed, mis on vajalikud identifitseerimiseks, kaupade tarnimiseks, suhtlemiseks jne. Ostjal on v\u00f5imalus andmeid igal ajal muuta v\u00f5i ajakohastada. Kui Ostja soovib registreerimisvormi t\u00fchistada, peab ta sellest teatama M\u00fc\u00fcjale e-posti teel. P\u00e4rast registreeringu t\u00fchistamist on Ostjal v\u00f5imalik uuesti e-poes sisseoste teha, tellides kaupu e-posti v\u00f5i telefoni teel v\u00f5i registreerides end uuesti.<\/p>\n<p>Me austame oma klientide privaatsust. Tellimuse esitamisel\/poes registreerimisel esitatud isikuandmeid (nimi, aadress, telefoninumber, e-posti aadress ja muud andmed) kogutakse ainult selleks, et t\u00e4ita kliendi tellimusi ja lahendada kaupade tarnimisega seotud probleeme. Isikuandmeid ei avaldata ega jagata muul viisil kolmandate isikutega. E-poe l\u00f5petamise korral j\u00e4\u00e4vad k\u00f5ik <strong>https:\/\/izsekosanasierices.lv<\/strong> operatsiooni k\u00e4igus kogutud kasutajaandmed h\u00e4vitatakse j\u00e4\u00e4davalt.<\/p>\n<ol start=\"4\">\n<li><strong> Ostja \u00f5igused ja kohustused<\/strong><\/li>\n<\/ol>\n<p>4.1 Kliendil on \u00f5igus osta e-poest kaupu.\u00a0<strong>https:\/\/izsekosanasierices.lv<\/strong> vastavalt k\u00e4esolevates tingimustes ja e-poe teabe muudes osades s\u00e4testatud menetlustele.<\/p>\n<p>4.2 Ostjal on \u00f5igus tellimus t\u00fchistada k\u00e4esolevates tingimustes s\u00e4testatud korras.<\/p>\n<p>4.3 Ostjal on \u00f5igus k\u00e4esolevate tingimuste kohaselt lepingust taganeda.<\/p>\n<p>4.4 Ostjal on \u00f5igus ostetud kaupu vahetada v\u00f5i tagastada vastavalt k\u00e4esolevates tingimustes s\u00e4testatud korrale.<\/p>\n<p>4.5 Ostjal on muud \u00f5igused, mis on s\u00e4testatud k\u00e4esolevates tingimustes, privaatsuspoliitikas ja Leedu Vabariigi seadustes.<\/p>\n<p>4.6 Ostja kohustub tellitud kaubad vastu v\u00f5tma ja nende eest kokkulepitud hinda maksma.<\/p>\n<p>4.7 Kui Ostja andmed registreerimisvormil muutuvad, peab Ostja neid viivitamatult ajakohastama.<\/p>\n<p>4.8 Klient kohustub mitte andma oma sisselogimisandmeid edasi kolmandatele isikutele. Kui ta kaotab oma sisselogimisandmed, peab ta sellest viivitamatult M\u00fc\u00fcjat teavitama.<\/p>\n<p>4.9. tellimuse esitamisel veebipoes\u00a0<strong>https:\/\/izsekosanasierices.lv<\/strong><strong>, Ostja\u00a0<\/strong>n\u00f5ustub k\u00e4esolevate m\u00fc\u00fcgi- ja ostutingimustega ning kohustub neid j\u00e4rgima ja mitte rikkuma Leedu Vabariigi seadusi.<\/p>\n<ol start=\"5\">\n<li><strong> M\u00fc\u00fcja \u00f5igused ja kohustused<\/strong><\/li>\n<\/ol>\n<p>5.1 M\u00fc\u00fcja kohustub tagama k\u00f5ik tingimused, et Ostja saaks e-poodi n\u00f5uetekohaselt kasutada.\u00a0<strong>https:\/\/izsekosanasierices.lv<\/strong> teenused<\/p>\n<p>5.2 Kui Ostja \u00fcritab kahjustada e-poe stabiilsust ja turvalisust v\u00f5i rikub oma kohustusi, on M\u00fc\u00fcjal \u00f5igus viivitamatult ja ette teatamata piirata, peatada v\u00f5i l\u00f5petada Ostja juurdep\u00e4\u00e4s e-poele.<\/p>\n<p>5.3 M\u00fc\u00fcjal on \u00f5igus muuta <strong>https:\/\/izsekosanasierices.lv<\/strong> teenuse v\u00f5i teenuse osa osutamise mahtu v\u00f5i viisi v\u00f5i teenuse v\u00f5i teenuse osa osutamise peatamist, l\u00f5petamist v\u00f5i teenuse v\u00f5i teenuse osa eest tasu v\u00f5tmist.<\/p>\n<p>5.4 M\u00fc\u00fcjal on \u00f5igus peatada v\u00f5i l\u00f5petada\u00a0<strong>https:\/\/izsekosanasierices.lv<\/strong> tegevus. Sellisel juhul suletakse k\u00f5ik vastuv\u00f5etud ja kinnitatud ostja tellimused ning uusi tellimusi ei v\u00f5eta vastu.<\/p>\n<p>5.5 M\u00fc\u00fcjal on \u00f5igus t\u00fchistada Ostja tellimus ilma eelneva etteteatamiseta, kui Ostja ei tasu kauba eest 3 (kolme) t\u00f6\u00f6p\u00e4eva jooksul p\u00e4rast seda, kui Ostja on valinud k\u00e4esolevate tingimuste punktides 6.2.1 v\u00f5i 6.2.2.2.2.2 s\u00e4testatud makseviisid.<\/p>\n<p>5.6 M\u00fc\u00fcja v\u00f5ib k\u00e4esolevate tingimuste sisu \u00fchepoolselt muuta.<\/p>\n<p>5.7 M\u00fc\u00fcja kohustub austama Ostja \u00f5igust eraelu puutumatusele seoses Ostja registreerimisvormis sisalduvate isikuandmetega ja mitte avaldama neid kolmandatele isikutele.<\/p>\n<p>5.8 M\u00fc\u00fcja kohustub tarnima Ostja tellitud kauba Ostja poolt m\u00e4\u00e4ratud aadressil.<\/p>\n<p>5.9 Olulistel asjaoludel, kui M\u00fc\u00fcja ei suuda tarnida Ostja tellitud kaupa, kohustub M\u00fc\u00fcja pakkuma Ostjale samav\u00e4\u00e4rset toodet ja kui Ostja keeldub samav\u00e4\u00e4rset toodet vastu v\u00f5tmast, tagastab Ostja poolt makstud raha, kui Ostja on teinud ettemaksu.<\/p>\n<ol start=\"6\">\n<li><strong> Hinnad, maksmine ja tingimused<\/strong><\/li>\n<\/ol>\n<p>6.1 Veebipood on veebip\u00f5histe ostude tegemiseks k\u00e4ttesaadav 7 p\u00e4eva n\u00e4dalas, 24 tundi \u00f6\u00f6p\u00e4evas.<\/p>\n<p>6.2 Ostja v\u00f5ib tasuda tellitud kaupade eest \u00fcksk\u00f5ik millisel j\u00e4rgmistest viisidest:<\/p>\n<p>6.2.1. elektrooniliste pangateenuste kaudu;<\/p>\n<p>6.2.2. panga\u00fclekandega;<\/p>\n<p>6.2.3. sularahas kauba k\u00e4ttesaamisel;<\/p>\n<p>6.3 K\u00f5ik veebipoes olevate kaupade hinnad on esitatud eurodes koos k\u00e4ibemaksuga.<\/p>\n<p>6.4 Saadetise ettevalmistamine algab alles p\u00e4rast kauba eest tasumise saamist, v\u00e4lja arvatud juhul, kui klient otsustab maksta saadetise eest sularahas selle k\u00e4ttesaamisel. Kaupu saab laost k\u00e4tte veebilehe kontaktandmete osas m\u00e4rgitud lahtiolekuaegadel.<\/p>\n<ol start=\"7\">\n<li><strong> Kaupade tarnimine<\/strong><\/li>\n<\/ol>\n<p>7.1 Ostja kohustub tellimuse esitamisel tarne teenuse valimisel t\u00e4psustama kauba t\u00e4pse tarnekoha.<\/p>\n<p>7.2 Ostja kohustub kauba ise vastu v\u00f5tma. Juhul kui Ostja ei saa kaupa ise vastu v\u00f5tta ja kaup toimetatakse m\u00e4\u00e4ratud aadressile, ei ole Ostjal \u00f5igust n\u00f5uda M\u00fc\u00fcja vastu, et kaup toimetatakse valele isikule.<\/p>\n<p>7.3 Kaup toimetatakse Ostjale M\u00fc\u00fcja volitatud esindaja (kuller) poolt v\u00f5i ostja poolt l\u00e4himast postkontorist. Ostja v\u00f5ib Kaubale j\u00e4rele tulla ka \u00a0<strong>https:\/\/izsekosanasierices.lv<\/strong> Vilniuse laos.<\/p>\n<p>7.4 M\u00fc\u00fcja tarnib kaubad Ostjale vastavalt tarnetingimustele. Erandlikel asjaoludel v\u00f5ib kauba tarnimine viibida M\u00fc\u00fcjast s\u00f5ltumatute etten\u00e4gematute asjaolude t\u00f5ttu. Sellisel juhul kohustub M\u00fc\u00fcja v\u00f5tma viivitamatult \u00fchendust Ostjaga, et leppida kokku tarnetingimustes.<\/p>\n<p>7.5 K\u00f5igil juhtudel, kui kaupu ei toimetata ostjale k\u00e4tte v\u00f5i ei toimetata \u00f5igeaegselt k\u00e4tte ostja s\u00fc\u00fcl v\u00f5i M\u00fc\u00fcjast mitteolenevatel asjaoludel, on M\u00fc\u00fcja vabastatud vastutusest kauba \u00fcleandmise t\u00e4htaja rikkumise eest.<\/p>\n<p>7.6 Ostja peab viivitamatult teavitama M\u00fc\u00fcjat, kui saadetis on tarnitud kahjustatud pakendis, kui saadetis sisaldab kaupa, mida ei ole tellitud v\u00f5i mis sisaldab vale kogust, v\u00f5i kui saadetis on puudulik.<\/p>\n<p>7.7 Kui Ostja m\u00e4rkab tarne ajal pakendi kahjustusi, teavitab ta sellest M\u00fc\u00fcjat.<\/p>\n<ol start=\"8\">\n<li><strong> Kaupade kvaliteet<\/strong><\/li>\n<\/ol>\n<p>8.1 K\u00f5ikide veebipoodide andmed\u00a0<strong>https:\/\/izsekosanasierices.lv<\/strong> \u00a0m\u00fc\u00fcdud kaupade eest on s\u00e4testatud iga kauba kirjelduses.<\/p>\n<p>8.2 M\u00fc\u00fcja ei vastuta, kui e-poes n\u00e4idatud kauba v\u00e4rvus, kuju v\u00f5i muud omadused ei vasta kauba tegelikule suurusele, kujule ja v\u00e4rvile, mis on tingitud Ostja poolt kasutatava ekraani omadustest.<\/p>\n<ol start=\"9\">\n<li><strong> Kaupade tagastamine ja vahetamine<\/strong><\/li>\n<\/ol>\n<p>9.1 Kaupade tagastamine toimub vastavalt Leedu Vabariigi majandusministri 29. juuni 2001. aasta m\u00e4\u00e4rusele nr 217 \"Kaupade tagastamise ja vahetamise eeskirjade kinnitamise kohta\".<\/p>\n<p>9.2 Ostja tagastab kauba Leedu Posti t\u00e4hitud kirjaga. Tagastatud v\u00f5i vahetatud kauba postikulud kannab Ostja.<\/p>\n<p>9.3 Ostja v\u00f5ib kauba(d) tagastada neljateistk\u00fcmne p\u00e4eva jooksul alates kauba \u00fcleandmise kuup\u00e4evast Ostjale, teatades sellest M\u00fc\u00fcjale e-posti teel ja t\u00e4ites e-poes oleva spetsiaalse tagastusvormi.<\/p>\n<p>9.4 Tagastatud kaubad peavad olema originaalpakendis, heas seisukorras, kahjustamata, kasutamata ja samas seisukorras, nagu Ostja on need k\u00e4tte saanud. Samuti peavad need olema heas seisukorras v\u00e4limuselt (terved etiketid, kaitsekile jne). Pooled lepivad kokku, et kauba pakendi v\u00e4limuse muutusi, mis on vajalikud kauba kontrollimiseks, ei loeta oluliseks v\u00e4limuse muutuseks.<\/p>\n<p>9.5 M\u00fc\u00fcjal on \u00f5igus mitte vastu v\u00f5tta Ostja tagastatud kaupa, kui Ostja ei t\u00e4ida punktis 9.3 s\u00e4testatud tagastamismenetlust.<\/p>\n<p>9.6 V\u00e4\u00e4ralt saadetud (mittevastavate) kaupade ja\/v\u00f5i kahjustatud kaupade tagastamise korral kohustub M\u00fc\u00fcja sellised kaubad vastu v\u00f5tma ja asendama need sarnaste n\u00f5uetele vastavate kaupadega.<\/p>\n<p>9.7 Kui M\u00fc\u00fcjal ei ole sobivat asenduskaupu, tagastatakse Ostjale makstud summa, sealhulgas tarnekulu.<\/p>\n<p>9.8 Kui klient tagastab kampaaniaperioodi jooksul ostetud toote, tagastatakse kliendile toote eest makstud summa koos kohaldatava allahindlusega.<\/p>\n<p>9.9 Ostja n\u00f5ustub, et kui ta maksab kauba k\u00e4ttesaamisel sularahas ja otsustab kauba tagastada, tagastatakse raha tema m\u00e4\u00e4ratud pangakontole.<\/p>\n<ol start=\"10\">\n<li><strong> Turundus ja teave<\/strong><\/li>\n<\/ol>\n<p>10.1.\u00a0<strong>https:\/\/izsekosanasierices.lv<\/strong> v\u00f5ib korraldada erinevaid kampaaniaid ja pakkumisi.<\/p>\n<p>10.2 M\u00fc\u00fcjal on \u00f5igus \u00fchepoolselt ja ilma eelneva etteteatamiseta muuta kampaania tingimusi, sealhulgas t\u00fchistada kampaania. Kampaania tingimuste muutmine v\u00f5i t\u00fchistamine j\u00f5ustub muutmise v\u00f5i t\u00fchistamise hetkest.<\/p>\n<p>10.3 M\u00fc\u00fcja saadab k\u00f5ik teated Ostja registreerimisvormil m\u00e4rgitud sidevahendi abil.<\/p>\n<p>10.4 Ostja saadab k\u00f5ik teated ja k\u00fcsimused M\u00fc\u00fcja e-poe jaotises \"Kontaktid\" m\u00e4rgitud telefoninumbritele ja e-posti aadressidele.<\/p>\n<p>10.5 M\u00fc\u00fcja ei vastuta, kui Ostja saadetud teave v\u00f5i kinnituss\u00f5numid ei j\u00f5ua kohale interneti\u00fchenduse katkemise, e-posti teenusepakkujate v\u00f5rkude rikete v\u00f5i Ostja poolt esitatud eba\u00f5igete andmete t\u00f5ttu.<\/p>\n<p>10.6 Ostja n\u00f5ustub, et tema e-posti aadressi ja\/v\u00f5i telefoninumbrit v\u00f5ib kasutada turunduslikel eesm\u00e4rkidel. Klient n\u00f5ustub saama uudiskirju ja muud reklaamteavet. Reklaamteavet ei saadeta, kui Klient seda taotleb.<\/p>\n<ol start=\"11\">\n<li><strong> L\u00f5pps\u00e4tted<\/strong><\/li>\n<\/ol>\n<p>11.1 K\u00e4esolevad kaupade ostu ja m\u00fc\u00fcgi tingimused on koostatud vastavalt Leedu Vabariigi seadustele ja m\u00e4\u00e4rustele.<\/p>\n<p>11.2 K\u00f5ik vaidlused, mis tekivad seoses k\u00e4esolevate tingimuste kohaldamisega, lahendatakse l\u00e4bir\u00e4\u00e4kimiste teel. Kui kokkuleppele ei j\u00f5uta, lahendatakse vaidlused Leedu Vabariigi seadustega kehtestatud korras.<\/p>\n<p>11.3 Ostja v\u00f5ib esitada taotluse\/kaebuse meie e-poest ostetud kaupade v\u00f5i teenuste kohta riiklikule tarbijakaitseametile (Vilniaus g. 25, 01402 Vilnius, e-post: tarnyba@vvtat.lt, tel. 8 5 262 67 51, faks: 8 5 262 67 51, tel. (8 5) 279 1466, veebileht www.vvtat.lt, selle territoriaal\u00fcksustes maakondades - http:\/\/www.vvtat.lt\/\/index.php?470187665) v\u00f5i t\u00e4ites taotluse vormi EGS platvormil http:\/\/ec.europa.eu\/odr\/.<\/p>\n<p>&nbsp;<\/p>\n<p>&nbsp;<\/p>","protected":false},"excerpt":{"rendered":"<p>Kaupade m\u00fc\u00fcgi- ja ostutingimused veebilehel https:\/\/izsekosanasierices.lv\/ \u00dcldtingimused 1.1 K\u00e4esolevad kaupade m\u00fc\u00fcgi- ja ostutingimused (\"tingimused\") on siduv dokument poolte vahel,...<\/p>","protected":false},"author":1,"featured_media":0,"parent":0,"menu_order":0,"comment_status":"closed","ping_status":"closed","template":"","meta":{"footnotes":""},"class_list":["post-1175","page","type-page","status-publish"],"yoast_head":"<!-- This site is optimized with the Yoast SEO plugin v27.5 - https:\/\/yoast.com\/product\/yoast-seo-wordpress\/ -->\n<title>Noteikumi un nosac\u012bjumi<\/title>\n<meta name=\"robots\" content=\"noindex, follow\" \/>\n<meta property=\"og:locale\" content=\"et_EE\" \/>\n<meta property=\"og:type\" content=\"article\" \/>\n<meta property=\"og:title\" content=\"Noteikumi un nosac\u012bjumi\" \/>\n<meta property=\"og:description\" content=\"Visp\u0101r\u012bgie noteikumi un nosac\u012bjumi Pre\u010du pirk\u0161anas un p\u0101rdo\u0161anas noteikumi https:\/\/izsekosanasierices.lv\/ interneta veikal\u0101 Visp\u0101r\u012bgi noteikumi 1.1. \u0160ie Pre\u010du pirk\u0161anas un p\u0101rdo\u0161anas noteikumi un nosac\u012bjumi (\u201cNoteikumi un nosac\u012bjumi\u201d) ir Pus\u0113m saisto\u0161s dokuments,...\" \/>\n<meta property=\"og:url\" content=\"https:\/\/izsekosanasierices.lv\/et\/eeskirjad-ja-maarused\/\" \/>\n<meta property=\"og:site_name\" content=\"Nr1 Izseko\u0161anas ier\u012bces gps izseko\u0161anas iek\u0101rtas, klaus\u012b\u0161an\u0101s iek\u0101rtas\" \/>\n<meta property=\"article:modified_time\" content=\"2023-10-20T07:15:16+00:00\" \/>\n<meta name=\"twitter:card\" content=\"summary_large_image\" \/>\n<meta name=\"twitter:label1\" content=\"Est. reading time\" \/>\n\t<meta name=\"twitter:data1\" content=\"10 minutit\" \/>\n<script type=\"application\/ld+json\" class=\"yoast-schema-graph\">{\"@context\":\"https:\\\/\\\/schema.org\",\"@graph\":[{\"@type\":\"WebPage\",\"@id\":\"https:\\\/\\\/izsekosanasierices.lv\\\/noteikumi-un-nosacijumi\\\/\",\"url\":\"https:\\\/\\\/izsekosanasierices.lv\\\/noteikumi-un-nosacijumi\\\/\",\"name\":\"Noteikumi un nosac\u012bjumi\",\"isPartOf\":{\"@id\":\"https:\\\/\\\/izsekosanasierices.lv\\\/#website\"},\"datePublished\":\"2023-10-05T07:53:49+00:00\",\"dateModified\":\"2023-10-20T07:15:16+00:00\",\"breadcrumb\":{\"@id\":\"https:\\\/\\\/izsekosanasierices.lv\\\/noteikumi-un-nosacijumi\\\/#breadcrumb\"},\"inLanguage\":\"et\",\"potentialAction\":[{\"@type\":\"ReadAction\",\"target\":[\"https:\\\/\\\/izsekosanasierices.lv\\\/noteikumi-un-nosacijumi\\\/\"]}]},{\"@type\":\"BreadcrumbList\",\"@id\":\"https:\\\/\\\/izsekosanasierices.lv\\\/noteikumi-un-nosacijumi\\\/#breadcrumb\",\"itemListElement\":[{\"@type\":\"ListItem\",\"position\":1,\"name\":\"S\u0101kums\",\"item\":\"https:\\\/\\\/izsekosanasierices.lv\\\/\"},{\"@type\":\"ListItem\",\"position\":2,\"name\":\"Noteikumi un nosac\u012bjumi\"}]},{\"@type\":\"WebSite\",\"@id\":\"https:\\\/\\\/izsekosanasierices.lv\\\/#website\",\"url\":\"https:\\\/\\\/izsekosanasierices.lv\\\/\",\"name\":\"Nr1 Izseko\u0161anas ier\u012bces gps izseko\u0161anas iek\u0101rtas, klaus\u012b\u0161an\u0101s iek\u0101rtas\",\"description\":\"\",\"potentialAction\":[{\"@type\":\"SearchAction\",\"target\":{\"@type\":\"EntryPoint\",\"urlTemplate\":\"https:\\\/\\\/izsekosanasierices.lv\\\/?s={search_term_string}\"},\"query-input\":{\"@type\":\"PropertyValueSpecification\",\"valueRequired\":true,\"valueName\":\"search_term_string\"}}],\"inLanguage\":\"et\"}]}<\/script>\n<!-- \/ Yoast SEO plugin. -->","yoast_head_json":{"title":"Noteikumi un nosac\u012bjumi","robots":{"index":"noindex","follow":"follow"},"og_locale":"et_EE","og_type":"article","og_title":"Noteikumi un nosac\u012bjumi","og_description":"Visp\u0101r\u012bgie noteikumi un nosac\u012bjumi Pre\u010du pirk\u0161anas un p\u0101rdo\u0161anas noteikumi https:\/\/izsekosanasierices.lv\/ interneta veikal\u0101 Visp\u0101r\u012bgi noteikumi 1.1. \u0160ie Pre\u010du pirk\u0161anas un p\u0101rdo\u0161anas noteikumi un nosac\u012bjumi (\u201cNoteikumi un nosac\u012bjumi\u201d) ir Pus\u0113m saisto\u0161s dokuments,...","og_url":"https:\/\/izsekosanasierices.lv\/et\/eeskirjad-ja-maarused\/","og_site_name":"Nr1 Izseko\u0161anas ier\u012bces gps izseko\u0161anas iek\u0101rtas, klaus\u012b\u0161an\u0101s iek\u0101rtas","article_modified_time":"2023-10-20T07:15:16+00:00","twitter_card":"summary_large_image","twitter_misc":{"Est. reading time":"10 minutit"},"schema":{"@context":"https:\/\/schema.org","@graph":[{"@type":"WebPage","@id":"https:\/\/izsekosanasierices.lv\/noteikumi-un-nosacijumi\/","url":"https:\/\/izsekosanasierices.lv\/noteikumi-un-nosacijumi\/","name":"Noteikumi un nosac\u012bjumi","isPartOf":{"@id":"https:\/\/izsekosanasierices.lv\/#website"},"datePublished":"2023-10-05T07:53:49+00:00","dateModified":"2023-10-20T07:15:16+00:00","breadcrumb":{"@id":"https:\/\/izsekosanasierices.lv\/noteikumi-un-nosacijumi\/#breadcrumb"},"inLanguage":"et","potentialAction":[{"@type":"ReadAction","target":["https:\/\/izsekosanasierices.lv\/noteikumi-un-nosacijumi\/"]}]},{"@type":"BreadcrumbList","@id":"https:\/\/izsekosanasierices.lv\/noteikumi-un-nosacijumi\/#breadcrumb","itemListElement":[{"@type":"ListItem","position":1,"name":"S\u0101kums","item":"https:\/\/izsekosanasierices.lv\/"},{"@type":"ListItem","position":2,"name":"Noteikumi un nosac\u012bjumi"}]},{"@type":"WebSite","@id":"https:\/\/izsekosanasierices.lv\/#website","url":"https:\/\/izsekosanasierices.lv\/","name":"Nr1 Izseko\u0161anas ier\u012bces gps izseko\u0161anas iek\u0101rtas, klaus\u012b\u0161an\u0101s iek\u0101rtas","description":"","potentialAction":[{"@type":"SearchAction","target":{"@type":"EntryPoint","urlTemplate":"https:\/\/izsekosanasierices.lv\/?s={search_term_string}"},"query-input":{"@type":"PropertyValueSpecification","valueRequired":true,"valueName":"search_term_string"}}],"inLanguage":"et"}]}},"_links":{"self":[{"href":"https:\/\/izsekosanasierices.lv\/et\/wp-json\/wp\/v2\/pages\/1175","targetHints":{"allow":["GET"]}}],"collection":[{"href":"https:\/\/izsekosanasierices.lv\/et\/wp-json\/wp\/v2\/pages"}],"about":[{"href":"https:\/\/izsekosanasierices.lv\/et\/wp-json\/wp\/v2\/types\/page"}],"author":[{"embeddable":true,"href":"https:\/\/izsekosanasierices.lv\/et\/wp-json\/wp\/v2\/users\/1"}],"replies":[{"embeddable":true,"href":"https:\/\/izsekosanasierices.lv\/et\/wp-json\/wp\/v2\/comments?post=1175"}],"version-history":[{"count":5,"href":"https:\/\/izsekosanasierices.lv\/et\/wp-json\/wp\/v2\/pages\/1175\/revisions"}],"predecessor-version":[{"id":2373,"href":"https:\/\/izsekosanasierices.lv\/et\/wp-json\/wp\/v2\/pages\/1175\/revisions\/2373"}],"wp:attachment":[{"href":"https:\/\/izsekosanasierices.lv\/et\/wp-json\/wp\/v2\/media?parent=1175"}],"curies":[{"name":"wp","href":"https:\/\/api.w.org\/{rel}","templated":true}]}}