{"id":1177,"date":"2023-10-05T07:54:19","date_gmt":"2023-10-05T07:54:19","guid":{"rendered":"https:\/\/izsekosanasierices.lv\/?page_id=1177"},"modified":"2023-10-20T10:16:30","modified_gmt":"2023-10-20T07:16:30","slug":"kompensacija-un-garantija","status":"publish","type":"page","link":"https:\/\/izsekosanasierices.lv\/et\/huvitis-ja-garantii\/","title":{"rendered":"Tagastamine ja garantii"},"content":{"rendered":"<p><meta name=\"robots\" content=\"noindex, follow\"><br \/>\n<strong>Millised tooted on h\u00f5lmatud ja kui kaua?<\/strong><\/p>\n<p>K\u00f5ik meie tooted on garanteeritud kvaliteediga. Seda garantiid tuntakse ka juriidilise v\u00f5i tehasegarantiina. Selle kehtivusaeg v\u00f5ib olla erinev: nagu ka muud tingimused, on kehtivusaeg m\u00e4rgitud toote kirjelduses v\u00f5i ostetud tootega kaasas oleval arvel, mis on sama, mis garantiikaart.<\/p>\n<p>&nbsp;<\/p>\n<p><strong>Millised tooted ei ole h\u00f5lmatud?<\/strong><\/p>\n<ul>\n<li>Kui toode vastab kirjeldusele ja sobib etten\u00e4htud otstarbeks, ei anta kvaliteedigarantiid.<\/li>\n<li>Kvaliteedigarantii ei kehti ka andmekandjatel v\u00f5i seadmetes sisalduva teabe kohta. See t\u00e4hendab, et me ei vastuta, kui isikuandmed l\u00e4hevad remondi k\u00e4igus kaduma. Samuti ei h\u00fcvitata kulusid, kui ostja soovib oma andmeid taastada.<\/li>\n<li>Kui saate toote k\u00e4tte, kontrollige, et see oleks kahjustamata, t\u00e4ielik ja \u00f5iges seisukorras. Kui saate oma tellimuse kullerilt k\u00e4tte, p\u00f6\u00f6rake t\u00e4helepanu pakendile - kui kahtlustate midagi, avage see kohe. M\u00e4rkige k\u00f5ik lahknevused vastuv\u00f5tudokumendile ja tehke kulleri v\u00f5i https:\/\/izsekosanasierices.lv\/p\u0101rst\u0101vja juuresolekul m\u00e4rge. Kui m\u00e4rkate puudusi v\u00f5i puuduj\u00e4\u00e4ke p\u00e4rast vastuv\u00f5tudokumendi allkirjastamist, ei saa me v\u00f5tta vastutust toote v\u00f5i pakendi puuduste v\u00f5i ebapiisava seisundi eest. Sellisel juhul kehtib kvaliteedigarantii ainult tootmisvea korral.<\/li>\n<\/ul>\n<p>&nbsp;<\/p>\n<p><strong>Elektroonika<\/strong><\/p>\n<ol>\n<li>Ostja individuaalsetele vajadustele vastav elektroonika:<\/li>\n<\/ol>\n<ul>\n<li>Madala kvaliteediga kaupadele kehtib tootja garantii, mille tingimused on esitatud tootekirjeldustes ja garantiikaartidel. Tootja garantii kehtib ainult juhul, kui ei ole rikutud toote kasutustingimusi, mis on m\u00e4rgitud garantiikaardil, kasutusjuhendis ja veebilehel avaldatud tingimustes.<\/li>\n<li>Ostja konkreetsete ja isiklike juhiste ja eelistuste kohaselt tellimuse esitamise ajal valmistatud kvaliteetsete kaupade suhtes ei kehti taganemis\u00f5igus ja neid ei v\u00f5eta tagasi.<\/li>\n<\/ul>\n<ol start=\"2\">\n<li>Elektroonika:<\/li>\n<\/ol>\n<ul>\n<li>Madala kvaliteediga kaupadele kehtib tootja garantii, mille tingimused on esitatud tootekirjeldustes ja garantiikaartidel. Tootja garantii kehtib ainult juhul, kui ei ole rikutud toote kasutustingimusi, mis on m\u00e4rgitud garantiikaardil, kasutusjuhendis ja veebilehel avaldatud tingimustes.<\/li>\n<li>Kvaliteetsed kaubad v\u00f5ib tagastada 14 p\u00e4eva jooksul, kui artikli 228-10 l\u00f5ikes 2 osutatud eranditest (keeldumine) ei tulene teisiti. Ostja v\u00f5ib toote siiski tagastada ainult siis, kui see on ostetud internetist, seda ei ole kasutatud, seda on kontrollitud ainult samamoodi nagu f\u00fc\u00fcsilises kaupluses ja pakend ei ole kahjustatud.<\/li>\n<\/ul>\n<p>&nbsp;<\/p>\n<p>Kuhu ma p\u00f6\u00f6rdun garantiiteenuse saamiseks?<\/p>\n<p>Kui soovite aega s\u00e4\u00e4sta, soovitame tarnida toote otse meile aadressil Savanori\u0173 pr. 159a Vilnius - garantiiteenus on saadaval ainult aadressil https:\/\/izsekosanasierices.lv\/ ostetud toodete puhul.\u00a0<strong>Karantiiniperioodi ajal soovitame saata kaup tagasi kulleriga.<\/strong>\u00a0Sellisel juhul tuleb esitada aadress: OMNIVA Norfa Norfa Baz\u0117 Savanori\u0173 pr. 157, Vilnius ja telefoninumber: +371-20484176.<\/p>\n<p>Palun pakendage toode \u00f5igesti, et v\u00e4ltida kahjustusi transpordi ajal. Kui toode on transpordi ajal kahjustatud, ei saa me garantiiteenust pakkuda.<\/p>","protected":false},"excerpt":{"rendered":"<p>Millised tooted on h\u00f5lmatud ja kui kaua? K\u00f5igile meie toodetele on tagatud kvaliteet. Seda garantiid nimetatakse ka seaduslikuks v\u00f5i tehasegarantiiks. Selle kehtivus v\u00f5ib olla erinev: kuna...<\/p>","protected":false},"author":1,"featured_media":0,"parent":0,"menu_order":0,"comment_status":"closed","ping_status":"closed","template":"","meta":{"footnotes":""},"class_list":["post-1177","page","type-page","status-publish"],"yoast_head":"<!-- This site is optimized with the Yoast SEO plugin v27.5 - https:\/\/yoast.com\/product\/yoast-seo-wordpress\/ -->\n<title>Atgrie\u0161ana un garantija<\/title>\n<meta name=\"robots\" content=\"noindex, follow\" \/>\n<meta property=\"og:locale\" content=\"et_EE\" \/>\n<meta property=\"og:type\" content=\"article\" \/>\n<meta property=\"og:title\" content=\"Atgrie\u0161ana un garantija\" \/>\n<meta property=\"og:description\" content=\"Uz kur\u0101m prec\u0113m attiecas garantija un cik ilgi? Vis\u0101m m\u016bsu prec\u0113m ir garant\u0113ta kvalit\u0101te. \u0160o garantiju sauc ar\u012b par juridisko vai r\u016bpn\u012bcas garantiju. T\u0101s der\u012bguma termi\u0146\u0161 var at\u0161\u0137irties: t\u0101pat k\u0101...\" \/>\n<meta property=\"og:url\" content=\"https:\/\/izsekosanasierices.lv\/et\/huvitis-ja-garantii\/\" \/>\n<meta property=\"og:site_name\" content=\"Nr1 Izseko\u0161anas ier\u012bces gps izseko\u0161anas iek\u0101rtas, klaus\u012b\u0161an\u0101s iek\u0101rtas\" \/>\n<meta property=\"article:modified_time\" content=\"2023-10-20T07:16:30+00:00\" \/>\n<meta name=\"twitter:card\" content=\"summary_large_image\" \/>\n<meta name=\"twitter:label1\" content=\"Est. reading time\" \/>\n\t<meta name=\"twitter:data1\" content=\"3 minutit\" \/>\n<script type=\"application\/ld+json\" class=\"yoast-schema-graph\">{\"@context\":\"https:\\\/\\\/schema.org\",\"@graph\":[{\"@type\":\"WebPage\",\"@id\":\"https:\\\/\\\/izsekosanasierices.lv\\\/kompensacija-un-garantija\\\/\",\"url\":\"https:\\\/\\\/izsekosanasierices.lv\\\/kompensacija-un-garantija\\\/\",\"name\":\"Atgrie\u0161ana un garantija\",\"isPartOf\":{\"@id\":\"https:\\\/\\\/izsekosanasierices.lv\\\/#website\"},\"datePublished\":\"2023-10-05T07:54:19+00:00\",\"dateModified\":\"2023-10-20T07:16:30+00:00\",\"breadcrumb\":{\"@id\":\"https:\\\/\\\/izsekosanasierices.lv\\\/kompensacija-un-garantija\\\/#breadcrumb\"},\"inLanguage\":\"et\",\"potentialAction\":[{\"@type\":\"ReadAction\",\"target\":[\"https:\\\/\\\/izsekosanasierices.lv\\\/kompensacija-un-garantija\\\/\"]}]},{\"@type\":\"BreadcrumbList\",\"@id\":\"https:\\\/\\\/izsekosanasierices.lv\\\/kompensacija-un-garantija\\\/#breadcrumb\",\"itemListElement\":[{\"@type\":\"ListItem\",\"position\":1,\"name\":\"S\u0101kums\",\"item\":\"https:\\\/\\\/izsekosanasierices.lv\\\/\"},{\"@type\":\"ListItem\",\"position\":2,\"name\":\"Atgrie\u0161ana un garantija\"}]},{\"@type\":\"WebSite\",\"@id\":\"https:\\\/\\\/izsekosanasierices.lv\\\/#website\",\"url\":\"https:\\\/\\\/izsekosanasierices.lv\\\/\",\"name\":\"Nr1 Izseko\u0161anas ier\u012bces gps izseko\u0161anas iek\u0101rtas, klaus\u012b\u0161an\u0101s iek\u0101rtas\",\"description\":\"\",\"potentialAction\":[{\"@type\":\"SearchAction\",\"target\":{\"@type\":\"EntryPoint\",\"urlTemplate\":\"https:\\\/\\\/izsekosanasierices.lv\\\/?s={search_term_string}\"},\"query-input\":{\"@type\":\"PropertyValueSpecification\",\"valueRequired\":true,\"valueName\":\"search_term_string\"}}],\"inLanguage\":\"et\"}]}<\/script>\n<!-- \/ Yoast SEO plugin. -->","yoast_head_json":{"title":"Atgrie\u0161ana un garantija","robots":{"index":"noindex","follow":"follow"},"og_locale":"et_EE","og_type":"article","og_title":"Atgrie\u0161ana un garantija","og_description":"Uz kur\u0101m prec\u0113m attiecas garantija un cik ilgi? Vis\u0101m m\u016bsu prec\u0113m ir garant\u0113ta kvalit\u0101te. \u0160o garantiju sauc ar\u012b par juridisko vai r\u016bpn\u012bcas garantiju. T\u0101s der\u012bguma termi\u0146\u0161 var at\u0161\u0137irties: t\u0101pat k\u0101...","og_url":"https:\/\/izsekosanasierices.lv\/et\/huvitis-ja-garantii\/","og_site_name":"Nr1 Izseko\u0161anas ier\u012bces gps izseko\u0161anas iek\u0101rtas, klaus\u012b\u0161an\u0101s iek\u0101rtas","article_modified_time":"2023-10-20T07:16:30+00:00","twitter_card":"summary_large_image","twitter_misc":{"Est. reading time":"3 minutit"},"schema":{"@context":"https:\/\/schema.org","@graph":[{"@type":"WebPage","@id":"https:\/\/izsekosanasierices.lv\/kompensacija-un-garantija\/","url":"https:\/\/izsekosanasierices.lv\/kompensacija-un-garantija\/","name":"Atgrie\u0161ana un garantija","isPartOf":{"@id":"https:\/\/izsekosanasierices.lv\/#website"},"datePublished":"2023-10-05T07:54:19+00:00","dateModified":"2023-10-20T07:16:30+00:00","breadcrumb":{"@id":"https:\/\/izsekosanasierices.lv\/kompensacija-un-garantija\/#breadcrumb"},"inLanguage":"et","potentialAction":[{"@type":"ReadAction","target":["https:\/\/izsekosanasierices.lv\/kompensacija-un-garantija\/"]}]},{"@type":"BreadcrumbList","@id":"https:\/\/izsekosanasierices.lv\/kompensacija-un-garantija\/#breadcrumb","itemListElement":[{"@type":"ListItem","position":1,"name":"S\u0101kums","item":"https:\/\/izsekosanasierices.lv\/"},{"@type":"ListItem","position":2,"name":"Atgrie\u0161ana un garantija"}]},{"@type":"WebSite","@id":"https:\/\/izsekosanasierices.lv\/#website","url":"https:\/\/izsekosanasierices.lv\/","name":"Nr1 Izseko\u0161anas ier\u012bces gps izseko\u0161anas iek\u0101rtas, klaus\u012b\u0161an\u0101s iek\u0101rtas","description":"","potentialAction":[{"@type":"SearchAction","target":{"@type":"EntryPoint","urlTemplate":"https:\/\/izsekosanasierices.lv\/?s={search_term_string}"},"query-input":{"@type":"PropertyValueSpecification","valueRequired":true,"valueName":"search_term_string"}}],"inLanguage":"et"}]}},"_links":{"self":[{"href":"https:\/\/izsekosanasierices.lv\/et\/wp-json\/wp\/v2\/pages\/1177","targetHints":{"allow":["GET"]}}],"collection":[{"href":"https:\/\/izsekosanasierices.lv\/et\/wp-json\/wp\/v2\/pages"}],"about":[{"href":"https:\/\/izsekosanasierices.lv\/et\/wp-json\/wp\/v2\/types\/page"}],"author":[{"embeddable":true,"href":"https:\/\/izsekosanasierices.lv\/et\/wp-json\/wp\/v2\/users\/1"}],"replies":[{"embeddable":true,"href":"https:\/\/izsekosanasierices.lv\/et\/wp-json\/wp\/v2\/comments?post=1177"}],"version-history":[{"count":5,"href":"https:\/\/izsekosanasierices.lv\/et\/wp-json\/wp\/v2\/pages\/1177\/revisions"}],"predecessor-version":[{"id":2377,"href":"https:\/\/izsekosanasierices.lv\/et\/wp-json\/wp\/v2\/pages\/1177\/revisions\/2377"}],"wp:attachment":[{"href":"https:\/\/izsekosanasierices.lv\/et\/wp-json\/wp\/v2\/media?parent=1177"}],"curies":[{"name":"wp","href":"https:\/\/api.w.org\/{rel}","templated":true}]}}