{"id":1183,"date":"2023-10-05T07:58:46","date_gmt":"2023-10-05T07:58:46","guid":{"rendered":"https:\/\/izsekosanasierices.lv\/?page_id=1183"},"modified":"2023-10-19T10:01:06","modified_gmt":"2023-10-19T07:01:06","slug":"kontakti","status":"publish","type":"page","link":"https:\/\/izsekosanasierices.lv\/et\/kontakt\/","title":{"rendered":"Kontakt"},"content":{"rendered":"<h3>KONTAKTID<\/h3>\n<p>Kliendikeskus (I-VII 8:00 - 21:00)<\/p>\n<h3><strong>+371 20484176<\/strong><\/h3>\n<p>E-post: info@izsekosanasierices.lv<\/p>\n<p>&nbsp;<\/p>\n<p>&nbsp;<\/p>\n<p>&nbsp;<\/p>\n<p>&nbsp;<\/p>\n<p>&nbsp;<\/p>\n<p>&nbsp;<\/p>\n<p>&nbsp;<\/p>\n<p>&nbsp;<\/p>\n<p>&nbsp;<\/p>","protected":false},"excerpt":{"rendered":"<p>KONTAKTID Kliendikeskus (I-VII 8:00 - 21:00) +371 20484176 E-post: info@izsekosanasierices.lv &nbsp; &nbsp; &nbsp; &nbsp; &nbsp; &nbsp; &nbsp; &nbsp; &nbsp;<\/p>","protected":false},"author":1,"featured_media":0,"parent":0,"menu_order":0,"comment_status":"closed","ping_status":"closed","template":"","meta":{"footnotes":""},"class_list":["post-1183","page","type-page","status-publish"],"yoast_head":"<!-- This site is optimized with the Yoast SEO plugin v27.5 - https:\/\/yoast.com\/product\/yoast-seo-wordpress\/ -->\n<title>Kontakti<\/title>\n<meta name=\"robots\" content=\"index, follow, max-snippet:-1, max-image-preview:large, max-video-preview:-1\" \/>\n<link rel=\"canonical\" href=\"https:\/\/izsekosanasierices.lv\/et\/kontakt\/\" \/>\n<meta property=\"og:locale\" content=\"et_EE\" \/>\n<meta property=\"og:type\" content=\"article\" \/>\n<meta property=\"og:title\" content=\"Kontakti\" \/>\n<meta property=\"og:description\" content=\"KONTAKTI Klientu centrs (I-VII 8:00 &#8211; 21:00) +371 20484176 E-pasts: info@izsekosanasierices.lv &nbsp; &nbsp; &nbsp; &nbsp; &nbsp; &nbsp; &nbsp; &nbsp; &nbsp;\" \/>\n<meta property=\"og:url\" content=\"https:\/\/izsekosanasierices.lv\/et\/kontakt\/\" \/>\n<meta property=\"og:site_name\" content=\"Nr1 Izseko\u0161anas ier\u012bces gps izseko\u0161anas iek\u0101rtas, klaus\u012b\u0161an\u0101s iek\u0101rtas\" \/>\n<meta property=\"article:modified_time\" content=\"2023-10-19T07:01:06+00:00\" \/>\n<meta name=\"twitter:card\" content=\"summary_large_image\" \/>\n<meta name=\"twitter:label1\" content=\"Est. reading time\" \/>\n\t<meta name=\"twitter:data1\" content=\"1 minut\" \/>\n<script type=\"application\/ld+json\" class=\"yoast-schema-graph\">{\"@context\":\"https:\\\/\\\/schema.org\",\"@graph\":[{\"@type\":\"WebPage\",\"@id\":\"https:\\\/\\\/izsekosanasierices.lv\\\/kontakti\\\/\",\"url\":\"https:\\\/\\\/izsekosanasierices.lv\\\/kontakti\\\/\",\"name\":\"Kontakti\",\"isPartOf\":{\"@id\":\"https:\\\/\\\/izsekosanasierices.lv\\\/#website\"},\"datePublished\":\"2023-10-05T07:58:46+00:00\",\"dateModified\":\"2023-10-19T07:01:06+00:00\",\"breadcrumb\":{\"@id\":\"https:\\\/\\\/izsekosanasierices.lv\\\/kontakti\\\/#breadcrumb\"},\"inLanguage\":\"et\",\"potentialAction\":[{\"@type\":\"ReadAction\",\"target\":[\"https:\\\/\\\/izsekosanasierices.lv\\\/kontakti\\\/\"]}]},{\"@type\":\"BreadcrumbList\",\"@id\":\"https:\\\/\\\/izsekosanasierices.lv\\\/kontakti\\\/#breadcrumb\",\"itemListElement\":[{\"@type\":\"ListItem\",\"position\":1,\"name\":\"S\u0101kums\",\"item\":\"https:\\\/\\\/izsekosanasierices.lv\\\/\"},{\"@type\":\"ListItem\",\"position\":2,\"name\":\"Kontakti\"}]},{\"@type\":\"WebSite\",\"@id\":\"https:\\\/\\\/izsekosanasierices.lv\\\/#website\",\"url\":\"https:\\\/\\\/izsekosanasierices.lv\\\/\",\"name\":\"Nr1 Izseko\u0161anas ier\u012bces gps izseko\u0161anas iek\u0101rtas, klaus\u012b\u0161an\u0101s iek\u0101rtas\",\"description\":\"\",\"potentialAction\":[{\"@type\":\"SearchAction\",\"target\":{\"@type\":\"EntryPoint\",\"urlTemplate\":\"https:\\\/\\\/izsekosanasierices.lv\\\/?s={search_term_string}\"},\"query-input\":{\"@type\":\"PropertyValueSpecification\",\"valueRequired\":true,\"valueName\":\"search_term_string\"}}],\"inLanguage\":\"et\"}]}<\/script>\n<!-- \/ Yoast SEO plugin. -->","yoast_head_json":{"title":"Kontakti","robots":{"index":"index","follow":"follow","max-snippet":"max-snippet:-1","max-image-preview":"max-image-preview:large","max-video-preview":"max-video-preview:-1"},"canonical":"https:\/\/izsekosanasierices.lv\/et\/kontakt\/","og_locale":"et_EE","og_type":"article","og_title":"Kontakti","og_description":"KONTAKTI Klientu centrs (I-VII 8:00 &#8211; 21:00) +371 20484176 E-pasts: info@izsekosanasierices.lv &nbsp; &nbsp; &nbsp; &nbsp; &nbsp; &nbsp; &nbsp; &nbsp; &nbsp;","og_url":"https:\/\/izsekosanasierices.lv\/et\/kontakt\/","og_site_name":"Nr1 Izseko\u0161anas ier\u012bces gps izseko\u0161anas iek\u0101rtas, klaus\u012b\u0161an\u0101s iek\u0101rtas","article_modified_time":"2023-10-19T07:01:06+00:00","twitter_card":"summary_large_image","twitter_misc":{"Est. reading time":"1 minut"},"schema":{"@context":"https:\/\/schema.org","@graph":[{"@type":"WebPage","@id":"https:\/\/izsekosanasierices.lv\/kontakti\/","url":"https:\/\/izsekosanasierices.lv\/kontakti\/","name":"Kontakti","isPartOf":{"@id":"https:\/\/izsekosanasierices.lv\/#website"},"datePublished":"2023-10-05T07:58:46+00:00","dateModified":"2023-10-19T07:01:06+00:00","breadcrumb":{"@id":"https:\/\/izsekosanasierices.lv\/kontakti\/#breadcrumb"},"inLanguage":"et","potentialAction":[{"@type":"ReadAction","target":["https:\/\/izsekosanasierices.lv\/kontakti\/"]}]},{"@type":"BreadcrumbList","@id":"https:\/\/izsekosanasierices.lv\/kontakti\/#breadcrumb","itemListElement":[{"@type":"ListItem","position":1,"name":"S\u0101kums","item":"https:\/\/izsekosanasierices.lv\/"},{"@type":"ListItem","position":2,"name":"Kontakti"}]},{"@type":"WebSite","@id":"https:\/\/izsekosanasierices.lv\/#website","url":"https:\/\/izsekosanasierices.lv\/","name":"Nr1 Izseko\u0161anas ier\u012bces gps izseko\u0161anas iek\u0101rtas, klaus\u012b\u0161an\u0101s iek\u0101rtas","description":"","potentialAction":[{"@type":"SearchAction","target":{"@type":"EntryPoint","urlTemplate":"https:\/\/izsekosanasierices.lv\/?s={search_term_string}"},"query-input":{"@type":"PropertyValueSpecification","valueRequired":true,"valueName":"search_term_string"}}],"inLanguage":"et"}]}},"_links":{"self":[{"href":"https:\/\/izsekosanasierices.lv\/et\/wp-json\/wp\/v2\/pages\/1183","targetHints":{"allow":["GET"]}}],"collection":[{"href":"https:\/\/izsekosanasierices.lv\/et\/wp-json\/wp\/v2\/pages"}],"about":[{"href":"https:\/\/izsekosanasierices.lv\/et\/wp-json\/wp\/v2\/types\/page"}],"author":[{"embeddable":true,"href":"https:\/\/izsekosanasierices.lv\/et\/wp-json\/wp\/v2\/users\/1"}],"replies":[{"embeddable":true,"href":"https:\/\/izsekosanasierices.lv\/et\/wp-json\/wp\/v2\/comments?post=1183"}],"version-history":[{"count":14,"href":"https:\/\/izsekosanasierices.lv\/et\/wp-json\/wp\/v2\/pages\/1183\/revisions"}],"predecessor-version":[{"id":2364,"href":"https:\/\/izsekosanasierices.lv\/et\/wp-json\/wp\/v2\/pages\/1183\/revisions\/2364"}],"wp:attachment":[{"href":"https:\/\/izsekosanasierices.lv\/et\/wp-json\/wp\/v2\/media?parent=1183"}],"curies":[{"name":"wp","href":"https:\/\/api.w.org\/{rel}","templated":true}]}}