{"id":1206,"date":"2023-10-05T15:37:11","date_gmt":"2023-10-05T15:37:11","guid":{"rendered":"https:\/\/izsekosanasierices.lv\/produktas\/full-hd-wifi-slapta-kamera-su-akumuliatoriumi\/"},"modified":"2026-03-14T06:13:48","modified_gmt":"2026-03-14T04:13:48","slug":"full-hd-wifi-mini-videokamera-ar-akumulatoru","status":"publish","type":"product","link":"https:\/\/izsekosanasierices.lv\/et\/produkts\/tais-hd-wifi-mini-videokaamera-koos-akuga\/","title":{"rendered":"Full HD Wifi mini videokaamera koos akuga"},"content":{"rendered":"<h3>Tehnilised parameetrid:<\/h3>\n<ul>\n<li>Kaugvaatamine: jah<\/li>\n<li>Video salvestamine koos heliga<\/li>\n<li>Pildi kvaliteet: FULL HD 1080P 1920*1080<\/li>\n<li>Piltide vaatamine telefonis, arvutis ja tahvelarvutis<\/li>\n<li>Salvestusaeg akuga: umbes 3-4 tundi (v\u00f5ite kasutada suuremat akut), nt, <em>PowerBank<\/em><\/li>\n<li>\u00d6ine salvestusfunktsioon: ei ole<\/li>\n<li>Liikumistuvastuse re\u017eiim: jah (digitaalne)<\/li>\n<li>Vaatamisnurk: 90\u00b0<\/li>\n<li>Kaarditugi: 16 - 128 GB (kaart ei kuulu komplekti)<\/li>\n<li>Video 310 m<\/li>\n<li>Pakkimisformaat: avi H.264<\/li>\n<li>Toetatud s\u00fcsteemid: iOS \/ Android \/ Windows<\/li>\n<li>Rakendused Androidile \/ iPhone'ile<\/li>\n<li>Toiteallikas: aku v\u00f5i vooluv\u00f5rk (nt mobiiltelefoni laadija)<\/li>\n<li>Wi-Fi \u00fchenduvus: IEEE802.11 b\/g\/n<\/li>\n<li>Aku mahutavus: 4000 mAh<\/li>\n<li>Pikkus: 10 cm<\/li>\n<li>Pakendi suurus: 50 mm x 32 mm x 12 mm<\/li>\n<li>Salvestuse juhtimine: mis tahes nutiseadmest (telefon, arvuti v\u00f5i tahvelarvuti)<\/li>\n<li><strong>Garantii 24 kuud<\/strong><\/li>\n<\/ul>\n<p>Kasutamine: teie ohutuse tagamiseks, laste ohutuse tagamiseks.<\/p>\n<p><span style=\"color: #ff0000;\"><strong>Kiireks sama p\u00e4eva kohaletoimetamiseks (ka n\u00e4dalavahetustel) helistage palun. <\/strong><strong>++371-20484176<\/strong><\/span><\/p>\n<p><strong>WIFI HD SLIP KAMERA ( mini videokaamera )<\/strong><\/p>\n<p>Elastse rihmaga miniatuurne peidetud kaamera sobib ideaalselt pildistamiseks erinevates siseruumides (kontorid, hotellid jne). Seda v\u00e4ikest seadet saab h\u00f5lpsasti peita kohtadesse, kus tavalised peidetud kaamerad oleksid n\u00e4htavad, n\u00e4iteks vaasidesse, raamatute v\u00f5i muude ruumis olevate esemete vahele, nii et saab salvestada v\u00e4ga l\u00e4hedasi pilte. Kaamera suur 4000 mAh aku tagab kuni 3 tundi pidevat pildistamist ja piiramatut t\u00f6\u00f6d, kui kaamera on \u00fchendatud pistikupessa.<br \/>\nSaate vaadata kaamera poolt j\u00e4\u00e4dvustatud pilte k\u00f5ikjal maailmas - k\u00f5ik, mida vajate, on \u00fchendus traadita internetiv\u00f5rguga. WiFi Full HD peidetud kaamerat on lihtne kasutada ja paigaldada. Pakendi sees on toote kasutusjuhend. See on \u00fcks lihtsamaid ja usaldusv\u00e4\u00e4rsemaid viise, kuidas salaja pilte teha.<\/p>\n<p><strong>OTSE\u00dcLEKANDE VIDEOVALVE<\/strong><\/p>\n<p>See kaamera pakub piiramatuid v\u00f5imalusi j\u00e4\u00e4dvustatud piltide otse\u00fclekandeks. Neid saab vaadata mis tahes nutiseadmes - alates tavalisest arvutist kuni tahvelarvuti v\u00f5i mobiiltelefonini. Interneti\u00fchenduse (LTE, 3G v\u00f5i WiFi) abil saate kaamerat vaadata k\u00f5ikjal maailmas. Otse\u00fclekande asemel saate kasutada ka salvestusfunktsiooni - sel juhul kantakse j\u00e4\u00e4dvustatud pildid valitud seadme m\u00e4llu v\u00f5i m\u00e4lukaardile (MicroSD).<br \/>\nSee salajane kaamera on mugav ja v\u00e4ga lihtne viis vaatlemiseks. Seadmega j\u00e4\u00e4dvustatud pilte saab vaadata \u00fclik\u00f5rge kvaliteediga (1080P FULL HD) ja selle \u00fclimalt v\u00e4ike suurus tagab t\u00e4ieliku diskreetsuse. Saate j\u00e4\u00e4dvustada teksti paberil v\u00f5i arvutiekraanil t\u00e4iesti salaja.<\/p>\n<p><strong>PIKAAJALINE FIKSEERIMINE<\/strong><\/p>\n<p>See varjatu kaamera teeb pilte kahes re\u017eiimis: akutoitega v\u00f5i elektripistikupesast. Sisseehitatud aku mahutavus on 4000 mAh ja see suudab salvestada pilte umbes 3-4 tundi. Samuti saab \u00fchendada ja kasutada v\u00e4list akut, mis pikendab peidetud kaamera videosalvestuse kestust. Kui kaamera on \u00fchendatud pistikupessa, on salvestusaeg t\u00e4iesti piiramatu. Iga tund videosalvestust v\u00f5tab m\u00e4lukaardile umbes 350 MB.<\/p>\n<p><strong>KVALITEETNE PILT<\/strong><\/p>\n<p>Salajaselt salvestatud pilt on v\u00e4ga k\u00f5rge kvaliteediga (HD 1920* 1080 px). Pildi seaded on reguleeritavad . Parima pildikvaliteedi saavutamiseks on parim pildistamiskaugus 5 meetrit, kuid kaamera sobib ka pikemate vahemaade (10-15 meetrit) salvestamiseks. Varjatud kaameraid saab kasutada mis tahes t\u00fc\u00fcpi ruumides vastavalt konkreetsetele vajadustele (saadaval on mitu videosalvestusfunktsiooni: filmimine, fotode tegemine ja videovalve k\u00e4ivitamine, kui ruumis tuvastatakse liikumist).<\/p>\n<p><strong>LIIKUMISE TUVASTAMISE FUNKTSIOON<\/strong><\/p>\n<p>Seda t\u00fc\u00fcpi peidetud kaameraid saab aktiveerida liikumisjuhtimise funktsiooniga, nii et videosalvestus algab ainult siis, kui keegi liigub ruumis. Selle funktsiooni aktiveerimiseks kasutatakse rakendusi Proicam ja P2PliveCAM, mis v\u00f5imaldavad aktiveerida automaatse videosalvestuse re\u017eiimi. Liikumisjuhtimise funktsiooni suurim eelis on see, et sellega v\u00e4lditakse videol\u00f5ikeid, kui midagi ei toimu. Sellega v\u00e4lditakse ka seadme v\u00f5i kaardi m\u00e4lu raiskamist. Eelmise perioodi l\u00f5pus salvestatakse eelmise perioodi l\u00f5pus j\u00e4\u00e4dvustatud piltide asemel uued salvestatud pildid.<\/p>\n<p><strong>VIDEOSALVESTUSE V\u00d5IMALUSED<\/strong><\/p>\n<p><em>Candid<\/em> Kaamerad j\u00e4\u00e4dvustavad pilte mitmes re\u017eiimis: liikumise tuvastamisel, teatud aja jooksul v\u00f5i pidevalt. Samuti saate salakaamerat kaugjuhtida ja salvestusfunktsioone valida. Kui valite funktsiooni, mis alustab pildi salvestamist liikumise tuvastamisel, v\u00f5ib seade saata teate, kui liikumine on tuvastatud ja salvestamine algab.<\/p>\n<p><strong>SUJUV TOIMIMINE JA JUHTIMINE<\/strong><\/p>\n<p>Selleks, et varjatud kaamerad t\u00f6\u00f6taksid \u00f6\u00f6p\u00e4evaringselt h\u00e4sti ja ei tekiks t\u00f5rkeid, on kasutusel spetsiaalsed tehnoloogiad, mis kaitsevad seadmeid \u00fclekuumenemise eest. Selle tulemusena ei teki seadmetes kuumust, mis tagab peitkaamera t\u00f5rgeteta t\u00f6\u00f6 24 tundi \u00f6\u00f6p\u00e4evas. Need kaamerad ei t\u00f6\u00f6ta lihtsalt h\u00e4sti. Neid on ka v\u00e4ga lihtne hooldada ja kasutada. Salvestusi saab vaadata arvutist v\u00f5i mobiiltelefonist - selleks tuleb vaid traadita internetiv\u00f5rku \u00fchendada ja m\u00f5ne hetkega on otse\u00fclekanne ekraanil (piltide vaatamiseks on vaja rakendusi, mida saab tasuta alla laadida populaarsetest Google Play ja Appstore'i poodidest).<\/p>\n<p><strong>PILTIDE SALVESTAMINE ARVUTIS<\/strong><\/p>\n<p>Saate salvestada peidetud kaamera poolt j\u00e4\u00e4dvustatud materjali arvutisse (arvuti m\u00e4lu abil) v\u00f5i m\u00e4lukaardile (kaamera toetab MicroSD-m\u00e4lukaarte, kuid need ei kuulu komplekti). Salvestatud ja salvestatud pilte saab vaadata mitu kasutajat korraga (vaatamiseks saab \u00fchendada kuni 32 seadet).<\/p>\n<p><strong>MOBIILTELEFONI J\u00c4LGIMINE <\/strong><\/p>\n<p>Salakaamerat on v\u00e4ga lihtne ja mugav juhtida v\u00f5i vaadata salvestusi oma mobiiltelefonist. Pildij\u00e4relevalvet on lihtne aktiveerida ja seda saab kasutada, kus iganes te olete (v\u00f5imalus vaadata nelja salakaamera poolt korraga tehtud pilte). Kui kaamera on liikumistuvastuse re\u017eiimis, saab liikumise tuvastamisel saata mobiiltelefonile teateid.<\/p>","protected":false},"excerpt":{"rendered":"<p>Varjatud WiFi valvekaamera FULL HD resolutsiooniga. Kaameral on v\u00e4line aku, mis kestab salvestusre\u017eiimis kuni 4 tundi. Seda minikaamerat saab h\u00f5lpsasti m\u00f6\u00f6blisse peita.<\/p>","protected":false},"featured_media":1390,"template":"","meta":[],"product_brand":[],"product_cat":[353,330,321,331],"product_tag":[324,325,326,36,327,328,329,32],"class_list":{"0":"post-1206","1":"product","2":"type-product","3":"status-publish","4":"has-post-thumbnail","6":"product_cat-austinas-eksameniem","7":"product_cat-masketas-kameras","8":"product_cat-sleptas-kameras","9":"product_cat-wi-fi-slepenas-kameras","10":"product_tag-izlukosanas-kamera","11":"product_tag-izsekosanas-kamera","12":"product_tag-maskesanas-kamera","13":"product_tag-mini-kamera","14":"product_tag-noverosanas-kamera","15":"product_tag-slepena-kamera","16":"product_tag-slepta-noverosanas-kamera","17":"product_tag-wifi-kamera","19":"first","20":"instock","21":"sale","22":"taxable","23":"shipping-taxable","24":"purchasable","25":"product-type-simple"},"yoast_head":"<!-- This site is optimized with the Yoast SEO plugin v27.3 - https:\/\/yoast.com\/product\/yoast-seo-wordpress\/ -->\n<title>Full HD Wifi mini videokamera ar akumulatoru<\/title>\n<meta name=\"description\" content=\"Slepena wifi nov\u0113ro\u0161anas kamera ar full hd iz\u0161\u0137irtsp\u0113ju Kamerai ir \u0101r\u0113jais akumulators kas ieraksta re\u017e\u012bm\u0101 darbojas l\u012bdz 4 stund\u0101m \u0160o mini kameru var viegli\" \/>\n<meta name=\"robots\" content=\"index, follow, max-snippet:-1, max-image-preview:large, max-video-preview:-1\" \/>\n<link rel=\"canonical\" href=\"https:\/\/izsekosanasierices.lv\/et\/produkts\/tais-hd-wifi-mini-videokaamera-koos-akuga\/\" \/>\n<meta property=\"og:locale\" content=\"et_EE\" \/>\n<meta property=\"og:type\" content=\"article\" \/>\n<meta property=\"og:title\" content=\"WiFi sl\u0113pta nov\u0113ro\u0161anas kamera FULL HD, viegli sl\u0113pta ar akumulatoru\" \/>\n<meta property=\"og:description\" content=\"WiFi slepena nov\u0113ro\u0161anas kamera FULL HD iz\u0161\u0137irtsp\u0113j\u0101, ko ir viegli nosl\u0113pt. Kamerai ir \u0101r\u0113jais akumulators, kas darbojas l\u012bdz 4 stund\u0101m. ierakstiem. Mini kameru var viegli pasl\u0113pt m\u0113bel\u0113s\" \/>\n<meta property=\"og:url\" content=\"https:\/\/izsekosanasierices.lv\/et\/produkts\/tais-hd-wifi-mini-videokaamera-koos-akuga\/\" \/>\n<meta property=\"og:site_name\" content=\"Nr1 Izseko\u0161anas ier\u012bces gps izseko\u0161anas iek\u0101rtas, klaus\u012b\u0161an\u0101s iek\u0101rtas\" \/>\n<meta property=\"article:modified_time\" content=\"2026-03-14T04:13:48+00:00\" \/>\n<meta property=\"og:image\" content=\"https:\/\/rvnski.dev\/sekimoiranga\/wp-content\/uploads\/izsekosanasierices.webp\" \/>\n<meta name=\"twitter:card\" content=\"summary_large_image\" \/>\n<meta name=\"twitter:title\" content=\"WiFi sl\u0113pta nov\u0113ro\u0161anas kamera FULL HD, viegli sl\u0113pta ar akumulatoru\" \/>\n<meta name=\"twitter:description\" content=\"WiFi slepena nov\u0113ro\u0161anas kamera FULL HD iz\u0161\u0137irtsp\u0113j\u0101, ko ir viegli nosl\u0113pt. Kamerai ir \u0101r\u0113jais akumulators, kas darbojas l\u012bdz 4 stund\u0101m. ierakstiem. Mini kameru var viegli pasl\u0113pt m\u0113bel\u0113s\" \/>\n<meta name=\"twitter:label1\" content=\"Est. reading time\" \/>\n\t<meta name=\"twitter:data1\" content=\"5 minutit\" \/>\n<script type=\"application\/ld+json\" class=\"yoast-schema-graph\">{\"@context\":\"https:\\\/\\\/schema.org\",\"@graph\":[{\"@type\":\"WebPage\",\"@id\":\"https:\\\/\\\/izsekosanasierices.lv\\\/produkts\\\/full-hd-wifi-mini-videokamera-ar-akumulatoru\\\/\",\"url\":\"https:\\\/\\\/izsekosanasierices.lv\\\/produkts\\\/full-hd-wifi-mini-videokamera-ar-akumulatoru\\\/\",\"name\":\"Full HD Wifi mini videokamera ar akumulatoru\",\"isPartOf\":{\"@id\":\"https:\\\/\\\/izsekosanasierices.lv\\\/#website\"},\"primaryImageOfPage\":{\"@id\":\"https:\\\/\\\/izsekosanasierices.lv\\\/produkts\\\/full-hd-wifi-mini-videokamera-ar-akumulatoru\\\/#primaryimage\"},\"image\":{\"@id\":\"https:\\\/\\\/izsekosanasierices.lv\\\/produkts\\\/full-hd-wifi-mini-videokamera-ar-akumulatoru\\\/#primaryimage\"},\"thumbnailUrl\":\"https:\\\/\\\/izsekosanasierices.lv\\\/wp-content\\\/uploads\\\/izsekosanasierices-full-hd-wifi-slapta-kamera-su-akumuliatoriumi.jpg\",\"datePublished\":\"2023-10-05T15:37:11+00:00\",\"dateModified\":\"2026-03-14T04:13:48+00:00\",\"description\":\"Slepena wifi nov\u0113ro\u0161anas kamera ar full hd iz\u0161\u0137irtsp\u0113ju Kamerai ir \u0101r\u0113jais akumulators kas ieraksta re\u017e\u012bm\u0101 darbojas l\u012bdz 4 stund\u0101m \u0160o mini kameru var viegli\",\"breadcrumb\":{\"@id\":\"https:\\\/\\\/izsekosanasierices.lv\\\/produkts\\\/full-hd-wifi-mini-videokamera-ar-akumulatoru\\\/#breadcrumb\"},\"inLanguage\":\"et\",\"potentialAction\":[{\"@type\":\"ReadAction\",\"target\":[\"https:\\\/\\\/izsekosanasierices.lv\\\/produkts\\\/full-hd-wifi-mini-videokamera-ar-akumulatoru\\\/\"]}]},{\"@type\":\"ImageObject\",\"inLanguage\":\"et\",\"@id\":\"https:\\\/\\\/izsekosanasierices.lv\\\/produkts\\\/full-hd-wifi-mini-videokamera-ar-akumulatoru\\\/#primaryimage\",\"url\":\"https:\\\/\\\/izsekosanasierices.lv\\\/wp-content\\\/uploads\\\/izsekosanasierices-full-hd-wifi-slapta-kamera-su-akumuliatoriumi.jpg\",\"contentUrl\":\"https:\\\/\\\/izsekosanasierices.lv\\\/wp-content\\\/uploads\\\/izsekosanasierices-full-hd-wifi-slapta-kamera-su-akumuliatoriumi.jpg\",\"width\":854,\"height\":473,\"caption\":\"sekimo kamera\"},{\"@type\":\"BreadcrumbList\",\"@id\":\"https:\\\/\\\/izsekosanasierices.lv\\\/produkts\\\/full-hd-wifi-mini-videokamera-ar-akumulatoru\\\/#breadcrumb\",\"itemListElement\":[{\"@type\":\"ListItem\",\"position\":1,\"name\":\"S\u0101kums\",\"item\":\"https:\\\/\\\/izsekosanasierices.lv\\\/\"},{\"@type\":\"ListItem\",\"position\":2,\"name\":\"Veikals\",\"item\":\"https:\\\/\\\/izsekosanasierices.lv\\\/veikals\\\/\"},{\"@type\":\"ListItem\",\"position\":3,\"name\":\"Full HD Wifi mini videokamera ar akumulatoru\"}]},{\"@type\":\"WebSite\",\"@id\":\"https:\\\/\\\/izsekosanasierices.lv\\\/#website\",\"url\":\"https:\\\/\\\/izsekosanasierices.lv\\\/\",\"name\":\"Nr1 Izseko\u0161anas ier\u012bces gps izseko\u0161anas iek\u0101rtas, klaus\u012b\u0161an\u0101s iek\u0101rtas\",\"description\":\"\",\"potentialAction\":[{\"@type\":\"SearchAction\",\"target\":{\"@type\":\"EntryPoint\",\"urlTemplate\":\"https:\\\/\\\/izsekosanasierices.lv\\\/?s={search_term_string}\"},\"query-input\":{\"@type\":\"PropertyValueSpecification\",\"valueRequired\":true,\"valueName\":\"search_term_string\"}}],\"inLanguage\":\"et\"}]}<\/script>\n<!-- \/ Yoast SEO plugin. -->","yoast_head_json":{"title":"Full HD Wifi mini videokamera ar akumulatoru","description":"Slepena wifi nov\u0113ro\u0161anas kamera ar full hd iz\u0161\u0137irtsp\u0113ju Kamerai ir \u0101r\u0113jais akumulators kas ieraksta re\u017e\u012bm\u0101 darbojas l\u012bdz 4 stund\u0101m \u0160o mini kameru var viegli","robots":{"index":"index","follow":"follow","max-snippet":"max-snippet:-1","max-image-preview":"max-image-preview:large","max-video-preview":"max-video-preview:-1"},"canonical":"https:\/\/izsekosanasierices.lv\/et\/produkts\/tais-hd-wifi-mini-videokaamera-koos-akuga\/","og_locale":"et_EE","og_type":"article","og_title":"WiFi sl\u0113pta nov\u0113ro\u0161anas kamera FULL HD, viegli sl\u0113pta ar akumulatoru","og_description":"WiFi slepena nov\u0113ro\u0161anas kamera FULL HD iz\u0161\u0137irtsp\u0113j\u0101, ko ir viegli nosl\u0113pt. Kamerai ir \u0101r\u0113jais akumulators, kas darbojas l\u012bdz 4 stund\u0101m. ierakstiem. Mini kameru var viegli pasl\u0113pt m\u0113bel\u0113s","og_url":"https:\/\/izsekosanasierices.lv\/et\/produkts\/tais-hd-wifi-mini-videokaamera-koos-akuga\/","og_site_name":"Nr1 Izseko\u0161anas ier\u012bces gps izseko\u0161anas iek\u0101rtas, klaus\u012b\u0161an\u0101s iek\u0101rtas","article_modified_time":"2026-03-14T04:13:48+00:00","og_image":[{"url":"https:\/\/rvnski.dev\/sekimoiranga\/wp-content\/uploads\/izsekosanasierices.webp","type":"","width":"","height":""}],"twitter_card":"summary_large_image","twitter_title":"WiFi sl\u0113pta nov\u0113ro\u0161anas kamera FULL HD, viegli sl\u0113pta ar akumulatoru","twitter_description":"WiFi slepena nov\u0113ro\u0161anas kamera FULL HD iz\u0161\u0137irtsp\u0113j\u0101, ko ir viegli nosl\u0113pt. Kamerai ir \u0101r\u0113jais akumulators, kas darbojas l\u012bdz 4 stund\u0101m. ierakstiem. Mini kameru var viegli pasl\u0113pt m\u0113bel\u0113s","twitter_misc":{"Est. reading time":"5 minutit"},"schema":{"@context":"https:\/\/schema.org","@graph":[{"@type":"WebPage","@id":"https:\/\/izsekosanasierices.lv\/produkts\/full-hd-wifi-mini-videokamera-ar-akumulatoru\/","url":"https:\/\/izsekosanasierices.lv\/produkts\/full-hd-wifi-mini-videokamera-ar-akumulatoru\/","name":"Full HD Wifi mini videokamera ar akumulatoru","isPartOf":{"@id":"https:\/\/izsekosanasierices.lv\/#website"},"primaryImageOfPage":{"@id":"https:\/\/izsekosanasierices.lv\/produkts\/full-hd-wifi-mini-videokamera-ar-akumulatoru\/#primaryimage"},"image":{"@id":"https:\/\/izsekosanasierices.lv\/produkts\/full-hd-wifi-mini-videokamera-ar-akumulatoru\/#primaryimage"},"thumbnailUrl":"https:\/\/izsekosanasierices.lv\/wp-content\/uploads\/izsekosanasierices-full-hd-wifi-slapta-kamera-su-akumuliatoriumi.jpg","datePublished":"2023-10-05T15:37:11+00:00","dateModified":"2026-03-14T04:13:48+00:00","description":"Slepena wifi nov\u0113ro\u0161anas kamera ar full hd iz\u0161\u0137irtsp\u0113ju Kamerai ir \u0101r\u0113jais akumulators kas ieraksta re\u017e\u012bm\u0101 darbojas l\u012bdz 4 stund\u0101m \u0160o mini kameru var viegli","breadcrumb":{"@id":"https:\/\/izsekosanasierices.lv\/produkts\/full-hd-wifi-mini-videokamera-ar-akumulatoru\/#breadcrumb"},"inLanguage":"et","potentialAction":[{"@type":"ReadAction","target":["https:\/\/izsekosanasierices.lv\/produkts\/full-hd-wifi-mini-videokamera-ar-akumulatoru\/"]}]},{"@type":"ImageObject","inLanguage":"et","@id":"https:\/\/izsekosanasierices.lv\/produkts\/full-hd-wifi-mini-videokamera-ar-akumulatoru\/#primaryimage","url":"https:\/\/izsekosanasierices.lv\/wp-content\/uploads\/izsekosanasierices-full-hd-wifi-slapta-kamera-su-akumuliatoriumi.jpg","contentUrl":"https:\/\/izsekosanasierices.lv\/wp-content\/uploads\/izsekosanasierices-full-hd-wifi-slapta-kamera-su-akumuliatoriumi.jpg","width":854,"height":473,"caption":"sekimo kamera"},{"@type":"BreadcrumbList","@id":"https:\/\/izsekosanasierices.lv\/produkts\/full-hd-wifi-mini-videokamera-ar-akumulatoru\/#breadcrumb","itemListElement":[{"@type":"ListItem","position":1,"name":"S\u0101kums","item":"https:\/\/izsekosanasierices.lv\/"},{"@type":"ListItem","position":2,"name":"Veikals","item":"https:\/\/izsekosanasierices.lv\/veikals\/"},{"@type":"ListItem","position":3,"name":"Full HD Wifi mini videokamera ar akumulatoru"}]},{"@type":"WebSite","@id":"https:\/\/izsekosanasierices.lv\/#website","url":"https:\/\/izsekosanasierices.lv\/","name":"Nr1 Izseko\u0161anas ier\u012bces gps izseko\u0161anas iek\u0101rtas, klaus\u012b\u0161an\u0101s iek\u0101rtas","description":"","potentialAction":[{"@type":"SearchAction","target":{"@type":"EntryPoint","urlTemplate":"https:\/\/izsekosanasierices.lv\/?s={search_term_string}"},"query-input":{"@type":"PropertyValueSpecification","valueRequired":true,"valueName":"search_term_string"}}],"inLanguage":"et"}]}},"_links":{"self":[{"href":"https:\/\/izsekosanasierices.lv\/et\/wp-json\/wp\/v2\/product\/1206","targetHints":{"allow":["GET"]}}],"collection":[{"href":"https:\/\/izsekosanasierices.lv\/et\/wp-json\/wp\/v2\/product"}],"about":[{"href":"https:\/\/izsekosanasierices.lv\/et\/wp-json\/wp\/v2\/types\/product"}],"wp:featuredmedia":[{"embeddable":true,"href":"https:\/\/izsekosanasierices.lv\/et\/wp-json\/wp\/v2\/media\/1390"}],"wp:attachment":[{"href":"https:\/\/izsekosanasierices.lv\/et\/wp-json\/wp\/v2\/media?parent=1206"}],"wp:term":[{"taxonomy":"product_brand","embeddable":true,"href":"https:\/\/izsekosanasierices.lv\/et\/wp-json\/wp\/v2\/product_brand?post=1206"},{"taxonomy":"product_cat","embeddable":true,"href":"https:\/\/izsekosanasierices.lv\/et\/wp-json\/wp\/v2\/product_cat?post=1206"},{"taxonomy":"product_tag","embeddable":true,"href":"https:\/\/izsekosanasierices.lv\/et\/wp-json\/wp\/v2\/product_tag?post=1206"}],"curies":[{"name":"wp","href":"https:\/\/api.w.org\/{rel}","templated":true}]}}