{"id":1207,"date":"2023-10-05T15:37:11","date_gmt":"2023-10-05T15:37:11","guid":{"rendered":"https:\/\/izsekosanasierices.lv\/produktas\/mini-wifi-full-hd-sekimo-kameros-su-naktiniu-matymu\/"},"modified":"2026-01-21T18:42:48","modified_gmt":"2026-01-21T16:42:48","slug":"mini-wifi-full-hd-noverosanas-kameras-ar-nakts-redzamibas-funkciju","status":"publish","type":"product","link":"https:\/\/izsekosanasierices.lv\/et\/produkts\/mini-wifi-full-hd-oovaatluskaamerad\/","title":{"rendered":"Mini Wifi Full HD valvekaamerad \u00f6ise n\u00e4gemisega"},"content":{"rendered":"<h3><strong>Tehnilised parameetrid:<\/strong><\/h3>\n<ul>\n<li>Kaugvaatamine: jah<\/li>\n<li>Video salvestamine koos heliga<\/li>\n<li>Videokvaliteedi seaded: taasesitus - FULL HD 1080P, HD ja QVGA; salvestamine - HD 720P ja QVGA<\/li>\n<li>Vaatamisv\u00f5imalused: telefon, arvuti, tahvelarvuti<\/li>\n<li>M\u00e4nguaeg: umbes 3,5 tundi<\/li>\n<li>\u00d6ine salvestamine: jah (4 infrapuna LED-i)<\/li>\n<li>Ts\u00fckli salvestamine: YRA<\/li>\n<li>Liikumisandur: jah (digitaalne)<\/li>\n<li>Salvestusnurk: 120\u00b0<\/li>\n<li>M\u00e4lukaardi tugi: 8 - 32 GB (kaart ei kuulu komplekti)<\/li>\n<li>Pakkimisformaat: MP4 H.264<\/li>\n<li>Operatsioonis\u00fcsteemid: iOS ja Android<\/li>\n<li>TT CAM<\/li>\n<li>Toide: aku \/ pistikupesa<\/li>\n<li>Wi-Fi \u00fchenduvuse andmed: IEEE802.11 b\/g\/n<\/li>\n<li>Aku: 2500 mAh<\/li>\n<li>220v adapter (alaliseks \u00fchendamiseks vooluv\u00f5rku)<\/li>\n<li>M\u00f5\u00f5tmed: 3 cm x 3 cm x 3,4 cm<\/li>\n<li>Salvestamise juhtimise v\u00f5imalused: telefoni v\u00f5i tahvelarvuti kaudu<\/li>\n<li>Garantii 12 kuud<\/li>\n<\/ul>\n<p><strong>\u00a0<\/strong><\/p>\n<p><span style=\"color: #ff0000;\"><strong>Kiireks sama p\u00e4eva kohaletoimetamiseks (ka n\u00e4dalavahetustel) helistage palun. <\/strong><strong>+37120484176<\/strong><\/span><\/p>\n<p>&nbsp;<\/p>\n<p>Kasutamine: teie ohutuse tagamiseks, laste ohutuse tagamiseks.<\/p>\n<p>Funktsionaalne ja t\u00f5hus valvekaamera, mis sobib ideaalselt mitmesugustes keskkondades (era-, \u00e4ri- jne.) toimuvaks j\u00e4relevalveks. Kaamera salvestab kvaliteetseid pilte nii p\u00e4evavalguses kui ka pimedas (t\u00e4nu neljale sisseehitatud infrapuna valgusdioodile). Kuna kaamera on varustatud suure mahutavusega akuga (2500 mAh), on valvekaamera t\u00f6\u00f6aeg suhteliselt pikk - umbes 3,5 tundi ainult sisemist akut kasutades. Vajaduse korral saab j\u00e4lgimiskaamerat \u00fchendada ka otse elektripistikupessa, sellisel juhul on aku t\u00f6\u00f6aeg piiramatu. Kaamera poolt vaadatud v\u00f5i j\u00e4\u00e4dvustatud materjali saab vaadata eemalt l\u00e4bi <strong>WiFi<\/strong>. Pilte edastatakse otse\u00fclekandena ja neid saab vaadata arvutist, mobiiltelefonist v\u00f5i muust sarnasest seadmest. Avastage vajalikke ruume viisil, mida te pole kunagi varem kogenud.<\/p>\n<p><strong>V\u00d5IMALUSED OTSE\u00dcLEKANDE VAATAMISEKS<\/strong><\/p>\n<p>Vaadake selle j\u00e4lgimiskaamera poolt j\u00e4\u00e4dvustatud kvaliteetseid pilte (1080P FULL HD) k\u00f5ikjal maailmas. Vaadake otse\u00fclekannet mugavalt oma telefonist v\u00f5i tahvelarvutist, kus iganes on olemas LTE, 3G v\u00f5i WiFi \u00fchendus. K\u00f5ik j\u00e4lgimiskaamera poolt j\u00e4\u00e4dvustatud pildid ja salvestused saab salvestada arvutisse v\u00f5i muusse seadmesse. Neid saab salvestada ka m\u00e4lukaardile (vajalik on micro SD). 1 tunni jagu materjali v\u00f5tab umbes 400 MB m\u00e4lu.<\/p>\n<p><strong>T\u00d6\u00d6AEG<\/strong><\/p>\n<p>J\u00e4lgimiskaamera v\u00f5ib t\u00f6\u00f6tada kuni 3,5 tundi ainult akut (2500 mAh) kasutades, kuid seda saab pikendada, kui valida v\u00e4lise aku kasutamine v\u00f5i \u00fchendada kaamera toitepistikupessa.<\/p>\n<p><strong>PILDI KVALITEET<\/strong><\/p>\n<p>Saate vaadata videoid valikuliselt FULL HD-, HD- v\u00f5i QVGA-vormingus. Salvestamine on k\u00f5rge kvaliteediga. Seadistust saab muuta QVGA-le.<\/p>\n<p><strong>SALVESTAMISE V\u00d5IMALUSED<\/strong><\/p>\n<p>See j\u00e4lgimiskaamera saab pidevalt salvestada, pildistada v\u00f5i alustada salvestamist ainult siis, kui ta tuvastab ruumis liikumise. See j\u00e4lgimiskaamera sobib ideaalselt kasutamiseks kodudes, kontorites v\u00f5i isegi ladudes. Parimad salvestustulemused saavutatakse viie meetri kaugusel, kuid kaamera v\u00f5ib salvestada ka 10-15 meetri kaugusel. Selle seadmega saate h\u00f5lpsasti j\u00e4lgida s\u00fcndmusi 20-30 m2 suuruses ruumis.<\/p>\n<p><strong>\u00d6INE MOODUS<\/strong><\/p>\n<p>Neli j\u00e4lgimiskaamera korpusesse sisseehitatud infrapuna valgusdioodi tagavad k\u00f5rge salvestuskvaliteedi ka pimedas. See kaamera funktsioon hoiab \u00e4ra arusaamatused ja segadused, mis v\u00f5ivad tekkida videosalvestuste puhul.<\/p>\n<p><strong>M\u00d5JUTAVAD KASUTAMINE<\/strong><\/p>\n<p>J\u00e4lgige h\u00f5lpsasti ja mugavalt, mis toimub j\u00e4lgitavas ruumis, kus iganes te ka ei viibiks. Installeerige rakendus nutitelefoni v\u00f5i arvutisse (tasuta allalaadimine AppStore'ist v\u00f5i Google Play'st (kasutage seadme karbil olevat QR-koodi)), \u00fchendage see internetti ja j\u00e4lgige sekunditega otse\u00fclekannet.<\/p>\n<p><strong>\u00dcHENDAMINE TELEFONI TEEL<\/strong><\/p>\n<p>J\u00e4lgimiskaamerat saab h\u00f5lpsasti kasutada ka mobiiltelefoni kaudu - seadistamine on kiire ja lihtne. Saate mitte ainult vaadata pilte oma telefoni ekraanil, vaid ka seadistusi reguleerida: liikumistuvastuse re\u017eiim, valgusdioodid jne. M\u00e4lukaardile (ei kuulu komplekti) salvestatud faile saab mobiiltelefoni alla laadida.<\/p>\n<p><strong>LIIKUMISE TUVASTAMISE RE\u017dIIM<\/strong><\/p>\n<p>Niipea kui j\u00e4lgimiskaamera tuvastab liikumise j\u00e4lgitavas piirkonnas, k\u00e4ivitub videosalvestus (kui see on lubatud). See funktsioon v\u00e4ldib tarbetut salvestamist, kui ruumis ei toimu midagi.<\/p>\n<p>Salvestamise juhtimise v\u00f5imalused: telefoni v\u00f5i tahvelarvuti kaudu<\/p>\n<p>&nbsp;<\/p>","protected":false},"excerpt":{"rendered":"<p>Kvaliteetne minikaamera koos <strong>WiFi ja <\/strong>\u00f6ine n\u00e4gemine. Kaamera salvestab Full HD resolutsiooniga. Vaadake otse\u00fclekannet oma telefonist v\u00f5i arvutist.<\/p>","protected":false},"featured_media":1394,"template":"","meta":[],"product_brand":[],"product_cat":[330,321,331],"product_tag":[324,325,432,326,433,327,328,32],"class_list":{"0":"post-1207","1":"product","2":"type-product","3":"status-publish","4":"has-post-thumbnail","6":"product_cat-masketas-kameras","7":"product_cat-sleptas-kameras","8":"product_cat-wi-fi-slepenas-kameras","9":"product_tag-izlukosanas-kamera","10":"product_tag-izsekosanas-kamera","11":"product_tag-kamera-ar-nakts-redzamibas-funkciju","12":"product_tag-maskesanas-kamera","13":"product_tag-nakts-redzamibas-kamera","14":"product_tag-noverosanas-kamera","15":"product_tag-slepena-kamera","16":"product_tag-wifi-kamera","18":"first","19":"instock","20":"sale","21":"taxable","22":"shipping-taxable","23":"purchasable","24":"product-type-simple"},"yoast_head":"<!-- This site is optimized with the Yoast SEO plugin v27.5 - https:\/\/yoast.com\/product\/yoast-seo-wordpress\/ -->\n<title>Mini Wifi HD nov\u0113ro\u0161anas kameras ar nakts redzam\u012bbas funkciju<\/title>\n<meta name=\"description\" content=\"Augstas kvalit\u0101tes mini izm\u0113ra kamera ar WiFi un nakts redzam\u012bbas funkciju. Kamera ieraksta ar HD iz\u0161\u0137irtsp\u0113ju. Skatieties tie\u0161raidi sav\u0101 t\u0101lrun\u012b vai dator\u0101\" \/>\n<meta name=\"robots\" content=\"index, follow, max-snippet:-1, max-image-preview:large, max-video-preview:-1\" \/>\n<link rel=\"canonical\" href=\"https:\/\/izsekosanasierices.lv\/et\/produkts\/mini-wifi-full-hd-oovaatluskaamerad\/\" \/>\n<meta property=\"og:locale\" content=\"et_EE\" \/>\n<meta property=\"og:type\" content=\"article\" \/>\n<meta property=\"og:title\" content=\"Mini Wifi Full HD nov\u0113ro\u0161anas kameras ar nakts redzam\u012bbas funkciju\" \/>\n<meta property=\"og:description\" content=\"Augstas kvalit\u0101tes MIni Wifi kamera ar nakts redzam\u012bbas funkciju. Kamera ieraksta Full HD iz\u0161\u0137irtsp\u0113j\u0101. Skatieties tie\u0161raidi sav\u0101 t\u0101lrun\u012b vai dator\u0101.\" \/>\n<meta property=\"og:url\" content=\"https:\/\/izsekosanasierices.lv\/et\/produkts\/mini-wifi-full-hd-oovaatluskaamerad\/\" \/>\n<meta property=\"og:site_name\" content=\"Nr1 Izseko\u0161anas ier\u012bces gps izseko\u0161anas iek\u0101rtas, klaus\u012b\u0161an\u0101s iek\u0101rtas\" \/>\n<meta property=\"article:modified_time\" content=\"2026-01-21T16:42:48+00:00\" \/>\n<meta property=\"og:image\" content=\"https:\/\/rvnski.dev\/sekimoiranga\/wp-content\/uploads\/izsekosanasierices.webp\" \/>\n<meta name=\"twitter:card\" content=\"summary_large_image\" \/>\n<meta name=\"twitter:title\" content=\"Mini Wifi Full HD nov\u0113ro\u0161anas kameras ar nakts redzam\u012bbas funkciju\" \/>\n<meta name=\"twitter:description\" content=\"Augstas kvalit\u0101tes MIni Wifi kamera ar nakts redzam\u012bbas funkciju. Kamera ieraksta Full HD iz\u0161\u0137irtsp\u0113j\u0101. Skatieties tie\u0161raidi sav\u0101 t\u0101lrun\u012b vai dator\u0101.\" \/>\n<meta name=\"twitter:label1\" content=\"Est. reading time\" \/>\n\t<meta name=\"twitter:data1\" content=\"4 minutit\" \/>\n<script type=\"application\/ld+json\" class=\"yoast-schema-graph\">{\"@context\":\"https:\\\/\\\/schema.org\",\"@graph\":[{\"@type\":\"WebPage\",\"@id\":\"https:\\\/\\\/izsekosanasierices.lv\\\/produkts\\\/mini-wifi-full-hd-noverosanas-kameras-ar-nakts-redzamibas-funkciju\\\/\",\"url\":\"https:\\\/\\\/izsekosanasierices.lv\\\/produkts\\\/mini-wifi-full-hd-noverosanas-kameras-ar-nakts-redzamibas-funkciju\\\/\",\"name\":\"Mini Wifi HD nov\u0113ro\u0161anas kameras ar nakts redzam\u012bbas funkciju\",\"isPartOf\":{\"@id\":\"https:\\\/\\\/izsekosanasierices.lv\\\/#website\"},\"primaryImageOfPage\":{\"@id\":\"https:\\\/\\\/izsekosanasierices.lv\\\/produkts\\\/mini-wifi-full-hd-noverosanas-kameras-ar-nakts-redzamibas-funkciju\\\/#primaryimage\"},\"image\":{\"@id\":\"https:\\\/\\\/izsekosanasierices.lv\\\/produkts\\\/mini-wifi-full-hd-noverosanas-kameras-ar-nakts-redzamibas-funkciju\\\/#primaryimage\"},\"thumbnailUrl\":\"https:\\\/\\\/izsekosanasierices.lv\\\/wp-content\\\/uploads\\\/izsekosanasierices-mini-wifi-full-hd-sekimo-kameros-su-naktiniu-matymu.jpg\",\"datePublished\":\"2023-10-05T15:37:11+00:00\",\"dateModified\":\"2026-01-21T16:42:48+00:00\",\"description\":\"Augstas kvalit\u0101tes mini izm\u0113ra kamera ar WiFi un nakts redzam\u012bbas funkciju. Kamera ieraksta ar HD iz\u0161\u0137irtsp\u0113ju. Skatieties tie\u0161raidi sav\u0101 t\u0101lrun\u012b vai dator\u0101\",\"breadcrumb\":{\"@id\":\"https:\\\/\\\/izsekosanasierices.lv\\\/produkts\\\/mini-wifi-full-hd-noverosanas-kameras-ar-nakts-redzamibas-funkciju\\\/#breadcrumb\"},\"inLanguage\":\"et\",\"potentialAction\":[{\"@type\":\"ReadAction\",\"target\":[\"https:\\\/\\\/izsekosanasierices.lv\\\/produkts\\\/mini-wifi-full-hd-noverosanas-kameras-ar-nakts-redzamibas-funkciju\\\/\"]}]},{\"@type\":\"ImageObject\",\"inLanguage\":\"et\",\"@id\":\"https:\\\/\\\/izsekosanasierices.lv\\\/produkts\\\/mini-wifi-full-hd-noverosanas-kameras-ar-nakts-redzamibas-funkciju\\\/#primaryimage\",\"url\":\"https:\\\/\\\/izsekosanasierices.lv\\\/wp-content\\\/uploads\\\/izsekosanasierices-mini-wifi-full-hd-sekimo-kameros-su-naktiniu-matymu.jpg\",\"contentUrl\":\"https:\\\/\\\/izsekosanasierices.lv\\\/wp-content\\\/uploads\\\/izsekosanasierices-mini-wifi-full-hd-sekimo-kameros-su-naktiniu-matymu.jpg\",\"width\":505,\"height\":505,\"caption\":\"Wifi slapta kamera\"},{\"@type\":\"BreadcrumbList\",\"@id\":\"https:\\\/\\\/izsekosanasierices.lv\\\/produkts\\\/mini-wifi-full-hd-noverosanas-kameras-ar-nakts-redzamibas-funkciju\\\/#breadcrumb\",\"itemListElement\":[{\"@type\":\"ListItem\",\"position\":1,\"name\":\"S\u0101kums\",\"item\":\"https:\\\/\\\/izsekosanasierices.lv\\\/\"},{\"@type\":\"ListItem\",\"position\":2,\"name\":\"Veikals\",\"item\":\"https:\\\/\\\/izsekosanasierices.lv\\\/veikals\\\/\"},{\"@type\":\"ListItem\",\"position\":3,\"name\":\"Mini Wifi Full HD nov\u0113ro\u0161anas kameras ar nakts redzam\u012bbas funkciju\"}]},{\"@type\":\"WebSite\",\"@id\":\"https:\\\/\\\/izsekosanasierices.lv\\\/#website\",\"url\":\"https:\\\/\\\/izsekosanasierices.lv\\\/\",\"name\":\"Nr1 Izseko\u0161anas ier\u012bces gps izseko\u0161anas iek\u0101rtas, klaus\u012b\u0161an\u0101s iek\u0101rtas\",\"description\":\"\",\"potentialAction\":[{\"@type\":\"SearchAction\",\"target\":{\"@type\":\"EntryPoint\",\"urlTemplate\":\"https:\\\/\\\/izsekosanasierices.lv\\\/?s={search_term_string}\"},\"query-input\":{\"@type\":\"PropertyValueSpecification\",\"valueRequired\":true,\"valueName\":\"search_term_string\"}}],\"inLanguage\":\"et\"}]}<\/script>\n<!-- \/ Yoast SEO plugin. -->","yoast_head_json":{"title":"Mini Wifi HD nov\u0113ro\u0161anas kameras ar nakts redzam\u012bbas funkciju","description":"Augstas kvalit\u0101tes mini izm\u0113ra kamera ar WiFi un nakts redzam\u012bbas funkciju. Kamera ieraksta ar HD iz\u0161\u0137irtsp\u0113ju. Skatieties tie\u0161raidi sav\u0101 t\u0101lrun\u012b vai dator\u0101","robots":{"index":"index","follow":"follow","max-snippet":"max-snippet:-1","max-image-preview":"max-image-preview:large","max-video-preview":"max-video-preview:-1"},"canonical":"https:\/\/izsekosanasierices.lv\/et\/produkts\/mini-wifi-full-hd-oovaatluskaamerad\/","og_locale":"et_EE","og_type":"article","og_title":"Mini Wifi Full HD nov\u0113ro\u0161anas kameras ar nakts redzam\u012bbas funkciju","og_description":"Augstas kvalit\u0101tes MIni Wifi kamera ar nakts redzam\u012bbas funkciju. Kamera ieraksta Full HD iz\u0161\u0137irtsp\u0113j\u0101. Skatieties tie\u0161raidi sav\u0101 t\u0101lrun\u012b vai dator\u0101.","og_url":"https:\/\/izsekosanasierices.lv\/et\/produkts\/mini-wifi-full-hd-oovaatluskaamerad\/","og_site_name":"Nr1 Izseko\u0161anas ier\u012bces gps izseko\u0161anas iek\u0101rtas, klaus\u012b\u0161an\u0101s iek\u0101rtas","article_modified_time":"2026-01-21T16:42:48+00:00","og_image":[{"url":"https:\/\/rvnski.dev\/sekimoiranga\/wp-content\/uploads\/izsekosanasierices.webp","type":"","width":"","height":""}],"twitter_card":"summary_large_image","twitter_title":"Mini Wifi Full HD nov\u0113ro\u0161anas kameras ar nakts redzam\u012bbas funkciju","twitter_description":"Augstas kvalit\u0101tes MIni Wifi kamera ar nakts redzam\u012bbas funkciju. Kamera ieraksta Full HD iz\u0161\u0137irtsp\u0113j\u0101. Skatieties tie\u0161raidi sav\u0101 t\u0101lrun\u012b vai dator\u0101.","twitter_misc":{"Est. reading time":"4 minutit"},"schema":{"@context":"https:\/\/schema.org","@graph":[{"@type":"WebPage","@id":"https:\/\/izsekosanasierices.lv\/produkts\/mini-wifi-full-hd-noverosanas-kameras-ar-nakts-redzamibas-funkciju\/","url":"https:\/\/izsekosanasierices.lv\/produkts\/mini-wifi-full-hd-noverosanas-kameras-ar-nakts-redzamibas-funkciju\/","name":"Mini Wifi HD nov\u0113ro\u0161anas kameras ar nakts redzam\u012bbas funkciju","isPartOf":{"@id":"https:\/\/izsekosanasierices.lv\/#website"},"primaryImageOfPage":{"@id":"https:\/\/izsekosanasierices.lv\/produkts\/mini-wifi-full-hd-noverosanas-kameras-ar-nakts-redzamibas-funkciju\/#primaryimage"},"image":{"@id":"https:\/\/izsekosanasierices.lv\/produkts\/mini-wifi-full-hd-noverosanas-kameras-ar-nakts-redzamibas-funkciju\/#primaryimage"},"thumbnailUrl":"https:\/\/izsekosanasierices.lv\/wp-content\/uploads\/izsekosanasierices-mini-wifi-full-hd-sekimo-kameros-su-naktiniu-matymu.jpg","datePublished":"2023-10-05T15:37:11+00:00","dateModified":"2026-01-21T16:42:48+00:00","description":"Augstas kvalit\u0101tes mini izm\u0113ra kamera ar WiFi un nakts redzam\u012bbas funkciju. Kamera ieraksta ar HD iz\u0161\u0137irtsp\u0113ju. Skatieties tie\u0161raidi sav\u0101 t\u0101lrun\u012b vai dator\u0101","breadcrumb":{"@id":"https:\/\/izsekosanasierices.lv\/produkts\/mini-wifi-full-hd-noverosanas-kameras-ar-nakts-redzamibas-funkciju\/#breadcrumb"},"inLanguage":"et","potentialAction":[{"@type":"ReadAction","target":["https:\/\/izsekosanasierices.lv\/produkts\/mini-wifi-full-hd-noverosanas-kameras-ar-nakts-redzamibas-funkciju\/"]}]},{"@type":"ImageObject","inLanguage":"et","@id":"https:\/\/izsekosanasierices.lv\/produkts\/mini-wifi-full-hd-noverosanas-kameras-ar-nakts-redzamibas-funkciju\/#primaryimage","url":"https:\/\/izsekosanasierices.lv\/wp-content\/uploads\/izsekosanasierices-mini-wifi-full-hd-sekimo-kameros-su-naktiniu-matymu.jpg","contentUrl":"https:\/\/izsekosanasierices.lv\/wp-content\/uploads\/izsekosanasierices-mini-wifi-full-hd-sekimo-kameros-su-naktiniu-matymu.jpg","width":505,"height":505,"caption":"Wifi slapta kamera"},{"@type":"BreadcrumbList","@id":"https:\/\/izsekosanasierices.lv\/produkts\/mini-wifi-full-hd-noverosanas-kameras-ar-nakts-redzamibas-funkciju\/#breadcrumb","itemListElement":[{"@type":"ListItem","position":1,"name":"S\u0101kums","item":"https:\/\/izsekosanasierices.lv\/"},{"@type":"ListItem","position":2,"name":"Veikals","item":"https:\/\/izsekosanasierices.lv\/veikals\/"},{"@type":"ListItem","position":3,"name":"Mini Wifi Full HD nov\u0113ro\u0161anas kameras ar nakts redzam\u012bbas funkciju"}]},{"@type":"WebSite","@id":"https:\/\/izsekosanasierices.lv\/#website","url":"https:\/\/izsekosanasierices.lv\/","name":"Nr1 Izseko\u0161anas ier\u012bces gps izseko\u0161anas iek\u0101rtas, klaus\u012b\u0161an\u0101s iek\u0101rtas","description":"","potentialAction":[{"@type":"SearchAction","target":{"@type":"EntryPoint","urlTemplate":"https:\/\/izsekosanasierices.lv\/?s={search_term_string}"},"query-input":{"@type":"PropertyValueSpecification","valueRequired":true,"valueName":"search_term_string"}}],"inLanguage":"et"}]}},"_links":{"self":[{"href":"https:\/\/izsekosanasierices.lv\/et\/wp-json\/wp\/v2\/product\/1207","targetHints":{"allow":["GET"]}}],"collection":[{"href":"https:\/\/izsekosanasierices.lv\/et\/wp-json\/wp\/v2\/product"}],"about":[{"href":"https:\/\/izsekosanasierices.lv\/et\/wp-json\/wp\/v2\/types\/product"}],"wp:featuredmedia":[{"embeddable":true,"href":"https:\/\/izsekosanasierices.lv\/et\/wp-json\/wp\/v2\/media\/1394"}],"wp:attachment":[{"href":"https:\/\/izsekosanasierices.lv\/et\/wp-json\/wp\/v2\/media?parent=1207"}],"wp:term":[{"taxonomy":"product_brand","embeddable":true,"href":"https:\/\/izsekosanasierices.lv\/et\/wp-json\/wp\/v2\/product_brand?post=1207"},{"taxonomy":"product_cat","embeddable":true,"href":"https:\/\/izsekosanasierices.lv\/et\/wp-json\/wp\/v2\/product_cat?post=1207"},{"taxonomy":"product_tag","embeddable":true,"href":"https:\/\/izsekosanasierices.lv\/et\/wp-json\/wp\/v2\/product_tag?post=1207"}],"curies":[{"name":"wp","href":"https:\/\/api.w.org\/{rel}","templated":true}]}}