{"id":1209,"date":"2023-10-05T15:37:11","date_gmt":"2023-10-05T15:37:11","guid":{"rendered":"https:\/\/izsekosanasierices.lv\/produktas\/slapta-kamera-full-hd-su-pulteliu-ir-judesio-aptikimu-patalpoje\/"},"modified":"2025-11-19T16:03:58","modified_gmt":"2025-11-19T14:03:58","slug":"full-hd-slepta-kamera-ar-talvadibas-pulti-un-kustibu-noteiksanas-sensoru","status":"publish","type":"product","link":"https:\/\/izsekosanasierices.lv\/et\/produkts\/full-hd-varjatud-kaamera-koos-kaugjuhtimispuldi-ja-liikumisanduriga\/","title":{"rendered":"Full HD peidetud kaamera koos kaugjuhtimispuldi ja liikumistuvastusega"},"content":{"rendered":"<h3><strong>Tehnilised parameetrid:<\/strong><\/h3>\n<ul>\n<li>M\u00e4lukaardi tugi: micro SD\/SDHC kuni 32 GB (ei kuulu komplekti)<\/li>\n<li>Video salvestamine koos heliga<\/li>\n<li>Video resolutsioon: Full HD 1920 x 1080 px<\/li>\n<li>Videoformaat: avi | 30 kaadrit sekundis<\/li>\n<li>Pildi resolutsioon: jpeg 4032 x 3024 px<\/li>\n<li>Kaugjuhtimispult kaasas<\/li>\n<li>Aku kestvus: umbes 8 tundi<\/li>\n<li>Aku mahutavus: 3800 mAh<\/li>\n<li>Kaamera vaatenurk: 90\u00b0<\/li>\n<li>Liikumistuvastus: jah<\/li>\n<li>\u00dchendus: 5-poolne mini USB<\/li>\n<li>Laadimispinge: 5 V DC<\/li>\n<li>M\u00f5\u00f5tmed: 90 mm x 50 mm x 7 mm<\/li>\n<li>Kaal: 80 g<\/li>\n<li>V\u00e4rv: must<\/li>\n<li>Komplektis mini 1080 px kaamera, aku, pult, USB-kaabel, kasutusjuhend.<\/li>\n<li><strong>Garantii 12 kuud<\/strong><\/li>\n<\/ul>\n<p><strong>\u00a0<\/strong><\/p>\n<p><span style=\"color: #ff0000;\"><strong>Kiireks sama p\u00e4eva kohaletoimetamiseks (ka n\u00e4dalavahetustel) helistage palun. <\/strong><strong>+37120484176<\/strong><\/span><\/p>\n<p>&nbsp;<\/p>\n<p>Kasutamine: teie ohutuse tagamiseks, laste ohutuse tagamiseks.<\/p>\n<p><strong>\u00a0<\/strong><\/p>\n<p><strong>MINI-suuruses Full HD peidetud kaamera liikumistuvastusega<\/strong><\/p>\n<p>See salajane kaamera pakub t\u00f5husat ja t\u00e4iesti turvalist video- ja helisalvestust. V\u00e4ike ja lihtne kasutada, kaamerat on lihtne varjata ja see t\u00f6\u00f6tab suurep\u00e4raselt teie jaoks olulistes ruumides: kodus, t\u00f6\u00f6l, ladudes jne. Kuigi kaamera on v\u00e4ike, suudab see sisemise aku (3800 mAh) abil salvestada pilte kuni 8 tundi (terve t\u00f6\u00f6p\u00e4ev). Seda saab \u00fchendada ka vooluv\u00f5rku (5 V) ja kasutada pidevalt. Varjatud kaamera on kohandatud individuaalseks kasutamiseks. Kaugjuhtimispult. Videosalvestus reageerib ruumis toimuvale liikumisele.<\/p>\n<p><strong>\u00a0<\/strong><\/p>\n<p><strong>T\u00d6\u00d6AEG<\/strong><\/p>\n<p>T\u00e4nu v\u00f5imsale 3800 mAh akule, <em>stealth<\/em> Kaamera suudab salvestada kuni kaheksa tundi videot. V\u00f5ite valida, kas seade saab voolu pistikupesast ilma t\u00f6\u00f6aega piiramata v\u00f5i pikendada t\u00f6\u00f6aega v\u00e4lise aku abil.<\/p>\n<p><strong>\u00a0<\/strong><\/p>\n<p><strong>SALVESTAMISE V\u00d5IMALUSED<\/strong><\/p>\n<p>Liikumistuvastus - kaamera alustab automaatselt salvestamist, kui keegi liigub ruumis (see salajase kaamera valik v\u00e4ldib salvestamist, kui midagi ei toimu, s\u00e4\u00e4stab akut ja seadme m\u00e4lu). Pildistatud pilt salvestatakse m\u00e4lukaardile; kui m\u00e4lukaart on t\u00e4is, salvestatakse eelmiste salvestuste asemel uued salvestused.<\/p>\n<p><strong>\u00a0<\/strong><\/p>\n<p><strong>HALDUS<\/strong><\/p>\n<p>Lihtne juhtimine on v\u00f5imalik ka eemalt (saadaval on kaugjuhtimispult). Valides soovitud funktsiooni ja j\u00e4ttes seadme sisse l\u00fclitatud, salvestab v\u00f5i pildistab salakaamera soovitud re\u017eiimis.<\/p>","protected":false},"excerpt":{"rendered":"<p>Full HD peidetud kaamera koos kaugjuhtimispuldi ja liikumisanduriga. Seda kaamerat on lihtne peita. Siseruumides kasutamiseks. Otsevideo j\u00e4lgimine on v\u00f5imalik veebis.<\/p>","protected":false},"featured_media":1407,"template":"","meta":[],"product_brand":[],"product_cat":[330,321],"product_tag":[324,325,326,327,328,32],"class_list":{"0":"post-1209","1":"product","2":"type-product","3":"status-publish","4":"has-post-thumbnail","6":"product_cat-masketas-kameras","7":"product_cat-sleptas-kameras","8":"product_tag-izlukosanas-kamera","9":"product_tag-izsekosanas-kamera","10":"product_tag-maskesanas-kamera","11":"product_tag-noverosanas-kamera","12":"product_tag-slepena-kamera","13":"product_tag-wifi-kamera","15":"first","16":"outofstock","17":"taxable","18":"shipping-taxable","19":"purchasable","20":"product-type-simple"},"yoast_head":"<!-- This site is optimized with the Yoast SEO plugin v27.5 - https:\/\/yoast.com\/product\/yoast-seo-wordpress\/ -->\n<title>Sl\u0113pt\u0101 kamera ar t\u0101lvad\u012bbas pulti un kust\u012bbu noteik\u0161anas sensoru<\/title>\n<meta name=\"description\" content=\"Full HD sl\u0113pt\u0101 kamera ar t\u0101lvad\u012bbas pulti un kust\u012bbu noteik\u0161anas sensoru \u0160o kameru ir viegli pasl\u0113pt. Lieto\u0161anai iek\u0161telp\u0101s Tie\u0161saist\u0113 iesp\u0113jama...\" \/>\n<meta name=\"robots\" content=\"index, follow, max-snippet:-1, max-image-preview:large, max-video-preview:-1\" \/>\n<link rel=\"canonical\" href=\"https:\/\/izsekosanasierices.lv\/et\/produkts\/full-hd-varjatud-kaamera-koos-kaugjuhtimispuldi-ja-liikumisanduriga\/\" \/>\n<meta property=\"og:locale\" content=\"et_EE\" \/>\n<meta property=\"og:type\" content=\"article\" \/>\n<meta property=\"og:title\" content=\"Full HD sl\u0113pta kamera ar t\u0101lvad\u012bbas pulti un kust\u012bbas noteik\u0161anu iek\u0161telp\u0101s\" \/>\n<meta property=\"og:description\" content=\"Full HD sl\u0113pt\u0101 kamera ar t\u0101lvad\u012bbas pulti un kust\u012bbas noteik\u0161anu iek\u0161telp\u0101s \u0160\u012b kamera \u013cauj viegli sl\u0113pties iek\u0161telp\u0101s. Videonov\u0113ro\u0161ana ir pieejama tie\u0161raid\u0113 internet\u0101\" \/>\n<meta property=\"og:url\" content=\"https:\/\/izsekosanasierices.lv\/et\/produkts\/full-hd-varjatud-kaamera-koos-kaugjuhtimispuldi-ja-liikumisanduriga\/\" \/>\n<meta property=\"og:site_name\" content=\"Nr1 Izseko\u0161anas ier\u012bces gps izseko\u0161anas iek\u0101rtas, klaus\u012b\u0161an\u0101s iek\u0101rtas\" \/>\n<meta property=\"article:modified_time\" content=\"2025-11-19T14:03:58+00:00\" \/>\n<meta property=\"og:image\" content=\"https:\/\/rvnski.dev\/sekimoiranga\/wp-content\/uploads\/izsekosanasierices.webp\" \/>\n<meta name=\"twitter:card\" content=\"summary_large_image\" \/>\n<meta name=\"twitter:title\" content=\"Full HD sl\u0113pta kamera ar t\u0101lvad\u012bbas pulti un kust\u012bbas noteik\u0161anu iek\u0161telp\u0101s\" \/>\n<meta name=\"twitter:description\" content=\"Full HD sl\u0113pt\u0101 kamera ar t\u0101lvad\u012bbas pulti un kust\u012bbas noteik\u0161anu iek\u0161telp\u0101s \u0160\u012b kamera \u013cauj viegli sl\u0113pties iek\u0161telp\u0101s. Videonov\u0113ro\u0161ana ir pieejama tie\u0161raid\u0113 internet\u0101\" \/>\n<meta name=\"twitter:label1\" content=\"Est. reading time\" \/>\n\t<meta name=\"twitter:data1\" content=\"2 minutit\" \/>\n<script type=\"application\/ld+json\" class=\"yoast-schema-graph\">{\"@context\":\"https:\\\/\\\/schema.org\",\"@graph\":[{\"@type\":\"WebPage\",\"@id\":\"https:\\\/\\\/izsekosanasierices.lv\\\/produkts\\\/full-hd-slepta-kamera-ar-talvadibas-pulti-un-kustibu-noteiksanas-sensoru\\\/\",\"url\":\"https:\\\/\\\/izsekosanasierices.lv\\\/produkts\\\/full-hd-slepta-kamera-ar-talvadibas-pulti-un-kustibu-noteiksanas-sensoru\\\/\",\"name\":\"Sl\u0113pt\u0101 kamera ar t\u0101lvad\u012bbas pulti un kust\u012bbu noteik\u0161anas sensoru\",\"isPartOf\":{\"@id\":\"https:\\\/\\\/izsekosanasierices.lv\\\/#website\"},\"primaryImageOfPage\":{\"@id\":\"https:\\\/\\\/izsekosanasierices.lv\\\/produkts\\\/full-hd-slepta-kamera-ar-talvadibas-pulti-un-kustibu-noteiksanas-sensoru\\\/#primaryimage\"},\"image\":{\"@id\":\"https:\\\/\\\/izsekosanasierices.lv\\\/produkts\\\/full-hd-slepta-kamera-ar-talvadibas-pulti-un-kustibu-noteiksanas-sensoru\\\/#primaryimage\"},\"thumbnailUrl\":\"https:\\\/\\\/izsekosanasierices.lv\\\/wp-content\\\/uploads\\\/izsekosanasierices-slapta-kamera-full-hd-su-pulteliu-ir-judesio-aptikimu-patalpoje.jpg\",\"datePublished\":\"2023-10-05T15:37:11+00:00\",\"dateModified\":\"2025-11-19T14:03:58+00:00\",\"description\":\"Full HD sl\u0113pt\u0101 kamera ar t\u0101lvad\u012bbas pulti un kust\u012bbu noteik\u0161anas sensoru \u0160o kameru ir viegli pasl\u0113pt. Lieto\u0161anai iek\u0161telp\u0101s Tie\u0161saist\u0113 iesp\u0113jama...\",\"breadcrumb\":{\"@id\":\"https:\\\/\\\/izsekosanasierices.lv\\\/produkts\\\/full-hd-slepta-kamera-ar-talvadibas-pulti-un-kustibu-noteiksanas-sensoru\\\/#breadcrumb\"},\"inLanguage\":\"et\",\"potentialAction\":[{\"@type\":\"ReadAction\",\"target\":[\"https:\\\/\\\/izsekosanasierices.lv\\\/produkts\\\/full-hd-slepta-kamera-ar-talvadibas-pulti-un-kustibu-noteiksanas-sensoru\\\/\"]}]},{\"@type\":\"ImageObject\",\"inLanguage\":\"et\",\"@id\":\"https:\\\/\\\/izsekosanasierices.lv\\\/produkts\\\/full-hd-slepta-kamera-ar-talvadibas-pulti-un-kustibu-noteiksanas-sensoru\\\/#primaryimage\",\"url\":\"https:\\\/\\\/izsekosanasierices.lv\\\/wp-content\\\/uploads\\\/izsekosanasierices-slapta-kamera-full-hd-su-pulteliu-ir-judesio-aptikimu-patalpoje.jpg\",\"contentUrl\":\"https:\\\/\\\/izsekosanasierices.lv\\\/wp-content\\\/uploads\\\/izsekosanasierices-slapta-kamera-full-hd-su-pulteliu-ir-judesio-aptikimu-patalpoje.jpg\",\"width\":671,\"height\":495,\"caption\":\"Slapta mini kamera\"},{\"@type\":\"BreadcrumbList\",\"@id\":\"https:\\\/\\\/izsekosanasierices.lv\\\/produkts\\\/full-hd-slepta-kamera-ar-talvadibas-pulti-un-kustibu-noteiksanas-sensoru\\\/#breadcrumb\",\"itemListElement\":[{\"@type\":\"ListItem\",\"position\":1,\"name\":\"S\u0101kums\",\"item\":\"https:\\\/\\\/izsekosanasierices.lv\\\/\"},{\"@type\":\"ListItem\",\"position\":2,\"name\":\"Veikals\",\"item\":\"https:\\\/\\\/izsekosanasierices.lv\\\/veikals\\\/\"},{\"@type\":\"ListItem\",\"position\":3,\"name\":\"Full HD sl\u0113pt\u0101 kamera ar t\u0101lvad\u012bbas pulti un kust\u012bbu noteik\u0161anas sensoru\"}]},{\"@type\":\"WebSite\",\"@id\":\"https:\\\/\\\/izsekosanasierices.lv\\\/#website\",\"url\":\"https:\\\/\\\/izsekosanasierices.lv\\\/\",\"name\":\"Nr1 Izseko\u0161anas ier\u012bces gps izseko\u0161anas iek\u0101rtas, klaus\u012b\u0161an\u0101s iek\u0101rtas\",\"description\":\"\",\"potentialAction\":[{\"@type\":\"SearchAction\",\"target\":{\"@type\":\"EntryPoint\",\"urlTemplate\":\"https:\\\/\\\/izsekosanasierices.lv\\\/?s={search_term_string}\"},\"query-input\":{\"@type\":\"PropertyValueSpecification\",\"valueRequired\":true,\"valueName\":\"search_term_string\"}}],\"inLanguage\":\"et\"}]}<\/script>\n<!-- \/ Yoast SEO plugin. -->","yoast_head_json":{"title":"Sl\u0113pt\u0101 kamera ar t\u0101lvad\u012bbas pulti un kust\u012bbu noteik\u0161anas sensoru","description":"Full HD sl\u0113pt\u0101 kamera ar t\u0101lvad\u012bbas pulti un kust\u012bbu noteik\u0161anas sensoru \u0160o kameru ir viegli pasl\u0113pt. Lieto\u0161anai iek\u0161telp\u0101s Tie\u0161saist\u0113 iesp\u0113jama...","robots":{"index":"index","follow":"follow","max-snippet":"max-snippet:-1","max-image-preview":"max-image-preview:large","max-video-preview":"max-video-preview:-1"},"canonical":"https:\/\/izsekosanasierices.lv\/et\/produkts\/full-hd-varjatud-kaamera-koos-kaugjuhtimispuldi-ja-liikumisanduriga\/","og_locale":"et_EE","og_type":"article","og_title":"Full HD sl\u0113pta kamera ar t\u0101lvad\u012bbas pulti un kust\u012bbas noteik\u0161anu iek\u0161telp\u0101s","og_description":"Full HD sl\u0113pt\u0101 kamera ar t\u0101lvad\u012bbas pulti un kust\u012bbas noteik\u0161anu iek\u0161telp\u0101s \u0160\u012b kamera \u013cauj viegli sl\u0113pties iek\u0161telp\u0101s. Videonov\u0113ro\u0161ana ir pieejama tie\u0161raid\u0113 internet\u0101","og_url":"https:\/\/izsekosanasierices.lv\/et\/produkts\/full-hd-varjatud-kaamera-koos-kaugjuhtimispuldi-ja-liikumisanduriga\/","og_site_name":"Nr1 Izseko\u0161anas ier\u012bces gps izseko\u0161anas iek\u0101rtas, klaus\u012b\u0161an\u0101s iek\u0101rtas","article_modified_time":"2025-11-19T14:03:58+00:00","og_image":[{"url":"https:\/\/rvnski.dev\/sekimoiranga\/wp-content\/uploads\/izsekosanasierices.webp","type":"","width":"","height":""}],"twitter_card":"summary_large_image","twitter_title":"Full HD sl\u0113pta kamera ar t\u0101lvad\u012bbas pulti un kust\u012bbas noteik\u0161anu iek\u0161telp\u0101s","twitter_description":"Full HD sl\u0113pt\u0101 kamera ar t\u0101lvad\u012bbas pulti un kust\u012bbas noteik\u0161anu iek\u0161telp\u0101s \u0160\u012b kamera \u013cauj viegli sl\u0113pties iek\u0161telp\u0101s. Videonov\u0113ro\u0161ana ir pieejama tie\u0161raid\u0113 internet\u0101","twitter_misc":{"Est. reading time":"2 minutit"},"schema":{"@context":"https:\/\/schema.org","@graph":[{"@type":"WebPage","@id":"https:\/\/izsekosanasierices.lv\/produkts\/full-hd-slepta-kamera-ar-talvadibas-pulti-un-kustibu-noteiksanas-sensoru\/","url":"https:\/\/izsekosanasierices.lv\/produkts\/full-hd-slepta-kamera-ar-talvadibas-pulti-un-kustibu-noteiksanas-sensoru\/","name":"Sl\u0113pt\u0101 kamera ar t\u0101lvad\u012bbas pulti un kust\u012bbu noteik\u0161anas sensoru","isPartOf":{"@id":"https:\/\/izsekosanasierices.lv\/#website"},"primaryImageOfPage":{"@id":"https:\/\/izsekosanasierices.lv\/produkts\/full-hd-slepta-kamera-ar-talvadibas-pulti-un-kustibu-noteiksanas-sensoru\/#primaryimage"},"image":{"@id":"https:\/\/izsekosanasierices.lv\/produkts\/full-hd-slepta-kamera-ar-talvadibas-pulti-un-kustibu-noteiksanas-sensoru\/#primaryimage"},"thumbnailUrl":"https:\/\/izsekosanasierices.lv\/wp-content\/uploads\/izsekosanasierices-slapta-kamera-full-hd-su-pulteliu-ir-judesio-aptikimu-patalpoje.jpg","datePublished":"2023-10-05T15:37:11+00:00","dateModified":"2025-11-19T14:03:58+00:00","description":"Full HD sl\u0113pt\u0101 kamera ar t\u0101lvad\u012bbas pulti un kust\u012bbu noteik\u0161anas sensoru \u0160o kameru ir viegli pasl\u0113pt. Lieto\u0161anai iek\u0161telp\u0101s Tie\u0161saist\u0113 iesp\u0113jama...","breadcrumb":{"@id":"https:\/\/izsekosanasierices.lv\/produkts\/full-hd-slepta-kamera-ar-talvadibas-pulti-un-kustibu-noteiksanas-sensoru\/#breadcrumb"},"inLanguage":"et","potentialAction":[{"@type":"ReadAction","target":["https:\/\/izsekosanasierices.lv\/produkts\/full-hd-slepta-kamera-ar-talvadibas-pulti-un-kustibu-noteiksanas-sensoru\/"]}]},{"@type":"ImageObject","inLanguage":"et","@id":"https:\/\/izsekosanasierices.lv\/produkts\/full-hd-slepta-kamera-ar-talvadibas-pulti-un-kustibu-noteiksanas-sensoru\/#primaryimage","url":"https:\/\/izsekosanasierices.lv\/wp-content\/uploads\/izsekosanasierices-slapta-kamera-full-hd-su-pulteliu-ir-judesio-aptikimu-patalpoje.jpg","contentUrl":"https:\/\/izsekosanasierices.lv\/wp-content\/uploads\/izsekosanasierices-slapta-kamera-full-hd-su-pulteliu-ir-judesio-aptikimu-patalpoje.jpg","width":671,"height":495,"caption":"Slapta mini kamera"},{"@type":"BreadcrumbList","@id":"https:\/\/izsekosanasierices.lv\/produkts\/full-hd-slepta-kamera-ar-talvadibas-pulti-un-kustibu-noteiksanas-sensoru\/#breadcrumb","itemListElement":[{"@type":"ListItem","position":1,"name":"S\u0101kums","item":"https:\/\/izsekosanasierices.lv\/"},{"@type":"ListItem","position":2,"name":"Veikals","item":"https:\/\/izsekosanasierices.lv\/veikals\/"},{"@type":"ListItem","position":3,"name":"Full HD sl\u0113pt\u0101 kamera ar t\u0101lvad\u012bbas pulti un kust\u012bbu noteik\u0161anas sensoru"}]},{"@type":"WebSite","@id":"https:\/\/izsekosanasierices.lv\/#website","url":"https:\/\/izsekosanasierices.lv\/","name":"Nr1 Izseko\u0161anas ier\u012bces gps izseko\u0161anas iek\u0101rtas, klaus\u012b\u0161an\u0101s iek\u0101rtas","description":"","potentialAction":[{"@type":"SearchAction","target":{"@type":"EntryPoint","urlTemplate":"https:\/\/izsekosanasierices.lv\/?s={search_term_string}"},"query-input":{"@type":"PropertyValueSpecification","valueRequired":true,"valueName":"search_term_string"}}],"inLanguage":"et"}]}},"_links":{"self":[{"href":"https:\/\/izsekosanasierices.lv\/et\/wp-json\/wp\/v2\/product\/1209","targetHints":{"allow":["GET"]}}],"collection":[{"href":"https:\/\/izsekosanasierices.lv\/et\/wp-json\/wp\/v2\/product"}],"about":[{"href":"https:\/\/izsekosanasierices.lv\/et\/wp-json\/wp\/v2\/types\/product"}],"wp:featuredmedia":[{"embeddable":true,"href":"https:\/\/izsekosanasierices.lv\/et\/wp-json\/wp\/v2\/media\/1407"}],"wp:attachment":[{"href":"https:\/\/izsekosanasierices.lv\/et\/wp-json\/wp\/v2\/media?parent=1209"}],"wp:term":[{"taxonomy":"product_brand","embeddable":true,"href":"https:\/\/izsekosanasierices.lv\/et\/wp-json\/wp\/v2\/product_brand?post=1209"},{"taxonomy":"product_cat","embeddable":true,"href":"https:\/\/izsekosanasierices.lv\/et\/wp-json\/wp\/v2\/product_cat?post=1209"},{"taxonomy":"product_tag","embeddable":true,"href":"https:\/\/izsekosanasierices.lv\/et\/wp-json\/wp\/v2\/product_tag?post=1209"}],"curies":[{"name":"wp","href":"https:\/\/api.w.org\/{rel}","templated":true}]}}