{"id":1211,"date":"2023-10-05T15:37:11","date_gmt":"2023-10-05T15:37:11","guid":{"rendered":"https:\/\/izsekosanasierices.lv\/produktas\/diktofonas-kamera-su-judesio-aptikimu-full-hd\/"},"modified":"2025-11-19T15:49:13","modified_gmt":"2025-11-19T13:49:13","slug":"kamera-diktofons-ar-kustibu-noteiksanas-funkciju-full-hd-kvalitate","status":"publish","type":"product","link":"https:\/\/izsekosanasierices.lv\/et\/produkts\/kaamera-salvestaja-liikumistuvastusega-full-hd-kvaliteediga\/","title":{"rendered":"Diktofoni kaamera liikumistuvastusega Full HD kvaliteediga"},"content":{"rendered":"<h3>Tehnilised parameetrid:<\/h3>\n<ul>\n<li>Toetatav m\u00e4lukaart: micro SD (kuni 32 GB \/ ei kuulu komplekti)<\/li>\n<li>Video salvestamine koos heliga<\/li>\n<li>Liikumistuvastuse v\u00f5imalus: jah<\/li>\n<li>Aku kestvus: kuni 70 minutit<\/li>\n<li>Video resolutsioon: Full-HD 1920 x 1080PX<\/li>\n<li>\u00d6\u00f6re\u017eiim: jah (LED)<\/li>\n<li>Videoformaat: avi, 30 kaadrit sekundis<\/li>\n<li>Sisseehitatud aku: 200 mAh (laetav)<\/li>\n<li>Video salvestamise aeg: umbes 90 minutit<\/li>\n<li>Helisalvestuse aeg: umbes 20 tundi<\/li>\n<li>Laadimine: USB-port v\u00f5i 5V laadija<\/li>\n<li>Vaatamisnurk: 75\u00b0<\/li>\n<li>Foto resolutsioon: HD 1280 x 720PX<\/li>\n<li>Kaal ja m\u00f5\u00f5tmed: 22 g; 60 mm x 20 mm x 14 mm<\/li>\n<li>V\u00e4rv: must<\/li>\n<li><strong>Garantii 12 kuud<\/strong><\/li>\n<\/ul>\n<p><strong>\u00a0<\/strong><\/p>\n<p><span style=\"color: #ff0000;\"><strong>Vajad kiiret sama p\u00e4eva (ja n\u00e4dalavahetuse) kohaletoimetamist? Helistage <\/strong><strong>+<\/strong><strong>37120484176<\/strong><\/span><\/p>\n<p>&nbsp;<\/p>\n<p>Kasutamine: teie ohutuse tagamiseks, laste ohutuse tagamiseks.<\/p>\n<p><strong>SALAKAAMERA - DIKTOFON<\/strong><\/p>\n<p>Mitmek\u00fclgne seade, mis v\u00f5ib toimida nii salakaamerana kui ka diktofonina. See on mugav ja lihtne kasutada, nii et selle kasutamine ei ole keeruline. Soovitud funktsioone saab h\u00f5lpsasti valida kahe funktsiooniklahvi abil - l\u00fclitage seade sisse ja valige filmi- v\u00f5i videore\u017eiim. T\u00e4nu oma nutikale disainile on seda salajase kaameraregistraatorit lihtne peita tavaliste siseruumides olevate esemete vahele, tagades video v\u00f5i heli salvestamisel t\u00e4ieliku salajasuse. Salvestamise ajal ei kostu ootamatuid heli- v\u00f5i valgussignaale - sisseehitatud ja turvaliselt peidetud LED-tuli on vaid m\u00e4rk sellest, et seade t\u00f6\u00f6tab korralikult.<\/p>\n<p><strong>SEADME EELISED<\/strong><\/p>\n<p>Video on salvestatud salaja ja k\u00f5rge kvaliteediga - 1080P FULL HD. Saate valida erinevate salvestusre\u017eiimide vahel: pidev salvestamine v\u00f5i re\u017eiim, kus videosalvestus algab siis, kui ruumis tuvastatakse liikumine. See t\u00f6\u00f6tab h\u00e4sti ka pimedas, t\u00e4nu infrapuna valgusdioodidele \u00f6\u00f6re\u017eiimis. Varjatud kaamera-recorder on kompaktse disainiga ja tagasihoidlik. Selle objektiiv on miniatuurne ja ei peegelda heli ega valgust. Seda on lihtne kasutada, ainult kaks nuppu funktsiooni valimiseks. Salvestused salvestatakse m\u00e4lukaardile (Micro SD, 8-32 GB).<\/p>\n<p><strong>KAAMERA ELUIGA<\/strong><\/p>\n<p><em>Stealth<\/em> Kaameral on 200 mAh sisemine aku ja see suudab salvestada kuni 90 minutit videomaterjali. Selle aja pikendamiseks saate kasutada muid toiteallikaid, \u00fchendades kaamera pistikupessa (kasutades 5 V elektrit) v\u00f5i \u00fchendades v\u00e4lise aku. \u00dche tunni video salvestamine Micro SD-m\u00e4lukaardile v\u00f5tab umbes kuus gigabaiti.<\/p>\n<p><strong>DIKTOFONI T\u00d6\u00d6AEG<\/strong><\/p>\n<p>Sisseehitatud aku (200 mAh) abil kestab diktofon umbes 20 tundi. Seda aega saab pikendada ka elektriga (5 V; pistikupesast) v\u00f5i v\u00e4lise aku abil.<\/p>\n<p><strong>REAGEERIMINE LIIKUMISELE<\/strong><\/p>\n<p>Saate seadistada re\u017eiimi, mille puhul seade l\u00fclitub sisse ja alustab video salvestamist ainult siis, kui ta tuvastab ruumis liikumise. See liikumisele reageerimise re\u017eiim on eriti kasulik siis, kui filmite pikema aja jooksul (v\u00e4ltides videosalvestust, kui ruumis ei toimu midagi). Oluline on m\u00e4rkida, et liikumisele reageerimise funktsiooni aktiveerimine ei pikenda peidetud kaamera t\u00f6\u00f6aega.<\/p>\n<p><strong>KVALITEETNE PILT<\/strong><\/p>\n<p>See peidetud kaamera j\u00e4\u00e4dvustab kvaliteetseid pilte FULL HD 1080P. Saate valida kas filmi- v\u00f5i fotov\u00f5imaluse. Kaamera on v\u00f5imeline kvaliteetselt filmima ka pimedas (kui infrapuna valgusdioodid on aktiveeritud). K\u00f5ige kvaliteetsem video salvestatakse kuni 5 meetri kauguselt, kuid seda saab kasutada ka kuni 10 meetri kauguselt (kuid mitte kaugemalt).<\/p>\n<p>&nbsp;<\/p>","protected":false},"excerpt":{"rendered":"<p>Diktofoni kaamera liikumistuvastusega. Full HD-kvaliteet. Kaamera filmib ka pimedas. Lihtne peita raamatute v\u00f5i esemete vahele. Ideaalne siseruumide j\u00e4lgimiseks.<\/p>","protected":false},"featured_media":1413,"template":"","meta":[],"product_brand":[],"product_cat":[342,330,335,321],"product_tag":[345,36,328,347,396,377],"class_list":{"0":"post-1211","1":"product","2":"type-product","3":"status-publish","4":"has-post-thumbnail","6":"product_cat-diktofoni","7":"product_cat-masketas-kameras","8":"product_cat-noklausisanas-ierices","9":"product_cat-sleptas-kameras","10":"product_tag-diktafons","11":"product_tag-mini-kamera","12":"product_tag-slepena-kamera","13":"product_tag-slepenais-ierakstitajs","14":"product_tag-sleptais-balss-ierakstitajs","15":"product_tag-spiegprogrammatura","17":"first","18":"outofstock","19":"taxable","20":"shipping-taxable","21":"purchasable","22":"product-type-simple"},"yoast_head":"<!-- This site is optimized with the Yoast SEO plugin v27.5 - https:\/\/yoast.com\/product\/yoast-seo-wordpress\/ -->\n<title>Kamera \u2013 diktofons ar kust\u012bbu noteik\u0161anas funkciju, Full HD<\/title>\n<meta name=\"description\" content=\"Kamera diktofons ar kust\u012bbu noteik\u0161anas funkciju. Full HD Kamera film\u0113 ar\u012b tums\u0101. Viegli pasl\u0113pt starp gr\u0101mat\u0101m vai da\u017e\u0101diem priek\u0161metiem. Ide\u0101li piem\u0113rota uzraudz\u012bbai iek\u0161telp\u0101s.\" \/>\n<meta name=\"robots\" content=\"index, follow, max-snippet:-1, max-image-preview:large, max-video-preview:-1\" \/>\n<link rel=\"canonical\" href=\"https:\/\/izsekosanasierices.lv\/et\/produkts\/kaamera-salvestaja-liikumistuvastusega-full-hd-kvaliteediga\/\" \/>\n<meta property=\"og:locale\" content=\"et_EE\" \/>\n<meta property=\"og:type\" content=\"article\" \/>\n<meta property=\"og:title\" content=\"Izseko\u0161anas kameras ierakst\u012b\u0161anas ier\u012bce ar kust\u012bbas noteik\u0161anu FullHD kvalit\u0101te\" \/>\n<meta property=\"og:description\" content=\"Full HD kameras ierakst\u012bt\u0101js ar kust\u012bbas noteik\u0161anas funkciju. Kamera film\u0113 tums\u0101. Viegli pasl\u0113ptas starp gr\u0101mat\u0101m vai da\u017e\u0101diem priek\u0161metiem. Ide\u0101li piem\u0113rots uzraudz\u012bbai iek\u0161telp\u0101s\" \/>\n<meta property=\"og:url\" content=\"https:\/\/izsekosanasierices.lv\/et\/produkts\/kaamera-salvestaja-liikumistuvastusega-full-hd-kvaliteediga\/\" \/>\n<meta property=\"og:site_name\" content=\"Nr1 Izseko\u0161anas ier\u012bces gps izseko\u0161anas iek\u0101rtas, klaus\u012b\u0161an\u0101s iek\u0101rtas\" \/>\n<meta property=\"article:modified_time\" content=\"2025-11-19T13:49:13+00:00\" \/>\n<meta property=\"og:image\" content=\"https:\/\/rvnski.dev\/sekimoiranga\/wp-content\/uploads\/izsekosanasierices.webp\" \/>\n<meta name=\"twitter:card\" content=\"summary_large_image\" \/>\n<meta name=\"twitter:title\" content=\"Izseko\u0161anas kameras ierakst\u012b\u0161anas ier\u012bce ar kust\u012bbas noteik\u0161anu FullHD kvalit\u0101te\" \/>\n<meta name=\"twitter:description\" content=\"Full HD kameras ierakst\u012bt\u0101js ar kust\u012bbas noteik\u0161anas funkciju. Kamera film\u0113 tums\u0101. Viegli pasl\u0113ptas starp gr\u0101mat\u0101m vai da\u017e\u0101diem priek\u0161metiem. Ide\u0101li piem\u0113rots uzraudz\u012bbai iek\u0161telp\u0101s\" \/>\n<meta name=\"twitter:label1\" content=\"Est. reading time\" \/>\n\t<meta name=\"twitter:data1\" content=\"3 minutit\" \/>\n<script type=\"application\/ld+json\" class=\"yoast-schema-graph\">{\"@context\":\"https:\\\/\\\/schema.org\",\"@graph\":[{\"@type\":\"WebPage\",\"@id\":\"https:\\\/\\\/izsekosanasierices.lv\\\/produkts\\\/kamera-diktofons-ar-kustibu-noteiksanas-funkciju-full-hd-kvalitate\\\/\",\"url\":\"https:\\\/\\\/izsekosanasierices.lv\\\/produkts\\\/kamera-diktofons-ar-kustibu-noteiksanas-funkciju-full-hd-kvalitate\\\/\",\"name\":\"Kamera \u2013 diktofons ar kust\u012bbu noteik\u0161anas funkciju, Full HD\",\"isPartOf\":{\"@id\":\"https:\\\/\\\/izsekosanasierices.lv\\\/#website\"},\"primaryImageOfPage\":{\"@id\":\"https:\\\/\\\/izsekosanasierices.lv\\\/produkts\\\/kamera-diktofons-ar-kustibu-noteiksanas-funkciju-full-hd-kvalitate\\\/#primaryimage\"},\"image\":{\"@id\":\"https:\\\/\\\/izsekosanasierices.lv\\\/produkts\\\/kamera-diktofons-ar-kustibu-noteiksanas-funkciju-full-hd-kvalitate\\\/#primaryimage\"},\"thumbnailUrl\":\"https:\\\/\\\/izsekosanasierices.lv\\\/wp-content\\\/uploads\\\/izsekosanasierices-diktofonas-kamera-su-judesio-aptikimu-full-hd.jpg\",\"datePublished\":\"2023-10-05T15:37:11+00:00\",\"dateModified\":\"2025-11-19T13:49:13+00:00\",\"description\":\"Kamera diktofons ar kust\u012bbu noteik\u0161anas funkciju. Full HD Kamera film\u0113 ar\u012b tums\u0101. Viegli pasl\u0113pt starp gr\u0101mat\u0101m vai da\u017e\u0101diem priek\u0161metiem. Ide\u0101li piem\u0113rota uzraudz\u012bbai iek\u0161telp\u0101s.\",\"breadcrumb\":{\"@id\":\"https:\\\/\\\/izsekosanasierices.lv\\\/produkts\\\/kamera-diktofons-ar-kustibu-noteiksanas-funkciju-full-hd-kvalitate\\\/#breadcrumb\"},\"inLanguage\":\"et\",\"potentialAction\":[{\"@type\":\"ReadAction\",\"target\":[\"https:\\\/\\\/izsekosanasierices.lv\\\/produkts\\\/kamera-diktofons-ar-kustibu-noteiksanas-funkciju-full-hd-kvalitate\\\/\"]}]},{\"@type\":\"ImageObject\",\"inLanguage\":\"et\",\"@id\":\"https:\\\/\\\/izsekosanasierices.lv\\\/produkts\\\/kamera-diktofons-ar-kustibu-noteiksanas-funkciju-full-hd-kvalitate\\\/#primaryimage\",\"url\":\"https:\\\/\\\/izsekosanasierices.lv\\\/wp-content\\\/uploads\\\/izsekosanasierices-diktofonas-kamera-su-judesio-aptikimu-full-hd.jpg\",\"contentUrl\":\"https:\\\/\\\/izsekosanasierices.lv\\\/wp-content\\\/uploads\\\/izsekosanasierices-diktofonas-kamera-su-judesio-aptikimu-full-hd.jpg\",\"width\":1390,\"height\":924,\"caption\":\"Kamera ir diktofonas du viename\"},{\"@type\":\"BreadcrumbList\",\"@id\":\"https:\\\/\\\/izsekosanasierices.lv\\\/produkts\\\/kamera-diktofons-ar-kustibu-noteiksanas-funkciju-full-hd-kvalitate\\\/#breadcrumb\",\"itemListElement\":[{\"@type\":\"ListItem\",\"position\":1,\"name\":\"S\u0101kums\",\"item\":\"https:\\\/\\\/izsekosanasierices.lv\\\/\"},{\"@type\":\"ListItem\",\"position\":2,\"name\":\"Veikals\",\"item\":\"https:\\\/\\\/izsekosanasierices.lv\\\/veikals\\\/\"},{\"@type\":\"ListItem\",\"position\":3,\"name\":\"Kamera \u2013 diktofons ar kust\u012bbu noteik\u0161anas funkciju Full HD kvalit\u0101te\"}]},{\"@type\":\"WebSite\",\"@id\":\"https:\\\/\\\/izsekosanasierices.lv\\\/#website\",\"url\":\"https:\\\/\\\/izsekosanasierices.lv\\\/\",\"name\":\"Nr1 Izseko\u0161anas ier\u012bces gps izseko\u0161anas iek\u0101rtas, klaus\u012b\u0161an\u0101s iek\u0101rtas\",\"description\":\"\",\"potentialAction\":[{\"@type\":\"SearchAction\",\"target\":{\"@type\":\"EntryPoint\",\"urlTemplate\":\"https:\\\/\\\/izsekosanasierices.lv\\\/?s={search_term_string}\"},\"query-input\":{\"@type\":\"PropertyValueSpecification\",\"valueRequired\":true,\"valueName\":\"search_term_string\"}}],\"inLanguage\":\"et\"}]}<\/script>\n<!-- \/ Yoast SEO plugin. -->","yoast_head_json":{"title":"Kamera \u2013 diktofons ar kust\u012bbu noteik\u0161anas funkciju, Full HD","description":"Kamera diktofons ar kust\u012bbu noteik\u0161anas funkciju. Full HD Kamera film\u0113 ar\u012b tums\u0101. Viegli pasl\u0113pt starp gr\u0101mat\u0101m vai da\u017e\u0101diem priek\u0161metiem. Ide\u0101li piem\u0113rota uzraudz\u012bbai iek\u0161telp\u0101s.","robots":{"index":"index","follow":"follow","max-snippet":"max-snippet:-1","max-image-preview":"max-image-preview:large","max-video-preview":"max-video-preview:-1"},"canonical":"https:\/\/izsekosanasierices.lv\/et\/produkts\/kaamera-salvestaja-liikumistuvastusega-full-hd-kvaliteediga\/","og_locale":"et_EE","og_type":"article","og_title":"Izseko\u0161anas kameras ierakst\u012b\u0161anas ier\u012bce ar kust\u012bbas noteik\u0161anu FullHD kvalit\u0101te","og_description":"Full HD kameras ierakst\u012bt\u0101js ar kust\u012bbas noteik\u0161anas funkciju. Kamera film\u0113 tums\u0101. Viegli pasl\u0113ptas starp gr\u0101mat\u0101m vai da\u017e\u0101diem priek\u0161metiem. Ide\u0101li piem\u0113rots uzraudz\u012bbai iek\u0161telp\u0101s","og_url":"https:\/\/izsekosanasierices.lv\/et\/produkts\/kaamera-salvestaja-liikumistuvastusega-full-hd-kvaliteediga\/","og_site_name":"Nr1 Izseko\u0161anas ier\u012bces gps izseko\u0161anas iek\u0101rtas, klaus\u012b\u0161an\u0101s iek\u0101rtas","article_modified_time":"2025-11-19T13:49:13+00:00","og_image":[{"url":"https:\/\/rvnski.dev\/sekimoiranga\/wp-content\/uploads\/izsekosanasierices.webp","type":"","width":"","height":""}],"twitter_card":"summary_large_image","twitter_title":"Izseko\u0161anas kameras ierakst\u012b\u0161anas ier\u012bce ar kust\u012bbas noteik\u0161anu FullHD kvalit\u0101te","twitter_description":"Full HD kameras ierakst\u012bt\u0101js ar kust\u012bbas noteik\u0161anas funkciju. Kamera film\u0113 tums\u0101. Viegli pasl\u0113ptas starp gr\u0101mat\u0101m vai da\u017e\u0101diem priek\u0161metiem. Ide\u0101li piem\u0113rots uzraudz\u012bbai iek\u0161telp\u0101s","twitter_misc":{"Est. reading time":"3 minutit"},"schema":{"@context":"https:\/\/schema.org","@graph":[{"@type":"WebPage","@id":"https:\/\/izsekosanasierices.lv\/produkts\/kamera-diktofons-ar-kustibu-noteiksanas-funkciju-full-hd-kvalitate\/","url":"https:\/\/izsekosanasierices.lv\/produkts\/kamera-diktofons-ar-kustibu-noteiksanas-funkciju-full-hd-kvalitate\/","name":"Kamera \u2013 diktofons ar kust\u012bbu noteik\u0161anas funkciju, Full HD","isPartOf":{"@id":"https:\/\/izsekosanasierices.lv\/#website"},"primaryImageOfPage":{"@id":"https:\/\/izsekosanasierices.lv\/produkts\/kamera-diktofons-ar-kustibu-noteiksanas-funkciju-full-hd-kvalitate\/#primaryimage"},"image":{"@id":"https:\/\/izsekosanasierices.lv\/produkts\/kamera-diktofons-ar-kustibu-noteiksanas-funkciju-full-hd-kvalitate\/#primaryimage"},"thumbnailUrl":"https:\/\/izsekosanasierices.lv\/wp-content\/uploads\/izsekosanasierices-diktofonas-kamera-su-judesio-aptikimu-full-hd.jpg","datePublished":"2023-10-05T15:37:11+00:00","dateModified":"2025-11-19T13:49:13+00:00","description":"Kamera diktofons ar kust\u012bbu noteik\u0161anas funkciju. Full HD Kamera film\u0113 ar\u012b tums\u0101. Viegli pasl\u0113pt starp gr\u0101mat\u0101m vai da\u017e\u0101diem priek\u0161metiem. Ide\u0101li piem\u0113rota uzraudz\u012bbai iek\u0161telp\u0101s.","breadcrumb":{"@id":"https:\/\/izsekosanasierices.lv\/produkts\/kamera-diktofons-ar-kustibu-noteiksanas-funkciju-full-hd-kvalitate\/#breadcrumb"},"inLanguage":"et","potentialAction":[{"@type":"ReadAction","target":["https:\/\/izsekosanasierices.lv\/produkts\/kamera-diktofons-ar-kustibu-noteiksanas-funkciju-full-hd-kvalitate\/"]}]},{"@type":"ImageObject","inLanguage":"et","@id":"https:\/\/izsekosanasierices.lv\/produkts\/kamera-diktofons-ar-kustibu-noteiksanas-funkciju-full-hd-kvalitate\/#primaryimage","url":"https:\/\/izsekosanasierices.lv\/wp-content\/uploads\/izsekosanasierices-diktofonas-kamera-su-judesio-aptikimu-full-hd.jpg","contentUrl":"https:\/\/izsekosanasierices.lv\/wp-content\/uploads\/izsekosanasierices-diktofonas-kamera-su-judesio-aptikimu-full-hd.jpg","width":1390,"height":924,"caption":"Kamera ir diktofonas du viename"},{"@type":"BreadcrumbList","@id":"https:\/\/izsekosanasierices.lv\/produkts\/kamera-diktofons-ar-kustibu-noteiksanas-funkciju-full-hd-kvalitate\/#breadcrumb","itemListElement":[{"@type":"ListItem","position":1,"name":"S\u0101kums","item":"https:\/\/izsekosanasierices.lv\/"},{"@type":"ListItem","position":2,"name":"Veikals","item":"https:\/\/izsekosanasierices.lv\/veikals\/"},{"@type":"ListItem","position":3,"name":"Kamera \u2013 diktofons ar kust\u012bbu noteik\u0161anas funkciju Full HD kvalit\u0101te"}]},{"@type":"WebSite","@id":"https:\/\/izsekosanasierices.lv\/#website","url":"https:\/\/izsekosanasierices.lv\/","name":"Nr1 Izseko\u0161anas ier\u012bces gps izseko\u0161anas iek\u0101rtas, klaus\u012b\u0161an\u0101s iek\u0101rtas","description":"","potentialAction":[{"@type":"SearchAction","target":{"@type":"EntryPoint","urlTemplate":"https:\/\/izsekosanasierices.lv\/?s={search_term_string}"},"query-input":{"@type":"PropertyValueSpecification","valueRequired":true,"valueName":"search_term_string"}}],"inLanguage":"et"}]}},"_links":{"self":[{"href":"https:\/\/izsekosanasierices.lv\/et\/wp-json\/wp\/v2\/product\/1211","targetHints":{"allow":["GET"]}}],"collection":[{"href":"https:\/\/izsekosanasierices.lv\/et\/wp-json\/wp\/v2\/product"}],"about":[{"href":"https:\/\/izsekosanasierices.lv\/et\/wp-json\/wp\/v2\/types\/product"}],"wp:featuredmedia":[{"embeddable":true,"href":"https:\/\/izsekosanasierices.lv\/et\/wp-json\/wp\/v2\/media\/1413"}],"wp:attachment":[{"href":"https:\/\/izsekosanasierices.lv\/et\/wp-json\/wp\/v2\/media?parent=1211"}],"wp:term":[{"taxonomy":"product_brand","embeddable":true,"href":"https:\/\/izsekosanasierices.lv\/et\/wp-json\/wp\/v2\/product_brand?post=1211"},{"taxonomy":"product_cat","embeddable":true,"href":"https:\/\/izsekosanasierices.lv\/et\/wp-json\/wp\/v2\/product_cat?post=1211"},{"taxonomy":"product_tag","embeddable":true,"href":"https:\/\/izsekosanasierices.lv\/et\/wp-json\/wp\/v2\/product_tag?post=1211"}],"curies":[{"name":"wp","href":"https:\/\/api.w.org\/{rel}","templated":true}]}}