{"id":1212,"date":"2023-10-05T15:37:11","date_gmt":"2023-10-05T15:37:11","guid":{"rendered":"https:\/\/izsekosanasierices.lv\/produktas\/mini-diktofonas-aukstos-kokybes-garso-irasai-192-kbps-aktyvuojasi-nuo-balso\/"},"modified":"2026-04-03T17:15:14","modified_gmt":"2026-04-03T14:15:14","slug":"mini-izmera-audio-ierakstitajs-augstas-kvalitates-audio-192-kbps-aktivizesana-reagejot-uz-balsi","status":"publish","type":"product","link":"https:\/\/izsekosanasierices.lv\/et\/produkts\/minisuuruses-helisalvestaja-korge-kvaliteediga-heli-192-kbit-s-mis-aktiveerub-haale-vastuseks\/","title":{"rendered":"Minisuurune helisalvesti kvaliteetse heli 192 kbps h\u00e4\u00e4le aktiveerimiseks"},"content":{"rendered":"<h3><span style=\"color: #ff0000;\">ORIGINAALTOODE, MITTE KOOPIA<\/span><\/h3>\n<h3>TEHNILISED N\u00c4ITAJAD<\/h3>\n<ul>\n<li>T\u00f6\u00f6kaugus: umbes 8 m - 15 m<\/li>\n<li>Salvestuskvaliteet: 192 kbps<\/li>\n<li>Kaal: ainult 8 grammi<\/li>\n<li>Salvestamine aktiveeritud 45 db juures<\/li>\n<li>Sisemine m\u00e4lu: 8 GB (piisav 14 p\u00e4eva kestvaks pidevaks helisalvestuseks)<\/li>\n<li>M\u00e4nguaeg: umbes 17 tundi<\/li>\n<li>H\u00e4\u00e4ltuvastus: jah<\/li>\n<li>Salvestusformaat: WAV (k\u00f5rgeim kvaliteet)<\/li>\n<li>Aku mahutavus: 110 mAh<\/li>\n<li>S\u00fcsteem: Windows, Mac OS<\/li>\n<li>M\u00f5\u00f5tmed: 45 mm x 17 mm x 5 mm<\/li>\n<li><strong>Garantii 12 kuud<\/strong><\/li>\n<\/ul>\n<p><strong>\u00a0<\/strong><\/p>\n<p><span style=\"color: #ff0000;\"><strong>Vajad kiiret sama p\u00e4eva (ja n\u00e4dalavahetuse) kohaletoimetamist?  Helistage +37120484176<\/strong><\/span><\/p>\n<p>&nbsp;<\/p>\n<p>Kasutamine: teie ohutuse tagamiseks, laste ohutuse tagamiseks.<\/p>\n<p><strong>Professionaalne diktofon minisuuruses<\/strong><\/p>\n<p>K\u00f5nesalvesti on \u00fcks k\u00f5ige arenenumaid ja k\u00f5ige v\u00e4hem n\u00e4htavaid seadmeid turul. T\u00e4nu mugavale disainile (diktofoni miniatuurne, kuid v\u00e4ga tugev korpus tagab salajasuse ja turvalisuse) ja kasutusmugavusele (seadet juhitakse sisse- ja v\u00e4ljal\u00fclitamise asendiga libiseva nupuga) on seda lihtne kasutada igas olukorras ja isegi rasketes tingimustes: see ei sobi ainult avatud ruumidesse (tuppa, kontorisse v\u00f5i autosse), vaid seda saab ka kapi, k\u00e4ekoti v\u00f5i taskusse peita).<\/p>\n<p>&nbsp;<\/p>\n<p>Selle seadme teine eelis on selle v\u00f5imas aku ja suur sisem\u00e4lu. Salvestaja suudab t\u00e4nu 8 GB sisem\u00e4lule salvestada pidevalt kuni 11 tundi ja salvestada kuni 100 tundi heli.<\/p>\n<p><strong>\u00a0<\/strong><\/p>\n<p><strong>LEEDUANIAN<\/strong><\/p>\n<p>Selle mugav disain, kompaktne suurus ja kvaliteet annavad teile t\u00e4ieliku vabaduse kasutada seda vastavalt teie vajadustele. Seda on lihtne kasutada, nii et teil ei ole selle kasutamisel mingeid raskusi.<\/p>\n<p>Seadmel on heli tuvastamise funktsioon (salvestaja alustab salvestamist, kui ruumis heli tuvastatakse), mis takistab salvestuste tegemist siis, kui ruumis ei toimu midagi.<\/p>\n<p><strong>\u00a0<\/strong><\/p>\n<p><strong>AKU JA M\u00c4LUMAHT<\/strong><\/p>\n<p>Sisseehitatud aku mahutavus on 110 mAh. See on v\u00f5imeline kuni 11 tundi heli salvestama.<\/p>\n<p>Akut saab laadida USB-kaabli abil (kui see on \u00fchendatud arvutiga) v\u00f5i laadija abil (elektrienergia pistikupesast; 5 V).<\/p>\n<p>8 GB m\u00e4lu suudab salvestada kuni 100 tundi helisalvestusi. Salvestused on WAV-formaadis.<\/p>\n<p><strong>\u00a0<\/strong><\/p>\n<p><strong>SEADME KAITSE<\/strong><\/p>\n<p>Seade on turvaline mitte ainult helisalvestuseks, vaid ka salvestuste arhiveerimiseks - m\u00e4lukaardil olevad failid on k\u00e4ttesaadavad ja neid saab teistele andmekandjatele \u00fcle kanda ainult kaasasolevate lisatarvikutega.<\/p>\n<p>V\u00f5imalus kuulata salvestusi otse diktofonist on samuti kaitstud - kui \u00fchendate k\u00f5rvaklapid, kuulete esmalt 2 muusikapala, mis segab neid, kes ei peaks seadet kasutama, ja aitab kaitsta teie andmeid.<\/p>\n<p><strong>\u00a0<\/strong><\/p>\n<p><strong>DIKTOFONI EELISED<\/strong><\/p>\n<p>Seadmel on eriti vastupidav korpus ja k\u00f5rge salvestuskvaliteet (kuni 8 meetrit \/ 192 kbps).<\/p>\n<p>&nbsp;<\/p>\n<p>Kompaktne, miniatuurne disain tagab salajasuse ja annab seadmele eelise teiste turul olevate sarnaste seadmete ees.<\/p>","protected":false},"excerpt":{"rendered":"<p>V\u00e4ike, v\u00e4ga k\u00e4ep\u00e4rane diktofon koos heli aktiveerimisega. Lihtne kasutada. V\u00e4ga hea helisalvestuse kvaliteet. M\u00f5\u00f5tmed ainult 45 mm x 17 mm x 5 mm.<\/p>","protected":false},"featured_media":1416,"template":"","meta":[],"product_brand":[],"product_cat":[342],"product_tag":[345,346,368,369,347],"class_list":{"0":"post-1212","1":"product","2":"type-product","3":"status-publish","4":"has-post-thumbnail","6":"product_cat-diktofoni","7":"product_tag-diktafons","8":"product_tag-mini-diktofons","9":"product_tag-profesionals-diktofons","10":"product_tag-sarunu-ierakstisana","11":"product_tag-slepenais-ierakstitajs","13":"first","14":"instock","15":"sale","16":"taxable","17":"shipping-taxable","18":"purchasable","19":"product-type-simple"},"yoast_head":"<!-- This site is optimized with the Yoast SEO plugin v27.5 - https:\/\/yoast.com\/product\/yoast-seo-wordpress\/ -->\n<title>Mini izm\u0113ra audio ierakst\u012bt\u0101js augstas kvalit\u0101tes audio aktiviz\u0113\u0161ana<\/title>\n<meta name=\"description\" content=\"Neliels, \u013coti \u0113rts diktofons ar audio aktiviz\u0113\u0161anas funkciju. Viegli lietojams. \u013boti laba ska\u0146as ierakst\u012b\u0161anas kvalit\u0101te. Izm\u0113ri tikai 45 mm x 17 mm x 5 mm.\" \/>\n<meta name=\"robots\" content=\"index, follow, max-snippet:-1, max-image-preview:large, max-video-preview:-1\" \/>\n<link rel=\"canonical\" href=\"https:\/\/izsekosanasierices.lv\/et\/produkts\/minisuuruses-helisalvestaja-korge-kvaliteediga-heli-192-kbit-s-mis-aktiveerub-haale-vastuseks\/\" \/>\n<meta property=\"og:locale\" content=\"et_EE\" \/>\n<meta property=\"og:type\" content=\"article\" \/>\n<meta property=\"og:title\" content=\"Mini diktofons, ko aktiviz\u0113 ska\u0146a - augstas kvalit\u0101tes ieraksti 192 kbps\" \/>\n<meta property=\"og:description\" content=\"Neliels, \u013coti \u0113rts diktofons ar audio aktiviz\u0113\u0161anu. Viegli lietojams, \u013coti laba ska\u0146as ierakst\u012b\u0161anas kvalit\u0101te. Izm\u0113ri tikai 110 mm x 22 mm x 22 mm\" \/>\n<meta property=\"og:url\" content=\"https:\/\/izsekosanasierices.lv\/et\/produkts\/minisuuruses-helisalvestaja-korge-kvaliteediga-heli-192-kbit-s-mis-aktiveerub-haale-vastuseks\/\" \/>\n<meta property=\"og:site_name\" content=\"Nr1 Izseko\u0161anas ier\u012bces gps izseko\u0161anas iek\u0101rtas, klaus\u012b\u0161an\u0101s iek\u0101rtas\" \/>\n<meta property=\"article:modified_time\" content=\"2026-04-03T14:15:14+00:00\" \/>\n<meta property=\"og:image\" content=\"https:\/\/rvnski.dev\/sekimoiranga\/wp-content\/uploads\/izsekosanasierices.webp\" \/>\n<meta name=\"twitter:card\" content=\"summary_large_image\" \/>\n<meta name=\"twitter:title\" content=\"Mini diktofons, ko aktiviz\u0113 ska\u0146a - augstas kvalit\u0101tes ieraksti 192 kbps\" \/>\n<meta name=\"twitter:description\" content=\"Neliels, \u013coti \u0113rts diktofons ar audio aktiviz\u0113\u0161anu. Viegli lietojams, \u013coti laba ska\u0146as ierakst\u012b\u0161anas kvalit\u0101te. Izm\u0113ri tikai 110 mm x 22 mm x 22 mm\" \/>\n<meta name=\"twitter:label1\" content=\"Est. reading time\" \/>\n\t<meta name=\"twitter:data1\" content=\"3 minutit\" \/>\n<script type=\"application\/ld+json\" class=\"yoast-schema-graph\">{\"@context\":\"https:\\\/\\\/schema.org\",\"@graph\":[{\"@type\":\"WebPage\",\"@id\":\"https:\\\/\\\/izsekosanasierices.lv\\\/produkts\\\/mini-izmera-audio-ierakstitajs-augstas-kvalitates-audio-192-kbps-aktivizesana-reagejot-uz-balsi\\\/\",\"url\":\"https:\\\/\\\/izsekosanasierices.lv\\\/produkts\\\/mini-izmera-audio-ierakstitajs-augstas-kvalitates-audio-192-kbps-aktivizesana-reagejot-uz-balsi\\\/\",\"name\":\"Mini izm\u0113ra audio ierakst\u012bt\u0101js augstas kvalit\u0101tes audio aktiviz\u0113\u0161ana\",\"isPartOf\":{\"@id\":\"https:\\\/\\\/izsekosanasierices.lv\\\/#website\"},\"primaryImageOfPage\":{\"@id\":\"https:\\\/\\\/izsekosanasierices.lv\\\/produkts\\\/mini-izmera-audio-ierakstitajs-augstas-kvalitates-audio-192-kbps-aktivizesana-reagejot-uz-balsi\\\/#primaryimage\"},\"image\":{\"@id\":\"https:\\\/\\\/izsekosanasierices.lv\\\/produkts\\\/mini-izmera-audio-ierakstitajs-augstas-kvalitates-audio-192-kbps-aktivizesana-reagejot-uz-balsi\\\/#primaryimage\"},\"thumbnailUrl\":\"https:\\\/\\\/izsekosanasierices.lv\\\/wp-content\\\/uploads\\\/izsekosanasierices-mini-diktofonas-aukstos-kokybes-garso-irasai-192-kbps.jpg\",\"datePublished\":\"2023-10-05T15:37:11+00:00\",\"dateModified\":\"2026-04-03T14:15:14+00:00\",\"description\":\"Neliels, \u013coti \u0113rts diktofons ar audio aktiviz\u0113\u0161anas funkciju. Viegli lietojams. \u013boti laba ska\u0146as ierakst\u012b\u0161anas kvalit\u0101te. Izm\u0113ri tikai 45 mm x 17 mm x 5 mm.\",\"breadcrumb\":{\"@id\":\"https:\\\/\\\/izsekosanasierices.lv\\\/produkts\\\/mini-izmera-audio-ierakstitajs-augstas-kvalitates-audio-192-kbps-aktivizesana-reagejot-uz-balsi\\\/#breadcrumb\"},\"inLanguage\":\"et\",\"potentialAction\":[{\"@type\":\"ReadAction\",\"target\":[\"https:\\\/\\\/izsekosanasierices.lv\\\/produkts\\\/mini-izmera-audio-ierakstitajs-augstas-kvalitates-audio-192-kbps-aktivizesana-reagejot-uz-balsi\\\/\"]}]},{\"@type\":\"ImageObject\",\"inLanguage\":\"et\",\"@id\":\"https:\\\/\\\/izsekosanasierices.lv\\\/produkts\\\/mini-izmera-audio-ierakstitajs-augstas-kvalitates-audio-192-kbps-aktivizesana-reagejot-uz-balsi\\\/#primaryimage\",\"url\":\"https:\\\/\\\/izsekosanasierices.lv\\\/wp-content\\\/uploads\\\/izsekosanasierices-mini-diktofonas-aukstos-kokybes-garso-irasai-192-kbps.jpg\",\"contentUrl\":\"https:\\\/\\\/izsekosanasierices.lv\\\/wp-content\\\/uploads\\\/izsekosanasierices-mini-diktofonas-aukstos-kokybes-garso-irasai-192-kbps.jpg\",\"width\":645,\"height\":445,\"caption\":\"Mini diktofonas auk\u0161tos kokyb\u0117s garso \u012fra\u0161ai 192 kbps\"},{\"@type\":\"BreadcrumbList\",\"@id\":\"https:\\\/\\\/izsekosanasierices.lv\\\/produkts\\\/mini-izmera-audio-ierakstitajs-augstas-kvalitates-audio-192-kbps-aktivizesana-reagejot-uz-balsi\\\/#breadcrumb\",\"itemListElement\":[{\"@type\":\"ListItem\",\"position\":1,\"name\":\"S\u0101kums\",\"item\":\"https:\\\/\\\/izsekosanasierices.lv\\\/\"},{\"@type\":\"ListItem\",\"position\":2,\"name\":\"Veikals\",\"item\":\"https:\\\/\\\/izsekosanasierices.lv\\\/veikals\\\/\"},{\"@type\":\"ListItem\",\"position\":3,\"name\":\"Mini izm\u0113ra audio ierakst\u012bt\u0101js augstas kvalit\u0101tes audio 192 kbps aktiviz\u0113\u0161ana, rea\u0123\u0113jot uz balsi\"}]},{\"@type\":\"WebSite\",\"@id\":\"https:\\\/\\\/izsekosanasierices.lv\\\/#website\",\"url\":\"https:\\\/\\\/izsekosanasierices.lv\\\/\",\"name\":\"Nr1 Izseko\u0161anas ier\u012bces gps izseko\u0161anas iek\u0101rtas, klaus\u012b\u0161an\u0101s iek\u0101rtas\",\"description\":\"\",\"potentialAction\":[{\"@type\":\"SearchAction\",\"target\":{\"@type\":\"EntryPoint\",\"urlTemplate\":\"https:\\\/\\\/izsekosanasierices.lv\\\/?s={search_term_string}\"},\"query-input\":{\"@type\":\"PropertyValueSpecification\",\"valueRequired\":true,\"valueName\":\"search_term_string\"}}],\"inLanguage\":\"et\"}]}<\/script>\n<!-- \/ Yoast SEO plugin. -->","yoast_head_json":{"title":"Mini izm\u0113ra audio ierakst\u012bt\u0101js augstas kvalit\u0101tes audio aktiviz\u0113\u0161ana","description":"Neliels, \u013coti \u0113rts diktofons ar audio aktiviz\u0113\u0161anas funkciju. Viegli lietojams. \u013boti laba ska\u0146as ierakst\u012b\u0161anas kvalit\u0101te. Izm\u0113ri tikai 45 mm x 17 mm x 5 mm.","robots":{"index":"index","follow":"follow","max-snippet":"max-snippet:-1","max-image-preview":"max-image-preview:large","max-video-preview":"max-video-preview:-1"},"canonical":"https:\/\/izsekosanasierices.lv\/et\/produkts\/minisuuruses-helisalvestaja-korge-kvaliteediga-heli-192-kbit-s-mis-aktiveerub-haale-vastuseks\/","og_locale":"et_EE","og_type":"article","og_title":"Mini diktofons, ko aktiviz\u0113 ska\u0146a - augstas kvalit\u0101tes ieraksti 192 kbps","og_description":"Neliels, \u013coti \u0113rts diktofons ar audio aktiviz\u0113\u0161anu. Viegli lietojams, \u013coti laba ska\u0146as ierakst\u012b\u0161anas kvalit\u0101te. Izm\u0113ri tikai 110 mm x 22 mm x 22 mm","og_url":"https:\/\/izsekosanasierices.lv\/et\/produkts\/minisuuruses-helisalvestaja-korge-kvaliteediga-heli-192-kbit-s-mis-aktiveerub-haale-vastuseks\/","og_site_name":"Nr1 Izseko\u0161anas ier\u012bces gps izseko\u0161anas iek\u0101rtas, klaus\u012b\u0161an\u0101s iek\u0101rtas","article_modified_time":"2026-04-03T14:15:14+00:00","og_image":[{"url":"https:\/\/rvnski.dev\/sekimoiranga\/wp-content\/uploads\/izsekosanasierices.webp","type":"","width":"","height":""}],"twitter_card":"summary_large_image","twitter_title":"Mini diktofons, ko aktiviz\u0113 ska\u0146a - augstas kvalit\u0101tes ieraksti 192 kbps","twitter_description":"Neliels, \u013coti \u0113rts diktofons ar audio aktiviz\u0113\u0161anu. Viegli lietojams, \u013coti laba ska\u0146as ierakst\u012b\u0161anas kvalit\u0101te. Izm\u0113ri tikai 110 mm x 22 mm x 22 mm","twitter_misc":{"Est. reading time":"3 minutit"},"schema":{"@context":"https:\/\/schema.org","@graph":[{"@type":"WebPage","@id":"https:\/\/izsekosanasierices.lv\/produkts\/mini-izmera-audio-ierakstitajs-augstas-kvalitates-audio-192-kbps-aktivizesana-reagejot-uz-balsi\/","url":"https:\/\/izsekosanasierices.lv\/produkts\/mini-izmera-audio-ierakstitajs-augstas-kvalitates-audio-192-kbps-aktivizesana-reagejot-uz-balsi\/","name":"Mini izm\u0113ra audio ierakst\u012bt\u0101js augstas kvalit\u0101tes audio aktiviz\u0113\u0161ana","isPartOf":{"@id":"https:\/\/izsekosanasierices.lv\/#website"},"primaryImageOfPage":{"@id":"https:\/\/izsekosanasierices.lv\/produkts\/mini-izmera-audio-ierakstitajs-augstas-kvalitates-audio-192-kbps-aktivizesana-reagejot-uz-balsi\/#primaryimage"},"image":{"@id":"https:\/\/izsekosanasierices.lv\/produkts\/mini-izmera-audio-ierakstitajs-augstas-kvalitates-audio-192-kbps-aktivizesana-reagejot-uz-balsi\/#primaryimage"},"thumbnailUrl":"https:\/\/izsekosanasierices.lv\/wp-content\/uploads\/izsekosanasierices-mini-diktofonas-aukstos-kokybes-garso-irasai-192-kbps.jpg","datePublished":"2023-10-05T15:37:11+00:00","dateModified":"2026-04-03T14:15:14+00:00","description":"Neliels, \u013coti \u0113rts diktofons ar audio aktiviz\u0113\u0161anas funkciju. Viegli lietojams. \u013boti laba ska\u0146as ierakst\u012b\u0161anas kvalit\u0101te. Izm\u0113ri tikai 45 mm x 17 mm x 5 mm.","breadcrumb":{"@id":"https:\/\/izsekosanasierices.lv\/produkts\/mini-izmera-audio-ierakstitajs-augstas-kvalitates-audio-192-kbps-aktivizesana-reagejot-uz-balsi\/#breadcrumb"},"inLanguage":"et","potentialAction":[{"@type":"ReadAction","target":["https:\/\/izsekosanasierices.lv\/produkts\/mini-izmera-audio-ierakstitajs-augstas-kvalitates-audio-192-kbps-aktivizesana-reagejot-uz-balsi\/"]}]},{"@type":"ImageObject","inLanguage":"et","@id":"https:\/\/izsekosanasierices.lv\/produkts\/mini-izmera-audio-ierakstitajs-augstas-kvalitates-audio-192-kbps-aktivizesana-reagejot-uz-balsi\/#primaryimage","url":"https:\/\/izsekosanasierices.lv\/wp-content\/uploads\/izsekosanasierices-mini-diktofonas-aukstos-kokybes-garso-irasai-192-kbps.jpg","contentUrl":"https:\/\/izsekosanasierices.lv\/wp-content\/uploads\/izsekosanasierices-mini-diktofonas-aukstos-kokybes-garso-irasai-192-kbps.jpg","width":645,"height":445,"caption":"Mini diktofonas auk\u0161tos kokyb\u0117s garso \u012fra\u0161ai 192 kbps"},{"@type":"BreadcrumbList","@id":"https:\/\/izsekosanasierices.lv\/produkts\/mini-izmera-audio-ierakstitajs-augstas-kvalitates-audio-192-kbps-aktivizesana-reagejot-uz-balsi\/#breadcrumb","itemListElement":[{"@type":"ListItem","position":1,"name":"S\u0101kums","item":"https:\/\/izsekosanasierices.lv\/"},{"@type":"ListItem","position":2,"name":"Veikals","item":"https:\/\/izsekosanasierices.lv\/veikals\/"},{"@type":"ListItem","position":3,"name":"Mini izm\u0113ra audio ierakst\u012bt\u0101js augstas kvalit\u0101tes audio 192 kbps aktiviz\u0113\u0161ana, rea\u0123\u0113jot uz balsi"}]},{"@type":"WebSite","@id":"https:\/\/izsekosanasierices.lv\/#website","url":"https:\/\/izsekosanasierices.lv\/","name":"Nr1 Izseko\u0161anas ier\u012bces gps izseko\u0161anas iek\u0101rtas, klaus\u012b\u0161an\u0101s iek\u0101rtas","description":"","potentialAction":[{"@type":"SearchAction","target":{"@type":"EntryPoint","urlTemplate":"https:\/\/izsekosanasierices.lv\/?s={search_term_string}"},"query-input":{"@type":"PropertyValueSpecification","valueRequired":true,"valueName":"search_term_string"}}],"inLanguage":"et"}]}},"_links":{"self":[{"href":"https:\/\/izsekosanasierices.lv\/et\/wp-json\/wp\/v2\/product\/1212","targetHints":{"allow":["GET"]}}],"collection":[{"href":"https:\/\/izsekosanasierices.lv\/et\/wp-json\/wp\/v2\/product"}],"about":[{"href":"https:\/\/izsekosanasierices.lv\/et\/wp-json\/wp\/v2\/types\/product"}],"wp:featuredmedia":[{"embeddable":true,"href":"https:\/\/izsekosanasierices.lv\/et\/wp-json\/wp\/v2\/media\/1416"}],"wp:attachment":[{"href":"https:\/\/izsekosanasierices.lv\/et\/wp-json\/wp\/v2\/media?parent=1212"}],"wp:term":[{"taxonomy":"product_brand","embeddable":true,"href":"https:\/\/izsekosanasierices.lv\/et\/wp-json\/wp\/v2\/product_brand?post=1212"},{"taxonomy":"product_cat","embeddable":true,"href":"https:\/\/izsekosanasierices.lv\/et\/wp-json\/wp\/v2\/product_cat?post=1212"},{"taxonomy":"product_tag","embeddable":true,"href":"https:\/\/izsekosanasierices.lv\/et\/wp-json\/wp\/v2\/product_tag?post=1212"}],"curies":[{"name":"wp","href":"https:\/\/api.w.org\/{rel}","templated":true}]}}