{"id":1213,"date":"2023-10-05T15:37:11","date_gmt":"2023-10-05T15:37:11","guid":{"rendered":"https:\/\/izsekosanasierices.lv\/produktas\/stetoskopinis-pasiklausymas-per-siena-arba-bionines-ausys\/"},"modified":"2025-11-19T16:00:41","modified_gmt":"2025-11-19T14:00:41","slug":"stetoskopiska-noklausisanas-ierice-jeb-bioniskas-ausis","status":"publish","type":"product","link":"https:\/\/izsekosanasierices.lv\/et\/produkts\/stetoskoopiline-kuuldeaparaat-voi-bioonilised-korvad\/","title":{"rendered":"Stetoskoopiline kuuldeaparaat v\u00f5i bioonilised k\u00f5rvad"},"content":{"rendered":"<h3><strong>Tehnilised parameetrid:<\/strong><\/h3>\n<ul>\n<li>Seina paksus: kuni 20 cm<\/li>\n<li>Laadimisaeg: umbes 5 tundi<\/li>\n<li>Heliv\u00f5imendus: 2 000 korda<\/li>\n<li>Mikrofoni tundlikkus: alates 35 dB (vaikne vestlus)<\/li>\n<li>Salvestuste esitamine: k\u00f5rvaklappide kasutamine<\/li>\n<li>Toide: liitium aku<\/li>\n<li>Kaal ja m\u00f5\u00f5tmed: 26 g, 52 mm x 36 mm<\/li>\n<li>Laadimine: USB v\u00f5i 100-240 V adapter<\/li>\n<li>V\u00e4rv: h\u00f5bedane, must<\/li>\n<li>Komplektis: laadija, USB-kaabel, stetoskoop (bioonilised k\u00f5rvad).<\/li>\n<li><strong>Garantii 12 kuud<\/strong><\/li>\n<\/ul>\n<p><strong>\u00a0<\/strong><\/p>\n<p><span style=\"color: #ff0000;\"><strong>Vajad kiiret sama p\u00e4eva (ja n\u00e4dalavahetuse) kohaletoimetamist? Helistage <\/strong><strong>+<\/strong><strong>37120484176<\/strong><\/span><\/p>\n<p>Kasutamine: teie ohutuse tagamiseks, laste ohutuse tagamiseks.<\/p>\n<ol>\n<li>Stetoskoopiline kuuldeaparaat (bioonilised k\u00f5rvad), mis v\u00f5imaldab kuulda l\u00e4bi seinte.<\/li>\n<li>Saab kuulata l\u00e4bi kuni 20 cm paksuse t\u00f5kke.<\/li>\n<li>Tundlikkuse juhtimine<\/li>\n<li>Kuni 40 tundi aku kestvust<\/li>\n<li>Kaasa arvatud k\u00f5rvaklapid<\/li>\n<li>Heliv\u00f5imendus kuni 2000 korda<\/li>\n<li>Kuulake ilma k\u00f5rvaklappideta<\/li>\n<li>K\u00f5rvaklappide pesa<\/li>\n<\/ol>","protected":false},"excerpt":{"rendered":"<p>Stetoskoopilised kuuldeaparaadid ehk bioonilised k\u00f5rvad v\u00f5imaldavad kuulda l\u00e4bi seinte. Lihtne viis teada saada, mida teisel pool r\u00e4\u00e4gitakse. Lihtne kasutada, ei n\u00f5uta erilisi oskusi.<\/p>","protected":false},"featured_media":1419,"template":"","meta":[],"product_brand":[],"product_cat":[385,335],"product_tag":[439,440,443],"class_list":{"0":"post-1213","1":"product","2":"type-product","3":"status-publish","4":"has-post-thumbnail","6":"product_cat-noklausisanas-caur-barjeram-sienam","7":"product_cat-noklausisanas-ierices","8":"product_tag-bioniskas-ausis","9":"product_tag-noklausisanas-pari-sienai","10":"product_tag-stetoskopiska-noklausisanas","12":"first","13":"outofstock","14":"sale","15":"taxable","16":"shipping-taxable","17":"purchasable","18":"product-type-simple"},"yoast_head":"<!-- This site is optimized with the Yoast SEO plugin v27.5 - https:\/\/yoast.com\/product\/yoast-seo-wordpress\/ -->\n<title>Stetoskopiska noklaus\u012b\u0161an\u0101s ier\u012bce jeb bionisk\u0101s ausis<\/title>\n<meta name=\"description\" content=\"Stetoskopiska noklaus\u012b\u0161an\u0101s ier\u012bce jeb bionisk\u0101s ausis dod iesp\u0113ju dzird\u0113t cauri sienai. Vienk\u0101r\u0161s veids, k\u0101 uzzin\u0101t, kas tiek run\u0101ts otr\u0101 pus\u0113. Viegli...\" \/>\n<meta name=\"robots\" content=\"index, follow, max-snippet:-1, max-image-preview:large, max-video-preview:-1\" \/>\n<link rel=\"canonical\" href=\"https:\/\/izsekosanasierices.lv\/et\/produkts\/stetoskoopiline-kuuldeaparaat-voi-bioonilised-korvad\/\" \/>\n<meta property=\"og:locale\" content=\"et_EE\" \/>\n<meta property=\"og:type\" content=\"article\" \/>\n<meta property=\"og:title\" content=\"Stetoskopiska noklaus\u012b\u0161an\u0101s caur sienu vai bionisk\u0101s ausis\" \/>\n<meta property=\"og:description\" content=\"Stetoskopiska noklaus\u012b\u0161an\u0101s caur sienu vai bionisk\u0101s ausis. Vienk\u0101r\u0161s veids, k\u0101 uzzin\u0101t, kas tiek run\u0101ts p\u0101ri robe\u017eai. Viegli lietojams, nav nepiecie\u0161amas \u012bpa\u0161as prasmes\" \/>\n<meta property=\"og:url\" content=\"https:\/\/izsekosanasierices.lv\/et\/produkts\/stetoskoopiline-kuuldeaparaat-voi-bioonilised-korvad\/\" \/>\n<meta property=\"og:site_name\" content=\"Nr1 Izseko\u0161anas ier\u012bces gps izseko\u0161anas iek\u0101rtas, klaus\u012b\u0161an\u0101s iek\u0101rtas\" \/>\n<meta property=\"article:modified_time\" content=\"2025-11-19T14:00:41+00:00\" \/>\n<meta property=\"og:image\" content=\"https:\/\/rvnski.dev\/sekimoiranga\/wp-content\/uploads\/izsekosanasierices.webp\" \/>\n<meta name=\"twitter:card\" content=\"summary_large_image\" \/>\n<meta name=\"twitter:title\" content=\"Stetoskopiska noklaus\u012b\u0161an\u0101s caur sienu vai bionisk\u0101s ausis\" \/>\n<meta name=\"twitter:description\" content=\"Stetoskopiska noklaus\u012b\u0161an\u0101s caur sienu vai bionisk\u0101s ausis. Vienk\u0101r\u0161s veids, k\u0101 uzzin\u0101t, kas tiek run\u0101ts p\u0101ri robe\u017eai. Viegli lietojams, nav nepiecie\u0161amas \u012bpa\u0161as prasmes\" \/>\n<meta name=\"twitter:label1\" content=\"Est. reading time\" \/>\n\t<meta name=\"twitter:data1\" content=\"1 minut\" \/>\n<script type=\"application\/ld+json\" class=\"yoast-schema-graph\">{\"@context\":\"https:\\\/\\\/schema.org\",\"@graph\":[{\"@type\":\"WebPage\",\"@id\":\"https:\\\/\\\/izsekosanasierices.lv\\\/produkts\\\/stetoskopiska-noklausisanas-ierice-jeb-bioniskas-ausis\\\/\",\"url\":\"https:\\\/\\\/izsekosanasierices.lv\\\/produkts\\\/stetoskopiska-noklausisanas-ierice-jeb-bioniskas-ausis\\\/\",\"name\":\"Stetoskopiska noklaus\u012b\u0161an\u0101s ier\u012bce jeb bionisk\u0101s ausis\",\"isPartOf\":{\"@id\":\"https:\\\/\\\/izsekosanasierices.lv\\\/#website\"},\"primaryImageOfPage\":{\"@id\":\"https:\\\/\\\/izsekosanasierices.lv\\\/produkts\\\/stetoskopiska-noklausisanas-ierice-jeb-bioniskas-ausis\\\/#primaryimage\"},\"image\":{\"@id\":\"https:\\\/\\\/izsekosanasierices.lv\\\/produkts\\\/stetoskopiska-noklausisanas-ierice-jeb-bioniskas-ausis\\\/#primaryimage\"},\"thumbnailUrl\":\"https:\\\/\\\/izsekosanasierices.lv\\\/wp-content\\\/uploads\\\/izsekosanasierices-stetoskopinis-pasiklausymas-per-siena-arba-bionines-ausys.jpg\",\"datePublished\":\"2023-10-05T15:37:11+00:00\",\"dateModified\":\"2025-11-19T14:00:41+00:00\",\"description\":\"Stetoskopiska noklaus\u012b\u0161an\u0101s ier\u012bce jeb bionisk\u0101s ausis dod iesp\u0113ju dzird\u0113t cauri sienai. Vienk\u0101r\u0161s veids, k\u0101 uzzin\u0101t, kas tiek run\u0101ts otr\u0101 pus\u0113. Viegli...\",\"breadcrumb\":{\"@id\":\"https:\\\/\\\/izsekosanasierices.lv\\\/produkts\\\/stetoskopiska-noklausisanas-ierice-jeb-bioniskas-ausis\\\/#breadcrumb\"},\"inLanguage\":\"et\",\"potentialAction\":[{\"@type\":\"ReadAction\",\"target\":[\"https:\\\/\\\/izsekosanasierices.lv\\\/produkts\\\/stetoskopiska-noklausisanas-ierice-jeb-bioniskas-ausis\\\/\"]}]},{\"@type\":\"ImageObject\",\"inLanguage\":\"et\",\"@id\":\"https:\\\/\\\/izsekosanasierices.lv\\\/produkts\\\/stetoskopiska-noklausisanas-ierice-jeb-bioniskas-ausis\\\/#primaryimage\",\"url\":\"https:\\\/\\\/izsekosanasierices.lv\\\/wp-content\\\/uploads\\\/izsekosanasierices-stetoskopinis-pasiklausymas-per-siena-arba-bionines-ausys.jpg\",\"contentUrl\":\"https:\\\/\\\/izsekosanasierices.lv\\\/wp-content\\\/uploads\\\/izsekosanasierices-stetoskopinis-pasiklausymas-per-siena-arba-bionines-ausys.jpg\",\"width\":1001,\"height\":1001,\"caption\":\"Pasiklausyma sper siena iki 20cm storio\"},{\"@type\":\"BreadcrumbList\",\"@id\":\"https:\\\/\\\/izsekosanasierices.lv\\\/produkts\\\/stetoskopiska-noklausisanas-ierice-jeb-bioniskas-ausis\\\/#breadcrumb\",\"itemListElement\":[{\"@type\":\"ListItem\",\"position\":1,\"name\":\"S\u0101kums\",\"item\":\"https:\\\/\\\/izsekosanasierices.lv\\\/\"},{\"@type\":\"ListItem\",\"position\":2,\"name\":\"Veikals\",\"item\":\"https:\\\/\\\/izsekosanasierices.lv\\\/veikals\\\/\"},{\"@type\":\"ListItem\",\"position\":3,\"name\":\"Stetoskopiska noklaus\u012b\u0161an\u0101s ier\u012bce jeb bionisk\u0101s ausis\"}]},{\"@type\":\"WebSite\",\"@id\":\"https:\\\/\\\/izsekosanasierices.lv\\\/#website\",\"url\":\"https:\\\/\\\/izsekosanasierices.lv\\\/\",\"name\":\"Nr1 Izseko\u0161anas ier\u012bces gps izseko\u0161anas iek\u0101rtas, klaus\u012b\u0161an\u0101s iek\u0101rtas\",\"description\":\"\",\"potentialAction\":[{\"@type\":\"SearchAction\",\"target\":{\"@type\":\"EntryPoint\",\"urlTemplate\":\"https:\\\/\\\/izsekosanasierices.lv\\\/?s={search_term_string}\"},\"query-input\":{\"@type\":\"PropertyValueSpecification\",\"valueRequired\":true,\"valueName\":\"search_term_string\"}}],\"inLanguage\":\"et\"}]}<\/script>\n<!-- \/ Yoast SEO plugin. -->","yoast_head_json":{"title":"Stetoskopiska noklaus\u012b\u0161an\u0101s ier\u012bce jeb bionisk\u0101s ausis","description":"Stetoskopiska noklaus\u012b\u0161an\u0101s ier\u012bce jeb bionisk\u0101s ausis dod iesp\u0113ju dzird\u0113t cauri sienai. Vienk\u0101r\u0161s veids, k\u0101 uzzin\u0101t, kas tiek run\u0101ts otr\u0101 pus\u0113. Viegli...","robots":{"index":"index","follow":"follow","max-snippet":"max-snippet:-1","max-image-preview":"max-image-preview:large","max-video-preview":"max-video-preview:-1"},"canonical":"https:\/\/izsekosanasierices.lv\/et\/produkts\/stetoskoopiline-kuuldeaparaat-voi-bioonilised-korvad\/","og_locale":"et_EE","og_type":"article","og_title":"Stetoskopiska noklaus\u012b\u0161an\u0101s caur sienu vai bionisk\u0101s ausis","og_description":"Stetoskopiska noklaus\u012b\u0161an\u0101s caur sienu vai bionisk\u0101s ausis. Vienk\u0101r\u0161s veids, k\u0101 uzzin\u0101t, kas tiek run\u0101ts p\u0101ri robe\u017eai. Viegli lietojams, nav nepiecie\u0161amas \u012bpa\u0161as prasmes","og_url":"https:\/\/izsekosanasierices.lv\/et\/produkts\/stetoskoopiline-kuuldeaparaat-voi-bioonilised-korvad\/","og_site_name":"Nr1 Izseko\u0161anas ier\u012bces gps izseko\u0161anas iek\u0101rtas, klaus\u012b\u0161an\u0101s iek\u0101rtas","article_modified_time":"2025-11-19T14:00:41+00:00","og_image":[{"url":"https:\/\/rvnski.dev\/sekimoiranga\/wp-content\/uploads\/izsekosanasierices.webp","type":"","width":"","height":""}],"twitter_card":"summary_large_image","twitter_title":"Stetoskopiska noklaus\u012b\u0161an\u0101s caur sienu vai bionisk\u0101s ausis","twitter_description":"Stetoskopiska noklaus\u012b\u0161an\u0101s caur sienu vai bionisk\u0101s ausis. Vienk\u0101r\u0161s veids, k\u0101 uzzin\u0101t, kas tiek run\u0101ts p\u0101ri robe\u017eai. Viegli lietojams, nav nepiecie\u0161amas \u012bpa\u0161as prasmes","twitter_misc":{"Est. reading time":"1 minut"},"schema":{"@context":"https:\/\/schema.org","@graph":[{"@type":"WebPage","@id":"https:\/\/izsekosanasierices.lv\/produkts\/stetoskopiska-noklausisanas-ierice-jeb-bioniskas-ausis\/","url":"https:\/\/izsekosanasierices.lv\/produkts\/stetoskopiska-noklausisanas-ierice-jeb-bioniskas-ausis\/","name":"Stetoskopiska noklaus\u012b\u0161an\u0101s ier\u012bce jeb bionisk\u0101s ausis","isPartOf":{"@id":"https:\/\/izsekosanasierices.lv\/#website"},"primaryImageOfPage":{"@id":"https:\/\/izsekosanasierices.lv\/produkts\/stetoskopiska-noklausisanas-ierice-jeb-bioniskas-ausis\/#primaryimage"},"image":{"@id":"https:\/\/izsekosanasierices.lv\/produkts\/stetoskopiska-noklausisanas-ierice-jeb-bioniskas-ausis\/#primaryimage"},"thumbnailUrl":"https:\/\/izsekosanasierices.lv\/wp-content\/uploads\/izsekosanasierices-stetoskopinis-pasiklausymas-per-siena-arba-bionines-ausys.jpg","datePublished":"2023-10-05T15:37:11+00:00","dateModified":"2025-11-19T14:00:41+00:00","description":"Stetoskopiska noklaus\u012b\u0161an\u0101s ier\u012bce jeb bionisk\u0101s ausis dod iesp\u0113ju dzird\u0113t cauri sienai. Vienk\u0101r\u0161s veids, k\u0101 uzzin\u0101t, kas tiek run\u0101ts otr\u0101 pus\u0113. Viegli...","breadcrumb":{"@id":"https:\/\/izsekosanasierices.lv\/produkts\/stetoskopiska-noklausisanas-ierice-jeb-bioniskas-ausis\/#breadcrumb"},"inLanguage":"et","potentialAction":[{"@type":"ReadAction","target":["https:\/\/izsekosanasierices.lv\/produkts\/stetoskopiska-noklausisanas-ierice-jeb-bioniskas-ausis\/"]}]},{"@type":"ImageObject","inLanguage":"et","@id":"https:\/\/izsekosanasierices.lv\/produkts\/stetoskopiska-noklausisanas-ierice-jeb-bioniskas-ausis\/#primaryimage","url":"https:\/\/izsekosanasierices.lv\/wp-content\/uploads\/izsekosanasierices-stetoskopinis-pasiklausymas-per-siena-arba-bionines-ausys.jpg","contentUrl":"https:\/\/izsekosanasierices.lv\/wp-content\/uploads\/izsekosanasierices-stetoskopinis-pasiklausymas-per-siena-arba-bionines-ausys.jpg","width":1001,"height":1001,"caption":"Pasiklausyma sper siena iki 20cm storio"},{"@type":"BreadcrumbList","@id":"https:\/\/izsekosanasierices.lv\/produkts\/stetoskopiska-noklausisanas-ierice-jeb-bioniskas-ausis\/#breadcrumb","itemListElement":[{"@type":"ListItem","position":1,"name":"S\u0101kums","item":"https:\/\/izsekosanasierices.lv\/"},{"@type":"ListItem","position":2,"name":"Veikals","item":"https:\/\/izsekosanasierices.lv\/veikals\/"},{"@type":"ListItem","position":3,"name":"Stetoskopiska noklaus\u012b\u0161an\u0101s ier\u012bce jeb bionisk\u0101s ausis"}]},{"@type":"WebSite","@id":"https:\/\/izsekosanasierices.lv\/#website","url":"https:\/\/izsekosanasierices.lv\/","name":"Nr1 Izseko\u0161anas ier\u012bces gps izseko\u0161anas iek\u0101rtas, klaus\u012b\u0161an\u0101s iek\u0101rtas","description":"","potentialAction":[{"@type":"SearchAction","target":{"@type":"EntryPoint","urlTemplate":"https:\/\/izsekosanasierices.lv\/?s={search_term_string}"},"query-input":{"@type":"PropertyValueSpecification","valueRequired":true,"valueName":"search_term_string"}}],"inLanguage":"et"}]}},"_links":{"self":[{"href":"https:\/\/izsekosanasierices.lv\/et\/wp-json\/wp\/v2\/product\/1213","targetHints":{"allow":["GET"]}}],"collection":[{"href":"https:\/\/izsekosanasierices.lv\/et\/wp-json\/wp\/v2\/product"}],"about":[{"href":"https:\/\/izsekosanasierices.lv\/et\/wp-json\/wp\/v2\/types\/product"}],"wp:featuredmedia":[{"embeddable":true,"href":"https:\/\/izsekosanasierices.lv\/et\/wp-json\/wp\/v2\/media\/1419"}],"wp:attachment":[{"href":"https:\/\/izsekosanasierices.lv\/et\/wp-json\/wp\/v2\/media?parent=1213"}],"wp:term":[{"taxonomy":"product_brand","embeddable":true,"href":"https:\/\/izsekosanasierices.lv\/et\/wp-json\/wp\/v2\/product_brand?post=1213"},{"taxonomy":"product_cat","embeddable":true,"href":"https:\/\/izsekosanasierices.lv\/et\/wp-json\/wp\/v2\/product_cat?post=1213"},{"taxonomy":"product_tag","embeddable":true,"href":"https:\/\/izsekosanasierices.lv\/et\/wp-json\/wp\/v2\/product_tag?post=1213"}],"curies":[{"name":"wp","href":"https:\/\/api.w.org\/{rel}","templated":true}]}}