{"id":1215,"date":"2023-10-05T15:37:11","date_gmt":"2023-10-05T15:37:11","guid":{"rendered":"https:\/\/izsekosanasierices.lv\/produktas\/usb-laide-paslepta-gsm-blake-imontuota-i-laida\/"},"modified":"2025-11-19T15:43:35","modified_gmt":"2025-11-19T13:43:35","slug":"usb-kabelis-kura-paslepta-gsm-noklausisanas-ierice","status":"publish","type":"product","link":"https:\/\/izsekosanasierices.lv\/et\/produkts\/usb-kaabel-koos-varjatud-gsm-kuulamise-seadmega\/","title":{"rendered":"USB-kaabel, mis peidab GSM-kuulamise seadet"},"content":{"rendered":"<h3><strong>Tehnilised parameetrid:<\/strong><\/h3>\n<ul>\n<li>GSM-sagedused: GSM\/ GPRS 850\/ 900\/ 1800\/ 1900 Mhz<\/li>\n<li>Mikrofoni tundlikkus: alates 35 db (vaikne vestlus)<\/li>\n<li>Mikrofoni leviala: 8 m2 v\u00f5i 2-3 m<\/li>\n<li>Aku: ei ole<\/li>\n<li>Laadimine: USB-\u00fchendus<\/li>\n<li>SIM-kaardid: mikro-SIM<\/li>\n<li>Kaal: 40 g<\/li>\n<li>Kaabli pikkus: 1 meeter<\/li>\n<li>Lisandumine: mobiiltelefoni kuulamise seade + pakend<\/li>\n<li><strong>Garantii 12 kuud<\/strong><\/li>\n<\/ul>\n<p><strong>\u00a0<\/strong><\/p>\n<p><span style=\"color: #ff0000;\"><strong>Vajad kiiret sama p\u00e4eva (ja n\u00e4dalavahetuse) kohaletoimetamist? Helistage <\/strong><strong>+<\/strong><strong>37120484176<\/strong><\/span><\/p>\n<p>&nbsp;<\/p>\n<p>Kasutamine: teie ohutuse tagamiseks, laste ohutuse tagamiseks.<\/p>\n<p>GSM-kuulamise seade on sisseehitatud USB-kaablisse. See USB-kaabel on t\u00e4ielikult toimiv ja v\u00f5imaldab teil laadida mobiiltelefoni v\u00f5i muud seadet. See on ilmselt \u00fcks parimaid kuulamisseadmeid. See kuulamise seade t\u00f6\u00f6tab ainult siis, kui see on \u00fchendatud vooluallikaga (arvuti), kui kaabel on USB-pistikupesast lahti \u00fchendatud, l\u00fclitub seade v\u00e4lja. Suurep\u00e4rane heli vastuv\u00f5tt kahe v\u00f5i kolme meetri kaugusel. Selle seadmega sobivad k\u00f5ik SIM-kaardid. Kui kaabel sisestatakse USB-pistikusse, l\u00fclitub seade umbes 10 sekundi p\u00e4rast sisse. See kuuldeaparaat sobib ideaalselt kasutamiseks kontoris, kodus v\u00f5i autos.<\/p>\n<p><strong>USB-kaabel peidab kuulamise seadet<\/strong><\/p>\n<p>Seda pealtkuulamisseadet on v\u00e4ga lihtne kasutada - sisestage SIM-kaart seadmesse ja \u00fchendage see USB-pessa (seade l\u00fclitub sisse umbes 10 sekundiga). Kaabli pikkus on 1 meeter ja heli vastuv\u00f5tu ulatus on 3 meetrit. See pealtkuulamisseade salvestab heli t\u00f5eliselt k\u00f5rge kvaliteediga, nii et v\u00f5ite olla kindel, et helisalvestused on selgelt arusaadavad. Erinevalt paljudest teistest kuulamisseadmetest ei ole sellel maskeeritud kuulamisseadmel patareid - see saab toite arvutist, millega see on \u00fchendatud USB kaudu.<\/p>\n<p>GSM <em>Kirbud <\/em>on piisavalt tundlik, et v\u00f5tta \u00fcles isegi vaiksed vestlused, nii et te ei pea muretsema, et liiga vaikseid vestlusi ei salvestata (<em>Kirbud<\/em> mikrofoni tundlikkus on 35 detsibelli). Salvestuste kuulamine annab teile teavet, mis pani teid otsustama selle seadme ostmise kasuks.<\/p>","protected":false},"excerpt":{"rendered":"<p>USB-laadimiskaablisse sisestatud salajane pealtkuulamisseade. Automaatne tagasikutsumisfunktsioon. Visuaalselt eristamatu tavalisest laadimisjuhtmest. USB-toitega.<\/p>","protected":false},"featured_media":1424,"template":"","meta":[],"product_brand":[],"product_cat":[336,335],"product_tag":[459,62,338,339,460,461,462],"class_list":{"0":"post-1215","1":"product","2":"type-product","3":"status-publish","4":"has-post-thumbnail","6":"product_cat-gsm-noklausisanas-iekartas-blakes","7":"product_cat-noklausisanas-ierices","8":"product_tag-blusa-uz-usb-kabela","9":"product_tag-gsm-blake","10":"product_tag-noklausisanas-iekartas","11":"product_tag-noklausisanas-kluda","12":"product_tag-noklausisanas-kludas","13":"product_tag-usb-asmens","14":"product_tag-usb-kabelis-blake","16":"first","17":"outofstock","18":"taxable","19":"shipping-taxable","20":"purchasable","21":"product-type-simple"},"yoast_head":"<!-- This site is optimized with the Yoast SEO plugin v27.5 - https:\/\/yoast.com\/product\/yoast-seo-wordpress\/ -->\n<title>USB kabelis, kur\u0101 pasl\u0113pta GSM noklaus\u012b\u0161an\u0101s ier\u012bce<\/title>\n<meta name=\"description\" content=\"USB uzl\u0101des kabel\u012b ievietota slepena noklaus\u012b\u0161an\u0101s ier\u012bce. Autom\u0101tiska atzvana funkcija. Vizu\u0101li neat\u0161\u0137iras no parasta l\u0101d\u0113t\u0101ja vada. Ar USB baro\u0161anu.\" \/>\n<meta name=\"robots\" content=\"index, follow, max-snippet:-1, max-image-preview:large, max-video-preview:-1\" \/>\n<link rel=\"canonical\" href=\"https:\/\/izsekosanasierices.lv\/et\/produkts\/usb-kaabel-koos-varjatud-gsm-kuulamise-seadmega\/\" \/>\n<meta property=\"og:locale\" content=\"et_EE\" \/>\n<meta property=\"og:type\" content=\"article\" \/>\n<meta property=\"og:title\" content=\"USB kabel\u012b ieb\u016bv\u0113ta klaus\u012b\u0161an\u0101s l\u0101psti\u0146a Lieliska ska\u0146a 2-3 m att\u0101lum\u0101\" \/>\n<meta property=\"og:description\" content=\"USB uzl\u0101des kabel\u012b ir ievietots slepenais asmens. Autom\u0101tiski zvana p\u0113c ska\u0146as vai trok\u0161\u0146a vads neat\u0161\u0137iras no parasta l\u0101d\u0113\u0161anas vada. Ar USB baro\u0161anu\" \/>\n<meta property=\"og:url\" content=\"https:\/\/izsekosanasierices.lv\/et\/produkts\/usb-kaabel-koos-varjatud-gsm-kuulamise-seadmega\/\" \/>\n<meta property=\"og:site_name\" content=\"Nr1 Izseko\u0161anas ier\u012bces gps izseko\u0161anas iek\u0101rtas, klaus\u012b\u0161an\u0101s iek\u0101rtas\" \/>\n<meta property=\"article:modified_time\" content=\"2025-11-19T13:43:35+00:00\" \/>\n<meta property=\"og:image\" content=\"https:\/\/rvnski.dev\/sekimoiranga\/wp-content\/uploads\/izsekosanasierices.webp\" \/>\n<meta name=\"twitter:card\" content=\"summary_large_image\" \/>\n<meta name=\"twitter:title\" content=\"USB kabel\u012b ieb\u016bv\u0113ta klaus\u012b\u0161an\u0101s l\u0101psti\u0146a Lieliska ska\u0146a 2-3 m att\u0101lum\u0101\" \/>\n<meta name=\"twitter:description\" content=\"USB uzl\u0101des kabel\u012b ir ievietots slepenais asmens. Autom\u0101tiski zvana p\u0113c ska\u0146as vai trok\u0161\u0146a vads neat\u0161\u0137iras no parasta l\u0101d\u0113\u0161anas vada. Ar USB baro\u0161anu\" \/>\n<meta name=\"twitter:label1\" content=\"Est. reading time\" \/>\n\t<meta name=\"twitter:data1\" content=\"2 minutit\" \/>\n<script type=\"application\/ld+json\" class=\"yoast-schema-graph\">{\"@context\":\"https:\\\/\\\/schema.org\",\"@graph\":[{\"@type\":\"WebPage\",\"@id\":\"https:\\\/\\\/izsekosanasierices.lv\\\/produkts\\\/usb-kabelis-kura-paslepta-gsm-noklausisanas-ierice\\\/\",\"url\":\"https:\\\/\\\/izsekosanasierices.lv\\\/produkts\\\/usb-kabelis-kura-paslepta-gsm-noklausisanas-ierice\\\/\",\"name\":\"USB kabelis, kur\u0101 pasl\u0113pta GSM noklaus\u012b\u0161an\u0101s ier\u012bce\",\"isPartOf\":{\"@id\":\"https:\\\/\\\/izsekosanasierices.lv\\\/#website\"},\"primaryImageOfPage\":{\"@id\":\"https:\\\/\\\/izsekosanasierices.lv\\\/produkts\\\/usb-kabelis-kura-paslepta-gsm-noklausisanas-ierice\\\/#primaryimage\"},\"image\":{\"@id\":\"https:\\\/\\\/izsekosanasierices.lv\\\/produkts\\\/usb-kabelis-kura-paslepta-gsm-noklausisanas-ierice\\\/#primaryimage\"},\"thumbnailUrl\":\"https:\\\/\\\/izsekosanasierices.lv\\\/wp-content\\\/uploads\\\/izsekosanasierices-usb-gsm-blake-imontuota-i-laida-pasiklausymo-iranga.jpg\",\"datePublished\":\"2023-10-05T15:37:11+00:00\",\"dateModified\":\"2025-11-19T13:43:35+00:00\",\"description\":\"USB uzl\u0101des kabel\u012b ievietota slepena noklaus\u012b\u0161an\u0101s ier\u012bce. Autom\u0101tiska atzvana funkcija. Vizu\u0101li neat\u0161\u0137iras no parasta l\u0101d\u0113t\u0101ja vada. Ar USB baro\u0161anu.\",\"breadcrumb\":{\"@id\":\"https:\\\/\\\/izsekosanasierices.lv\\\/produkts\\\/usb-kabelis-kura-paslepta-gsm-noklausisanas-ierice\\\/#breadcrumb\"},\"inLanguage\":\"et\",\"potentialAction\":[{\"@type\":\"ReadAction\",\"target\":[\"https:\\\/\\\/izsekosanasierices.lv\\\/produkts\\\/usb-kabelis-kura-paslepta-gsm-noklausisanas-ierice\\\/\"]}]},{\"@type\":\"ImageObject\",\"inLanguage\":\"et\",\"@id\":\"https:\\\/\\\/izsekosanasierices.lv\\\/produkts\\\/usb-kabelis-kura-paslepta-gsm-noklausisanas-ierice\\\/#primaryimage\",\"url\":\"https:\\\/\\\/izsekosanasierices.lv\\\/wp-content\\\/uploads\\\/izsekosanasierices-usb-gsm-blake-imontuota-i-laida-pasiklausymo-iranga.jpg\",\"contentUrl\":\"https:\\\/\\\/izsekosanasierices.lv\\\/wp-content\\\/uploads\\\/izsekosanasierices-usb-gsm-blake-imontuota-i-laida-pasiklausymo-iranga.jpg\",\"width\":458,\"height\":416,\"caption\":\"USB laide imontuota gsm blak\u0117\"},{\"@type\":\"BreadcrumbList\",\"@id\":\"https:\\\/\\\/izsekosanasierices.lv\\\/produkts\\\/usb-kabelis-kura-paslepta-gsm-noklausisanas-ierice\\\/#breadcrumb\",\"itemListElement\":[{\"@type\":\"ListItem\",\"position\":1,\"name\":\"S\u0101kums\",\"item\":\"https:\\\/\\\/izsekosanasierices.lv\\\/\"},{\"@type\":\"ListItem\",\"position\":2,\"name\":\"Veikals\",\"item\":\"https:\\\/\\\/izsekosanasierices.lv\\\/veikals\\\/\"},{\"@type\":\"ListItem\",\"position\":3,\"name\":\"USB kabelis, kur\u0101 pasl\u0113pta GSM noklaus\u012b\u0161an\u0101s ier\u012bce\"}]},{\"@type\":\"WebSite\",\"@id\":\"https:\\\/\\\/izsekosanasierices.lv\\\/#website\",\"url\":\"https:\\\/\\\/izsekosanasierices.lv\\\/\",\"name\":\"Nr1 Izseko\u0161anas ier\u012bces gps izseko\u0161anas iek\u0101rtas, klaus\u012b\u0161an\u0101s iek\u0101rtas\",\"description\":\"\",\"potentialAction\":[{\"@type\":\"SearchAction\",\"target\":{\"@type\":\"EntryPoint\",\"urlTemplate\":\"https:\\\/\\\/izsekosanasierices.lv\\\/?s={search_term_string}\"},\"query-input\":{\"@type\":\"PropertyValueSpecification\",\"valueRequired\":true,\"valueName\":\"search_term_string\"}}],\"inLanguage\":\"et\"}]}<\/script>\n<!-- \/ Yoast SEO plugin. -->","yoast_head_json":{"title":"USB kabelis, kur\u0101 pasl\u0113pta GSM noklaus\u012b\u0161an\u0101s ier\u012bce","description":"USB uzl\u0101des kabel\u012b ievietota slepena noklaus\u012b\u0161an\u0101s ier\u012bce. Autom\u0101tiska atzvana funkcija. Vizu\u0101li neat\u0161\u0137iras no parasta l\u0101d\u0113t\u0101ja vada. Ar USB baro\u0161anu.","robots":{"index":"index","follow":"follow","max-snippet":"max-snippet:-1","max-image-preview":"max-image-preview:large","max-video-preview":"max-video-preview:-1"},"canonical":"https:\/\/izsekosanasierices.lv\/et\/produkts\/usb-kaabel-koos-varjatud-gsm-kuulamise-seadmega\/","og_locale":"et_EE","og_type":"article","og_title":"USB kabel\u012b ieb\u016bv\u0113ta klaus\u012b\u0161an\u0101s l\u0101psti\u0146a Lieliska ska\u0146a 2-3 m att\u0101lum\u0101","og_description":"USB uzl\u0101des kabel\u012b ir ievietots slepenais asmens. Autom\u0101tiski zvana p\u0113c ska\u0146as vai trok\u0161\u0146a vads neat\u0161\u0137iras no parasta l\u0101d\u0113\u0161anas vada. Ar USB baro\u0161anu","og_url":"https:\/\/izsekosanasierices.lv\/et\/produkts\/usb-kaabel-koos-varjatud-gsm-kuulamise-seadmega\/","og_site_name":"Nr1 Izseko\u0161anas ier\u012bces gps izseko\u0161anas iek\u0101rtas, klaus\u012b\u0161an\u0101s iek\u0101rtas","article_modified_time":"2025-11-19T13:43:35+00:00","og_image":[{"url":"https:\/\/rvnski.dev\/sekimoiranga\/wp-content\/uploads\/izsekosanasierices.webp","type":"","width":"","height":""}],"twitter_card":"summary_large_image","twitter_title":"USB kabel\u012b ieb\u016bv\u0113ta klaus\u012b\u0161an\u0101s l\u0101psti\u0146a Lieliska ska\u0146a 2-3 m att\u0101lum\u0101","twitter_description":"USB uzl\u0101des kabel\u012b ir ievietots slepenais asmens. Autom\u0101tiski zvana p\u0113c ska\u0146as vai trok\u0161\u0146a vads neat\u0161\u0137iras no parasta l\u0101d\u0113\u0161anas vada. Ar USB baro\u0161anu","twitter_misc":{"Est. reading time":"2 minutit"},"schema":{"@context":"https:\/\/schema.org","@graph":[{"@type":"WebPage","@id":"https:\/\/izsekosanasierices.lv\/produkts\/usb-kabelis-kura-paslepta-gsm-noklausisanas-ierice\/","url":"https:\/\/izsekosanasierices.lv\/produkts\/usb-kabelis-kura-paslepta-gsm-noklausisanas-ierice\/","name":"USB kabelis, kur\u0101 pasl\u0113pta GSM noklaus\u012b\u0161an\u0101s ier\u012bce","isPartOf":{"@id":"https:\/\/izsekosanasierices.lv\/#website"},"primaryImageOfPage":{"@id":"https:\/\/izsekosanasierices.lv\/produkts\/usb-kabelis-kura-paslepta-gsm-noklausisanas-ierice\/#primaryimage"},"image":{"@id":"https:\/\/izsekosanasierices.lv\/produkts\/usb-kabelis-kura-paslepta-gsm-noklausisanas-ierice\/#primaryimage"},"thumbnailUrl":"https:\/\/izsekosanasierices.lv\/wp-content\/uploads\/izsekosanasierices-usb-gsm-blake-imontuota-i-laida-pasiklausymo-iranga.jpg","datePublished":"2023-10-05T15:37:11+00:00","dateModified":"2025-11-19T13:43:35+00:00","description":"USB uzl\u0101des kabel\u012b ievietota slepena noklaus\u012b\u0161an\u0101s ier\u012bce. Autom\u0101tiska atzvana funkcija. Vizu\u0101li neat\u0161\u0137iras no parasta l\u0101d\u0113t\u0101ja vada. Ar USB baro\u0161anu.","breadcrumb":{"@id":"https:\/\/izsekosanasierices.lv\/produkts\/usb-kabelis-kura-paslepta-gsm-noklausisanas-ierice\/#breadcrumb"},"inLanguage":"et","potentialAction":[{"@type":"ReadAction","target":["https:\/\/izsekosanasierices.lv\/produkts\/usb-kabelis-kura-paslepta-gsm-noklausisanas-ierice\/"]}]},{"@type":"ImageObject","inLanguage":"et","@id":"https:\/\/izsekosanasierices.lv\/produkts\/usb-kabelis-kura-paslepta-gsm-noklausisanas-ierice\/#primaryimage","url":"https:\/\/izsekosanasierices.lv\/wp-content\/uploads\/izsekosanasierices-usb-gsm-blake-imontuota-i-laida-pasiklausymo-iranga.jpg","contentUrl":"https:\/\/izsekosanasierices.lv\/wp-content\/uploads\/izsekosanasierices-usb-gsm-blake-imontuota-i-laida-pasiklausymo-iranga.jpg","width":458,"height":416,"caption":"USB laide imontuota gsm blak\u0117"},{"@type":"BreadcrumbList","@id":"https:\/\/izsekosanasierices.lv\/produkts\/usb-kabelis-kura-paslepta-gsm-noklausisanas-ierice\/#breadcrumb","itemListElement":[{"@type":"ListItem","position":1,"name":"S\u0101kums","item":"https:\/\/izsekosanasierices.lv\/"},{"@type":"ListItem","position":2,"name":"Veikals","item":"https:\/\/izsekosanasierices.lv\/veikals\/"},{"@type":"ListItem","position":3,"name":"USB kabelis, kur\u0101 pasl\u0113pta GSM noklaus\u012b\u0161an\u0101s ier\u012bce"}]},{"@type":"WebSite","@id":"https:\/\/izsekosanasierices.lv\/#website","url":"https:\/\/izsekosanasierices.lv\/","name":"Nr1 Izseko\u0161anas ier\u012bces gps izseko\u0161anas iek\u0101rtas, klaus\u012b\u0161an\u0101s iek\u0101rtas","description":"","potentialAction":[{"@type":"SearchAction","target":{"@type":"EntryPoint","urlTemplate":"https:\/\/izsekosanasierices.lv\/?s={search_term_string}"},"query-input":{"@type":"PropertyValueSpecification","valueRequired":true,"valueName":"search_term_string"}}],"inLanguage":"et"}]}},"_links":{"self":[{"href":"https:\/\/izsekosanasierices.lv\/et\/wp-json\/wp\/v2\/product\/1215","targetHints":{"allow":["GET"]}}],"collection":[{"href":"https:\/\/izsekosanasierices.lv\/et\/wp-json\/wp\/v2\/product"}],"about":[{"href":"https:\/\/izsekosanasierices.lv\/et\/wp-json\/wp\/v2\/types\/product"}],"wp:featuredmedia":[{"embeddable":true,"href":"https:\/\/izsekosanasierices.lv\/et\/wp-json\/wp\/v2\/media\/1424"}],"wp:attachment":[{"href":"https:\/\/izsekosanasierices.lv\/et\/wp-json\/wp\/v2\/media?parent=1215"}],"wp:term":[{"taxonomy":"product_brand","embeddable":true,"href":"https:\/\/izsekosanasierices.lv\/et\/wp-json\/wp\/v2\/product_brand?post=1215"},{"taxonomy":"product_cat","embeddable":true,"href":"https:\/\/izsekosanasierices.lv\/et\/wp-json\/wp\/v2\/product_cat?post=1215"},{"taxonomy":"product_tag","embeddable":true,"href":"https:\/\/izsekosanasierices.lv\/et\/wp-json\/wp\/v2\/product_tag?post=1215"}],"curies":[{"name":"wp","href":"https:\/\/api.w.org\/{rel}","templated":true}]}}