{"id":1217,"date":"2023-10-05T15:37:11","date_gmt":"2023-10-05T15:37:11","guid":{"rendered":"https:\/\/izsekosanasierices.lv\/produktas\/pasiklausymo-blake-radio-dazniu-veikimo-nuotolis-apie-50m\/"},"modified":"2025-11-19T16:03:35","modified_gmt":"2025-11-19T14:03:35","slug":"radiofrekvences-klausisanas-bug-aptuveni-50-m-diapazona","status":"publish","type":"product","link":"https:\/\/izsekosanasierices.lv\/et\/produkts\/raadiosageduslik-kuuldeaparaat-mille-raadius-on-ligikaudu-50-m\/","title":{"rendered":"Raadiosageduse pealtkuulamise viga umbes 50 m raadiuses."},"content":{"rendered":"<h3><strong>Tehnilised parameetrid:<\/strong><\/h3>\n<ul>\n<li>Sagedusvahemik: 88 - 108 MHz (vaikimisi 94,7 MHz)<\/li>\n<li>Kaugus paigaldusest: kuni 50 m avatud aladel.<\/li>\n<li>Energiatarve: 1,8 mAh<\/li>\n<li>Toide: 2 x AA patareid<\/li>\n<li>Pidev t\u00f6\u00f6aeg: umbes 30 p\u00e4eva<\/li>\n<li>Saatev\u00f5imsus: umbes 2 mW<\/li>\n<li>M\u00f5\u00f5tmed: 50 mm x 20 mm x 10 mm<\/li>\n<li>Komplektis: kuulamise seade, kasutusjuhend<\/li>\n<li><strong>Garantii 12 kuud<\/strong><\/li>\n<\/ul>\n<p><span style=\"color: #ff0000;\"><strong>Vajad kiiret sama p\u00e4eva (ja n\u00e4dalavahetuse) kohaletoimetamist? Helistage <\/strong><strong>+<\/strong><strong>37120484176<\/strong><\/span><\/p>\n<p>Kasutamine: teie ohutuse tagamiseks, laste ohutuse tagamiseks.<\/p>\n<p>NX-380 pealtkuulaja on n\u00e4htamatu ja pakub \u00fclik\u00f5rget helikvaliteeti, tagades privaatsuse igas olukorras. Selle v\u00e4ike suurus v\u00f5imaldab seda h\u00f5lpsasti maskeerida, samal ajal kui selle t\u00e4iustatud tehnoloogia tagab, et heli v\u00f5etakse vastu ja edastatakse k\u00f5rge kvaliteediga kuuldavusega kuni 50 meetri kaugusel heliallikast. Selle mudeli poolt edastatavaid helisid saab esitada mis tahes raadiovastuv\u00f5tjaga (vajalik on FM-raadiosagedus).<\/p>\n<p><strong>H\u00d5LPSASTI KASUTATAV SEADE<\/strong><\/p>\n<p>Seda kuulamisseadet on lihtne integreerida ja kasutada: kui see on paigas, tuleb see heli kuulamiseks sisse l\u00fclitada (selleks v\u00f5ib kasutada mis tahes seadet; isegi mobiiltelefonide raadiosid v\u00f5ib kasutada). Vastuv\u00f5tja peab olema sisse l\u00fclitatud ja h\u00e4\u00e4lestatud (soovitud sagedusele seatud) 3 meetri kaugusel kuulamisseadmest (kaugust saab suurendada 50 meetrini, kui seadmed on \u00fchendatud).<\/p>\n<p><strong>KUULAMISSEADMETE VALIKUD<\/strong><\/p>\n<p>Seadme kompaktne disain v\u00f5imaldab seda peidelda v\u00e4ikestes ruumides. Sellel kuulamisseadmel on pikk kasutusiga - see v\u00f5ib raadiovastuv\u00f5tjaga \u00fchendatuna t\u00f6\u00f6tada kuni 30 p\u00e4eva ilma katkestusteta. Seade tagab maksimaalse privaatsuse - see ei kiirga valgus- ega helisignaale. H\u00e4irete v\u00f5i helikvaliteedi halvenemise korral tuleb muuta saatja sagedust (sagedust reguleerib spetsiaalne regulaator (RF)).<\/p>\n<p><strong>T\u00c4HELEPANU<\/strong><\/p>\n<p><strong>Pange t\u00e4hele, et seade on ainult statsionaarses re\u017eiimis (sissel\u00fclitatud kuulamisseadet ei saa liigutada).<\/strong>\u00a0<strong>Samuti on oluline, et seadet ei kinnitataks teiste elektriseadmete l\u00e4hedusse.<\/strong><\/p>\n<p><strong>TEHNILINE KIRJELDUS<\/strong><\/p>\n<ul>\n<li>Sagedusvahemik: 88 - 108 MHz (vaikimisi 94,7 MHz)<\/li>\n<li>Kaugus paigaldusest: kuni 50 m avatud aladel.<\/li>\n<li>Energiatarve: 1,8 mAh<\/li>\n<li>Toide: 2 x AA patareid<\/li>\n<li>Pidev t\u00f6\u00f6aeg: umbes 30 p\u00e4eva<\/li>\n<li>Saatev\u00f5imsus: umbes 2 mW<\/li>\n<li>M\u00f5\u00f5tmed: 50 mm x 20 mm x 10 mm<\/li>\n<li>Komplektis: kuulamise seade, kasutusjuhend<\/li>\n<\/ul>","protected":false},"excerpt":{"rendered":"<p>Varjatud pealtkuulamisseade, mis t\u00f6\u00f6tab raadiosagedustel kuni 50 meetri kaugusel. Kvaliteetne heli. Kasutatakse koos raadiovastuv\u00f5tjaga. Lihtne varjata korterites, kontorites ja mujal.<\/p>","protected":false},"featured_media":1431,"template":"","meta":[],"product_brand":[],"product_cat":[335,379],"product_tag":[380,381,332,338,339,382],"class_list":{"0":"post-1217","1":"product","2":"type-product","3":"status-publish","4":"has-post-thumbnail","6":"product_cat-noklausisanas-ierices","7":"product_cat-rf-noklausisanas-iekartas","8":"product_tag-blake-rd","9":"product_tag-fm-blusa","10":"product_tag-izsekosanas-iekartas","11":"product_tag-noklausisanas-iekartas","12":"product_tag-noklausisanas-kluda","13":"product_tag-radiofrekvencu-bloks","15":"first","16":"outofstock","17":"taxable","18":"shipping-taxable","19":"purchasable","20":"product-type-simple"},"yoast_head":"<!-- This site is optimized with the Yoast SEO plugin v27.5 - https:\/\/yoast.com\/product\/yoast-seo-wordpress\/ -->\n<title>Slepena noklaus\u012b\u0161an\u0101s l\u0101psti\u0146a kas darbojas radio frekvenc\u0113s l\u012bdz 50m<\/title>\n<meta name=\"description\" content=\"Sl\u0113pta noklaus\u012b\u0161an\u0101s iek\u0101rta, kas darbojas radio frekvenc\u0113s l\u012bdz 50 metru att\u0101lum\u0101. Augstas kvalit\u0101tes ska\u0146a. Ier\u012bce izmantojama kop\u0101 ar radio uztv\u0113r\u0113ju.\" \/>\n<meta name=\"robots\" content=\"index, follow, max-snippet:-1, max-image-preview:large, max-video-preview:-1\" \/>\n<link rel=\"canonical\" href=\"https:\/\/izsekosanasierices.lv\/et\/produkts\/raadiosageduslik-kuuldeaparaat-mille-raadius-on-ligikaudu-50-m\/\" \/>\n<meta property=\"og:locale\" content=\"et_EE\" \/>\n<meta property=\"og:type\" content=\"article\" \/>\n<meta property=\"og:title\" content=\"Slepena noklaus\u012b\u0161an\u0101s l\u0101psti\u0146a, kas darbojas radio frekvenc\u0113s l\u012bdz 50 metriem.\" \/>\n<meta property=\"og:description\" content=\"Sl\u0113pta noklaus\u012b\u0161an\u0101s iek\u0101rta, kas darbojas radio frekvenc\u0113s l\u012bdz 50 metriem. Augstas kvalit\u0101tes ska\u0146a, kas atska\u0146ota, izmantojot radio uztv\u0113r\u0113ju. Viegli pasl\u0113ptas j\u016bsu dz\u012bvokl\u012b, ofisoplace\" \/>\n<meta property=\"og:url\" content=\"https:\/\/izsekosanasierices.lv\/et\/produkts\/raadiosageduslik-kuuldeaparaat-mille-raadius-on-ligikaudu-50-m\/\" \/>\n<meta property=\"og:site_name\" content=\"Nr1 Izseko\u0161anas ier\u012bces gps izseko\u0161anas iek\u0101rtas, klaus\u012b\u0161an\u0101s iek\u0101rtas\" \/>\n<meta property=\"article:modified_time\" content=\"2025-11-19T14:03:35+00:00\" \/>\n<meta property=\"og:image\" content=\"https:\/\/rvnski.dev\/sekimoiranga\/wp-content\/uploads\/izsekosanasierices.webp\" \/>\n<meta name=\"twitter:card\" content=\"summary_large_image\" \/>\n<meta name=\"twitter:title\" content=\"Slepena noklaus\u012b\u0161an\u0101s l\u0101psti\u0146a, kas darbojas radio frekvenc\u0113s l\u012bdz 50 metriem.\" \/>\n<meta name=\"twitter:description\" content=\"Sl\u0113pta noklaus\u012b\u0161an\u0101s iek\u0101rta, kas darbojas radio frekvenc\u0113s l\u012bdz 50 metriem. Augstas kvalit\u0101tes ska\u0146a, kas atska\u0146ota, izmantojot radio uztv\u0113r\u0113ju. Viegli pasl\u0113ptas j\u016bsu dz\u012bvokl\u012b, ofisoplace\" \/>\n<meta name=\"twitter:label1\" content=\"Est. reading time\" \/>\n\t<meta name=\"twitter:data1\" content=\"2 minutit\" \/>\n<script type=\"application\/ld+json\" class=\"yoast-schema-graph\">{\"@context\":\"https:\\\/\\\/schema.org\",\"@graph\":[{\"@type\":\"WebPage\",\"@id\":\"https:\\\/\\\/izsekosanasierices.lv\\\/produkts\\\/radiofrekvences-klausisanas-bug-aptuveni-50-m-diapazona\\\/\",\"url\":\"https:\\\/\\\/izsekosanasierices.lv\\\/produkts\\\/radiofrekvences-klausisanas-bug-aptuveni-50-m-diapazona\\\/\",\"name\":\"Slepena noklaus\u012b\u0161an\u0101s l\u0101psti\u0146a kas darbojas radio frekvenc\u0113s l\u012bdz 50m\",\"isPartOf\":{\"@id\":\"https:\\\/\\\/izsekosanasierices.lv\\\/#website\"},\"primaryImageOfPage\":{\"@id\":\"https:\\\/\\\/izsekosanasierices.lv\\\/produkts\\\/radiofrekvences-klausisanas-bug-aptuveni-50-m-diapazona\\\/#primaryimage\"},\"image\":{\"@id\":\"https:\\\/\\\/izsekosanasierices.lv\\\/produkts\\\/radiofrekvences-klausisanas-bug-aptuveni-50-m-diapazona\\\/#primaryimage\"},\"thumbnailUrl\":\"https:\\\/\\\/izsekosanasierices.lv\\\/wp-content\\\/uploads\\\/izsekosanasierices-pasiklausymo-blake-radio-dazniu-veikimo-nuotolis-apie-50m.jpg\",\"datePublished\":\"2023-10-05T15:37:11+00:00\",\"dateModified\":\"2025-11-19T14:03:35+00:00\",\"description\":\"Sl\u0113pta noklaus\u012b\u0161an\u0101s iek\u0101rta, kas darbojas radio frekvenc\u0113s l\u012bdz 50 metru att\u0101lum\u0101. Augstas kvalit\u0101tes ska\u0146a. Ier\u012bce izmantojama kop\u0101 ar radio uztv\u0113r\u0113ju.\",\"breadcrumb\":{\"@id\":\"https:\\\/\\\/izsekosanasierices.lv\\\/produkts\\\/radiofrekvences-klausisanas-bug-aptuveni-50-m-diapazona\\\/#breadcrumb\"},\"inLanguage\":\"et\",\"potentialAction\":[{\"@type\":\"ReadAction\",\"target\":[\"https:\\\/\\\/izsekosanasierices.lv\\\/produkts\\\/radiofrekvences-klausisanas-bug-aptuveni-50-m-diapazona\\\/\"]}]},{\"@type\":\"ImageObject\",\"inLanguage\":\"et\",\"@id\":\"https:\\\/\\\/izsekosanasierices.lv\\\/produkts\\\/radiofrekvences-klausisanas-bug-aptuveni-50-m-diapazona\\\/#primaryimage\",\"url\":\"https:\\\/\\\/izsekosanasierices.lv\\\/wp-content\\\/uploads\\\/izsekosanasierices-pasiklausymo-blake-radio-dazniu-veikimo-nuotolis-apie-50m.jpg\",\"contentUrl\":\"https:\\\/\\\/izsekosanasierices.lv\\\/wp-content\\\/uploads\\\/izsekosanasierices-pasiklausymo-blake-radio-dazniu-veikimo-nuotolis-apie-50m.jpg\",\"width\":682,\"height\":496,\"caption\":\"pasiklausymo blak\u0117 radio da\u017eniu\"},{\"@type\":\"BreadcrumbList\",\"@id\":\"https:\\\/\\\/izsekosanasierices.lv\\\/produkts\\\/radiofrekvences-klausisanas-bug-aptuveni-50-m-diapazona\\\/#breadcrumb\",\"itemListElement\":[{\"@type\":\"ListItem\",\"position\":1,\"name\":\"S\u0101kums\",\"item\":\"https:\\\/\\\/izsekosanasierices.lv\\\/\"},{\"@type\":\"ListItem\",\"position\":2,\"name\":\"Veikals\",\"item\":\"https:\\\/\\\/izsekosanasierices.lv\\\/veikals\\\/\"},{\"@type\":\"ListItem\",\"position\":3,\"name\":\"Radiofrekvences klaus\u012b\u0161an\u0101s bug aptuveni 50 m diapazon\u0101\"}]},{\"@type\":\"WebSite\",\"@id\":\"https:\\\/\\\/izsekosanasierices.lv\\\/#website\",\"url\":\"https:\\\/\\\/izsekosanasierices.lv\\\/\",\"name\":\"Nr1 Izseko\u0161anas ier\u012bces gps izseko\u0161anas iek\u0101rtas, klaus\u012b\u0161an\u0101s iek\u0101rtas\",\"description\":\"\",\"potentialAction\":[{\"@type\":\"SearchAction\",\"target\":{\"@type\":\"EntryPoint\",\"urlTemplate\":\"https:\\\/\\\/izsekosanasierices.lv\\\/?s={search_term_string}\"},\"query-input\":{\"@type\":\"PropertyValueSpecification\",\"valueRequired\":true,\"valueName\":\"search_term_string\"}}],\"inLanguage\":\"et\"}]}<\/script>\n<!-- \/ Yoast SEO plugin. -->","yoast_head_json":{"title":"Slepena noklaus\u012b\u0161an\u0101s l\u0101psti\u0146a kas darbojas radio frekvenc\u0113s l\u012bdz 50m","description":"Sl\u0113pta noklaus\u012b\u0161an\u0101s iek\u0101rta, kas darbojas radio frekvenc\u0113s l\u012bdz 50 metru att\u0101lum\u0101. Augstas kvalit\u0101tes ska\u0146a. Ier\u012bce izmantojama kop\u0101 ar radio uztv\u0113r\u0113ju.","robots":{"index":"index","follow":"follow","max-snippet":"max-snippet:-1","max-image-preview":"max-image-preview:large","max-video-preview":"max-video-preview:-1"},"canonical":"https:\/\/izsekosanasierices.lv\/et\/produkts\/raadiosageduslik-kuuldeaparaat-mille-raadius-on-ligikaudu-50-m\/","og_locale":"et_EE","og_type":"article","og_title":"Slepena noklaus\u012b\u0161an\u0101s l\u0101psti\u0146a, kas darbojas radio frekvenc\u0113s l\u012bdz 50 metriem.","og_description":"Sl\u0113pta noklaus\u012b\u0161an\u0101s iek\u0101rta, kas darbojas radio frekvenc\u0113s l\u012bdz 50 metriem. Augstas kvalit\u0101tes ska\u0146a, kas atska\u0146ota, izmantojot radio uztv\u0113r\u0113ju. Viegli pasl\u0113ptas j\u016bsu dz\u012bvokl\u012b, ofisoplace","og_url":"https:\/\/izsekosanasierices.lv\/et\/produkts\/raadiosageduslik-kuuldeaparaat-mille-raadius-on-ligikaudu-50-m\/","og_site_name":"Nr1 Izseko\u0161anas ier\u012bces gps izseko\u0161anas iek\u0101rtas, klaus\u012b\u0161an\u0101s iek\u0101rtas","article_modified_time":"2025-11-19T14:03:35+00:00","og_image":[{"url":"https:\/\/rvnski.dev\/sekimoiranga\/wp-content\/uploads\/izsekosanasierices.webp","type":"","width":"","height":""}],"twitter_card":"summary_large_image","twitter_title":"Slepena noklaus\u012b\u0161an\u0101s l\u0101psti\u0146a, kas darbojas radio frekvenc\u0113s l\u012bdz 50 metriem.","twitter_description":"Sl\u0113pta noklaus\u012b\u0161an\u0101s iek\u0101rta, kas darbojas radio frekvenc\u0113s l\u012bdz 50 metriem. Augstas kvalit\u0101tes ska\u0146a, kas atska\u0146ota, izmantojot radio uztv\u0113r\u0113ju. Viegli pasl\u0113ptas j\u016bsu dz\u012bvokl\u012b, ofisoplace","twitter_misc":{"Est. reading time":"2 minutit"},"schema":{"@context":"https:\/\/schema.org","@graph":[{"@type":"WebPage","@id":"https:\/\/izsekosanasierices.lv\/produkts\/radiofrekvences-klausisanas-bug-aptuveni-50-m-diapazona\/","url":"https:\/\/izsekosanasierices.lv\/produkts\/radiofrekvences-klausisanas-bug-aptuveni-50-m-diapazona\/","name":"Slepena noklaus\u012b\u0161an\u0101s l\u0101psti\u0146a kas darbojas radio frekvenc\u0113s l\u012bdz 50m","isPartOf":{"@id":"https:\/\/izsekosanasierices.lv\/#website"},"primaryImageOfPage":{"@id":"https:\/\/izsekosanasierices.lv\/produkts\/radiofrekvences-klausisanas-bug-aptuveni-50-m-diapazona\/#primaryimage"},"image":{"@id":"https:\/\/izsekosanasierices.lv\/produkts\/radiofrekvences-klausisanas-bug-aptuveni-50-m-diapazona\/#primaryimage"},"thumbnailUrl":"https:\/\/izsekosanasierices.lv\/wp-content\/uploads\/izsekosanasierices-pasiklausymo-blake-radio-dazniu-veikimo-nuotolis-apie-50m.jpg","datePublished":"2023-10-05T15:37:11+00:00","dateModified":"2025-11-19T14:03:35+00:00","description":"Sl\u0113pta noklaus\u012b\u0161an\u0101s iek\u0101rta, kas darbojas radio frekvenc\u0113s l\u012bdz 50 metru att\u0101lum\u0101. Augstas kvalit\u0101tes ska\u0146a. Ier\u012bce izmantojama kop\u0101 ar radio uztv\u0113r\u0113ju.","breadcrumb":{"@id":"https:\/\/izsekosanasierices.lv\/produkts\/radiofrekvences-klausisanas-bug-aptuveni-50-m-diapazona\/#breadcrumb"},"inLanguage":"et","potentialAction":[{"@type":"ReadAction","target":["https:\/\/izsekosanasierices.lv\/produkts\/radiofrekvences-klausisanas-bug-aptuveni-50-m-diapazona\/"]}]},{"@type":"ImageObject","inLanguage":"et","@id":"https:\/\/izsekosanasierices.lv\/produkts\/radiofrekvences-klausisanas-bug-aptuveni-50-m-diapazona\/#primaryimage","url":"https:\/\/izsekosanasierices.lv\/wp-content\/uploads\/izsekosanasierices-pasiklausymo-blake-radio-dazniu-veikimo-nuotolis-apie-50m.jpg","contentUrl":"https:\/\/izsekosanasierices.lv\/wp-content\/uploads\/izsekosanasierices-pasiklausymo-blake-radio-dazniu-veikimo-nuotolis-apie-50m.jpg","width":682,"height":496,"caption":"pasiklausymo blak\u0117 radio da\u017eniu"},{"@type":"BreadcrumbList","@id":"https:\/\/izsekosanasierices.lv\/produkts\/radiofrekvences-klausisanas-bug-aptuveni-50-m-diapazona\/#breadcrumb","itemListElement":[{"@type":"ListItem","position":1,"name":"S\u0101kums","item":"https:\/\/izsekosanasierices.lv\/"},{"@type":"ListItem","position":2,"name":"Veikals","item":"https:\/\/izsekosanasierices.lv\/veikals\/"},{"@type":"ListItem","position":3,"name":"Radiofrekvences klaus\u012b\u0161an\u0101s bug aptuveni 50 m diapazon\u0101"}]},{"@type":"WebSite","@id":"https:\/\/izsekosanasierices.lv\/#website","url":"https:\/\/izsekosanasierices.lv\/","name":"Nr1 Izseko\u0161anas ier\u012bces gps izseko\u0161anas iek\u0101rtas, klaus\u012b\u0161an\u0101s iek\u0101rtas","description":"","potentialAction":[{"@type":"SearchAction","target":{"@type":"EntryPoint","urlTemplate":"https:\/\/izsekosanasierices.lv\/?s={search_term_string}"},"query-input":{"@type":"PropertyValueSpecification","valueRequired":true,"valueName":"search_term_string"}}],"inLanguage":"et"}]}},"_links":{"self":[{"href":"https:\/\/izsekosanasierices.lv\/et\/wp-json\/wp\/v2\/product\/1217","targetHints":{"allow":["GET"]}}],"collection":[{"href":"https:\/\/izsekosanasierices.lv\/et\/wp-json\/wp\/v2\/product"}],"about":[{"href":"https:\/\/izsekosanasierices.lv\/et\/wp-json\/wp\/v2\/types\/product"}],"wp:featuredmedia":[{"embeddable":true,"href":"https:\/\/izsekosanasierices.lv\/et\/wp-json\/wp\/v2\/media\/1431"}],"wp:attachment":[{"href":"https:\/\/izsekosanasierices.lv\/et\/wp-json\/wp\/v2\/media?parent=1217"}],"wp:term":[{"taxonomy":"product_brand","embeddable":true,"href":"https:\/\/izsekosanasierices.lv\/et\/wp-json\/wp\/v2\/product_brand?post=1217"},{"taxonomy":"product_cat","embeddable":true,"href":"https:\/\/izsekosanasierices.lv\/et\/wp-json\/wp\/v2\/product_cat?post=1217"},{"taxonomy":"product_tag","embeddable":true,"href":"https:\/\/izsekosanasierices.lv\/et\/wp-json\/wp\/v2\/product_tag?post=1217"}],"curies":[{"name":"wp","href":"https:\/\/api.w.org\/{rel}","templated":true}]}}