{"id":1218,"date":"2023-10-05T15:37:11","date_gmt":"2023-10-05T15:37:11","guid":{"rendered":"https:\/\/izsekosanasierices.lv\/produktas\/originalus-gps-seklys-mini-tikslumas-iki-5-metru\/"},"modified":"2025-11-19T16:59:05","modified_gmt":"2025-11-19T14:59:05","slug":"originala-maza-izmera-gps-izsekosanas-ierice-mini-ar-precizitati-lidz-3-metriem","status":"publish","type":"product","link":"https:\/\/izsekosanasierices.lv\/et\/produkts\/originaalne-vaike-gps-jalgimise-mini-mille-tapsus-on-kuni-3-meetrit\/","title":{"rendered":"Originaalne, v\u00e4ike Mini GPS j\u00e4lgimisseade, mille t\u00e4psus on kuni 3 meetrit."},"content":{"rendered":"<h4><strong>M\u00dc\u00dc\u00dcDUD ! ! ! TASUTA\u00a0<\/strong><strong>J\u00c4RJESTUSE SERVER<\/strong><strong> (j\u00e4lgimine ONLINE Interneti kaudu)<\/strong><\/h4>\n<h3><strong>Tehnilised parameetrid:<\/strong><\/h3>\n<ul>\n<li>\u00dchenduvus: GPS \/ GSM \/ GPRS<\/li>\n<li>GPS-moodul: Simcom 300, 3 m t\u00e4psus<\/li>\n<li>GSM-sagedused: 850 \/ 900 \/ 1800 \/ 1900 MHz<\/li>\n<li>Laadimine: 5 V 500 mA \/ USB-pesa<\/li>\n<li>Aku: 3,7 V 1000 mAh liitium-ioon aku<\/li>\n<li>T\u00f6\u00f6temperatuur: -20 kuni +55 kraadi<\/li>\n<li>Niiskuse tase: 5 - 95 %<\/li>\n<li>M\u00f5\u00f5tmed: 64 mm x 46 mm x 17 mm<\/li>\n<li>Kaal: 40 g<\/li>\n<li>Komplektis on GPS-j\u00e4lgimisseade, USB-kaabel, lisaaku koos laadijaga, kasutusjuhend.<\/li>\n<li><strong>Garantii 12 kuud<\/strong><\/li>\n<li><strong>Vajad kiiret sama p\u00e4eva (ja n\u00e4dalavahetuse) kohaletoimetamist? Helistage +37<\/strong><strong>120484176<\/strong><strong>!<\/strong><\/li>\n<\/ul>\n<p>&nbsp;<\/p>\n<h3>Kasutamine: teie auto ja asjade ohutuse tagamiseks.<\/h3>\n<p>See originaalne GPS-j\u00e4lgimisseade on t\u00f5estatud ja turul tunnustatud j\u00e4lgimisseade, mis tagab usaldusv\u00e4\u00e4rse ja t\u00e4pse objekti asukoha. Selle mudeli sisseehitatud GPS-j\u00e4lgimisseade on v\u00e4ike ja funktsionaalne, mist\u00f5ttu on seda lihtne kasutada. Neil p\u00f5hjustel on see eriti populaarne nii era- kui ka avalikus sektoris: transpordijuhid, autode ja s\u00f5idukite omanikud valivad GPS-j\u00e4lgimisseadmeid ennetava meetmena, et kaitsta oma vara varguste ja t\u00f6\u00f6tajate kuritarvitamise eest (usaldusv\u00e4\u00e4rne viis ametis\u00f5idukite liikumise j\u00e4lgimiseks).<\/p>\n<p><strong>UNIVERSAALNE VALIK<\/strong><\/p>\n<p>See j\u00e4lgimisseade on universaalne - see \u00fchendatakse teie mobiiltelefoniga ja objekti asukoha m\u00e4\u00e4ramiseks ei ole vaja spetsiaalseid lisaseadmeid, kuna see toetab k\u00f5ikide operaatorite SIM-kaarte (seade edastab andmeid s\u00f5ltumata sellest, millist mobiilioperaatorit te kasutate).<\/p>\n<p><strong>LIHTNE KASUTAMINE<\/strong><\/p>\n<p>GPS-j\u00e4lgimisseadmed lokaliseerivad objekti kiiresti ja t\u00e4pselt ning edastavad andmed. Lihtsalt helistage GPS-seadmele m\u00e4\u00e4ratud telefoninumbrile ja m\u00f5ne sekundi jooksul saate tekstis\u00f5numi koos lingiga kaardile (punkt kaardil h\u00f5lmab 3 meetri raadiust). GPS-otsija kasutab Google'i kaarte, seega pakub see kvaliteetseid andmeid.<\/p>\n<p><strong>REAALAJAS J\u00c4LGIMINE<\/strong><\/p>\n<p>GPS-seireseadme (GPS-j\u00e4lgimisseadme) \u00fcks funktsioonidest on anda reaalajas teavet objekti asukoha kohta. Selles re\u017eiimis ei ole vaja helistada seadmele m\u00e4\u00e4ratud numbrile, et kontrollida objekti asukohta, sest saate veebis n\u00e4ha, kuidas see muutub (selles re\u017eiimis ajakohastab GPS-j\u00e4lgimisseade andmeid valitud intervalliga, nt iga 30 sekundi j\u00e4rel). Teave objekti liikumise kohta salvestatakse, nii et saate vajadusel vaadata kogu marsruuti. Seadme selle funktsiooni (otse\u00fclekanne ja andmete salvestamine) aktiveerimiseks on vaja juurdep\u00e4\u00e4su internetile ja serverile.<\/p>\n<p><strong>SERVERI LIGIP\u00c4\u00c4S<\/strong><\/p>\n<p>Objektide liikumise otse\u00fclekanne ja salvestamine on v\u00f5imalik ainult \u00f5ige seadme seadistuse ja serverile juurdep\u00e4\u00e4su korral (seadistamisjuhised on lisatud). Kui teil on probleeme serveri, juurdep\u00e4\u00e4su v\u00f5i seadistamisega, v\u00f5tke meiega \u00fchendust - me oleme alati abiks.<\/p>\n<p><strong>SELLE J\u00c4LGIMISSEADME EELISED<\/strong><\/p>\n<p>J\u00e4lgimise eest ei v\u00f5eta tasu (kui andmed saadetakse SMSi teel; v\u00e4lja arvatud juhul, kui operaator v\u00f5tab s\u00f5numside eest vaikimisi tasu). Objektide liikumise j\u00e4lgimine ja j\u00e4lgimine interneti kaudu (tasuta juurdep\u00e4\u00e4s serverile; Euroopa-p\u00f5hine server). \u00dclit\u00e4pne asukoha m\u00e4\u00e4ramine (j\u00e4lgimisseade t\u00f6\u00f6tab \u00fclemaailmselt; asukoha m\u00e4\u00e4ramine 2-3 meetri ulatuses). Laetav (USB v\u00f5i laadija kaudu). See GPS Tracker sobib ideaalselt autode, ettev\u00f5tte s\u00f5idukite marsruudi j\u00e4lgimiseks, objekti asukoha m\u00e4\u00e4ramiseks varguse korral jne.<\/p>\n<p><strong>LISAFUNKTSIOONID<\/strong><\/p>\n<p>Kiirusandur (v\u00f5ime kontrollida objekti kiirust). Territoriaalsed piirid (seade teavitab teid, kui j\u00e4lgitav objekt \u00fcletab teatud territoriaalsed piirid). Kaugjuhtimine (j\u00e4lgimisseadet saab juhtida SMS-k\u00e4sklustega).<\/p>","protected":false},"excerpt":{"rendered":"<p>Originaalne GPS-seirer, mille objekti viga on kuni 3 meetrit. Kvaliteetne originaalseade, mitte j\u00e4ljend. Auto j\u00e4lgimine reaalajas v\u00f5i SMSi teel. SOS funktsioon.<\/p>","protected":false},"featured_media":1434,"template":"","meta":[],"product_brand":[],"product_cat":[357],"product_tag":[370,422,423,371,372,332],"class_list":{"0":"post-1218","1":"product","2":"type-product","3":"status-publish","4":"has-post-thumbnail","6":"product_cat-gps-izsekosanas-ierice","7":"product_tag-automasinas-gps-izsekotajs","8":"product_tag-gps-blusa","9":"product_tag-gps-izsekosana","10":"product_tag-gps-izsekosanas-iekartas","11":"product_tag-gps-izsekotajs","12":"product_tag-izsekosanas-iekartas","14":"first","15":"instock","16":"taxable","17":"shipping-taxable","18":"purchasable","19":"product-type-simple"},"yoast_head":"<!-- This site is optimized with the Yoast SEO plugin v27.5 - https:\/\/yoast.com\/product\/yoast-seo-wordpress\/ -->\n<title>Ori\u0123in\u0101la, maza izm\u0113ra GPS izseko\u0161anas ier\u012bce<\/title>\n<meta name=\"description\" content=\"Ori\u0123in\u0101ls GPS izsekot\u0101js ar objekta k\u013c\u016bdu l\u012bdz 3 metriem Augstas kvalit\u0101tes ori\u0123in\u0101li izstr\u0101d\u0101ta ier\u012bce nav atdarin\u0101jums Automa\u0161\u012bnas izseko\u0161ana tie\u0161raid\u0113...\" \/>\n<meta name=\"robots\" content=\"index, follow, max-snippet:-1, max-image-preview:large, max-video-preview:-1\" \/>\n<link rel=\"canonical\" href=\"https:\/\/izsekosanasierices.lv\/et\/produkts\/originaalne-vaike-gps-jalgimise-mini-mille-tapsus-on-kuni-3-meetrit\/\" \/>\n<meta property=\"og:locale\" content=\"et_EE\" \/>\n<meta property=\"og:type\" content=\"article\" \/>\n<meta property=\"og:title\" content=\"Ori\u0123in\u0101ls GPS izsekot\u0101js ar objekta k\u013c\u016bdu l\u012bdz 3 metriem\" \/>\n<meta property=\"og:description\" content=\"Ori\u0123in\u0101ls GPS izsekot\u0101js ar objekta k\u013c\u016bdu l\u012bdz 3 metriem. Augstas kvalit\u0101tes, nevis kopija. Automa\u0161\u012bnas izseko\u0161ana tie\u0161raid\u0113 vai ar SMS. SOS funkcija\" \/>\n<meta property=\"og:url\" content=\"https:\/\/izsekosanasierices.lv\/et\/produkts\/originaalne-vaike-gps-jalgimise-mini-mille-tapsus-on-kuni-3-meetrit\/\" \/>\n<meta property=\"og:site_name\" content=\"Nr1 Izseko\u0161anas ier\u012bces gps izseko\u0161anas iek\u0101rtas, klaus\u012b\u0161an\u0101s iek\u0101rtas\" \/>\n<meta property=\"article:modified_time\" content=\"2025-11-19T14:59:05+00:00\" \/>\n<meta property=\"og:image\" content=\"https:\/\/rvnski.dev\/sekimoiranga\/wp-content\/uploads\/izsekosanasierices.webp\" \/>\n<meta name=\"twitter:card\" content=\"summary_large_image\" \/>\n<meta name=\"twitter:title\" content=\"Ori\u0123in\u0101ls GPS izsekot\u0101js ar objekta k\u013c\u016bdu l\u012bdz 3 metriem\" \/>\n<meta name=\"twitter:description\" content=\"Ori\u0123in\u0101ls GPS izsekot\u0101js ar objekta k\u013c\u016bdu l\u012bdz 3 metriem. Augstas kvalit\u0101tes, nevis kopija. Automa\u0161\u012bnas izseko\u0161ana tie\u0161raid\u0113 vai ar SMS. SOS funkcija\" \/>\n<meta name=\"twitter:label1\" content=\"Est. reading time\" \/>\n\t<meta name=\"twitter:data1\" content=\"3 minutit\" \/>\n<script type=\"application\/ld+json\" class=\"yoast-schema-graph\">{\"@context\":\"https:\\\/\\\/schema.org\",\"@graph\":[{\"@type\":\"WebPage\",\"@id\":\"https:\\\/\\\/izsekosanasierices.lv\\\/produkts\\\/originala-maza-izmera-gps-izsekosanas-ierice-mini-ar-precizitati-lidz-3-metriem\\\/\",\"url\":\"https:\\\/\\\/izsekosanasierices.lv\\\/produkts\\\/originala-maza-izmera-gps-izsekosanas-ierice-mini-ar-precizitati-lidz-3-metriem\\\/\",\"name\":\"Ori\u0123in\u0101la, maza izm\u0113ra GPS izseko\u0161anas ier\u012bce\",\"isPartOf\":{\"@id\":\"https:\\\/\\\/izsekosanasierices.lv\\\/#website\"},\"primaryImageOfPage\":{\"@id\":\"https:\\\/\\\/izsekosanasierices.lv\\\/produkts\\\/originala-maza-izmera-gps-izsekosanas-ierice-mini-ar-precizitati-lidz-3-metriem\\\/#primaryimage\"},\"image\":{\"@id\":\"https:\\\/\\\/izsekosanasierices.lv\\\/produkts\\\/originala-maza-izmera-gps-izsekosanas-ierice-mini-ar-precizitati-lidz-3-metriem\\\/#primaryimage\"},\"thumbnailUrl\":\"https:\\\/\\\/izsekosanasierices.lv\\\/wp-content\\\/uploads\\\/izsekosanasierices-originalus-gps-seklys-mini-pakalida-iki-3-metru.jpg\",\"datePublished\":\"2023-10-05T15:37:11+00:00\",\"dateModified\":\"2025-11-19T14:59:05+00:00\",\"description\":\"Ori\u0123in\u0101ls GPS izsekot\u0101js ar objekta k\u013c\u016bdu l\u012bdz 3 metriem Augstas kvalit\u0101tes ori\u0123in\u0101li izstr\u0101d\u0101ta ier\u012bce nav atdarin\u0101jums Automa\u0161\u012bnas izseko\u0161ana tie\u0161raid\u0113...\",\"breadcrumb\":{\"@id\":\"https:\\\/\\\/izsekosanasierices.lv\\\/produkts\\\/originala-maza-izmera-gps-izsekosanas-ierice-mini-ar-precizitati-lidz-3-metriem\\\/#breadcrumb\"},\"inLanguage\":\"et\",\"potentialAction\":[{\"@type\":\"ReadAction\",\"target\":[\"https:\\\/\\\/izsekosanasierices.lv\\\/produkts\\\/originala-maza-izmera-gps-izsekosanas-ierice-mini-ar-precizitati-lidz-3-metriem\\\/\"]}]},{\"@type\":\"ImageObject\",\"inLanguage\":\"et\",\"@id\":\"https:\\\/\\\/izsekosanasierices.lv\\\/produkts\\\/originala-maza-izmera-gps-izsekosanas-ierice-mini-ar-precizitati-lidz-3-metriem\\\/#primaryimage\",\"url\":\"https:\\\/\\\/izsekosanasierices.lv\\\/wp-content\\\/uploads\\\/izsekosanasierices-originalus-gps-seklys-mini-pakalida-iki-3-metru.jpg\",\"contentUrl\":\"https:\\\/\\\/izsekosanasierices.lv\\\/wp-content\\\/uploads\\\/izsekosanasierices-originalus-gps-seklys-mini-pakalida-iki-3-metru.jpg\",\"width\":692,\"height\":440,\"caption\":\"Originalus GPS seklys mini pakalida iki 3 metr\u0173\"},{\"@type\":\"BreadcrumbList\",\"@id\":\"https:\\\/\\\/izsekosanasierices.lv\\\/produkts\\\/originala-maza-izmera-gps-izsekosanas-ierice-mini-ar-precizitati-lidz-3-metriem\\\/#breadcrumb\",\"itemListElement\":[{\"@type\":\"ListItem\",\"position\":1,\"name\":\"S\u0101kums\",\"item\":\"https:\\\/\\\/izsekosanasierices.lv\\\/\"},{\"@type\":\"ListItem\",\"position\":2,\"name\":\"Veikals\",\"item\":\"https:\\\/\\\/izsekosanasierices.lv\\\/veikals\\\/\"},{\"@type\":\"ListItem\",\"position\":3,\"name\":\"Ori\u0123in\u0101la, maza izm\u0113ra GPS izseko\u0161anas ier\u012bce Mini ar precizit\u0101ti l\u012bdz 3 metriem\"}]},{\"@type\":\"WebSite\",\"@id\":\"https:\\\/\\\/izsekosanasierices.lv\\\/#website\",\"url\":\"https:\\\/\\\/izsekosanasierices.lv\\\/\",\"name\":\"Nr1 Izseko\u0161anas ier\u012bces gps izseko\u0161anas iek\u0101rtas, klaus\u012b\u0161an\u0101s iek\u0101rtas\",\"description\":\"\",\"potentialAction\":[{\"@type\":\"SearchAction\",\"target\":{\"@type\":\"EntryPoint\",\"urlTemplate\":\"https:\\\/\\\/izsekosanasierices.lv\\\/?s={search_term_string}\"},\"query-input\":{\"@type\":\"PropertyValueSpecification\",\"valueRequired\":true,\"valueName\":\"search_term_string\"}}],\"inLanguage\":\"et\"}]}<\/script>\n<!-- \/ Yoast SEO plugin. -->","yoast_head_json":{"title":"Ori\u0123in\u0101la, maza izm\u0113ra GPS izseko\u0161anas ier\u012bce","description":"Ori\u0123in\u0101ls GPS izsekot\u0101js ar objekta k\u013c\u016bdu l\u012bdz 3 metriem Augstas kvalit\u0101tes ori\u0123in\u0101li izstr\u0101d\u0101ta ier\u012bce nav atdarin\u0101jums Automa\u0161\u012bnas izseko\u0161ana tie\u0161raid\u0113...","robots":{"index":"index","follow":"follow","max-snippet":"max-snippet:-1","max-image-preview":"max-image-preview:large","max-video-preview":"max-video-preview:-1"},"canonical":"https:\/\/izsekosanasierices.lv\/et\/produkts\/originaalne-vaike-gps-jalgimise-mini-mille-tapsus-on-kuni-3-meetrit\/","og_locale":"et_EE","og_type":"article","og_title":"Ori\u0123in\u0101ls GPS izsekot\u0101js ar objekta k\u013c\u016bdu l\u012bdz 3 metriem","og_description":"Ori\u0123in\u0101ls GPS izsekot\u0101js ar objekta k\u013c\u016bdu l\u012bdz 3 metriem. Augstas kvalit\u0101tes, nevis kopija. Automa\u0161\u012bnas izseko\u0161ana tie\u0161raid\u0113 vai ar SMS. SOS funkcija","og_url":"https:\/\/izsekosanasierices.lv\/et\/produkts\/originaalne-vaike-gps-jalgimise-mini-mille-tapsus-on-kuni-3-meetrit\/","og_site_name":"Nr1 Izseko\u0161anas ier\u012bces gps izseko\u0161anas iek\u0101rtas, klaus\u012b\u0161an\u0101s iek\u0101rtas","article_modified_time":"2025-11-19T14:59:05+00:00","og_image":[{"url":"https:\/\/rvnski.dev\/sekimoiranga\/wp-content\/uploads\/izsekosanasierices.webp","type":"","width":"","height":""}],"twitter_card":"summary_large_image","twitter_title":"Ori\u0123in\u0101ls GPS izsekot\u0101js ar objekta k\u013c\u016bdu l\u012bdz 3 metriem","twitter_description":"Ori\u0123in\u0101ls GPS izsekot\u0101js ar objekta k\u013c\u016bdu l\u012bdz 3 metriem. Augstas kvalit\u0101tes, nevis kopija. Automa\u0161\u012bnas izseko\u0161ana tie\u0161raid\u0113 vai ar SMS. SOS funkcija","twitter_misc":{"Est. reading time":"3 minutit"},"schema":{"@context":"https:\/\/schema.org","@graph":[{"@type":"WebPage","@id":"https:\/\/izsekosanasierices.lv\/produkts\/originala-maza-izmera-gps-izsekosanas-ierice-mini-ar-precizitati-lidz-3-metriem\/","url":"https:\/\/izsekosanasierices.lv\/produkts\/originala-maza-izmera-gps-izsekosanas-ierice-mini-ar-precizitati-lidz-3-metriem\/","name":"Ori\u0123in\u0101la, maza izm\u0113ra GPS izseko\u0161anas ier\u012bce","isPartOf":{"@id":"https:\/\/izsekosanasierices.lv\/#website"},"primaryImageOfPage":{"@id":"https:\/\/izsekosanasierices.lv\/produkts\/originala-maza-izmera-gps-izsekosanas-ierice-mini-ar-precizitati-lidz-3-metriem\/#primaryimage"},"image":{"@id":"https:\/\/izsekosanasierices.lv\/produkts\/originala-maza-izmera-gps-izsekosanas-ierice-mini-ar-precizitati-lidz-3-metriem\/#primaryimage"},"thumbnailUrl":"https:\/\/izsekosanasierices.lv\/wp-content\/uploads\/izsekosanasierices-originalus-gps-seklys-mini-pakalida-iki-3-metru.jpg","datePublished":"2023-10-05T15:37:11+00:00","dateModified":"2025-11-19T14:59:05+00:00","description":"Ori\u0123in\u0101ls GPS izsekot\u0101js ar objekta k\u013c\u016bdu l\u012bdz 3 metriem Augstas kvalit\u0101tes ori\u0123in\u0101li izstr\u0101d\u0101ta ier\u012bce nav atdarin\u0101jums Automa\u0161\u012bnas izseko\u0161ana tie\u0161raid\u0113...","breadcrumb":{"@id":"https:\/\/izsekosanasierices.lv\/produkts\/originala-maza-izmera-gps-izsekosanas-ierice-mini-ar-precizitati-lidz-3-metriem\/#breadcrumb"},"inLanguage":"et","potentialAction":[{"@type":"ReadAction","target":["https:\/\/izsekosanasierices.lv\/produkts\/originala-maza-izmera-gps-izsekosanas-ierice-mini-ar-precizitati-lidz-3-metriem\/"]}]},{"@type":"ImageObject","inLanguage":"et","@id":"https:\/\/izsekosanasierices.lv\/produkts\/originala-maza-izmera-gps-izsekosanas-ierice-mini-ar-precizitati-lidz-3-metriem\/#primaryimage","url":"https:\/\/izsekosanasierices.lv\/wp-content\/uploads\/izsekosanasierices-originalus-gps-seklys-mini-pakalida-iki-3-metru.jpg","contentUrl":"https:\/\/izsekosanasierices.lv\/wp-content\/uploads\/izsekosanasierices-originalus-gps-seklys-mini-pakalida-iki-3-metru.jpg","width":692,"height":440,"caption":"Originalus GPS seklys mini pakalida iki 3 metr\u0173"},{"@type":"BreadcrumbList","@id":"https:\/\/izsekosanasierices.lv\/produkts\/originala-maza-izmera-gps-izsekosanas-ierice-mini-ar-precizitati-lidz-3-metriem\/#breadcrumb","itemListElement":[{"@type":"ListItem","position":1,"name":"S\u0101kums","item":"https:\/\/izsekosanasierices.lv\/"},{"@type":"ListItem","position":2,"name":"Veikals","item":"https:\/\/izsekosanasierices.lv\/veikals\/"},{"@type":"ListItem","position":3,"name":"Ori\u0123in\u0101la, maza izm\u0113ra GPS izseko\u0161anas ier\u012bce Mini ar precizit\u0101ti l\u012bdz 3 metriem"}]},{"@type":"WebSite","@id":"https:\/\/izsekosanasierices.lv\/#website","url":"https:\/\/izsekosanasierices.lv\/","name":"Nr1 Izseko\u0161anas ier\u012bces gps izseko\u0161anas iek\u0101rtas, klaus\u012b\u0161an\u0101s iek\u0101rtas","description":"","potentialAction":[{"@type":"SearchAction","target":{"@type":"EntryPoint","urlTemplate":"https:\/\/izsekosanasierices.lv\/?s={search_term_string}"},"query-input":{"@type":"PropertyValueSpecification","valueRequired":true,"valueName":"search_term_string"}}],"inLanguage":"et"}]}},"_links":{"self":[{"href":"https:\/\/izsekosanasierices.lv\/et\/wp-json\/wp\/v2\/product\/1218","targetHints":{"allow":["GET"]}}],"collection":[{"href":"https:\/\/izsekosanasierices.lv\/et\/wp-json\/wp\/v2\/product"}],"about":[{"href":"https:\/\/izsekosanasierices.lv\/et\/wp-json\/wp\/v2\/types\/product"}],"wp:featuredmedia":[{"embeddable":true,"href":"https:\/\/izsekosanasierices.lv\/et\/wp-json\/wp\/v2\/media\/1434"}],"wp:attachment":[{"href":"https:\/\/izsekosanasierices.lv\/et\/wp-json\/wp\/v2\/media?parent=1218"}],"wp:term":[{"taxonomy":"product_brand","embeddable":true,"href":"https:\/\/izsekosanasierices.lv\/et\/wp-json\/wp\/v2\/product_brand?post=1218"},{"taxonomy":"product_cat","embeddable":true,"href":"https:\/\/izsekosanasierices.lv\/et\/wp-json\/wp\/v2\/product_cat?post=1218"},{"taxonomy":"product_tag","embeddable":true,"href":"https:\/\/izsekosanasierices.lv\/et\/wp-json\/wp\/v2\/product_tag?post=1218"}],"curies":[{"name":"wp","href":"https:\/\/api.w.org\/{rel}","templated":true}]}}