{"id":1219,"date":"2023-10-05T15:37:11","date_gmt":"2023-10-05T15:37:11","guid":{"rendered":"https:\/\/izsekosanasierices.lv\/produktas\/vaizdo-stebejimo-kamra-360-wifi-stebejimas-gyvai-internetu\/"},"modified":"2025-11-19T15:38:07","modified_gmt":"2025-11-19T13:38:07","slug":"cctv-360-wifi-tiesraide-tiessaiste","status":"publish","type":"product","link":"https:\/\/izsekosanasierices.lv\/et\/produkts\/cctv-360-wifi-otseulekanne\/","title":{"rendered":"CCTV 360\u00b0 WiFi live online"},"content":{"rendered":"<h3><strong>Tehnilised parameetrid:<\/strong><\/h3>\n<ul>\n<li>M\u00e4lukaardi tugi: micro SD kuni 64 GB (ei kuulu komplekti)<\/li>\n<li>Liikumistuvastus: jah<\/li>\n<li>Pildi resolutsioon: 1280 x 960 px; 500 MB = 1 tund<\/li>\n<li>Eelvaade: 1280 x 960 px<\/li>\n<li>\u00d6\u00f6re\u017eiim: ei<\/li>\n<li>Videoformaat: MP4, 20 fps (s\u00f5ltuvalt resolutsioonist)<\/li>\n<li>Toide: ainult alalisvooluv\u00f5rk<\/li>\n<li>Laadimine: -<\/li>\n<li>Vaatamisnurkade ulatus: 360\u00b0<\/li>\n<li>Lisafunktsioonid: veebiliides, otse\u00fclekanne, liikumistuvastuse re\u017eiim, p\u00f6\u00f6rlev objektiiv, hdipc360 rakendus<\/li>\n<li>Foto resolutsioon: 1280 x 960 px, 640 x 480 px<\/li>\n<li>Kaal ja m\u00f5\u00f5tmed: 85 g, 70 mm x 35 mm<\/li>\n<li>Helisalvestus: jah<\/li>\n<li>V\u00e4rv: valge \/ must<\/li>\n<li>Komplektis: valvekaamera, USB-kaabel, kasutusjuhend.<\/li>\n<li>Garantii 12 kuud<\/li>\n<\/ul>\n<p><strong>\u00a0<\/strong><\/p>\n<p><span style=\"color: #ff0000;\"><strong>Vajad kiiret sama p\u00e4eva (ja n\u00e4dalavahetuse) kohaletoimetamist?  Helistage +37120484176<\/strong><\/span><\/p>\n<p>&nbsp;<\/p>\n<p>Kasutamine: teie ohutuse tagamiseks, laste ohutuse tagamiseks.<\/p>\n<p>&nbsp;<\/p>\n<p>See valvekaamera on m\u00f5eldud mitmesuguste ruumide j\u00e4lgimiseks, alates eluruumidest (majad, korterid) kuni kaubandus- v\u00f5i t\u00f6\u00f6stuspiirkondadeni (kontorid, laod). Soovi pidevaks j\u00e4lgimiseks on lihtne rakendada. See peidetud kaamera tagab n\u00f5utavate alade pideva j\u00e4lgimise - kui see on \u00fchendatud elektripistikupessa, t\u00f6\u00f6tab see katkematult ja piiramatu aja jooksul. Lisaks sellele t\u00e4hendab v\u00f5imalus \u00fchendada seade WiFi kaudu, et saate j\u00e4lgida, mis toimub j\u00e4lgitavates piirkondades just praegu, otse oma mobiiltelefoni ekraanilt (vajalik on interneti\u00fchendus; see v\u00f5imalus on saadaval s\u00f5ltumata asukohast). Olenemata sellest, kas te t\u00f6\u00f6tate v\u00f5i puhkate, on salakaamera abil lihtne j\u00e4lgida ruume nii, nagu oleksite ise kohal.<\/p>\n<p><strong>\u00a0<\/strong><\/p>\n<p><strong>ONLINE<\/strong><\/p>\n<p>J\u00e4lgimiskaamera poolt j\u00e4\u00e4dvustatud pilte saab vaadata otse\u00fclekandes - mobiiltelefoni, tahvelarvuti v\u00f5i tavalise arvuti ekraanil. Seda funktsiooni saab kasutada k\u00f5ikjal, kus on interneti\u00fchendus (LTE, 3G v\u00f5i WiFi). Saate vaadata j\u00e4lgitavas ruumis tehtud pilte ja videoid k\u00f5rges kvaliteedis (HD). J\u00e4lgimiskaamera vajab toiteallikat - pistikupesasse \u00fchendatuna t\u00f6\u00f6tab j\u00e4lgimine katkematult, nii et olenemata sellest, kus te parasjagu viibite, saate igal ajal j\u00e4lgida j\u00e4lgimisala.<\/p>\n<p><strong>\u00a0<\/strong><\/p>\n<p><strong>PILTIDE SALVAMINE<\/strong><\/p>\n<p>See peidetud kaamera mitte ainult ei salvesta ja edasta reaalajas pilte ja videot, vaid v\u00f5imaldab ka pildi ja video salvestamist. Seade saab salvestusi salvestada m\u00e4lukaardile v\u00f5i edastada neid telefoni v\u00f5i arvutisse (m\u00e4lukaart ei ole seadmesse sisseehitatud ja ei kuulu komplekti). Salvestatud pilte saab vaadata ka mobiilseadmest, paigaldades rakenduse, mis v\u00f5imaldab juurdep\u00e4\u00e4su salvestuste arhiivile (see funktsioon on aktiivne ainult siis, kui kaamerasse on sisestatud m\u00e4lukaart).<\/p>\n<p><strong>\u00a0<\/strong><\/p>\n<p><strong>REAGEERIMINE LIIKUMISELE<\/strong><\/p>\n<p>Kui valite liikumistuvastuse, saadab salakaamera teie mobiiltelefonile teate, kui ta tuvastab liikumist ruumis (selle funktsiooni lubamiseks peate muutma oma telefoni seadeid).<\/p>","protected":false},"excerpt":{"rendered":"<p>360\u00b0 otse\u00fclekandes videovalve interneti kaudu Mugav ruumide, korterite j\u00e4lgimine Piltide salvestamine sd-kaardile V\u00f5imalus j\u00e4lgida telefoni kaudu otse\u00fclekandes (salvestuste ajalugu)<\/p>","protected":false},"featured_media":1439,"template":"","meta":[],"product_brand":[],"product_cat":[330,321,331],"product_tag":[449,84,88,325,36,327,328,415,450],"class_list":{"0":"post-1219","1":"product","2":"type-product","3":"status-publish","4":"has-post-thumbnail","6":"product_cat-masketas-kameras","7":"product_cat-sleptas-kameras","8":"product_cat-wi-fi-slepenas-kameras","9":"product_tag-biroja-kamera","10":"product_tag-ip-kamera","11":"product_tag-iptv-kamera","12":"product_tag-izsekosanas-kamera","13":"product_tag-mini-kamera","14":"product_tag-noverosanas-kamera","15":"product_tag-slepena-kamera","16":"product_tag-slepenas-kameras","17":"product_tag-slepenas-noverosanas-kameras","19":"first","20":"outofstock","21":"taxable","22":"shipping-taxable","23":"purchasable","24":"product-type-simple"},"yoast_head":"<!-- This site is optimized with the Yoast SEO plugin v27.5 - https:\/\/yoast.com\/product\/yoast-seo-wordpress\/ -->\n<title>CCTV 360\u00b0 WiFi tie\u0161raide tie\u0161saist\u0113<\/title>\n<meta name=\"description\" content=\"Videonov\u0113ro\u0161ana 360\u00b0 tie\u0161raid\u0113, izmantojot internetu. \u0112rti uzraudz\u012bt telpas, dz\u012bvokli. Video un att\u0113lu ierakst\u012b\u0161ana SD atmi\u0146as kart\u0113. Iesp\u0113ja p\u0101rraudz\u012bt tie\u0161saist\u0113 caur t\u0101lruni\" \/>\n<meta name=\"robots\" content=\"index, follow, max-snippet:-1, max-image-preview:large, max-video-preview:-1\" \/>\n<link rel=\"canonical\" href=\"https:\/\/izsekosanasierices.lv\/et\/produkts\/cctv-360-wifi-otseulekanne\/\" \/>\n<meta property=\"og:locale\" content=\"et_EE\" \/>\n<meta property=\"og:type\" content=\"article\" \/>\n<meta property=\"og:title\" content=\"CCTV 360\u00b0 WiFi tie\u0161raide tie\u0161saist\u0113\" \/>\n<meta property=\"og:description\" content=\"Videonov\u0113ro\u0161ana 360\u00b0 tie\u0161raid\u0113, izmantojot internetu \u0112rti uzraudz\u012bt telpas, dz\u012bvokli Att\u0113la ierakst\u012b\u0161ana sd kart\u0113 Iesp\u0113ja p\u0101rraudz\u012bt tie\u0161raid\u0113 pa t\u0101lruni (ierakstu v\u0113sture)\" \/>\n<meta property=\"og:url\" content=\"https:\/\/izsekosanasierices.lv\/et\/produkts\/cctv-360-wifi-otseulekanne\/\" \/>\n<meta property=\"og:site_name\" content=\"Nr1 Izseko\u0161anas ier\u012bces gps izseko\u0161anas iek\u0101rtas, klaus\u012b\u0161an\u0101s iek\u0101rtas\" \/>\n<meta property=\"article:modified_time\" content=\"2025-11-19T13:38:07+00:00\" \/>\n<meta property=\"og:image\" content=\"https:\/\/rvnski.dev\/sekimoiranga\/wp-content\/uploads\/izsekosanasierices.webp\" \/>\n<meta name=\"twitter:card\" content=\"summary_large_image\" \/>\n<meta name=\"twitter:title\" content=\"CCTV 360\u00b0 WiFi tie\u0161raide tie\u0161saist\u0113\" \/>\n<meta name=\"twitter:description\" content=\"Videonov\u0113ro\u0161ana 360\u00b0 tie\u0161raid\u0113, izmantojot internetu \u0112rti uzraudz\u012bt telpas, dz\u012bvokli Att\u0113la ierakst\u012b\u0161ana sd kart\u0113 Iesp\u0113ja p\u0101rraudz\u012bt tie\u0161raid\u0113 pa t\u0101lruni (ierakstu v\u0113sture)\" \/>\n<meta name=\"twitter:label1\" content=\"Est. reading time\" \/>\n\t<meta name=\"twitter:data1\" content=\"3 minutit\" \/>\n<script type=\"application\/ld+json\" class=\"yoast-schema-graph\">{\"@context\":\"https:\\\/\\\/schema.org\",\"@graph\":[{\"@type\":\"WebPage\",\"@id\":\"https:\\\/\\\/izsekosanasierices.lv\\\/produkts\\\/cctv-360-wifi-tiesraide-tiessaiste\\\/\",\"url\":\"https:\\\/\\\/izsekosanasierices.lv\\\/produkts\\\/cctv-360-wifi-tiesraide-tiessaiste\\\/\",\"name\":\"CCTV 360\u00b0 WiFi tie\u0161raide tie\u0161saist\u0113\",\"isPartOf\":{\"@id\":\"https:\\\/\\\/izsekosanasierices.lv\\\/#website\"},\"primaryImageOfPage\":{\"@id\":\"https:\\\/\\\/izsekosanasierices.lv\\\/produkts\\\/cctv-360-wifi-tiesraide-tiessaiste\\\/#primaryimage\"},\"image\":{\"@id\":\"https:\\\/\\\/izsekosanasierices.lv\\\/produkts\\\/cctv-360-wifi-tiesraide-tiessaiste\\\/#primaryimage\"},\"thumbnailUrl\":\"https:\\\/\\\/izsekosanasierices.lv\\\/wp-content\\\/uploads\\\/izsekosanasierices-vaizdo-stebejimo-kamra-360-stebejimas-gyvai-internetu.jpg\",\"datePublished\":\"2023-10-05T15:37:11+00:00\",\"dateModified\":\"2025-11-19T13:38:07+00:00\",\"description\":\"Videonov\u0113ro\u0161ana 360\u00b0 tie\u0161raid\u0113, izmantojot internetu. \u0112rti uzraudz\u012bt telpas, dz\u012bvokli. Video un att\u0113lu ierakst\u012b\u0161ana SD atmi\u0146as kart\u0113. Iesp\u0113ja p\u0101rraudz\u012bt tie\u0161saist\u0113 caur t\u0101lruni\",\"breadcrumb\":{\"@id\":\"https:\\\/\\\/izsekosanasierices.lv\\\/produkts\\\/cctv-360-wifi-tiesraide-tiessaiste\\\/#breadcrumb\"},\"inLanguage\":\"et\",\"potentialAction\":[{\"@type\":\"ReadAction\",\"target\":[\"https:\\\/\\\/izsekosanasierices.lv\\\/produkts\\\/cctv-360-wifi-tiesraide-tiessaiste\\\/\"]}]},{\"@type\":\"ImageObject\",\"inLanguage\":\"et\",\"@id\":\"https:\\\/\\\/izsekosanasierices.lv\\\/produkts\\\/cctv-360-wifi-tiesraide-tiessaiste\\\/#primaryimage\",\"url\":\"https:\\\/\\\/izsekosanasierices.lv\\\/wp-content\\\/uploads\\\/izsekosanasierices-vaizdo-stebejimo-kamra-360-stebejimas-gyvai-internetu.jpg\",\"contentUrl\":\"https:\\\/\\\/izsekosanasierices.lv\\\/wp-content\\\/uploads\\\/izsekosanasierices-vaizdo-stebejimo-kamra-360-stebejimas-gyvai-internetu.jpg\",\"width\":849,\"height\":717,\"caption\":\"Sekimo kamera 360 laipsniu objektyvas\"},{\"@type\":\"BreadcrumbList\",\"@id\":\"https:\\\/\\\/izsekosanasierices.lv\\\/produkts\\\/cctv-360-wifi-tiesraide-tiessaiste\\\/#breadcrumb\",\"itemListElement\":[{\"@type\":\"ListItem\",\"position\":1,\"name\":\"S\u0101kums\",\"item\":\"https:\\\/\\\/izsekosanasierices.lv\\\/\"},{\"@type\":\"ListItem\",\"position\":2,\"name\":\"Veikals\",\"item\":\"https:\\\/\\\/izsekosanasierices.lv\\\/veikals\\\/\"},{\"@type\":\"ListItem\",\"position\":3,\"name\":\"CCTV 360\u00b0 WiFi tie\u0161raide tie\u0161saist\u0113\"}]},{\"@type\":\"WebSite\",\"@id\":\"https:\\\/\\\/izsekosanasierices.lv\\\/#website\",\"url\":\"https:\\\/\\\/izsekosanasierices.lv\\\/\",\"name\":\"Nr1 Izseko\u0161anas ier\u012bces gps izseko\u0161anas iek\u0101rtas, klaus\u012b\u0161an\u0101s iek\u0101rtas\",\"description\":\"\",\"potentialAction\":[{\"@type\":\"SearchAction\",\"target\":{\"@type\":\"EntryPoint\",\"urlTemplate\":\"https:\\\/\\\/izsekosanasierices.lv\\\/?s={search_term_string}\"},\"query-input\":{\"@type\":\"PropertyValueSpecification\",\"valueRequired\":true,\"valueName\":\"search_term_string\"}}],\"inLanguage\":\"et\"}]}<\/script>\n<!-- \/ Yoast SEO plugin. -->","yoast_head_json":{"title":"CCTV 360\u00b0 WiFi tie\u0161raide tie\u0161saist\u0113","description":"Videonov\u0113ro\u0161ana 360\u00b0 tie\u0161raid\u0113, izmantojot internetu. \u0112rti uzraudz\u012bt telpas, dz\u012bvokli. Video un att\u0113lu ierakst\u012b\u0161ana SD atmi\u0146as kart\u0113. Iesp\u0113ja p\u0101rraudz\u012bt tie\u0161saist\u0113 caur t\u0101lruni","robots":{"index":"index","follow":"follow","max-snippet":"max-snippet:-1","max-image-preview":"max-image-preview:large","max-video-preview":"max-video-preview:-1"},"canonical":"https:\/\/izsekosanasierices.lv\/et\/produkts\/cctv-360-wifi-otseulekanne\/","og_locale":"et_EE","og_type":"article","og_title":"CCTV 360\u00b0 WiFi tie\u0161raide tie\u0161saist\u0113","og_description":"Videonov\u0113ro\u0161ana 360\u00b0 tie\u0161raid\u0113, izmantojot internetu \u0112rti uzraudz\u012bt telpas, dz\u012bvokli Att\u0113la ierakst\u012b\u0161ana sd kart\u0113 Iesp\u0113ja p\u0101rraudz\u012bt tie\u0161raid\u0113 pa t\u0101lruni (ierakstu v\u0113sture)","og_url":"https:\/\/izsekosanasierices.lv\/et\/produkts\/cctv-360-wifi-otseulekanne\/","og_site_name":"Nr1 Izseko\u0161anas ier\u012bces gps izseko\u0161anas iek\u0101rtas, klaus\u012b\u0161an\u0101s iek\u0101rtas","article_modified_time":"2025-11-19T13:38:07+00:00","og_image":[{"url":"https:\/\/rvnski.dev\/sekimoiranga\/wp-content\/uploads\/izsekosanasierices.webp","type":"","width":"","height":""}],"twitter_card":"summary_large_image","twitter_title":"CCTV 360\u00b0 WiFi tie\u0161raide tie\u0161saist\u0113","twitter_description":"Videonov\u0113ro\u0161ana 360\u00b0 tie\u0161raid\u0113, izmantojot internetu \u0112rti uzraudz\u012bt telpas, dz\u012bvokli Att\u0113la ierakst\u012b\u0161ana sd kart\u0113 Iesp\u0113ja p\u0101rraudz\u012bt tie\u0161raid\u0113 pa t\u0101lruni (ierakstu v\u0113sture)","twitter_misc":{"Est. reading time":"3 minutit"},"schema":{"@context":"https:\/\/schema.org","@graph":[{"@type":"WebPage","@id":"https:\/\/izsekosanasierices.lv\/produkts\/cctv-360-wifi-tiesraide-tiessaiste\/","url":"https:\/\/izsekosanasierices.lv\/produkts\/cctv-360-wifi-tiesraide-tiessaiste\/","name":"CCTV 360\u00b0 WiFi tie\u0161raide tie\u0161saist\u0113","isPartOf":{"@id":"https:\/\/izsekosanasierices.lv\/#website"},"primaryImageOfPage":{"@id":"https:\/\/izsekosanasierices.lv\/produkts\/cctv-360-wifi-tiesraide-tiessaiste\/#primaryimage"},"image":{"@id":"https:\/\/izsekosanasierices.lv\/produkts\/cctv-360-wifi-tiesraide-tiessaiste\/#primaryimage"},"thumbnailUrl":"https:\/\/izsekosanasierices.lv\/wp-content\/uploads\/izsekosanasierices-vaizdo-stebejimo-kamra-360-stebejimas-gyvai-internetu.jpg","datePublished":"2023-10-05T15:37:11+00:00","dateModified":"2025-11-19T13:38:07+00:00","description":"Videonov\u0113ro\u0161ana 360\u00b0 tie\u0161raid\u0113, izmantojot internetu. \u0112rti uzraudz\u012bt telpas, dz\u012bvokli. Video un att\u0113lu ierakst\u012b\u0161ana SD atmi\u0146as kart\u0113. Iesp\u0113ja p\u0101rraudz\u012bt tie\u0161saist\u0113 caur t\u0101lruni","breadcrumb":{"@id":"https:\/\/izsekosanasierices.lv\/produkts\/cctv-360-wifi-tiesraide-tiessaiste\/#breadcrumb"},"inLanguage":"et","potentialAction":[{"@type":"ReadAction","target":["https:\/\/izsekosanasierices.lv\/produkts\/cctv-360-wifi-tiesraide-tiessaiste\/"]}]},{"@type":"ImageObject","inLanguage":"et","@id":"https:\/\/izsekosanasierices.lv\/produkts\/cctv-360-wifi-tiesraide-tiessaiste\/#primaryimage","url":"https:\/\/izsekosanasierices.lv\/wp-content\/uploads\/izsekosanasierices-vaizdo-stebejimo-kamra-360-stebejimas-gyvai-internetu.jpg","contentUrl":"https:\/\/izsekosanasierices.lv\/wp-content\/uploads\/izsekosanasierices-vaizdo-stebejimo-kamra-360-stebejimas-gyvai-internetu.jpg","width":849,"height":717,"caption":"Sekimo kamera 360 laipsniu objektyvas"},{"@type":"BreadcrumbList","@id":"https:\/\/izsekosanasierices.lv\/produkts\/cctv-360-wifi-tiesraide-tiessaiste\/#breadcrumb","itemListElement":[{"@type":"ListItem","position":1,"name":"S\u0101kums","item":"https:\/\/izsekosanasierices.lv\/"},{"@type":"ListItem","position":2,"name":"Veikals","item":"https:\/\/izsekosanasierices.lv\/veikals\/"},{"@type":"ListItem","position":3,"name":"CCTV 360\u00b0 WiFi tie\u0161raide tie\u0161saist\u0113"}]},{"@type":"WebSite","@id":"https:\/\/izsekosanasierices.lv\/#website","url":"https:\/\/izsekosanasierices.lv\/","name":"Nr1 Izseko\u0161anas ier\u012bces gps izseko\u0161anas iek\u0101rtas, klaus\u012b\u0161an\u0101s iek\u0101rtas","description":"","potentialAction":[{"@type":"SearchAction","target":{"@type":"EntryPoint","urlTemplate":"https:\/\/izsekosanasierices.lv\/?s={search_term_string}"},"query-input":{"@type":"PropertyValueSpecification","valueRequired":true,"valueName":"search_term_string"}}],"inLanguage":"et"}]}},"_links":{"self":[{"href":"https:\/\/izsekosanasierices.lv\/et\/wp-json\/wp\/v2\/product\/1219","targetHints":{"allow":["GET"]}}],"collection":[{"href":"https:\/\/izsekosanasierices.lv\/et\/wp-json\/wp\/v2\/product"}],"about":[{"href":"https:\/\/izsekosanasierices.lv\/et\/wp-json\/wp\/v2\/types\/product"}],"wp:featuredmedia":[{"embeddable":true,"href":"https:\/\/izsekosanasierices.lv\/et\/wp-json\/wp\/v2\/media\/1439"}],"wp:attachment":[{"href":"https:\/\/izsekosanasierices.lv\/et\/wp-json\/wp\/v2\/media?parent=1219"}],"wp:term":[{"taxonomy":"product_brand","embeddable":true,"href":"https:\/\/izsekosanasierices.lv\/et\/wp-json\/wp\/v2\/product_brand?post=1219"},{"taxonomy":"product_cat","embeddable":true,"href":"https:\/\/izsekosanasierices.lv\/et\/wp-json\/wp\/v2\/product_cat?post=1219"},{"taxonomy":"product_tag","embeddable":true,"href":"https:\/\/izsekosanasierices.lv\/et\/wp-json\/wp\/v2\/product_tag?post=1219"}],"curies":[{"name":"wp","href":"https:\/\/api.w.org\/{rel}","templated":true}]}}