{"id":1220,"date":"2023-10-05T15:37:11","date_gmt":"2023-10-05T15:37:11","guid":{"rendered":"https:\/\/izsekosanasierices.lv\/produktas\/slapta-kamera-dumu-detektorius-su-judesio-davikliu-720x480px\/"},"modified":"2025-11-19T15:31:03","modified_gmt":"2025-11-19T13:31:03","slug":"dumu-detektora-iebuveta-slepta-kamera-ar-kustibu-sensoru-720-x-480-px-attelu-izskirtspeja","status":"publish","type":"product","link":"https:\/\/izsekosanasierices.lv\/et\/produkts\/suitsuanduri-sisseehitatud-varjatud-kaamera-koos-liikumisanduriga-720-x-480-px-pildi-kuvamine\/","title":{"rendered":"Suitsuandur koos sisseehitatud peidetud kaamera ja liikumisanduriga | 720 x 480 px pildi eraldusv\u00f5ime"},"content":{"rendered":"<h3><strong>Tehnilised parameetrid:<\/strong><\/h3>\n<ul>\n<li>Toetatavad m\u00e4lukaardid: (T-flash) micro SD \/ SDHC kuni 32 GB (ei kuulu komplekti)<\/li>\n<li>Pildi resolutsioon: 720 x 480 px<\/li>\n<li>Videoformaat: avi | 30 kaadrit sekundis<\/li>\n<li>Kaamera vaatenurk: 65 kraadi<\/li>\n<li>Pildi resolutsioon: 1600 x 1200 px<\/li>\n<li>Mikrofon: 24 kHz m\u00fcrasummutus; k\u00f5rge helikvaliteet<\/li>\n<li>Laetav aku 3,7 V; 240 mAh<\/li>\n<li>Aku kestvus: 70 minutit<\/li>\n<li>USB-pesa: 1.1 ja 2.0<\/li>\n<li>Toetatud operatsioonis\u00fcsteemid: Windows XP \/ Vista 32 \/ Windows 7 \/ 8 \/ 10, Mac OS<\/li>\n<li>Lisafunktsioonid: liikumisandur, kaugjuhtimispult<\/li>\n<li>V\u00e4rv: valge<\/li>\n<li>Komplektis: suitsuandur koos peidetud kaameraga, USB-kaabel, kaugjuhtimispult, kasutusjuhend.<\/li>\n<li>Garantii 12 kuud<\/li>\n<\/ul>\n<p>&nbsp;<\/p>\n<p><span style=\"color: #ff0000;\">Kas vajate n\u00f5u v\u00f5i ei saa broneeringut? <strong>Helista +37120484176<\/strong><\/span><\/p>\n<p>&nbsp;<\/p>\n<p>Kasutamine: teie ohutuse tagamiseks, laste ohutuse tagamiseks.<\/p>\n<p>&nbsp;<\/p>\n<p>Parim viis oma ruumide kaitsmiseks varguste eest on kasutada seadet, mis ei \u00e4rata t\u00e4helepanu ja asub tavaliselt siseruumides. Selleks sobib ideaalselt suitsuanduri j\u00e4ljend. Sellesse seadmesse peidetud suitsuandur koos peidetud kaameraga ei tekita kahtlust ja tagab ruumide usaldusv\u00e4\u00e4rse ja diskreetse j\u00e4lgimise. See kvaliteetne seade suudab salvestada videot (720 x 480 px) ja teha fotosid (1600 x 1200 px). Video salvestatakse koos heliga, kiirusega 30 kaadrit sekundis, AVI-vormingus. Pilte saab edastada ja salvestada seadme m\u00e4lukaardile (see <em>stealth<\/em> kaamera toetab micro SD-m\u00e4lukaarti; kaart ei kuulu komplekti).<\/p>\n<p><strong>\u00a0<\/strong><\/p>\n<p><strong>SEADME EELISED<\/strong><\/p>\n<p>K\u00f5rge kvaliteediga video (720 x 480 px). Videosalvestuse valikud: salvestamine pidevalt v\u00f5i p\u00e4rast liikumistuvastust. Nutikas disain - \u00fcliv\u00e4ike kaamera objektiiv. Toetatud m\u00e4lukaartide mahutavus 8 kuni 32 GB.<\/p>\n<p><strong>\u00a0<\/strong><\/p>\n<p><strong>VIDEO SALVESTAMISE SEADED<\/strong><\/p>\n<p>Varjatud kaamera v\u00f5ib salvestada pidevalt v\u00f5i v\u00f5ite valida, kas salvestada pilte toas toimuva liikumise korral. See funktsioon on suurep\u00e4rane lahendus olukordades, kus on v\u00e4he tegevust ja v\u00e4he k\u00fclastajaid. See s\u00e4\u00e4stab akut ja v\u00f5imaldab v\u00e4ltida t\u00fchjade salvestuste vaatamise aja raiskamist. Salvestusfunktsiooni saab aktiveerida ka eemalt (kaugjuhtimine).<\/p>\n<p><strong>\u00a0<\/strong><\/p>\n<p><strong>T\u00d6\u00d6AEG<\/strong><\/p>\n<p>J\u00e4lgimiskaamera toitub sisemisest akust (240 mAh aku). Laetud akuga t\u00f6\u00f6tab kaamera umbes 70 minutit. \u00dcks tund pildistamist m\u00e4lukaardile v\u00f5tab umbes 2 GB.<\/p>\n<p><strong>\u00a0<\/strong><\/p>\n<p><strong>TEHNILISED N\u00c4ITAJAD:<\/strong><\/p>\n<ul>\n<li>Toetatavad m\u00e4lukaardid: (T-flash) micro SD \/ SDHC kuni 32 GB (ei kuulu komplekti)<\/li>\n<li>Pildi resolutsioon: 720 x 480 px<\/li>\n<li>Videoformaat: avi | 30 kaadrit sekundis<\/li>\n<li>Kaamera vaatenurk: 65 kraadi<\/li>\n<li>Pildi resolutsioon: 1600 x 1200 px<\/li>\n<li>Mikrofon: 24 kHz m\u00fcrasummutus; k\u00f5rge helikvaliteet<\/li>\n<li>Laetav aku 3,7 V; 240 mAh<\/li>\n<li>Aku kestvus: 70 minutit<\/li>\n<li>USB-pesa: 1.1 ja 2.0<\/li>\n<li>Toetatud operatsioonis\u00fcsteemid: Windows XP \/ Vista 32 \/ Windows 7 \/ 8 \/ 10, Mac OS<\/li>\n<li>Lisafunktsioonid: liikumisandur, kaugjuhtimispult<\/li>\n<li>V\u00e4rv: valge<\/li>\n<li>Komplektis: suitsuandur koos peidetud kaameraga, USB-kaabel, kaugjuhtimispult, kasutusjuhend.<\/li>\n<li>Garantii 12 kuud<\/li>\n<\/ul>","protected":false},"excerpt":{"rendered":"<p>Suitsuandur maskeerib salajase kaamera koos liikumisanduriga. V\u00f5imalus salaja videot salvestada. Visuaalselt eristamatu tavalisest suitsuandurist.<\/p>","protected":false},"featured_media":1444,"template":"","meta":[],"product_brand":[],"product_cat":[330,321],"product_tag":[325,455,334,36,328,415,450],"class_list":{"0":"post-1220","1":"product","2":"type-product","3":"status-publish","4":"has-post-thumbnail","6":"product_cat-masketas-kameras","7":"product_cat-sleptas-kameras","8":"product_tag-izsekosanas-kamera","9":"product_tag-kameras-dumu-detektors","10":"product_tag-masketa-kamera","11":"product_tag-mini-kamera","12":"product_tag-slepena-kamera","13":"product_tag-slepenas-kameras","14":"product_tag-slepenas-noverosanas-kameras","16":"first","17":"outofstock","18":"taxable","19":"shipping-taxable","20":"purchasable","21":"product-type-simple"},"yoast_head":"<!-- This site is optimized with the Yoast SEO plugin v27.5 - https:\/\/yoast.com\/product\/yoast-seo-wordpress\/ -->\n<title>D\u016bmu detektor\u0101 ieb\u016bv\u0113ta sl\u0113pt\u0101 kamera ar kust\u012bbu sensoru<\/title>\n<meta name=\"description\" content=\"D\u016bmu detektor\u0101 mask\u0113ta slepen\u0101 kamera ar kust\u012bbu sensoru. Iesp\u0113ja slepus ierakst\u012bt video. Vizu\u0101li neat\u0161\u0137iras no parasta d\u016bmu detektora.\" \/>\n<meta name=\"robots\" content=\"index, follow, max-snippet:-1, max-image-preview:large, max-video-preview:-1\" \/>\n<link rel=\"canonical\" href=\"https:\/\/izsekosanasierices.lv\/et\/produkts\/suitsuanduri-sisseehitatud-varjatud-kaamera-koos-liikumisanduriga-720-x-480-px-pildi-kuvamine\/\" \/>\n<meta property=\"og:locale\" content=\"et_EE\" \/>\n<meta property=\"og:type\" content=\"article\" \/>\n<meta property=\"og:title\" content=\"Slepena kamera Sl\u0113ptais d\u016bmu detektors ar kust\u012bbas sensoru\" \/>\n<meta property=\"og:description\" content=\"Slepen\u0101 kamera ir pasl\u0113pta d\u016bmu detektor\u0101 ar kust\u012bbas detektoru. Iesp\u0113ja ierakst\u012bt \u012bpa\u0161i slepenu video neat\u0161\u0137iras no parast\u0101 d\u016bmu detektora.\" \/>\n<meta property=\"og:url\" content=\"https:\/\/izsekosanasierices.lv\/et\/produkts\/suitsuanduri-sisseehitatud-varjatud-kaamera-koos-liikumisanduriga-720-x-480-px-pildi-kuvamine\/\" \/>\n<meta property=\"og:site_name\" content=\"Nr1 Izseko\u0161anas ier\u012bces gps izseko\u0161anas iek\u0101rtas, klaus\u012b\u0161an\u0101s iek\u0101rtas\" \/>\n<meta property=\"article:modified_time\" content=\"2025-11-19T13:31:03+00:00\" \/>\n<meta property=\"og:image\" content=\"https:\/\/rvnski.dev\/sekimoiranga\/wp-content\/uploads\/izsekosanasierices.webp\" \/>\n<meta name=\"twitter:card\" content=\"summary_large_image\" \/>\n<meta name=\"twitter:title\" content=\"Slepena kamera Sl\u0113ptais d\u016bmu detektors ar kust\u012bbas sensoru\" \/>\n<meta name=\"twitter:description\" content=\"Slepen\u0101 kamera ir pasl\u0113pta d\u016bmu detektor\u0101 ar kust\u012bbas detektoru. Iesp\u0113ja ierakst\u012bt \u012bpa\u0161i slepenu video neat\u0161\u0137iras no parast\u0101 d\u016bmu detektora.\" \/>\n<meta name=\"twitter:label1\" content=\"Est. reading time\" \/>\n\t<meta name=\"twitter:data1\" content=\"3 minutit\" \/>\n<script type=\"application\/ld+json\" class=\"yoast-schema-graph\">{\"@context\":\"https:\\\/\\\/schema.org\",\"@graph\":[{\"@type\":\"WebPage\",\"@id\":\"https:\\\/\\\/izsekosanasierices.lv\\\/produkts\\\/dumu-detektora-iebuveta-slepta-kamera-ar-kustibu-sensoru-720-x-480-px-attelu-izskirtspeja\\\/\",\"url\":\"https:\\\/\\\/izsekosanasierices.lv\\\/produkts\\\/dumu-detektora-iebuveta-slepta-kamera-ar-kustibu-sensoru-720-x-480-px-attelu-izskirtspeja\\\/\",\"name\":\"D\u016bmu detektor\u0101 ieb\u016bv\u0113ta sl\u0113pt\u0101 kamera ar kust\u012bbu sensoru\",\"isPartOf\":{\"@id\":\"https:\\\/\\\/izsekosanasierices.lv\\\/#website\"},\"primaryImageOfPage\":{\"@id\":\"https:\\\/\\\/izsekosanasierices.lv\\\/produkts\\\/dumu-detektora-iebuveta-slepta-kamera-ar-kustibu-sensoru-720-x-480-px-attelu-izskirtspeja\\\/#primaryimage\"},\"image\":{\"@id\":\"https:\\\/\\\/izsekosanasierices.lv\\\/produkts\\\/dumu-detektora-iebuveta-slepta-kamera-ar-kustibu-sensoru-720-x-480-px-attelu-izskirtspeja\\\/#primaryimage\"},\"thumbnailUrl\":\"https:\\\/\\\/izsekosanasierices.lv\\\/wp-content\\\/uploads\\\/izsekosanasierices-slapta-kamera-dumu-detektorisu-su-judesio-davikliu-720x480px.jpg\",\"datePublished\":\"2023-10-05T15:37:11+00:00\",\"dateModified\":\"2025-11-19T13:31:03+00:00\",\"description\":\"D\u016bmu detektor\u0101 mask\u0113ta slepen\u0101 kamera ar kust\u012bbu sensoru. Iesp\u0113ja slepus ierakst\u012bt video. Vizu\u0101li neat\u0161\u0137iras no parasta d\u016bmu detektora.\",\"breadcrumb\":{\"@id\":\"https:\\\/\\\/izsekosanasierices.lv\\\/produkts\\\/dumu-detektora-iebuveta-slepta-kamera-ar-kustibu-sensoru-720-x-480-px-attelu-izskirtspeja\\\/#breadcrumb\"},\"inLanguage\":\"et\",\"potentialAction\":[{\"@type\":\"ReadAction\",\"target\":[\"https:\\\/\\\/izsekosanasierices.lv\\\/produkts\\\/dumu-detektora-iebuveta-slepta-kamera-ar-kustibu-sensoru-720-x-480-px-attelu-izskirtspeja\\\/\"]}]},{\"@type\":\"ImageObject\",\"inLanguage\":\"et\",\"@id\":\"https:\\\/\\\/izsekosanasierices.lv\\\/produkts\\\/dumu-detektora-iebuveta-slepta-kamera-ar-kustibu-sensoru-720-x-480-px-attelu-izskirtspeja\\\/#primaryimage\",\"url\":\"https:\\\/\\\/izsekosanasierices.lv\\\/wp-content\\\/uploads\\\/izsekosanasierices-slapta-kamera-dumu-detektorisu-su-judesio-davikliu-720x480px.jpg\",\"contentUrl\":\"https:\\\/\\\/izsekosanasierices.lv\\\/wp-content\\\/uploads\\\/izsekosanasierices-slapta-kamera-dumu-detektorisu-su-judesio-davikliu-720x480px.jpg\",\"width\":1125,\"height\":908,\"caption\":\"D\u016bm\u0173 detektorius su kamera\"},{\"@type\":\"BreadcrumbList\",\"@id\":\"https:\\\/\\\/izsekosanasierices.lv\\\/produkts\\\/dumu-detektora-iebuveta-slepta-kamera-ar-kustibu-sensoru-720-x-480-px-attelu-izskirtspeja\\\/#breadcrumb\",\"itemListElement\":[{\"@type\":\"ListItem\",\"position\":1,\"name\":\"S\u0101kums\",\"item\":\"https:\\\/\\\/izsekosanasierices.lv\\\/\"},{\"@type\":\"ListItem\",\"position\":2,\"name\":\"Veikals\",\"item\":\"https:\\\/\\\/izsekosanasierices.lv\\\/veikals\\\/\"},{\"@type\":\"ListItem\",\"position\":3,\"name\":\"D\u016bmu detektor\u0101 ieb\u016bv\u0113ta sl\u0113pt\u0101 kamera ar kust\u012bbu sensoru | 720 x 480 px att\u0113lu iz\u0161\u0137irtsp\u0113ja\"}]},{\"@type\":\"WebSite\",\"@id\":\"https:\\\/\\\/izsekosanasierices.lv\\\/#website\",\"url\":\"https:\\\/\\\/izsekosanasierices.lv\\\/\",\"name\":\"Nr1 Izseko\u0161anas ier\u012bces gps izseko\u0161anas iek\u0101rtas, klaus\u012b\u0161an\u0101s iek\u0101rtas\",\"description\":\"\",\"potentialAction\":[{\"@type\":\"SearchAction\",\"target\":{\"@type\":\"EntryPoint\",\"urlTemplate\":\"https:\\\/\\\/izsekosanasierices.lv\\\/?s={search_term_string}\"},\"query-input\":{\"@type\":\"PropertyValueSpecification\",\"valueRequired\":true,\"valueName\":\"search_term_string\"}}],\"inLanguage\":\"et\"}]}<\/script>\n<!-- \/ Yoast SEO plugin. -->","yoast_head_json":{"title":"D\u016bmu detektor\u0101 ieb\u016bv\u0113ta sl\u0113pt\u0101 kamera ar kust\u012bbu sensoru","description":"D\u016bmu detektor\u0101 mask\u0113ta slepen\u0101 kamera ar kust\u012bbu sensoru. Iesp\u0113ja slepus ierakst\u012bt video. Vizu\u0101li neat\u0161\u0137iras no parasta d\u016bmu detektora.","robots":{"index":"index","follow":"follow","max-snippet":"max-snippet:-1","max-image-preview":"max-image-preview:large","max-video-preview":"max-video-preview:-1"},"canonical":"https:\/\/izsekosanasierices.lv\/et\/produkts\/suitsuanduri-sisseehitatud-varjatud-kaamera-koos-liikumisanduriga-720-x-480-px-pildi-kuvamine\/","og_locale":"et_EE","og_type":"article","og_title":"Slepena kamera Sl\u0113ptais d\u016bmu detektors ar kust\u012bbas sensoru","og_description":"Slepen\u0101 kamera ir pasl\u0113pta d\u016bmu detektor\u0101 ar kust\u012bbas detektoru. Iesp\u0113ja ierakst\u012bt \u012bpa\u0161i slepenu video neat\u0161\u0137iras no parast\u0101 d\u016bmu detektora.","og_url":"https:\/\/izsekosanasierices.lv\/et\/produkts\/suitsuanduri-sisseehitatud-varjatud-kaamera-koos-liikumisanduriga-720-x-480-px-pildi-kuvamine\/","og_site_name":"Nr1 Izseko\u0161anas ier\u012bces gps izseko\u0161anas iek\u0101rtas, klaus\u012b\u0161an\u0101s iek\u0101rtas","article_modified_time":"2025-11-19T13:31:03+00:00","og_image":[{"url":"https:\/\/rvnski.dev\/sekimoiranga\/wp-content\/uploads\/izsekosanasierices.webp","type":"","width":"","height":""}],"twitter_card":"summary_large_image","twitter_title":"Slepena kamera Sl\u0113ptais d\u016bmu detektors ar kust\u012bbas sensoru","twitter_description":"Slepen\u0101 kamera ir pasl\u0113pta d\u016bmu detektor\u0101 ar kust\u012bbas detektoru. Iesp\u0113ja ierakst\u012bt \u012bpa\u0161i slepenu video neat\u0161\u0137iras no parast\u0101 d\u016bmu detektora.","twitter_misc":{"Est. reading time":"3 minutit"},"schema":{"@context":"https:\/\/schema.org","@graph":[{"@type":"WebPage","@id":"https:\/\/izsekosanasierices.lv\/produkts\/dumu-detektora-iebuveta-slepta-kamera-ar-kustibu-sensoru-720-x-480-px-attelu-izskirtspeja\/","url":"https:\/\/izsekosanasierices.lv\/produkts\/dumu-detektora-iebuveta-slepta-kamera-ar-kustibu-sensoru-720-x-480-px-attelu-izskirtspeja\/","name":"D\u016bmu detektor\u0101 ieb\u016bv\u0113ta sl\u0113pt\u0101 kamera ar kust\u012bbu sensoru","isPartOf":{"@id":"https:\/\/izsekosanasierices.lv\/#website"},"primaryImageOfPage":{"@id":"https:\/\/izsekosanasierices.lv\/produkts\/dumu-detektora-iebuveta-slepta-kamera-ar-kustibu-sensoru-720-x-480-px-attelu-izskirtspeja\/#primaryimage"},"image":{"@id":"https:\/\/izsekosanasierices.lv\/produkts\/dumu-detektora-iebuveta-slepta-kamera-ar-kustibu-sensoru-720-x-480-px-attelu-izskirtspeja\/#primaryimage"},"thumbnailUrl":"https:\/\/izsekosanasierices.lv\/wp-content\/uploads\/izsekosanasierices-slapta-kamera-dumu-detektorisu-su-judesio-davikliu-720x480px.jpg","datePublished":"2023-10-05T15:37:11+00:00","dateModified":"2025-11-19T13:31:03+00:00","description":"D\u016bmu detektor\u0101 mask\u0113ta slepen\u0101 kamera ar kust\u012bbu sensoru. Iesp\u0113ja slepus ierakst\u012bt video. Vizu\u0101li neat\u0161\u0137iras no parasta d\u016bmu detektora.","breadcrumb":{"@id":"https:\/\/izsekosanasierices.lv\/produkts\/dumu-detektora-iebuveta-slepta-kamera-ar-kustibu-sensoru-720-x-480-px-attelu-izskirtspeja\/#breadcrumb"},"inLanguage":"et","potentialAction":[{"@type":"ReadAction","target":["https:\/\/izsekosanasierices.lv\/produkts\/dumu-detektora-iebuveta-slepta-kamera-ar-kustibu-sensoru-720-x-480-px-attelu-izskirtspeja\/"]}]},{"@type":"ImageObject","inLanguage":"et","@id":"https:\/\/izsekosanasierices.lv\/produkts\/dumu-detektora-iebuveta-slepta-kamera-ar-kustibu-sensoru-720-x-480-px-attelu-izskirtspeja\/#primaryimage","url":"https:\/\/izsekosanasierices.lv\/wp-content\/uploads\/izsekosanasierices-slapta-kamera-dumu-detektorisu-su-judesio-davikliu-720x480px.jpg","contentUrl":"https:\/\/izsekosanasierices.lv\/wp-content\/uploads\/izsekosanasierices-slapta-kamera-dumu-detektorisu-su-judesio-davikliu-720x480px.jpg","width":1125,"height":908,"caption":"D\u016bm\u0173 detektorius su kamera"},{"@type":"BreadcrumbList","@id":"https:\/\/izsekosanasierices.lv\/produkts\/dumu-detektora-iebuveta-slepta-kamera-ar-kustibu-sensoru-720-x-480-px-attelu-izskirtspeja\/#breadcrumb","itemListElement":[{"@type":"ListItem","position":1,"name":"S\u0101kums","item":"https:\/\/izsekosanasierices.lv\/"},{"@type":"ListItem","position":2,"name":"Veikals","item":"https:\/\/izsekosanasierices.lv\/veikals\/"},{"@type":"ListItem","position":3,"name":"D\u016bmu detektor\u0101 ieb\u016bv\u0113ta sl\u0113pt\u0101 kamera ar kust\u012bbu sensoru | 720 x 480 px att\u0113lu iz\u0161\u0137irtsp\u0113ja"}]},{"@type":"WebSite","@id":"https:\/\/izsekosanasierices.lv\/#website","url":"https:\/\/izsekosanasierices.lv\/","name":"Nr1 Izseko\u0161anas ier\u012bces gps izseko\u0161anas iek\u0101rtas, klaus\u012b\u0161an\u0101s iek\u0101rtas","description":"","potentialAction":[{"@type":"SearchAction","target":{"@type":"EntryPoint","urlTemplate":"https:\/\/izsekosanasierices.lv\/?s={search_term_string}"},"query-input":{"@type":"PropertyValueSpecification","valueRequired":true,"valueName":"search_term_string"}}],"inLanguage":"et"}]}},"_links":{"self":[{"href":"https:\/\/izsekosanasierices.lv\/et\/wp-json\/wp\/v2\/product\/1220","targetHints":{"allow":["GET"]}}],"collection":[{"href":"https:\/\/izsekosanasierices.lv\/et\/wp-json\/wp\/v2\/product"}],"about":[{"href":"https:\/\/izsekosanasierices.lv\/et\/wp-json\/wp\/v2\/types\/product"}],"wp:featuredmedia":[{"embeddable":true,"href":"https:\/\/izsekosanasierices.lv\/et\/wp-json\/wp\/v2\/media\/1444"}],"wp:attachment":[{"href":"https:\/\/izsekosanasierices.lv\/et\/wp-json\/wp\/v2\/media?parent=1220"}],"wp:term":[{"taxonomy":"product_brand","embeddable":true,"href":"https:\/\/izsekosanasierices.lv\/et\/wp-json\/wp\/v2\/product_brand?post=1220"},{"taxonomy":"product_cat","embeddable":true,"href":"https:\/\/izsekosanasierices.lv\/et\/wp-json\/wp\/v2\/product_cat?post=1220"},{"taxonomy":"product_tag","embeddable":true,"href":"https:\/\/izsekosanasierices.lv\/et\/wp-json\/wp\/v2\/product_tag?post=1220"}],"curies":[{"name":"wp","href":"https:\/\/api.w.org\/{rel}","templated":true}]}}