{"id":1221,"date":"2023-10-05T15:37:11","date_gmt":"2023-10-05T15:37:11","guid":{"rendered":"https:\/\/izsekosanasierices.lv\/produktas\/neoriginalus-gps-seklys-mini-iki-10-metru-tikslumas\/"},"modified":"2025-11-19T15:14:14","modified_gmt":"2025-11-19T13:14:14","slug":"neoriginala-gps-izsekosanas-ierice-mini-ar-precizitati-lidz-10-metriem","status":"publish","type":"product","link":"https:\/\/izsekosanasierices.lv\/et\/produkts\/mitte-originaalne-gps-jalgimise-mini-kuni-10-meetri-tapsusega\/","title":{"rendered":"Mitte-originaalne Mini GPS j\u00e4lgimisseade, mille t\u00e4psus on kuni 10 meetrit."},"content":{"rendered":"<p>T\u00c4HELEPANU: selle seadme m\u00fc\u00fck on peatatud alates 25. juulist 2023!!! Need j\u00e4lgimisseadmed ei pruugi t\u00f6\u00f6tada IMEI-aadresside dubleerimise t\u00f5ttu.<\/p>\n<p>Me oleme l\u00f5petanud nende seadmete m\u00fc\u00fcgi, sest need ei t\u00f6\u00f6ta sageli etten\u00e4htud viisil ja sageli kattuvad IMEI-aadressid (ainult siis, kui m\u00f5lemad kasutajanimed t\u00f6\u00f6tavad korraga, n\u00e4itab see ebat\u00e4pset asukohta (v\u00f5\u00f5rad koordinaadid). Lisaks sellele v\u00f5ib sama IMEI-ga mobiiltelefon olla inimese poolt kadunud (registreeritud politseis ja vastavalt blokeeritud), mist\u00f5ttu GPS-seireseadme IMEI on samuti blokeeritud, kui seade lakkab t\u00f6\u00f6tamast.<\/p>\n<h3><strong>Tehnilised parameetrid:<\/strong><\/h3>\n<ul>\n<li><strong>\u00dchenduvus: GPS \/ GSM \/ GPRS<\/strong><\/li>\n<li><strong>GPS-moodul: teadmata<\/strong><\/li>\n<li><strong>GSM-sagedused: 850 \/ 900 \/ 1800 \/ 1900 MHz<\/strong><\/li>\n<li><strong>Laadimine: 5 V 500 mA \/ USB-pesa<\/strong><\/li>\n<li><strong>Aku: 3,7 V 500 mAh liitium-ioonaku<\/strong><\/li>\n<li><strong>T\u00f6\u00f6temperatuur: -20 kuni +4 kraadi<\/strong><\/li>\n<li><strong>Niiskuse tase: 5 - 90 %<\/strong><\/li>\n<li><strong>M\u00f5\u00f5tmed: 64 mm x 46 mm x 17 mm<\/strong><\/li>\n<li><strong>Kaal: 33 g<\/strong><\/li>\n<li><strong>Sisaldab GPS-j\u00e4lgimisseadet, USB-kaablit, juhiseid<\/strong><\/li>\n<\/ul>\n<p>Garantii 12 kuud<\/p>","protected":false},"excerpt":{"rendered":"<p>V\u00d5IMALIK GPS j\u00e4lgimisseade. Positsioneerimine umbes 5 meetri t\u00e4psusega. Sobib koduseks kasutamiseks. J\u00e4lgige oma auto ja p\u00f5llumajandusmasinate liikumist.<\/p>","protected":false},"featured_media":1446,"template":"","meta":[],"product_brand":[],"product_cat":[357],"product_tag":[370,422,423,371,372],"class_list":{"0":"post-1221","1":"product","2":"type-product","3":"status-publish","4":"has-post-thumbnail","6":"product_cat-gps-izsekosanas-ierice","7":"product_tag-automasinas-gps-izsekotajs","8":"product_tag-gps-blusa","9":"product_tag-gps-izsekosana","10":"product_tag-gps-izsekosanas-iekartas","11":"product_tag-gps-izsekotajs","13":"first","14":"outofstock","15":"taxable","16":"shipping-taxable","17":"purchasable","18":"product-type-simple"},"yoast_head":"<!-- This site is optimized with the Yoast SEO plugin v27.5 - https:\/\/yoast.com\/product\/yoast-seo-wordpress\/ -->\n<title>Neori\u0123in\u0101la GPS izseko\u0161anas ier\u012bce Mini ar precizit\u0101ti l\u012bdz 10 m.<\/title>\n<meta name=\"description\" content=\"NEORI\u0122IN\u0100LA GPS izseko\u0161anas ier\u012bce Atra\u0161an\u0101s vietas noteik\u0161ana ar precizit\u0101ti aptuveni 10 metri Piem\u0113rots lieto\u0161anai m\u0101j\u0101s Kontrol\u0113jiet sava automobi\u013ca...\" \/>\n<meta name=\"robots\" content=\"index, follow, max-snippet:-1, max-image-preview:large, max-video-preview:-1\" \/>\n<link rel=\"canonical\" href=\"https:\/\/izsekosanasierices.lv\/et\/produkts\/mitte-originaalne-gps-jalgimise-mini-kuni-10-meetri-tapsusega\/\" \/>\n<meta property=\"og:locale\" content=\"et_EE\" \/>\n<meta property=\"og:type\" content=\"article\" \/>\n<meta property=\"og:title\" content=\"GPS izsekot\u0101js ar objekta k\u013c\u016bdu l\u012bdz 5 metriem - NEORIGINAL\" \/>\n<meta property=\"og:description\" content=\"NEORI\u0122IN\u0100LS GPS izseko\u0161anas ier\u012bce, atra\u0161an\u0101s vietas noteik\u0161ana ar precizit\u0101ti aptuveni 5 metri. Piem\u0113rots lieto\u0161anai m\u0101j\u0101s. Kontrol\u0113jiet sava automobi\u013ca un lauksaimniec\u012bbas tehnikas kust\u012bbu.\" \/>\n<meta property=\"og:url\" content=\"https:\/\/izsekosanasierices.lv\/et\/produkts\/mitte-originaalne-gps-jalgimise-mini-kuni-10-meetri-tapsusega\/\" \/>\n<meta property=\"og:site_name\" content=\"Nr1 Izseko\u0161anas ier\u012bces gps izseko\u0161anas iek\u0101rtas, klaus\u012b\u0161an\u0101s iek\u0101rtas\" \/>\n<meta property=\"article:modified_time\" content=\"2025-11-19T13:14:14+00:00\" \/>\n<meta property=\"og:image\" content=\"https:\/\/rvnski.dev\/sekimoiranga\/wp-content\/uploads\/izsekosanasierices.webp\" \/>\n<meta name=\"twitter:card\" content=\"summary_large_image\" \/>\n<meta name=\"twitter:title\" content=\"GPS izsekot\u0101js ar objekta k\u013c\u016bdu l\u012bdz 5 metriem - NEORIGINAL\" \/>\n<meta name=\"twitter:description\" content=\"NEORI\u0122IN\u0100LS GPS izseko\u0161anas ier\u012bce, atra\u0161an\u0101s vietas noteik\u0161ana ar precizit\u0101ti aptuveni 5 metri. Piem\u0113rots lieto\u0161anai m\u0101j\u0101s. Kontrol\u0113jiet sava automobi\u013ca un lauksaimniec\u012bbas tehnikas kust\u012bbu.\" \/>\n<meta name=\"twitter:label1\" content=\"Est. reading time\" \/>\n\t<meta name=\"twitter:data1\" content=\"2 minutit\" \/>\n<script type=\"application\/ld+json\" class=\"yoast-schema-graph\">{\"@context\":\"https:\\\/\\\/schema.org\",\"@graph\":[{\"@type\":\"WebPage\",\"@id\":\"https:\\\/\\\/izsekosanasierices.lv\\\/produkts\\\/neoriginala-gps-izsekosanas-ierice-mini-ar-precizitati-lidz-10-metriem\\\/\",\"url\":\"https:\\\/\\\/izsekosanasierices.lv\\\/produkts\\\/neoriginala-gps-izsekosanas-ierice-mini-ar-precizitati-lidz-10-metriem\\\/\",\"name\":\"Neori\u0123in\u0101la GPS izseko\u0161anas ier\u012bce Mini ar precizit\u0101ti l\u012bdz 10 m.\",\"isPartOf\":{\"@id\":\"https:\\\/\\\/izsekosanasierices.lv\\\/#website\"},\"primaryImageOfPage\":{\"@id\":\"https:\\\/\\\/izsekosanasierices.lv\\\/produkts\\\/neoriginala-gps-izsekosanas-ierice-mini-ar-precizitati-lidz-10-metriem\\\/#primaryimage\"},\"image\":{\"@id\":\"https:\\\/\\\/izsekosanasierices.lv\\\/produkts\\\/neoriginala-gps-izsekosanas-ierice-mini-ar-precizitati-lidz-10-metriem\\\/#primaryimage\"},\"thumbnailUrl\":\"https:\\\/\\\/izsekosanasierices.lv\\\/wp-content\\\/uploads\\\/izsekosanasierices-gps-seklys-su-iki-5-metru-objekto-paklaida-neoriginalus.jpg\",\"datePublished\":\"2023-10-05T15:37:11+00:00\",\"dateModified\":\"2025-11-19T13:14:14+00:00\",\"description\":\"NEORI\u0122IN\u0100LA GPS izseko\u0161anas ier\u012bce Atra\u0161an\u0101s vietas noteik\u0161ana ar precizit\u0101ti aptuveni 10 metri Piem\u0113rots lieto\u0161anai m\u0101j\u0101s Kontrol\u0113jiet sava automobi\u013ca...\",\"breadcrumb\":{\"@id\":\"https:\\\/\\\/izsekosanasierices.lv\\\/produkts\\\/neoriginala-gps-izsekosanas-ierice-mini-ar-precizitati-lidz-10-metriem\\\/#breadcrumb\"},\"inLanguage\":\"et\",\"potentialAction\":[{\"@type\":\"ReadAction\",\"target\":[\"https:\\\/\\\/izsekosanasierices.lv\\\/produkts\\\/neoriginala-gps-izsekosanas-ierice-mini-ar-precizitati-lidz-10-metriem\\\/\"]}]},{\"@type\":\"ImageObject\",\"inLanguage\":\"et\",\"@id\":\"https:\\\/\\\/izsekosanasierices.lv\\\/produkts\\\/neoriginala-gps-izsekosanas-ierice-mini-ar-precizitati-lidz-10-metriem\\\/#primaryimage\",\"url\":\"https:\\\/\\\/izsekosanasierices.lv\\\/wp-content\\\/uploads\\\/izsekosanasierices-gps-seklys-su-iki-5-metru-objekto-paklaida-neoriginalus.jpg\",\"contentUrl\":\"https:\\\/\\\/izsekosanasierices.lv\\\/wp-content\\\/uploads\\\/izsekosanasierices-gps-seklys-su-iki-5-metru-objekto-paklaida-neoriginalus.jpg\",\"width\":458,\"height\":458,\"caption\":\"GPS seklys mini tiksl\u016bmas iki 5 metr\u0173\"},{\"@type\":\"BreadcrumbList\",\"@id\":\"https:\\\/\\\/izsekosanasierices.lv\\\/produkts\\\/neoriginala-gps-izsekosanas-ierice-mini-ar-precizitati-lidz-10-metriem\\\/#breadcrumb\",\"itemListElement\":[{\"@type\":\"ListItem\",\"position\":1,\"name\":\"S\u0101kums\",\"item\":\"https:\\\/\\\/izsekosanasierices.lv\\\/\"},{\"@type\":\"ListItem\",\"position\":2,\"name\":\"Veikals\",\"item\":\"https:\\\/\\\/izsekosanasierices.lv\\\/veikals\\\/\"},{\"@type\":\"ListItem\",\"position\":3,\"name\":\"Neori\u0123in\u0101la GPS izseko\u0161anas ier\u012bce Mini ar precizit\u0101ti l\u012bdz 10 metriem\"}]},{\"@type\":\"WebSite\",\"@id\":\"https:\\\/\\\/izsekosanasierices.lv\\\/#website\",\"url\":\"https:\\\/\\\/izsekosanasierices.lv\\\/\",\"name\":\"Nr1 Izseko\u0161anas ier\u012bces gps izseko\u0161anas iek\u0101rtas, klaus\u012b\u0161an\u0101s iek\u0101rtas\",\"description\":\"\",\"potentialAction\":[{\"@type\":\"SearchAction\",\"target\":{\"@type\":\"EntryPoint\",\"urlTemplate\":\"https:\\\/\\\/izsekosanasierices.lv\\\/?s={search_term_string}\"},\"query-input\":{\"@type\":\"PropertyValueSpecification\",\"valueRequired\":true,\"valueName\":\"search_term_string\"}}],\"inLanguage\":\"et\"}]}<\/script>\n<!-- \/ Yoast SEO plugin. -->","yoast_head_json":{"title":"Neori\u0123in\u0101la GPS izseko\u0161anas ier\u012bce Mini ar precizit\u0101ti l\u012bdz 10 m.","description":"NEORI\u0122IN\u0100LA GPS izseko\u0161anas ier\u012bce Atra\u0161an\u0101s vietas noteik\u0161ana ar precizit\u0101ti aptuveni 10 metri Piem\u0113rots lieto\u0161anai m\u0101j\u0101s Kontrol\u0113jiet sava automobi\u013ca...","robots":{"index":"index","follow":"follow","max-snippet":"max-snippet:-1","max-image-preview":"max-image-preview:large","max-video-preview":"max-video-preview:-1"},"canonical":"https:\/\/izsekosanasierices.lv\/et\/produkts\/mitte-originaalne-gps-jalgimise-mini-kuni-10-meetri-tapsusega\/","og_locale":"et_EE","og_type":"article","og_title":"GPS izsekot\u0101js ar objekta k\u013c\u016bdu l\u012bdz 5 metriem - NEORIGINAL","og_description":"NEORI\u0122IN\u0100LS GPS izseko\u0161anas ier\u012bce, atra\u0161an\u0101s vietas noteik\u0161ana ar precizit\u0101ti aptuveni 5 metri. Piem\u0113rots lieto\u0161anai m\u0101j\u0101s. Kontrol\u0113jiet sava automobi\u013ca un lauksaimniec\u012bbas tehnikas kust\u012bbu.","og_url":"https:\/\/izsekosanasierices.lv\/et\/produkts\/mitte-originaalne-gps-jalgimise-mini-kuni-10-meetri-tapsusega\/","og_site_name":"Nr1 Izseko\u0161anas ier\u012bces gps izseko\u0161anas iek\u0101rtas, klaus\u012b\u0161an\u0101s iek\u0101rtas","article_modified_time":"2025-11-19T13:14:14+00:00","og_image":[{"url":"https:\/\/rvnski.dev\/sekimoiranga\/wp-content\/uploads\/izsekosanasierices.webp","type":"","width":"","height":""}],"twitter_card":"summary_large_image","twitter_title":"GPS izsekot\u0101js ar objekta k\u013c\u016bdu l\u012bdz 5 metriem - NEORIGINAL","twitter_description":"NEORI\u0122IN\u0100LS GPS izseko\u0161anas ier\u012bce, atra\u0161an\u0101s vietas noteik\u0161ana ar precizit\u0101ti aptuveni 5 metri. Piem\u0113rots lieto\u0161anai m\u0101j\u0101s. Kontrol\u0113jiet sava automobi\u013ca un lauksaimniec\u012bbas tehnikas kust\u012bbu.","twitter_misc":{"Est. reading time":"2 minutit"},"schema":{"@context":"https:\/\/schema.org","@graph":[{"@type":"WebPage","@id":"https:\/\/izsekosanasierices.lv\/produkts\/neoriginala-gps-izsekosanas-ierice-mini-ar-precizitati-lidz-10-metriem\/","url":"https:\/\/izsekosanasierices.lv\/produkts\/neoriginala-gps-izsekosanas-ierice-mini-ar-precizitati-lidz-10-metriem\/","name":"Neori\u0123in\u0101la GPS izseko\u0161anas ier\u012bce Mini ar precizit\u0101ti l\u012bdz 10 m.","isPartOf":{"@id":"https:\/\/izsekosanasierices.lv\/#website"},"primaryImageOfPage":{"@id":"https:\/\/izsekosanasierices.lv\/produkts\/neoriginala-gps-izsekosanas-ierice-mini-ar-precizitati-lidz-10-metriem\/#primaryimage"},"image":{"@id":"https:\/\/izsekosanasierices.lv\/produkts\/neoriginala-gps-izsekosanas-ierice-mini-ar-precizitati-lidz-10-metriem\/#primaryimage"},"thumbnailUrl":"https:\/\/izsekosanasierices.lv\/wp-content\/uploads\/izsekosanasierices-gps-seklys-su-iki-5-metru-objekto-paklaida-neoriginalus.jpg","datePublished":"2023-10-05T15:37:11+00:00","dateModified":"2025-11-19T13:14:14+00:00","description":"NEORI\u0122IN\u0100LA GPS izseko\u0161anas ier\u012bce Atra\u0161an\u0101s vietas noteik\u0161ana ar precizit\u0101ti aptuveni 10 metri Piem\u0113rots lieto\u0161anai m\u0101j\u0101s Kontrol\u0113jiet sava automobi\u013ca...","breadcrumb":{"@id":"https:\/\/izsekosanasierices.lv\/produkts\/neoriginala-gps-izsekosanas-ierice-mini-ar-precizitati-lidz-10-metriem\/#breadcrumb"},"inLanguage":"et","potentialAction":[{"@type":"ReadAction","target":["https:\/\/izsekosanasierices.lv\/produkts\/neoriginala-gps-izsekosanas-ierice-mini-ar-precizitati-lidz-10-metriem\/"]}]},{"@type":"ImageObject","inLanguage":"et","@id":"https:\/\/izsekosanasierices.lv\/produkts\/neoriginala-gps-izsekosanas-ierice-mini-ar-precizitati-lidz-10-metriem\/#primaryimage","url":"https:\/\/izsekosanasierices.lv\/wp-content\/uploads\/izsekosanasierices-gps-seklys-su-iki-5-metru-objekto-paklaida-neoriginalus.jpg","contentUrl":"https:\/\/izsekosanasierices.lv\/wp-content\/uploads\/izsekosanasierices-gps-seklys-su-iki-5-metru-objekto-paklaida-neoriginalus.jpg","width":458,"height":458,"caption":"GPS seklys mini tiksl\u016bmas iki 5 metr\u0173"},{"@type":"BreadcrumbList","@id":"https:\/\/izsekosanasierices.lv\/produkts\/neoriginala-gps-izsekosanas-ierice-mini-ar-precizitati-lidz-10-metriem\/#breadcrumb","itemListElement":[{"@type":"ListItem","position":1,"name":"S\u0101kums","item":"https:\/\/izsekosanasierices.lv\/"},{"@type":"ListItem","position":2,"name":"Veikals","item":"https:\/\/izsekosanasierices.lv\/veikals\/"},{"@type":"ListItem","position":3,"name":"Neori\u0123in\u0101la GPS izseko\u0161anas ier\u012bce Mini ar precizit\u0101ti l\u012bdz 10 metriem"}]},{"@type":"WebSite","@id":"https:\/\/izsekosanasierices.lv\/#website","url":"https:\/\/izsekosanasierices.lv\/","name":"Nr1 Izseko\u0161anas ier\u012bces gps izseko\u0161anas iek\u0101rtas, klaus\u012b\u0161an\u0101s iek\u0101rtas","description":"","potentialAction":[{"@type":"SearchAction","target":{"@type":"EntryPoint","urlTemplate":"https:\/\/izsekosanasierices.lv\/?s={search_term_string}"},"query-input":{"@type":"PropertyValueSpecification","valueRequired":true,"valueName":"search_term_string"}}],"inLanguage":"et"}]}},"_links":{"self":[{"href":"https:\/\/izsekosanasierices.lv\/et\/wp-json\/wp\/v2\/product\/1221","targetHints":{"allow":["GET"]}}],"collection":[{"href":"https:\/\/izsekosanasierices.lv\/et\/wp-json\/wp\/v2\/product"}],"about":[{"href":"https:\/\/izsekosanasierices.lv\/et\/wp-json\/wp\/v2\/types\/product"}],"wp:featuredmedia":[{"embeddable":true,"href":"https:\/\/izsekosanasierices.lv\/et\/wp-json\/wp\/v2\/media\/1446"}],"wp:attachment":[{"href":"https:\/\/izsekosanasierices.lv\/et\/wp-json\/wp\/v2\/media?parent=1221"}],"wp:term":[{"taxonomy":"product_brand","embeddable":true,"href":"https:\/\/izsekosanasierices.lv\/et\/wp-json\/wp\/v2\/product_brand?post=1221"},{"taxonomy":"product_cat","embeddable":true,"href":"https:\/\/izsekosanasierices.lv\/et\/wp-json\/wp\/v2\/product_cat?post=1221"},{"taxonomy":"product_tag","embeddable":true,"href":"https:\/\/izsekosanasierices.lv\/et\/wp-json\/wp\/v2\/product_tag?post=1221"}],"curies":[{"name":"wp","href":"https:\/\/api.w.org\/{rel}","templated":true}]}}