{"id":1222,"date":"2023-10-05T15:37:11","date_gmt":"2023-10-05T15:37:11","guid":{"rendered":"https:\/\/izsekosanasierices.lv\/produktas\/profesionali-gps-sekimo-iranga-gps-seklys-veikia-iki-60-paru\/"},"modified":"2025-11-19T15:24:45","modified_gmt":"2025-11-19T13:24:45","slug":"profesionala-gps-izsekosanas-iekarta-gps-track-ar-darbibas-laiku-lidz-60-dienam","status":"publish","type":"product","link":"https:\/\/izsekosanasierices.lv\/et\/produkts\/professionaalne-gps-jalgimiskaart-gps-tracker-kuni-60-paeva-tooajaga\/","title":{"rendered":"PROFESSIONAALNE GPS j\u00e4lgimisseade GPS TRACK kuni 60-p\u00e4evase t\u00f6\u00f6ajaga"},"content":{"rendered":"<h3><strong>Tehnilised parameetrid:<\/strong><\/h3>\n<ul>\n<li>T\u00f6\u00f6temperatuur: -20 C - +65 C<\/li>\n<li>Sisse: 45 s (k\u00fclm), 35 s (soe), 1 s (kuum)<\/li>\n<li>GPS-moodul: SIRF3<\/li>\n<li>GSM \/ GPRS moodul: Simcom 340z v\u00f5i Simcom 300z<\/li>\n<li>Aku: liitium-ioon (3,7 V 6000 mAh)<\/li>\n<li>T\u00f6\u00f6aeg: kuni 60 p\u00e4eva<\/li>\n<li>Tundlikkus: -159 dBm<\/li>\n<li>Koordinaatide viga: maksimaalselt 4 meetrit<\/li>\n<li>M\u00f5\u00f5tmed: 94 mm x 60 mm x 38 mm<\/li>\n<li>Kaal: 300 g<\/li>\n<li><strong>Garantii 12 kuud<\/strong><\/li>\n<\/ul>\n<p><strong>\u00a0<\/strong><\/p>\n<p><strong>Vajad kiiret sama p\u00e4eva (ja n\u00e4dalavahetuse) kohaletoimetamist? Helistage +37<\/strong><strong>120484176<\/strong><\/p>\n<h3>Kasutamine: teie auto ja asjade ohutuse tagamiseks.<\/h3>\n<p><strong>Sisaldab:<\/strong><\/p>\n<ul>\n<li>GPS-j\u00e4lgimisseade;<\/li>\n<li>k\u00f5ik vajalikud tarvikud (juhtmed, GSM\/GPS antennid);<\/li>\n<li>laadija (220 V);<\/li>\n<li>veekindel kott GPS-seireseadmete jaoks;<\/li>\n<li>tarkvara CD-ROMil<\/li>\n<li>Kasutusjuhend.<\/li>\n<\/ul>\n<p>GPS-seireseadmed on m\u00f5eldud s\u00f5idukite ja muude objektide asukoha v\u00f5i marsruudi j\u00e4lgimiseks reaalajas. GPS-seireseade on magnetiliselt kinnitatud ja n\u00e4itab seega j\u00e4lgitava objekti tegelikku asukohta. Seadet on lihtne kasutada - SIM-kaardi sisestamisega saadetakse k\u00f5ik k\u00e4sud ja objekti asukoht mobiiltelefoni (SMS).<\/p>\n<p>GPS-seireseadme piiramatu ulatuse t\u00f5ttu saab see andmeid igast maailma riigist, nii et teave objekti liikumise v\u00f5i asukoha kohta ei katkesta. Lisaks sellele saate serverile juurdep\u00e4\u00e4sul n\u00e4ha s\u00f5iduki v\u00f5i muu j\u00e4lgitava objekti l\u00e4bitud marsruuti (t\u00e4ielik liikumisajalugu). Nii saate kogutud teabele juurde p\u00e4\u00e4seda ja seda anal\u00fc\u00fcsida igal teile sobival ajal (saadaval on satelliidipildid).<br \/>\nGPS-seireseade pakub pikaajalist t\u00e4psust, mille eluiga on umbes 60 p\u00e4eva. Sellega saab h\u00f5lpsasti ja selgelt j\u00e4lgida s\u00f5iduki v\u00f5i muu objekti liikumist ja saada t\u00e4psed koordinaadid otse mobiiltelefoni.<\/p>\n<p><strong>Taotlus<\/strong><\/p>\n<p>GPS-j\u00e4lgimisseade sobib:<\/p>\n<ul>\n<li>otsida v\u00f5i j\u00e4lgida erinevate s\u00f5idukite liikumist;<\/li>\n<li>j\u00e4lgida t\u00f6\u00f6tajate asukohta ja marsruute<\/li>\n<li>kontrollida ettev\u00f5tte ressursside (k\u00fctus jne) tarbimist.<\/li>\n<li>otsida t\u00f6\u00f6tajaid v\u00f5i teisi isikuid ja tagada nende turvalisus teatud olukordades.<\/li>\n<\/ul>\n<p><strong>GPS-seireseadmed tagavad, et:<\/strong><\/p>\n<ul>\n<li>objekti j\u00e4lgitakse ja selle tegeliku asukoha kohta saadetakse reaalajas andmed;<\/li>\n<li>andmed objekti liikumise kohta kogutakse ja salvestatakse serverisse;<\/li>\n<li>teavet ajakohastatakse optimaalse intervalliga (saate m\u00e4\u00e4rata, kui tihti saadetakse tekstis\u00f5numeid j\u00e4lgitava objekti koordinaatidega);<\/li>\n<li>Andmete turvalisus on kaitstud \u00fchenduse katkemise korral (GPS-j\u00e4lgimiss\u00fcsteem umbes 16 000 kirjega);<\/li>\n<li>t\u00e4pne teave objekti liikumise kohta (seadmel on sisseehitatud vibratsiooni-\/liigutusandur, mis reageerib objekti liikumisele; saate teateid, kui andur reageerib);<\/li>\n<li>signaali katkemise korral saadetakse teade (kui objekt asub piirkonnas, kus puudub satelliitside (maa-alune garaa\u017e jne), saadab GPS-seire seade teate viimaste koordinaatidega, kus objekt tuvastati);<\/li>\n<li>saadaval on k\u00f5ikeh\u00f5lmav teave (te saate mitte ainult j\u00e4lgida objekti tegelikku asukohta, vaid ka kuulata, mis toimub GPS-j\u00e4lgimisseadme \u00fcmbruses).<\/li>\n<\/ul>\n<p>Asukoha kontroll - objekti liikumise ja asukoha j\u00e4lgimine, ala piiride m\u00e4\u00e4ramine, mille \u00fcletamisest teavitatakse teid SMSiga, j\u00e4lgitakse j\u00e4lgitava objekti kiirust (kui tegemist on s\u00f5idukiga). GPS-seireseade on usaldusv\u00e4\u00e4rne ja funktsionaalne seade - tugev magnet korpuses ja integreeritud antenn (GSM\/GPS) tagavad, et seade ei kao \u00e4ra. Lisaks on v\u00f5imalik \u00fchendada veel \u00fcks antenn (v\u00e4line, kaasas).<\/p>\n<p><strong>J\u00e4lgimine<\/strong><\/p>\n<p>Objekti asukoha j\u00e4lgimine reaalajas: GPS-seireseadme abil saate h\u00f5lpsasti ja t\u00e4pselt j\u00e4lgida j\u00e4lgitava objekti liikumist ja\/v\u00f5i saada selle koordinaadid. Objekti liikumise ajaloo vaatamine: teave objekti liikumise kohta salvestatakse serverisse ning seda saab igal ajal vaadata ja anal\u00fc\u00fcsida (vajalik on juurdep\u00e4\u00e4s serverile).<\/p>\n<p><strong>Sisaldab:<\/strong><\/p>\n<ul>\n<li>GPS-j\u00e4lgimisseade;<\/li>\n<li>k\u00f5ik vajalikud tarvikud (juhtmed, GSM\/GPS antennid);<\/li>\n<li>laadija (220 V);<\/li>\n<li>veekindel kott GPS-seireseadmete jaoks;<\/li>\n<li>tarkvara CD-ROMil<\/li>\n<li>kasutusjuhend.<\/li>\n<\/ul>\n<p><strong>Tehnilised parameetrid:<\/strong><\/p>\n<ul>\n<li>T\u00f6\u00f6temperatuur: -20 C - +65 C<\/li>\n<li>Sisse: 45 s (k\u00fclm), 35 s (soe), 1 s (kuum)<\/li>\n<li>Protsessor: SIRF3<\/li>\n<li>Aku: liitium-ioon (3,7 V 6000 mAh)<\/li>\n<li>T\u00f6\u00f6aeg: kuni 60 p\u00e4eva<\/li>\n<li>Tundlikkus: -159 dBm<\/li>\n<li>Koordinaatide viga: maksimaalselt 4 meetrit<\/li>\n<li>M\u00f5\u00f5tmed: 94 mm x 60 mm x 38 mm<\/li>\n<li>Kaal: 300 g<\/li>\n<\/ul>","protected":false},"excerpt":{"rendered":"<p>Professionaalne GPS-j\u00e4lgimisseade, mis t\u00f6\u00f6tab kuni 60 p\u00e4eva. See GPS-j\u00e4lgimisseade on k\u00f5ige populaarsem turul t\u00e4nu oma usaldusv\u00e4\u00e4rsusele ja pikale kasutusajale.<\/p>","protected":false},"featured_media":1447,"template":"","meta":[],"product_brand":[],"product_cat":[357],"product_tag":[370,422,423,371,372,464,90],"class_list":{"0":"post-1222","1":"product","2":"type-product","3":"status-publish","4":"has-post-thumbnail","6":"product_cat-gps-izsekosanas-ierice","7":"product_tag-automasinas-gps-izsekotajs","8":"product_tag-gps-blusa","9":"product_tag-gps-izsekosana","10":"product_tag-gps-izsekosanas-iekartas","11":"product_tag-gps-izsekotajs","12":"product_tag-moto-gps-izsekotajs","13":"product_tag-moto-gps-skelys","15":"first","16":"outofstock","17":"taxable","18":"shipping-taxable","19":"purchasable","20":"product-type-simple"},"yoast_head":"<!-- This site is optimized with the Yoast SEO plugin v27.5 - https:\/\/yoast.com\/product\/yoast-seo-wordpress\/ -->\n<title>PROFESION\u0100LA GPS izseko\u0161anas iek\u0101rta ar darb\u012bbas laiku l\u012bdz 60d<\/title>\n<meta name=\"description\" content=\"Profesion\u0101la GPS izseko\u0161anas iek\u0101rta ar darb\u012bbas laiku l\u012bdz 60 dien\u0101m \u0160is GPS izsekot\u0101js ir vispopul\u0101r\u0101kais tirg\u016b pateicoties t\u0101 uzticam\u012bbai un ilgam...\" \/>\n<meta name=\"robots\" content=\"index, follow, max-snippet:-1, max-image-preview:large, max-video-preview:-1\" \/>\n<link rel=\"canonical\" href=\"https:\/\/izsekosanasierices.lv\/et\/produkts\/professionaalne-gps-jalgimiskaart-gps-tracker-kuni-60-paeva-tooajaga\/\" \/>\n<meta property=\"og:locale\" content=\"et_EE\" \/>\n<meta property=\"og:type\" content=\"article\" \/>\n<meta property=\"og:title\" content=\"PROFESION\u0100LS GPS izsekot\u0101js ar magn\u0113tu l\u012bdz pat 60 dienu darbam\" \/>\n<meta property=\"og:description\" content=\"Profesion\u0101ls gps izsekot\u0101js ar 60 darb\u012bbas dien\u0101m. \u0160is GPS izsekot\u0101js ir vispopul\u0101r\u0101kais tirg\u016b, pateicoties t\u0101 uzticam\u012bbai un ilgam kalpo\u0161anas laikam. Izseko\u0161anas iek\u0101rtas darbojas\" \/>\n<meta property=\"og:url\" content=\"https:\/\/izsekosanasierices.lv\/et\/produkts\/professionaalne-gps-jalgimiskaart-gps-tracker-kuni-60-paeva-tooajaga\/\" \/>\n<meta property=\"og:site_name\" content=\"Nr1 Izseko\u0161anas ier\u012bces gps izseko\u0161anas iek\u0101rtas, klaus\u012b\u0161an\u0101s iek\u0101rtas\" \/>\n<meta property=\"article:modified_time\" content=\"2025-11-19T13:24:45+00:00\" \/>\n<meta property=\"og:image\" content=\"https:\/\/rvnski.dev\/sekimoiranga\/wp-content\/uploads\/izsekosanasierices.webp\" \/>\n<meta name=\"twitter:card\" content=\"summary_large_image\" \/>\n<meta name=\"twitter:title\" content=\"PROFESION\u0100LS GPS izsekot\u0101js ar magn\u0113tu l\u012bdz pat 60 dienu darbam\" \/>\n<meta name=\"twitter:description\" content=\"Profesion\u0101ls gps izsekot\u0101js ar 60 darb\u012bbas dien\u0101m. \u0160is GPS izsekot\u0101js ir vispopul\u0101r\u0101kais tirg\u016b, pateicoties t\u0101 uzticam\u012bbai un ilgam kalpo\u0161anas laikam. Izseko\u0161anas iek\u0101rtas darbojas\" \/>\n<meta name=\"twitter:label1\" content=\"Est. reading time\" \/>\n\t<meta name=\"twitter:data1\" content=\"4 minutit\" \/>\n<script type=\"application\/ld+json\" class=\"yoast-schema-graph\">{\"@context\":\"https:\\\/\\\/schema.org\",\"@graph\":[{\"@type\":\"WebPage\",\"@id\":\"https:\\\/\\\/izsekosanasierices.lv\\\/produkts\\\/profesionala-gps-izsekosanas-iekarta-gps-track-ar-darbibas-laiku-lidz-60-dienam\\\/\",\"url\":\"https:\\\/\\\/izsekosanasierices.lv\\\/produkts\\\/profesionala-gps-izsekosanas-iekarta-gps-track-ar-darbibas-laiku-lidz-60-dienam\\\/\",\"name\":\"PROFESION\u0100LA GPS izseko\u0161anas iek\u0101rta ar darb\u012bbas laiku l\u012bdz 60d\",\"isPartOf\":{\"@id\":\"https:\\\/\\\/izsekosanasierices.lv\\\/#website\"},\"primaryImageOfPage\":{\"@id\":\"https:\\\/\\\/izsekosanasierices.lv\\\/produkts\\\/profesionala-gps-izsekosanas-iekarta-gps-track-ar-darbibas-laiku-lidz-60-dienam\\\/#primaryimage\"},\"image\":{\"@id\":\"https:\\\/\\\/izsekosanasierices.lv\\\/produkts\\\/profesionala-gps-izsekosanas-iekarta-gps-track-ar-darbibas-laiku-lidz-60-dienam\\\/#primaryimage\"},\"thumbnailUrl\":\"https:\\\/\\\/izsekosanasierices.lv\\\/wp-content\\\/uploads\\\/izsekosanasierices-profesionali-gps-sekimo-iranga-gps-seklys-veikia-iki-60-paru.jpg\",\"datePublished\":\"2023-10-05T15:37:11+00:00\",\"dateModified\":\"2025-11-19T13:24:45+00:00\",\"description\":\"Profesion\u0101la GPS izseko\u0161anas iek\u0101rta ar darb\u012bbas laiku l\u012bdz 60 dien\u0101m \u0160is GPS izsekot\u0101js ir vispopul\u0101r\u0101kais tirg\u016b pateicoties t\u0101 uzticam\u012bbai un ilgam...\",\"breadcrumb\":{\"@id\":\"https:\\\/\\\/izsekosanasierices.lv\\\/produkts\\\/profesionala-gps-izsekosanas-iekarta-gps-track-ar-darbibas-laiku-lidz-60-dienam\\\/#breadcrumb\"},\"inLanguage\":\"et\",\"potentialAction\":[{\"@type\":\"ReadAction\",\"target\":[\"https:\\\/\\\/izsekosanasierices.lv\\\/produkts\\\/profesionala-gps-izsekosanas-iekarta-gps-track-ar-darbibas-laiku-lidz-60-dienam\\\/\"]}]},{\"@type\":\"ImageObject\",\"inLanguage\":\"et\",\"@id\":\"https:\\\/\\\/izsekosanasierices.lv\\\/produkts\\\/profesionala-gps-izsekosanas-iekarta-gps-track-ar-darbibas-laiku-lidz-60-dienam\\\/#primaryimage\",\"url\":\"https:\\\/\\\/izsekosanasierices.lv\\\/wp-content\\\/uploads\\\/izsekosanasierices-profesionali-gps-sekimo-iranga-gps-seklys-veikia-iki-60-paru.jpg\",\"contentUrl\":\"https:\\\/\\\/izsekosanasierices.lv\\\/wp-content\\\/uploads\\\/izsekosanasierices-profesionali-gps-sekimo-iranga-gps-seklys-veikia-iki-60-paru.jpg\",\"width\":900,\"height\":598,\"caption\":\"Gps sekimo \u012franga\"},{\"@type\":\"BreadcrumbList\",\"@id\":\"https:\\\/\\\/izsekosanasierices.lv\\\/produkts\\\/profesionala-gps-izsekosanas-iekarta-gps-track-ar-darbibas-laiku-lidz-60-dienam\\\/#breadcrumb\",\"itemListElement\":[{\"@type\":\"ListItem\",\"position\":1,\"name\":\"S\u0101kums\",\"item\":\"https:\\\/\\\/izsekosanasierices.lv\\\/\"},{\"@type\":\"ListItem\",\"position\":2,\"name\":\"Veikals\",\"item\":\"https:\\\/\\\/izsekosanasierices.lv\\\/veikals\\\/\"},{\"@type\":\"ListItem\",\"position\":3,\"name\":\"PROFESION\u0100LA GPS izseko\u0161anas iek\u0101rta GPS TRACK ar darb\u012bbas laiku l\u012bdz 60 dien\u0101m\"}]},{\"@type\":\"WebSite\",\"@id\":\"https:\\\/\\\/izsekosanasierices.lv\\\/#website\",\"url\":\"https:\\\/\\\/izsekosanasierices.lv\\\/\",\"name\":\"Nr1 Izseko\u0161anas ier\u012bces gps izseko\u0161anas iek\u0101rtas, klaus\u012b\u0161an\u0101s iek\u0101rtas\",\"description\":\"\",\"potentialAction\":[{\"@type\":\"SearchAction\",\"target\":{\"@type\":\"EntryPoint\",\"urlTemplate\":\"https:\\\/\\\/izsekosanasierices.lv\\\/?s={search_term_string}\"},\"query-input\":{\"@type\":\"PropertyValueSpecification\",\"valueRequired\":true,\"valueName\":\"search_term_string\"}}],\"inLanguage\":\"et\"}]}<\/script>\n<!-- \/ Yoast SEO plugin. -->","yoast_head_json":{"title":"PROFESION\u0100LA GPS izseko\u0161anas iek\u0101rta ar darb\u012bbas laiku l\u012bdz 60d","description":"Profesion\u0101la GPS izseko\u0161anas iek\u0101rta ar darb\u012bbas laiku l\u012bdz 60 dien\u0101m \u0160is GPS izsekot\u0101js ir vispopul\u0101r\u0101kais tirg\u016b pateicoties t\u0101 uzticam\u012bbai un ilgam...","robots":{"index":"index","follow":"follow","max-snippet":"max-snippet:-1","max-image-preview":"max-image-preview:large","max-video-preview":"max-video-preview:-1"},"canonical":"https:\/\/izsekosanasierices.lv\/et\/produkts\/professionaalne-gps-jalgimiskaart-gps-tracker-kuni-60-paeva-tooajaga\/","og_locale":"et_EE","og_type":"article","og_title":"PROFESION\u0100LS GPS izsekot\u0101js ar magn\u0113tu l\u012bdz pat 60 dienu darbam","og_description":"Profesion\u0101ls gps izsekot\u0101js ar 60 darb\u012bbas dien\u0101m. \u0160is GPS izsekot\u0101js ir vispopul\u0101r\u0101kais tirg\u016b, pateicoties t\u0101 uzticam\u012bbai un ilgam kalpo\u0161anas laikam. Izseko\u0161anas iek\u0101rtas darbojas","og_url":"https:\/\/izsekosanasierices.lv\/et\/produkts\/professionaalne-gps-jalgimiskaart-gps-tracker-kuni-60-paeva-tooajaga\/","og_site_name":"Nr1 Izseko\u0161anas ier\u012bces gps izseko\u0161anas iek\u0101rtas, klaus\u012b\u0161an\u0101s iek\u0101rtas","article_modified_time":"2025-11-19T13:24:45+00:00","og_image":[{"url":"https:\/\/rvnski.dev\/sekimoiranga\/wp-content\/uploads\/izsekosanasierices.webp","type":"","width":"","height":""}],"twitter_card":"summary_large_image","twitter_title":"PROFESION\u0100LS GPS izsekot\u0101js ar magn\u0113tu l\u012bdz pat 60 dienu darbam","twitter_description":"Profesion\u0101ls gps izsekot\u0101js ar 60 darb\u012bbas dien\u0101m. \u0160is GPS izsekot\u0101js ir vispopul\u0101r\u0101kais tirg\u016b, pateicoties t\u0101 uzticam\u012bbai un ilgam kalpo\u0161anas laikam. Izseko\u0161anas iek\u0101rtas darbojas","twitter_misc":{"Est. reading time":"4 minutit"},"schema":{"@context":"https:\/\/schema.org","@graph":[{"@type":"WebPage","@id":"https:\/\/izsekosanasierices.lv\/produkts\/profesionala-gps-izsekosanas-iekarta-gps-track-ar-darbibas-laiku-lidz-60-dienam\/","url":"https:\/\/izsekosanasierices.lv\/produkts\/profesionala-gps-izsekosanas-iekarta-gps-track-ar-darbibas-laiku-lidz-60-dienam\/","name":"PROFESION\u0100LA GPS izseko\u0161anas iek\u0101rta ar darb\u012bbas laiku l\u012bdz 60d","isPartOf":{"@id":"https:\/\/izsekosanasierices.lv\/#website"},"primaryImageOfPage":{"@id":"https:\/\/izsekosanasierices.lv\/produkts\/profesionala-gps-izsekosanas-iekarta-gps-track-ar-darbibas-laiku-lidz-60-dienam\/#primaryimage"},"image":{"@id":"https:\/\/izsekosanasierices.lv\/produkts\/profesionala-gps-izsekosanas-iekarta-gps-track-ar-darbibas-laiku-lidz-60-dienam\/#primaryimage"},"thumbnailUrl":"https:\/\/izsekosanasierices.lv\/wp-content\/uploads\/izsekosanasierices-profesionali-gps-sekimo-iranga-gps-seklys-veikia-iki-60-paru.jpg","datePublished":"2023-10-05T15:37:11+00:00","dateModified":"2025-11-19T13:24:45+00:00","description":"Profesion\u0101la GPS izseko\u0161anas iek\u0101rta ar darb\u012bbas laiku l\u012bdz 60 dien\u0101m \u0160is GPS izsekot\u0101js ir vispopul\u0101r\u0101kais tirg\u016b pateicoties t\u0101 uzticam\u012bbai un ilgam...","breadcrumb":{"@id":"https:\/\/izsekosanasierices.lv\/produkts\/profesionala-gps-izsekosanas-iekarta-gps-track-ar-darbibas-laiku-lidz-60-dienam\/#breadcrumb"},"inLanguage":"et","potentialAction":[{"@type":"ReadAction","target":["https:\/\/izsekosanasierices.lv\/produkts\/profesionala-gps-izsekosanas-iekarta-gps-track-ar-darbibas-laiku-lidz-60-dienam\/"]}]},{"@type":"ImageObject","inLanguage":"et","@id":"https:\/\/izsekosanasierices.lv\/produkts\/profesionala-gps-izsekosanas-iekarta-gps-track-ar-darbibas-laiku-lidz-60-dienam\/#primaryimage","url":"https:\/\/izsekosanasierices.lv\/wp-content\/uploads\/izsekosanasierices-profesionali-gps-sekimo-iranga-gps-seklys-veikia-iki-60-paru.jpg","contentUrl":"https:\/\/izsekosanasierices.lv\/wp-content\/uploads\/izsekosanasierices-profesionali-gps-sekimo-iranga-gps-seklys-veikia-iki-60-paru.jpg","width":900,"height":598,"caption":"Gps sekimo \u012franga"},{"@type":"BreadcrumbList","@id":"https:\/\/izsekosanasierices.lv\/produkts\/profesionala-gps-izsekosanas-iekarta-gps-track-ar-darbibas-laiku-lidz-60-dienam\/#breadcrumb","itemListElement":[{"@type":"ListItem","position":1,"name":"S\u0101kums","item":"https:\/\/izsekosanasierices.lv\/"},{"@type":"ListItem","position":2,"name":"Veikals","item":"https:\/\/izsekosanasierices.lv\/veikals\/"},{"@type":"ListItem","position":3,"name":"PROFESION\u0100LA GPS izseko\u0161anas iek\u0101rta GPS TRACK ar darb\u012bbas laiku l\u012bdz 60 dien\u0101m"}]},{"@type":"WebSite","@id":"https:\/\/izsekosanasierices.lv\/#website","url":"https:\/\/izsekosanasierices.lv\/","name":"Nr1 Izseko\u0161anas ier\u012bces gps izseko\u0161anas iek\u0101rtas, klaus\u012b\u0161an\u0101s iek\u0101rtas","description":"","potentialAction":[{"@type":"SearchAction","target":{"@type":"EntryPoint","urlTemplate":"https:\/\/izsekosanasierices.lv\/?s={search_term_string}"},"query-input":{"@type":"PropertyValueSpecification","valueRequired":true,"valueName":"search_term_string"}}],"inLanguage":"et"}]}},"_links":{"self":[{"href":"https:\/\/izsekosanasierices.lv\/et\/wp-json\/wp\/v2\/product\/1222","targetHints":{"allow":["GET"]}}],"collection":[{"href":"https:\/\/izsekosanasierices.lv\/et\/wp-json\/wp\/v2\/product"}],"about":[{"href":"https:\/\/izsekosanasierices.lv\/et\/wp-json\/wp\/v2\/types\/product"}],"wp:featuredmedia":[{"embeddable":true,"href":"https:\/\/izsekosanasierices.lv\/et\/wp-json\/wp\/v2\/media\/1447"}],"wp:attachment":[{"href":"https:\/\/izsekosanasierices.lv\/et\/wp-json\/wp\/v2\/media?parent=1222"}],"wp:term":[{"taxonomy":"product_brand","embeddable":true,"href":"https:\/\/izsekosanasierices.lv\/et\/wp-json\/wp\/v2\/product_brand?post=1222"},{"taxonomy":"product_cat","embeddable":true,"href":"https:\/\/izsekosanasierices.lv\/et\/wp-json\/wp\/v2\/product_cat?post=1222"},{"taxonomy":"product_tag","embeddable":true,"href":"https:\/\/izsekosanasierices.lv\/et\/wp-json\/wp\/v2\/product_tag?post=1222"}],"curies":[{"name":"wp","href":"https:\/\/api.w.org\/{rel}","templated":true}]}}