{"id":1223,"date":"2023-10-05T15:37:11","date_gmt":"2023-10-05T15:37:11","guid":{"rendered":"https:\/\/izsekosanasierices.lv\/produktas\/profesionalus-pasiklausymo-irenginys-radio-dazniu-pasiklausymo-blake\/"},"modified":"2025-11-19T15:21:33","modified_gmt":"2025-11-19T13:21:33","slug":"profesionala-noklausisanas-ierice-darbojas-uhf-radiofrekvence","status":"publish","type":"product","link":"https:\/\/izsekosanasierices.lv\/et\/produkts\/professionaalne-kuulamise-seade-tootab-uhf-raadiosagedusel\/","title":{"rendered":"Professionaalne kuulamise seade, UHF"},"content":{"rendered":"<h3><strong>Tehnilised parameetrid:<\/strong><\/h3>\n<ul>\n<li>Aku: sisemine, liitium-ioon aku<\/li>\n<li>Aku kestvus: kuni 6 tundi<\/li>\n<li>V\u00e4ljundi pesa: 3,5 mm (kuulamiseks v\u00f5i helisalvestuseks)<\/li>\n<li>M\u00f5\u00f5tmed: saatja (58 mm x 34 mm x 19 mm); vastuv\u00f5tja (105 mm x 54 mm x 19 mm).<\/li>\n<li><strong>Garantii 12 kuud<\/strong><\/li>\n<\/ul>\n<p><strong>\u00a0<\/strong><\/p>\n<p><span style=\"color: #ff0000;\"><strong>Vajad kiiret sama p\u00e4eva (ja n\u00e4dalavahetuse) kohaletoimetamist? Helistage <\/strong><strong>+<\/strong><strong>37120484176<\/strong><\/span><\/p>\n<p>&nbsp;<\/p>\n<p>Kasutamine: teie ohutuse tagamiseks, laste ohutuse tagamiseks.<\/p>\n<p>UHF raadiolainetel t\u00f6\u00f6tav kuulamise seade. See kuulamise seade on m\u00f5eldud keskkonnas toimuva kuulamiseks ja vestluste salvestamiseks diktofoni abil (diktofon ei kuulu komplekti). Seade edastab vestlusi v\u00f5i muid helisid 500-1500 meetri kaugusele. Kuuldeaparaadi korpusesse on integreeritud 3,5 mm pistik.<\/p>\n<p><strong>V\u00f5imalused<\/strong><\/p>\n<p>See pealtkuulamisseade edastab signaale 500-1500 m kaugusele. Heli reguleerimine.<\/p>\n<p><strong>Tehniline teave:<\/strong><\/p>\n<ul>\n<li>Aku: sisemine; liitium-ioon aku<\/li>\n<li>Aku kestvus: kuni 6 tundi<\/li>\n<li>V\u00e4ljundi pesa: 3,5 mm (kuulamiseks v\u00f5i helisalvestuseks)<\/li>\n<li>M\u00f5\u00f5tmed: saatja (58 mm x 34 mm x 19 mm), vastuv\u00f5tja (105 mm x 54 mm x 19 mm).<\/li>\n<\/ul>\n<p><strong>\u00a0<\/strong><\/p>\n<p><strong>Sisaldab:<\/strong><\/p>\n<ul>\n<li>saatja ja vastuv\u00f5tja;<\/li>\n<li>laadija;<\/li>\n<li>k\u00f5rvaklapid;<\/li>\n<li>Kasutusjuhend.<\/li>\n<\/ul>\n<p><strong>Professionaalne kuulamise seade, UHF<\/strong><\/p>\n<p>See professionaalne pealtkuulamisseade aitab teil vestlusi pealt kuulata ja vajadusel salvestada neid k\u00f5nesalvesti abil. On palju olukordi, kus see v\u00f5ib olla kasulik, nii et see v\u00f5ib olla \u00fcks parimaid lahendusi.<\/p>\n<p>See kuuldeaparaat edastab kvaliteetset helisignaali 500-1500 meetri kaugusele. Helitugevust saate reguleerida vastavalt vajadusele, nii et v\u00f5ite olla kindel, et vestlused v\u00f5i muud helid on v\u00e4ga selgelt kuuldavad.<\/p>\n<p>See seade koosneb saatjast ja vastuv\u00f5tjast. M\u00f5lema seadme m\u00f5\u00f5tmed on v\u00e4ga v\u00e4ikesed: saatja on 58 mm x 34 mm x 19 mm ja vastuv\u00f5tja 105 mm x 54 mm x 19 mm. Kuulerseadme korpusesse on paigaldatud 3,5 mm pesa, mida saab kasutada k\u00f5rvaklappide v\u00f5i diktofoni \u00fchendamiseks heli salvestamiseks (diktofon ei kuulu komplekti).<\/p>\n<p>Seadmel on sisseehitatud liitium-ioonaku, mis kestab ootere\u017eiimis kuni 6 tundi. Selle aja jooksul v\u00f5ib saada palju kasulikku teavet, seega kui soovite teada m\u00f5nda tundlikku teavet, on raadiosageduslik kuuldeaparaat v\u00e4ga kasulik.<\/p>\n<p>Selle raadiosageduskuulamise seadme kasutamine on v\u00e4ga lihtne - lihtsalt h\u00e4\u00e4lestage end raadiolainetele, mida soovite kuulata teatud kaugusel saatjast. V\u00f5ite olla kindel, et kuuldav heli on selge ja kvaliteetne, ja kui see on liiga vaikne, kasutage v\u00f5imendamisfunktsiooni, et kuulamine oleks lihtne ja mugav.<\/p>\n<p>Komplektis on saatja ja vastuv\u00f5tja, laadija, k\u00f5rvaklapid ja kasutusjuhend. Kui soovite oma vestlusi nii salvestada kui ka kuulata, on soovitatav osta lisaks sellele seadmele ka diktofon, mis v\u00f5ib olla kasulik paljudes olukordades. Hajutage oma kahtlused ja kasutage v\u00f5imalust proovida raadiosageduslikku kuulamise seadet - see aitab teil kindlasti saada vajalikku teavet.<\/p>\n<p>&nbsp;<\/p>","protected":false},"excerpt":{"rendered":"<p>Professionaalne kuulamise seade. T\u00f6\u00f6tab UHF raadiolainetel - see tagab, et edastatav heli on parima kvaliteediga. Helikvaliteet \u00fcletab GSM-kuulamisseadmete kvaliteeti.<\/p>","protected":false},"featured_media":1454,"template":"","meta":[],"product_brand":[],"product_cat":[335,337,379],"product_tag":[380,381,332,338,339,438,377],"class_list":{"0":"post-1223","1":"product","2":"type-product","3":"status-publish","4":"has-post-thumbnail","6":"product_cat-noklausisanas-ierices","7":"product_cat-profesionals-noklausisanas-aprikojums","8":"product_cat-rf-noklausisanas-iekartas","9":"product_tag-blake-rd","10":"product_tag-fm-blusa","11":"product_tag-izsekosanas-iekartas","12":"product_tag-noklausisanas-iekartas","13":"product_tag-noklausisanas-kluda","14":"product_tag-radiofrekvences-blake","15":"product_tag-spiegprogrammatura","17":"first","18":"outofstock","19":"taxable","20":"shipping-taxable","21":"purchasable","22":"product-type-simple"},"yoast_head":"<!-- This site is optimized with the Yoast SEO plugin v27.5 - https:\/\/yoast.com\/product\/yoast-seo-wordpress\/ -->\n<title>Profesion\u0101la noklaus\u012b\u0161an\u0101s ier\u012bce UHF noklaus\u012b\u0161an\u0101s asmens<\/title>\n<meta name=\"description\" content=\"Profesion\u0101la noklaus\u012b\u0161an\u0101s ier\u012bce. Darbojas UHF radio vi\u013c\u0146os tas nodro\u0161ina, ka p\u0101rraid\u012bt\u0101 ska\u0146a ir vislab\u0101k\u0101s kvalit\u0101tes. Ska\u0146as kvalit\u0101te p\u0101rsp\u0113j...\" \/>\n<meta name=\"robots\" content=\"index, follow, max-snippet:-1, max-image-preview:large, max-video-preview:-1\" \/>\n<link rel=\"canonical\" href=\"https:\/\/izsekosanasierices.lv\/et\/produkts\/professionaalne-kuulamise-seade-tootab-uhf-raadiosagedusel\/\" \/>\n<meta property=\"og:locale\" content=\"et_EE\" \/>\n<meta property=\"og:type\" content=\"article\" \/>\n<meta property=\"og:title\" content=\"Profesion\u0101la noklaus\u012b\u0161an\u0101s ier\u012bce UHF noklaus\u012b\u0161an\u0101s asmens\" \/>\n<meta property=\"og:description\" content=\"Profesion\u0101la klaus\u012b\u0161an\u0101s ier\u012bce UHF klaus\u012b\u0161an\u0101s flederi - radio vi\u013c\u0146u (flederu) p\u0101rraid\u012bt\u0101 ska\u0146a ir vislab\u0101k\u0101s kvalit\u0101tes. Ska\u0146as kvalit\u0101te p\u0101rsp\u0113j GSM l\u0101psti\u0146as\" \/>\n<meta property=\"og:url\" content=\"https:\/\/izsekosanasierices.lv\/et\/produkts\/professionaalne-kuulamise-seade-tootab-uhf-raadiosagedusel\/\" \/>\n<meta property=\"og:site_name\" content=\"Nr1 Izseko\u0161anas ier\u012bces gps izseko\u0161anas iek\u0101rtas, klaus\u012b\u0161an\u0101s iek\u0101rtas\" \/>\n<meta property=\"article:modified_time\" content=\"2025-11-19T13:21:33+00:00\" \/>\n<meta property=\"og:image\" content=\"https:\/\/rvnski.dev\/sekimoiranga\/wp-content\/uploads\/izsekosanasierices.webp\" \/>\n<meta name=\"twitter:card\" content=\"summary_large_image\" \/>\n<meta name=\"twitter:title\" content=\"Profesion\u0101la noklaus\u012b\u0161an\u0101s ier\u012bce UHF noklaus\u012b\u0161an\u0101s asmens\" \/>\n<meta name=\"twitter:description\" content=\"Profesion\u0101la klaus\u012b\u0161an\u0101s ier\u012bce UHF klaus\u012b\u0161an\u0101s flederi - radio vi\u013c\u0146u (flederu) p\u0101rraid\u012bt\u0101 ska\u0146a ir vislab\u0101k\u0101s kvalit\u0101tes. Ska\u0146as kvalit\u0101te p\u0101rsp\u0113j GSM l\u0101psti\u0146as\" \/>\n<meta name=\"twitter:label1\" content=\"Est. reading time\" \/>\n\t<meta name=\"twitter:data1\" content=\"3 minutit\" \/>\n<script type=\"application\/ld+json\" class=\"yoast-schema-graph\">{\"@context\":\"https:\\\/\\\/schema.org\",\"@graph\":[{\"@type\":\"WebPage\",\"@id\":\"https:\\\/\\\/izsekosanasierices.lv\\\/produkts\\\/profesionala-noklausisanas-ierice-darbojas-uhf-radiofrekvence\\\/\",\"url\":\"https:\\\/\\\/izsekosanasierices.lv\\\/produkts\\\/profesionala-noklausisanas-ierice-darbojas-uhf-radiofrekvence\\\/\",\"name\":\"Profesion\u0101la noklaus\u012b\u0161an\u0101s ier\u012bce UHF noklaus\u012b\u0161an\u0101s asmens\",\"isPartOf\":{\"@id\":\"https:\\\/\\\/izsekosanasierices.lv\\\/#website\"},\"primaryImageOfPage\":{\"@id\":\"https:\\\/\\\/izsekosanasierices.lv\\\/produkts\\\/profesionala-noklausisanas-ierice-darbojas-uhf-radiofrekvence\\\/#primaryimage\"},\"image\":{\"@id\":\"https:\\\/\\\/izsekosanasierices.lv\\\/produkts\\\/profesionala-noklausisanas-ierice-darbojas-uhf-radiofrekvence\\\/#primaryimage\"},\"thumbnailUrl\":\"https:\\\/\\\/izsekosanasierices.lv\\\/wp-content\\\/uploads\\\/izsekosanasierices-profesionalus-pasiklausymo-irenginys-radio-dazniu-pasiklausymo-blake.jpg\",\"datePublished\":\"2023-10-05T15:37:11+00:00\",\"dateModified\":\"2025-11-19T13:21:33+00:00\",\"description\":\"Profesion\u0101la noklaus\u012b\u0161an\u0101s ier\u012bce. Darbojas UHF radio vi\u013c\u0146os tas nodro\u0161ina, ka p\u0101rraid\u012bt\u0101 ska\u0146a ir vislab\u0101k\u0101s kvalit\u0101tes. Ska\u0146as kvalit\u0101te p\u0101rsp\u0113j...\",\"breadcrumb\":{\"@id\":\"https:\\\/\\\/izsekosanasierices.lv\\\/produkts\\\/profesionala-noklausisanas-ierice-darbojas-uhf-radiofrekvence\\\/#breadcrumb\"},\"inLanguage\":\"et\",\"potentialAction\":[{\"@type\":\"ReadAction\",\"target\":[\"https:\\\/\\\/izsekosanasierices.lv\\\/produkts\\\/profesionala-noklausisanas-ierice-darbojas-uhf-radiofrekvence\\\/\"]}]},{\"@type\":\"ImageObject\",\"inLanguage\":\"et\",\"@id\":\"https:\\\/\\\/izsekosanasierices.lv\\\/produkts\\\/profesionala-noklausisanas-ierice-darbojas-uhf-radiofrekvence\\\/#primaryimage\",\"url\":\"https:\\\/\\\/izsekosanasierices.lv\\\/wp-content\\\/uploads\\\/izsekosanasierices-profesionalus-pasiklausymo-irenginys-radio-dazniu-pasiklausymo-blake.jpg\",\"contentUrl\":\"https:\\\/\\\/izsekosanasierices.lv\\\/wp-content\\\/uploads\\\/izsekosanasierices-profesionalus-pasiklausymo-irenginys-radio-dazniu-pasiklausymo-blake.jpg\",\"width\":700,\"height\":700,\"caption\":\"Pasiklausymo blake Radio bangomis\"},{\"@type\":\"BreadcrumbList\",\"@id\":\"https:\\\/\\\/izsekosanasierices.lv\\\/produkts\\\/profesionala-noklausisanas-ierice-darbojas-uhf-radiofrekvence\\\/#breadcrumb\",\"itemListElement\":[{\"@type\":\"ListItem\",\"position\":1,\"name\":\"S\u0101kums\",\"item\":\"https:\\\/\\\/izsekosanasierices.lv\\\/\"},{\"@type\":\"ListItem\",\"position\":2,\"name\":\"Veikals\",\"item\":\"https:\\\/\\\/izsekosanasierices.lv\\\/veikals\\\/\"},{\"@type\":\"ListItem\",\"position\":3,\"name\":\"Profesion\u0101la noklaus\u012b\u0161an\u0101s ier\u012bce, darbojas UHF radiofrekvenc\u0113\"}]},{\"@type\":\"WebSite\",\"@id\":\"https:\\\/\\\/izsekosanasierices.lv\\\/#website\",\"url\":\"https:\\\/\\\/izsekosanasierices.lv\\\/\",\"name\":\"Nr1 Izseko\u0161anas ier\u012bces gps izseko\u0161anas iek\u0101rtas, klaus\u012b\u0161an\u0101s iek\u0101rtas\",\"description\":\"\",\"potentialAction\":[{\"@type\":\"SearchAction\",\"target\":{\"@type\":\"EntryPoint\",\"urlTemplate\":\"https:\\\/\\\/izsekosanasierices.lv\\\/?s={search_term_string}\"},\"query-input\":{\"@type\":\"PropertyValueSpecification\",\"valueRequired\":true,\"valueName\":\"search_term_string\"}}],\"inLanguage\":\"et\"}]}<\/script>\n<!-- \/ Yoast SEO plugin. -->","yoast_head_json":{"title":"Profesion\u0101la noklaus\u012b\u0161an\u0101s ier\u012bce UHF noklaus\u012b\u0161an\u0101s asmens","description":"Profesion\u0101la noklaus\u012b\u0161an\u0101s ier\u012bce. Darbojas UHF radio vi\u013c\u0146os tas nodro\u0161ina, ka p\u0101rraid\u012bt\u0101 ska\u0146a ir vislab\u0101k\u0101s kvalit\u0101tes. Ska\u0146as kvalit\u0101te p\u0101rsp\u0113j...","robots":{"index":"index","follow":"follow","max-snippet":"max-snippet:-1","max-image-preview":"max-image-preview:large","max-video-preview":"max-video-preview:-1"},"canonical":"https:\/\/izsekosanasierices.lv\/et\/produkts\/professionaalne-kuulamise-seade-tootab-uhf-raadiosagedusel\/","og_locale":"et_EE","og_type":"article","og_title":"Profesion\u0101la noklaus\u012b\u0161an\u0101s ier\u012bce UHF noklaus\u012b\u0161an\u0101s asmens","og_description":"Profesion\u0101la klaus\u012b\u0161an\u0101s ier\u012bce UHF klaus\u012b\u0161an\u0101s flederi - radio vi\u013c\u0146u (flederu) p\u0101rraid\u012bt\u0101 ska\u0146a ir vislab\u0101k\u0101s kvalit\u0101tes. Ska\u0146as kvalit\u0101te p\u0101rsp\u0113j GSM l\u0101psti\u0146as","og_url":"https:\/\/izsekosanasierices.lv\/et\/produkts\/professionaalne-kuulamise-seade-tootab-uhf-raadiosagedusel\/","og_site_name":"Nr1 Izseko\u0161anas ier\u012bces gps izseko\u0161anas iek\u0101rtas, klaus\u012b\u0161an\u0101s iek\u0101rtas","article_modified_time":"2025-11-19T13:21:33+00:00","og_image":[{"url":"https:\/\/rvnski.dev\/sekimoiranga\/wp-content\/uploads\/izsekosanasierices.webp","type":"","width":"","height":""}],"twitter_card":"summary_large_image","twitter_title":"Profesion\u0101la noklaus\u012b\u0161an\u0101s ier\u012bce UHF noklaus\u012b\u0161an\u0101s asmens","twitter_description":"Profesion\u0101la klaus\u012b\u0161an\u0101s ier\u012bce UHF klaus\u012b\u0161an\u0101s flederi - radio vi\u013c\u0146u (flederu) p\u0101rraid\u012bt\u0101 ska\u0146a ir vislab\u0101k\u0101s kvalit\u0101tes. Ska\u0146as kvalit\u0101te p\u0101rsp\u0113j GSM l\u0101psti\u0146as","twitter_misc":{"Est. reading time":"3 minutit"},"schema":{"@context":"https:\/\/schema.org","@graph":[{"@type":"WebPage","@id":"https:\/\/izsekosanasierices.lv\/produkts\/profesionala-noklausisanas-ierice-darbojas-uhf-radiofrekvence\/","url":"https:\/\/izsekosanasierices.lv\/produkts\/profesionala-noklausisanas-ierice-darbojas-uhf-radiofrekvence\/","name":"Profesion\u0101la noklaus\u012b\u0161an\u0101s ier\u012bce UHF noklaus\u012b\u0161an\u0101s asmens","isPartOf":{"@id":"https:\/\/izsekosanasierices.lv\/#website"},"primaryImageOfPage":{"@id":"https:\/\/izsekosanasierices.lv\/produkts\/profesionala-noklausisanas-ierice-darbojas-uhf-radiofrekvence\/#primaryimage"},"image":{"@id":"https:\/\/izsekosanasierices.lv\/produkts\/profesionala-noklausisanas-ierice-darbojas-uhf-radiofrekvence\/#primaryimage"},"thumbnailUrl":"https:\/\/izsekosanasierices.lv\/wp-content\/uploads\/izsekosanasierices-profesionalus-pasiklausymo-irenginys-radio-dazniu-pasiklausymo-blake.jpg","datePublished":"2023-10-05T15:37:11+00:00","dateModified":"2025-11-19T13:21:33+00:00","description":"Profesion\u0101la noklaus\u012b\u0161an\u0101s ier\u012bce. Darbojas UHF radio vi\u013c\u0146os tas nodro\u0161ina, ka p\u0101rraid\u012bt\u0101 ska\u0146a ir vislab\u0101k\u0101s kvalit\u0101tes. Ska\u0146as kvalit\u0101te p\u0101rsp\u0113j...","breadcrumb":{"@id":"https:\/\/izsekosanasierices.lv\/produkts\/profesionala-noklausisanas-ierice-darbojas-uhf-radiofrekvence\/#breadcrumb"},"inLanguage":"et","potentialAction":[{"@type":"ReadAction","target":["https:\/\/izsekosanasierices.lv\/produkts\/profesionala-noklausisanas-ierice-darbojas-uhf-radiofrekvence\/"]}]},{"@type":"ImageObject","inLanguage":"et","@id":"https:\/\/izsekosanasierices.lv\/produkts\/profesionala-noklausisanas-ierice-darbojas-uhf-radiofrekvence\/#primaryimage","url":"https:\/\/izsekosanasierices.lv\/wp-content\/uploads\/izsekosanasierices-profesionalus-pasiklausymo-irenginys-radio-dazniu-pasiklausymo-blake.jpg","contentUrl":"https:\/\/izsekosanasierices.lv\/wp-content\/uploads\/izsekosanasierices-profesionalus-pasiklausymo-irenginys-radio-dazniu-pasiklausymo-blake.jpg","width":700,"height":700,"caption":"Pasiklausymo blake Radio bangomis"},{"@type":"BreadcrumbList","@id":"https:\/\/izsekosanasierices.lv\/produkts\/profesionala-noklausisanas-ierice-darbojas-uhf-radiofrekvence\/#breadcrumb","itemListElement":[{"@type":"ListItem","position":1,"name":"S\u0101kums","item":"https:\/\/izsekosanasierices.lv\/"},{"@type":"ListItem","position":2,"name":"Veikals","item":"https:\/\/izsekosanasierices.lv\/veikals\/"},{"@type":"ListItem","position":3,"name":"Profesion\u0101la noklaus\u012b\u0161an\u0101s ier\u012bce, darbojas UHF radiofrekvenc\u0113"}]},{"@type":"WebSite","@id":"https:\/\/izsekosanasierices.lv\/#website","url":"https:\/\/izsekosanasierices.lv\/","name":"Nr1 Izseko\u0161anas ier\u012bces gps izseko\u0161anas iek\u0101rtas, klaus\u012b\u0161an\u0101s iek\u0101rtas","description":"","potentialAction":[{"@type":"SearchAction","target":{"@type":"EntryPoint","urlTemplate":"https:\/\/izsekosanasierices.lv\/?s={search_term_string}"},"query-input":{"@type":"PropertyValueSpecification","valueRequired":true,"valueName":"search_term_string"}}],"inLanguage":"et"}]}},"_links":{"self":[{"href":"https:\/\/izsekosanasierices.lv\/et\/wp-json\/wp\/v2\/product\/1223","targetHints":{"allow":["GET"]}}],"collection":[{"href":"https:\/\/izsekosanasierices.lv\/et\/wp-json\/wp\/v2\/product"}],"about":[{"href":"https:\/\/izsekosanasierices.lv\/et\/wp-json\/wp\/v2\/types\/product"}],"wp:featuredmedia":[{"embeddable":true,"href":"https:\/\/izsekosanasierices.lv\/et\/wp-json\/wp\/v2\/media\/1454"}],"wp:attachment":[{"href":"https:\/\/izsekosanasierices.lv\/et\/wp-json\/wp\/v2\/media?parent=1223"}],"wp:term":[{"taxonomy":"product_brand","embeddable":true,"href":"https:\/\/izsekosanasierices.lv\/et\/wp-json\/wp\/v2\/product_brand?post=1223"},{"taxonomy":"product_cat","embeddable":true,"href":"https:\/\/izsekosanasierices.lv\/et\/wp-json\/wp\/v2\/product_cat?post=1223"},{"taxonomy":"product_tag","embeddable":true,"href":"https:\/\/izsekosanasierices.lv\/et\/wp-json\/wp\/v2\/product_tag?post=1223"}],"curies":[{"name":"wp","href":"https:\/\/api.w.org\/{rel}","templated":true}]}}