{"id":1224,"date":"2023-10-05T15:37:11","date_gmt":"2023-10-05T15:37:11","guid":{"rendered":"https:\/\/izsekosanasierices.lv\/produktas\/profesionali-gsm-pasiklausymo-iranga-blake-iki-10-paru-veikimo-laikas\/"},"modified":"2026-01-15T10:00:41","modified_gmt":"2026-01-15T08:00:41","slug":"profesionala-gsm-noklausisanas-ierice-ar-darbibas-ilgumu-lidz-10-dienam","status":"publish","type":"product","link":"https:\/\/izsekosanasierices.lv\/et\/produkts\/professionaalne-kuuldeaparaat-kuni-10-paeva-kestva-tooajaga\/","title":{"rendered":"Professionaalne GSM pealtkuulamise seade, mis t\u00f6\u00f6tab kuni 10 p\u00e4eva"},"content":{"rendered":"<h3><strong>Tehnilised parameetrid:<\/strong><\/h3>\n<ul>\n<li>Heli: mobiilne (GSM-v\u00f5rk)<\/li>\n<li>Sagedusvalikud: neli maailmas k\u00e4ttesaadavat valikut (850 MHz \/ 900 MHz \/ 1800 MHz \/ 1900 MHz).<\/li>\n<li>Mikrofon: olemas; k\u00f5rge helikvaliteet<\/li>\n<li>Aku: liitium-ioon (sisemine)<\/li>\n<li>Aku kestvus: ootere\u017eiim (umbes 10 p\u00e4eva); pidev kuulamine (4-6 tundi)<\/li>\n<li>M\u00f5\u00f5tmed: 40 mm x 23 mm x 16 mm<\/li>\n<li><strong>Garantii 12 kuud<\/strong><\/li>\n<\/ul>\n<p><span style=\"color: #d0121a;\"><strong>Kas vajate n\u00f5u v\u00f5i ei saa broneerida? Helistage +371-20484176<\/strong><\/span><\/p>\n<p>Kasutamine: teie ohutuse tagamiseks, laste ohutuse tagamiseks.<\/p>\n<p><strong>T\u00e4ielik<\/strong><\/p>\n<ul>\n<li>GSM pealtkuulamisviga<\/li>\n<li>Laadija<\/li>\n<li>USB-kaabel<\/li>\n<li>Juhised<\/li>\n<\/ul>\n<p>Kasutage enda ja oma laste ohutuse tagamiseks.<\/p>\n<p>GSM Flea, kvaliteetne ja salajane pealtkuulamisseade. Selle seadme suurimaks eeliseks on pikk aku kestvus (kuni 10 p\u00e4eva ootere\u017eiimis). Seade on kasutajas\u00f5bralik ja funktsionaalne - korpuses on pesa, kuhu sisestatakse SIM-kaart ja te saate kuulata, mis toimub j\u00e4lgitavas piirkonnas, helistades lihtsalt pealtkuulatavale seadmele (k\u00f5nesid pealtkuulatavale seadmele saab teha ka v\u00e4lismaalt, nii et saate pealt kuulata, kui olete eemal, v\u00f5i kui teises ruumis on m\u00fcra, helistab seade teile m\u00e4\u00e4ratud telefoninumbrile). Sellisel juhul ei j\u00e4\u00e4 \u00fckski vestlus vahele.<\/p>\n<div class=\"iframe-container\">\n<p><strong>Professionaalne GSM pealtkuulamise seade, mis t\u00f6\u00f6tab kuni 10 p\u00e4eva<\/strong><\/p>\n<p>GSM-kuulamise seade on kvaliteetne ja usaldusv\u00e4\u00e4rne kuulamise seade, mis aitab teil koguda vajalikku teavet.<\/p>\n<p>Professionaalne GSM-kuulamise seade r\u00f5\u00f5mustab v\u00e4ga selge h\u00e4\u00e4lega, nii et kui soovite t\u00f5esti kvaliteetset heli, siis on see seade, mida valida. T\u00e4nap\u00e4eval v\u00f5ib turul leida ka v\u00e4ga odavaid GSM-kuulureid, kuid v\u00e4ga oluline on veenduda, et need t\u00e4idavad oma p\u00f5hifunktsiooni. V\u00e4hemalt ei taha te j\u00e4\u00e4da ilma olulistest vestlustest seadme puuduste t\u00f5ttu, seega on k\u00f5ige parem s\u00e4\u00e4sta raha ja valida ainult professionaalsed salakuulajad.<\/p>\n<p>Professionaalse GSM-kuulamisseadme kasutamine on v\u00e4ga lihtne - lihtsalt sisestage SIM-kaart koos sellega kaasneva telefoninumbriga ja kui soovite kuulata, mis toimub seadme keskkonnas, siis helistage lihtsalt sellele numbrile. Kuna GSM-klapp on v\u00e4ga v\u00e4ike, ei tee see mingit h\u00e4\u00e4lt, nii et saate olla t\u00e4iesti rahulikult,<\/p>\n<p>GSM-kuulamise seade v\u00f5ib olla ootere\u017eiimis v\u00f5i saate valida, kas kuulata pidevaid k\u00f5nesid. Ootere\u017eiimis saab aku t\u00fchjaks umbes 10 p\u00e4eva p\u00e4rast, kuid kui kuulate pidevaid k\u00f5nesid, kestab aku umbes 4-6 tundi. Kui kirp v\u00f5tab heli \u00fcles, helistab see teie telefoninumbrile ja te saate kuulata, mis toimub seadme \u00fcmber. See funktsioon hoiab \u00e4ra, et sa ei j\u00e4\u00e4ks olulisest teabest ilma ja sa ei pea pidevalt helistama, et kontrollida, kas hetkel on m\u00f5ni kasulik teave saadaval.<\/p>\n<p>Komplektis on professionaalne GSM-tera, laadija, USB-kaabel ja kasutusjuhend.<\/p>\n<\/div>","protected":false},"excerpt":{"rendered":"<p>Professionaalsed GSM-kuulamisseadmed, mis on ideaalsed vestluste salvestamiseks. Parim kvaliteet turul. Kuni 10 p\u00e4eva kestev aku. VOX - heliga helistamine.<\/p>","protected":false},"featured_media":1461,"template":"","meta":[],"product_brand":[],"product_cat":[336,335,337],"product_tag":[62,338,339,340,341],"class_list":{"0":"post-1224","1":"product","2":"type-product","3":"status-publish","4":"has-post-thumbnail","6":"product_cat-gsm-noklausisanas-iekartas-blakes","7":"product_cat-noklausisanas-ierices","8":"product_cat-profesionals-noklausisanas-aprikojums","9":"product_tag-gsm-blake","10":"product_tag-noklausisanas-iekartas","11":"product_tag-noklausisanas-kluda","12":"product_tag-profesionalas-noklausisanas-iekartas","13":"product_tag-sarunu-noklausisanas","15":"first","16":"instock","17":"sale","18":"taxable","19":"shipping-taxable","20":"purchasable","21":"product-type-simple"},"yoast_head":"<!-- This site is optimized with the Yoast SEO plugin v27.5 - https:\/\/yoast.com\/product\/yoast-seo-wordpress\/ -->\n<title>Pro GSM noklaus\u012b\u0161an\u0101s ier\u012bce ar 10 dienu gaid\u012b\u0161anas re\u017e\u012bmu<\/title>\n<meta name=\"description\" content=\"Profesion\u0101la gsm noklaus\u012b\u0161an\u0101s ier\u012bce kas lieliski piem\u0113rota sarunu ierakst\u012b\u0161anai Lab\u0101k\u0101 kvalit\u0101te tirg\u016b L\u012bdz pat 10 dien\u0101m ilgs akumulatora darb\u012bbas laiks\" \/>\n<meta name=\"robots\" content=\"index, follow, max-snippet:-1, max-image-preview:large, max-video-preview:-1\" \/>\n<link rel=\"canonical\" href=\"https:\/\/izsekosanasierices.lv\/et\/produkts\/professionaalne-kuuldeaparaat-kuni-10-paeva-kestva-tooajaga\/\" \/>\n<meta property=\"og:locale\" content=\"et_EE\" \/>\n<meta property=\"og:type\" content=\"article\" \/>\n<meta property=\"og:title\" content=\"Profesion\u0101la GSM noklaus\u012b\u0161an\u0101s iek\u0101rta ar 10 dienu gaid\u012b\u0161anas re\u017e\u012bmu\" \/>\n<meta property=\"og:description\" content=\"Profesion\u0101la GSM noklaus\u012b\u0161an\u0101s iek\u0101rta, kas lieliski piem\u0113rota sarunu ierakst\u012b\u0161anai. Lab\u0101k\u0101 kvalit\u0101te tirg\u016b ar l\u012bdz pat 10 dien\u0101m ilgu akumulatora darb\u012bbas laiku. VOX - zvana ar ska\u0146u\" \/>\n<meta property=\"og:url\" content=\"https:\/\/izsekosanasierices.lv\/et\/produkts\/professionaalne-kuuldeaparaat-kuni-10-paeva-kestva-tooajaga\/\" \/>\n<meta property=\"og:site_name\" content=\"Nr1 Izseko\u0161anas ier\u012bces gps izseko\u0161anas iek\u0101rtas, klaus\u012b\u0161an\u0101s iek\u0101rtas\" \/>\n<meta property=\"article:modified_time\" content=\"2026-01-15T08:00:41+00:00\" \/>\n<meta property=\"og:image\" content=\"https:\/\/rvnski.dev\/sekimoiranga\/wp-content\/uploads\/izsekosanasierices.webp\" \/>\n<meta name=\"twitter:card\" content=\"summary_large_image\" \/>\n<meta name=\"twitter:title\" content=\"Profesion\u0101la GSM noklaus\u012b\u0161an\u0101s iek\u0101rta ar 10 dienu gaid\u012b\u0161anas re\u017e\u012bmu\" \/>\n<meta name=\"twitter:description\" content=\"Profesion\u0101la GSM noklaus\u012b\u0161an\u0101s iek\u0101rta, kas lieliski piem\u0113rota sarunu ierakst\u012b\u0161anai. Lab\u0101k\u0101 kvalit\u0101te tirg\u016b ar l\u012bdz pat 10 dien\u0101m ilgu akumulatora darb\u012bbas laiku. VOX - zvana ar ska\u0146u\" \/>\n<meta name=\"twitter:label1\" content=\"Est. reading time\" \/>\n\t<meta name=\"twitter:data1\" content=\"3 minutit\" \/>\n<script type=\"application\/ld+json\" class=\"yoast-schema-graph\">{\"@context\":\"https:\\\/\\\/schema.org\",\"@graph\":[{\"@type\":\"WebPage\",\"@id\":\"https:\\\/\\\/izsekosanasierices.lv\\\/produkts\\\/profesionala-gsm-noklausisanas-ierice-ar-darbibas-ilgumu-lidz-10-dienam\\\/\",\"url\":\"https:\\\/\\\/izsekosanasierices.lv\\\/produkts\\\/profesionala-gsm-noklausisanas-ierice-ar-darbibas-ilgumu-lidz-10-dienam\\\/\",\"name\":\"Pro GSM noklaus\u012b\u0161an\u0101s ier\u012bce ar 10 dienu gaid\u012b\u0161anas re\u017e\u012bmu\",\"isPartOf\":{\"@id\":\"https:\\\/\\\/izsekosanasierices.lv\\\/#website\"},\"primaryImageOfPage\":{\"@id\":\"https:\\\/\\\/izsekosanasierices.lv\\\/produkts\\\/profesionala-gsm-noklausisanas-ierice-ar-darbibas-ilgumu-lidz-10-dienam\\\/#primaryimage\"},\"image\":{\"@id\":\"https:\\\/\\\/izsekosanasierices.lv\\\/produkts\\\/profesionala-gsm-noklausisanas-ierice-ar-darbibas-ilgumu-lidz-10-dienam\\\/#primaryimage\"},\"thumbnailUrl\":\"https:\\\/\\\/izsekosanasierices.lv\\\/wp-content\\\/uploads\\\/izsekosanasierices-profesionali-gsm-pasiklausymo-iranga-blake-iki-10-paru-veikimo-laikas.jpg\",\"datePublished\":\"2023-10-05T15:37:11+00:00\",\"dateModified\":\"2026-01-15T08:00:41+00:00\",\"description\":\"Profesion\u0101la gsm noklaus\u012b\u0161an\u0101s ier\u012bce kas lieliski piem\u0113rota sarunu ierakst\u012b\u0161anai Lab\u0101k\u0101 kvalit\u0101te tirg\u016b L\u012bdz pat 10 dien\u0101m ilgs akumulatora darb\u012bbas laiks\",\"breadcrumb\":{\"@id\":\"https:\\\/\\\/izsekosanasierices.lv\\\/produkts\\\/profesionala-gsm-noklausisanas-ierice-ar-darbibas-ilgumu-lidz-10-dienam\\\/#breadcrumb\"},\"inLanguage\":\"et\",\"potentialAction\":[{\"@type\":\"ReadAction\",\"target\":[\"https:\\\/\\\/izsekosanasierices.lv\\\/produkts\\\/profesionala-gsm-noklausisanas-ierice-ar-darbibas-ilgumu-lidz-10-dienam\\\/\"]}]},{\"@type\":\"ImageObject\",\"inLanguage\":\"et\",\"@id\":\"https:\\\/\\\/izsekosanasierices.lv\\\/produkts\\\/profesionala-gsm-noklausisanas-ierice-ar-darbibas-ilgumu-lidz-10-dienam\\\/#primaryimage\",\"url\":\"https:\\\/\\\/izsekosanasierices.lv\\\/wp-content\\\/uploads\\\/izsekosanasierices-profesionali-gsm-pasiklausymo-iranga-blake-iki-10-paru-veikimo-laikas.jpg\",\"contentUrl\":\"https:\\\/\\\/izsekosanasierices.lv\\\/wp-content\\\/uploads\\\/izsekosanasierices-profesionali-gsm-pasiklausymo-iranga-blake-iki-10-paru-veikimo-laikas.jpg\",\"width\":800,\"height\":800,\"caption\":\"Profesionali GSM pasiklausymo iranga blak\u0117 iki 10 par\u0173 veikimo laikas\"},{\"@type\":\"BreadcrumbList\",\"@id\":\"https:\\\/\\\/izsekosanasierices.lv\\\/produkts\\\/profesionala-gsm-noklausisanas-ierice-ar-darbibas-ilgumu-lidz-10-dienam\\\/#breadcrumb\",\"itemListElement\":[{\"@type\":\"ListItem\",\"position\":1,\"name\":\"S\u0101kums\",\"item\":\"https:\\\/\\\/izsekosanasierices.lv\\\/\"},{\"@type\":\"ListItem\",\"position\":2,\"name\":\"Veikals\",\"item\":\"https:\\\/\\\/izsekosanasierices.lv\\\/veikals\\\/\"},{\"@type\":\"ListItem\",\"position\":3,\"name\":\"Profesion\u0101la GSM noklaus\u012b\u0161an\u0101s ier\u012bce ar darb\u012bbas ilgumu l\u012bdz 10 dien\u0101m\"}]},{\"@type\":\"WebSite\",\"@id\":\"https:\\\/\\\/izsekosanasierices.lv\\\/#website\",\"url\":\"https:\\\/\\\/izsekosanasierices.lv\\\/\",\"name\":\"Nr1 Izseko\u0161anas ier\u012bces gps izseko\u0161anas iek\u0101rtas, klaus\u012b\u0161an\u0101s iek\u0101rtas\",\"description\":\"\",\"potentialAction\":[{\"@type\":\"SearchAction\",\"target\":{\"@type\":\"EntryPoint\",\"urlTemplate\":\"https:\\\/\\\/izsekosanasierices.lv\\\/?s={search_term_string}\"},\"query-input\":{\"@type\":\"PropertyValueSpecification\",\"valueRequired\":true,\"valueName\":\"search_term_string\"}}],\"inLanguage\":\"et\"}]}<\/script>\n<!-- \/ Yoast SEO plugin. -->","yoast_head_json":{"title":"Pro GSM noklaus\u012b\u0161an\u0101s ier\u012bce ar 10 dienu gaid\u012b\u0161anas re\u017e\u012bmu","description":"Profesion\u0101la gsm noklaus\u012b\u0161an\u0101s ier\u012bce kas lieliski piem\u0113rota sarunu ierakst\u012b\u0161anai Lab\u0101k\u0101 kvalit\u0101te tirg\u016b L\u012bdz pat 10 dien\u0101m ilgs akumulatora darb\u012bbas laiks","robots":{"index":"index","follow":"follow","max-snippet":"max-snippet:-1","max-image-preview":"max-image-preview:large","max-video-preview":"max-video-preview:-1"},"canonical":"https:\/\/izsekosanasierices.lv\/et\/produkts\/professionaalne-kuuldeaparaat-kuni-10-paeva-kestva-tooajaga\/","og_locale":"et_EE","og_type":"article","og_title":"Profesion\u0101la GSM noklaus\u012b\u0161an\u0101s iek\u0101rta ar 10 dienu gaid\u012b\u0161anas re\u017e\u012bmu","og_description":"Profesion\u0101la GSM noklaus\u012b\u0161an\u0101s iek\u0101rta, kas lieliski piem\u0113rota sarunu ierakst\u012b\u0161anai. Lab\u0101k\u0101 kvalit\u0101te tirg\u016b ar l\u012bdz pat 10 dien\u0101m ilgu akumulatora darb\u012bbas laiku. VOX - zvana ar ska\u0146u","og_url":"https:\/\/izsekosanasierices.lv\/et\/produkts\/professionaalne-kuuldeaparaat-kuni-10-paeva-kestva-tooajaga\/","og_site_name":"Nr1 Izseko\u0161anas ier\u012bces gps izseko\u0161anas iek\u0101rtas, klaus\u012b\u0161an\u0101s iek\u0101rtas","article_modified_time":"2026-01-15T08:00:41+00:00","og_image":[{"url":"https:\/\/rvnski.dev\/sekimoiranga\/wp-content\/uploads\/izsekosanasierices.webp","type":"","width":"","height":""}],"twitter_card":"summary_large_image","twitter_title":"Profesion\u0101la GSM noklaus\u012b\u0161an\u0101s iek\u0101rta ar 10 dienu gaid\u012b\u0161anas re\u017e\u012bmu","twitter_description":"Profesion\u0101la GSM noklaus\u012b\u0161an\u0101s iek\u0101rta, kas lieliski piem\u0113rota sarunu ierakst\u012b\u0161anai. Lab\u0101k\u0101 kvalit\u0101te tirg\u016b ar l\u012bdz pat 10 dien\u0101m ilgu akumulatora darb\u012bbas laiku. VOX - zvana ar ska\u0146u","twitter_misc":{"Est. reading time":"3 minutit"},"schema":{"@context":"https:\/\/schema.org","@graph":[{"@type":"WebPage","@id":"https:\/\/izsekosanasierices.lv\/produkts\/profesionala-gsm-noklausisanas-ierice-ar-darbibas-ilgumu-lidz-10-dienam\/","url":"https:\/\/izsekosanasierices.lv\/produkts\/profesionala-gsm-noklausisanas-ierice-ar-darbibas-ilgumu-lidz-10-dienam\/","name":"Pro GSM noklaus\u012b\u0161an\u0101s ier\u012bce ar 10 dienu gaid\u012b\u0161anas re\u017e\u012bmu","isPartOf":{"@id":"https:\/\/izsekosanasierices.lv\/#website"},"primaryImageOfPage":{"@id":"https:\/\/izsekosanasierices.lv\/produkts\/profesionala-gsm-noklausisanas-ierice-ar-darbibas-ilgumu-lidz-10-dienam\/#primaryimage"},"image":{"@id":"https:\/\/izsekosanasierices.lv\/produkts\/profesionala-gsm-noklausisanas-ierice-ar-darbibas-ilgumu-lidz-10-dienam\/#primaryimage"},"thumbnailUrl":"https:\/\/izsekosanasierices.lv\/wp-content\/uploads\/izsekosanasierices-profesionali-gsm-pasiklausymo-iranga-blake-iki-10-paru-veikimo-laikas.jpg","datePublished":"2023-10-05T15:37:11+00:00","dateModified":"2026-01-15T08:00:41+00:00","description":"Profesion\u0101la gsm noklaus\u012b\u0161an\u0101s ier\u012bce kas lieliski piem\u0113rota sarunu ierakst\u012b\u0161anai Lab\u0101k\u0101 kvalit\u0101te tirg\u016b L\u012bdz pat 10 dien\u0101m ilgs akumulatora darb\u012bbas laiks","breadcrumb":{"@id":"https:\/\/izsekosanasierices.lv\/produkts\/profesionala-gsm-noklausisanas-ierice-ar-darbibas-ilgumu-lidz-10-dienam\/#breadcrumb"},"inLanguage":"et","potentialAction":[{"@type":"ReadAction","target":["https:\/\/izsekosanasierices.lv\/produkts\/profesionala-gsm-noklausisanas-ierice-ar-darbibas-ilgumu-lidz-10-dienam\/"]}]},{"@type":"ImageObject","inLanguage":"et","@id":"https:\/\/izsekosanasierices.lv\/produkts\/profesionala-gsm-noklausisanas-ierice-ar-darbibas-ilgumu-lidz-10-dienam\/#primaryimage","url":"https:\/\/izsekosanasierices.lv\/wp-content\/uploads\/izsekosanasierices-profesionali-gsm-pasiklausymo-iranga-blake-iki-10-paru-veikimo-laikas.jpg","contentUrl":"https:\/\/izsekosanasierices.lv\/wp-content\/uploads\/izsekosanasierices-profesionali-gsm-pasiklausymo-iranga-blake-iki-10-paru-veikimo-laikas.jpg","width":800,"height":800,"caption":"Profesionali GSM pasiklausymo iranga blak\u0117 iki 10 par\u0173 veikimo laikas"},{"@type":"BreadcrumbList","@id":"https:\/\/izsekosanasierices.lv\/produkts\/profesionala-gsm-noklausisanas-ierice-ar-darbibas-ilgumu-lidz-10-dienam\/#breadcrumb","itemListElement":[{"@type":"ListItem","position":1,"name":"S\u0101kums","item":"https:\/\/izsekosanasierices.lv\/"},{"@type":"ListItem","position":2,"name":"Veikals","item":"https:\/\/izsekosanasierices.lv\/veikals\/"},{"@type":"ListItem","position":3,"name":"Profesion\u0101la GSM noklaus\u012b\u0161an\u0101s ier\u012bce ar darb\u012bbas ilgumu l\u012bdz 10 dien\u0101m"}]},{"@type":"WebSite","@id":"https:\/\/izsekosanasierices.lv\/#website","url":"https:\/\/izsekosanasierices.lv\/","name":"Nr1 Izseko\u0161anas ier\u012bces gps izseko\u0161anas iek\u0101rtas, klaus\u012b\u0161an\u0101s iek\u0101rtas","description":"","potentialAction":[{"@type":"SearchAction","target":{"@type":"EntryPoint","urlTemplate":"https:\/\/izsekosanasierices.lv\/?s={search_term_string}"},"query-input":{"@type":"PropertyValueSpecification","valueRequired":true,"valueName":"search_term_string"}}],"inLanguage":"et"}]}},"_links":{"self":[{"href":"https:\/\/izsekosanasierices.lv\/et\/wp-json\/wp\/v2\/product\/1224","targetHints":{"allow":["GET"]}}],"collection":[{"href":"https:\/\/izsekosanasierices.lv\/et\/wp-json\/wp\/v2\/product"}],"about":[{"href":"https:\/\/izsekosanasierices.lv\/et\/wp-json\/wp\/v2\/types\/product"}],"wp:featuredmedia":[{"embeddable":true,"href":"https:\/\/izsekosanasierices.lv\/et\/wp-json\/wp\/v2\/media\/1461"}],"wp:attachment":[{"href":"https:\/\/izsekosanasierices.lv\/et\/wp-json\/wp\/v2\/media?parent=1224"}],"wp:term":[{"taxonomy":"product_brand","embeddable":true,"href":"https:\/\/izsekosanasierices.lv\/et\/wp-json\/wp\/v2\/product_brand?post=1224"},{"taxonomy":"product_cat","embeddable":true,"href":"https:\/\/izsekosanasierices.lv\/et\/wp-json\/wp\/v2\/product_cat?post=1224"},{"taxonomy":"product_tag","embeddable":true,"href":"https:\/\/izsekosanasierices.lv\/et\/wp-json\/wp\/v2\/product_tag?post=1224"}],"curies":[{"name":"wp","href":"https:\/\/api.w.org\/{rel}","templated":true}]}}