{"id":1225,"date":"2023-10-05T15:37:11","date_gmt":"2023-10-05T15:37:11","guid":{"rendered":"https:\/\/izsekosanasierices.lv\/produktas\/profesionali-pasiklausymo-iranga-gsm-blake-iki-20-paru-veikimo-laikas\/"},"modified":"2026-02-26T08:02:07","modified_gmt":"2026-02-26T06:02:07","slug":"profesionala-gsm-noklausisanas-iekarta-ar-darbibas-laiku-lidz-pat-20-dienam","status":"publish","type":"product","link":"https:\/\/izsekosanasierices.lv\/et\/produkts\/professionaalne-mobiiltelefoni-kuulamiskaart-kuni-20-paevase-tooajaga\/","title":{"rendered":"Professionaalsed GSM pealtkuulamisseadmed, mis t\u00f6\u00f6tavad kuni 20 p\u00e4eva"},"content":{"rendered":"<h3><strong>Tehnilised parameetrid:<\/strong><\/h3>\n<ul>\n<li>Sageduse valik: neli (850 MHz \/ 900M Hz \/ 1800 MHz \/ 1900 MHz)<\/li>\n<li>T\u00f6\u00f6piirkond: v\u00f5imalik rahvusvaheline heli\u00fclekanne<\/li>\n<li>Heliedastuse funktsioon: aktiivne GSM-mobiilsides\u00fcsteem<\/li>\n<li>Mikrofon: kvaliteetne; v\u00e4ga selge heli<\/li>\n<li>Aku t\u00fc\u00fcp: sisemine (liitium-ioon)<\/li>\n<li>Aku kestvus: kuni 20 p\u00e4eva (ootere\u017eiim)<\/li>\n<li>Aku kestvus: 8 - 10 tundi (kuulamisaeg)<\/li>\n<li>M\u00f5\u00f5tmed: 40 mm x 27 mm x 7 mm<\/li>\n<li><strong>Garantii 12 kuud<\/strong><\/li>\n<\/ul>\n<p><span style=\"color: #ff0000;\"><strong>Vajad kiiret sama p\u00e4eva (ja n\u00e4dalavahetuse) kohaletoimetamist? Helistage +371-20484176<\/strong><\/span><\/p>\n<p>Kasutamine: teie ohutuse tagamiseks, laste ohutuse tagamiseks.<\/p>\n<p><strong>Sisaldab:<\/strong><\/p>\n<ul>\n<li>Professionaalsed GSM-kuulamisseadmed;<\/li>\n<li>seadme laadija;<\/li>\n<li>USB-kaabel;<\/li>\n<li>Kasutusjuhend.<\/li>\n<\/ul>\n<p>Kasutage enda ja oma laste ohutuse tagamiseks.<\/p>\n<p>Professionaalne GSM-mobiilsides\u00fcsteemil p\u00f5hinev pealtkuulamise seade. Seade tagab konfidentsiaalsuse ja kvaliteetse helisalvestuse. Seda pealtkuulamisseadet eristab teistest seadmetest \u00e4\u00e4rmiselt pikk ooteaeg, mis on kuni 20 p\u00e4eva (kuni kuus korda pikem kui seda t\u00fc\u00fcpi seadmetel keskmiselt).<\/p>\n<p>See GSM-kuulamise seade t\u00f6\u00f6tab nagu mobiiltelefon - sisestate seadmesse SIM-kaardi ja k\u00f5ik, mida peate tegema, et kuulata, mis teie \u00fcmber toimub, on helistada sisestatud SIM-kaardile m\u00e4\u00e4ratud numbrile (ka rahvusvaheline pealtkuulamine on v\u00f5imalik, kui pealtkuulamise seade ja kuulaja asuvad eri riikides). V\u00f5imalik on saada teavet kuulamispiirkonnas olevate m\u00fcra kohta (kui heli tuvastatakse, <em>vead<\/em> saadab signaali telefoninumbrile).<\/p>\n<p><strong>Professionaalsed GSM pealtkuulamisseadmed, mis t\u00f6\u00f6tavad kuni 20 p\u00e4eva<\/strong><\/p>\n<p>Professionaalsed pealtkuulamisseadmed on kasulikud erinevates olukordades, n\u00e4iteks alaealiste laste turvalisuse tagamiseks. Selliste seadmete valik on t\u00e4nap\u00e4eval \u00fcsna lai, mist\u00f5ttu ei ole alati lihtne valida \u00f5iget pealtkuulamisseadet. Enamasti soovitakse, et seadmed suudaksid piisavalt kaua ootere\u017eiimil p\u00fcsida ja vajadusel teavet edastada.<\/p>\n<p>Professionaalne GSM-kuulamise seade on \u00fcks parimaid valikuid, kui teil on vaja saada teatud huvipakkuvat teavet. Seadet on v\u00e4ga lihtne kasutada: seadmesse sisestatakse SIM-kaart koos telefoninumbriga ja kui soovite kuulata keskkonda, kus seade asub (nt laste juures), saate lihtsalt helistada sellele numbrile.<\/p>\n<p>Aku kestvus on samuti oluline kriteerium kuulamisseadmete valikul. \u00dcldiselt eeldatakse, et seade kestab m\u00f5istliku aja, nii et selle seadme valimisel ei pea pettuma. See professionaalne kuulamisseade v\u00f5ib olla ootere\u017eiimil kuni 20 p\u00e4eva, mis on tavaliselt piisavalt pikk aeg. Kui teil on vaja pidevalt kuulata, v\u00f5imaldab see seade seda teha kuni 8-10 tundi. Oluline on, et see professionaalne <em>vead<\/em> pakub \u00fclikvaliteetset heli, nii et v\u00f5ite olla kindel, et saate kvaliteetset heli.<\/p>\n<p>See professionaalne kuuldeaparaat on v\u00e4ike (40 mm x 27 mm x 7 mm), nii et seda ei ole raske peita.<\/p>\n<p>Komplektis on professionaalne kuuldeaparaat, laadija, USB-kaabel ja kasutusjuhend, et saaksite seadet probleemideta kasutada. Kuigi sageli arvatakse, et meie kodumaalt ostetud seadmeid saab kasutada ainult Leedus, ei ole see t\u00f5si - seda seadet saab edukalt kasutada ka siis, kui te reisite v\u00e4lismaale v\u00f5i kui j\u00e4relevalve all olev isik on v\u00e4lismaal. Seega, kui soovite, et teie ostetud seadmeid saaksite kasutada ilma raskusteta, on see kuulamisseade t\u00f5esti hea lahendus.<\/p>","protected":false},"excerpt":{"rendered":"<p>Professionaalne GSM-kuulutuslapp. Parim kvaliteet turul, k\u00f5nefunktsioon, 20 p\u00e4eva ooteaeg 8 tundi chat<\/p>","protected":false},"featured_media":1465,"template":"","meta":[],"product_brand":[],"product_cat":[336,335,337],"product_tag":[62,375,338,339,340,341],"class_list":{"0":"post-1225","1":"product","2":"type-product","3":"status-publish","4":"has-post-thumbnail","6":"product_cat-gsm-noklausisanas-iekartas-blakes","7":"product_cat-noklausisanas-ierices","8":"product_cat-profesionals-noklausisanas-aprikojums","9":"product_tag-gsm-blake","10":"product_tag-mini-noklausisanas-kluda","11":"product_tag-noklausisanas-iekartas","12":"product_tag-noklausisanas-kluda","13":"product_tag-profesionalas-noklausisanas-iekartas","14":"product_tag-sarunu-noklausisanas","16":"first","17":"instock","18":"sale","19":"taxable","20":"shipping-taxable","21":"purchasable","22":"product-type-simple"},"yoast_head":"<!-- This site is optimized with the Yoast SEO plugin v27.5 - https:\/\/yoast.com\/product\/yoast-seo-wordpress\/ -->\n<title>PRO GSM noklaus\u012b\u0161an\u0101s iek\u0101rta ar darb\u012bbas laiku l\u012bdz pat 20d<\/title>\n<meta name=\"description\" content=\"Profesion\u0101la gsm noklaus\u012b\u0161an\u0101s iek\u0101rta. Lab\u0101k\u0101 kvalit\u0101te tirg\u016b Zvan\u012b\u0161anas funkcija Darb\u012bbas laiks 20 dienas gaid\u012b\u0161anas re\u017e\u012bm\u0101 un 8 stundas akt\u012bvas darb\u012bbas.\" \/>\n<meta name=\"robots\" content=\"index, follow, max-snippet:-1, max-image-preview:large, max-video-preview:-1\" \/>\n<link rel=\"canonical\" href=\"https:\/\/izsekosanasierices.lv\/et\/produkts\/professionaalne-mobiiltelefoni-kuulamiskaart-kuni-20-paevase-tooajaga\/\" \/>\n<meta property=\"og:locale\" content=\"et_EE\" \/>\n<meta property=\"og:type\" content=\"article\" \/>\n<meta property=\"og:title\" content=\"Profesion\u0101ls GSM noklaus\u012b\u0161an\u0101s asmens ar 20 dienu gaid\u012b\u0161anas re\u017e\u012bmu\" \/>\n<meta property=\"og:description\" content=\"Profesion\u0101ls GSM noklaus\u012b\u0161an\u0101s asmens sarunu noklaus\u012b\u0161anai. Lab\u0101k\u0101 kvalit\u0101te tirg\u016b, zvan\u012b\u0161anas funkcija, 20 dienu gaid\u012b\u0161anas laiks 8 stundas t\u0113rz\u0113t\" \/>\n<meta property=\"og:url\" content=\"https:\/\/izsekosanasierices.lv\/et\/produkts\/professionaalne-mobiiltelefoni-kuulamiskaart-kuni-20-paevase-tooajaga\/\" \/>\n<meta property=\"og:site_name\" content=\"Nr1 Izseko\u0161anas ier\u012bces gps izseko\u0161anas iek\u0101rtas, klaus\u012b\u0161an\u0101s iek\u0101rtas\" \/>\n<meta property=\"article:modified_time\" content=\"2026-02-26T06:02:07+00:00\" \/>\n<meta property=\"og:image\" content=\"https:\/\/rvnski.dev\/sekimoiranga\/wp-content\/uploads\/izsekosanasierices.webp\" \/>\n<meta name=\"twitter:card\" content=\"summary_large_image\" \/>\n<meta name=\"twitter:title\" content=\"Profesion\u0101ls GSM noklaus\u012b\u0161an\u0101s asmens ar 20 dienu gaid\u012b\u0161anas re\u017e\u012bmu\" \/>\n<meta name=\"twitter:description\" content=\"Profesion\u0101ls GSM noklaus\u012b\u0161an\u0101s asmens sarunu noklaus\u012b\u0161anai. Lab\u0101k\u0101 kvalit\u0101te tirg\u016b, zvan\u012b\u0161anas funkcija, 20 dienu gaid\u012b\u0161anas laiks 8 stundas t\u0113rz\u0113t\" \/>\n<meta name=\"twitter:label1\" content=\"Est. reading time\" \/>\n\t<meta name=\"twitter:data1\" content=\"3 minutit\" \/>\n<script type=\"application\/ld+json\" class=\"yoast-schema-graph\">{\"@context\":\"https:\\\/\\\/schema.org\",\"@graph\":[{\"@type\":\"WebPage\",\"@id\":\"https:\\\/\\\/izsekosanasierices.lv\\\/produkts\\\/profesionala-gsm-noklausisanas-iekarta-ar-darbibas-laiku-lidz-pat-20-dienam\\\/\",\"url\":\"https:\\\/\\\/izsekosanasierices.lv\\\/produkts\\\/profesionala-gsm-noklausisanas-iekarta-ar-darbibas-laiku-lidz-pat-20-dienam\\\/\",\"name\":\"PRO GSM noklaus\u012b\u0161an\u0101s iek\u0101rta ar darb\u012bbas laiku l\u012bdz pat 20d\",\"isPartOf\":{\"@id\":\"https:\\\/\\\/izsekosanasierices.lv\\\/#website\"},\"primaryImageOfPage\":{\"@id\":\"https:\\\/\\\/izsekosanasierices.lv\\\/produkts\\\/profesionala-gsm-noklausisanas-iekarta-ar-darbibas-laiku-lidz-pat-20-dienam\\\/#primaryimage\"},\"image\":{\"@id\":\"https:\\\/\\\/izsekosanasierices.lv\\\/produkts\\\/profesionala-gsm-noklausisanas-iekarta-ar-darbibas-laiku-lidz-pat-20-dienam\\\/#primaryimage\"},\"thumbnailUrl\":\"https:\\\/\\\/izsekosanasierices.lv\\\/wp-content\\\/uploads\\\/izsekosanasierices-profesionali-pasiklausymo-iranga-gsm-blake-iki-20-paru-veikimo-laikas.jpg\",\"datePublished\":\"2023-10-05T15:37:11+00:00\",\"dateModified\":\"2026-02-26T06:02:07+00:00\",\"description\":\"Profesion\u0101la gsm noklaus\u012b\u0161an\u0101s iek\u0101rta. Lab\u0101k\u0101 kvalit\u0101te tirg\u016b Zvan\u012b\u0161anas funkcija Darb\u012bbas laiks 20 dienas gaid\u012b\u0161anas re\u017e\u012bm\u0101 un 8 stundas akt\u012bvas darb\u012bbas.\",\"breadcrumb\":{\"@id\":\"https:\\\/\\\/izsekosanasierices.lv\\\/produkts\\\/profesionala-gsm-noklausisanas-iekarta-ar-darbibas-laiku-lidz-pat-20-dienam\\\/#breadcrumb\"},\"inLanguage\":\"et\",\"potentialAction\":[{\"@type\":\"ReadAction\",\"target\":[\"https:\\\/\\\/izsekosanasierices.lv\\\/produkts\\\/profesionala-gsm-noklausisanas-iekarta-ar-darbibas-laiku-lidz-pat-20-dienam\\\/\"]}]},{\"@type\":\"ImageObject\",\"inLanguage\":\"et\",\"@id\":\"https:\\\/\\\/izsekosanasierices.lv\\\/produkts\\\/profesionala-gsm-noklausisanas-iekarta-ar-darbibas-laiku-lidz-pat-20-dienam\\\/#primaryimage\",\"url\":\"https:\\\/\\\/izsekosanasierices.lv\\\/wp-content\\\/uploads\\\/izsekosanasierices-profesionali-pasiklausymo-iranga-gsm-blake-iki-20-paru-veikimo-laikas.jpg\",\"contentUrl\":\"https:\\\/\\\/izsekosanasierices.lv\\\/wp-content\\\/uploads\\\/izsekosanasierices-profesionali-pasiklausymo-iranga-gsm-blake-iki-20-paru-veikimo-laikas.jpg\",\"width\":800,\"height\":800,\"caption\":\"Profesionali GSM pasiklausymo \u012franga Blak\u0117 20 par\u0173 veikimo laikas\"},{\"@type\":\"BreadcrumbList\",\"@id\":\"https:\\\/\\\/izsekosanasierices.lv\\\/produkts\\\/profesionala-gsm-noklausisanas-iekarta-ar-darbibas-laiku-lidz-pat-20-dienam\\\/#breadcrumb\",\"itemListElement\":[{\"@type\":\"ListItem\",\"position\":1,\"name\":\"S\u0101kums\",\"item\":\"https:\\\/\\\/izsekosanasierices.lv\\\/\"},{\"@type\":\"ListItem\",\"position\":2,\"name\":\"Veikals\",\"item\":\"https:\\\/\\\/izsekosanasierices.lv\\\/veikals\\\/\"},{\"@type\":\"ListItem\",\"position\":3,\"name\":\"Profesion\u0101la GSM noklaus\u012b\u0161an\u0101s iek\u0101rta ar darb\u012bbas laiku l\u012bdz pat 20 dien\u0101m\"}]},{\"@type\":\"WebSite\",\"@id\":\"https:\\\/\\\/izsekosanasierices.lv\\\/#website\",\"url\":\"https:\\\/\\\/izsekosanasierices.lv\\\/\",\"name\":\"Nr1 Izseko\u0161anas ier\u012bces gps izseko\u0161anas iek\u0101rtas, klaus\u012b\u0161an\u0101s iek\u0101rtas\",\"description\":\"\",\"potentialAction\":[{\"@type\":\"SearchAction\",\"target\":{\"@type\":\"EntryPoint\",\"urlTemplate\":\"https:\\\/\\\/izsekosanasierices.lv\\\/?s={search_term_string}\"},\"query-input\":{\"@type\":\"PropertyValueSpecification\",\"valueRequired\":true,\"valueName\":\"search_term_string\"}}],\"inLanguage\":\"et\"}]}<\/script>\n<!-- \/ Yoast SEO plugin. -->","yoast_head_json":{"title":"PRO GSM noklaus\u012b\u0161an\u0101s iek\u0101rta ar darb\u012bbas laiku l\u012bdz pat 20d","description":"Profesion\u0101la gsm noklaus\u012b\u0161an\u0101s iek\u0101rta. Lab\u0101k\u0101 kvalit\u0101te tirg\u016b Zvan\u012b\u0161anas funkcija Darb\u012bbas laiks 20 dienas gaid\u012b\u0161anas re\u017e\u012bm\u0101 un 8 stundas akt\u012bvas darb\u012bbas.","robots":{"index":"index","follow":"follow","max-snippet":"max-snippet:-1","max-image-preview":"max-image-preview:large","max-video-preview":"max-video-preview:-1"},"canonical":"https:\/\/izsekosanasierices.lv\/et\/produkts\/professionaalne-mobiiltelefoni-kuulamiskaart-kuni-20-paevase-tooajaga\/","og_locale":"et_EE","og_type":"article","og_title":"Profesion\u0101ls GSM noklaus\u012b\u0161an\u0101s asmens ar 20 dienu gaid\u012b\u0161anas re\u017e\u012bmu","og_description":"Profesion\u0101ls GSM noklaus\u012b\u0161an\u0101s asmens sarunu noklaus\u012b\u0161anai. Lab\u0101k\u0101 kvalit\u0101te tirg\u016b, zvan\u012b\u0161anas funkcija, 20 dienu gaid\u012b\u0161anas laiks 8 stundas t\u0113rz\u0113t","og_url":"https:\/\/izsekosanasierices.lv\/et\/produkts\/professionaalne-mobiiltelefoni-kuulamiskaart-kuni-20-paevase-tooajaga\/","og_site_name":"Nr1 Izseko\u0161anas ier\u012bces gps izseko\u0161anas iek\u0101rtas, klaus\u012b\u0161an\u0101s iek\u0101rtas","article_modified_time":"2026-02-26T06:02:07+00:00","og_image":[{"url":"https:\/\/rvnski.dev\/sekimoiranga\/wp-content\/uploads\/izsekosanasierices.webp","type":"","width":"","height":""}],"twitter_card":"summary_large_image","twitter_title":"Profesion\u0101ls GSM noklaus\u012b\u0161an\u0101s asmens ar 20 dienu gaid\u012b\u0161anas re\u017e\u012bmu","twitter_description":"Profesion\u0101ls GSM noklaus\u012b\u0161an\u0101s asmens sarunu noklaus\u012b\u0161anai. Lab\u0101k\u0101 kvalit\u0101te tirg\u016b, zvan\u012b\u0161anas funkcija, 20 dienu gaid\u012b\u0161anas laiks 8 stundas t\u0113rz\u0113t","twitter_misc":{"Est. reading time":"3 minutit"},"schema":{"@context":"https:\/\/schema.org","@graph":[{"@type":"WebPage","@id":"https:\/\/izsekosanasierices.lv\/produkts\/profesionala-gsm-noklausisanas-iekarta-ar-darbibas-laiku-lidz-pat-20-dienam\/","url":"https:\/\/izsekosanasierices.lv\/produkts\/profesionala-gsm-noklausisanas-iekarta-ar-darbibas-laiku-lidz-pat-20-dienam\/","name":"PRO GSM noklaus\u012b\u0161an\u0101s iek\u0101rta ar darb\u012bbas laiku l\u012bdz pat 20d","isPartOf":{"@id":"https:\/\/izsekosanasierices.lv\/#website"},"primaryImageOfPage":{"@id":"https:\/\/izsekosanasierices.lv\/produkts\/profesionala-gsm-noklausisanas-iekarta-ar-darbibas-laiku-lidz-pat-20-dienam\/#primaryimage"},"image":{"@id":"https:\/\/izsekosanasierices.lv\/produkts\/profesionala-gsm-noklausisanas-iekarta-ar-darbibas-laiku-lidz-pat-20-dienam\/#primaryimage"},"thumbnailUrl":"https:\/\/izsekosanasierices.lv\/wp-content\/uploads\/izsekosanasierices-profesionali-pasiklausymo-iranga-gsm-blake-iki-20-paru-veikimo-laikas.jpg","datePublished":"2023-10-05T15:37:11+00:00","dateModified":"2026-02-26T06:02:07+00:00","description":"Profesion\u0101la gsm noklaus\u012b\u0161an\u0101s iek\u0101rta. Lab\u0101k\u0101 kvalit\u0101te tirg\u016b Zvan\u012b\u0161anas funkcija Darb\u012bbas laiks 20 dienas gaid\u012b\u0161anas re\u017e\u012bm\u0101 un 8 stundas akt\u012bvas darb\u012bbas.","breadcrumb":{"@id":"https:\/\/izsekosanasierices.lv\/produkts\/profesionala-gsm-noklausisanas-iekarta-ar-darbibas-laiku-lidz-pat-20-dienam\/#breadcrumb"},"inLanguage":"et","potentialAction":[{"@type":"ReadAction","target":["https:\/\/izsekosanasierices.lv\/produkts\/profesionala-gsm-noklausisanas-iekarta-ar-darbibas-laiku-lidz-pat-20-dienam\/"]}]},{"@type":"ImageObject","inLanguage":"et","@id":"https:\/\/izsekosanasierices.lv\/produkts\/profesionala-gsm-noklausisanas-iekarta-ar-darbibas-laiku-lidz-pat-20-dienam\/#primaryimage","url":"https:\/\/izsekosanasierices.lv\/wp-content\/uploads\/izsekosanasierices-profesionali-pasiklausymo-iranga-gsm-blake-iki-20-paru-veikimo-laikas.jpg","contentUrl":"https:\/\/izsekosanasierices.lv\/wp-content\/uploads\/izsekosanasierices-profesionali-pasiklausymo-iranga-gsm-blake-iki-20-paru-veikimo-laikas.jpg","width":800,"height":800,"caption":"Profesionali GSM pasiklausymo \u012franga Blak\u0117 20 par\u0173 veikimo laikas"},{"@type":"BreadcrumbList","@id":"https:\/\/izsekosanasierices.lv\/produkts\/profesionala-gsm-noklausisanas-iekarta-ar-darbibas-laiku-lidz-pat-20-dienam\/#breadcrumb","itemListElement":[{"@type":"ListItem","position":1,"name":"S\u0101kums","item":"https:\/\/izsekosanasierices.lv\/"},{"@type":"ListItem","position":2,"name":"Veikals","item":"https:\/\/izsekosanasierices.lv\/veikals\/"},{"@type":"ListItem","position":3,"name":"Profesion\u0101la GSM noklaus\u012b\u0161an\u0101s iek\u0101rta ar darb\u012bbas laiku l\u012bdz pat 20 dien\u0101m"}]},{"@type":"WebSite","@id":"https:\/\/izsekosanasierices.lv\/#website","url":"https:\/\/izsekosanasierices.lv\/","name":"Nr1 Izseko\u0161anas ier\u012bces gps izseko\u0161anas iek\u0101rtas, klaus\u012b\u0161an\u0101s iek\u0101rtas","description":"","potentialAction":[{"@type":"SearchAction","target":{"@type":"EntryPoint","urlTemplate":"https:\/\/izsekosanasierices.lv\/?s={search_term_string}"},"query-input":{"@type":"PropertyValueSpecification","valueRequired":true,"valueName":"search_term_string"}}],"inLanguage":"et"}]}},"_links":{"self":[{"href":"https:\/\/izsekosanasierices.lv\/et\/wp-json\/wp\/v2\/product\/1225","targetHints":{"allow":["GET"]}}],"collection":[{"href":"https:\/\/izsekosanasierices.lv\/et\/wp-json\/wp\/v2\/product"}],"about":[{"href":"https:\/\/izsekosanasierices.lv\/et\/wp-json\/wp\/v2\/types\/product"}],"wp:featuredmedia":[{"embeddable":true,"href":"https:\/\/izsekosanasierices.lv\/et\/wp-json\/wp\/v2\/media\/1465"}],"wp:attachment":[{"href":"https:\/\/izsekosanasierices.lv\/et\/wp-json\/wp\/v2\/media?parent=1225"}],"wp:term":[{"taxonomy":"product_brand","embeddable":true,"href":"https:\/\/izsekosanasierices.lv\/et\/wp-json\/wp\/v2\/product_brand?post=1225"},{"taxonomy":"product_cat","embeddable":true,"href":"https:\/\/izsekosanasierices.lv\/et\/wp-json\/wp\/v2\/product_cat?post=1225"},{"taxonomy":"product_tag","embeddable":true,"href":"https:\/\/izsekosanasierices.lv\/et\/wp-json\/wp\/v2\/product_tag?post=1225"}],"curies":[{"name":"wp","href":"https:\/\/api.w.org\/{rel}","templated":true}]}}