{"id":1227,"date":"2023-10-05T15:37:11","date_gmt":"2023-10-05T15:37:11","guid":{"rendered":"https:\/\/izsekosanasierices.lv\/produktas\/profesionali-gsm-pasiklausymo-iranga-apie-60-paru-budincia-baterija-ilgiausias-veikimo-laikas\/"},"modified":"2026-04-21T17:20:06","modified_gmt":"2026-04-21T14:20:06","slug":"profesionala-gsm-noklausisanas-iekarta-ar-visilgako-akumulatora-darbibas-laiku-lidz-pat-60-dienam","status":"publish","type":"product","link":"https:\/\/izsekosanasierices.lv\/et\/produkts\/professionaalne-mobiiltelefoni-kuulamiskaart-mille-aku-kestab-koige-kauem-kuni-60-paeva\/","title":{"rendered":"Professionaalne GSM pealtkuulamise seade, mille aku kestab k\u00f5ige kauem - kuni 60 p\u00e4eva."},"content":{"rendered":"<h3><strong>Tehnilised parameetrid:<\/strong><\/h3>\n<ul>\n<li>Sagedused: neli, saadaval kogu maailmas (850 MHz \/ 900M Hz \/ 1800 MHz \/ 1900 MHz)<\/li>\n<li>Heliedastus: aktiivne GSM<\/li>\n<li>Mikrofon: k\u00f5rge kvaliteet; selge heli<\/li>\n<li>Aku: sisemine (liitium-ioon)<\/li>\n<li>Aku kestvus: 55 - 75 p\u00e4eva<\/li>\n<li>Aku kestvus kuulamise ajal: 23-26 tundi<\/li>\n<li>Seadme m\u00f5\u00f5tmed: 52 mm x 32 mm x 16 mm<\/li>\n<li><strong>Garantii 12 kuud<\/strong><\/li>\n<\/ul>\n<p>Kasutage enda ja oma laste ohutuse tagamiseks.<\/p>\n<p><span style=\"color: #ff0000;\"><strong>Vajad kiiret sama p\u00e4eva (ja n\u00e4dalavahetuse) kohaletoimetamist? Helistage +371-20484176<\/strong><\/span><\/p>\n<p><strong>Sisaldab:<\/strong><\/p>\n<ul>\n<li>kuulamise seade;<\/li>\n<li>seadme laadija;<\/li>\n<li>USB-kaabel;<\/li>\n<li>juhised<\/li>\n<\/ul>\n<p>GSM-mobiilkuulamise seade, mis sobib eriti h\u00e4sti, kui on vaja kvaliteetset heli\u00fclekannet. Seade ei vaja t\u00f6\u00f6ks elektripistikut, kuna kasutab sisemise aku energiat, mis kestab 51-70 p\u00e4eva (ootere\u017eiimil).<\/p>\n<p>See on mobiilne seade ja vajab mobiilse SIM-kaardi olemasolu. Selleks, et kuulata, mis toimub seadme \u00fcmbruses, tuleb helistada kaardile m\u00e4\u00e4ratud telefoninumbrile. Mugav h\u00e4irefunktsioon v\u00f5imaldab teil alustada pealtkuulamist, kui tuvastatakse m\u00fcra (valides h\u00e4irefunktsiooni, saadab pealtkuulamisseade mobiilisignaali konkreetsele numbrile, kui ta tuvastab ruumis heli).<\/p>","protected":false},"excerpt":{"rendered":"<p>Professionaalne GSM pealtkuulamise seade (blak\u0117) T\u00f6\u00f6aeg kuni 60 p\u00e4eva. Suurep\u00e4rane helikvaliteet, tagasisidefunktsioon. K\u00f5rgeima kvaliteediga j\u00e4lgimisseade<\/p>","protected":false},"featured_media":1471,"template":"","meta":[],"product_brand":[],"product_cat":[336,335,337],"product_tag":[62,425,338,339,340,341],"class_list":{"0":"post-1227","1":"product","2":"type-product","3":"status-publish","4":"has-post-thumbnail","6":"product_cat-gsm-noklausisanas-iekartas-blakes","7":"product_cat-noklausisanas-ierices","8":"product_cat-profesionals-noklausisanas-aprikojums","9":"product_tag-gsm-blake","10":"product_tag-mni-noklausisanas-blusa","11":"product_tag-noklausisanas-iekartas","12":"product_tag-noklausisanas-kluda","13":"product_tag-profesionalas-noklausisanas-iekartas","14":"product_tag-sarunu-noklausisanas","16":"first","17":"instock","18":"sale","19":"taxable","20":"shipping-taxable","21":"purchasable","22":"product-type-simple"},"yoast_head":"<!-- This site is optimized with the Yoast SEO plugin v27.5 - https:\/\/yoast.com\/product\/yoast-seo-wordpress\/ -->\n<title>GSM noklaus\u012b\u0161an\u0101s iek\u0101rta ar visilg\u0101ko akumulatora darb\u012bbas 60d.<\/title>\n<meta name=\"description\" content=\"Profesion\u0101la gsm noklaus\u012b\u0161an\u0101s iek\u0101rta blake Darb\u012bbas laiks l\u012bdz 60d Lieliska ska\u0146as kvalit\u0101te, atzvana funkcija Augst\u0101k\u0101s kvalit\u0101tes izseko\u0161anas apr\u012bkojums\" \/>\n<meta name=\"robots\" content=\"index, follow, max-snippet:-1, max-image-preview:large, max-video-preview:-1\" \/>\n<link rel=\"canonical\" href=\"https:\/\/izsekosanasierices.lv\/et\/produkts\/professionaalne-mobiiltelefoni-kuulamiskaart-mille-aku-kestab-koige-kauem-kuni-60-paeva\/\" \/>\n<meta property=\"og:locale\" content=\"et_EE\" \/>\n<meta property=\"og:type\" content=\"article\" \/>\n<meta property=\"og:title\" content=\"Nr. 1 profesion\u0101la GSM noklaus\u012b\u0161an\u0101s iek\u0101rta ar 60 dienu akumulatora darb\u012bbas laiku\" \/>\n<meta property=\"og:description\" content=\"Profesion\u0101la GSM noklaus\u012b\u0161an\u0101s iek\u0101rta (blak\u0117) Darb\u012bbas laiks l\u012bdz 60 dien\u0101m. Lieliska ska\u0146as kvalit\u0101te, atgriezenisk\u0101 zvana funkcija. Augst\u0101k\u0101s kvalit\u0101tes izseko\u0161anas apr\u012bkojums\" \/>\n<meta property=\"og:url\" content=\"https:\/\/izsekosanasierices.lv\/et\/produkts\/professionaalne-mobiiltelefoni-kuulamiskaart-mille-aku-kestab-koige-kauem-kuni-60-paeva\/\" \/>\n<meta property=\"og:site_name\" content=\"Nr1 Izseko\u0161anas ier\u012bces gps izseko\u0161anas iek\u0101rtas, klaus\u012b\u0161an\u0101s iek\u0101rtas\" \/>\n<meta property=\"article:modified_time\" content=\"2026-04-21T14:20:06+00:00\" \/>\n<meta property=\"og:image\" content=\"https:\/\/rvnski.dev\/sekimoiranga\/wp-content\/uploads\/izsekosanasierices.webp\" \/>\n<meta name=\"twitter:card\" content=\"summary_large_image\" \/>\n<meta name=\"twitter:title\" content=\"Nr. 1 profesion\u0101la GSM noklaus\u012b\u0161an\u0101s iek\u0101rta ar 60 dienu akumulatora darb\u012bbas laiku\" \/>\n<meta name=\"twitter:description\" content=\"Profesion\u0101la GSM noklaus\u012b\u0161an\u0101s iek\u0101rta (blak\u0117) Darb\u012bbas laiks l\u012bdz 60 dien\u0101m. Lieliska ska\u0146as kvalit\u0101te, atgriezenisk\u0101 zvana funkcija. Augst\u0101k\u0101s kvalit\u0101tes izseko\u0161anas apr\u012bkojums\" \/>\n<meta name=\"twitter:label1\" content=\"Est. reading time\" \/>\n\t<meta name=\"twitter:data1\" content=\"2 minutit\" \/>\n<script type=\"application\/ld+json\" class=\"yoast-schema-graph\">{\"@context\":\"https:\\\/\\\/schema.org\",\"@graph\":[{\"@type\":\"WebPage\",\"@id\":\"https:\\\/\\\/izsekosanasierices.lv\\\/produkts\\\/profesionala-gsm-noklausisanas-iekarta-ar-visilgako-akumulatora-darbibas-laiku-lidz-pat-60-dienam\\\/\",\"url\":\"https:\\\/\\\/izsekosanasierices.lv\\\/produkts\\\/profesionala-gsm-noklausisanas-iekarta-ar-visilgako-akumulatora-darbibas-laiku-lidz-pat-60-dienam\\\/\",\"name\":\"GSM noklaus\u012b\u0161an\u0101s iek\u0101rta ar visilg\u0101ko akumulatora darb\u012bbas 60d.\",\"isPartOf\":{\"@id\":\"https:\\\/\\\/izsekosanasierices.lv\\\/#website\"},\"primaryImageOfPage\":{\"@id\":\"https:\\\/\\\/izsekosanasierices.lv\\\/produkts\\\/profesionala-gsm-noklausisanas-iekarta-ar-visilgako-akumulatora-darbibas-laiku-lidz-pat-60-dienam\\\/#primaryimage\"},\"image\":{\"@id\":\"https:\\\/\\\/izsekosanasierices.lv\\\/produkts\\\/profesionala-gsm-noklausisanas-iekarta-ar-visilgako-akumulatora-darbibas-laiku-lidz-pat-60-dienam\\\/#primaryimage\"},\"thumbnailUrl\":\"https:\\\/\\\/izsekosanasierices.lv\\\/wp-content\\\/uploads\\\/izsekosanasierices-profesionali-gsm-pasiklausymo-iranga-apie-60-paru-budincia-baterija-ilgiausias-veikimo-laikas.jpg\",\"datePublished\":\"2023-10-05T15:37:11+00:00\",\"dateModified\":\"2026-04-21T14:20:06+00:00\",\"description\":\"Profesion\u0101la gsm noklaus\u012b\u0161an\u0101s iek\u0101rta blake Darb\u012bbas laiks l\u012bdz 60d Lieliska ska\u0146as kvalit\u0101te, atzvana funkcija Augst\u0101k\u0101s kvalit\u0101tes izseko\u0161anas apr\u012bkojums\",\"breadcrumb\":{\"@id\":\"https:\\\/\\\/izsekosanasierices.lv\\\/produkts\\\/profesionala-gsm-noklausisanas-iekarta-ar-visilgako-akumulatora-darbibas-laiku-lidz-pat-60-dienam\\\/#breadcrumb\"},\"inLanguage\":\"et\",\"potentialAction\":[{\"@type\":\"ReadAction\",\"target\":[\"https:\\\/\\\/izsekosanasierices.lv\\\/produkts\\\/profesionala-gsm-noklausisanas-iekarta-ar-visilgako-akumulatora-darbibas-laiku-lidz-pat-60-dienam\\\/\"]}]},{\"@type\":\"ImageObject\",\"inLanguage\":\"et\",\"@id\":\"https:\\\/\\\/izsekosanasierices.lv\\\/produkts\\\/profesionala-gsm-noklausisanas-iekarta-ar-visilgako-akumulatora-darbibas-laiku-lidz-pat-60-dienam\\\/#primaryimage\",\"url\":\"https:\\\/\\\/izsekosanasierices.lv\\\/wp-content\\\/uploads\\\/izsekosanasierices-profesionali-gsm-pasiklausymo-iranga-apie-60-paru-budincia-baterija-ilgiausias-veikimo-laikas.jpg\",\"contentUrl\":\"https:\\\/\\\/izsekosanasierices.lv\\\/wp-content\\\/uploads\\\/izsekosanasierices-profesionali-gsm-pasiklausymo-iranga-apie-60-paru-budincia-baterija-ilgiausias-veikimo-laikas.jpg\",\"width\":490,\"height\":338,\"caption\":\"Profesionali GSM pasiklausymo blak\u0117 60 par\u0173 veikimo laikas\"},{\"@type\":\"BreadcrumbList\",\"@id\":\"https:\\\/\\\/izsekosanasierices.lv\\\/produkts\\\/profesionala-gsm-noklausisanas-iekarta-ar-visilgako-akumulatora-darbibas-laiku-lidz-pat-60-dienam\\\/#breadcrumb\",\"itemListElement\":[{\"@type\":\"ListItem\",\"position\":1,\"name\":\"S\u0101kums\",\"item\":\"https:\\\/\\\/izsekosanasierices.lv\\\/\"},{\"@type\":\"ListItem\",\"position\":2,\"name\":\"Veikals\",\"item\":\"https:\\\/\\\/izsekosanasierices.lv\\\/veikals\\\/\"},{\"@type\":\"ListItem\",\"position\":3,\"name\":\"Profesion\u0101la GSM noklaus\u012b\u0161an\u0101s iek\u0101rta ar visilg\u0101ko akumulatora darb\u012bbas laiku \u2013 l\u012bdz pat 60 dien\u0101m\"}]},{\"@type\":\"WebSite\",\"@id\":\"https:\\\/\\\/izsekosanasierices.lv\\\/#website\",\"url\":\"https:\\\/\\\/izsekosanasierices.lv\\\/\",\"name\":\"Nr1 Izseko\u0161anas ier\u012bces gps izseko\u0161anas iek\u0101rtas, klaus\u012b\u0161an\u0101s iek\u0101rtas\",\"description\":\"\",\"potentialAction\":[{\"@type\":\"SearchAction\",\"target\":{\"@type\":\"EntryPoint\",\"urlTemplate\":\"https:\\\/\\\/izsekosanasierices.lv\\\/?s={search_term_string}\"},\"query-input\":{\"@type\":\"PropertyValueSpecification\",\"valueRequired\":true,\"valueName\":\"search_term_string\"}}],\"inLanguage\":\"et\"}]}<\/script>\n<!-- \/ Yoast SEO plugin. -->","yoast_head_json":{"title":"GSM noklaus\u012b\u0161an\u0101s iek\u0101rta ar visilg\u0101ko akumulatora darb\u012bbas 60d.","description":"Profesion\u0101la gsm noklaus\u012b\u0161an\u0101s iek\u0101rta blake Darb\u012bbas laiks l\u012bdz 60d Lieliska ska\u0146as kvalit\u0101te, atzvana funkcija Augst\u0101k\u0101s kvalit\u0101tes izseko\u0161anas apr\u012bkojums","robots":{"index":"index","follow":"follow","max-snippet":"max-snippet:-1","max-image-preview":"max-image-preview:large","max-video-preview":"max-video-preview:-1"},"canonical":"https:\/\/izsekosanasierices.lv\/et\/produkts\/professionaalne-mobiiltelefoni-kuulamiskaart-mille-aku-kestab-koige-kauem-kuni-60-paeva\/","og_locale":"et_EE","og_type":"article","og_title":"Nr. 1 profesion\u0101la GSM noklaus\u012b\u0161an\u0101s iek\u0101rta ar 60 dienu akumulatora darb\u012bbas laiku","og_description":"Profesion\u0101la GSM noklaus\u012b\u0161an\u0101s iek\u0101rta (blak\u0117) Darb\u012bbas laiks l\u012bdz 60 dien\u0101m. Lieliska ska\u0146as kvalit\u0101te, atgriezenisk\u0101 zvana funkcija. Augst\u0101k\u0101s kvalit\u0101tes izseko\u0161anas apr\u012bkojums","og_url":"https:\/\/izsekosanasierices.lv\/et\/produkts\/professionaalne-mobiiltelefoni-kuulamiskaart-mille-aku-kestab-koige-kauem-kuni-60-paeva\/","og_site_name":"Nr1 Izseko\u0161anas ier\u012bces gps izseko\u0161anas iek\u0101rtas, klaus\u012b\u0161an\u0101s iek\u0101rtas","article_modified_time":"2026-04-21T14:20:06+00:00","og_image":[{"url":"https:\/\/rvnski.dev\/sekimoiranga\/wp-content\/uploads\/izsekosanasierices.webp","type":"","width":"","height":""}],"twitter_card":"summary_large_image","twitter_title":"Nr. 1 profesion\u0101la GSM noklaus\u012b\u0161an\u0101s iek\u0101rta ar 60 dienu akumulatora darb\u012bbas laiku","twitter_description":"Profesion\u0101la GSM noklaus\u012b\u0161an\u0101s iek\u0101rta (blak\u0117) Darb\u012bbas laiks l\u012bdz 60 dien\u0101m. Lieliska ska\u0146as kvalit\u0101te, atgriezenisk\u0101 zvana funkcija. Augst\u0101k\u0101s kvalit\u0101tes izseko\u0161anas apr\u012bkojums","twitter_misc":{"Est. reading time":"2 minutit"},"schema":{"@context":"https:\/\/schema.org","@graph":[{"@type":"WebPage","@id":"https:\/\/izsekosanasierices.lv\/produkts\/profesionala-gsm-noklausisanas-iekarta-ar-visilgako-akumulatora-darbibas-laiku-lidz-pat-60-dienam\/","url":"https:\/\/izsekosanasierices.lv\/produkts\/profesionala-gsm-noklausisanas-iekarta-ar-visilgako-akumulatora-darbibas-laiku-lidz-pat-60-dienam\/","name":"GSM noklaus\u012b\u0161an\u0101s iek\u0101rta ar visilg\u0101ko akumulatora darb\u012bbas 60d.","isPartOf":{"@id":"https:\/\/izsekosanasierices.lv\/#website"},"primaryImageOfPage":{"@id":"https:\/\/izsekosanasierices.lv\/produkts\/profesionala-gsm-noklausisanas-iekarta-ar-visilgako-akumulatora-darbibas-laiku-lidz-pat-60-dienam\/#primaryimage"},"image":{"@id":"https:\/\/izsekosanasierices.lv\/produkts\/profesionala-gsm-noklausisanas-iekarta-ar-visilgako-akumulatora-darbibas-laiku-lidz-pat-60-dienam\/#primaryimage"},"thumbnailUrl":"https:\/\/izsekosanasierices.lv\/wp-content\/uploads\/izsekosanasierices-profesionali-gsm-pasiklausymo-iranga-apie-60-paru-budincia-baterija-ilgiausias-veikimo-laikas.jpg","datePublished":"2023-10-05T15:37:11+00:00","dateModified":"2026-04-21T14:20:06+00:00","description":"Profesion\u0101la gsm noklaus\u012b\u0161an\u0101s iek\u0101rta blake Darb\u012bbas laiks l\u012bdz 60d Lieliska ska\u0146as kvalit\u0101te, atzvana funkcija Augst\u0101k\u0101s kvalit\u0101tes izseko\u0161anas apr\u012bkojums","breadcrumb":{"@id":"https:\/\/izsekosanasierices.lv\/produkts\/profesionala-gsm-noklausisanas-iekarta-ar-visilgako-akumulatora-darbibas-laiku-lidz-pat-60-dienam\/#breadcrumb"},"inLanguage":"et","potentialAction":[{"@type":"ReadAction","target":["https:\/\/izsekosanasierices.lv\/produkts\/profesionala-gsm-noklausisanas-iekarta-ar-visilgako-akumulatora-darbibas-laiku-lidz-pat-60-dienam\/"]}]},{"@type":"ImageObject","inLanguage":"et","@id":"https:\/\/izsekosanasierices.lv\/produkts\/profesionala-gsm-noklausisanas-iekarta-ar-visilgako-akumulatora-darbibas-laiku-lidz-pat-60-dienam\/#primaryimage","url":"https:\/\/izsekosanasierices.lv\/wp-content\/uploads\/izsekosanasierices-profesionali-gsm-pasiklausymo-iranga-apie-60-paru-budincia-baterija-ilgiausias-veikimo-laikas.jpg","contentUrl":"https:\/\/izsekosanasierices.lv\/wp-content\/uploads\/izsekosanasierices-profesionali-gsm-pasiklausymo-iranga-apie-60-paru-budincia-baterija-ilgiausias-veikimo-laikas.jpg","width":490,"height":338,"caption":"Profesionali GSM pasiklausymo blak\u0117 60 par\u0173 veikimo laikas"},{"@type":"BreadcrumbList","@id":"https:\/\/izsekosanasierices.lv\/produkts\/profesionala-gsm-noklausisanas-iekarta-ar-visilgako-akumulatora-darbibas-laiku-lidz-pat-60-dienam\/#breadcrumb","itemListElement":[{"@type":"ListItem","position":1,"name":"S\u0101kums","item":"https:\/\/izsekosanasierices.lv\/"},{"@type":"ListItem","position":2,"name":"Veikals","item":"https:\/\/izsekosanasierices.lv\/veikals\/"},{"@type":"ListItem","position":3,"name":"Profesion\u0101la GSM noklaus\u012b\u0161an\u0101s iek\u0101rta ar visilg\u0101ko akumulatora darb\u012bbas laiku \u2013 l\u012bdz pat 60 dien\u0101m"}]},{"@type":"WebSite","@id":"https:\/\/izsekosanasierices.lv\/#website","url":"https:\/\/izsekosanasierices.lv\/","name":"Nr1 Izseko\u0161anas ier\u012bces gps izseko\u0161anas iek\u0101rtas, klaus\u012b\u0161an\u0101s iek\u0101rtas","description":"","potentialAction":[{"@type":"SearchAction","target":{"@type":"EntryPoint","urlTemplate":"https:\/\/izsekosanasierices.lv\/?s={search_term_string}"},"query-input":{"@type":"PropertyValueSpecification","valueRequired":true,"valueName":"search_term_string"}}],"inLanguage":"et"}]}},"_links":{"self":[{"href":"https:\/\/izsekosanasierices.lv\/et\/wp-json\/wp\/v2\/product\/1227","targetHints":{"allow":["GET"]}}],"collection":[{"href":"https:\/\/izsekosanasierices.lv\/et\/wp-json\/wp\/v2\/product"}],"about":[{"href":"https:\/\/izsekosanasierices.lv\/et\/wp-json\/wp\/v2\/types\/product"}],"wp:featuredmedia":[{"embeddable":true,"href":"https:\/\/izsekosanasierices.lv\/et\/wp-json\/wp\/v2\/media\/1471"}],"wp:attachment":[{"href":"https:\/\/izsekosanasierices.lv\/et\/wp-json\/wp\/v2\/media?parent=1227"}],"wp:term":[{"taxonomy":"product_brand","embeddable":true,"href":"https:\/\/izsekosanasierices.lv\/et\/wp-json\/wp\/v2\/product_brand?post=1227"},{"taxonomy":"product_cat","embeddable":true,"href":"https:\/\/izsekosanasierices.lv\/et\/wp-json\/wp\/v2\/product_cat?post=1227"},{"taxonomy":"product_tag","embeddable":true,"href":"https:\/\/izsekosanasierices.lv\/et\/wp-json\/wp\/v2\/product_tag?post=1227"}],"curies":[{"name":"wp","href":"https:\/\/api.w.org\/{rel}","templated":true}]}}