{"id":1228,"date":"2023-10-05T15:37:11","date_gmt":"2023-10-05T15:37:11","guid":{"rendered":"https:\/\/izsekosanasierices.lv\/produktas\/profesionali-pasiklausymo-iranga-su-labai-ilgu-baterijos-budejimo-laiku\/"},"modified":"2025-11-19T16:22:01","modified_gmt":"2025-11-19T14:22:01","slug":"profesionala-noklausisanas-iekarta-ar-loti-ilgu-akumulatora-darbibas-laiku-gaidisanas-rezima","status":"publish","type":"product","link":"https:\/\/izsekosanasierices.lv\/et\/produkts\/professionaalne-kuulamiskaart-vaga-pika-aku-kestusega-ootereziimis\/","title":{"rendered":"Professionaalne kuuldeaparaat eriti pika ootere\u017eiimiga aku elueaga"},"content":{"rendered":"<h3><strong>Tehnilised parameetrid:<\/strong><\/h3>\n<ul>\n<li>Seade v\u00f5ib t\u00f6\u00f6tada 4 sagedusel: 850 MHz \/ 900M Hz \/ 1800 MHz \/ 1900 MHz.<\/li>\n<li>Heliedastus GSM-i kaudu<\/li>\n<li>Aku: v\u00e4line (Li-ion, 9000 mAh)<\/li>\n<li>Ootere\u017eiim: 125 - 187 p\u00e4eva<\/li>\n<li>T\u00f6\u00f6aeg kordusvalimisre\u017eiimis: umbes 12 p\u00e4eva<\/li>\n<li>Pidev kuulamisaeg: 70 tundi<\/li>\n<li>Mikrofon: kvaliteetne, selge heli (\u00fcle 5 meetri)<\/li>\n<li>M\u00f5\u00f5tmed: 45 mm x 29 mm x 3 mm (ilma patareita)<\/li>\n<li>Kaal 6 g (ilma patareita)<\/li>\n<li><strong>Garantii 12 kuud<\/strong><\/li>\n<\/ul>\n<p><strong>\u00a0<\/strong><\/p>\n<p><span style=\"color: #ff0000;\"><strong>Vajad kiiret sama p\u00e4eva (ja n\u00e4dalavahetuse) kohaletoimetamist? Helistage <\/strong><strong>+<\/strong><strong>37120484176<\/strong><\/span><\/p>\n<p>Kasutamine: teie ohutuse tagamiseks, laste ohutuse tagamiseks.<\/p>\n<p><strong>Sisaldab:<\/strong><\/p>\n<ul>\n<li>GSM-kuulamise seade;<\/li>\n<li>aku;<\/li>\n<li>aku kaabel;<\/li>\n<li>USB-kaabel.<\/li>\n<\/ul>\n<p>Selle kuulerseadme aku kestab mitu korda kauem kui sarnastel seadmetel, mist\u00f5ttu sobib see ideaalselt kasutamiseks piirkondades, kus puudub juurdep\u00e4\u00e4s vooluv\u00f5rgule (kuulerseadme aku kestab ootere\u017eiimis umbes 180 p\u00e4eva). \u00dclimalt selge ja kvaliteetne heli v\u00f5imaldab teil kuulda k\u00f5ike, mis ruumis toimub, ning GSM-mobiilside toimimine tagab, et saate kuulda ka v\u00e4lismaal olles (rahvusvaheliseks kasutamiseks on ette n\u00e4htud lai sagedusvahemik). See kuulamise seade n\u00f5uab SIM-kaardi sisestamist. Helistades kaardiga seotud numbrile, saate mobiiltelefoni kaudu kuulda, mis toimub seadme l\u00e4heduses. Kui valite heli tuvastamise re\u017eiimi, ei pea te iga kord kontrollima, kas olete midagi vahele j\u00e4tnud, sest kuulamisseade teavitab teid, kui ta tuvastab heli, helistades teie poolt antud numbrile.<\/p>\n<p><strong>\u00a0<\/strong><\/p>\n<p><strong>Professionaalsed pealtkuulamisseadmed eriti pika aku kestvusega<\/strong><\/p>\n<p>Pealtkuulamisseadmeid kasutatakse tavaliselt teatavate isikute (nt alaealiste laste) aususe kontrollimiseks: seda ei ole alati lihtne teha ilma pealtkuulamis- v\u00f5i filmimisseadmeteta. See pika aku kestvusega professionaalne pealtkuulamisseade v\u00f5ib olla t\u00f5esti hea lahendus, sest aku v\u00f5ib ootere\u017eiimil t\u00f6\u00f6tada kuni 180 p\u00e4eva. V\u00f5rreldes teiste pealtkuulamisseadmetega on selle seadme aku kestvus v\u00e4ga pikk, mis annab v\u00f5imaluse saada palju kasulikku teavet.<\/p>\n<p>Professionaalsed kuulamisseadmed pakuvad kvaliteetset heli, nii et v\u00f5ite olla kindel, et kuulete k\u00f5ike \u00f5igesti. Seadmeid on v\u00e4ga lihtne ja kerge kasutada: teil on vaja vaid sisestada SIM-kaart koos unikaalse telefoninumbriga. Pealtkuulamiseks peate sellele numbrile helistama. Pealtkuulamisseadet saab kasutada mitte ainult L\u00e4tis, vaid ka v\u00e4ljaspool riiki - kui j\u00e4lgitav isik lahkub riigist, saate te ikkagi kuulata vestlusi ja muid helisid pealtkuulamisseadme \u00fcmbruses.<\/p>\n<p>&nbsp;<\/p>\n<p>Aku kestvus s\u00f5ltub alati sellest, millises re\u017eiimis kuulamise seadet kasutatakse. Kui seda kasutatakse pidevalt, t\u00fchjeneb aku loomulikult palju kiiremini kui siis, kui valite heli tuvastamise funktsiooni v\u00f5i ootere\u017eiimi. Heli tuvastamise funktsioon tagab, et kui kuulamisseade tuvastab helisid, tehakse k\u00f5ne teie mobiiltelefonile ja te saate kuulata vestlusi ja seda, mis toimub paigaldatud seadme \u00fcmber. See kaotab vajaduse pidevalt helistada kuulamisseadmele ja kaotab hirmu, et j\u00e4\u00e4te t\u00e4htsast k\u00f5nest ilma. Kui valite aku kestvuse kordusvalimisre\u017eiimi, saate kuulamisseadet kasutada umbes 12 p\u00e4eva (s\u00f5ltuvalt sellest, kui tihti heli tuvastatakse ja kui kaua te k\u00f5nesid kuulate). Pidevas kuulamisre\u017eiimis on aku kestvus umbes 70 tundi.<\/p>\n<p>&nbsp;<\/p>\n<p>Sisaldab GSM-kuulamise seadet, akut ja aku laadimiskaablit. Seade on v\u00e4ga v\u00e4ike ja kerge, nii et seda saab h\u00f5lpsasti kinnitada.<\/p>","protected":false},"excerpt":{"rendered":"<p>Professionaalsed kuulamisseadmed. Lihtsalt peidetav pealtkuulamisseade. Aku kestvus ootere\u017eiimis on ligikaudu 170 p\u00e4eva.<\/p>","protected":false},"featured_media":1476,"template":"","meta":[],"product_brand":[],"product_cat":[336,335,337],"product_tag":[426,427,62,338,339,340,341,428],"class_list":{"0":"post-1228","1":"product","2":"type-product","3":"status-publish","4":"has-post-thumbnail","6":"product_cat-gsm-noklausisanas-iekartas-blakes","7":"product_cat-noklausisanas-ierices","8":"product_cat-profesionals-noklausisanas-aprikojums","9":"product_tag-auto-noklausisanas-blake","10":"product_tag-automasinas-noklausisanas-fob","11":"product_tag-gsm-blake","12":"product_tag-noklausisanas-iekartas","13":"product_tag-noklausisanas-kluda","14":"product_tag-profesionalas-noklausisanas-iekartas","15":"product_tag-sarunu-noklausisanas","16":"product_tag-slepta-noklausisanas-kluda","18":"first","19":"instock","20":"taxable","21":"shipping-taxable","22":"purchasable","23":"product-type-simple"},"yoast_head":"<!-- This site is optimized with the Yoast SEO plugin v27.5 - https:\/\/yoast.com\/product\/yoast-seo-wordpress\/ -->\n<title>Noklaus\u012b\u0161an\u0101s ier\u012bce ar ilgu akum darb\u012bbas laiku gaid\u012b\u0161anas re\u017e\u012bm\u0101<\/title>\n<meta name=\"description\" content=\"Profesion\u0101ls noklaus\u012b\u0161an\u0101s apr\u012bkojums. Viegli nosl\u0113pjama noklaus\u012b\u0161an\u0101s ier\u012bce. Akumulatora darb\u012bbas laiks gaid\u012b\u0161anas re\u017e\u012bm\u0101 ir aptuveni 170 dienas.\" \/>\n<meta name=\"robots\" content=\"index, follow, max-snippet:-1, max-image-preview:large, max-video-preview:-1\" \/>\n<link rel=\"canonical\" href=\"https:\/\/izsekosanasierices.lv\/et\/produkts\/professionaalne-kuulamiskaart-vaga-pika-aku-kestusega-ootereziimis\/\" \/>\n<meta property=\"og:locale\" content=\"et_EE\" \/>\n<meta property=\"og:type\" content=\"article\" \/>\n<meta property=\"og:title\" content=\"Visilg\u0101k kalpojo\u0161ais noklaus\u012b\u0161an\u0101s apr\u012bkojums GSM noklaus\u012b\u0161an\u0101s blasteris l\u012bdz pat 170 dien\u0101m.\" \/>\n<meta property=\"og:description\" content=\"Profesion\u0101ls noklaus\u012b\u0161an\u0101s apr\u012bkojums, noklaus\u012b\u0161an\u0101s asmens, viegli nosl\u0113pjams. Ilgais akumulatora darb\u012bbas laiks nodro\u0161ina aptuveni 170 lieto\u0161anas dienas. Zvaniet uz\" \/>\n<meta property=\"og:url\" content=\"https:\/\/izsekosanasierices.lv\/et\/produkts\/professionaalne-kuulamiskaart-vaga-pika-aku-kestusega-ootereziimis\/\" \/>\n<meta property=\"og:site_name\" content=\"Nr1 Izseko\u0161anas ier\u012bces gps izseko\u0161anas iek\u0101rtas, klaus\u012b\u0161an\u0101s iek\u0101rtas\" \/>\n<meta property=\"article:modified_time\" content=\"2025-11-19T14:22:01+00:00\" \/>\n<meta property=\"og:image\" content=\"https:\/\/rvnski.dev\/sekimoiranga\/wp-content\/uploads\/izsekosanasierices.webp\" \/>\n<meta name=\"twitter:card\" content=\"summary_large_image\" \/>\n<meta name=\"twitter:title\" content=\"Visilg\u0101k kalpojo\u0161ais noklaus\u012b\u0161an\u0101s apr\u012bkojums GSM noklaus\u012b\u0161an\u0101s blasteris l\u012bdz pat 170 dien\u0101m.\" \/>\n<meta name=\"twitter:description\" content=\"Profesion\u0101ls noklaus\u012b\u0161an\u0101s apr\u012bkojums, noklaus\u012b\u0161an\u0101s asmens, viegli nosl\u0113pjams. Ilgais akumulatora darb\u012bbas laiks nodro\u0161ina aptuveni 170 lieto\u0161anas dienas. Zvaniet uz\" \/>\n<meta name=\"twitter:label1\" content=\"Est. reading time\" \/>\n\t<meta name=\"twitter:data1\" content=\"4 minutit\" \/>\n<script type=\"application\/ld+json\" class=\"yoast-schema-graph\">{\"@context\":\"https:\\\/\\\/schema.org\",\"@graph\":[{\"@type\":\"WebPage\",\"@id\":\"https:\\\/\\\/izsekosanasierices.lv\\\/produkts\\\/profesionala-noklausisanas-iekarta-ar-loti-ilgu-akumulatora-darbibas-laiku-gaidisanas-rezima\\\/\",\"url\":\"https:\\\/\\\/izsekosanasierices.lv\\\/produkts\\\/profesionala-noklausisanas-iekarta-ar-loti-ilgu-akumulatora-darbibas-laiku-gaidisanas-rezima\\\/\",\"name\":\"Noklaus\u012b\u0161an\u0101s ier\u012bce ar ilgu akum darb\u012bbas laiku gaid\u012b\u0161anas re\u017e\u012bm\u0101\",\"isPartOf\":{\"@id\":\"https:\\\/\\\/izsekosanasierices.lv\\\/#website\"},\"primaryImageOfPage\":{\"@id\":\"https:\\\/\\\/izsekosanasierices.lv\\\/produkts\\\/profesionala-noklausisanas-iekarta-ar-loti-ilgu-akumulatora-darbibas-laiku-gaidisanas-rezima\\\/#primaryimage\"},\"image\":{\"@id\":\"https:\\\/\\\/izsekosanasierices.lv\\\/produkts\\\/profesionala-noklausisanas-iekarta-ar-loti-ilgu-akumulatora-darbibas-laiku-gaidisanas-rezima\\\/#primaryimage\"},\"thumbnailUrl\":\"https:\\\/\\\/izsekosanasierices.lv\\\/wp-content\\\/uploads\\\/izsekosanasierices-profesionali-pasiklausymo-iranga-su-labai-ilgu-baterijos-budejimo-laiku-170dienu.jpg\",\"datePublished\":\"2023-10-05T15:37:11+00:00\",\"dateModified\":\"2025-11-19T14:22:01+00:00\",\"description\":\"Profesion\u0101ls noklaus\u012b\u0161an\u0101s apr\u012bkojums. Viegli nosl\u0113pjama noklaus\u012b\u0161an\u0101s ier\u012bce. Akumulatora darb\u012bbas laiks gaid\u012b\u0161anas re\u017e\u012bm\u0101 ir aptuveni 170 dienas.\",\"breadcrumb\":{\"@id\":\"https:\\\/\\\/izsekosanasierices.lv\\\/produkts\\\/profesionala-noklausisanas-iekarta-ar-loti-ilgu-akumulatora-darbibas-laiku-gaidisanas-rezima\\\/#breadcrumb\"},\"inLanguage\":\"et\",\"potentialAction\":[{\"@type\":\"ReadAction\",\"target\":[\"https:\\\/\\\/izsekosanasierices.lv\\\/produkts\\\/profesionala-noklausisanas-iekarta-ar-loti-ilgu-akumulatora-darbibas-laiku-gaidisanas-rezima\\\/\"]}]},{\"@type\":\"ImageObject\",\"inLanguage\":\"et\",\"@id\":\"https:\\\/\\\/izsekosanasierices.lv\\\/produkts\\\/profesionala-noklausisanas-iekarta-ar-loti-ilgu-akumulatora-darbibas-laiku-gaidisanas-rezima\\\/#primaryimage\",\"url\":\"https:\\\/\\\/izsekosanasierices.lv\\\/wp-content\\\/uploads\\\/izsekosanasierices-profesionali-pasiklausymo-iranga-su-labai-ilgu-baterijos-budejimo-laiku-170dienu.jpg\",\"contentUrl\":\"https:\\\/\\\/izsekosanasierices.lv\\\/wp-content\\\/uploads\\\/izsekosanasierices-profesionali-pasiklausymo-iranga-su-labai-ilgu-baterijos-budejimo-laiku-170dienu.jpg\",\"width\":800,\"height\":800,\"caption\":\"Profesionali pasiklausymo \u012franga su labai ilgu baterijos bud\u0117jimo laiku\"},{\"@type\":\"BreadcrumbList\",\"@id\":\"https:\\\/\\\/izsekosanasierices.lv\\\/produkts\\\/profesionala-noklausisanas-iekarta-ar-loti-ilgu-akumulatora-darbibas-laiku-gaidisanas-rezima\\\/#breadcrumb\",\"itemListElement\":[{\"@type\":\"ListItem\",\"position\":1,\"name\":\"S\u0101kums\",\"item\":\"https:\\\/\\\/izsekosanasierices.lv\\\/\"},{\"@type\":\"ListItem\",\"position\":2,\"name\":\"Veikals\",\"item\":\"https:\\\/\\\/izsekosanasierices.lv\\\/veikals\\\/\"},{\"@type\":\"ListItem\",\"position\":3,\"name\":\"Profesion\u0101la noklaus\u012b\u0161an\u0101s iek\u0101rta ar \u013coti ilgu akumulatora darb\u012bbas laiku gaid\u012b\u0161anas re\u017e\u012bm\u0101\"}]},{\"@type\":\"WebSite\",\"@id\":\"https:\\\/\\\/izsekosanasierices.lv\\\/#website\",\"url\":\"https:\\\/\\\/izsekosanasierices.lv\\\/\",\"name\":\"Nr1 Izseko\u0161anas ier\u012bces gps izseko\u0161anas iek\u0101rtas, klaus\u012b\u0161an\u0101s iek\u0101rtas\",\"description\":\"\",\"potentialAction\":[{\"@type\":\"SearchAction\",\"target\":{\"@type\":\"EntryPoint\",\"urlTemplate\":\"https:\\\/\\\/izsekosanasierices.lv\\\/?s={search_term_string}\"},\"query-input\":{\"@type\":\"PropertyValueSpecification\",\"valueRequired\":true,\"valueName\":\"search_term_string\"}}],\"inLanguage\":\"et\"}]}<\/script>\n<!-- \/ Yoast SEO plugin. -->","yoast_head_json":{"title":"Noklaus\u012b\u0161an\u0101s ier\u012bce ar ilgu akum darb\u012bbas laiku gaid\u012b\u0161anas re\u017e\u012bm\u0101","description":"Profesion\u0101ls noklaus\u012b\u0161an\u0101s apr\u012bkojums. Viegli nosl\u0113pjama noklaus\u012b\u0161an\u0101s ier\u012bce. Akumulatora darb\u012bbas laiks gaid\u012b\u0161anas re\u017e\u012bm\u0101 ir aptuveni 170 dienas.","robots":{"index":"index","follow":"follow","max-snippet":"max-snippet:-1","max-image-preview":"max-image-preview:large","max-video-preview":"max-video-preview:-1"},"canonical":"https:\/\/izsekosanasierices.lv\/et\/produkts\/professionaalne-kuulamiskaart-vaga-pika-aku-kestusega-ootereziimis\/","og_locale":"et_EE","og_type":"article","og_title":"Visilg\u0101k kalpojo\u0161ais noklaus\u012b\u0161an\u0101s apr\u012bkojums GSM noklaus\u012b\u0161an\u0101s blasteris l\u012bdz pat 170 dien\u0101m.","og_description":"Profesion\u0101ls noklaus\u012b\u0161an\u0101s apr\u012bkojums, noklaus\u012b\u0161an\u0101s asmens, viegli nosl\u0113pjams. Ilgais akumulatora darb\u012bbas laiks nodro\u0161ina aptuveni 170 lieto\u0161anas dienas. Zvaniet uz","og_url":"https:\/\/izsekosanasierices.lv\/et\/produkts\/professionaalne-kuulamiskaart-vaga-pika-aku-kestusega-ootereziimis\/","og_site_name":"Nr1 Izseko\u0161anas ier\u012bces gps izseko\u0161anas iek\u0101rtas, klaus\u012b\u0161an\u0101s iek\u0101rtas","article_modified_time":"2025-11-19T14:22:01+00:00","og_image":[{"url":"https:\/\/rvnski.dev\/sekimoiranga\/wp-content\/uploads\/izsekosanasierices.webp","type":"","width":"","height":""}],"twitter_card":"summary_large_image","twitter_title":"Visilg\u0101k kalpojo\u0161ais noklaus\u012b\u0161an\u0101s apr\u012bkojums GSM noklaus\u012b\u0161an\u0101s blasteris l\u012bdz pat 170 dien\u0101m.","twitter_description":"Profesion\u0101ls noklaus\u012b\u0161an\u0101s apr\u012bkojums, noklaus\u012b\u0161an\u0101s asmens, viegli nosl\u0113pjams. Ilgais akumulatora darb\u012bbas laiks nodro\u0161ina aptuveni 170 lieto\u0161anas dienas. Zvaniet uz","twitter_misc":{"Est. reading time":"4 minutit"},"schema":{"@context":"https:\/\/schema.org","@graph":[{"@type":"WebPage","@id":"https:\/\/izsekosanasierices.lv\/produkts\/profesionala-noklausisanas-iekarta-ar-loti-ilgu-akumulatora-darbibas-laiku-gaidisanas-rezima\/","url":"https:\/\/izsekosanasierices.lv\/produkts\/profesionala-noklausisanas-iekarta-ar-loti-ilgu-akumulatora-darbibas-laiku-gaidisanas-rezima\/","name":"Noklaus\u012b\u0161an\u0101s ier\u012bce ar ilgu akum darb\u012bbas laiku gaid\u012b\u0161anas re\u017e\u012bm\u0101","isPartOf":{"@id":"https:\/\/izsekosanasierices.lv\/#website"},"primaryImageOfPage":{"@id":"https:\/\/izsekosanasierices.lv\/produkts\/profesionala-noklausisanas-iekarta-ar-loti-ilgu-akumulatora-darbibas-laiku-gaidisanas-rezima\/#primaryimage"},"image":{"@id":"https:\/\/izsekosanasierices.lv\/produkts\/profesionala-noklausisanas-iekarta-ar-loti-ilgu-akumulatora-darbibas-laiku-gaidisanas-rezima\/#primaryimage"},"thumbnailUrl":"https:\/\/izsekosanasierices.lv\/wp-content\/uploads\/izsekosanasierices-profesionali-pasiklausymo-iranga-su-labai-ilgu-baterijos-budejimo-laiku-170dienu.jpg","datePublished":"2023-10-05T15:37:11+00:00","dateModified":"2025-11-19T14:22:01+00:00","description":"Profesion\u0101ls noklaus\u012b\u0161an\u0101s apr\u012bkojums. Viegli nosl\u0113pjama noklaus\u012b\u0161an\u0101s ier\u012bce. Akumulatora darb\u012bbas laiks gaid\u012b\u0161anas re\u017e\u012bm\u0101 ir aptuveni 170 dienas.","breadcrumb":{"@id":"https:\/\/izsekosanasierices.lv\/produkts\/profesionala-noklausisanas-iekarta-ar-loti-ilgu-akumulatora-darbibas-laiku-gaidisanas-rezima\/#breadcrumb"},"inLanguage":"et","potentialAction":[{"@type":"ReadAction","target":["https:\/\/izsekosanasierices.lv\/produkts\/profesionala-noklausisanas-iekarta-ar-loti-ilgu-akumulatora-darbibas-laiku-gaidisanas-rezima\/"]}]},{"@type":"ImageObject","inLanguage":"et","@id":"https:\/\/izsekosanasierices.lv\/produkts\/profesionala-noklausisanas-iekarta-ar-loti-ilgu-akumulatora-darbibas-laiku-gaidisanas-rezima\/#primaryimage","url":"https:\/\/izsekosanasierices.lv\/wp-content\/uploads\/izsekosanasierices-profesionali-pasiklausymo-iranga-su-labai-ilgu-baterijos-budejimo-laiku-170dienu.jpg","contentUrl":"https:\/\/izsekosanasierices.lv\/wp-content\/uploads\/izsekosanasierices-profesionali-pasiklausymo-iranga-su-labai-ilgu-baterijos-budejimo-laiku-170dienu.jpg","width":800,"height":800,"caption":"Profesionali pasiklausymo \u012franga su labai ilgu baterijos bud\u0117jimo laiku"},{"@type":"BreadcrumbList","@id":"https:\/\/izsekosanasierices.lv\/produkts\/profesionala-noklausisanas-iekarta-ar-loti-ilgu-akumulatora-darbibas-laiku-gaidisanas-rezima\/#breadcrumb","itemListElement":[{"@type":"ListItem","position":1,"name":"S\u0101kums","item":"https:\/\/izsekosanasierices.lv\/"},{"@type":"ListItem","position":2,"name":"Veikals","item":"https:\/\/izsekosanasierices.lv\/veikals\/"},{"@type":"ListItem","position":3,"name":"Profesion\u0101la noklaus\u012b\u0161an\u0101s iek\u0101rta ar \u013coti ilgu akumulatora darb\u012bbas laiku gaid\u012b\u0161anas re\u017e\u012bm\u0101"}]},{"@type":"WebSite","@id":"https:\/\/izsekosanasierices.lv\/#website","url":"https:\/\/izsekosanasierices.lv\/","name":"Nr1 Izseko\u0161anas ier\u012bces gps izseko\u0161anas iek\u0101rtas, klaus\u012b\u0161an\u0101s iek\u0101rtas","description":"","potentialAction":[{"@type":"SearchAction","target":{"@type":"EntryPoint","urlTemplate":"https:\/\/izsekosanasierices.lv\/?s={search_term_string}"},"query-input":{"@type":"PropertyValueSpecification","valueRequired":true,"valueName":"search_term_string"}}],"inLanguage":"et"}]}},"_links":{"self":[{"href":"https:\/\/izsekosanasierices.lv\/et\/wp-json\/wp\/v2\/product\/1228","targetHints":{"allow":["GET"]}}],"collection":[{"href":"https:\/\/izsekosanasierices.lv\/et\/wp-json\/wp\/v2\/product"}],"about":[{"href":"https:\/\/izsekosanasierices.lv\/et\/wp-json\/wp\/v2\/types\/product"}],"wp:featuredmedia":[{"embeddable":true,"href":"https:\/\/izsekosanasierices.lv\/et\/wp-json\/wp\/v2\/media\/1476"}],"wp:attachment":[{"href":"https:\/\/izsekosanasierices.lv\/et\/wp-json\/wp\/v2\/media?parent=1228"}],"wp:term":[{"taxonomy":"product_brand","embeddable":true,"href":"https:\/\/izsekosanasierices.lv\/et\/wp-json\/wp\/v2\/product_brand?post=1228"},{"taxonomy":"product_cat","embeddable":true,"href":"https:\/\/izsekosanasierices.lv\/et\/wp-json\/wp\/v2\/product_cat?post=1228"},{"taxonomy":"product_tag","embeddable":true,"href":"https:\/\/izsekosanasierices.lv\/et\/wp-json\/wp\/v2\/product_tag?post=1228"}],"curies":[{"name":"wp","href":"https:\/\/api.w.org\/{rel}","templated":true}]}}