{"id":1230,"date":"2023-10-05T15:37:11","date_gmt":"2023-10-05T15:37:11","guid":{"rendered":"https:\/\/izsekosanasierices.lv\/produktas\/profesionalus-diktofonas-garso-iraso-trukme-apie-70-valandu\/"},"modified":"2025-11-19T15:27:18","modified_gmt":"2025-11-19T13:27:18","slug":"profesionals-diktofons-audioieraksta-laiks-aptuveni-70-stundas","status":"publish","type":"product","link":"https:\/\/izsekosanasierices.lv\/et\/produkts\/professionaalne-helisalvesti-helisalvestuse-aeg-umbes-70-tundi\/","title":{"rendered":"Professionaalne diktofon | helisalvestuse aeg umbes 70 tundi"},"content":{"rendered":"<h3><strong>Tehnilised parameetrid:<\/strong><\/h3>\n<ul>\n<li>Tundlik mikrofon (reageerib isegi suhteliselt vaiksetele helidele; v\u00e4ga kvaliteetne salvestus)<\/li>\n<li>Lihtne kasutada (kolm v\u00f5imalust: sisse, v\u00e4lja ja h\u00e4\u00e4lega aktiveerimine).<\/li>\n<li>Madal energiatarbimine (kuni 120 p\u00e4eva ootere\u017eiimis ja kuni 70 tundi pidevat salvestamist)<\/li>\n<li>Sisseehitatud aku (liitium-ioon)<\/li>\n<li>M\u00f5\u00f5tmed: 50 mm x 21 mm x 10 mm<\/li>\n<li>Kaal: 27 g<\/li>\n<li><strong>Garantii 12 kuud<\/strong><\/li>\n<\/ul>\n<p><span style=\"color: #ff0000;\"><strong>Vajad kiiret sama p\u00e4eva (ja n\u00e4dalavahetuse) kohaletoimetamist?  Helistage +37120484176<\/strong><\/span><\/p>\n<p>Professionaalne digitaalne diktofon suure mahutavusega 8 GB sisem\u00e4luga. Usaldusv\u00e4\u00e4rne salajase helisalvestuse tegemiseks soovitud ruumis. Seade pakub kvaliteetset j\u00f5udlust (k\u00f5rgresolutsiooniga heli) ja madalat energiatarbimist (kuni 120 p\u00e4eva kestev aku ootere\u017eiim). See digitaalne helisalvesti suudab t\u00e4nu v\u00e4ga tundlikule mikrofonile salvestada ka suhteliselt vaikseid vestlusi v\u00f5i muid helisid. Salvestusi saab arvutis taasesitada.<\/p>\n<p><strong>Sisaldab:<\/strong><\/p>\n<ul>\n<li>Diktofon - helisalvestaja;<\/li>\n<li>laadija;<\/li>\n<li>USB-kaabel;<\/li>\n<li>Kasutusjuhend.<\/li>\n<\/ul>","protected":false},"excerpt":{"rendered":"<p>Professionaalne v\u00e4ike diktofon eriti pika aku kestvusega. Helisalvestus ca 70 tundi, ootere\u017eiim ca 120 p\u00e4eva. K\u00f5ik professionaalsed j\u00e4lgimisseadmed<\/p>","protected":false},"featured_media":1480,"template":"","meta":[],"product_brand":[],"product_cat":[342],"product_tag":[345,346,368,369,347],"class_list":{"0":"post-1230","1":"product","2":"type-product","3":"status-publish","4":"has-post-thumbnail","6":"product_cat-diktofoni","7":"product_tag-diktafons","8":"product_tag-mini-diktofons","9":"product_tag-profesionals-diktofons","10":"product_tag-sarunu-ierakstisana","11":"product_tag-slepenais-ierakstitajs","13":"first","14":"outofstock","15":"taxable","16":"shipping-taxable","17":"purchasable","18":"product-type-simple"},"yoast_head":"<!-- This site is optimized with the Yoast SEO plugin v27.5 - https:\/\/yoast.com\/product\/yoast-seo-wordpress\/ -->\n<title>Profesion\u0101ls diktofons | audioieraksta laiks aptuveni 70 stundas<\/title>\n<meta name=\"description\" content=\"Profesion\u0101ls neliela izm\u0113ra diktofons ar \u012bpa\u0161i ilgu akumulatora darb\u012bbas laiku. Audio ierakst\u012b\u0161ana aptuveni 70h. Darb\u012bbas laiks 120d\" \/>\n<meta name=\"robots\" content=\"index, follow, max-snippet:-1, max-image-preview:large, max-video-preview:-1\" \/>\n<link rel=\"canonical\" href=\"https:\/\/izsekosanasierices.lv\/et\/produkts\/professionaalne-helisalvesti-helisalvestuse-aeg-umbes-70-tundi\/\" \/>\n<meta property=\"og:locale\" content=\"et_EE\" \/>\n<meta property=\"og:type\" content=\"article\" \/>\n<meta property=\"og:title\" content=\"Profesion\u0101ls diktofons 70 stundas nep\u0101rtraukta ieraksta\" \/>\n<meta property=\"og:description\" content=\"Profesion\u0101ls neliels diktofons ar \u012bpa\u0161i ilgu akumulatora darb\u012bbas laiku. Audio ierakst\u012b\u0161ana aptuveni 70 stundas, gaid\u012b\u0161anas re\u017e\u012bms aptuveni 120 dienas. Viss profesion\u0101lais izseko\u0161anas apr\u012bkojums\" \/>\n<meta property=\"og:url\" content=\"https:\/\/izsekosanasierices.lv\/et\/produkts\/professionaalne-helisalvesti-helisalvestuse-aeg-umbes-70-tundi\/\" \/>\n<meta property=\"og:site_name\" content=\"Nr1 Izseko\u0161anas ier\u012bces gps izseko\u0161anas iek\u0101rtas, klaus\u012b\u0161an\u0101s iek\u0101rtas\" \/>\n<meta property=\"article:modified_time\" content=\"2025-11-19T13:27:18+00:00\" \/>\n<meta property=\"og:image\" content=\"https:\/\/rvnski.dev\/sekimoiranga\/wp-content\/uploads\/izsekosanasierices.webp\" \/>\n<meta name=\"twitter:card\" content=\"summary_large_image\" \/>\n<meta name=\"twitter:title\" content=\"Profesion\u0101ls diktofons 70 stundas nep\u0101rtraukta ieraksta\" \/>\n<meta name=\"twitter:description\" content=\"Profesion\u0101ls neliels diktofons ar \u012bpa\u0161i ilgu akumulatora darb\u012bbas laiku. Audio ierakst\u012b\u0161ana aptuveni 70 stundas, gaid\u012b\u0161anas re\u017e\u012bms aptuveni 120 dienas. Viss profesion\u0101lais izseko\u0161anas apr\u012bkojums\" \/>\n<meta name=\"twitter:label1\" content=\"Est. reading time\" \/>\n\t<meta name=\"twitter:data1\" content=\"1 minut\" \/>\n<script type=\"application\/ld+json\" class=\"yoast-schema-graph\">{\"@context\":\"https:\\\/\\\/schema.org\",\"@graph\":[{\"@type\":\"WebPage\",\"@id\":\"https:\\\/\\\/izsekosanasierices.lv\\\/produkts\\\/profesionals-diktofons-audioieraksta-laiks-aptuveni-70-stundas\\\/\",\"url\":\"https:\\\/\\\/izsekosanasierices.lv\\\/produkts\\\/profesionals-diktofons-audioieraksta-laiks-aptuveni-70-stundas\\\/\",\"name\":\"Profesion\u0101ls diktofons | audioieraksta laiks aptuveni 70 stundas\",\"isPartOf\":{\"@id\":\"https:\\\/\\\/izsekosanasierices.lv\\\/#website\"},\"primaryImageOfPage\":{\"@id\":\"https:\\\/\\\/izsekosanasierices.lv\\\/produkts\\\/profesionals-diktofons-audioieraksta-laiks-aptuveni-70-stundas\\\/#primaryimage\"},\"image\":{\"@id\":\"https:\\\/\\\/izsekosanasierices.lv\\\/produkts\\\/profesionals-diktofons-audioieraksta-laiks-aptuveni-70-stundas\\\/#primaryimage\"},\"thumbnailUrl\":\"https:\\\/\\\/izsekosanasierices.lv\\\/wp-content\\\/uploads\\\/izsekosanasierices-profesionalus-diktofonas-garso-iraso-trukme-apie-70val.jpg\",\"datePublished\":\"2023-10-05T15:37:11+00:00\",\"dateModified\":\"2025-11-19T13:27:18+00:00\",\"description\":\"Profesion\u0101ls neliela izm\u0113ra diktofons ar \u012bpa\u0161i ilgu akumulatora darb\u012bbas laiku. Audio ierakst\u012b\u0161ana aptuveni 70h. Darb\u012bbas laiks 120d\",\"breadcrumb\":{\"@id\":\"https:\\\/\\\/izsekosanasierices.lv\\\/produkts\\\/profesionals-diktofons-audioieraksta-laiks-aptuveni-70-stundas\\\/#breadcrumb\"},\"inLanguage\":\"et\",\"potentialAction\":[{\"@type\":\"ReadAction\",\"target\":[\"https:\\\/\\\/izsekosanasierices.lv\\\/produkts\\\/profesionals-diktofons-audioieraksta-laiks-aptuveni-70-stundas\\\/\"]}]},{\"@type\":\"ImageObject\",\"inLanguage\":\"et\",\"@id\":\"https:\\\/\\\/izsekosanasierices.lv\\\/produkts\\\/profesionals-diktofons-audioieraksta-laiks-aptuveni-70-stundas\\\/#primaryimage\",\"url\":\"https:\\\/\\\/izsekosanasierices.lv\\\/wp-content\\\/uploads\\\/izsekosanasierices-profesionalus-diktofonas-garso-iraso-trukme-apie-70val.jpg\",\"contentUrl\":\"https:\\\/\\\/izsekosanasierices.lv\\\/wp-content\\\/uploads\\\/izsekosanasierices-profesionalus-diktofonas-garso-iraso-trukme-apie-70val.jpg\",\"width\":800,\"height\":800,\"caption\":\"Profesionalus diktofonas kompektacija\"},{\"@type\":\"BreadcrumbList\",\"@id\":\"https:\\\/\\\/izsekosanasierices.lv\\\/produkts\\\/profesionals-diktofons-audioieraksta-laiks-aptuveni-70-stundas\\\/#breadcrumb\",\"itemListElement\":[{\"@type\":\"ListItem\",\"position\":1,\"name\":\"S\u0101kums\",\"item\":\"https:\\\/\\\/izsekosanasierices.lv\\\/\"},{\"@type\":\"ListItem\",\"position\":2,\"name\":\"Veikals\",\"item\":\"https:\\\/\\\/izsekosanasierices.lv\\\/veikals\\\/\"},{\"@type\":\"ListItem\",\"position\":3,\"name\":\"Profesion\u0101ls diktofons | audioieraksta laiks aptuveni 70 stundas\"}]},{\"@type\":\"WebSite\",\"@id\":\"https:\\\/\\\/izsekosanasierices.lv\\\/#website\",\"url\":\"https:\\\/\\\/izsekosanasierices.lv\\\/\",\"name\":\"Nr1 Izseko\u0161anas ier\u012bces gps izseko\u0161anas iek\u0101rtas, klaus\u012b\u0161an\u0101s iek\u0101rtas\",\"description\":\"\",\"potentialAction\":[{\"@type\":\"SearchAction\",\"target\":{\"@type\":\"EntryPoint\",\"urlTemplate\":\"https:\\\/\\\/izsekosanasierices.lv\\\/?s={search_term_string}\"},\"query-input\":{\"@type\":\"PropertyValueSpecification\",\"valueRequired\":true,\"valueName\":\"search_term_string\"}}],\"inLanguage\":\"et\"}]}<\/script>\n<!-- \/ Yoast SEO plugin. -->","yoast_head_json":{"title":"Profesion\u0101ls diktofons | audioieraksta laiks aptuveni 70 stundas","description":"Profesion\u0101ls neliela izm\u0113ra diktofons ar \u012bpa\u0161i ilgu akumulatora darb\u012bbas laiku. Audio ierakst\u012b\u0161ana aptuveni 70h. Darb\u012bbas laiks 120d","robots":{"index":"index","follow":"follow","max-snippet":"max-snippet:-1","max-image-preview":"max-image-preview:large","max-video-preview":"max-video-preview:-1"},"canonical":"https:\/\/izsekosanasierices.lv\/et\/produkts\/professionaalne-helisalvesti-helisalvestuse-aeg-umbes-70-tundi\/","og_locale":"et_EE","og_type":"article","og_title":"Profesion\u0101ls diktofons 70 stundas nep\u0101rtraukta ieraksta","og_description":"Profesion\u0101ls neliels diktofons ar \u012bpa\u0161i ilgu akumulatora darb\u012bbas laiku. Audio ierakst\u012b\u0161ana aptuveni 70 stundas, gaid\u012b\u0161anas re\u017e\u012bms aptuveni 120 dienas. Viss profesion\u0101lais izseko\u0161anas apr\u012bkojums","og_url":"https:\/\/izsekosanasierices.lv\/et\/produkts\/professionaalne-helisalvesti-helisalvestuse-aeg-umbes-70-tundi\/","og_site_name":"Nr1 Izseko\u0161anas ier\u012bces gps izseko\u0161anas iek\u0101rtas, klaus\u012b\u0161an\u0101s iek\u0101rtas","article_modified_time":"2025-11-19T13:27:18+00:00","og_image":[{"url":"https:\/\/rvnski.dev\/sekimoiranga\/wp-content\/uploads\/izsekosanasierices.webp","type":"","width":"","height":""}],"twitter_card":"summary_large_image","twitter_title":"Profesion\u0101ls diktofons 70 stundas nep\u0101rtraukta ieraksta","twitter_description":"Profesion\u0101ls neliels diktofons ar \u012bpa\u0161i ilgu akumulatora darb\u012bbas laiku. Audio ierakst\u012b\u0161ana aptuveni 70 stundas, gaid\u012b\u0161anas re\u017e\u012bms aptuveni 120 dienas. Viss profesion\u0101lais izseko\u0161anas apr\u012bkojums","twitter_misc":{"Est. reading time":"1 minut"},"schema":{"@context":"https:\/\/schema.org","@graph":[{"@type":"WebPage","@id":"https:\/\/izsekosanasierices.lv\/produkts\/profesionals-diktofons-audioieraksta-laiks-aptuveni-70-stundas\/","url":"https:\/\/izsekosanasierices.lv\/produkts\/profesionals-diktofons-audioieraksta-laiks-aptuveni-70-stundas\/","name":"Profesion\u0101ls diktofons | audioieraksta laiks aptuveni 70 stundas","isPartOf":{"@id":"https:\/\/izsekosanasierices.lv\/#website"},"primaryImageOfPage":{"@id":"https:\/\/izsekosanasierices.lv\/produkts\/profesionals-diktofons-audioieraksta-laiks-aptuveni-70-stundas\/#primaryimage"},"image":{"@id":"https:\/\/izsekosanasierices.lv\/produkts\/profesionals-diktofons-audioieraksta-laiks-aptuveni-70-stundas\/#primaryimage"},"thumbnailUrl":"https:\/\/izsekosanasierices.lv\/wp-content\/uploads\/izsekosanasierices-profesionalus-diktofonas-garso-iraso-trukme-apie-70val.jpg","datePublished":"2023-10-05T15:37:11+00:00","dateModified":"2025-11-19T13:27:18+00:00","description":"Profesion\u0101ls neliela izm\u0113ra diktofons ar \u012bpa\u0161i ilgu akumulatora darb\u012bbas laiku. Audio ierakst\u012b\u0161ana aptuveni 70h. Darb\u012bbas laiks 120d","breadcrumb":{"@id":"https:\/\/izsekosanasierices.lv\/produkts\/profesionals-diktofons-audioieraksta-laiks-aptuveni-70-stundas\/#breadcrumb"},"inLanguage":"et","potentialAction":[{"@type":"ReadAction","target":["https:\/\/izsekosanasierices.lv\/produkts\/profesionals-diktofons-audioieraksta-laiks-aptuveni-70-stundas\/"]}]},{"@type":"ImageObject","inLanguage":"et","@id":"https:\/\/izsekosanasierices.lv\/produkts\/profesionals-diktofons-audioieraksta-laiks-aptuveni-70-stundas\/#primaryimage","url":"https:\/\/izsekosanasierices.lv\/wp-content\/uploads\/izsekosanasierices-profesionalus-diktofonas-garso-iraso-trukme-apie-70val.jpg","contentUrl":"https:\/\/izsekosanasierices.lv\/wp-content\/uploads\/izsekosanasierices-profesionalus-diktofonas-garso-iraso-trukme-apie-70val.jpg","width":800,"height":800,"caption":"Profesionalus diktofonas kompektacija"},{"@type":"BreadcrumbList","@id":"https:\/\/izsekosanasierices.lv\/produkts\/profesionals-diktofons-audioieraksta-laiks-aptuveni-70-stundas\/#breadcrumb","itemListElement":[{"@type":"ListItem","position":1,"name":"S\u0101kums","item":"https:\/\/izsekosanasierices.lv\/"},{"@type":"ListItem","position":2,"name":"Veikals","item":"https:\/\/izsekosanasierices.lv\/veikals\/"},{"@type":"ListItem","position":3,"name":"Profesion\u0101ls diktofons | audioieraksta laiks aptuveni 70 stundas"}]},{"@type":"WebSite","@id":"https:\/\/izsekosanasierices.lv\/#website","url":"https:\/\/izsekosanasierices.lv\/","name":"Nr1 Izseko\u0161anas ier\u012bces gps izseko\u0161anas iek\u0101rtas, klaus\u012b\u0161an\u0101s iek\u0101rtas","description":"","potentialAction":[{"@type":"SearchAction","target":{"@type":"EntryPoint","urlTemplate":"https:\/\/izsekosanasierices.lv\/?s={search_term_string}"},"query-input":{"@type":"PropertyValueSpecification","valueRequired":true,"valueName":"search_term_string"}}],"inLanguage":"et"}]}},"_links":{"self":[{"href":"https:\/\/izsekosanasierices.lv\/et\/wp-json\/wp\/v2\/product\/1230","targetHints":{"allow":["GET"]}}],"collection":[{"href":"https:\/\/izsekosanasierices.lv\/et\/wp-json\/wp\/v2\/product"}],"about":[{"href":"https:\/\/izsekosanasierices.lv\/et\/wp-json\/wp\/v2\/types\/product"}],"wp:featuredmedia":[{"embeddable":true,"href":"https:\/\/izsekosanasierices.lv\/et\/wp-json\/wp\/v2\/media\/1480"}],"wp:attachment":[{"href":"https:\/\/izsekosanasierices.lv\/et\/wp-json\/wp\/v2\/media?parent=1230"}],"wp:term":[{"taxonomy":"product_brand","embeddable":true,"href":"https:\/\/izsekosanasierices.lv\/et\/wp-json\/wp\/v2\/product_brand?post=1230"},{"taxonomy":"product_cat","embeddable":true,"href":"https:\/\/izsekosanasierices.lv\/et\/wp-json\/wp\/v2\/product_cat?post=1230"},{"taxonomy":"product_tag","embeddable":true,"href":"https:\/\/izsekosanasierices.lv\/et\/wp-json\/wp\/v2\/product_tag?post=1230"}],"curies":[{"name":"wp","href":"https:\/\/api.w.org\/{rel}","templated":true}]}}