{"id":1231,"date":"2023-10-05T15:37:11","date_gmt":"2023-10-05T15:37:11","guid":{"rendered":"https:\/\/izsekosanasierices.lv\/produktas\/slapta-wifi-kamera-uzmaskuota-laikrodyje-full-hd-judesio-daviklis\/"},"modified":"2025-11-19T17:59:56","modified_gmt":"2025-11-19T15:59:56","slug":"slepta-kamera-ar-wifi-kas-masketa-ka-pulkstenis-full-hd-kustibu-sensors","status":"publish","type":"product","link":"https:\/\/izsekosanasierices.lv\/et\/produkts\/stealth-kaamera-koos-wifi-maskeerub-kellaks-full-hd-liikumisanduriga\/","title":{"rendered":"WiFi peidetud kaamera, mis on maskeeritud kellaks | Full HD | liikumisandur"},"content":{"rendered":"<p><strong><span style=\"color: #ff0000;\">PROMOTION: 32 GB micro SD kingitusena<\/span> <\/strong><\/p>\n<h3><strong>Tehnilised parameetrid:<\/strong><\/h3>\n<ul>\n<li>M\u00e4lukaardi tugi: micro SD\/TF kuni 32 GB (ei kuulu komplekti)<\/li>\n<li>Video salvestamine koos heliga<\/li>\n<li>Pildi resolutsioon: HD 1280 x 720 px<\/li>\n<li>Videoformaat: MJPEG | 30 fps<\/li>\n<li>Pildistamisnurk: 160 kraadi<\/li>\n<li>Video salvestamine liikumise ajal: jah<\/li>\n<li>\u00d6\u00f6n\u00e4gemine: jah, 12 infrapuna valgusdioodi<\/li>\n<li>WIFI: 802.11 b\/g\/n - kuni 150 Mbit\/s<\/li>\n<li>Toetatud protokollid: HTTP, DHCP, DDNS, RTSP, PPPoE.<\/li>\n<li>Salvestusaeg akuga: umbes 3 tundi v\u00f5i pidevalt katkematu toiteallikaga<\/li>\n<li>Toide: DC 5V\/2.0A<\/li>\n<li>USB standard: 2.0 (kiire)<\/li>\n<li>T\u00f6\u00f6temperatuur: 0 - 55\u00b0<\/li>\n<li>\u00dchilduvus: Windows, MAC<\/li>\n<li>Aku 3000 mAh<\/li>\n<li>220V adapter (alaliseks \u00fchendamiseks vooluv\u00f5rku)<\/li>\n<li>M\u00f5\u00f5tmed: 95 mm x 33 mm x 44 mm<\/li>\n<li>V\u00e4rv: must<\/li>\n<li>Komplektis on kell, USB-kaabel, USB-laadija, kasutusjuhend, originaalpakend.<\/li>\n<li><strong>Garantii 12 kuud<\/strong><\/li>\n<\/ul>\n<p><strong>\u00a0<\/strong><\/p>\n<p><span style=\"color: #ff0000;\"><strong>Vajad kiiret sama p\u00e4eva (ja n\u00e4dalavahetuse) kohaletoimetamist?  Helistage +37120484176<\/strong><\/span><\/p>\n<p>Kasutamine: enda kaitseks, laste kaitseks.<\/p>\n<p>Saate video otse telefoni (Android v\u00f5i IOS) \u00fcle kanda. K\u00f5ik, mida peate tegema, on \u00fchendada oma seade koduse <strong>WiFi <\/strong>v\u00f5rku ja saate vaadata otse\u00fclekandeid k\u00f5ikjal maailmas, kus on interneti\u00fchendus. Kaamera toetab kuni 32 GB suuruseid micro SD-kaarte. Kaasas on USB-laadija, nii et saate 365 p\u00e4eva aastas pidevalt videoid ja pilte salvestada. <strong>WiFi <\/strong>funktsioon v\u00f5imaldab edastada pildi otse Android-telefoni v\u00f5i iOS-i. Selleks, et p\u00e4\u00e4seda oma seadmele ligi \u00fcksk\u00f5ik kus maailmas, peate vaid \u00fchendama oma seadme oma koduse <strong>WiFi <\/strong>v\u00f5rk. Kasutage \u00fcleval olevaid nuppe, et h\u00f5lpsasti seadistada kellaaega v\u00f5i alarmi. Kellal on sisseehitatud liikumisandur - niipea, kui ruumis tuvastatakse liikumine, alustab kell kohe salvestamist (seda funktsiooni saab seadistada mobiiltelefoniga). Saate seadistada ka s\u00f5numite saatmist oma telefoni. Pidev videosalvestus: see funktsioon salvestab videot 24 tundi \u00f6\u00f6p\u00e4evas - kui m\u00e4lu on t\u00e4is, asendatakse vanad salvestused uutega - neid seadeid saab mobiiltelefonis muuta (selleks tuleb paigaldada rakendus).<\/p>","protected":false},"excerpt":{"rendered":"<p><strong>WiFi<\/strong>sisseehitatud varjatud valvekaameraga kell. Full HD. Liikumisandur. \u00dcks parimaid maskeeritud kaameraid turul. Lai 160-kraadine vaatenurk.<\/p>","protected":false},"featured_media":1483,"template":"","meta":[],"product_brand":[],"product_cat":[330,321,331],"product_tag":[84,325,36,436,328,415,32,437],"class_list":{"0":"post-1231","1":"product","2":"type-product","3":"status-publish","4":"has-post-thumbnail","6":"product_cat-masketas-kameras","7":"product_cat-sleptas-kameras","8":"product_cat-wi-fi-slepenas-kameras","9":"product_tag-ip-kamera","10":"product_tag-izsekosanas-kamera","11":"product_tag-mini-kamera","12":"product_tag-noverosanas-kameras","13":"product_tag-slepena-kamera","14":"product_tag-slepenas-kameras","15":"product_tag-wifi-kamera","16":"product_tag-wifi-noverosanas-kamera","18":"first","19":"instock","20":"taxable","21":"shipping-taxable","22":"purchasable","23":"product-type-simple"},"yoast_head":"<!-- This site is optimized with the Yoast SEO plugin v27.5 - https:\/\/yoast.com\/product\/yoast-seo-wordpress\/ -->\n<title>Sl\u0113pta kamera ar wifi kas mask\u0113ta k\u0101 pulkstenis hd kust\u012bbu sensors<\/title>\n<meta name=\"description\" content=\"WiFipulkstenis ar ieb\u016bv\u0113tu sl\u0113pto nov\u0113ro\u0161anas kameru. Full HD. Kust\u012bbu sensors. Viena no lab\u0101kaj\u0101m mask\u0113taj\u0101m kamer\u0101m tirg\u016b. Pla\u0161s skata le\u0146\u0137is \u2013 160 gr\u0101du.\" \/>\n<meta name=\"robots\" content=\"index, follow, max-snippet:-1, max-image-preview:large, max-video-preview:-1\" \/>\n<link rel=\"canonical\" href=\"https:\/\/izsekosanasierices.lv\/et\/produkts\/stealth-kaamera-koos-wifi-maskeerub-kellaks-full-hd-liikumisanduriga\/\" \/>\n<meta property=\"og:locale\" content=\"et_EE\" \/>\n<meta property=\"og:type\" content=\"article\" \/>\n<meta property=\"og:title\" content=\"Wi-fi pulkstenis ar ieb\u016bv\u0113tu slepenas izseko\u0161anas kameru Full HD kust\u012bbu uztver\u0161ana\" \/>\n<meta property=\"og:description\" content=\"Wi-fi pulkstenis ar ieb\u016bv\u0113tu slepenas izseko\u0161anas kameru Full HD kust\u012bbu sensors. Viena no lab\u0101kaj\u0101m mask\u0113taj\u0101m kamer\u0101m tirg\u016b. Pla\u0161s skata le\u0146\u0137is 160\" \/>\n<meta property=\"og:url\" content=\"https:\/\/izsekosanasierices.lv\/et\/produkts\/stealth-kaamera-koos-wifi-maskeerub-kellaks-full-hd-liikumisanduriga\/\" \/>\n<meta property=\"og:site_name\" content=\"Nr1 Izseko\u0161anas ier\u012bces gps izseko\u0161anas iek\u0101rtas, klaus\u012b\u0161an\u0101s iek\u0101rtas\" \/>\n<meta property=\"article:modified_time\" content=\"2025-11-19T15:59:56+00:00\" \/>\n<meta property=\"og:image\" content=\"https:\/\/rvnski.dev\/sekimoiranga\/wp-content\/uploads\/izsekosanasierices.webp\" \/>\n<meta name=\"twitter:card\" content=\"summary_large_image\" \/>\n<meta name=\"twitter:title\" content=\"Wi-fi pulkstenis ar ieb\u016bv\u0113tu slepenas izseko\u0161anas kameru Full HD kust\u012bbu uztver\u0161ana\" \/>\n<meta name=\"twitter:description\" content=\"Wi-fi pulkstenis ar ieb\u016bv\u0113tu slepenas izseko\u0161anas kameru Full HD kust\u012bbu sensors. Viena no lab\u0101kaj\u0101m mask\u0113taj\u0101m kamer\u0101m tirg\u016b. Pla\u0161s skata le\u0146\u0137is 160\" \/>\n<meta name=\"twitter:label1\" content=\"Est. reading time\" \/>\n\t<meta name=\"twitter:data1\" content=\"2 minutit\" \/>\n<script type=\"application\/ld+json\" class=\"yoast-schema-graph\">{\"@context\":\"https:\\\/\\\/schema.org\",\"@graph\":[{\"@type\":\"WebPage\",\"@id\":\"https:\\\/\\\/izsekosanasierices.lv\\\/produkts\\\/slepta-kamera-ar-wifi-kas-masketa-ka-pulkstenis-full-hd-kustibu-sensors\\\/\",\"url\":\"https:\\\/\\\/izsekosanasierices.lv\\\/produkts\\\/slepta-kamera-ar-wifi-kas-masketa-ka-pulkstenis-full-hd-kustibu-sensors\\\/\",\"name\":\"Sl\u0113pta kamera ar wifi kas mask\u0113ta k\u0101 pulkstenis hd kust\u012bbu sensors\",\"isPartOf\":{\"@id\":\"https:\\\/\\\/izsekosanasierices.lv\\\/#website\"},\"primaryImageOfPage\":{\"@id\":\"https:\\\/\\\/izsekosanasierices.lv\\\/produkts\\\/slepta-kamera-ar-wifi-kas-masketa-ka-pulkstenis-full-hd-kustibu-sensors\\\/#primaryimage\"},\"image\":{\"@id\":\"https:\\\/\\\/izsekosanasierices.lv\\\/produkts\\\/slepta-kamera-ar-wifi-kas-masketa-ka-pulkstenis-full-hd-kustibu-sensors\\\/#primaryimage\"},\"thumbnailUrl\":\"https:\\\/\\\/izsekosanasierices.lv\\\/wp-content\\\/uploads\\\/izsekosanasierices-slapta-wifi-kamera-uzmaskuota-laikrodyje-full-hd-judesio-daviklis-stebejimas-online.jpg\",\"datePublished\":\"2023-10-05T15:37:11+00:00\",\"dateModified\":\"2025-11-19T15:59:56+00:00\",\"description\":\"WiFipulkstenis ar ieb\u016bv\u0113tu sl\u0113pto nov\u0113ro\u0161anas kameru. Full HD. Kust\u012bbu sensors. Viena no lab\u0101kaj\u0101m mask\u0113taj\u0101m kamer\u0101m tirg\u016b. Pla\u0161s skata le\u0146\u0137is \u2013 160 gr\u0101du.\",\"breadcrumb\":{\"@id\":\"https:\\\/\\\/izsekosanasierices.lv\\\/produkts\\\/slepta-kamera-ar-wifi-kas-masketa-ka-pulkstenis-full-hd-kustibu-sensors\\\/#breadcrumb\"},\"inLanguage\":\"et\",\"potentialAction\":[{\"@type\":\"ReadAction\",\"target\":[\"https:\\\/\\\/izsekosanasierices.lv\\\/produkts\\\/slepta-kamera-ar-wifi-kas-masketa-ka-pulkstenis-full-hd-kustibu-sensors\\\/\"]}]},{\"@type\":\"ImageObject\",\"inLanguage\":\"et\",\"@id\":\"https:\\\/\\\/izsekosanasierices.lv\\\/produkts\\\/slepta-kamera-ar-wifi-kas-masketa-ka-pulkstenis-full-hd-kustibu-sensors\\\/#primaryimage\",\"url\":\"https:\\\/\\\/izsekosanasierices.lv\\\/wp-content\\\/uploads\\\/izsekosanasierices-slapta-wifi-kamera-uzmaskuota-laikrodyje-full-hd-judesio-daviklis-stebejimas-online.jpg\",\"contentUrl\":\"https:\\\/\\\/izsekosanasierices.lv\\\/wp-content\\\/uploads\\\/izsekosanasierices-slapta-wifi-kamera-uzmaskuota-laikrodyje-full-hd-judesio-daviklis-stebejimas-online.jpg\",\"width\":603,\"height\":556,\"caption\":\"Slaptos kameros u\u017ekamaskuotos laikrodyje\"},{\"@type\":\"BreadcrumbList\",\"@id\":\"https:\\\/\\\/izsekosanasierices.lv\\\/produkts\\\/slepta-kamera-ar-wifi-kas-masketa-ka-pulkstenis-full-hd-kustibu-sensors\\\/#breadcrumb\",\"itemListElement\":[{\"@type\":\"ListItem\",\"position\":1,\"name\":\"S\u0101kums\",\"item\":\"https:\\\/\\\/izsekosanasierices.lv\\\/\"},{\"@type\":\"ListItem\",\"position\":2,\"name\":\"Veikals\",\"item\":\"https:\\\/\\\/izsekosanasierices.lv\\\/veikals\\\/\"},{\"@type\":\"ListItem\",\"position\":3,\"name\":\"Sl\u0113pta kamera ar WiFi, kas mask\u0113ta k\u0101 pulkstenis | Full HD | kust\u012bbu sensors\"}]},{\"@type\":\"WebSite\",\"@id\":\"https:\\\/\\\/izsekosanasierices.lv\\\/#website\",\"url\":\"https:\\\/\\\/izsekosanasierices.lv\\\/\",\"name\":\"Nr1 Izseko\u0161anas ier\u012bces gps izseko\u0161anas iek\u0101rtas, klaus\u012b\u0161an\u0101s iek\u0101rtas\",\"description\":\"\",\"potentialAction\":[{\"@type\":\"SearchAction\",\"target\":{\"@type\":\"EntryPoint\",\"urlTemplate\":\"https:\\\/\\\/izsekosanasierices.lv\\\/?s={search_term_string}\"},\"query-input\":{\"@type\":\"PropertyValueSpecification\",\"valueRequired\":true,\"valueName\":\"search_term_string\"}}],\"inLanguage\":\"et\"}]}<\/script>\n<!-- \/ Yoast SEO plugin. -->","yoast_head_json":{"title":"Sl\u0113pta kamera ar wifi kas mask\u0113ta k\u0101 pulkstenis hd kust\u012bbu sensors","description":"WiFipulkstenis ar ieb\u016bv\u0113tu sl\u0113pto nov\u0113ro\u0161anas kameru. Full HD. Kust\u012bbu sensors. Viena no lab\u0101kaj\u0101m mask\u0113taj\u0101m kamer\u0101m tirg\u016b. Pla\u0161s skata le\u0146\u0137is \u2013 160 gr\u0101du.","robots":{"index":"index","follow":"follow","max-snippet":"max-snippet:-1","max-image-preview":"max-image-preview:large","max-video-preview":"max-video-preview:-1"},"canonical":"https:\/\/izsekosanasierices.lv\/et\/produkts\/stealth-kaamera-koos-wifi-maskeerub-kellaks-full-hd-liikumisanduriga\/","og_locale":"et_EE","og_type":"article","og_title":"Wi-fi pulkstenis ar ieb\u016bv\u0113tu slepenas izseko\u0161anas kameru Full HD kust\u012bbu uztver\u0161ana","og_description":"Wi-fi pulkstenis ar ieb\u016bv\u0113tu slepenas izseko\u0161anas kameru Full HD kust\u012bbu sensors. Viena no lab\u0101kaj\u0101m mask\u0113taj\u0101m kamer\u0101m tirg\u016b. Pla\u0161s skata le\u0146\u0137is 160","og_url":"https:\/\/izsekosanasierices.lv\/et\/produkts\/stealth-kaamera-koos-wifi-maskeerub-kellaks-full-hd-liikumisanduriga\/","og_site_name":"Nr1 Izseko\u0161anas ier\u012bces gps izseko\u0161anas iek\u0101rtas, klaus\u012b\u0161an\u0101s iek\u0101rtas","article_modified_time":"2025-11-19T15:59:56+00:00","og_image":[{"url":"https:\/\/rvnski.dev\/sekimoiranga\/wp-content\/uploads\/izsekosanasierices.webp","type":"","width":"","height":""}],"twitter_card":"summary_large_image","twitter_title":"Wi-fi pulkstenis ar ieb\u016bv\u0113tu slepenas izseko\u0161anas kameru Full HD kust\u012bbu uztver\u0161ana","twitter_description":"Wi-fi pulkstenis ar ieb\u016bv\u0113tu slepenas izseko\u0161anas kameru Full HD kust\u012bbu sensors. Viena no lab\u0101kaj\u0101m mask\u0113taj\u0101m kamer\u0101m tirg\u016b. Pla\u0161s skata le\u0146\u0137is 160","twitter_misc":{"Est. reading time":"2 minutit"},"schema":{"@context":"https:\/\/schema.org","@graph":[{"@type":"WebPage","@id":"https:\/\/izsekosanasierices.lv\/produkts\/slepta-kamera-ar-wifi-kas-masketa-ka-pulkstenis-full-hd-kustibu-sensors\/","url":"https:\/\/izsekosanasierices.lv\/produkts\/slepta-kamera-ar-wifi-kas-masketa-ka-pulkstenis-full-hd-kustibu-sensors\/","name":"Sl\u0113pta kamera ar wifi kas mask\u0113ta k\u0101 pulkstenis hd kust\u012bbu sensors","isPartOf":{"@id":"https:\/\/izsekosanasierices.lv\/#website"},"primaryImageOfPage":{"@id":"https:\/\/izsekosanasierices.lv\/produkts\/slepta-kamera-ar-wifi-kas-masketa-ka-pulkstenis-full-hd-kustibu-sensors\/#primaryimage"},"image":{"@id":"https:\/\/izsekosanasierices.lv\/produkts\/slepta-kamera-ar-wifi-kas-masketa-ka-pulkstenis-full-hd-kustibu-sensors\/#primaryimage"},"thumbnailUrl":"https:\/\/izsekosanasierices.lv\/wp-content\/uploads\/izsekosanasierices-slapta-wifi-kamera-uzmaskuota-laikrodyje-full-hd-judesio-daviklis-stebejimas-online.jpg","datePublished":"2023-10-05T15:37:11+00:00","dateModified":"2025-11-19T15:59:56+00:00","description":"WiFipulkstenis ar ieb\u016bv\u0113tu sl\u0113pto nov\u0113ro\u0161anas kameru. Full HD. Kust\u012bbu sensors. Viena no lab\u0101kaj\u0101m mask\u0113taj\u0101m kamer\u0101m tirg\u016b. Pla\u0161s skata le\u0146\u0137is \u2013 160 gr\u0101du.","breadcrumb":{"@id":"https:\/\/izsekosanasierices.lv\/produkts\/slepta-kamera-ar-wifi-kas-masketa-ka-pulkstenis-full-hd-kustibu-sensors\/#breadcrumb"},"inLanguage":"et","potentialAction":[{"@type":"ReadAction","target":["https:\/\/izsekosanasierices.lv\/produkts\/slepta-kamera-ar-wifi-kas-masketa-ka-pulkstenis-full-hd-kustibu-sensors\/"]}]},{"@type":"ImageObject","inLanguage":"et","@id":"https:\/\/izsekosanasierices.lv\/produkts\/slepta-kamera-ar-wifi-kas-masketa-ka-pulkstenis-full-hd-kustibu-sensors\/#primaryimage","url":"https:\/\/izsekosanasierices.lv\/wp-content\/uploads\/izsekosanasierices-slapta-wifi-kamera-uzmaskuota-laikrodyje-full-hd-judesio-daviklis-stebejimas-online.jpg","contentUrl":"https:\/\/izsekosanasierices.lv\/wp-content\/uploads\/izsekosanasierices-slapta-wifi-kamera-uzmaskuota-laikrodyje-full-hd-judesio-daviklis-stebejimas-online.jpg","width":603,"height":556,"caption":"Slaptos kameros u\u017ekamaskuotos laikrodyje"},{"@type":"BreadcrumbList","@id":"https:\/\/izsekosanasierices.lv\/produkts\/slepta-kamera-ar-wifi-kas-masketa-ka-pulkstenis-full-hd-kustibu-sensors\/#breadcrumb","itemListElement":[{"@type":"ListItem","position":1,"name":"S\u0101kums","item":"https:\/\/izsekosanasierices.lv\/"},{"@type":"ListItem","position":2,"name":"Veikals","item":"https:\/\/izsekosanasierices.lv\/veikals\/"},{"@type":"ListItem","position":3,"name":"Sl\u0113pta kamera ar WiFi, kas mask\u0113ta k\u0101 pulkstenis | Full HD | kust\u012bbu sensors"}]},{"@type":"WebSite","@id":"https:\/\/izsekosanasierices.lv\/#website","url":"https:\/\/izsekosanasierices.lv\/","name":"Nr1 Izseko\u0161anas ier\u012bces gps izseko\u0161anas iek\u0101rtas, klaus\u012b\u0161an\u0101s iek\u0101rtas","description":"","potentialAction":[{"@type":"SearchAction","target":{"@type":"EntryPoint","urlTemplate":"https:\/\/izsekosanasierices.lv\/?s={search_term_string}"},"query-input":{"@type":"PropertyValueSpecification","valueRequired":true,"valueName":"search_term_string"}}],"inLanguage":"et"}]}},"_links":{"self":[{"href":"https:\/\/izsekosanasierices.lv\/et\/wp-json\/wp\/v2\/product\/1231","targetHints":{"allow":["GET"]}}],"collection":[{"href":"https:\/\/izsekosanasierices.lv\/et\/wp-json\/wp\/v2\/product"}],"about":[{"href":"https:\/\/izsekosanasierices.lv\/et\/wp-json\/wp\/v2\/types\/product"}],"wp:featuredmedia":[{"embeddable":true,"href":"https:\/\/izsekosanasierices.lv\/et\/wp-json\/wp\/v2\/media\/1483"}],"wp:attachment":[{"href":"https:\/\/izsekosanasierices.lv\/et\/wp-json\/wp\/v2\/media?parent=1231"}],"wp:term":[{"taxonomy":"product_brand","embeddable":true,"href":"https:\/\/izsekosanasierices.lv\/et\/wp-json\/wp\/v2\/product_brand?post=1231"},{"taxonomy":"product_cat","embeddable":true,"href":"https:\/\/izsekosanasierices.lv\/et\/wp-json\/wp\/v2\/product_cat?post=1231"},{"taxonomy":"product_tag","embeddable":true,"href":"https:\/\/izsekosanasierices.lv\/et\/wp-json\/wp\/v2\/product_tag?post=1231"}],"curies":[{"name":"wp","href":"https:\/\/api.w.org\/{rel}","templated":true}]}}