{"id":1232,"date":"2023-10-05T15:37:11","date_gmt":"2023-10-05T15:37:11","guid":{"rendered":"https:\/\/izsekosanasierices.lv\/produktas\/slaptas-diktofonas-uzmaskuotas-usb-rakte-8gb-vos\/"},"modified":"2025-11-24T06:13:52","modified_gmt":"2025-11-24T04:13:52","slug":"slepena-audio-ierakstisanas-ierice-kas-masketa-ka-usb-zibatmina-8gb-atmina-vos-skanas-sensors","status":"publish","type":"product","link":"https:\/\/izsekosanasierices.lv\/et\/produkts\/salajane-helisalvestusseade-mis-maskeerub-usb-flash-8gb-malu-vos-scan-sensoriks\/","title":{"rendered":"Salajane helisalvestusseade, mis on maskeeritud USB-m\u00e4luseadmeks 8gb m\u00e4lu VOS helianduriga"},"content":{"rendered":"<h3><strong>Tehnilised parameetrid:<\/strong><\/h3>\n<ul>\n<li>VOS: heli aktiveerimine<\/li>\n<li>Audio: WAW formaat, 196 kbps<\/li>\n<li>Sisemine m\u00e4lu: 8 gb<\/li>\n<li>Aku kestvus: kuni 15 tundi<\/li>\n<li>Kvaliteetsed helisalvestised<\/li>\n<li>Saab kasutada USB-klahvina<\/li>\n<li>Mugav kasutada<\/li>\n<li>USB laadimine<\/li>\n<li>Kaal: 14 g<\/li>\n<li>V\u00e4rv: must v\u00f5i h\u00f5bedane<\/li>\n<li><strong>Garantii 12 kuud<\/strong><\/li>\n<\/ul>\n<p><strong>\u00a0<\/strong><\/p>\n<p><span style=\"color: #ff0000;\"><strong>Vajad kiiret sama p\u00e4eva (ja n\u00e4dalavahetuse) kohaletoimetamist?  Helistage +37120484176<\/strong><\/span><\/p>\n<p>&nbsp;<\/p>\n<p>Kasutamine: enda kaitseks, laste kaitseks.<\/p>\n<p>Seade on maskeeritud USB-m\u00e4lupulgaks. Salajasel minih\u00e4\u00e4ldiitoril on VOS-funktsioon - see salvestab heli peale (kui kuuldub inimh\u00e4\u00e4l). H\u00e4\u00e4lsalvestuse kiire ja lihtne aktiveerimine. K\u00e4ivitamiseks l\u00fckake l\u00fcliti asendisse ON. Salvestaja salvestab heli, kui m\u00e4lus on ruumi v\u00f5i kui aku on piisavalt laetud. Helisalvestuste kuulamiseks \u00fchendage seade arvuti USB-porti.<\/p>\n<p><strong>\u00a0<\/strong><\/p>\n<p><strong>USB m\u00e4lupulgaks maskeeritud diktofon, 8 gb m\u00e4lu, VOS - heliandur<\/strong><\/p>\n<p>Vestluste j\u00e4\u00e4dvustamine v\u00f5ib m\u00f5nikord olla \u00fcsna keeruline, kuid see on palju lihtsam, kui kasutate spetsiaalset varustust. USB-pulgaks maskeeritud salajane diktofon on hea lahendus, kui eesm\u00e4rk on hoida isik teadmatuses, et vestlusi salvestatakse. USB-pulki kasutavad paljud inimesed, seega ei tekita selline ese tavaliselt kahtlust. Sellise diktofoni v\u00f5ib julgelt j\u00e4tta kontorisse v\u00f5i mujale ning saate h\u00f5lpsasti koguda teile huvipakkuvat teavet.<\/p>\n<p>&nbsp;<\/p>\n<p>Salajase diktofoni kasutamine on v\u00e4ga lihtne: vajutage toitenuppu ja alustage vestluste salvestamist. Sellel salajasel diktofonil on ka erifunktsioon, mis alustab vestluste salvestamist, kui tuvastatakse heli. See aitab teil v\u00e4ltida vaikset salvestamist ja lihtsustab vajaliku teabe leidmist. Samuti s\u00e4\u00e4stab see akut ja m\u00e4luruumi. USB-h\u00e4\u00e4lsalvestajal on 8 gigabaiti m\u00e4lu, nii et saate salvestada ka v\u00e4ga pikki vestlusi ja saada neist vajalikku teavet. Kuna aku kestab kuni 15 tundi, saate selle aja jooksul kindlasti j\u00e4\u00e4dvustada v\u00e4ga palju erinevaid salvestusi. Kui diktofoni l\u00e4heduses ei ole heli, l\u00e4heb see ootere\u017eiimi, s\u00e4\u00e4stes nii m\u00e4lu kui ka akut.<\/p>\n<p>&nbsp;<\/p>\n<p>Salajane helisalvesti on visuaalselt eristamatu enamikust meie kasutatavatest USB-pulkadest, seega on see nutikas valik, kui soovite oma vestlusi salaja salvestada. Kuigi see on \u00fcsna v\u00e4ike (kaalub vaid 14 grammi), on sellega salvestatav heli v\u00e4ga kvaliteetne ja selge. Kui soovite helisalvestust kuulata, \u00fchendage seade USB-porti (diktofoni saab ka laadida).<\/p>\n<p>&nbsp;<\/p>\n<p>Kui teil on kahtlusi teatud isikute lojaalsuses v\u00f5i kui p\u00fc\u00fcate koguda teatud tundlikku teavet, on USB-pulgale peidetud helisalvesti \u00f5ige valik. See aitab teil salvestada isegi v\u00e4ga pikki vestlusi, nii et on suur t\u00f5en\u00e4osus, et saate k\u00e4tte kogu olulise teabe.<\/p>","protected":false},"excerpt":{"rendered":"<p>USB-klahviks maskeeritud minidiktofon. M\u00e4lumaht 8 gb. H\u00e4\u00e4ltuvastus. Lihtsalt kasutatav diktofon kuni 16 tundi salvestatud vestlusi. Suurep\u00e4rane helikvaliteet.<\/p>","protected":false},"featured_media":1487,"template":"","meta":[],"product_brand":[],"product_cat":[342],"product_tag":[345,451,452,346,347,453,454],"class_list":{"0":"post-1232","1":"product","2":"type-product","3":"status-publish","4":"has-post-thumbnail","6":"product_cat-diktofoni","7":"product_tag-diktafons","8":"product_tag-galvenais-diktofons","9":"product_tag-maskets-diktofons","10":"product_tag-mini-diktofons","11":"product_tag-slepenais-ierakstitajs","12":"product_tag-usb-diktofona-taustins","13":"product_tag-usb-diktofons","15":"first","16":"instock","17":"sale","18":"taxable","19":"shipping-taxable","20":"purchasable","21":"product-type-simple"},"yoast_head":"<!-- This site is optimized with the Yoast SEO plugin v27.5 - https:\/\/yoast.com\/product\/yoast-seo-wordpress\/ -->\n<title>Slepena audio ierakst\u012b\u0161anas ier\u012bce, kas mask\u0113ta k\u0101 USB<\/title>\n<meta name=\"description\" content=\"Mini diktofons kas mask\u0113ts k\u0101 usb atsl\u0113ga Atmi\u0146as 8gb Balss atpaz\u012b\u0161anas funkcija Viegli lietojams diktofons ar iesp\u0113ju ierakst\u012bt sarunas l\u012bdz pat 16h\" \/>\n<meta name=\"robots\" content=\"index, follow, max-snippet:-1, max-image-preview:large, max-video-preview:-1\" \/>\n<link rel=\"canonical\" href=\"https:\/\/izsekosanasierices.lv\/et\/produkts\/salajane-helisalvestusseade-mis-maskeerub-usb-flash-8gb-malu-vos-scan-sensoriks\/\" \/>\n<meta property=\"og:locale\" content=\"et_EE\" \/>\n<meta property=\"og:type\" content=\"article\" \/>\n<meta property=\"og:title\" content=\"Mini balss ierakst\u012bt\u0101js ar mask\u0113tu USB atsl\u0113gu 8gb - balss atpaz\u012b\u0161anas funkcija\" \/>\n<meta property=\"og:description\" content=\"Mini diktofons, kas mask\u0113ts k\u0101 USB atsl\u0113ga 8gb - balss atpaz\u012b\u0161anas funkcija. Viegli lietojams diktofons ar iesp\u0113ju ierakst\u012bt sarunas l\u012bdz pat 16 stund\u0101m. Lieliska ska\u0146as kvalit\u0101te\" \/>\n<meta property=\"og:url\" content=\"https:\/\/izsekosanasierices.lv\/et\/produkts\/salajane-helisalvestusseade-mis-maskeerub-usb-flash-8gb-malu-vos-scan-sensoriks\/\" \/>\n<meta property=\"og:site_name\" content=\"Nr1 Izseko\u0161anas ier\u012bces gps izseko\u0161anas iek\u0101rtas, klaus\u012b\u0161an\u0101s iek\u0101rtas\" \/>\n<meta property=\"article:modified_time\" content=\"2025-11-24T04:13:52+00:00\" \/>\n<meta property=\"og:image\" content=\"https:\/\/rvnski.dev\/sekimoiranga\/wp-content\/uploads\/izsekosanasierices.webp\" \/>\n<meta name=\"twitter:card\" content=\"summary_large_image\" \/>\n<meta name=\"twitter:title\" content=\"Mini balss ierakst\u012bt\u0101js ar mask\u0113tu USB atsl\u0113gu 8gb - balss atpaz\u012b\u0161anas funkcija\" \/>\n<meta name=\"twitter:description\" content=\"Mini diktofons, kas mask\u0113ts k\u0101 USB atsl\u0113ga 8gb - balss atpaz\u012b\u0161anas funkcija. Viegli lietojams diktofons ar iesp\u0113ju ierakst\u012bt sarunas l\u012bdz pat 16 stund\u0101m. Lieliska ska\u0146as kvalit\u0101te\" \/>\n<meta name=\"twitter:label1\" content=\"Est. reading time\" \/>\n\t<meta name=\"twitter:data1\" content=\"3 minutit\" \/>\n<script type=\"application\/ld+json\" class=\"yoast-schema-graph\">{\"@context\":\"https:\\\/\\\/schema.org\",\"@graph\":[{\"@type\":\"WebPage\",\"@id\":\"https:\\\/\\\/izsekosanasierices.lv\\\/produkts\\\/slepena-audio-ierakstisanas-ierice-kas-masketa-ka-usb-zibatmina-8gb-atmina-vos-skanas-sensors\\\/\",\"url\":\"https:\\\/\\\/izsekosanasierices.lv\\\/produkts\\\/slepena-audio-ierakstisanas-ierice-kas-masketa-ka-usb-zibatmina-8gb-atmina-vos-skanas-sensors\\\/\",\"name\":\"Slepena audio ierakst\u012b\u0161anas ier\u012bce, kas mask\u0113ta k\u0101 USB\",\"isPartOf\":{\"@id\":\"https:\\\/\\\/izsekosanasierices.lv\\\/#website\"},\"primaryImageOfPage\":{\"@id\":\"https:\\\/\\\/izsekosanasierices.lv\\\/produkts\\\/slepena-audio-ierakstisanas-ierice-kas-masketa-ka-usb-zibatmina-8gb-atmina-vos-skanas-sensors\\\/#primaryimage\"},\"image\":{\"@id\":\"https:\\\/\\\/izsekosanasierices.lv\\\/produkts\\\/slepena-audio-ierakstisanas-ierice-kas-masketa-ka-usb-zibatmina-8gb-atmina-vos-skanas-sensors\\\/#primaryimage\"},\"thumbnailUrl\":\"https:\\\/\\\/izsekosanasierices.lv\\\/wp-content\\\/uploads\\\/izsekosanasierices-slaptas-diktofonas-uzmaskuotas-usb-rakte-8gb-vos.jpg\",\"datePublished\":\"2023-10-05T15:37:11+00:00\",\"dateModified\":\"2025-11-24T04:13:52+00:00\",\"description\":\"Mini diktofons kas mask\u0113ts k\u0101 usb atsl\u0113ga Atmi\u0146as 8gb Balss atpaz\u012b\u0161anas funkcija Viegli lietojams diktofons ar iesp\u0113ju ierakst\u012bt sarunas l\u012bdz pat 16h\",\"breadcrumb\":{\"@id\":\"https:\\\/\\\/izsekosanasierices.lv\\\/produkts\\\/slepena-audio-ierakstisanas-ierice-kas-masketa-ka-usb-zibatmina-8gb-atmina-vos-skanas-sensors\\\/#breadcrumb\"},\"inLanguage\":\"et\",\"potentialAction\":[{\"@type\":\"ReadAction\",\"target\":[\"https:\\\/\\\/izsekosanasierices.lv\\\/produkts\\\/slepena-audio-ierakstisanas-ierice-kas-masketa-ka-usb-zibatmina-8gb-atmina-vos-skanas-sensors\\\/\"]}]},{\"@type\":\"ImageObject\",\"inLanguage\":\"et\",\"@id\":\"https:\\\/\\\/izsekosanasierices.lv\\\/produkts\\\/slepena-audio-ierakstisanas-ierice-kas-masketa-ka-usb-zibatmina-8gb-atmina-vos-skanas-sensors\\\/#primaryimage\",\"url\":\"https:\\\/\\\/izsekosanasierices.lv\\\/wp-content\\\/uploads\\\/izsekosanasierices-slaptas-diktofonas-uzmaskuotas-usb-rakte-8gb-vos.jpg\",\"contentUrl\":\"https:\\\/\\\/izsekosanasierices.lv\\\/wp-content\\\/uploads\\\/izsekosanasierices-slaptas-diktofonas-uzmaskuotas-usb-rakte-8gb-vos.jpg\",\"width\":648,\"height\":448,\"caption\":\"8gb slaptas mini diktofonas usb rakte ( atmintin\u0117)\"},{\"@type\":\"BreadcrumbList\",\"@id\":\"https:\\\/\\\/izsekosanasierices.lv\\\/produkts\\\/slepena-audio-ierakstisanas-ierice-kas-masketa-ka-usb-zibatmina-8gb-atmina-vos-skanas-sensors\\\/#breadcrumb\",\"itemListElement\":[{\"@type\":\"ListItem\",\"position\":1,\"name\":\"S\u0101kums\",\"item\":\"https:\\\/\\\/izsekosanasierices.lv\\\/\"},{\"@type\":\"ListItem\",\"position\":2,\"name\":\"Veikals\",\"item\":\"https:\\\/\\\/izsekosanasierices.lv\\\/veikals\\\/\"},{\"@type\":\"ListItem\",\"position\":3,\"name\":\"Slepena audio ierakst\u012b\u0161anas ier\u012bce, kas mask\u0113ta k\u0101 USB zibatmi\u0146a 8gb atmi\u0146a VOS ska\u0146as sensors\"}]},{\"@type\":\"WebSite\",\"@id\":\"https:\\\/\\\/izsekosanasierices.lv\\\/#website\",\"url\":\"https:\\\/\\\/izsekosanasierices.lv\\\/\",\"name\":\"Nr1 Izseko\u0161anas ier\u012bces gps izseko\u0161anas iek\u0101rtas, klaus\u012b\u0161an\u0101s iek\u0101rtas\",\"description\":\"\",\"potentialAction\":[{\"@type\":\"SearchAction\",\"target\":{\"@type\":\"EntryPoint\",\"urlTemplate\":\"https:\\\/\\\/izsekosanasierices.lv\\\/?s={search_term_string}\"},\"query-input\":{\"@type\":\"PropertyValueSpecification\",\"valueRequired\":true,\"valueName\":\"search_term_string\"}}],\"inLanguage\":\"et\"}]}<\/script>\n<!-- \/ Yoast SEO plugin. -->","yoast_head_json":{"title":"Slepena audio ierakst\u012b\u0161anas ier\u012bce, kas mask\u0113ta k\u0101 USB","description":"Mini diktofons kas mask\u0113ts k\u0101 usb atsl\u0113ga Atmi\u0146as 8gb Balss atpaz\u012b\u0161anas funkcija Viegli lietojams diktofons ar iesp\u0113ju ierakst\u012bt sarunas l\u012bdz pat 16h","robots":{"index":"index","follow":"follow","max-snippet":"max-snippet:-1","max-image-preview":"max-image-preview:large","max-video-preview":"max-video-preview:-1"},"canonical":"https:\/\/izsekosanasierices.lv\/et\/produkts\/salajane-helisalvestusseade-mis-maskeerub-usb-flash-8gb-malu-vos-scan-sensoriks\/","og_locale":"et_EE","og_type":"article","og_title":"Mini balss ierakst\u012bt\u0101js ar mask\u0113tu USB atsl\u0113gu 8gb - balss atpaz\u012b\u0161anas funkcija","og_description":"Mini diktofons, kas mask\u0113ts k\u0101 USB atsl\u0113ga 8gb - balss atpaz\u012b\u0161anas funkcija. Viegli lietojams diktofons ar iesp\u0113ju ierakst\u012bt sarunas l\u012bdz pat 16 stund\u0101m. Lieliska ska\u0146as kvalit\u0101te","og_url":"https:\/\/izsekosanasierices.lv\/et\/produkts\/salajane-helisalvestusseade-mis-maskeerub-usb-flash-8gb-malu-vos-scan-sensoriks\/","og_site_name":"Nr1 Izseko\u0161anas ier\u012bces gps izseko\u0161anas iek\u0101rtas, klaus\u012b\u0161an\u0101s iek\u0101rtas","article_modified_time":"2025-11-24T04:13:52+00:00","og_image":[{"url":"https:\/\/rvnski.dev\/sekimoiranga\/wp-content\/uploads\/izsekosanasierices.webp","type":"","width":"","height":""}],"twitter_card":"summary_large_image","twitter_title":"Mini balss ierakst\u012bt\u0101js ar mask\u0113tu USB atsl\u0113gu 8gb - balss atpaz\u012b\u0161anas funkcija","twitter_description":"Mini diktofons, kas mask\u0113ts k\u0101 USB atsl\u0113ga 8gb - balss atpaz\u012b\u0161anas funkcija. Viegli lietojams diktofons ar iesp\u0113ju ierakst\u012bt sarunas l\u012bdz pat 16 stund\u0101m. Lieliska ska\u0146as kvalit\u0101te","twitter_misc":{"Est. reading time":"3 minutit"},"schema":{"@context":"https:\/\/schema.org","@graph":[{"@type":"WebPage","@id":"https:\/\/izsekosanasierices.lv\/produkts\/slepena-audio-ierakstisanas-ierice-kas-masketa-ka-usb-zibatmina-8gb-atmina-vos-skanas-sensors\/","url":"https:\/\/izsekosanasierices.lv\/produkts\/slepena-audio-ierakstisanas-ierice-kas-masketa-ka-usb-zibatmina-8gb-atmina-vos-skanas-sensors\/","name":"Slepena audio ierakst\u012b\u0161anas ier\u012bce, kas mask\u0113ta k\u0101 USB","isPartOf":{"@id":"https:\/\/izsekosanasierices.lv\/#website"},"primaryImageOfPage":{"@id":"https:\/\/izsekosanasierices.lv\/produkts\/slepena-audio-ierakstisanas-ierice-kas-masketa-ka-usb-zibatmina-8gb-atmina-vos-skanas-sensors\/#primaryimage"},"image":{"@id":"https:\/\/izsekosanasierices.lv\/produkts\/slepena-audio-ierakstisanas-ierice-kas-masketa-ka-usb-zibatmina-8gb-atmina-vos-skanas-sensors\/#primaryimage"},"thumbnailUrl":"https:\/\/izsekosanasierices.lv\/wp-content\/uploads\/izsekosanasierices-slaptas-diktofonas-uzmaskuotas-usb-rakte-8gb-vos.jpg","datePublished":"2023-10-05T15:37:11+00:00","dateModified":"2025-11-24T04:13:52+00:00","description":"Mini diktofons kas mask\u0113ts k\u0101 usb atsl\u0113ga Atmi\u0146as 8gb Balss atpaz\u012b\u0161anas funkcija Viegli lietojams diktofons ar iesp\u0113ju ierakst\u012bt sarunas l\u012bdz pat 16h","breadcrumb":{"@id":"https:\/\/izsekosanasierices.lv\/produkts\/slepena-audio-ierakstisanas-ierice-kas-masketa-ka-usb-zibatmina-8gb-atmina-vos-skanas-sensors\/#breadcrumb"},"inLanguage":"et","potentialAction":[{"@type":"ReadAction","target":["https:\/\/izsekosanasierices.lv\/produkts\/slepena-audio-ierakstisanas-ierice-kas-masketa-ka-usb-zibatmina-8gb-atmina-vos-skanas-sensors\/"]}]},{"@type":"ImageObject","inLanguage":"et","@id":"https:\/\/izsekosanasierices.lv\/produkts\/slepena-audio-ierakstisanas-ierice-kas-masketa-ka-usb-zibatmina-8gb-atmina-vos-skanas-sensors\/#primaryimage","url":"https:\/\/izsekosanasierices.lv\/wp-content\/uploads\/izsekosanasierices-slaptas-diktofonas-uzmaskuotas-usb-rakte-8gb-vos.jpg","contentUrl":"https:\/\/izsekosanasierices.lv\/wp-content\/uploads\/izsekosanasierices-slaptas-diktofonas-uzmaskuotas-usb-rakte-8gb-vos.jpg","width":648,"height":448,"caption":"8gb slaptas mini diktofonas usb rakte ( atmintin\u0117)"},{"@type":"BreadcrumbList","@id":"https:\/\/izsekosanasierices.lv\/produkts\/slepena-audio-ierakstisanas-ierice-kas-masketa-ka-usb-zibatmina-8gb-atmina-vos-skanas-sensors\/#breadcrumb","itemListElement":[{"@type":"ListItem","position":1,"name":"S\u0101kums","item":"https:\/\/izsekosanasierices.lv\/"},{"@type":"ListItem","position":2,"name":"Veikals","item":"https:\/\/izsekosanasierices.lv\/veikals\/"},{"@type":"ListItem","position":3,"name":"Slepena audio ierakst\u012b\u0161anas ier\u012bce, kas mask\u0113ta k\u0101 USB zibatmi\u0146a 8gb atmi\u0146a VOS ska\u0146as sensors"}]},{"@type":"WebSite","@id":"https:\/\/izsekosanasierices.lv\/#website","url":"https:\/\/izsekosanasierices.lv\/","name":"Nr1 Izseko\u0161anas ier\u012bces gps izseko\u0161anas iek\u0101rtas, klaus\u012b\u0161an\u0101s iek\u0101rtas","description":"","potentialAction":[{"@type":"SearchAction","target":{"@type":"EntryPoint","urlTemplate":"https:\/\/izsekosanasierices.lv\/?s={search_term_string}"},"query-input":{"@type":"PropertyValueSpecification","valueRequired":true,"valueName":"search_term_string"}}],"inLanguage":"et"}]}},"_links":{"self":[{"href":"https:\/\/izsekosanasierices.lv\/et\/wp-json\/wp\/v2\/product\/1232","targetHints":{"allow":["GET"]}}],"collection":[{"href":"https:\/\/izsekosanasierices.lv\/et\/wp-json\/wp\/v2\/product"}],"about":[{"href":"https:\/\/izsekosanasierices.lv\/et\/wp-json\/wp\/v2\/types\/product"}],"wp:featuredmedia":[{"embeddable":true,"href":"https:\/\/izsekosanasierices.lv\/et\/wp-json\/wp\/v2\/media\/1487"}],"wp:attachment":[{"href":"https:\/\/izsekosanasierices.lv\/et\/wp-json\/wp\/v2\/media?parent=1232"}],"wp:term":[{"taxonomy":"product_brand","embeddable":true,"href":"https:\/\/izsekosanasierices.lv\/et\/wp-json\/wp\/v2\/product_brand?post=1232"},{"taxonomy":"product_cat","embeddable":true,"href":"https:\/\/izsekosanasierices.lv\/et\/wp-json\/wp\/v2\/product_cat?post=1232"},{"taxonomy":"product_tag","embeddable":true,"href":"https:\/\/izsekosanasierices.lv\/et\/wp-json\/wp\/v2\/product_tag?post=1232"}],"curies":[{"name":"wp","href":"https:\/\/api.w.org\/{rel}","templated":true}]}}