{"id":1233,"date":"2023-10-05T15:37:11","date_gmt":"2023-10-05T15:37:11","guid":{"rendered":"https:\/\/izsekosanasierices.lv\/produktas\/gsm-pasiklausymo-blake-n9-su-atskambinimo-funkcija\/"},"modified":"2026-03-14T09:38:52","modified_gmt":"2026-03-14T07:38:52","slug":"noklausisanas-ierices-n9-ar-atzvana-funkciju-original","status":"publish","type":"product","link":"https:\/\/izsekosanasierices.lv\/et\/produkts\/kuuldeaparaadid-n9-koos-tagasikutsumisfunktsiooniga-originaal\/","title":{"rendered":"Kuulamisseadmed N9 koos tagasikutsumisfunktsiooniga ORIGINAL"},"content":{"rendered":"<h3>ORIGINAAL (MITTE KOOPIA)<\/h3>\n<h3><strong>Tehnilised parameetrid:<\/strong><\/h3>\n<ul>\n<li>Automaatne tagasikutsumine<\/li>\n<li>Helituvastuse funktsioon<\/li>\n<li>\u00dchenduvus: GSM \/ GPRS<\/li>\n<li>GSM-sagedused: 850 \/ 900 \/ 1800 \/ 1900 MHz<\/li>\n<li>Laadimine: 5 V 500 mA USB-port<\/li>\n<li>Aku: 3,7 V 500 mAh liitium-ioonaku<\/li>\n<li>T\u00f6\u00f6temperatuur: -20 kuni +55 kraadi Celsiuse j\u00e4rgi.<\/li>\n<li>Niiskusesisaldus: 5 - 95 %<\/li>\n<li>Suurus: 43 mm x 32 mm x 13 mm<\/li>\n<li>Kaal: 28 g<\/li>\n<li>Sisaldab N9 seadet, USB-kaablit, laadija (ei kuulu komplekti), kasutusjuhendit.<\/li>\n<li><strong>Garantii 12 kuud<\/strong><\/li>\n<\/ul>\n<p><span style=\"color: #ff0000;\"><strong>Vajad kiiret sama p\u00e4eva (ja n\u00e4dalavahetuse) kohaletoimetamist? Helistage +371-20484176<\/strong><\/span><\/p>\n<p>Kasutamine: enda ja laste kaitsmiseks<\/p>\n<p><strong>GSM mini kuulamise seade N9 (ORIGINAL).<\/strong><\/p>\n<p>See pealtkuulamise seade t\u00f6\u00f6tab nagu mobiiltelefon. Te helistate seadmele I (<em>blake<\/em>) ja kuulete, mis teie \u00fcmber toimub. See GSM-kuulamise seade ehk <em>bugam<\/em> on tagasikutsumisfunktsioon, mis t\u00f6\u00f6tab, kui seade tuvastab h\u00e4\u00e4le v\u00f5i m\u00fcra, helistades automaatselt teie telefoninumbrile. See mini <em>vead<\/em> on v\u00e4ga v\u00e4ike, ainult 43 x 32 x 13 mm, ja ei p\u00f5le ega tee mingit heli. Laetav USB kaudu. Aku kestab kuni 4 p\u00e4eva. Lihtne hooldada ja kasutada - lihtsalt sisestage SIM-kaart ja olete 10 sekundiga valmis. On v\u00f5imalik m\u00e4\u00e4rata, et k\u00f5ne vastu v\u00f5taks ainult teie number, nii et ainult teie kuulete oma \u00fcmbrust. Samuti helistab seade ainult teie poolt m\u00e4\u00e4ratud numbrile. Kaks sisseehitatud mikrofoni tagavad k\u00f5rge helikvaliteedi.<\/p>\n<p><strong>K\u00e4ed-vabad kuulamise seade N9 koos tagasikutsumisfunktsiooniga<\/strong><\/p>\n<p>GSM pealtkuulamine <em>vead<\/em> kasutatakse enda ja oma laste kaitsmiseks, kui soovite teada saada, kas keegi on t\u00f5esti aus. On palju olukordi, kus peaksite kaaluma sellise seadme kasutamist, nii et saate valida selle, mis vastab k\u00f5ige paremini teie eelistustele ja vajadustele. GSM-kuulamise seade N9 on kvaliteetne ja usaldusv\u00e4\u00e4rne seade, mis tuvastab v\u00e4ga selge heli 5-7 meetri raadiuses.<\/p>\n<p>GSM-kuulamisseadet kasutatakse nagu iga teist sarnast seadet: SIM-kaart sisestatakse ja kui soovite kuulata, mis seadme \u00fcmber toimub, saate helistada SIM-kaardile m\u00e4\u00e4ratud telefoninumbrile. Seadmel on ka tagasikutsumisfunktsioon, mis t\u00e4hendab, et kui seade v\u00f5tab heli \u00fcles, helistatakse teie mobiiltelefonile. See funktsioon ei ole kasulik mitte ainult mugavuse m\u00f5ttes, vaid aitab ka aku aega s\u00e4\u00e4sta. Te v\u00f5ite soovitud teabe saamiseks pidevalt seadmele helistada, kuid see ei garanteeri, et te ei j\u00e4\u00e4ks olulistest vestlustest ilma. See helituvastuse funktsioon annab teile t\u00e4iesti uue v\u00f5imaluse veenduda, et te ei j\u00e4ta \u00fchtegi heli v\u00f5i m\u00fcra vahele. GSM <em>vead<\/em> N9 v\u00f5ib olla ootere\u017eiimil kuni 4 p\u00e4eva, nii et selle aja jooksul saad kindlasti koguda vajalikku teavet.<\/p>\n<p>See GSM <em>vead<\/em> on v\u00e4ga v\u00e4ike (43 mm x 32 mm x 13 mm), mist\u00f5ttu seda on v\u00e4ga lihtne peita. Tavaliselt paigutatakse pealtkuulamisseadmed j\u00e4lgitava isiku kontorisse, koju v\u00f5i autosse, kuid sellega ei pea piirduma, sest v\u00e4ikese pealtkuulamisseadme v\u00f5ib peita ka j\u00e4lgitava isiku asjade hulka (nt seljakotti v\u00f5i k\u00e4ekotti).<\/p>\n<p>GSM Eavesdropper N9 tarnitakse komplektis, mis sisaldab professionaalset pealtkuulamisseadet, USB-kaablit, laadijat ja kasutusjuhendit, et tagada selle seadme kasutamise erip\u00e4rade kiire ja korrektne m\u00f5istmine. See seade on kahtlemata \u00fcks parimaid valikuid, kui tegemist on teid huvitava teabe kogumisega, ning selle hind on t\u00f5epoolest v\u00e4ga m\u00f5istlik.<\/p>","protected":false},"excerpt":{"rendered":"<p>Eriti v\u00e4ike kuuldeaparaat N9, originaal (GSM), tagasisidefunktsiooniga. Lihtsalt peidetav, ooteaeg ca 4 p\u00e4eva. Seade t\u00f6\u00f6tab nagu telefon.<\/p>","protected":false},"featured_media":1490,"template":"","meta":[],"product_brand":[],"product_cat":[336,335],"product_tag":[62,376,110,338,339,377,378],"class_list":{"0":"post-1233","1":"product","2":"type-product","3":"status-publish","4":"has-post-thumbnail","6":"product_cat-gsm-noklausisanas-iekartas-blakes","7":"product_cat-noklausisanas-ierices","8":"product_tag-gsm-blake","9":"product_tag-gsm-mini-bugs","10":"product_tag-n9-blake","11":"product_tag-noklausisanas-iekartas","12":"product_tag-noklausisanas-kluda","13":"product_tag-spiegprogrammatura","14":"product_tag-telefonsarunu-noklausisanas","16":"first","17":"instock","18":"sale","19":"taxable","20":"shipping-taxable","21":"purchasable","22":"product-type-simple"},"yoast_head":"<!-- This site is optimized with the Yoast SEO plugin v27.5 - https:\/\/yoast.com\/product\/yoast-seo-wordpress\/ -->\n<title>Handsfree N9 ar zvanu atpaka\u013csa\u0146em\u0161anas funkciju<\/title>\n<meta name=\"description\" content=\"\u012apa\u0161i maza noklaus\u012b\u0161an\u0101s iek\u0101rta N9, ori\u0123in\u0101ls (GSM), ar atzvana funkciju Viegli nosl\u0113pjama, gaid\u012b\u0161anas laiks aptuveni 4 dienas. Ier\u012bce darbojas k\u0101 t\u0101lrunis\" \/>\n<meta name=\"robots\" content=\"index, follow, max-snippet:-1, max-image-preview:large, max-video-preview:-1\" \/>\n<link rel=\"canonical\" href=\"https:\/\/izsekosanasierices.lv\/et\/produkts\/kuuldeaparaadid-n9-koos-tagasikutsumisfunktsiooniga-originaal\/\" \/>\n<meta property=\"og:locale\" content=\"et_EE\" \/>\n<meta property=\"og:type\" content=\"article\" \/>\n<meta property=\"og:title\" content=\"Handsfree N9 ar zvanu atpaka\u013csa\u0146em\u0161anas funkciju\" \/>\n<meta property=\"og:description\" content=\"\u012apa\u0161i mazs N9 ori\u0123in\u0101ls ( gsm) ar atpaka\u013csaukuma funkciju. Viegli nosl\u0113pjams, gaid\u012b\u0161anas laiks ir aptuveni 4 dienas. Blusa darbojas k\u0101 t\u0101lrunis\" \/>\n<meta property=\"og:url\" content=\"https:\/\/izsekosanasierices.lv\/et\/produkts\/kuuldeaparaadid-n9-koos-tagasikutsumisfunktsiooniga-originaal\/\" \/>\n<meta property=\"og:site_name\" content=\"Nr1 Izseko\u0161anas ier\u012bces gps izseko\u0161anas iek\u0101rtas, klaus\u012b\u0161an\u0101s iek\u0101rtas\" \/>\n<meta property=\"article:modified_time\" content=\"2026-03-14T07:38:52+00:00\" \/>\n<meta property=\"og:image\" content=\"https:\/\/rvnski.dev\/sekimoiranga\/wp-content\/uploads\/izsekosanasierices.webp\" \/>\n<meta name=\"twitter:card\" content=\"summary_large_image\" \/>\n<meta name=\"twitter:title\" content=\"Handsfree N9 ar zvanu atpaka\u013csa\u0146em\u0161anas funkciju\" \/>\n<meta name=\"twitter:description\" content=\"\u012apa\u0161i mazs N9 ori\u0123in\u0101ls ( gsm) ar atpaka\u013csaukuma funkciju. Viegli nosl\u0113pjams, gaid\u012b\u0161anas laiks ir aptuveni 4 dienas. Blusa darbojas k\u0101 t\u0101lrunis\" \/>\n<meta name=\"twitter:label1\" content=\"Est. reading time\" \/>\n\t<meta name=\"twitter:data1\" content=\"3 minutit\" \/>\n<script type=\"application\/ld+json\" class=\"yoast-schema-graph\">{\"@context\":\"https:\\\/\\\/schema.org\",\"@graph\":[{\"@type\":\"WebPage\",\"@id\":\"https:\\\/\\\/izsekosanasierices.lv\\\/produkts\\\/noklausisanas-ierices-n9-ar-atzvana-funkciju-original\\\/\",\"url\":\"https:\\\/\\\/izsekosanasierices.lv\\\/produkts\\\/noklausisanas-ierices-n9-ar-atzvana-funkciju-original\\\/\",\"name\":\"Handsfree N9 ar zvanu atpaka\u013csa\u0146em\u0161anas funkciju\",\"isPartOf\":{\"@id\":\"https:\\\/\\\/izsekosanasierices.lv\\\/#website\"},\"primaryImageOfPage\":{\"@id\":\"https:\\\/\\\/izsekosanasierices.lv\\\/produkts\\\/noklausisanas-ierices-n9-ar-atzvana-funkciju-original\\\/#primaryimage\"},\"image\":{\"@id\":\"https:\\\/\\\/izsekosanasierices.lv\\\/produkts\\\/noklausisanas-ierices-n9-ar-atzvana-funkciju-original\\\/#primaryimage\"},\"thumbnailUrl\":\"https:\\\/\\\/izsekosanasierices.lv\\\/wp-content\\\/uploads\\\/izsekosanasierices-gsm-pasiklausymo-blake-n9-su-atskambinimo-funkcija.jpg\",\"datePublished\":\"2023-10-05T15:37:11+00:00\",\"dateModified\":\"2026-03-14T07:38:52+00:00\",\"description\":\"\u012apa\u0161i maza noklaus\u012b\u0161an\u0101s iek\u0101rta N9, ori\u0123in\u0101ls (GSM), ar atzvana funkciju Viegli nosl\u0113pjama, gaid\u012b\u0161anas laiks aptuveni 4 dienas. Ier\u012bce darbojas k\u0101 t\u0101lrunis\",\"breadcrumb\":{\"@id\":\"https:\\\/\\\/izsekosanasierices.lv\\\/produkts\\\/noklausisanas-ierices-n9-ar-atzvana-funkciju-original\\\/#breadcrumb\"},\"inLanguage\":\"et\",\"potentialAction\":[{\"@type\":\"ReadAction\",\"target\":[\"https:\\\/\\\/izsekosanasierices.lv\\\/produkts\\\/noklausisanas-ierices-n9-ar-atzvana-funkciju-original\\\/\"]}]},{\"@type\":\"ImageObject\",\"inLanguage\":\"et\",\"@id\":\"https:\\\/\\\/izsekosanasierices.lv\\\/produkts\\\/noklausisanas-ierices-n9-ar-atzvana-funkciju-original\\\/#primaryimage\",\"url\":\"https:\\\/\\\/izsekosanasierices.lv\\\/wp-content\\\/uploads\\\/izsekosanasierices-gsm-pasiklausymo-blake-n9-su-atskambinimo-funkcija.jpg\",\"contentUrl\":\"https:\\\/\\\/izsekosanasierices.lv\\\/wp-content\\\/uploads\\\/izsekosanasierices-gsm-pasiklausymo-blake-n9-su-atskambinimo-funkcija.jpg\",\"width\":549,\"height\":480,\"caption\":\"GSM pasiklausymo blak\u0117 N9\"},{\"@type\":\"BreadcrumbList\",\"@id\":\"https:\\\/\\\/izsekosanasierices.lv\\\/produkts\\\/noklausisanas-ierices-n9-ar-atzvana-funkciju-original\\\/#breadcrumb\",\"itemListElement\":[{\"@type\":\"ListItem\",\"position\":1,\"name\":\"S\u0101kums\",\"item\":\"https:\\\/\\\/izsekosanasierices.lv\\\/\"},{\"@type\":\"ListItem\",\"position\":2,\"name\":\"Veikals\",\"item\":\"https:\\\/\\\/izsekosanasierices.lv\\\/veikals\\\/\"},{\"@type\":\"ListItem\",\"position\":3,\"name\":\"Noklaus\u012b\u0161an\u0101s ier\u012bces N9 ar atzvana funkciju ORIGINAL\"}]},{\"@type\":\"WebSite\",\"@id\":\"https:\\\/\\\/izsekosanasierices.lv\\\/#website\",\"url\":\"https:\\\/\\\/izsekosanasierices.lv\\\/\",\"name\":\"Nr1 Izseko\u0161anas ier\u012bces gps izseko\u0161anas iek\u0101rtas, klaus\u012b\u0161an\u0101s iek\u0101rtas\",\"description\":\"\",\"potentialAction\":[{\"@type\":\"SearchAction\",\"target\":{\"@type\":\"EntryPoint\",\"urlTemplate\":\"https:\\\/\\\/izsekosanasierices.lv\\\/?s={search_term_string}\"},\"query-input\":{\"@type\":\"PropertyValueSpecification\",\"valueRequired\":true,\"valueName\":\"search_term_string\"}}],\"inLanguage\":\"et\"}]}<\/script>\n<!-- \/ Yoast SEO plugin. -->","yoast_head_json":{"title":"Handsfree N9 ar zvanu atpaka\u013csa\u0146em\u0161anas funkciju","description":"\u012apa\u0161i maza noklaus\u012b\u0161an\u0101s iek\u0101rta N9, ori\u0123in\u0101ls (GSM), ar atzvana funkciju Viegli nosl\u0113pjama, gaid\u012b\u0161anas laiks aptuveni 4 dienas. Ier\u012bce darbojas k\u0101 t\u0101lrunis","robots":{"index":"index","follow":"follow","max-snippet":"max-snippet:-1","max-image-preview":"max-image-preview:large","max-video-preview":"max-video-preview:-1"},"canonical":"https:\/\/izsekosanasierices.lv\/et\/produkts\/kuuldeaparaadid-n9-koos-tagasikutsumisfunktsiooniga-originaal\/","og_locale":"et_EE","og_type":"article","og_title":"Handsfree N9 ar zvanu atpaka\u013csa\u0146em\u0161anas funkciju","og_description":"\u012apa\u0161i mazs N9 ori\u0123in\u0101ls ( gsm) ar atpaka\u013csaukuma funkciju. Viegli nosl\u0113pjams, gaid\u012b\u0161anas laiks ir aptuveni 4 dienas. Blusa darbojas k\u0101 t\u0101lrunis","og_url":"https:\/\/izsekosanasierices.lv\/et\/produkts\/kuuldeaparaadid-n9-koos-tagasikutsumisfunktsiooniga-originaal\/","og_site_name":"Nr1 Izseko\u0161anas ier\u012bces gps izseko\u0161anas iek\u0101rtas, klaus\u012b\u0161an\u0101s iek\u0101rtas","article_modified_time":"2026-03-14T07:38:52+00:00","og_image":[{"url":"https:\/\/rvnski.dev\/sekimoiranga\/wp-content\/uploads\/izsekosanasierices.webp","type":"","width":"","height":""}],"twitter_card":"summary_large_image","twitter_title":"Handsfree N9 ar zvanu atpaka\u013csa\u0146em\u0161anas funkciju","twitter_description":"\u012apa\u0161i mazs N9 ori\u0123in\u0101ls ( gsm) ar atpaka\u013csaukuma funkciju. Viegli nosl\u0113pjams, gaid\u012b\u0161anas laiks ir aptuveni 4 dienas. Blusa darbojas k\u0101 t\u0101lrunis","twitter_misc":{"Est. reading time":"3 minutit"},"schema":{"@context":"https:\/\/schema.org","@graph":[{"@type":"WebPage","@id":"https:\/\/izsekosanasierices.lv\/produkts\/noklausisanas-ierices-n9-ar-atzvana-funkciju-original\/","url":"https:\/\/izsekosanasierices.lv\/produkts\/noklausisanas-ierices-n9-ar-atzvana-funkciju-original\/","name":"Handsfree N9 ar zvanu atpaka\u013csa\u0146em\u0161anas funkciju","isPartOf":{"@id":"https:\/\/izsekosanasierices.lv\/#website"},"primaryImageOfPage":{"@id":"https:\/\/izsekosanasierices.lv\/produkts\/noklausisanas-ierices-n9-ar-atzvana-funkciju-original\/#primaryimage"},"image":{"@id":"https:\/\/izsekosanasierices.lv\/produkts\/noklausisanas-ierices-n9-ar-atzvana-funkciju-original\/#primaryimage"},"thumbnailUrl":"https:\/\/izsekosanasierices.lv\/wp-content\/uploads\/izsekosanasierices-gsm-pasiklausymo-blake-n9-su-atskambinimo-funkcija.jpg","datePublished":"2023-10-05T15:37:11+00:00","dateModified":"2026-03-14T07:38:52+00:00","description":"\u012apa\u0161i maza noklaus\u012b\u0161an\u0101s iek\u0101rta N9, ori\u0123in\u0101ls (GSM), ar atzvana funkciju Viegli nosl\u0113pjama, gaid\u012b\u0161anas laiks aptuveni 4 dienas. Ier\u012bce darbojas k\u0101 t\u0101lrunis","breadcrumb":{"@id":"https:\/\/izsekosanasierices.lv\/produkts\/noklausisanas-ierices-n9-ar-atzvana-funkciju-original\/#breadcrumb"},"inLanguage":"et","potentialAction":[{"@type":"ReadAction","target":["https:\/\/izsekosanasierices.lv\/produkts\/noklausisanas-ierices-n9-ar-atzvana-funkciju-original\/"]}]},{"@type":"ImageObject","inLanguage":"et","@id":"https:\/\/izsekosanasierices.lv\/produkts\/noklausisanas-ierices-n9-ar-atzvana-funkciju-original\/#primaryimage","url":"https:\/\/izsekosanasierices.lv\/wp-content\/uploads\/izsekosanasierices-gsm-pasiklausymo-blake-n9-su-atskambinimo-funkcija.jpg","contentUrl":"https:\/\/izsekosanasierices.lv\/wp-content\/uploads\/izsekosanasierices-gsm-pasiklausymo-blake-n9-su-atskambinimo-funkcija.jpg","width":549,"height":480,"caption":"GSM pasiklausymo blak\u0117 N9"},{"@type":"BreadcrumbList","@id":"https:\/\/izsekosanasierices.lv\/produkts\/noklausisanas-ierices-n9-ar-atzvana-funkciju-original\/#breadcrumb","itemListElement":[{"@type":"ListItem","position":1,"name":"S\u0101kums","item":"https:\/\/izsekosanasierices.lv\/"},{"@type":"ListItem","position":2,"name":"Veikals","item":"https:\/\/izsekosanasierices.lv\/veikals\/"},{"@type":"ListItem","position":3,"name":"Noklaus\u012b\u0161an\u0101s ier\u012bces N9 ar atzvana funkciju ORIGINAL"}]},{"@type":"WebSite","@id":"https:\/\/izsekosanasierices.lv\/#website","url":"https:\/\/izsekosanasierices.lv\/","name":"Nr1 Izseko\u0161anas ier\u012bces gps izseko\u0161anas iek\u0101rtas, klaus\u012b\u0161an\u0101s iek\u0101rtas","description":"","potentialAction":[{"@type":"SearchAction","target":{"@type":"EntryPoint","urlTemplate":"https:\/\/izsekosanasierices.lv\/?s={search_term_string}"},"query-input":{"@type":"PropertyValueSpecification","valueRequired":true,"valueName":"search_term_string"}}],"inLanguage":"et"}]}},"_links":{"self":[{"href":"https:\/\/izsekosanasierices.lv\/et\/wp-json\/wp\/v2\/product\/1233","targetHints":{"allow":["GET"]}}],"collection":[{"href":"https:\/\/izsekosanasierices.lv\/et\/wp-json\/wp\/v2\/product"}],"about":[{"href":"https:\/\/izsekosanasierices.lv\/et\/wp-json\/wp\/v2\/types\/product"}],"wp:featuredmedia":[{"embeddable":true,"href":"https:\/\/izsekosanasierices.lv\/et\/wp-json\/wp\/v2\/media\/1490"}],"wp:attachment":[{"href":"https:\/\/izsekosanasierices.lv\/et\/wp-json\/wp\/v2\/media?parent=1233"}],"wp:term":[{"taxonomy":"product_brand","embeddable":true,"href":"https:\/\/izsekosanasierices.lv\/et\/wp-json\/wp\/v2\/product_brand?post=1233"},{"taxonomy":"product_cat","embeddable":true,"href":"https:\/\/izsekosanasierices.lv\/et\/wp-json\/wp\/v2\/product_cat?post=1233"},{"taxonomy":"product_tag","embeddable":true,"href":"https:\/\/izsekosanasierices.lv\/et\/wp-json\/wp\/v2\/product_tag?post=1233"}],"curies":[{"name":"wp","href":"https:\/\/api.w.org\/{rel}","templated":true}]}}