{"id":1234,"date":"2023-10-05T15:37:11","date_gmt":"2023-10-05T15:37:11","guid":{"rendered":"https:\/\/izsekosanasierices.lv\/produktas\/blakiu-kameru-detektorius-aptinka-gsm-gps-radio-wifi-signalus-1mhz-65ghz\/"},"modified":"2025-11-20T15:15:28","modified_gmt":"2025-11-20T13:15:28","slug":"slepto-kameru-detektors-nosaka-gsm-gps-radio-wifi-signalus-1-mhz-65-ghz","status":"publish","type":"product","link":"https:\/\/izsekosanasierices.lv\/et\/produkts\/varjatud-kaamera-detektor-tuvastab-gsm-gps-raadio-wifi-signaale-1-mhz-65-ghz\/","title":{"rendered":"Varjatud kaamera detektor, tuvastab GSM, GPS, RADIO, WiFi signaale 1 Mhz - 6,5 GHz"},"content":{"rendered":"<h3><strong>Tehnilised parameetrid:<\/strong><\/h3>\n<ul>\n<li>M\u00e4\u00e4ratletav sagedusala: 1 MHz - 6,5 GHz<\/li>\n<li>Tunnustatud signaalid: GSM (2G, 3G, 4G), GPS, raadio, traadita v\u00f5rgud (WiFi).<\/li>\n<li>Varjatud kaamera tuvastamine: jah, laser ja infrapunaobjektiiv<\/li>\n<li>H\u00e4ire: vibratsioon, helisignaal<\/li>\n<li>Antenn: teleskoopiline sisset\u00f5mmatav antenn<\/li>\n<li>Vastuv\u00f5tu ulatus (kaugus): kuni 10 m<\/li>\n<li>Tundlikkuse reguleerimine: jah<\/li>\n<li>Toide: 450 mAh aku<\/li>\n<li>Aku laetuse indikaator: jah<\/li>\n<li>LED-ekraan: sinine <span style=\"font-style: normal !msorm;\"><em>tagasi pritsida<\/em><\/span><\/li>\n<li>Suurus: 80 mm x 50 mm x 20 mm<\/li>\n<li>Kaal: 60 g<\/li>\n<li>V\u00e4rv: must<\/li>\n<li>Kaasas: detektor, elektrilaadija, kasutusjuhend, originaalpakend.<\/li>\n<li><strong>GARANTSIOON<\/strong><\/li>\n<\/ul>\n<p><strong>\u00a0<\/strong><\/p>\n<p><span style=\"color: #ff0000;\"><strong>Vajad kiiret sama p\u00e4eva (ja n\u00e4dalavahetuse) kohaletoimetamist?  Helistage +37120484176<\/strong><\/span><\/p>\n<p>&nbsp;<\/p>\n<p>Kaitske end h\u00f5lpsasti pealtkuulamise, salajase filmimise v\u00f5i GPS-j\u00e4lgimise eest. Detektor tuvastab k\u00f5ik raadiosagedussignaalid. Selle detektoriga saate h\u00f5lpsasti leida pealtkuulamise <span style=\"font-style: normal !msorm;\"><em>bugus<\/em><\/span> GPS-j\u00e4lgimisseadmed ja salajased kaamerad, mida saab varjata siseruumides v\u00f5i autos. V\u00e4ike ja k\u00e4ep\u00e4rane DETEKTOR CC-309 - kohe t\u00f6\u00f6valmis (j\u00e4lgimisseadmete otsimiseks). Detektor t\u00f6\u00f6tab 1 Mhz kuni 6,5 GHz ning on varustatud LCD-ekraani ja laetava akuga. J\u00e4lgimisseadme detektor leiab kaamerad infrapunavalguse abil, seega n\u00e4ete ekraanil punast punkti (see on peidetud kaamera objektiiv). Seadme tundlikkust on v\u00f5imalik reguleerida, mis v\u00f5imaldab v\u00e4ltida teiste seadmete poolt kiiratud sagedusi. Kui seade tuvastab teatud sageduse, v\u00f5ib see anda helisignaali ja vibreerida. T\u00e4nu sellele, et seda detektorit on nii lihtne kasutada, saate ka mitteprofessionaalina h\u00f5lpsasti j\u00e4lgimisseadmeid \u00fcles leida.<\/p>\n<p><strong>T\u00c4HELEPANU: Detektor leiab ainult t\u00f6\u00f6tavaid seadmeid (GSM, GPS, BLAKES, <\/strong>WiFi<strong>).<\/strong><\/p>","protected":false},"excerpt":{"rendered":"<p>Avastab h\u00f5lpsasti salajased kaamerad, pealtkuulamine<span style=\"font-style: normal !msorm;\"><em> bugus<\/em><\/span> v\u00f5i varjatud GPS-j\u00e4lgimisseadmed. Detektor tuvastab mobiiltelefoni signaale, WiFi-v\u00f5rke, raadiosignaale.<\/p>","protected":false},"featured_media":1496,"template":"","meta":[],"product_brand":[],"product_cat":[358],"product_tag":[457,401,444,403,458,456],"class_list":{"0":"post-1234","1":"product","2":"type-product","3":"status-publish","4":"has-post-thumbnail","6":"product_cat-detektori","7":"product_tag-blakei-detektors","8":"product_tag-blusu-detektors","9":"product_tag-gps-detektors","10":"product_tag-gsm-detektors","11":"product_tag-izsekosanas-un-degausesanas-detektors","12":"product_tag-noklausisanas-iekartu-detektors","14":"first","15":"instock","16":"taxable","17":"shipping-taxable","18":"purchasable","19":"product-type-simple"},"yoast_head":"<!-- This site is optimized with the Yoast SEO plugin v27.5 - https:\/\/yoast.com\/product\/yoast-seo-wordpress\/ -->\n<title>Sl\u0113pto kameru detektors, nosaka GSM, GPS, WiFi 1 Mhz 6,5 GHz<\/title>\n<meta name=\"description\" content=\"Viegli atkl\u0101jiet slepenas kameras, noklaus\u012b\u0161an\u0101s bugus vai sl\u0113ptus GPS izsekot\u0101jus. Detektors nosaka mobilo t\u0101lru\u0146u sign\u0101lus, WiFi t\u012bklus, radio sign\u0101lus.\" \/>\n<meta name=\"robots\" content=\"index, follow, max-snippet:-1, max-image-preview:large, max-video-preview:-1\" \/>\n<link rel=\"canonical\" href=\"https:\/\/izsekosanasierices.lv\/et\/produkts\/varjatud-kaamera-detektor-tuvastab-gsm-gps-raadio-wifi-signaale-1-mhz-65-ghz\/\" \/>\n<meta property=\"og:locale\" content=\"et_EE\" \/>\n<meta property=\"og:type\" content=\"article\" \/>\n<meta property=\"og:title\" content=\"Klai\u0146ojo\u0161as kameras detektors GSM GPS RADIO WiFi 1Mhz 6,5GHz\" \/>\n<meta property=\"og:description\" content=\"Viegli atkl\u0101jiet slepenas kameras, noklaus\u012b\u0161an\u0101s bugs vai sl\u0113ptus GPS izsekot\u0101jus. Detektors nosaka mobilo t\u0101lru\u0146u sign\u0101lus, wifi t\u012bklus, radio sign\u0101lus.\" \/>\n<meta property=\"og:url\" content=\"https:\/\/izsekosanasierices.lv\/et\/produkts\/varjatud-kaamera-detektor-tuvastab-gsm-gps-raadio-wifi-signaale-1-mhz-65-ghz\/\" \/>\n<meta property=\"og:site_name\" content=\"Nr1 Izseko\u0161anas ier\u012bces gps izseko\u0161anas iek\u0101rtas, klaus\u012b\u0161an\u0101s iek\u0101rtas\" \/>\n<meta property=\"article:modified_time\" content=\"2025-11-20T13:15:28+00:00\" \/>\n<meta property=\"og:image\" content=\"https:\/\/rvnski.dev\/sekimoiranga\/wp-content\/uploads\/izsekosanasierices.webp\" \/>\n<meta name=\"twitter:card\" content=\"summary_large_image\" \/>\n<meta name=\"twitter:title\" content=\"Klai\u0146ojo\u0161as kameras detektors GSM GPS RADIO WiFi 1Mhz 6,5GHz\" \/>\n<meta name=\"twitter:description\" content=\"Viegli atkl\u0101jiet slepenas kameras, noklaus\u012b\u0161an\u0101s bugs vai sl\u0113ptus GPS izsekot\u0101jus. Detektors nosaka mobilo t\u0101lru\u0146u sign\u0101lus, wifi t\u012bklus, radio sign\u0101lus.\" \/>\n<meta name=\"twitter:label1\" content=\"Est. reading time\" \/>\n\t<meta name=\"twitter:data1\" content=\"2 minutit\" \/>\n<script type=\"application\/ld+json\" class=\"yoast-schema-graph\">{\"@context\":\"https:\\\/\\\/schema.org\",\"@graph\":[{\"@type\":\"WebPage\",\"@id\":\"https:\\\/\\\/izsekosanasierices.lv\\\/produkts\\\/slepto-kameru-detektors-nosaka-gsm-gps-radio-wifi-signalus-1-mhz-65-ghz\\\/\",\"url\":\"https:\\\/\\\/izsekosanasierices.lv\\\/produkts\\\/slepto-kameru-detektors-nosaka-gsm-gps-radio-wifi-signalus-1-mhz-65-ghz\\\/\",\"name\":\"Sl\u0113pto kameru detektors, nosaka GSM, GPS, WiFi 1 Mhz 6,5 GHz\",\"isPartOf\":{\"@id\":\"https:\\\/\\\/izsekosanasierices.lv\\\/#website\"},\"primaryImageOfPage\":{\"@id\":\"https:\\\/\\\/izsekosanasierices.lv\\\/produkts\\\/slepto-kameru-detektors-nosaka-gsm-gps-radio-wifi-signalus-1-mhz-65-ghz\\\/#primaryimage\"},\"image\":{\"@id\":\"https:\\\/\\\/izsekosanasierices.lv\\\/produkts\\\/slepto-kameru-detektors-nosaka-gsm-gps-radio-wifi-signalus-1-mhz-65-ghz\\\/#primaryimage\"},\"thumbnailUrl\":\"https:\\\/\\\/izsekosanasierices.lv\\\/wp-content\\\/uploads\\\/izsekosanasierices-blakiu-detektorius-lengvai-aptinka-signalus-gsm-gps-wi-fi.jpg\",\"datePublished\":\"2023-10-05T15:37:11+00:00\",\"dateModified\":\"2025-11-20T13:15:28+00:00\",\"description\":\"Viegli atkl\u0101jiet slepenas kameras, noklaus\u012b\u0161an\u0101s bugus vai sl\u0113ptus GPS izsekot\u0101jus. Detektors nosaka mobilo t\u0101lru\u0146u sign\u0101lus, WiFi t\u012bklus, radio sign\u0101lus.\",\"breadcrumb\":{\"@id\":\"https:\\\/\\\/izsekosanasierices.lv\\\/produkts\\\/slepto-kameru-detektors-nosaka-gsm-gps-radio-wifi-signalus-1-mhz-65-ghz\\\/#breadcrumb\"},\"inLanguage\":\"et\",\"potentialAction\":[{\"@type\":\"ReadAction\",\"target\":[\"https:\\\/\\\/izsekosanasierices.lv\\\/produkts\\\/slepto-kameru-detektors-nosaka-gsm-gps-radio-wifi-signalus-1-mhz-65-ghz\\\/\"]}]},{\"@type\":\"ImageObject\",\"inLanguage\":\"et\",\"@id\":\"https:\\\/\\\/izsekosanasierices.lv\\\/produkts\\\/slepto-kameru-detektors-nosaka-gsm-gps-radio-wifi-signalus-1-mhz-65-ghz\\\/#primaryimage\",\"url\":\"https:\\\/\\\/izsekosanasierices.lv\\\/wp-content\\\/uploads\\\/izsekosanasierices-blakiu-detektorius-lengvai-aptinka-signalus-gsm-gps-wi-fi.jpg\",\"contentUrl\":\"https:\\\/\\\/izsekosanasierices.lv\\\/wp-content\\\/uploads\\\/izsekosanasierices-blakiu-detektorius-lengvai-aptinka-signalus-gsm-gps-wi-fi.jpg\",\"width\":640,\"height\":454,\"caption\":\"Balki\u0173 detektorius\"},{\"@type\":\"BreadcrumbList\",\"@id\":\"https:\\\/\\\/izsekosanasierices.lv\\\/produkts\\\/slepto-kameru-detektors-nosaka-gsm-gps-radio-wifi-signalus-1-mhz-65-ghz\\\/#breadcrumb\",\"itemListElement\":[{\"@type\":\"ListItem\",\"position\":1,\"name\":\"S\u0101kums\",\"item\":\"https:\\\/\\\/izsekosanasierices.lv\\\/\"},{\"@type\":\"ListItem\",\"position\":2,\"name\":\"Veikals\",\"item\":\"https:\\\/\\\/izsekosanasierices.lv\\\/veikals\\\/\"},{\"@type\":\"ListItem\",\"position\":3,\"name\":\"Sl\u0113pto kameru detektors, nosaka GSM, GPS, RADIO, WiFi sign\u0101lus 1 Mhz &#8211; 6,5 GHz\"}]},{\"@type\":\"WebSite\",\"@id\":\"https:\\\/\\\/izsekosanasierices.lv\\\/#website\",\"url\":\"https:\\\/\\\/izsekosanasierices.lv\\\/\",\"name\":\"Nr1 Izseko\u0161anas ier\u012bces gps izseko\u0161anas iek\u0101rtas, klaus\u012b\u0161an\u0101s iek\u0101rtas\",\"description\":\"\",\"potentialAction\":[{\"@type\":\"SearchAction\",\"target\":{\"@type\":\"EntryPoint\",\"urlTemplate\":\"https:\\\/\\\/izsekosanasierices.lv\\\/?s={search_term_string}\"},\"query-input\":{\"@type\":\"PropertyValueSpecification\",\"valueRequired\":true,\"valueName\":\"search_term_string\"}}],\"inLanguage\":\"et\"}]}<\/script>\n<!-- \/ Yoast SEO plugin. -->","yoast_head_json":{"title":"Sl\u0113pto kameru detektors, nosaka GSM, GPS, WiFi 1 Mhz 6,5 GHz","description":"Viegli atkl\u0101jiet slepenas kameras, noklaus\u012b\u0161an\u0101s bugus vai sl\u0113ptus GPS izsekot\u0101jus. Detektors nosaka mobilo t\u0101lru\u0146u sign\u0101lus, WiFi t\u012bklus, radio sign\u0101lus.","robots":{"index":"index","follow":"follow","max-snippet":"max-snippet:-1","max-image-preview":"max-image-preview:large","max-video-preview":"max-video-preview:-1"},"canonical":"https:\/\/izsekosanasierices.lv\/et\/produkts\/varjatud-kaamera-detektor-tuvastab-gsm-gps-raadio-wifi-signaale-1-mhz-65-ghz\/","og_locale":"et_EE","og_type":"article","og_title":"Klai\u0146ojo\u0161as kameras detektors GSM GPS RADIO WiFi 1Mhz 6,5GHz","og_description":"Viegli atkl\u0101jiet slepenas kameras, noklaus\u012b\u0161an\u0101s bugs vai sl\u0113ptus GPS izsekot\u0101jus. Detektors nosaka mobilo t\u0101lru\u0146u sign\u0101lus, wifi t\u012bklus, radio sign\u0101lus.","og_url":"https:\/\/izsekosanasierices.lv\/et\/produkts\/varjatud-kaamera-detektor-tuvastab-gsm-gps-raadio-wifi-signaale-1-mhz-65-ghz\/","og_site_name":"Nr1 Izseko\u0161anas ier\u012bces gps izseko\u0161anas iek\u0101rtas, klaus\u012b\u0161an\u0101s iek\u0101rtas","article_modified_time":"2025-11-20T13:15:28+00:00","og_image":[{"url":"https:\/\/rvnski.dev\/sekimoiranga\/wp-content\/uploads\/izsekosanasierices.webp","type":"","width":"","height":""}],"twitter_card":"summary_large_image","twitter_title":"Klai\u0146ojo\u0161as kameras detektors GSM GPS RADIO WiFi 1Mhz 6,5GHz","twitter_description":"Viegli atkl\u0101jiet slepenas kameras, noklaus\u012b\u0161an\u0101s bugs vai sl\u0113ptus GPS izsekot\u0101jus. Detektors nosaka mobilo t\u0101lru\u0146u sign\u0101lus, wifi t\u012bklus, radio sign\u0101lus.","twitter_misc":{"Est. reading time":"2 minutit"},"schema":{"@context":"https:\/\/schema.org","@graph":[{"@type":"WebPage","@id":"https:\/\/izsekosanasierices.lv\/produkts\/slepto-kameru-detektors-nosaka-gsm-gps-radio-wifi-signalus-1-mhz-65-ghz\/","url":"https:\/\/izsekosanasierices.lv\/produkts\/slepto-kameru-detektors-nosaka-gsm-gps-radio-wifi-signalus-1-mhz-65-ghz\/","name":"Sl\u0113pto kameru detektors, nosaka GSM, GPS, WiFi 1 Mhz 6,5 GHz","isPartOf":{"@id":"https:\/\/izsekosanasierices.lv\/#website"},"primaryImageOfPage":{"@id":"https:\/\/izsekosanasierices.lv\/produkts\/slepto-kameru-detektors-nosaka-gsm-gps-radio-wifi-signalus-1-mhz-65-ghz\/#primaryimage"},"image":{"@id":"https:\/\/izsekosanasierices.lv\/produkts\/slepto-kameru-detektors-nosaka-gsm-gps-radio-wifi-signalus-1-mhz-65-ghz\/#primaryimage"},"thumbnailUrl":"https:\/\/izsekosanasierices.lv\/wp-content\/uploads\/izsekosanasierices-blakiu-detektorius-lengvai-aptinka-signalus-gsm-gps-wi-fi.jpg","datePublished":"2023-10-05T15:37:11+00:00","dateModified":"2025-11-20T13:15:28+00:00","description":"Viegli atkl\u0101jiet slepenas kameras, noklaus\u012b\u0161an\u0101s bugus vai sl\u0113ptus GPS izsekot\u0101jus. Detektors nosaka mobilo t\u0101lru\u0146u sign\u0101lus, WiFi t\u012bklus, radio sign\u0101lus.","breadcrumb":{"@id":"https:\/\/izsekosanasierices.lv\/produkts\/slepto-kameru-detektors-nosaka-gsm-gps-radio-wifi-signalus-1-mhz-65-ghz\/#breadcrumb"},"inLanguage":"et","potentialAction":[{"@type":"ReadAction","target":["https:\/\/izsekosanasierices.lv\/produkts\/slepto-kameru-detektors-nosaka-gsm-gps-radio-wifi-signalus-1-mhz-65-ghz\/"]}]},{"@type":"ImageObject","inLanguage":"et","@id":"https:\/\/izsekosanasierices.lv\/produkts\/slepto-kameru-detektors-nosaka-gsm-gps-radio-wifi-signalus-1-mhz-65-ghz\/#primaryimage","url":"https:\/\/izsekosanasierices.lv\/wp-content\/uploads\/izsekosanasierices-blakiu-detektorius-lengvai-aptinka-signalus-gsm-gps-wi-fi.jpg","contentUrl":"https:\/\/izsekosanasierices.lv\/wp-content\/uploads\/izsekosanasierices-blakiu-detektorius-lengvai-aptinka-signalus-gsm-gps-wi-fi.jpg","width":640,"height":454,"caption":"Balki\u0173 detektorius"},{"@type":"BreadcrumbList","@id":"https:\/\/izsekosanasierices.lv\/produkts\/slepto-kameru-detektors-nosaka-gsm-gps-radio-wifi-signalus-1-mhz-65-ghz\/#breadcrumb","itemListElement":[{"@type":"ListItem","position":1,"name":"S\u0101kums","item":"https:\/\/izsekosanasierices.lv\/"},{"@type":"ListItem","position":2,"name":"Veikals","item":"https:\/\/izsekosanasierices.lv\/veikals\/"},{"@type":"ListItem","position":3,"name":"Sl\u0113pto kameru detektors, nosaka GSM, GPS, RADIO, WiFi sign\u0101lus 1 Mhz &#8211; 6,5 GHz"}]},{"@type":"WebSite","@id":"https:\/\/izsekosanasierices.lv\/#website","url":"https:\/\/izsekosanasierices.lv\/","name":"Nr1 Izseko\u0161anas ier\u012bces gps izseko\u0161anas iek\u0101rtas, klaus\u012b\u0161an\u0101s iek\u0101rtas","description":"","potentialAction":[{"@type":"SearchAction","target":{"@type":"EntryPoint","urlTemplate":"https:\/\/izsekosanasierices.lv\/?s={search_term_string}"},"query-input":{"@type":"PropertyValueSpecification","valueRequired":true,"valueName":"search_term_string"}}],"inLanguage":"et"}]}},"_links":{"self":[{"href":"https:\/\/izsekosanasierices.lv\/et\/wp-json\/wp\/v2\/product\/1234","targetHints":{"allow":["GET"]}}],"collection":[{"href":"https:\/\/izsekosanasierices.lv\/et\/wp-json\/wp\/v2\/product"}],"about":[{"href":"https:\/\/izsekosanasierices.lv\/et\/wp-json\/wp\/v2\/types\/product"}],"wp:featuredmedia":[{"embeddable":true,"href":"https:\/\/izsekosanasierices.lv\/et\/wp-json\/wp\/v2\/media\/1496"}],"wp:attachment":[{"href":"https:\/\/izsekosanasierices.lv\/et\/wp-json\/wp\/v2\/media?parent=1234"}],"wp:term":[{"taxonomy":"product_brand","embeddable":true,"href":"https:\/\/izsekosanasierices.lv\/et\/wp-json\/wp\/v2\/product_brand?post=1234"},{"taxonomy":"product_cat","embeddable":true,"href":"https:\/\/izsekosanasierices.lv\/et\/wp-json\/wp\/v2\/product_cat?post=1234"},{"taxonomy":"product_tag","embeddable":true,"href":"https:\/\/izsekosanasierices.lv\/et\/wp-json\/wp\/v2\/product_tag?post=1234"}],"curies":[{"name":"wp","href":"https:\/\/api.w.org\/{rel}","templated":true}]}}