{"id":1236,"date":"2023-10-05T15:37:11","date_gmt":"2023-10-05T15:37:11","guid":{"rendered":"https:\/\/izsekosanasierices.lv\/produktas\/profesionalus-snipinejimo-irangos-detektorius-gps-gsm-radio-ir-gps-signalu\/"},"modified":"2025-11-19T15:34:51","modified_gmt":"2025-11-19T13:34:51","slug":"profesionals-izspiegosanas-programmaturas-detektors-gps-gsm-un-radio-signaliem","status":"publish","type":"product","link":"https:\/\/izsekosanasierices.lv\/et\/produkts\/professionaalne-nuhkvara-detektor-gps-gsm-ja-raadiosignaalide-jaoks\/","title":{"rendered":"Professionaalne GPS, GSM ja RADIO signaalide tuvastamise tarkvara."},"content":{"rendered":"<h3><strong>Tehnilised parameetrid:<\/strong><\/h3>\n<ul>\n<li>Tuvastatav sagedusvahemik: 1 MHz - 7 GHz (tuvastatakse GSM-, raadio- ja GPS-signaalid).<\/li>\n<li>Signaali tugevuse indikaator: 6 valgusdioodi<\/li>\n<li>Helisignaal: jah<\/li>\n<li>Toiteallikas: 1 x 9V patarei (6F22, ei kuulu komplekti).<\/li>\n<li>Lisafunktsioonid: sisset\u00f5mmatav teleskoopantenn<\/li>\n<li>Kaal ja m\u00f5\u00f5tmed: 42 g, 80 mm x 60 mm x 28 mm<\/li>\n<li>V\u00e4rv: must<\/li>\n<li>Kaasas: detektor ja kasutusjuhend<\/li>\n<li><strong>Garantii 12 kuud<\/strong><\/li>\n<\/ul>\n<p><strong>\u00a0<\/strong><\/p>\n<p><span style=\"color: #ff0000;\"><strong>Vajad kiiret sama p\u00e4eva (ja n\u00e4dalavahetuse) kohaletoimetamist?  Helistage +37120484176<\/strong><\/span><\/p>\n<p>PROFESSIONAALNE nuhkvara detektor. Lihtne viis mobiiltelefoni, pealtkuulamisseadmete v\u00f5i GPS j\u00e4lgimisseadmete tuvastamiseks. Avastatud signaalist annab m\u00e4rku detektori vibratsioon v\u00f5i LED-indikaator. Seadme tundlikkust on v\u00f5imalik reguleerida, mist\u00f5ttu sobib see kasutamiseks kodus, kontoris v\u00f5i autos. Avastab seadmeid kuni 1 meetri kauguselt. J\u00e4lgimisseadmete tuvastamine on v\u00e4ga lihtne. T\u00f5mmake antenn v\u00e4lja, l\u00fclitage seade sisse ja see skaneerib laineid, et n\u00e4idata, kas teie l\u00e4heduses on GPS, GSM v\u00f5i RF j\u00e4lgimisseade.<\/p>\n<p><strong>Sisaldab detektorit ja kasutusjuhendit.<\/strong><\/p>\n<p><strong>T\u00c4HELEPANU: Detektor tuvastab ainult t\u00f6\u00f6tavaid seadmeid (GSM, GPS, BLAKES, <\/strong>WiFi<strong>).<\/strong><\/p>","protected":false},"excerpt":{"rendered":"<p>Nuhkvara detektor tuvastab GSM GPS RADIO signaale. Saate teada, kas teid j\u00e4lgitakse v\u00f5i kas keegi kuulab teie vestlusi kontoris v\u00f5i autos. Madal hind<\/p>","protected":false},"featured_media":1505,"template":"","meta":[],"product_brand":[],"product_cat":[358],"product_tag":[402,444,403,404,445,446],"class_list":{"0":"post-1236","1":"product","2":"type-product","3":"status-publish","4":"has-post-thumbnail","6":"product_cat-detektori","7":"product_tag-detektors","8":"product_tag-gps-detektors","9":"product_tag-gsm-detektors","10":"product_tag-izsekosanas-ierices-detektors","11":"product_tag-radio-detektors","12":"product_tag-sniffing-ierices-detektors","14":"first","15":"outofstock","16":"taxable","17":"shipping-taxable","18":"purchasable","19":"product-type-simple"},"yoast_head":"<!-- This site is optimized with the Yoast SEO plugin v27.5 - https:\/\/yoast.com\/product\/yoast-seo-wordpress\/ -->\n<title>Profesion\u0101ls izspiego\u0161anas programmat\u016bras detektors GPS, GSM<\/title>\n<meta name=\"description\" content=\"Spiego\u0161anas programmat\u016bras detektors konstat\u0113 gsm, gps un radio sign\u0101lus. Uzziniet, vai k\u0101ds jums seko un \/ vai noklaus\u0101s j\u016bsu sarunas biroj\u0101 vai automa\u0161\u012bn\u0101\" \/>\n<meta name=\"robots\" content=\"index, follow, max-snippet:-1, max-image-preview:large, max-video-preview:-1\" \/>\n<link rel=\"canonical\" href=\"https:\/\/izsekosanasierices.lv\/et\/produkts\/professionaalne-nuhkvara-detektor-gps-gsm-ja-raadiosignaalide-jaoks\/\" \/>\n<meta property=\"og:locale\" content=\"et_EE\" \/>\n<meta property=\"og:type\" content=\"article\" \/>\n<meta property=\"og:title\" content=\"Profesion\u0101ls spiegprogrammat\u016bras detektors GSM GPS RD Wi-fi\" \/>\n<meta property=\"og:description\" content=\"Spiegprogrammat\u016bras detektors konstat\u0113 GSM GPS RADIO sign\u0101lus. Uzziniet, vai jums seko vai k\u0101ds klaus\u0101s j\u016bsu sarun\u0101s biroj\u0101 vai automa\u0161\u012bn\u0101. Zema cena\" \/>\n<meta property=\"og:url\" content=\"https:\/\/izsekosanasierices.lv\/et\/produkts\/professionaalne-nuhkvara-detektor-gps-gsm-ja-raadiosignaalide-jaoks\/\" \/>\n<meta property=\"og:site_name\" content=\"Nr1 Izseko\u0161anas ier\u012bces gps izseko\u0161anas iek\u0101rtas, klaus\u012b\u0161an\u0101s iek\u0101rtas\" \/>\n<meta property=\"article:modified_time\" content=\"2025-11-19T13:34:51+00:00\" \/>\n<meta property=\"og:image\" content=\"https:\/\/rvnski.dev\/sekimoiranga\/wp-content\/uploads\/izsekosanasierices.webp\" \/>\n<meta name=\"twitter:card\" content=\"summary_large_image\" \/>\n<meta name=\"twitter:title\" content=\"Profesion\u0101ls spiegprogrammat\u016bras detektors GSM GPS RD Wi-fi\" \/>\n<meta name=\"twitter:description\" content=\"Spiegprogrammat\u016bras detektors konstat\u0113 GSM GPS RADIO sign\u0101lus. Uzziniet, vai jums seko vai k\u0101ds klaus\u0101s j\u016bsu sarun\u0101s biroj\u0101 vai automa\u0161\u012bn\u0101. Zema cena\" \/>\n<meta name=\"twitter:label1\" content=\"Est. reading time\" \/>\n\t<meta name=\"twitter:data1\" content=\"2 minutit\" \/>\n<script type=\"application\/ld+json\" class=\"yoast-schema-graph\">{\"@context\":\"https:\\\/\\\/schema.org\",\"@graph\":[{\"@type\":\"WebPage\",\"@id\":\"https:\\\/\\\/izsekosanasierices.lv\\\/produkts\\\/profesionals-izspiegosanas-programmaturas-detektors-gps-gsm-un-radio-signaliem\\\/\",\"url\":\"https:\\\/\\\/izsekosanasierices.lv\\\/produkts\\\/profesionals-izspiegosanas-programmaturas-detektors-gps-gsm-un-radio-signaliem\\\/\",\"name\":\"Profesion\u0101ls izspiego\u0161anas programmat\u016bras detektors GPS, GSM\",\"isPartOf\":{\"@id\":\"https:\\\/\\\/izsekosanasierices.lv\\\/#website\"},\"primaryImageOfPage\":{\"@id\":\"https:\\\/\\\/izsekosanasierices.lv\\\/produkts\\\/profesionals-izspiegosanas-programmaturas-detektors-gps-gsm-un-radio-signaliem\\\/#primaryimage\"},\"image\":{\"@id\":\"https:\\\/\\\/izsekosanasierices.lv\\\/produkts\\\/profesionals-izspiegosanas-programmaturas-detektors-gps-gsm-un-radio-signaliem\\\/#primaryimage\"},\"thumbnailUrl\":\"https:\\\/\\\/izsekosanasierices.lv\\\/wp-content\\\/uploads\\\/izsekosanasierices-snipinejimo-irangos-detektorius-gps-gsm-radio-ir-gps-signalu.jpg\",\"datePublished\":\"2023-10-05T15:37:11+00:00\",\"dateModified\":\"2025-11-19T13:34:51+00:00\",\"description\":\"Spiego\u0161anas programmat\u016bras detektors konstat\u0113 gsm, gps un radio sign\u0101lus. Uzziniet, vai k\u0101ds jums seko un \\\/ vai noklaus\u0101s j\u016bsu sarunas biroj\u0101 vai automa\u0161\u012bn\u0101\",\"breadcrumb\":{\"@id\":\"https:\\\/\\\/izsekosanasierices.lv\\\/produkts\\\/profesionals-izspiegosanas-programmaturas-detektors-gps-gsm-un-radio-signaliem\\\/#breadcrumb\"},\"inLanguage\":\"et\",\"potentialAction\":[{\"@type\":\"ReadAction\",\"target\":[\"https:\\\/\\\/izsekosanasierices.lv\\\/produkts\\\/profesionals-izspiegosanas-programmaturas-detektors-gps-gsm-un-radio-signaliem\\\/\"]}]},{\"@type\":\"ImageObject\",\"inLanguage\":\"et\",\"@id\":\"https:\\\/\\\/izsekosanasierices.lv\\\/produkts\\\/profesionals-izspiegosanas-programmaturas-detektors-gps-gsm-un-radio-signaliem\\\/#primaryimage\",\"url\":\"https:\\\/\\\/izsekosanasierices.lv\\\/wp-content\\\/uploads\\\/izsekosanasierices-snipinejimo-irangos-detektorius-gps-gsm-radio-ir-gps-signalu.jpg\",\"contentUrl\":\"https:\\\/\\\/izsekosanasierices.lv\\\/wp-content\\\/uploads\\\/izsekosanasierices-snipinejimo-irangos-detektorius-gps-gsm-radio-ir-gps-signalu.jpg\",\"width\":725,\"height\":617,\"caption\":\"Gps sekimo \u012frangos detektorius\"},{\"@type\":\"BreadcrumbList\",\"@id\":\"https:\\\/\\\/izsekosanasierices.lv\\\/produkts\\\/profesionals-izspiegosanas-programmaturas-detektors-gps-gsm-un-radio-signaliem\\\/#breadcrumb\",\"itemListElement\":[{\"@type\":\"ListItem\",\"position\":1,\"name\":\"S\u0101kums\",\"item\":\"https:\\\/\\\/izsekosanasierices.lv\\\/\"},{\"@type\":\"ListItem\",\"position\":2,\"name\":\"Veikals\",\"item\":\"https:\\\/\\\/izsekosanasierices.lv\\\/veikals\\\/\"},{\"@type\":\"ListItem\",\"position\":3,\"name\":\"Profesion\u0101ls izspiego\u0161anas programmat\u016bras detektors GPS, GSM un RADIO sign\u0101liem\"}]},{\"@type\":\"WebSite\",\"@id\":\"https:\\\/\\\/izsekosanasierices.lv\\\/#website\",\"url\":\"https:\\\/\\\/izsekosanasierices.lv\\\/\",\"name\":\"Nr1 Izseko\u0161anas ier\u012bces gps izseko\u0161anas iek\u0101rtas, klaus\u012b\u0161an\u0101s iek\u0101rtas\",\"description\":\"\",\"potentialAction\":[{\"@type\":\"SearchAction\",\"target\":{\"@type\":\"EntryPoint\",\"urlTemplate\":\"https:\\\/\\\/izsekosanasierices.lv\\\/?s={search_term_string}\"},\"query-input\":{\"@type\":\"PropertyValueSpecification\",\"valueRequired\":true,\"valueName\":\"search_term_string\"}}],\"inLanguage\":\"et\"}]}<\/script>\n<!-- \/ Yoast SEO plugin. -->","yoast_head_json":{"title":"Profesion\u0101ls izspiego\u0161anas programmat\u016bras detektors GPS, GSM","description":"Spiego\u0161anas programmat\u016bras detektors konstat\u0113 gsm, gps un radio sign\u0101lus. Uzziniet, vai k\u0101ds jums seko un \/ vai noklaus\u0101s j\u016bsu sarunas biroj\u0101 vai automa\u0161\u012bn\u0101","robots":{"index":"index","follow":"follow","max-snippet":"max-snippet:-1","max-image-preview":"max-image-preview:large","max-video-preview":"max-video-preview:-1"},"canonical":"https:\/\/izsekosanasierices.lv\/et\/produkts\/professionaalne-nuhkvara-detektor-gps-gsm-ja-raadiosignaalide-jaoks\/","og_locale":"et_EE","og_type":"article","og_title":"Profesion\u0101ls spiegprogrammat\u016bras detektors GSM GPS RD Wi-fi","og_description":"Spiegprogrammat\u016bras detektors konstat\u0113 GSM GPS RADIO sign\u0101lus. Uzziniet, vai jums seko vai k\u0101ds klaus\u0101s j\u016bsu sarun\u0101s biroj\u0101 vai automa\u0161\u012bn\u0101. Zema cena","og_url":"https:\/\/izsekosanasierices.lv\/et\/produkts\/professionaalne-nuhkvara-detektor-gps-gsm-ja-raadiosignaalide-jaoks\/","og_site_name":"Nr1 Izseko\u0161anas ier\u012bces gps izseko\u0161anas iek\u0101rtas, klaus\u012b\u0161an\u0101s iek\u0101rtas","article_modified_time":"2025-11-19T13:34:51+00:00","og_image":[{"url":"https:\/\/rvnski.dev\/sekimoiranga\/wp-content\/uploads\/izsekosanasierices.webp","type":"","width":"","height":""}],"twitter_card":"summary_large_image","twitter_title":"Profesion\u0101ls spiegprogrammat\u016bras detektors GSM GPS RD Wi-fi","twitter_description":"Spiegprogrammat\u016bras detektors konstat\u0113 GSM GPS RADIO sign\u0101lus. Uzziniet, vai jums seko vai k\u0101ds klaus\u0101s j\u016bsu sarun\u0101s biroj\u0101 vai automa\u0161\u012bn\u0101. Zema cena","twitter_misc":{"Est. reading time":"2 minutit"},"schema":{"@context":"https:\/\/schema.org","@graph":[{"@type":"WebPage","@id":"https:\/\/izsekosanasierices.lv\/produkts\/profesionals-izspiegosanas-programmaturas-detektors-gps-gsm-un-radio-signaliem\/","url":"https:\/\/izsekosanasierices.lv\/produkts\/profesionals-izspiegosanas-programmaturas-detektors-gps-gsm-un-radio-signaliem\/","name":"Profesion\u0101ls izspiego\u0161anas programmat\u016bras detektors GPS, GSM","isPartOf":{"@id":"https:\/\/izsekosanasierices.lv\/#website"},"primaryImageOfPage":{"@id":"https:\/\/izsekosanasierices.lv\/produkts\/profesionals-izspiegosanas-programmaturas-detektors-gps-gsm-un-radio-signaliem\/#primaryimage"},"image":{"@id":"https:\/\/izsekosanasierices.lv\/produkts\/profesionals-izspiegosanas-programmaturas-detektors-gps-gsm-un-radio-signaliem\/#primaryimage"},"thumbnailUrl":"https:\/\/izsekosanasierices.lv\/wp-content\/uploads\/izsekosanasierices-snipinejimo-irangos-detektorius-gps-gsm-radio-ir-gps-signalu.jpg","datePublished":"2023-10-05T15:37:11+00:00","dateModified":"2025-11-19T13:34:51+00:00","description":"Spiego\u0161anas programmat\u016bras detektors konstat\u0113 gsm, gps un radio sign\u0101lus. Uzziniet, vai k\u0101ds jums seko un \/ vai noklaus\u0101s j\u016bsu sarunas biroj\u0101 vai automa\u0161\u012bn\u0101","breadcrumb":{"@id":"https:\/\/izsekosanasierices.lv\/produkts\/profesionals-izspiegosanas-programmaturas-detektors-gps-gsm-un-radio-signaliem\/#breadcrumb"},"inLanguage":"et","potentialAction":[{"@type":"ReadAction","target":["https:\/\/izsekosanasierices.lv\/produkts\/profesionals-izspiegosanas-programmaturas-detektors-gps-gsm-un-radio-signaliem\/"]}]},{"@type":"ImageObject","inLanguage":"et","@id":"https:\/\/izsekosanasierices.lv\/produkts\/profesionals-izspiegosanas-programmaturas-detektors-gps-gsm-un-radio-signaliem\/#primaryimage","url":"https:\/\/izsekosanasierices.lv\/wp-content\/uploads\/izsekosanasierices-snipinejimo-irangos-detektorius-gps-gsm-radio-ir-gps-signalu.jpg","contentUrl":"https:\/\/izsekosanasierices.lv\/wp-content\/uploads\/izsekosanasierices-snipinejimo-irangos-detektorius-gps-gsm-radio-ir-gps-signalu.jpg","width":725,"height":617,"caption":"Gps sekimo \u012frangos detektorius"},{"@type":"BreadcrumbList","@id":"https:\/\/izsekosanasierices.lv\/produkts\/profesionals-izspiegosanas-programmaturas-detektors-gps-gsm-un-radio-signaliem\/#breadcrumb","itemListElement":[{"@type":"ListItem","position":1,"name":"S\u0101kums","item":"https:\/\/izsekosanasierices.lv\/"},{"@type":"ListItem","position":2,"name":"Veikals","item":"https:\/\/izsekosanasierices.lv\/veikals\/"},{"@type":"ListItem","position":3,"name":"Profesion\u0101ls izspiego\u0161anas programmat\u016bras detektors GPS, GSM un RADIO sign\u0101liem"}]},{"@type":"WebSite","@id":"https:\/\/izsekosanasierices.lv\/#website","url":"https:\/\/izsekosanasierices.lv\/","name":"Nr1 Izseko\u0161anas ier\u012bces gps izseko\u0161anas iek\u0101rtas, klaus\u012b\u0161an\u0101s iek\u0101rtas","description":"","potentialAction":[{"@type":"SearchAction","target":{"@type":"EntryPoint","urlTemplate":"https:\/\/izsekosanasierices.lv\/?s={search_term_string}"},"query-input":{"@type":"PropertyValueSpecification","valueRequired":true,"valueName":"search_term_string"}}],"inLanguage":"et"}]}},"_links":{"self":[{"href":"https:\/\/izsekosanasierices.lv\/et\/wp-json\/wp\/v2\/product\/1236","targetHints":{"allow":["GET"]}}],"collection":[{"href":"https:\/\/izsekosanasierices.lv\/et\/wp-json\/wp\/v2\/product"}],"about":[{"href":"https:\/\/izsekosanasierices.lv\/et\/wp-json\/wp\/v2\/types\/product"}],"wp:featuredmedia":[{"embeddable":true,"href":"https:\/\/izsekosanasierices.lv\/et\/wp-json\/wp\/v2\/media\/1505"}],"wp:attachment":[{"href":"https:\/\/izsekosanasierices.lv\/et\/wp-json\/wp\/v2\/media?parent=1236"}],"wp:term":[{"taxonomy":"product_brand","embeddable":true,"href":"https:\/\/izsekosanasierices.lv\/et\/wp-json\/wp\/v2\/product_brand?post=1236"},{"taxonomy":"product_cat","embeddable":true,"href":"https:\/\/izsekosanasierices.lv\/et\/wp-json\/wp\/v2\/product_cat?post=1236"},{"taxonomy":"product_tag","embeddable":true,"href":"https:\/\/izsekosanasierices.lv\/et\/wp-json\/wp\/v2\/product_tag?post=1236"}],"curies":[{"name":"wp","href":"https:\/\/api.w.org\/{rel}","templated":true}]}}