{"id":1237,"date":"2023-10-05T15:37:11","date_gmt":"2023-10-05T15:37:11","guid":{"rendered":"https:\/\/izsekosanasierices.lv\/produktas\/pasiklausymo-blakiu-detektorius-rf-1mhz-iki-6mhz\/"},"modified":"2025-11-19T15:33:17","modified_gmt":"2025-11-19T13:33:17","slug":"rf-noklausisanas-iericu-detektors-1-mhz-lidz-6-mhz","status":"publish","type":"product","link":"https:\/\/izsekosanasierices.lv\/et\/produkts\/rf-pealtkuulamise-detektor-1-mhz-kuni-6-mhz\/","title":{"rendered":"RF pealtkuulamise detektor, 1 Mhz kuni 6 Mhz"},"content":{"rendered":"<h3><strong>Tehnilised parameetrid:<\/strong><\/h3>\n<ul>\n<li>M\u00e4\u00e4ratletav sagedusala: 1 MHz - 0 GHz<\/li>\n<li>Vastuv\u00f5etavad signaalid: GSM, GPS, raadio, traadita v\u00f5rgud.<\/li>\n<li>Signaali tugevuse indikaator: 4 valgusdioodi<\/li>\n<li>Lisafunktsioonid: sisset\u00f5mmatav teleskoopantenn<\/li>\n<li>Otsingu kaugus: kuni 10 m<\/li>\n<li>Tundlikkuse reguleerimine: jah<\/li>\n<li>Toiteallikas: 2 x AAA patareid (ei kuulu komplekti)<\/li>\n<li>K\u00f5rvaklappide pesa<\/li>\n<li>Suurus: 87 mm x 53 mm x 16 mm<\/li>\n<li>Kaal: 42 g (ilma patareideta)<\/li>\n<li>V\u00e4rv: h\u00f5bedane<\/li>\n<li>Komplektis: detektor, k\u00f5rvaklapid, kasutusjuhend, originaalpakend.<\/li>\n<li><strong>Garantii 12 kuud<\/strong><\/li>\n<\/ul>\n<p><strong>\u00a0<\/strong><\/p>\n<p><span style=\"color: #ff0000;\"><strong>Vajad kiiret sama p\u00e4eva (ja n\u00e4dalavahetuse) kohaletoimetamist?  Helistage +37120484176!<\/strong><\/span><\/p>\n<p>Lihtne ja h\u00f5lpsasti kasutatav pealtkuulamise detektor. Saate h\u00f5lpsasti tuvastada raadiosageduslikke j\u00e4lgimisseadmeid. Detektori tundlikkust saab reguleerida ja see teavitab teid raadiosignaali avastamisest vibratsiooni, heli- ja valgussignaalidega - mida l\u00e4hemal olete pealtkuulatavale seadmele, seda valjemini kostab detektori signaal. See detektor ei ole m\u00f5eldud varjatud j\u00e4lgimiskaamerate otsimiseks. Seda seadet v\u00f5ivad kasutada ka mitteprofessionaalid.<\/p>\n<p><strong>\u00a0<\/strong><\/p>\n<p><strong>ETTEVAATUST: detektor <\/strong><strong>leida<\/strong><strong> ainult t\u00f6\u00f6tavad seadmed (GSM, GPS, BLAKES, <\/strong>WiFi<strong>).<\/strong><\/p>","protected":false},"excerpt":{"rendered":"<p>Odav ja hea j\u00f5udlusega detektor varjatud pealtkuulamisseadmete jaoks. Avastab GSM- ja RF-j\u00e4lgimisseadmeid. Reguleeritav tundlikkus. LED-indikaator.<\/p>","protected":false},"featured_media":1509,"template":"","meta":[],"product_brand":[],"product_cat":[358],"product_tag":[401,402,403,404,456],"class_list":{"0":"post-1237","1":"product","2":"type-product","3":"status-publish","4":"has-post-thumbnail","6":"product_cat-detektori","7":"product_tag-blusu-detektors","8":"product_tag-detektors","9":"product_tag-gsm-detektors","10":"product_tag-izsekosanas-ierices-detektors","11":"product_tag-noklausisanas-iekartu-detektors","13":"first","14":"outofstock","15":"taxable","16":"shipping-taxable","17":"purchasable","18":"product-type-simple"},"yoast_head":"<!-- This site is optimized with the Yoast SEO plugin v27.5 - https:\/\/yoast.com\/product\/yoast-seo-wordpress\/ -->\n<title>RF noklaus\u012b\u0161an\u0101s ier\u012b\u010du detektors, 1 Mhz l\u012bdz 6 Mhz<\/title>\n<meta name=\"description\" content=\"L\u0113ts un labi funkcion\u0113jo\u0161s sl\u0113pto noklaus\u012b\u0161an\u0101s ier\u012b\u010du detektors. Atkl\u0101j GSM un radiofrekven\u010du izseko\u0161anas ier\u012bces. Regul\u0113jams jut\u012bgums. LED indikators.\" \/>\n<meta name=\"robots\" content=\"index, follow, max-snippet:-1, max-image-preview:large, max-video-preview:-1\" \/>\n<link rel=\"canonical\" href=\"https:\/\/izsekosanasierices.lv\/et\/produkts\/rf-pealtkuulamise-detektor-1-mhz-kuni-6-mhz\/\" \/>\n<meta property=\"og:locale\" content=\"et_EE\" \/>\n<meta property=\"og:type\" content=\"article\" \/>\n<meta property=\"og:title\" content=\"Izseko\u0161anas iek\u0101rtu detektors viegli atkl\u0101j k\u013c\u016bdas GSM UHF RADIO\" \/>\n<meta property=\"og:description\" content=\"L\u0113ts un labi funkcion\u0113jo\u0161s sl\u0113pto blusu izseko\u0161anas detektors. Atkl\u0101j GSM un radiofrekven\u010du k\u013c\u016bdas. Regul\u0113jams jut\u012bgums, LED indikators\" \/>\n<meta property=\"og:url\" content=\"https:\/\/izsekosanasierices.lv\/et\/produkts\/rf-pealtkuulamise-detektor-1-mhz-kuni-6-mhz\/\" \/>\n<meta property=\"og:site_name\" content=\"Nr1 Izseko\u0161anas ier\u012bces gps izseko\u0161anas iek\u0101rtas, klaus\u012b\u0161an\u0101s iek\u0101rtas\" \/>\n<meta property=\"article:modified_time\" content=\"2025-11-19T13:33:17+00:00\" \/>\n<meta property=\"og:image\" content=\"https:\/\/rvnski.dev\/sekimoiranga\/wp-content\/uploads\/izsekosanasierices.webp\" \/>\n<meta name=\"twitter:card\" content=\"summary_large_image\" \/>\n<meta name=\"twitter:title\" content=\"Izseko\u0161anas iek\u0101rtu detektors viegli atkl\u0101j k\u013c\u016bdas GSM UHF RADIO\" \/>\n<meta name=\"twitter:description\" content=\"L\u0113ts un labi funkcion\u0113jo\u0161s sl\u0113pto blusu izseko\u0161anas detektors. Atkl\u0101j GSM un radiofrekven\u010du k\u013c\u016bdas. Regul\u0113jams jut\u012bgums, LED indikators\" \/>\n<meta name=\"twitter:label1\" content=\"Est. reading time\" \/>\n\t<meta name=\"twitter:data1\" content=\"1 minut\" \/>\n<script type=\"application\/ld+json\" class=\"yoast-schema-graph\">{\"@context\":\"https:\\\/\\\/schema.org\",\"@graph\":[{\"@type\":\"WebPage\",\"@id\":\"https:\\\/\\\/izsekosanasierices.lv\\\/produkts\\\/rf-noklausisanas-iericu-detektors-1-mhz-lidz-6-mhz\\\/\",\"url\":\"https:\\\/\\\/izsekosanasierices.lv\\\/produkts\\\/rf-noklausisanas-iericu-detektors-1-mhz-lidz-6-mhz\\\/\",\"name\":\"RF noklaus\u012b\u0161an\u0101s ier\u012b\u010du detektors, 1 Mhz l\u012bdz 6 Mhz\",\"isPartOf\":{\"@id\":\"https:\\\/\\\/izsekosanasierices.lv\\\/#website\"},\"primaryImageOfPage\":{\"@id\":\"https:\\\/\\\/izsekosanasierices.lv\\\/produkts\\\/rf-noklausisanas-iericu-detektors-1-mhz-lidz-6-mhz\\\/#primaryimage\"},\"image\":{\"@id\":\"https:\\\/\\\/izsekosanasierices.lv\\\/produkts\\\/rf-noklausisanas-iericu-detektors-1-mhz-lidz-6-mhz\\\/#primaryimage\"},\"thumbnailUrl\":\"https:\\\/\\\/izsekosanasierices.lv\\\/wp-content\\\/uploads\\\/izsekosanasierices-pasiklausymo-blakiu-detektorius-rf-1mhz-iki-6mhz.jpg\",\"datePublished\":\"2023-10-05T15:37:11+00:00\",\"dateModified\":\"2025-11-19T13:33:17+00:00\",\"description\":\"L\u0113ts un labi funkcion\u0113jo\u0161s sl\u0113pto noklaus\u012b\u0161an\u0101s ier\u012b\u010du detektors. Atkl\u0101j GSM un radiofrekven\u010du izseko\u0161anas ier\u012bces. Regul\u0113jams jut\u012bgums. LED indikators.\",\"breadcrumb\":{\"@id\":\"https:\\\/\\\/izsekosanasierices.lv\\\/produkts\\\/rf-noklausisanas-iericu-detektors-1-mhz-lidz-6-mhz\\\/#breadcrumb\"},\"inLanguage\":\"et\",\"potentialAction\":[{\"@type\":\"ReadAction\",\"target\":[\"https:\\\/\\\/izsekosanasierices.lv\\\/produkts\\\/rf-noklausisanas-iericu-detektors-1-mhz-lidz-6-mhz\\\/\"]}]},{\"@type\":\"ImageObject\",\"inLanguage\":\"et\",\"@id\":\"https:\\\/\\\/izsekosanasierices.lv\\\/produkts\\\/rf-noklausisanas-iericu-detektors-1-mhz-lidz-6-mhz\\\/#primaryimage\",\"url\":\"https:\\\/\\\/izsekosanasierices.lv\\\/wp-content\\\/uploads\\\/izsekosanasierices-pasiklausymo-blakiu-detektorius-rf-1mhz-iki-6mhz.jpg\",\"contentUrl\":\"https:\\\/\\\/izsekosanasierices.lv\\\/wp-content\\\/uploads\\\/izsekosanasierices-pasiklausymo-blakiu-detektorius-rf-1mhz-iki-6mhz.jpg\",\"width\":442,\"height\":500,\"caption\":\"Pasiklausymo blaki\u0173 detektorius RF 1Mhz iki 6Mhz\"},{\"@type\":\"BreadcrumbList\",\"@id\":\"https:\\\/\\\/izsekosanasierices.lv\\\/produkts\\\/rf-noklausisanas-iericu-detektors-1-mhz-lidz-6-mhz\\\/#breadcrumb\",\"itemListElement\":[{\"@type\":\"ListItem\",\"position\":1,\"name\":\"S\u0101kums\",\"item\":\"https:\\\/\\\/izsekosanasierices.lv\\\/\"},{\"@type\":\"ListItem\",\"position\":2,\"name\":\"Veikals\",\"item\":\"https:\\\/\\\/izsekosanasierices.lv\\\/veikals\\\/\"},{\"@type\":\"ListItem\",\"position\":3,\"name\":\"RF noklaus\u012b\u0161an\u0101s ier\u012b\u010du detektors, 1 Mhz l\u012bdz 6 Mhz\"}]},{\"@type\":\"WebSite\",\"@id\":\"https:\\\/\\\/izsekosanasierices.lv\\\/#website\",\"url\":\"https:\\\/\\\/izsekosanasierices.lv\\\/\",\"name\":\"Nr1 Izseko\u0161anas ier\u012bces gps izseko\u0161anas iek\u0101rtas, klaus\u012b\u0161an\u0101s iek\u0101rtas\",\"description\":\"\",\"potentialAction\":[{\"@type\":\"SearchAction\",\"target\":{\"@type\":\"EntryPoint\",\"urlTemplate\":\"https:\\\/\\\/izsekosanasierices.lv\\\/?s={search_term_string}\"},\"query-input\":{\"@type\":\"PropertyValueSpecification\",\"valueRequired\":true,\"valueName\":\"search_term_string\"}}],\"inLanguage\":\"et\"}]}<\/script>\n<!-- \/ Yoast SEO plugin. -->","yoast_head_json":{"title":"RF noklaus\u012b\u0161an\u0101s ier\u012b\u010du detektors, 1 Mhz l\u012bdz 6 Mhz","description":"L\u0113ts un labi funkcion\u0113jo\u0161s sl\u0113pto noklaus\u012b\u0161an\u0101s ier\u012b\u010du detektors. Atkl\u0101j GSM un radiofrekven\u010du izseko\u0161anas ier\u012bces. Regul\u0113jams jut\u012bgums. LED indikators.","robots":{"index":"index","follow":"follow","max-snippet":"max-snippet:-1","max-image-preview":"max-image-preview:large","max-video-preview":"max-video-preview:-1"},"canonical":"https:\/\/izsekosanasierices.lv\/et\/produkts\/rf-pealtkuulamise-detektor-1-mhz-kuni-6-mhz\/","og_locale":"et_EE","og_type":"article","og_title":"Izseko\u0161anas iek\u0101rtu detektors viegli atkl\u0101j k\u013c\u016bdas GSM UHF RADIO","og_description":"L\u0113ts un labi funkcion\u0113jo\u0161s sl\u0113pto blusu izseko\u0161anas detektors. Atkl\u0101j GSM un radiofrekven\u010du k\u013c\u016bdas. Regul\u0113jams jut\u012bgums, LED indikators","og_url":"https:\/\/izsekosanasierices.lv\/et\/produkts\/rf-pealtkuulamise-detektor-1-mhz-kuni-6-mhz\/","og_site_name":"Nr1 Izseko\u0161anas ier\u012bces gps izseko\u0161anas iek\u0101rtas, klaus\u012b\u0161an\u0101s iek\u0101rtas","article_modified_time":"2025-11-19T13:33:17+00:00","og_image":[{"url":"https:\/\/rvnski.dev\/sekimoiranga\/wp-content\/uploads\/izsekosanasierices.webp","type":"","width":"","height":""}],"twitter_card":"summary_large_image","twitter_title":"Izseko\u0161anas iek\u0101rtu detektors viegli atkl\u0101j k\u013c\u016bdas GSM UHF RADIO","twitter_description":"L\u0113ts un labi funkcion\u0113jo\u0161s sl\u0113pto blusu izseko\u0161anas detektors. Atkl\u0101j GSM un radiofrekven\u010du k\u013c\u016bdas. Regul\u0113jams jut\u012bgums, LED indikators","twitter_misc":{"Est. reading time":"1 minut"},"schema":{"@context":"https:\/\/schema.org","@graph":[{"@type":"WebPage","@id":"https:\/\/izsekosanasierices.lv\/produkts\/rf-noklausisanas-iericu-detektors-1-mhz-lidz-6-mhz\/","url":"https:\/\/izsekosanasierices.lv\/produkts\/rf-noklausisanas-iericu-detektors-1-mhz-lidz-6-mhz\/","name":"RF noklaus\u012b\u0161an\u0101s ier\u012b\u010du detektors, 1 Mhz l\u012bdz 6 Mhz","isPartOf":{"@id":"https:\/\/izsekosanasierices.lv\/#website"},"primaryImageOfPage":{"@id":"https:\/\/izsekosanasierices.lv\/produkts\/rf-noklausisanas-iericu-detektors-1-mhz-lidz-6-mhz\/#primaryimage"},"image":{"@id":"https:\/\/izsekosanasierices.lv\/produkts\/rf-noklausisanas-iericu-detektors-1-mhz-lidz-6-mhz\/#primaryimage"},"thumbnailUrl":"https:\/\/izsekosanasierices.lv\/wp-content\/uploads\/izsekosanasierices-pasiklausymo-blakiu-detektorius-rf-1mhz-iki-6mhz.jpg","datePublished":"2023-10-05T15:37:11+00:00","dateModified":"2025-11-19T13:33:17+00:00","description":"L\u0113ts un labi funkcion\u0113jo\u0161s sl\u0113pto noklaus\u012b\u0161an\u0101s ier\u012b\u010du detektors. Atkl\u0101j GSM un radiofrekven\u010du izseko\u0161anas ier\u012bces. Regul\u0113jams jut\u012bgums. LED indikators.","breadcrumb":{"@id":"https:\/\/izsekosanasierices.lv\/produkts\/rf-noklausisanas-iericu-detektors-1-mhz-lidz-6-mhz\/#breadcrumb"},"inLanguage":"et","potentialAction":[{"@type":"ReadAction","target":["https:\/\/izsekosanasierices.lv\/produkts\/rf-noklausisanas-iericu-detektors-1-mhz-lidz-6-mhz\/"]}]},{"@type":"ImageObject","inLanguage":"et","@id":"https:\/\/izsekosanasierices.lv\/produkts\/rf-noklausisanas-iericu-detektors-1-mhz-lidz-6-mhz\/#primaryimage","url":"https:\/\/izsekosanasierices.lv\/wp-content\/uploads\/izsekosanasierices-pasiklausymo-blakiu-detektorius-rf-1mhz-iki-6mhz.jpg","contentUrl":"https:\/\/izsekosanasierices.lv\/wp-content\/uploads\/izsekosanasierices-pasiklausymo-blakiu-detektorius-rf-1mhz-iki-6mhz.jpg","width":442,"height":500,"caption":"Pasiklausymo blaki\u0173 detektorius RF 1Mhz iki 6Mhz"},{"@type":"BreadcrumbList","@id":"https:\/\/izsekosanasierices.lv\/produkts\/rf-noklausisanas-iericu-detektors-1-mhz-lidz-6-mhz\/#breadcrumb","itemListElement":[{"@type":"ListItem","position":1,"name":"S\u0101kums","item":"https:\/\/izsekosanasierices.lv\/"},{"@type":"ListItem","position":2,"name":"Veikals","item":"https:\/\/izsekosanasierices.lv\/veikals\/"},{"@type":"ListItem","position":3,"name":"RF noklaus\u012b\u0161an\u0101s ier\u012b\u010du detektors, 1 Mhz l\u012bdz 6 Mhz"}]},{"@type":"WebSite","@id":"https:\/\/izsekosanasierices.lv\/#website","url":"https:\/\/izsekosanasierices.lv\/","name":"Nr1 Izseko\u0161anas ier\u012bces gps izseko\u0161anas iek\u0101rtas, klaus\u012b\u0161an\u0101s iek\u0101rtas","description":"","potentialAction":[{"@type":"SearchAction","target":{"@type":"EntryPoint","urlTemplate":"https:\/\/izsekosanasierices.lv\/?s={search_term_string}"},"query-input":{"@type":"PropertyValueSpecification","valueRequired":true,"valueName":"search_term_string"}}],"inLanguage":"et"}]}},"_links":{"self":[{"href":"https:\/\/izsekosanasierices.lv\/et\/wp-json\/wp\/v2\/product\/1237","targetHints":{"allow":["GET"]}}],"collection":[{"href":"https:\/\/izsekosanasierices.lv\/et\/wp-json\/wp\/v2\/product"}],"about":[{"href":"https:\/\/izsekosanasierices.lv\/et\/wp-json\/wp\/v2\/types\/product"}],"wp:featuredmedia":[{"embeddable":true,"href":"https:\/\/izsekosanasierices.lv\/et\/wp-json\/wp\/v2\/media\/1509"}],"wp:attachment":[{"href":"https:\/\/izsekosanasierices.lv\/et\/wp-json\/wp\/v2\/media?parent=1237"}],"wp:term":[{"taxonomy":"product_brand","embeddable":true,"href":"https:\/\/izsekosanasierices.lv\/et\/wp-json\/wp\/v2\/product_brand?post=1237"},{"taxonomy":"product_cat","embeddable":true,"href":"https:\/\/izsekosanasierices.lv\/et\/wp-json\/wp\/v2\/product_cat?post=1237"},{"taxonomy":"product_tag","embeddable":true,"href":"https:\/\/izsekosanasierices.lv\/et\/wp-json\/wp\/v2\/product_tag?post=1237"}],"curies":[{"name":"wp","href":"https:\/\/api.w.org\/{rel}","templated":true}]}}