{"id":1238,"date":"2023-10-05T15:37:11","date_gmt":"2023-10-05T15:37:11","guid":{"rendered":"https:\/\/izsekosanasierices.lv\/produktas\/slaptu-kameru-ir-pasiklausymo-blakiu-detektorius-aptinka-gsm-gps-rd-uhf\/"},"modified":"2026-04-15T14:03:25","modified_gmt":"2026-04-15T11:03:25","slug":"spiegu-kamera-un-noklausisanas-blusu-detektors-nosaka-gsm-gps-rf-uhf","status":"publish","type":"product","link":"https:\/\/izsekosanasierices.lv\/et\/produkts\/spioonikaamera-ja-pealtkuulamise-kirpudetektor-tuvastab-gsm-gps-rf-uhf\/","title":{"rendered":"Varjatud kaamera ja pealtkuulamise detektor - tuvastab GSM, GPS, RF, UHF"},"content":{"rendered":"<h3><span style=\"color: #ff0000;\"><strong>ORIGINAAL (MITTE KOOPIA)<\/strong><\/span><\/h3>\n<h3><strong>Tehnilised parameetrid:<\/strong><\/h3>\n<ul>\n<li>M\u00e4\u00e4ratav sagedusala:1 MHz - 6,5 GHz<\/li>\n<li>Vastuv\u00f5etavad signaalid: GSM, GPS, raadio, traadita v\u00f5rgud.<\/li>\n<li>Salajane kaamera detektor<\/li>\n<li>Signaali tugevuse indikaator: 4 valgusdioodi<\/li>\n<li>Lisafunktsioonid: sisset\u00f5mmatav teleskoopantenn<\/li>\n<li>Otsingu kaugus: kuni 10 m<\/li>\n<li>Tundlikkuse reguleerimine: jah<\/li>\n<li>Toiteallikas: sisemine laetav aku<\/li>\n<li>K\u00f5rvaklappide pesa<\/li>\n<li>Suurus: 93 mm x 48 mm x 17 mm<\/li>\n<li>Kaal: 58 g (ilma patareideta)<\/li>\n<li>V\u00e4rv: h\u00f5bedane<\/li>\n<li>Komplektis: detektor, k\u00f5rvaklapid, laadija, kasutusjuhend, originaalpakend.<\/li>\n<li><strong>Garantii 12 kuud<\/strong><\/li>\n<\/ul>\n<p>&nbsp;<\/p>\n<p><span style=\"color: #ff0000;\"><strong>Vajad kiiret sama p\u00e4eva (ja n\u00e4dalavahetuse) kohaletoimetamist?  Helistage +37120484176<\/strong><\/span><\/p>\n<p>&nbsp;<\/p>\n<p>Pealtkuulamisseadmete ja peidetud kaamerate tuvastamine. Avastage k\u00f5ige populaarsemad pealtkuulamisseadmed. N\u00e4iteks saate avastada N9 <span style=\"font-style: normal !msorm;\"><em>blake<\/em><\/span> (lihtne) Nende detektorite ja infrapuna- LED-ide abil saate h\u00f5lpsasti tuvastada maskeeritud salakaameraid. . Detektor teavitab teid kasutatavast sagedusest vibratsiooni v\u00f5i helisignaaliga.<\/p>\n<p><strong>\u00a0<\/strong><\/p>\n<p><strong>T\u00c4HELEPANU: detektor leiab ainult t\u00f6\u00f6tavad seadmed (GSM, GPS, BLAKES, WiFi).<\/strong><\/p>\n<p><strong>Spioonikaamera ja pealtkuulamise detektor (tuvastab GSM, GPS, RF, UHF)<\/strong><\/p>\n<p>Pealtkuulamise v\u00f5i filmimise v\u00e4ltimiseks on kasulikud sissetungiandurid. Privaatsuse kaitse on meie k\u00f5igi jaoks oluline ja CCTV-detektor aitab avastada mitmesuguseid varjatud seadmeid. See originaalne peidetud seadmete detektor aitab teil kiiresti ja vaevata tuvastada erinevaid seadmeid, et v\u00e4ltida eraelu puutumatuse rikkumist.<\/p>\n<p><strong>\u00a0<\/strong><\/p>\n<p><strong>Lihtne kasutada<\/strong><\/p>\n<p>Varjatud kaamerad ja pealtkuulamine <strong>seadmed<\/strong> detektorit on v\u00e4ga lihtne kasutada: seadme sissel\u00fclitamisega saab tuvastada k\u00f5ige populaarsemaid pealtkuulamisi <strong>seadmed<\/strong> ja varjatud kaamerad. Teid teavitatakse tuvastatud seadmetest vibratsiooni v\u00f5i helisignaaliga. Oluline on teada, et see detektor tuvastab ainult t\u00f6\u00f6tavaid seadmeid, seega on soovitatav ruumis ringi k\u00e4ia ja m\u00fcra teha (kui peidetud seadmed on ootere\u017eiimis, v\u00f5ib m\u00fcra v\u00f5i liikumine neid \"\u00e4ratada\", nii et avastamine on palju lihtsam). J\u00e4lgimisseade tuvastab peidetud seadmeid 10 meetri raadiuses.<\/p>\n<p><strong>\u00a0<\/strong><\/p>\n<p><strong>Kvaliteet atraktiivse hinnaga <\/strong><\/p>\n<p>Kuigi \u00fcldiselt arvatakse, et j\u00e4lgimisseadmed on \u00fcsna kallid, n\u00e4ete, et see ei ole nii. Seda seadmeotsijat pakutakse t\u00f5eliselt atraktiivse hinnaga ja seda soovitatakse k\u00f5igile, kes soovivad s\u00e4ilitada oma privaatsust.<\/p>\n<p><strong>\u00a0<\/strong><\/p>\n<p><strong>Kaasa arvatud seadmed <\/strong><\/p>\n<p>Salajase kaamera ja pealtkuulaja detektoriga on kaasas salajase seadme leidja, k\u00f5rvaklapid, laadija, kasutusjuhend ja originaalpakend.<\/p>\n<p>&nbsp;<\/p>\n<p>ETTEVAATUST: See seade ei ole koopia, seega v\u00f5ite olla kindel, et see t\u00f6\u00f6tab t\u00f5esti t\u00f5rgeteta.<\/p>","protected":false},"excerpt":{"rendered":"<p>Varjatud kaamera lairiba detektor otsib vahemikus 1 GHz kuni 6,5 GHz. Selle detektoriga saate tuvastada GSM-raadiosagedusel ja WiFi-\u00fchenduses t\u00f6\u00f6tavaid pealtkuulatavaid seadmeid.<\/p>","protected":false},"featured_media":1513,"template":"","meta":[],"product_brand":[],"product_cat":[358],"product_tag":[401,402,403,404,405,406,407],"class_list":{"0":"post-1238","1":"product","2":"type-product","3":"status-publish","4":"has-post-thumbnail","6":"product_cat-detektori","7":"product_tag-blusu-detektors","8":"product_tag-detektors","9":"product_tag-gsm-detektors","10":"product_tag-izsekosanas-ierices-detektors","11":"product_tag-kameras-detektors","12":"product_tag-noverosanas-kameru-detektors","13":"product_tag-sleptas-kameras-detektors","15":"first","16":"instock","17":"sale","18":"taxable","19":"shipping-taxable","20":"purchasable","21":"product-type-simple"},"yoast_head":"<!-- This site is optimized with the Yoast SEO plugin v27.5 - https:\/\/yoast.com\/product\/yoast-seo-wordpress\/ -->\n<title>Sl\u0113pto kamera un noklaus\u012b\u0161an\u0101s ier\u012b\u010du detektors nosaka Gsm Gps<\/title>\n<meta name=\"description\" content=\"Sl\u0113pto kameras platjoslas detektors mekl\u0113 no 1GHz l\u012bdz 6,5Ghz diapazon\u0101 Ar \u0161o detektoru j\u016bs varat atkl\u0101t noklaus\u012b\u0161an\u0101s ier\u012bces kas darbojas gsm radio frekvenc\u0113 un wifi\" \/>\n<meta name=\"robots\" content=\"index, follow, max-snippet:-1, max-image-preview:large, max-video-preview:-1\" \/>\n<link rel=\"canonical\" href=\"https:\/\/izsekosanasierices.lv\/et\/produkts\/spioonikaamera-ja-pealtkuulamise-kirpudetektor-tuvastab-gsm-gps-rf-uhf\/\" \/>\n<meta property=\"og:locale\" content=\"et_EE\" \/>\n<meta property=\"og:type\" content=\"article\" \/>\n<meta property=\"og:title\" content=\"Spiegu kamera un noklaus\u012b\u0161an\u0101s blusu detektors nosaka GSM GPS RF UHF\" \/>\n<meta property=\"og:description\" content=\"Spiegu kameras platjoslas detektors detekt\u0113 no 1GHz l\u012bdz 6,5Ghz Ar \u0161o detektoru j\u016bs varat atkl\u0101t noklaus\u012b\u0161an\u0101s bugs, kas darbojas uz GSM radio frekvences un WiFi.\" \/>\n<meta property=\"og:url\" content=\"https:\/\/izsekosanasierices.lv\/et\/produkts\/spioonikaamera-ja-pealtkuulamise-kirpudetektor-tuvastab-gsm-gps-rf-uhf\/\" \/>\n<meta property=\"og:site_name\" content=\"Nr1 Izseko\u0161anas ier\u012bces gps izseko\u0161anas iek\u0101rtas, klaus\u012b\u0161an\u0101s iek\u0101rtas\" \/>\n<meta property=\"article:modified_time\" content=\"2026-04-15T11:03:25+00:00\" \/>\n<meta property=\"og:image\" content=\"https:\/\/rvnski.dev\/sekimoiranga\/wp-content\/uploads\/izsekosanasierices.webp\" \/>\n<meta name=\"twitter:card\" content=\"summary_large_image\" \/>\n<meta name=\"twitter:title\" content=\"Spiegu kamera un noklaus\u012b\u0161an\u0101s blusu detektors nosaka GSM GPS RF UHF\" \/>\n<meta name=\"twitter:description\" content=\"Spiegu kameras platjoslas detektors detekt\u0113 no 1GHz l\u012bdz 6,5Ghz Ar \u0161o detektoru j\u016bs varat atkl\u0101t noklaus\u012b\u0161an\u0101s bugs, kas darbojas uz GSM radio frekvences un WiFi.\" \/>\n<meta name=\"twitter:label1\" content=\"Est. reading time\" \/>\n\t<meta name=\"twitter:data1\" content=\"3 minutit\" \/>\n<script type=\"application\/ld+json\" class=\"yoast-schema-graph\">{\"@context\":\"https:\\\/\\\/schema.org\",\"@graph\":[{\"@type\":\"WebPage\",\"@id\":\"https:\\\/\\\/izsekosanasierices.lv\\\/produkts\\\/spiegu-kamera-un-noklausisanas-blusu-detektors-nosaka-gsm-gps-rf-uhf\\\/\",\"url\":\"https:\\\/\\\/izsekosanasierices.lv\\\/produkts\\\/spiegu-kamera-un-noklausisanas-blusu-detektors-nosaka-gsm-gps-rf-uhf\\\/\",\"name\":\"Sl\u0113pto kamera un noklaus\u012b\u0161an\u0101s ier\u012b\u010du detektors nosaka Gsm Gps\",\"isPartOf\":{\"@id\":\"https:\\\/\\\/izsekosanasierices.lv\\\/#website\"},\"primaryImageOfPage\":{\"@id\":\"https:\\\/\\\/izsekosanasierices.lv\\\/produkts\\\/spiegu-kamera-un-noklausisanas-blusu-detektors-nosaka-gsm-gps-rf-uhf\\\/#primaryimage\"},\"image\":{\"@id\":\"https:\\\/\\\/izsekosanasierices.lv\\\/produkts\\\/spiegu-kamera-un-noklausisanas-blusu-detektors-nosaka-gsm-gps-rf-uhf\\\/#primaryimage\"},\"thumbnailUrl\":\"https:\\\/\\\/izsekosanasierices.lv\\\/wp-content\\\/uploads\\\/izsekosanasierices-slaptu-kameru-ir-pasiklausymo-blakiu-detektorius-aptinka-gsm-gps-rd-uhf.jpg\",\"datePublished\":\"2023-10-05T15:37:11+00:00\",\"dateModified\":\"2026-04-15T11:03:25+00:00\",\"description\":\"Sl\u0113pto kameras platjoslas detektors mekl\u0113 no 1GHz l\u012bdz 6,5Ghz diapazon\u0101 Ar \u0161o detektoru j\u016bs varat atkl\u0101t noklaus\u012b\u0161an\u0101s ier\u012bces kas darbojas gsm radio frekvenc\u0113 un wifi\",\"breadcrumb\":{\"@id\":\"https:\\\/\\\/izsekosanasierices.lv\\\/produkts\\\/spiegu-kamera-un-noklausisanas-blusu-detektors-nosaka-gsm-gps-rf-uhf\\\/#breadcrumb\"},\"inLanguage\":\"et\",\"potentialAction\":[{\"@type\":\"ReadAction\",\"target\":[\"https:\\\/\\\/izsekosanasierices.lv\\\/produkts\\\/spiegu-kamera-un-noklausisanas-blusu-detektors-nosaka-gsm-gps-rf-uhf\\\/\"]}]},{\"@type\":\"ImageObject\",\"inLanguage\":\"et\",\"@id\":\"https:\\\/\\\/izsekosanasierices.lv\\\/produkts\\\/spiegu-kamera-un-noklausisanas-blusu-detektors-nosaka-gsm-gps-rf-uhf\\\/#primaryimage\",\"url\":\"https:\\\/\\\/izsekosanasierices.lv\\\/wp-content\\\/uploads\\\/izsekosanasierices-slaptu-kameru-ir-pasiklausymo-blakiu-detektorius-aptinka-gsm-gps-rd-uhf.jpg\",\"contentUrl\":\"https:\\\/\\\/izsekosanasierices.lv\\\/wp-content\\\/uploads\\\/izsekosanasierices-slaptu-kameru-ir-pasiklausymo-blakiu-detektorius-aptinka-gsm-gps-rd-uhf.jpg\",\"width\":481,\"height\":527,\"caption\":\"Pasiklausymo blaki\u0173 detektorius RF 1Mhz iki 6\"},{\"@type\":\"BreadcrumbList\",\"@id\":\"https:\\\/\\\/izsekosanasierices.lv\\\/produkts\\\/spiegu-kamera-un-noklausisanas-blusu-detektors-nosaka-gsm-gps-rf-uhf\\\/#breadcrumb\",\"itemListElement\":[{\"@type\":\"ListItem\",\"position\":1,\"name\":\"S\u0101kums\",\"item\":\"https:\\\/\\\/izsekosanasierices.lv\\\/\"},{\"@type\":\"ListItem\",\"position\":2,\"name\":\"Veikals\",\"item\":\"https:\\\/\\\/izsekosanasierices.lv\\\/veikals\\\/\"},{\"@type\":\"ListItem\",\"position\":3,\"name\":\"Sl\u0113pto kamera un noklaus\u012b\u0161an\u0101s ier\u012b\u010du detektors \u2013 nosaka GSM, GPS, RF, UHF\"}]},{\"@type\":\"WebSite\",\"@id\":\"https:\\\/\\\/izsekosanasierices.lv\\\/#website\",\"url\":\"https:\\\/\\\/izsekosanasierices.lv\\\/\",\"name\":\"Nr1 Izseko\u0161anas ier\u012bces gps izseko\u0161anas iek\u0101rtas, klaus\u012b\u0161an\u0101s iek\u0101rtas\",\"description\":\"\",\"potentialAction\":[{\"@type\":\"SearchAction\",\"target\":{\"@type\":\"EntryPoint\",\"urlTemplate\":\"https:\\\/\\\/izsekosanasierices.lv\\\/?s={search_term_string}\"},\"query-input\":{\"@type\":\"PropertyValueSpecification\",\"valueRequired\":true,\"valueName\":\"search_term_string\"}}],\"inLanguage\":\"et\"}]}<\/script>\n<!-- \/ Yoast SEO plugin. -->","yoast_head_json":{"title":"Sl\u0113pto kamera un noklaus\u012b\u0161an\u0101s ier\u012b\u010du detektors nosaka Gsm Gps","description":"Sl\u0113pto kameras platjoslas detektors mekl\u0113 no 1GHz l\u012bdz 6,5Ghz diapazon\u0101 Ar \u0161o detektoru j\u016bs varat atkl\u0101t noklaus\u012b\u0161an\u0101s ier\u012bces kas darbojas gsm radio frekvenc\u0113 un wifi","robots":{"index":"index","follow":"follow","max-snippet":"max-snippet:-1","max-image-preview":"max-image-preview:large","max-video-preview":"max-video-preview:-1"},"canonical":"https:\/\/izsekosanasierices.lv\/et\/produkts\/spioonikaamera-ja-pealtkuulamise-kirpudetektor-tuvastab-gsm-gps-rf-uhf\/","og_locale":"et_EE","og_type":"article","og_title":"Spiegu kamera un noklaus\u012b\u0161an\u0101s blusu detektors nosaka GSM GPS RF UHF","og_description":"Spiegu kameras platjoslas detektors detekt\u0113 no 1GHz l\u012bdz 6,5Ghz Ar \u0161o detektoru j\u016bs varat atkl\u0101t noklaus\u012b\u0161an\u0101s bugs, kas darbojas uz GSM radio frekvences un WiFi.","og_url":"https:\/\/izsekosanasierices.lv\/et\/produkts\/spioonikaamera-ja-pealtkuulamise-kirpudetektor-tuvastab-gsm-gps-rf-uhf\/","og_site_name":"Nr1 Izseko\u0161anas ier\u012bces gps izseko\u0161anas iek\u0101rtas, klaus\u012b\u0161an\u0101s iek\u0101rtas","article_modified_time":"2026-04-15T11:03:25+00:00","og_image":[{"url":"https:\/\/rvnski.dev\/sekimoiranga\/wp-content\/uploads\/izsekosanasierices.webp","type":"","width":"","height":""}],"twitter_card":"summary_large_image","twitter_title":"Spiegu kamera un noklaus\u012b\u0161an\u0101s blusu detektors nosaka GSM GPS RF UHF","twitter_description":"Spiegu kameras platjoslas detektors detekt\u0113 no 1GHz l\u012bdz 6,5Ghz Ar \u0161o detektoru j\u016bs varat atkl\u0101t noklaus\u012b\u0161an\u0101s bugs, kas darbojas uz GSM radio frekvences un WiFi.","twitter_misc":{"Est. reading time":"3 minutit"},"schema":{"@context":"https:\/\/schema.org","@graph":[{"@type":"WebPage","@id":"https:\/\/izsekosanasierices.lv\/produkts\/spiegu-kamera-un-noklausisanas-blusu-detektors-nosaka-gsm-gps-rf-uhf\/","url":"https:\/\/izsekosanasierices.lv\/produkts\/spiegu-kamera-un-noklausisanas-blusu-detektors-nosaka-gsm-gps-rf-uhf\/","name":"Sl\u0113pto kamera un noklaus\u012b\u0161an\u0101s ier\u012b\u010du detektors nosaka Gsm Gps","isPartOf":{"@id":"https:\/\/izsekosanasierices.lv\/#website"},"primaryImageOfPage":{"@id":"https:\/\/izsekosanasierices.lv\/produkts\/spiegu-kamera-un-noklausisanas-blusu-detektors-nosaka-gsm-gps-rf-uhf\/#primaryimage"},"image":{"@id":"https:\/\/izsekosanasierices.lv\/produkts\/spiegu-kamera-un-noklausisanas-blusu-detektors-nosaka-gsm-gps-rf-uhf\/#primaryimage"},"thumbnailUrl":"https:\/\/izsekosanasierices.lv\/wp-content\/uploads\/izsekosanasierices-slaptu-kameru-ir-pasiklausymo-blakiu-detektorius-aptinka-gsm-gps-rd-uhf.jpg","datePublished":"2023-10-05T15:37:11+00:00","dateModified":"2026-04-15T11:03:25+00:00","description":"Sl\u0113pto kameras platjoslas detektors mekl\u0113 no 1GHz l\u012bdz 6,5Ghz diapazon\u0101 Ar \u0161o detektoru j\u016bs varat atkl\u0101t noklaus\u012b\u0161an\u0101s ier\u012bces kas darbojas gsm radio frekvenc\u0113 un wifi","breadcrumb":{"@id":"https:\/\/izsekosanasierices.lv\/produkts\/spiegu-kamera-un-noklausisanas-blusu-detektors-nosaka-gsm-gps-rf-uhf\/#breadcrumb"},"inLanguage":"et","potentialAction":[{"@type":"ReadAction","target":["https:\/\/izsekosanasierices.lv\/produkts\/spiegu-kamera-un-noklausisanas-blusu-detektors-nosaka-gsm-gps-rf-uhf\/"]}]},{"@type":"ImageObject","inLanguage":"et","@id":"https:\/\/izsekosanasierices.lv\/produkts\/spiegu-kamera-un-noklausisanas-blusu-detektors-nosaka-gsm-gps-rf-uhf\/#primaryimage","url":"https:\/\/izsekosanasierices.lv\/wp-content\/uploads\/izsekosanasierices-slaptu-kameru-ir-pasiklausymo-blakiu-detektorius-aptinka-gsm-gps-rd-uhf.jpg","contentUrl":"https:\/\/izsekosanasierices.lv\/wp-content\/uploads\/izsekosanasierices-slaptu-kameru-ir-pasiklausymo-blakiu-detektorius-aptinka-gsm-gps-rd-uhf.jpg","width":481,"height":527,"caption":"Pasiklausymo blaki\u0173 detektorius RF 1Mhz iki 6"},{"@type":"BreadcrumbList","@id":"https:\/\/izsekosanasierices.lv\/produkts\/spiegu-kamera-un-noklausisanas-blusu-detektors-nosaka-gsm-gps-rf-uhf\/#breadcrumb","itemListElement":[{"@type":"ListItem","position":1,"name":"S\u0101kums","item":"https:\/\/izsekosanasierices.lv\/"},{"@type":"ListItem","position":2,"name":"Veikals","item":"https:\/\/izsekosanasierices.lv\/veikals\/"},{"@type":"ListItem","position":3,"name":"Sl\u0113pto kamera un noklaus\u012b\u0161an\u0101s ier\u012b\u010du detektors \u2013 nosaka GSM, GPS, RF, UHF"}]},{"@type":"WebSite","@id":"https:\/\/izsekosanasierices.lv\/#website","url":"https:\/\/izsekosanasierices.lv\/","name":"Nr1 Izseko\u0161anas ier\u012bces gps izseko\u0161anas iek\u0101rtas, klaus\u012b\u0161an\u0101s iek\u0101rtas","description":"","potentialAction":[{"@type":"SearchAction","target":{"@type":"EntryPoint","urlTemplate":"https:\/\/izsekosanasierices.lv\/?s={search_term_string}"},"query-input":{"@type":"PropertyValueSpecification","valueRequired":true,"valueName":"search_term_string"}}],"inLanguage":"et"}]}},"_links":{"self":[{"href":"https:\/\/izsekosanasierices.lv\/et\/wp-json\/wp\/v2\/product\/1238","targetHints":{"allow":["GET"]}}],"collection":[{"href":"https:\/\/izsekosanasierices.lv\/et\/wp-json\/wp\/v2\/product"}],"about":[{"href":"https:\/\/izsekosanasierices.lv\/et\/wp-json\/wp\/v2\/types\/product"}],"wp:featuredmedia":[{"embeddable":true,"href":"https:\/\/izsekosanasierices.lv\/et\/wp-json\/wp\/v2\/media\/1513"}],"wp:attachment":[{"href":"https:\/\/izsekosanasierices.lv\/et\/wp-json\/wp\/v2\/media?parent=1238"}],"wp:term":[{"taxonomy":"product_brand","embeddable":true,"href":"https:\/\/izsekosanasierices.lv\/et\/wp-json\/wp\/v2\/product_brand?post=1238"},{"taxonomy":"product_cat","embeddable":true,"href":"https:\/\/izsekosanasierices.lv\/et\/wp-json\/wp\/v2\/product_cat?post=1238"},{"taxonomy":"product_tag","embeddable":true,"href":"https:\/\/izsekosanasierices.lv\/et\/wp-json\/wp\/v2\/product_tag?post=1238"}],"curies":[{"name":"wp","href":"https:\/\/api.w.org\/{rel}","templated":true}]}}