{"id":1239,"date":"2023-10-05T15:37:11","date_gmt":"2023-10-05T15:37:11","guid":{"rendered":"https:\/\/izsekosanasierices.lv\/produktas\/slapta-kamera-wifi-full-hd-130-laipsniu-filmavimo-kampas\/"},"modified":"2025-11-27T13:14:08","modified_gmt":"2025-11-27T11:14:08","slug":"slepena-kamera-ar-wifi-full-hd-attelu-kvalitate-130-gradu-uznemsanas-lenkis","status":"publish","type":"product","link":"https:\/\/izsekosanasierices.lv\/et\/produkts\/stealth-kaamera-koos-wifi-full-hd-pildi-kvaliteet-130-grad-uznemsanas-lenkis\/","title":{"rendered":"Salajane kaamera WiFi | Full HD pildikvaliteet | 130-kraadine pildistamisnurk"},"content":{"rendered":"<h3><strong>Tehnilised parameetrid:<\/strong><\/h3>\n<ul>\n<li>Online: jah<\/li>\n<li>Videokvaliteet: FULL HD1080P, salvestus: HD 720P, 640 x 480, 320 x 240<\/li>\n<li>Video esitamine: telefonis, arvutis, tahvelarvutis<\/li>\n<li>Aku kestvus: umbes 3 - 4 tundi<\/li>\n<li>\u00d6ine salvestusfunktsioon: ei ole<\/li>\n<li>Liikumistuvastuse re\u017eiim: jah (digitaalne)<\/li>\n<li>Vaatamisnurk: 130\u00b0<\/li>\n<li>M\u00e4lukaardi tugi: 8 - 32 GB (kaart ei kuulu komplekti)<\/li>\n<li>Pakkimisformaat: avi H.264<\/li>\n<li>Toetatud s\u00fcsteemid: iOS, Android, Windows (Windows 7 \/ Windows 8 \/ Windows 10)<\/li>\n<li>Otsese j\u00e4lgimise rakendused: proiCam, P2PliveCam<\/li>\n<li>Toiteallikas: patarei v\u00f5i v\u00f5rgupesa (5 V)<\/li>\n<li>Wi-Fi \u00fchenduvus: IEEE802.11 b\/g\/n<\/li>\n<li>Aku mahutavus: 4000 mAh<\/li>\n<li>Kaamera juhtme pikkus: 10 cm<\/li>\n<li>Pakendi suurus: 50 mm x 32 mm x 12 mm<\/li>\n<li>Salvestuse juhtimine: mis tahes nutiseadmest (telefon, arvuti v\u00f5i tahvelarvuti)<\/li>\n<li><strong>Garantii 12 kuud<\/strong><\/li>\n<\/ul>\n<p>&nbsp;<\/p>\n<p><span style=\"color: #ff0000;\"><strong>Vajad kiiret sama p\u00e4eva (ja n\u00e4dalavahetuse) kohaletoimetamist?  Helistage +37120484176<\/strong><\/span><\/p>\n<p>Seda kaamerat kasutatakse teie ja teie laste kaitsmiseks.<\/p>\n<p>&nbsp;<\/p>\n<p><strong>Salajane kaamera WiFi, Full HD kvaliteediga, 130-kraadise pildistamisnurgaga<\/strong><\/p>\n<p>Seda kaamerat saab kasutada paljudes erinevates olukordades. Kvaliteetseid kaameraid on n\u00fc\u00fcd saadaval t\u00f5eliselt hea hinnaga, nii et kui soovite k\u00f5rvaldada k\u00f5ik kahtlused v\u00f5i lihtsalt kaitsta end pettuste eest, v\u00f5ib see olla parim valik.<\/p>\n<p>&nbsp;<\/p>\n<p>Kuigi kaamera on v\u00e4ga v\u00e4ike, on sellega j\u00e4\u00e4dvustatavate piltide kvaliteet v\u00e4ga k\u00f5rge. Pildi saab salvestada valitud formaadis: 1080 \u00d7 920, (mida v\u00e4iksem on pilt, seda rohkem salvestusi mahub m\u00e4lukaardile). Seade toetab m\u00e4lukaarte mahuga 8 kuni 32 gigabaiti (kaart ei kuulu komplekti). Kaamera saab toidet pistikupesast v\u00f5i akust (4000 mAh aku).<\/p>","protected":false},"excerpt":{"rendered":"<p>Mini Secret Camera WiFi Full HD 130-kraadine pildistamisnurk See kaamera on lihtne peita raamatusse, m\u00e4nguasjasse v\u00f5i muusse objekti. V\u00e4ga hea kvaliteet<\/p>","protected":false},"featured_media":1518,"template":"","meta":[],"product_brand":[],"product_cat":[330,321,331],"product_tag":[325,436,328,415,329,32],"class_list":{"0":"post-1239","1":"product","2":"type-product","3":"status-publish","4":"has-post-thumbnail","6":"product_cat-masketas-kameras","7":"product_cat-sleptas-kameras","8":"product_cat-wi-fi-slepenas-kameras","9":"product_tag-izsekosanas-kamera","10":"product_tag-noverosanas-kameras","11":"product_tag-slepena-kamera","12":"product_tag-slepenas-kameras","13":"product_tag-slepta-noverosanas-kamera","14":"product_tag-wifi-kamera","16":"first","17":"instock","18":"taxable","19":"shipping-taxable","20":"purchasable","21":"product-type-simple"},"yoast_head":"<!-- This site is optimized with the Yoast SEO plugin v27.5 - https:\/\/yoast.com\/product\/yoast-seo-wordpress\/ -->\n<title>Slepen\u0101 kamera ar WiFi att\u0113lu kvalit\u0101te 130 gr\u0101du<\/title>\n<meta name=\"description\" content=\"Mini izm\u0113ra slepen\u0101 kamera ar wifi kvalit\u0101te 130 gr\u0101du film\u0113\u0161anas le\u0146\u0137is Viegli pasl\u0113pt starp priek\u0161metiem gr\u0101mat\u0101m rota\u013cliet\u0101m vai iestr\u0101d\u0101t k\u0101d\u0101 priek\u0161met\" \/>\n<meta name=\"robots\" content=\"index, follow, max-snippet:-1, max-image-preview:large, max-video-preview:-1\" \/>\n<link rel=\"canonical\" href=\"https:\/\/izsekosanasierices.lv\/et\/produkts\/stealth-kaamera-koos-wifi-full-hd-pildi-kvaliteet-130-grad-uznemsanas-lenkis\/\" \/>\n<meta property=\"og:locale\" content=\"et_EE\" \/>\n<meta property=\"og:type\" content=\"article\" \/>\n<meta property=\"og:title\" content=\"Mini Candid Camera WiFi Full HD 130 gr\u0101du film\u0113\u0161anas le\u0146\u0137is\" \/>\n<meta property=\"og:description\" content=\"Mini slepen\u0101 kamera WiFi Full HD 130 gr\u0101du film\u0113\u0161anas le\u0146\u0137is \u0160o kameru ir viegli pasl\u0113pt starp priek\u0161metiem gr\u0101mat\u0101, rota\u013cliet\u0101 vai cit\u0101 priek\u0161met\u0101. \u013boti laba kvalit\u0101te\" \/>\n<meta property=\"og:url\" content=\"https:\/\/izsekosanasierices.lv\/et\/produkts\/stealth-kaamera-koos-wifi-full-hd-pildi-kvaliteet-130-grad-uznemsanas-lenkis\/\" \/>\n<meta property=\"og:site_name\" content=\"Nr1 Izseko\u0161anas ier\u012bces gps izseko\u0161anas iek\u0101rtas, klaus\u012b\u0161an\u0101s iek\u0101rtas\" \/>\n<meta property=\"article:modified_time\" content=\"2025-11-27T11:14:08+00:00\" \/>\n<meta property=\"og:image\" content=\"https:\/\/rvnski.dev\/sekimoiranga\/wp-content\/uploads\/izsekosanasierices.webp\" \/>\n<meta name=\"twitter:card\" content=\"summary_large_image\" \/>\n<meta name=\"twitter:title\" content=\"Mini Candid Camera WiFi Full HD 130 gr\u0101du film\u0113\u0161anas le\u0146\u0137is\" \/>\n<meta name=\"twitter:description\" content=\"Mini slepen\u0101 kamera WiFi Full HD 130 gr\u0101du film\u0113\u0161anas le\u0146\u0137is \u0160o kameru ir viegli pasl\u0113pt starp priek\u0161metiem gr\u0101mat\u0101, rota\u013cliet\u0101 vai cit\u0101 priek\u0161met\u0101. \u013boti laba kvalit\u0101te\" \/>\n<meta name=\"twitter:label1\" content=\"Est. reading time\" \/>\n\t<meta name=\"twitter:data1\" content=\"2 minutit\" \/>\n<script type=\"application\/ld+json\" class=\"yoast-schema-graph\">{\"@context\":\"https:\\\/\\\/schema.org\",\"@graph\":[{\"@type\":\"WebPage\",\"@id\":\"https:\\\/\\\/izsekosanasierices.lv\\\/produkts\\\/slepena-kamera-ar-wifi-full-hd-attelu-kvalitate-130-gradu-uznemsanas-lenkis\\\/\",\"url\":\"https:\\\/\\\/izsekosanasierices.lv\\\/produkts\\\/slepena-kamera-ar-wifi-full-hd-attelu-kvalitate-130-gradu-uznemsanas-lenkis\\\/\",\"name\":\"Slepen\u0101 kamera ar WiFi att\u0113lu kvalit\u0101te 130 gr\u0101du\",\"isPartOf\":{\"@id\":\"https:\\\/\\\/izsekosanasierices.lv\\\/#website\"},\"primaryImageOfPage\":{\"@id\":\"https:\\\/\\\/izsekosanasierices.lv\\\/produkts\\\/slepena-kamera-ar-wifi-full-hd-attelu-kvalitate-130-gradu-uznemsanas-lenkis\\\/#primaryimage\"},\"image\":{\"@id\":\"https:\\\/\\\/izsekosanasierices.lv\\\/produkts\\\/slepena-kamera-ar-wifi-full-hd-attelu-kvalitate-130-gradu-uznemsanas-lenkis\\\/#primaryimage\"},\"thumbnailUrl\":\"https:\\\/\\\/izsekosanasierices.lv\\\/wp-content\\\/uploads\\\/izsekosanasierices-slapta-kamera-wifi-full-hd-130-laipsniu-filmavimo-kampas.jpg\",\"datePublished\":\"2023-10-05T15:37:11+00:00\",\"dateModified\":\"2025-11-27T11:14:08+00:00\",\"description\":\"Mini izm\u0113ra slepen\u0101 kamera ar wifi kvalit\u0101te 130 gr\u0101du film\u0113\u0161anas le\u0146\u0137is Viegli pasl\u0113pt starp priek\u0161metiem gr\u0101mat\u0101m rota\u013cliet\u0101m vai iestr\u0101d\u0101t k\u0101d\u0101 priek\u0161met\",\"breadcrumb\":{\"@id\":\"https:\\\/\\\/izsekosanasierices.lv\\\/produkts\\\/slepena-kamera-ar-wifi-full-hd-attelu-kvalitate-130-gradu-uznemsanas-lenkis\\\/#breadcrumb\"},\"inLanguage\":\"et\",\"potentialAction\":[{\"@type\":\"ReadAction\",\"target\":[\"https:\\\/\\\/izsekosanasierices.lv\\\/produkts\\\/slepena-kamera-ar-wifi-full-hd-attelu-kvalitate-130-gradu-uznemsanas-lenkis\\\/\"]}]},{\"@type\":\"ImageObject\",\"inLanguage\":\"et\",\"@id\":\"https:\\\/\\\/izsekosanasierices.lv\\\/produkts\\\/slepena-kamera-ar-wifi-full-hd-attelu-kvalitate-130-gradu-uznemsanas-lenkis\\\/#primaryimage\",\"url\":\"https:\\\/\\\/izsekosanasierices.lv\\\/wp-content\\\/uploads\\\/izsekosanasierices-slapta-kamera-wifi-full-hd-130-laipsniu-filmavimo-kampas.jpg\",\"contentUrl\":\"https:\\\/\\\/izsekosanasierices.lv\\\/wp-content\\\/uploads\\\/izsekosanasierices-slapta-kamera-wifi-full-hd-130-laipsniu-filmavimo-kampas.jpg\",\"width\":513,\"height\":514,\"caption\":\"Sekimo kamera FULL HD veikimo laikas nuo akumuliatoriaus 4val.\"},{\"@type\":\"BreadcrumbList\",\"@id\":\"https:\\\/\\\/izsekosanasierices.lv\\\/produkts\\\/slepena-kamera-ar-wifi-full-hd-attelu-kvalitate-130-gradu-uznemsanas-lenkis\\\/#breadcrumb\",\"itemListElement\":[{\"@type\":\"ListItem\",\"position\":1,\"name\":\"S\u0101kums\",\"item\":\"https:\\\/\\\/izsekosanasierices.lv\\\/\"},{\"@type\":\"ListItem\",\"position\":2,\"name\":\"Veikals\",\"item\":\"https:\\\/\\\/izsekosanasierices.lv\\\/veikals\\\/\"},{\"@type\":\"ListItem\",\"position\":3,\"name\":\"Slepen\u0101 kamera ar WiFi | Full HD att\u0113lu kvalit\u0101te | 130 gr\u0101du uz\u0146em\u0161anas le\u0146\u0137is\"}]},{\"@type\":\"WebSite\",\"@id\":\"https:\\\/\\\/izsekosanasierices.lv\\\/#website\",\"url\":\"https:\\\/\\\/izsekosanasierices.lv\\\/\",\"name\":\"Nr1 Izseko\u0161anas ier\u012bces gps izseko\u0161anas iek\u0101rtas, klaus\u012b\u0161an\u0101s iek\u0101rtas\",\"description\":\"\",\"potentialAction\":[{\"@type\":\"SearchAction\",\"target\":{\"@type\":\"EntryPoint\",\"urlTemplate\":\"https:\\\/\\\/izsekosanasierices.lv\\\/?s={search_term_string}\"},\"query-input\":{\"@type\":\"PropertyValueSpecification\",\"valueRequired\":true,\"valueName\":\"search_term_string\"}}],\"inLanguage\":\"et\"}]}<\/script>\n<!-- \/ Yoast SEO plugin. -->","yoast_head_json":{"title":"Slepen\u0101 kamera ar WiFi att\u0113lu kvalit\u0101te 130 gr\u0101du","description":"Mini izm\u0113ra slepen\u0101 kamera ar wifi kvalit\u0101te 130 gr\u0101du film\u0113\u0161anas le\u0146\u0137is Viegli pasl\u0113pt starp priek\u0161metiem gr\u0101mat\u0101m rota\u013cliet\u0101m vai iestr\u0101d\u0101t k\u0101d\u0101 priek\u0161met","robots":{"index":"index","follow":"follow","max-snippet":"max-snippet:-1","max-image-preview":"max-image-preview:large","max-video-preview":"max-video-preview:-1"},"canonical":"https:\/\/izsekosanasierices.lv\/et\/produkts\/stealth-kaamera-koos-wifi-full-hd-pildi-kvaliteet-130-grad-uznemsanas-lenkis\/","og_locale":"et_EE","og_type":"article","og_title":"Mini Candid Camera WiFi Full HD 130 gr\u0101du film\u0113\u0161anas le\u0146\u0137is","og_description":"Mini slepen\u0101 kamera WiFi Full HD 130 gr\u0101du film\u0113\u0161anas le\u0146\u0137is \u0160o kameru ir viegli pasl\u0113pt starp priek\u0161metiem gr\u0101mat\u0101, rota\u013cliet\u0101 vai cit\u0101 priek\u0161met\u0101. \u013boti laba kvalit\u0101te","og_url":"https:\/\/izsekosanasierices.lv\/et\/produkts\/stealth-kaamera-koos-wifi-full-hd-pildi-kvaliteet-130-grad-uznemsanas-lenkis\/","og_site_name":"Nr1 Izseko\u0161anas ier\u012bces gps izseko\u0161anas iek\u0101rtas, klaus\u012b\u0161an\u0101s iek\u0101rtas","article_modified_time":"2025-11-27T11:14:08+00:00","og_image":[{"url":"https:\/\/rvnski.dev\/sekimoiranga\/wp-content\/uploads\/izsekosanasierices.webp","type":"","width":"","height":""}],"twitter_card":"summary_large_image","twitter_title":"Mini Candid Camera WiFi Full HD 130 gr\u0101du film\u0113\u0161anas le\u0146\u0137is","twitter_description":"Mini slepen\u0101 kamera WiFi Full HD 130 gr\u0101du film\u0113\u0161anas le\u0146\u0137is \u0160o kameru ir viegli pasl\u0113pt starp priek\u0161metiem gr\u0101mat\u0101, rota\u013cliet\u0101 vai cit\u0101 priek\u0161met\u0101. \u013boti laba kvalit\u0101te","twitter_misc":{"Est. reading time":"2 minutit"},"schema":{"@context":"https:\/\/schema.org","@graph":[{"@type":"WebPage","@id":"https:\/\/izsekosanasierices.lv\/produkts\/slepena-kamera-ar-wifi-full-hd-attelu-kvalitate-130-gradu-uznemsanas-lenkis\/","url":"https:\/\/izsekosanasierices.lv\/produkts\/slepena-kamera-ar-wifi-full-hd-attelu-kvalitate-130-gradu-uznemsanas-lenkis\/","name":"Slepen\u0101 kamera ar WiFi att\u0113lu kvalit\u0101te 130 gr\u0101du","isPartOf":{"@id":"https:\/\/izsekosanasierices.lv\/#website"},"primaryImageOfPage":{"@id":"https:\/\/izsekosanasierices.lv\/produkts\/slepena-kamera-ar-wifi-full-hd-attelu-kvalitate-130-gradu-uznemsanas-lenkis\/#primaryimage"},"image":{"@id":"https:\/\/izsekosanasierices.lv\/produkts\/slepena-kamera-ar-wifi-full-hd-attelu-kvalitate-130-gradu-uznemsanas-lenkis\/#primaryimage"},"thumbnailUrl":"https:\/\/izsekosanasierices.lv\/wp-content\/uploads\/izsekosanasierices-slapta-kamera-wifi-full-hd-130-laipsniu-filmavimo-kampas.jpg","datePublished":"2023-10-05T15:37:11+00:00","dateModified":"2025-11-27T11:14:08+00:00","description":"Mini izm\u0113ra slepen\u0101 kamera ar wifi kvalit\u0101te 130 gr\u0101du film\u0113\u0161anas le\u0146\u0137is Viegli pasl\u0113pt starp priek\u0161metiem gr\u0101mat\u0101m rota\u013cliet\u0101m vai iestr\u0101d\u0101t k\u0101d\u0101 priek\u0161met","breadcrumb":{"@id":"https:\/\/izsekosanasierices.lv\/produkts\/slepena-kamera-ar-wifi-full-hd-attelu-kvalitate-130-gradu-uznemsanas-lenkis\/#breadcrumb"},"inLanguage":"et","potentialAction":[{"@type":"ReadAction","target":["https:\/\/izsekosanasierices.lv\/produkts\/slepena-kamera-ar-wifi-full-hd-attelu-kvalitate-130-gradu-uznemsanas-lenkis\/"]}]},{"@type":"ImageObject","inLanguage":"et","@id":"https:\/\/izsekosanasierices.lv\/produkts\/slepena-kamera-ar-wifi-full-hd-attelu-kvalitate-130-gradu-uznemsanas-lenkis\/#primaryimage","url":"https:\/\/izsekosanasierices.lv\/wp-content\/uploads\/izsekosanasierices-slapta-kamera-wifi-full-hd-130-laipsniu-filmavimo-kampas.jpg","contentUrl":"https:\/\/izsekosanasierices.lv\/wp-content\/uploads\/izsekosanasierices-slapta-kamera-wifi-full-hd-130-laipsniu-filmavimo-kampas.jpg","width":513,"height":514,"caption":"Sekimo kamera FULL HD veikimo laikas nuo akumuliatoriaus 4val."},{"@type":"BreadcrumbList","@id":"https:\/\/izsekosanasierices.lv\/produkts\/slepena-kamera-ar-wifi-full-hd-attelu-kvalitate-130-gradu-uznemsanas-lenkis\/#breadcrumb","itemListElement":[{"@type":"ListItem","position":1,"name":"S\u0101kums","item":"https:\/\/izsekosanasierices.lv\/"},{"@type":"ListItem","position":2,"name":"Veikals","item":"https:\/\/izsekosanasierices.lv\/veikals\/"},{"@type":"ListItem","position":3,"name":"Slepen\u0101 kamera ar WiFi | Full HD att\u0113lu kvalit\u0101te | 130 gr\u0101du uz\u0146em\u0161anas le\u0146\u0137is"}]},{"@type":"WebSite","@id":"https:\/\/izsekosanasierices.lv\/#website","url":"https:\/\/izsekosanasierices.lv\/","name":"Nr1 Izseko\u0161anas ier\u012bces gps izseko\u0161anas iek\u0101rtas, klaus\u012b\u0161an\u0101s iek\u0101rtas","description":"","potentialAction":[{"@type":"SearchAction","target":{"@type":"EntryPoint","urlTemplate":"https:\/\/izsekosanasierices.lv\/?s={search_term_string}"},"query-input":{"@type":"PropertyValueSpecification","valueRequired":true,"valueName":"search_term_string"}}],"inLanguage":"et"}]}},"_links":{"self":[{"href":"https:\/\/izsekosanasierices.lv\/et\/wp-json\/wp\/v2\/product\/1239","targetHints":{"allow":["GET"]}}],"collection":[{"href":"https:\/\/izsekosanasierices.lv\/et\/wp-json\/wp\/v2\/product"}],"about":[{"href":"https:\/\/izsekosanasierices.lv\/et\/wp-json\/wp\/v2\/types\/product"}],"wp:featuredmedia":[{"embeddable":true,"href":"https:\/\/izsekosanasierices.lv\/et\/wp-json\/wp\/v2\/media\/1518"}],"wp:attachment":[{"href":"https:\/\/izsekosanasierices.lv\/et\/wp-json\/wp\/v2\/media?parent=1239"}],"wp:term":[{"taxonomy":"product_brand","embeddable":true,"href":"https:\/\/izsekosanasierices.lv\/et\/wp-json\/wp\/v2\/product_brand?post=1239"},{"taxonomy":"product_cat","embeddable":true,"href":"https:\/\/izsekosanasierices.lv\/et\/wp-json\/wp\/v2\/product_cat?post=1239"},{"taxonomy":"product_tag","embeddable":true,"href":"https:\/\/izsekosanasierices.lv\/et\/wp-json\/wp\/v2\/product_tag?post=1239"}],"curies":[{"name":"wp","href":"https:\/\/api.w.org\/{rel}","templated":true}]}}