{"id":1241,"date":"2023-10-05T15:37:11","date_gmt":"2023-10-05T15:37:11","guid":{"rendered":"https:\/\/izsekosanasierices.lv\/produktas\/gps-seklys-su-ypac-galinga-baterija-budejimo-laikas-178-paros\/"},"modified":"2025-12-19T09:37:22","modified_gmt":"2025-12-19T07:37:22","slug":"gps-izsekosanas-ierice-ar-ipasi-jaudigu-akumulatoru-178-dienu-ilgs-akumulatora-darbibas-laiks","status":"publish","type":"product","link":"https:\/\/izsekosanasierices.lv\/et\/produkts\/gps-jalgimisseade-koos-ipasi-voimsa-akuga-178-paeva-aku-kestvusega\/","title":{"rendered":"Gps tracker eriti v\u00f5imsa akuga 178 p\u00e4eva aku kestvusega"},"content":{"rendered":"<p><strong>Tehnilised omadused:<\/strong><\/p>\n<ul>\n<li>V\u00f5rgud: GSM \/ GPRS<\/li>\n<li>Toetatavad sagedused: 850 \/ 900 \/ 1800 \/ 1900 MHz<\/li>\n<li>GPS kiip: SIRF3 kiip<\/li>\n<li>GPS-tundlikkus: 159 dBm<\/li>\n<li>GPS t\u00e4psus: 5 m<\/li>\n<li>Aku: 3,7 V 10 000 mAh<\/li>\n<li>Aku kestvus: kuni 7 aastat (s\u00f5ltuvalt valitud re\u017eiimist)<\/li>\n<li>Online-seire: saadaval<\/li>\n<li>Infrapunaandur: saadaval<\/li>\n<li>GSM pealtkuulamisfunktsioon: saadaval<\/li>\n<\/ul>\n<p><strong>Sisaldab:<\/strong><\/p>\n<ul>\n<li>GPS-j\u00e4lgimisseade;<\/li>\n<li>220 V v\u00f5rgulaadija;<\/li>\n<li><strong>Garantii 12 kuud.<\/strong><\/li>\n<\/ul>\n<p><strong>Vajad kiiret sama p\u00e4eva (ja n\u00e4dalavahetuse) kohaletoimetamist? Helistage +37<\/strong><strong>120484176<\/strong><\/p>\n<h3>Kasutamine: teie auto ja asjade ohutuse tagamiseks.<\/h3>\n<p><strong>GPS j\u00e4lgimisseade (GSM ooteaeg kuni 178 p\u00e4eva)<\/strong><\/p>\n<p>Seda GPS-seiret on lihtne kinnitada, kvaliteetne ja v\u00e4ga lihtne kasutada. GPS-j\u00e4lgimisseade sisestab SIM-kaardi telefoninumbriga, millele saab helistada objekti asukoha m\u00e4\u00e4ramiseks (telefoni saadetakse tekstis\u00f5num koos objekti asukoha koordinaatidega). GPS-j\u00e4lgimisseade on tundlik objekti liikumise suhtes, nii et see v\u00f5ib anda teateid, kui objekti asukoht muutub. Samuti v\u00f5ib see anda teavet m\u00e4\u00e4ratletud piirkonna piiride \u00fcletamise, kiiruse \u00fcletamise jne kohta. GPS-j\u00e4lgimisseade ei v\u00f5imalda mitte ainult m\u00e4\u00e4rata objekti koordinaate, vaid ka kuulata \u00fcmbrust.<\/p>\n<p><strong>Lihtne ja h\u00f5lpsasti kasutatav<\/strong><\/p>\n<p>P\u00e4rast GPS-j\u00e4lgimisseadme ostmist muutke k\u00f5igepealt standardne parool. Pakume teile tasuta \u00fchendust serveriga, et saaksite j\u00e4lgida objektide asukohta internetis. Pakume ka tasuta GPS-j\u00e4lgimisseadme konfigureerimist.<\/p>\n<p><strong>Pikk aku ooteaeg<\/strong><\/p>\n<p>S\u00f5ltuvalt valitud re\u017eiimist v\u00f5ib GPS-j\u00e4lgimisseadme aku kestus oluliselt erineda:<\/p>\n<ul>\n<li>GSM-re\u017eiim alati sisse l\u00fclitatud - kuni 83 p\u00e4eva;<\/li>\n<li>Magamine koos liikumisanduri ja hoiatuskutsega - kuni 178 p\u00e4eva;<\/li>\n<li>Magada koos k\u00f5neinfoga - kuni 187 p\u00e4eva;<\/li>\n<li>S\u00fcgavune uni liikumisanduriga: kuni 4 aastat;<\/li>\n<li>S\u00fcgav uni kord p\u00e4evas taastamisega: kuni 7 aastat.<\/li>\n<\/ul>","protected":false},"excerpt":{"rendered":"<p>GPS-j\u00e4lgimisseade (GSM ooteaeg kuni 178 p\u00e4eva). GPS-j\u00e4lgimisseadet on lihtne kinnitada, kvaliteetne ja v\u00e4ga lihtne kasutada.<\/p>","protected":false},"featured_media":1526,"template":"","meta":[],"product_brand":[],"product_cat":[357],"product_tag":[370,130,371,372,332,434],"class_list":{"0":"post-1241","1":"product","2":"type-product","3":"status-publish","4":"has-post-thumbnail","6":"product_cat-gps-izsekosanas-ierice","7":"product_tag-automasinas-gps-izsekotajs","8":"product_tag-gps","9":"product_tag-gps-izsekosanas-iekartas","10":"product_tag-gps-izsekotajs","11":"product_tag-izsekosanas-iekartas","12":"product_tag-profesionals-gps-izsekotajs","14":"first","15":"outofstock","16":"taxable","17":"shipping-taxable","18":"purchasable","19":"product-type-simple"},"yoast_head":"<!-- This site is optimized with the Yoast SEO plugin v27.5 - https:\/\/yoast.com\/product\/yoast-seo-wordpress\/ -->\n<title>GPS izseko\u0161anas ier\u012bce ar \u012bpa\u0161i jaud\u012bgu akumulatoru 178 dienu<\/title>\n<meta name=\"description\" content=\"GPS izseko\u0161anas ier\u012bce GSM gaid\u012b\u0161anas laiks l\u012bdz 178 dien\u0101m GPS izseko\u0161anas ier\u012bci ir viegli piestiprin\u0101t, t\u0101 ir augstas kvalit\u0101tes un \u013coti vienk\u0101r\u0161i...\" \/>\n<meta name=\"robots\" content=\"index, follow, max-snippet:-1, max-image-preview:large, max-video-preview:-1\" \/>\n<link rel=\"canonical\" href=\"https:\/\/izsekosanasierices.lv\/et\/produkts\/gps-jalgimisseade-koos-ipasi-voimsa-akuga-178-paeva-aku-kestvusega\/\" \/>\n<meta property=\"og:locale\" content=\"et_EE\" \/>\n<meta property=\"og:type\" content=\"article\" \/>\n<meta property=\"og:title\" content=\"GPS izsekot\u0101js ar jaud\u012bgu akumulatora darb\u012bbas laiku l\u012bdz 178 dien\u0101m. bez uzl\u0101des\" \/>\n<meta property=\"og:description\" content=\"Tehnisk\u0101s \u012bpa\u0161\u012bbasT\u012bkli: GSM \/ GPRSAtbalst\u012bt\u0101s frekvences: 850\/900\/1800\/1900 MHzGPS mikrosh\u0113ma: SIRF3 mikrosh\u0113maGPS jut\u012bba: 159 dBmGPS precizit\u0101te: 5 mAkumulators: 3,7 V 10000 mAhAkumulatora darb\u012bbas laiks: l\u012bdz 7 gadiem (atkar\u012bb\u0101 no izv\u0113l\u0113t\u0101 re\u017e\u012bma).Tie\u0161saistes uzraudz\u012bba: pieejamaInfrasarkanais sensors: pieejamsGSM noklaus\u012b\u0161an\u0101s funkcija: pieejamaKomplekt\u0101 ietilpst: GPS izsekot\u0101js;220 V t\u012bkla l\u0101d\u0113t\u0101js.GARANTIJA 12 m\u0113ne\u0161iNepiecie\u0161ama \u0101tra pieg\u0101de taj\u0101 pa\u0161\u0101 dien\u0101? (un br\u012bvdien\u0101s)- zvaniet +37068411114Lieto\u0161ana: J\u016bsu automa\u0161\u012bnas un mantu dro\u0161\u012bbaiGPS izsekot\u0101js (GSM gaid\u012b\u0161anas laiks l\u012bdz 178 dien\u0101m)GPS izseko\u0161anas ier\u012bci ir viegli piestiprin\u0101t, t\u0101 ir augstas kvalit\u0101tes un \u013coti vienk\u0101r\u0161i lietojama. GPS mekl\u0113t\u0101j\u0101 tiek ievietota SIM karte ar t\u0101lru\u0146a numuru, uz kuru var zvan\u012bt, lai noteiktu objekta atra\u0161an\u0101s vietu (uz t\u0101lruni tiks nos\u016bt\u012bta \u012bszi\u0146a ar objekta atra\u0161an\u0101s vietas koordin\u0101t\u0113m). GPS izsekot\u0101js ir jut\u012bgs pret objekta kust\u012bbu, t\u0101p\u0113c tas var sa\u0146emt pazi\u0146ojumus par objekta atra\u0161an\u0101s vietas izmai\u0146\u0101m. T\u0101 var ar\u012b sniegt inform\u0101ciju par noteikt\u0101s zonas robe\u017eu p\u0101rsnieg\u0161anu, \u0101truma p\u0101rsnieg\u0161anu utt. GPS ne tikai \u013cauj noteikt objekta koordin\u0101tes, bet ar\u012b uzklaus\u012bt, kas notiek apk\u0101rt\u0113j\u0101 vid\u0113.Vienk\u0101r\u0161a un \u0113rta lieto\u0161anaP\u0113c GPS izsekot\u0101ja ieg\u0101des vispirms nomainiet standarta paroli. M\u0113s nodro\u0161in\u0101sim jums bezmaksas savienojumu ar serveri, lai j\u016bs var\u0113tu izsekot objektu atra\u0161an\u0101s vietai tie\u0161saist\u0113. M\u0113s pied\u0101v\u0101jam ar\u012b bezmaksas GPS izsekot\u0101ja konfigur\u0101ciju.Ilgs akumulatora gaid\u012b\u0161anas laiksAtkar\u012bb\u0101 no izv\u0113l\u0113t\u0101 re\u017e\u012bma GPS izseko\u0161anas ier\u012bces akumulatora darb\u012bbas laiks var iev\u0113rojami at\u0161\u0137irties:Vienm\u0113r iesl\u0113gts GSM re\u017e\u012bms - l\u012bdz 83 dien\u0101m;Miega re\u017e\u012bms ar kust\u012bbas sensoru un zvanu br\u012bdin\u0101jumu - l\u012bdz 178 dien\u0101m;Miega re\u017e\u012bms ar izsaukuma inform\u0101ciju l\u012bdz 187 dien\u0101m;Dzi\u013c\u0101 miega re\u017e\u012bms ar kust\u012bbu sensoru: l\u012bdz 4 gadiem;Dzi\u013c\u0101 miega re\u017e\u012bms ar atjauno\u0161anu reizi dien\u0101: l\u012bdz 7 gadiem.\" \/>\n<meta property=\"og:url\" content=\"https:\/\/izsekosanasierices.lv\/et\/produkts\/gps-jalgimisseade-koos-ipasi-voimsa-akuga-178-paeva-aku-kestvusega\/\" \/>\n<meta property=\"og:site_name\" content=\"Nr1 Izseko\u0161anas ier\u012bces gps izseko\u0161anas iek\u0101rtas, klaus\u012b\u0161an\u0101s iek\u0101rtas\" \/>\n<meta property=\"article:modified_time\" content=\"2025-12-19T07:37:22+00:00\" \/>\n<meta property=\"og:image\" content=\"https:\/\/rvnski.dev\/sekimoiranga\/wp-content\/uploads\/izsekosanasierices.webp\" \/>\n<meta name=\"twitter:card\" content=\"summary_large_image\" \/>\n<meta name=\"twitter:title\" content=\"GPS izsekot\u0101js ar jaud\u012bgu akumulatora darb\u012bbas laiku l\u012bdz 178 dien\u0101m. bez uzl\u0101des\" \/>\n<meta name=\"twitter:description\" content=\"Tehnisk\u0101s \u012bpa\u0161\u012bbas T\u012bkli: GSM \/ GPRS Atbalst\u012bt\u0101s frekvences: 850\/900\/1800\/1900 MHz GPS mikrosh\u0113ma: SIRF3 mikrosh\u0113ma GPS jut\u012bba: 159 dBm GPS precizit\u0101te: 5 m Akumulators: 3,7 V 10000 mAh Akumulatora darb\u012bbas laiks: l\u012bdz 7 gadiem (atkar\u012bb\u0101 no izv\u0113l\u0113t\u0101 re\u017e\u012bma). Tie\u0161saistes uzraudz\u012bba: pieejama Infrasarkanais sensors: pieejams GSM noklaus\u012b\u0161an\u0101s funkcija: pieejama Komplekt\u0101 ietilpst: GPS izsekot\u0101js; 220 V t\u012bkla l\u0101d\u0113t\u0101js. GARANTIJA 12 m\u0113ne\u0161i Nepiecie\u0161ama \u0101tra pieg\u0101de taj\u0101 pa\u0161\u0101 dien\u0101? (un br\u012bvdien\u0101s)- zvaniet +37068411114 Lieto\u0161ana: J\u016bsu automa\u0161\u012bnas un mantu dro\u0161\u012bbai GPS izsekot\u0101js (GSM gaid\u012b\u0161anas laiks l\u012bdz 178 dien\u0101m) GPS izseko\u0161anas ier\u012bci ir viegli piestiprin\u0101t, t\u0101 ir augstas kvalit\u0101tes un \u013coti vienk\u0101r\u0161i lietojama. GPS mekl\u0113t\u0101j\u0101 tiek ievietota SIM karte ar t\u0101lru\u0146a numuru, uz kuru var zvan\u012bt, lai noteiktu objekta atra\u0161an\u0101s vietu (uz t\u0101lruni tiks nos\u016bt\u012bta \u012bszi\u0146a ar objekta atra\u0161an\u0101s vietas koordin\u0101t\u0113m). GPS izsekot\u0101js ir jut\u012bgs pret objekta kust\u012bbu, t\u0101p\u0113c tas var sa\u0146emt pazi\u0146ojumus par objekta atra\u0161an\u0101s vietas izmai\u0146\u0101m. T\u0101 var ar\u012b sniegt inform\u0101ciju par noteikt\u0101s zonas robe\u017eu p\u0101rsnieg\u0161anu, \u0101truma p\u0101rsnieg\u0161anu utt. GPS ne tikai \u013cauj noteikt objekta koordin\u0101tes, bet ar\u012b uzklaus\u012bt, kas notiek apk\u0101rt\u0113j\u0101 vid\u0113. Vienk\u0101r\u0161a un \u0113rta lieto\u0161ana P\u0113c GPS izsekot\u0101ja ieg\u0101des vispirms nomainiet standarta paroli. M\u0113s nodro\u0161in\u0101sim jums bezmaksas savienojumu ar serveri, lai j\u016bs var\u0113tu izsekot objektu atra\u0161an\u0101s vietai tie\u0161saist\u0113. M\u0113s pied\u0101v\u0101jam ar\u012b bezmaksas GPS izsekot\u0101ja konfigur\u0101ciju. Ilgs akumulatora gaid\u012b\u0161anas laiks Atkar\u012bb\u0101 no izv\u0113l\u0113t\u0101 re\u017e\u012bma GPS izseko\u0161anas ier\u012bces akumulatora darb\u012bbas laiks var iev\u0113rojami at\u0161\u0137irties: Vienm\u0113r iesl\u0113gts GSM re\u017e\u012bms - l\u012bdz 83 dien\u0101m; Miega re\u017e\u012bms ar kust\u012bbas sensoru un zvanu br\u012bdin\u0101jumu - l\u012bdz 178 dien\u0101m; Miega re\u017e\u012bms ar izsaukuma inform\u0101ciju l\u012bdz 187 dien\u0101m; Dzi\u013c\u0101 miega re\u017e\u012bms ar kust\u012bbu sensoru: l\u012bdz 4 gadiem; Dzi\u013c\u0101 miega re\u017e\u012bms ar atjauno\u0161anu reizi dien\u0101: l\u012bdz 7 gadiem.\" \/>\n<meta name=\"twitter:label1\" content=\"Est. reading time\" \/>\n\t<meta name=\"twitter:data1\" content=\"2 minutit\" \/>\n<script type=\"application\/ld+json\" class=\"yoast-schema-graph\">{\"@context\":\"https:\\\/\\\/schema.org\",\"@graph\":[{\"@type\":\"WebPage\",\"@id\":\"https:\\\/\\\/izsekosanasierices.lv\\\/produkts\\\/gps-izsekosanas-ierice-ar-ipasi-jaudigu-akumulatoru-178-dienu-ilgs-akumulatora-darbibas-laiks\\\/\",\"url\":\"https:\\\/\\\/izsekosanasierices.lv\\\/produkts\\\/gps-izsekosanas-ierice-ar-ipasi-jaudigu-akumulatoru-178-dienu-ilgs-akumulatora-darbibas-laiks\\\/\",\"name\":\"GPS izseko\u0161anas ier\u012bce ar \u012bpa\u0161i jaud\u012bgu akumulatoru 178 dienu\",\"isPartOf\":{\"@id\":\"https:\\\/\\\/izsekosanasierices.lv\\\/#website\"},\"primaryImageOfPage\":{\"@id\":\"https:\\\/\\\/izsekosanasierices.lv\\\/produkts\\\/gps-izsekosanas-ierice-ar-ipasi-jaudigu-akumulatoru-178-dienu-ilgs-akumulatora-darbibas-laiks\\\/#primaryimage\"},\"image\":{\"@id\":\"https:\\\/\\\/izsekosanasierices.lv\\\/produkts\\\/gps-izsekosanas-ierice-ar-ipasi-jaudigu-akumulatoru-178-dienu-ilgs-akumulatora-darbibas-laiks\\\/#primaryimage\"},\"thumbnailUrl\":\"https:\\\/\\\/izsekosanasierices.lv\\\/wp-content\\\/uploads\\\/izsekosanasierices-gps-seklys-su-ypac-galinga-baterija-budejimo-laikas-178-paros.jpg\",\"datePublished\":\"2023-10-05T15:37:11+00:00\",\"dateModified\":\"2025-12-19T07:37:22+00:00\",\"description\":\"GPS izseko\u0161anas ier\u012bce GSM gaid\u012b\u0161anas laiks l\u012bdz 178 dien\u0101m GPS izseko\u0161anas ier\u012bci ir viegli piestiprin\u0101t, t\u0101 ir augstas kvalit\u0101tes un \u013coti vienk\u0101r\u0161i...\",\"breadcrumb\":{\"@id\":\"https:\\\/\\\/izsekosanasierices.lv\\\/produkts\\\/gps-izsekosanas-ierice-ar-ipasi-jaudigu-akumulatoru-178-dienu-ilgs-akumulatora-darbibas-laiks\\\/#breadcrumb\"},\"inLanguage\":\"et\",\"potentialAction\":[{\"@type\":\"ReadAction\",\"target\":[\"https:\\\/\\\/izsekosanasierices.lv\\\/produkts\\\/gps-izsekosanas-ierice-ar-ipasi-jaudigu-akumulatoru-178-dienu-ilgs-akumulatora-darbibas-laiks\\\/\"]}]},{\"@type\":\"ImageObject\",\"inLanguage\":\"et\",\"@id\":\"https:\\\/\\\/izsekosanasierices.lv\\\/produkts\\\/gps-izsekosanas-ierice-ar-ipasi-jaudigu-akumulatoru-178-dienu-ilgs-akumulatora-darbibas-laiks\\\/#primaryimage\",\"url\":\"https:\\\/\\\/izsekosanasierices.lv\\\/wp-content\\\/uploads\\\/izsekosanasierices-gps-seklys-su-ypac-galinga-baterija-budejimo-laikas-178-paros.jpg\",\"contentUrl\":\"https:\\\/\\\/izsekosanasierices.lv\\\/wp-content\\\/uploads\\\/izsekosanasierices-gps-seklys-su-ypac-galinga-baterija-budejimo-laikas-178-paros.jpg\",\"width\":450,\"height\":450,\"caption\":\"Gps seklys su ypa\u010d galinga baterija b\u016bd\u0117jimo laikas 178 paros\"},{\"@type\":\"BreadcrumbList\",\"@id\":\"https:\\\/\\\/izsekosanasierices.lv\\\/produkts\\\/gps-izsekosanas-ierice-ar-ipasi-jaudigu-akumulatoru-178-dienu-ilgs-akumulatora-darbibas-laiks\\\/#breadcrumb\",\"itemListElement\":[{\"@type\":\"ListItem\",\"position\":1,\"name\":\"S\u0101kums\",\"item\":\"https:\\\/\\\/izsekosanasierices.lv\\\/\"},{\"@type\":\"ListItem\",\"position\":2,\"name\":\"Veikals\",\"item\":\"https:\\\/\\\/izsekosanasierices.lv\\\/veikals\\\/\"},{\"@type\":\"ListItem\",\"position\":3,\"name\":\"Gps izsekot\u0101js ar \u012bpa\u0161i jaud\u012bgu akumulatoru 178 dienu akumulatora darb\u012bbas laiks\"}]},{\"@type\":\"WebSite\",\"@id\":\"https:\\\/\\\/izsekosanasierices.lv\\\/#website\",\"url\":\"https:\\\/\\\/izsekosanasierices.lv\\\/\",\"name\":\"Nr1 Izseko\u0161anas ier\u012bces gps izseko\u0161anas iek\u0101rtas, klaus\u012b\u0161an\u0101s iek\u0101rtas\",\"description\":\"\",\"potentialAction\":[{\"@type\":\"SearchAction\",\"target\":{\"@type\":\"EntryPoint\",\"urlTemplate\":\"https:\\\/\\\/izsekosanasierices.lv\\\/?s={search_term_string}\"},\"query-input\":{\"@type\":\"PropertyValueSpecification\",\"valueRequired\":true,\"valueName\":\"search_term_string\"}}],\"inLanguage\":\"et\"}]}<\/script>\n<!-- \/ Yoast SEO plugin. -->","yoast_head_json":{"title":"GPS izseko\u0161anas ier\u012bce ar \u012bpa\u0161i jaud\u012bgu akumulatoru 178 dienu","description":"GPS izseko\u0161anas ier\u012bce GSM gaid\u012b\u0161anas laiks l\u012bdz 178 dien\u0101m GPS izseko\u0161anas ier\u012bci ir viegli piestiprin\u0101t, t\u0101 ir augstas kvalit\u0101tes un \u013coti vienk\u0101r\u0161i...","robots":{"index":"index","follow":"follow","max-snippet":"max-snippet:-1","max-image-preview":"max-image-preview:large","max-video-preview":"max-video-preview:-1"},"canonical":"https:\/\/izsekosanasierices.lv\/et\/produkts\/gps-jalgimisseade-koos-ipasi-voimsa-akuga-178-paeva-aku-kestvusega\/","og_locale":"et_EE","og_type":"article","og_title":"GPS izsekot\u0101js ar jaud\u012bgu akumulatora darb\u012bbas laiku l\u012bdz 178 dien\u0101m. bez uzl\u0101des","og_description":"Tehnisk\u0101s \u012bpa\u0161\u012bbasT\u012bkli: GSM \/ GPRSAtbalst\u012bt\u0101s frekvences: 850\/900\/1800\/1900 MHzGPS mikrosh\u0113ma: SIRF3 mikrosh\u0113maGPS jut\u012bba: 159 dBmGPS precizit\u0101te: 5 mAkumulators: 3,7 V 10000 mAhAkumulatora darb\u012bbas laiks: l\u012bdz 7 gadiem (atkar\u012bb\u0101 no izv\u0113l\u0113t\u0101 re\u017e\u012bma).Tie\u0161saistes uzraudz\u012bba: pieejamaInfrasarkanais sensors: pieejamsGSM noklaus\u012b\u0161an\u0101s funkcija: pieejamaKomplekt\u0101 ietilpst: GPS izsekot\u0101js;220 V t\u012bkla l\u0101d\u0113t\u0101js.GARANTIJA 12 m\u0113ne\u0161iNepiecie\u0161ama \u0101tra pieg\u0101de taj\u0101 pa\u0161\u0101 dien\u0101? (un br\u012bvdien\u0101s)- zvaniet +37068411114Lieto\u0161ana: J\u016bsu automa\u0161\u012bnas un mantu dro\u0161\u012bbaiGPS izsekot\u0101js (GSM gaid\u012b\u0161anas laiks l\u012bdz 178 dien\u0101m)GPS izseko\u0161anas ier\u012bci ir viegli piestiprin\u0101t, t\u0101 ir augstas kvalit\u0101tes un \u013coti vienk\u0101r\u0161i lietojama. GPS mekl\u0113t\u0101j\u0101 tiek ievietota SIM karte ar t\u0101lru\u0146a numuru, uz kuru var zvan\u012bt, lai noteiktu objekta atra\u0161an\u0101s vietu (uz t\u0101lruni tiks nos\u016bt\u012bta \u012bszi\u0146a ar objekta atra\u0161an\u0101s vietas koordin\u0101t\u0113m). GPS izsekot\u0101js ir jut\u012bgs pret objekta kust\u012bbu, t\u0101p\u0113c tas var sa\u0146emt pazi\u0146ojumus par objekta atra\u0161an\u0101s vietas izmai\u0146\u0101m. T\u0101 var ar\u012b sniegt inform\u0101ciju par noteikt\u0101s zonas robe\u017eu p\u0101rsnieg\u0161anu, \u0101truma p\u0101rsnieg\u0161anu utt. GPS ne tikai \u013cauj noteikt objekta koordin\u0101tes, bet ar\u012b uzklaus\u012bt, kas notiek apk\u0101rt\u0113j\u0101 vid\u0113.Vienk\u0101r\u0161a un \u0113rta lieto\u0161anaP\u0113c GPS izsekot\u0101ja ieg\u0101des vispirms nomainiet standarta paroli. M\u0113s nodro\u0161in\u0101sim jums bezmaksas savienojumu ar serveri, lai j\u016bs var\u0113tu izsekot objektu atra\u0161an\u0101s vietai tie\u0161saist\u0113. M\u0113s pied\u0101v\u0101jam ar\u012b bezmaksas GPS izsekot\u0101ja konfigur\u0101ciju.Ilgs akumulatora gaid\u012b\u0161anas laiksAtkar\u012bb\u0101 no izv\u0113l\u0113t\u0101 re\u017e\u012bma GPS izseko\u0161anas ier\u012bces akumulatora darb\u012bbas laiks var iev\u0113rojami at\u0161\u0137irties:Vienm\u0113r iesl\u0113gts GSM re\u017e\u012bms - l\u012bdz 83 dien\u0101m;Miega re\u017e\u012bms ar kust\u012bbas sensoru un zvanu br\u012bdin\u0101jumu - l\u012bdz 178 dien\u0101m;Miega re\u017e\u012bms ar izsaukuma inform\u0101ciju l\u012bdz 187 dien\u0101m;Dzi\u013c\u0101 miega re\u017e\u012bms ar kust\u012bbu sensoru: l\u012bdz 4 gadiem;Dzi\u013c\u0101 miega re\u017e\u012bms ar atjauno\u0161anu reizi dien\u0101: l\u012bdz 7 gadiem.","og_url":"https:\/\/izsekosanasierices.lv\/et\/produkts\/gps-jalgimisseade-koos-ipasi-voimsa-akuga-178-paeva-aku-kestvusega\/","og_site_name":"Nr1 Izseko\u0161anas ier\u012bces gps izseko\u0161anas iek\u0101rtas, klaus\u012b\u0161an\u0101s iek\u0101rtas","article_modified_time":"2025-12-19T07:37:22+00:00","og_image":[{"url":"https:\/\/rvnski.dev\/sekimoiranga\/wp-content\/uploads\/izsekosanasierices.webp","type":"","width":"","height":""}],"twitter_card":"summary_large_image","twitter_title":"GPS izsekot\u0101js ar jaud\u012bgu akumulatora darb\u012bbas laiku l\u012bdz 178 dien\u0101m. bez uzl\u0101des","twitter_description":"Tehnisk\u0101s \u012bpa\u0161\u012bbas T\u012bkli: GSM \/ GPRS Atbalst\u012bt\u0101s frekvences: 850\/900\/1800\/1900 MHz GPS mikrosh\u0113ma: SIRF3 mikrosh\u0113ma GPS jut\u012bba: 159 dBm GPS precizit\u0101te: 5 m Akumulators: 3,7 V 10000 mAh Akumulatora darb\u012bbas laiks: l\u012bdz 7 gadiem (atkar\u012bb\u0101 no izv\u0113l\u0113t\u0101 re\u017e\u012bma). Tie\u0161saistes uzraudz\u012bba: pieejama Infrasarkanais sensors: pieejams GSM noklaus\u012b\u0161an\u0101s funkcija: pieejama Komplekt\u0101 ietilpst: GPS izsekot\u0101js; 220 V t\u012bkla l\u0101d\u0113t\u0101js. GARANTIJA 12 m\u0113ne\u0161i Nepiecie\u0161ama \u0101tra pieg\u0101de taj\u0101 pa\u0161\u0101 dien\u0101? (un br\u012bvdien\u0101s)- zvaniet +37068411114 Lieto\u0161ana: J\u016bsu automa\u0161\u012bnas un mantu dro\u0161\u012bbai GPS izsekot\u0101js (GSM gaid\u012b\u0161anas laiks l\u012bdz 178 dien\u0101m) GPS izseko\u0161anas ier\u012bci ir viegli piestiprin\u0101t, t\u0101 ir augstas kvalit\u0101tes un \u013coti vienk\u0101r\u0161i lietojama. GPS mekl\u0113t\u0101j\u0101 tiek ievietota SIM karte ar t\u0101lru\u0146a numuru, uz kuru var zvan\u012bt, lai noteiktu objekta atra\u0161an\u0101s vietu (uz t\u0101lruni tiks nos\u016bt\u012bta \u012bszi\u0146a ar objekta atra\u0161an\u0101s vietas koordin\u0101t\u0113m). GPS izsekot\u0101js ir jut\u012bgs pret objekta kust\u012bbu, t\u0101p\u0113c tas var sa\u0146emt pazi\u0146ojumus par objekta atra\u0161an\u0101s vietas izmai\u0146\u0101m. T\u0101 var ar\u012b sniegt inform\u0101ciju par noteikt\u0101s zonas robe\u017eu p\u0101rsnieg\u0161anu, \u0101truma p\u0101rsnieg\u0161anu utt. GPS ne tikai \u013cauj noteikt objekta koordin\u0101tes, bet ar\u012b uzklaus\u012bt, kas notiek apk\u0101rt\u0113j\u0101 vid\u0113. Vienk\u0101r\u0161a un \u0113rta lieto\u0161ana P\u0113c GPS izsekot\u0101ja ieg\u0101des vispirms nomainiet standarta paroli. M\u0113s nodro\u0161in\u0101sim jums bezmaksas savienojumu ar serveri, lai j\u016bs var\u0113tu izsekot objektu atra\u0161an\u0101s vietai tie\u0161saist\u0113. M\u0113s pied\u0101v\u0101jam ar\u012b bezmaksas GPS izsekot\u0101ja konfigur\u0101ciju. Ilgs akumulatora gaid\u012b\u0161anas laiks Atkar\u012bb\u0101 no izv\u0113l\u0113t\u0101 re\u017e\u012bma GPS izseko\u0161anas ier\u012bces akumulatora darb\u012bbas laiks var iev\u0113rojami at\u0161\u0137irties: Vienm\u0113r iesl\u0113gts GSM re\u017e\u012bms - l\u012bdz 83 dien\u0101m; Miega re\u017e\u012bms ar kust\u012bbas sensoru un zvanu br\u012bdin\u0101jumu - l\u012bdz 178 dien\u0101m; Miega re\u017e\u012bms ar izsaukuma inform\u0101ciju l\u012bdz 187 dien\u0101m; Dzi\u013c\u0101 miega re\u017e\u012bms ar kust\u012bbu sensoru: l\u012bdz 4 gadiem; Dzi\u013c\u0101 miega re\u017e\u012bms ar atjauno\u0161anu reizi dien\u0101: l\u012bdz 7 gadiem.","twitter_misc":{"Est. reading time":"2 minutit"},"schema":{"@context":"https:\/\/schema.org","@graph":[{"@type":"WebPage","@id":"https:\/\/izsekosanasierices.lv\/produkts\/gps-izsekosanas-ierice-ar-ipasi-jaudigu-akumulatoru-178-dienu-ilgs-akumulatora-darbibas-laiks\/","url":"https:\/\/izsekosanasierices.lv\/produkts\/gps-izsekosanas-ierice-ar-ipasi-jaudigu-akumulatoru-178-dienu-ilgs-akumulatora-darbibas-laiks\/","name":"GPS izseko\u0161anas ier\u012bce ar \u012bpa\u0161i jaud\u012bgu akumulatoru 178 dienu","isPartOf":{"@id":"https:\/\/izsekosanasierices.lv\/#website"},"primaryImageOfPage":{"@id":"https:\/\/izsekosanasierices.lv\/produkts\/gps-izsekosanas-ierice-ar-ipasi-jaudigu-akumulatoru-178-dienu-ilgs-akumulatora-darbibas-laiks\/#primaryimage"},"image":{"@id":"https:\/\/izsekosanasierices.lv\/produkts\/gps-izsekosanas-ierice-ar-ipasi-jaudigu-akumulatoru-178-dienu-ilgs-akumulatora-darbibas-laiks\/#primaryimage"},"thumbnailUrl":"https:\/\/izsekosanasierices.lv\/wp-content\/uploads\/izsekosanasierices-gps-seklys-su-ypac-galinga-baterija-budejimo-laikas-178-paros.jpg","datePublished":"2023-10-05T15:37:11+00:00","dateModified":"2025-12-19T07:37:22+00:00","description":"GPS izseko\u0161anas ier\u012bce GSM gaid\u012b\u0161anas laiks l\u012bdz 178 dien\u0101m GPS izseko\u0161anas ier\u012bci ir viegli piestiprin\u0101t, t\u0101 ir augstas kvalit\u0101tes un \u013coti vienk\u0101r\u0161i...","breadcrumb":{"@id":"https:\/\/izsekosanasierices.lv\/produkts\/gps-izsekosanas-ierice-ar-ipasi-jaudigu-akumulatoru-178-dienu-ilgs-akumulatora-darbibas-laiks\/#breadcrumb"},"inLanguage":"et","potentialAction":[{"@type":"ReadAction","target":["https:\/\/izsekosanasierices.lv\/produkts\/gps-izsekosanas-ierice-ar-ipasi-jaudigu-akumulatoru-178-dienu-ilgs-akumulatora-darbibas-laiks\/"]}]},{"@type":"ImageObject","inLanguage":"et","@id":"https:\/\/izsekosanasierices.lv\/produkts\/gps-izsekosanas-ierice-ar-ipasi-jaudigu-akumulatoru-178-dienu-ilgs-akumulatora-darbibas-laiks\/#primaryimage","url":"https:\/\/izsekosanasierices.lv\/wp-content\/uploads\/izsekosanasierices-gps-seklys-su-ypac-galinga-baterija-budejimo-laikas-178-paros.jpg","contentUrl":"https:\/\/izsekosanasierices.lv\/wp-content\/uploads\/izsekosanasierices-gps-seklys-su-ypac-galinga-baterija-budejimo-laikas-178-paros.jpg","width":450,"height":450,"caption":"Gps seklys su ypa\u010d galinga baterija b\u016bd\u0117jimo laikas 178 paros"},{"@type":"BreadcrumbList","@id":"https:\/\/izsekosanasierices.lv\/produkts\/gps-izsekosanas-ierice-ar-ipasi-jaudigu-akumulatoru-178-dienu-ilgs-akumulatora-darbibas-laiks\/#breadcrumb","itemListElement":[{"@type":"ListItem","position":1,"name":"S\u0101kums","item":"https:\/\/izsekosanasierices.lv\/"},{"@type":"ListItem","position":2,"name":"Veikals","item":"https:\/\/izsekosanasierices.lv\/veikals\/"},{"@type":"ListItem","position":3,"name":"Gps izsekot\u0101js ar \u012bpa\u0161i jaud\u012bgu akumulatoru 178 dienu akumulatora darb\u012bbas laiks"}]},{"@type":"WebSite","@id":"https:\/\/izsekosanasierices.lv\/#website","url":"https:\/\/izsekosanasierices.lv\/","name":"Nr1 Izseko\u0161anas ier\u012bces gps izseko\u0161anas iek\u0101rtas, klaus\u012b\u0161an\u0101s iek\u0101rtas","description":"","potentialAction":[{"@type":"SearchAction","target":{"@type":"EntryPoint","urlTemplate":"https:\/\/izsekosanasierices.lv\/?s={search_term_string}"},"query-input":{"@type":"PropertyValueSpecification","valueRequired":true,"valueName":"search_term_string"}}],"inLanguage":"et"}]}},"_links":{"self":[{"href":"https:\/\/izsekosanasierices.lv\/et\/wp-json\/wp\/v2\/product\/1241","targetHints":{"allow":["GET"]}}],"collection":[{"href":"https:\/\/izsekosanasierices.lv\/et\/wp-json\/wp\/v2\/product"}],"about":[{"href":"https:\/\/izsekosanasierices.lv\/et\/wp-json\/wp\/v2\/types\/product"}],"wp:featuredmedia":[{"embeddable":true,"href":"https:\/\/izsekosanasierices.lv\/et\/wp-json\/wp\/v2\/media\/1526"}],"wp:attachment":[{"href":"https:\/\/izsekosanasierices.lv\/et\/wp-json\/wp\/v2\/media?parent=1241"}],"wp:term":[{"taxonomy":"product_brand","embeddable":true,"href":"https:\/\/izsekosanasierices.lv\/et\/wp-json\/wp\/v2\/product_brand?post=1241"},{"taxonomy":"product_cat","embeddable":true,"href":"https:\/\/izsekosanasierices.lv\/et\/wp-json\/wp\/v2\/product_cat?post=1241"},{"taxonomy":"product_tag","embeddable":true,"href":"https:\/\/izsekosanasierices.lv\/et\/wp-json\/wp\/v2\/product_tag?post=1241"}],"curies":[{"name":"wp","href":"https:\/\/api.w.org\/{rel}","templated":true}]}}