{"id":1243,"date":"2023-10-05T15:37:11","date_gmt":"2023-10-05T15:37:11","guid":{"rendered":"https:\/\/izsekosanasierices.lv\/produktas\/gps-seklys-su-magnetu-10000mha-baterija-nuemimo-davikliu\/"},"modified":"2025-11-19T18:02:52","modified_gmt":"2025-11-19T16:02:52","slug":"gps-izsekosanas-ierice-ar-magnetu-10-000-mha-akumulatoru-un-zemejuma-sensoru","status":"publish","type":"product","link":"https:\/\/izsekosanasierices.lv\/et\/produkts\/gps-jalgimisseade-magnetiga-10-000-mha-aku-ja-maaanduriga\/","title":{"rendered":"GPS j\u00e4lgimisseade magnetiga 10 000 mHa aku ja maaanduriga"},"content":{"rendered":"<h3><strong>Tehnilised parameetrid:<\/strong><\/h3>\n<ul>\n<li>Aku mahutavus: 10 000 mAh;<\/li>\n<li>Sisseehitatud antennid: GPS \/ GSM;<\/li>\n<li>M\u00f5\u00f5tmed: 153 x 58 x 34 mm;<\/li>\n<li>Kaal: 369 g;<\/li>\n<li>GPRS: MTK 6261;<\/li>\n<li>GSM-sagedused: 850 \/ 900 \/ 1800 \/ 1900 \/ 2100 MHz;<\/li>\n<li>T\u00e4psus: kuni 5 m;<\/li>\n<li>T\u00f6\u00f6temperatuur: -20 kuni +60 \u2103;<\/li>\n<\/ul>\n<p><strong>Sisaldab:<\/strong><\/p>\n<p>GPS-j\u00e4lgimisseade 10 000 3G koos kuulamisfunktsiooniga;<br \/>\nserver ilma ajaliste piiranguteta<br \/>\nUSB-kaabel;<br \/>\nkasutusjuhend inglise ja inglise keeles<br \/>\n<strong>Garantii 12 kuud.<\/strong><\/p>\n<p><strong>Vajad kiiret sama p\u00e4eva (ja n\u00e4dalavahetuse) kohaletoimetamist? Helistage +37<\/strong><strong>120484176<\/strong><strong>!<\/strong><\/p>\n<h3>Kasutamine: teie auto ja asjade ohutuse tagamiseks.<\/h3>\n<p><strong>GPS-J\u00c4LGIMISS\u00dcSTEEM 10 000 4<\/strong><strong>G KOOS PEALTKUULAMISFUNKTSIOONIGA<\/strong><\/p>\n<p>GPS Tracker 10 000 on j\u00e4lgimisseade, mis aitab teil leida v\u00f5i j\u00e4lgida erinevate objektide liikumist. GPS-j\u00e4lgimisseade on varustatud SIM-kaardiga, millel on telefoninumber. Selle abil saab kuulata, mis toimub j\u00e4lgitava objekti keskkonnas sel hetkel. Saate seadme koordinaadid tekstis\u00f5numina, kuid see ei ole ainus v\u00f5imalus j\u00e4lgida j\u00e4lgitavaid objekte: objekti koordinaadid saab teada ka serveriga \u00fchendudes (objektide asukoht on k\u00e4ttesaadav Google Mapsis). Kui otsustate osta meie poest GPS-j\u00e4lgimisseadme, anname teile tasuta juurdep\u00e4\u00e4su serverile.<\/p>\n<p><strong>J\u00e4lgimisre\u017eiimid<\/strong><\/p>\n<p>Saate valida re\u017eiimi, mis teile k\u00f5ige paremini sobib:<\/p>\n<ul>\n<li>P\u00e4evas saadetakse 6 s\u00f5numit;<\/li>\n<li>puhkere\u017eiim (seade kestab umbes 200 p\u00e4eva)<\/li>\n<li>s\u00f5numeid saadetakse iga 10 minuti j\u00e4rel;<\/li>\n<li>ooteaeg (28-56 p\u00e4eva)<\/li>\n<li>pidev j\u00e4lgimine (seade t\u00f6\u00f6tab umbes 180 tundi)<\/li>\n<\/ul>\n<p><strong>GPS-j\u00e4lgimisseadme kohandamise v\u00f5imalused:<\/strong><\/p>\n<ul>\n<li>auto otsing;<\/li>\n<li>transpordi j\u00e4lgimine;<\/li>\n<li>juhtide j\u00e4lgimine;<\/li>\n<li>tarne optimeerimine<\/li>\n<li>integreerimine elektriliste t\u00f6\u00f6riistadega<\/li>\n<\/ul>\n<p><strong>Peamised omadused:<\/strong><\/p>\n<ul>\n<li>GPS-j\u00e4lgijal on tugev magnet, mis v\u00f5imaldab seadet kinnitada metallpindadele;<\/li>\n<li>seadmel on sisseehitatud liikumisandur, mis reageerib esemete liikumisele (see funktsioon pikendab aku t\u00f6\u00f6iga);<\/li>\n<li>seade on varustatud anduriga, mis reageerib GPS-j\u00e4lgimisseadme eemaldamisele;<\/li>\n<li>IPX7 veekindel korpus;<\/li>\n<li>GPS-seires\u00fcsteemil on laadija, mis kinnitatakse auto \u0161assii k\u00fclge ((5,5 V; 1-15 mAh).<\/li>\n<\/ul>\n<h3>Kasutamine: teie auto ja asjade ohutuse tagamiseks.<\/h3>","protected":false},"excerpt":{"rendered":"<p>Tugeva magnetiga professionaalne GPS-j\u00e4lgimisseade, mis ei karda vett ja tolmu. Tasuta j\u00e4lgimisserver TASUTA. Tasuta kohaletoimetamine k\u00f5ikjal L\u00e4tis<\/p>","protected":false},"featured_media":1533,"template":"","meta":[],"product_brand":[],"product_cat":[357],"product_tag":[370,130,371,372,332],"class_list":{"0":"post-1243","1":"product","2":"type-product","3":"status-publish","4":"has-post-thumbnail","6":"product_cat-gps-izsekosanas-ierice","7":"product_tag-automasinas-gps-izsekotajs","8":"product_tag-gps","9":"product_tag-gps-izsekosanas-iekartas","10":"product_tag-gps-izsekotajs","11":"product_tag-izsekosanas-iekartas","13":"first","14":"instock","15":"taxable","16":"shipping-taxable","17":"purchasable","18":"product-type-simple"},"yoast_head":"<!-- This site is optimized with the Yoast SEO plugin v27.6 - https:\/\/yoast.com\/product\/yoast-seo-wordpress\/ -->\n<title>GPS izseko\u0161anas ier\u012bce ar magn\u0113tu, 10 000 mHa akumulatoru<\/title>\n<meta name=\"description\" content=\"Profesion\u0101la GPS izseko\u0161anas ier\u012bce ar sp\u0113c\u012bgu magn\u0113tu, \u016bdens un putek\u013cu iztur\u012bga. BEZMAKSAS monitoringa serveris. Bezmaksas pieg\u0101de vis\u0101 Europa.\" \/>\n<meta name=\"robots\" content=\"index, follow, max-snippet:-1, max-image-preview:large, max-video-preview:-1\" \/>\n<link rel=\"canonical\" href=\"https:\/\/izsekosanasierices.lv\/et\/produkts\/gps-jalgimisseade-magnetiga-10-000-mha-aku-ja-maaanduriga\/\" \/>\n<meta property=\"og:locale\" content=\"et_EE\" \/>\n<meta property=\"og:type\" content=\"article\" \/>\n<meta property=\"og:title\" content=\"PRO GPS izsekot\u0101js ar magn\u0113tu ar ilgu kalpo\u0161anas laiku\" \/>\n<meta property=\"og:description\" content=\"Profesion\u0101ls GPS izsekot\u0101js ar sp\u0113c\u012bgu magn\u0113tu, nebaid\u0101s no \u016bdens un putek\u013ciem. Bezmaksas monitoringa serveris BEZMAKSAS. Bezmaksas pieg\u0101de vis\u0101 Lietuv\u0101\" \/>\n<meta property=\"og:url\" content=\"https:\/\/izsekosanasierices.lv\/et\/produkts\/gps-jalgimisseade-magnetiga-10-000-mha-aku-ja-maaanduriga\/\" \/>\n<meta property=\"og:site_name\" content=\"Nr1 Izseko\u0161anas ier\u012bces gps izseko\u0161anas iek\u0101rtas, klaus\u012b\u0161an\u0101s iek\u0101rtas\" \/>\n<meta property=\"article:modified_time\" content=\"2025-11-19T16:02:52+00:00\" \/>\n<meta property=\"og:image\" content=\"https:\/\/rvnski.dev\/sekimoiranga\/wp-content\/uploads\/izsekosanasierices.webp\" \/>\n<meta name=\"twitter:card\" content=\"summary_large_image\" \/>\n<meta name=\"twitter:title\" content=\"PRO GPS izsekot\u0101js ar magn\u0113tu ar ilgu kalpo\u0161anas laiku\" \/>\n<meta name=\"twitter:description\" content=\"Profesion\u0101ls GPS izsekot\u0101js ar sp\u0113c\u012bgu magn\u0113tu, nebaid\u0101s no \u016bdens un putek\u013ciem. Bezmaksas monitoringa serveris BEZMAKSAS. Bezmaksas pieg\u0101de vis\u0101 Lietuv\u0101\" \/>\n<meta name=\"twitter:label1\" content=\"Est. reading time\" \/>\n\t<meta name=\"twitter:data1\" content=\"2 minutit\" \/>\n<script type=\"application\/ld+json\" class=\"yoast-schema-graph\">{\"@context\":\"https:\\\/\\\/schema.org\",\"@graph\":[{\"@type\":\"WebPage\",\"@id\":\"https:\\\/\\\/izsekosanasierices.lv\\\/produkts\\\/gps-izsekosanas-ierice-ar-magnetu-10-000-mha-akumulatoru-un-zemejuma-sensoru\\\/\",\"url\":\"https:\\\/\\\/izsekosanasierices.lv\\\/produkts\\\/gps-izsekosanas-ierice-ar-magnetu-10-000-mha-akumulatoru-un-zemejuma-sensoru\\\/\",\"name\":\"GPS izseko\u0161anas ier\u012bce ar magn\u0113tu, 10 000 mHa akumulatoru\",\"isPartOf\":{\"@id\":\"https:\\\/\\\/izsekosanasierices.lv\\\/#website\"},\"primaryImageOfPage\":{\"@id\":\"https:\\\/\\\/izsekosanasierices.lv\\\/produkts\\\/gps-izsekosanas-ierice-ar-magnetu-10-000-mha-akumulatoru-un-zemejuma-sensoru\\\/#primaryimage\"},\"image\":{\"@id\":\"https:\\\/\\\/izsekosanasierices.lv\\\/produkts\\\/gps-izsekosanas-ierice-ar-magnetu-10-000-mha-akumulatoru-un-zemejuma-sensoru\\\/#primaryimage\"},\"thumbnailUrl\":\"https:\\\/\\\/izsekosanasierices.lv\\\/wp-content\\\/uploads\\\/izsekosanasierices-gps-seklys-su-magnetu-10000mha-baterija-nuemimo-davikliu.jpg\",\"datePublished\":\"2023-10-05T15:37:11+00:00\",\"dateModified\":\"2025-11-19T16:02:52+00:00\",\"description\":\"Profesion\u0101la GPS izseko\u0161anas ier\u012bce ar sp\u0113c\u012bgu magn\u0113tu, \u016bdens un putek\u013cu iztur\u012bga. BEZMAKSAS monitoringa serveris. Bezmaksas pieg\u0101de vis\u0101 Europa.\",\"breadcrumb\":{\"@id\":\"https:\\\/\\\/izsekosanasierices.lv\\\/produkts\\\/gps-izsekosanas-ierice-ar-magnetu-10-000-mha-akumulatoru-un-zemejuma-sensoru\\\/#breadcrumb\"},\"inLanguage\":\"et\",\"potentialAction\":[{\"@type\":\"ReadAction\",\"target\":[\"https:\\\/\\\/izsekosanasierices.lv\\\/produkts\\\/gps-izsekosanas-ierice-ar-magnetu-10-000-mha-akumulatoru-un-zemejuma-sensoru\\\/\"]}]},{\"@type\":\"ImageObject\",\"inLanguage\":\"et\",\"@id\":\"https:\\\/\\\/izsekosanasierices.lv\\\/produkts\\\/gps-izsekosanas-ierice-ar-magnetu-10-000-mha-akumulatoru-un-zemejuma-sensoru\\\/#primaryimage\",\"url\":\"https:\\\/\\\/izsekosanasierices.lv\\\/wp-content\\\/uploads\\\/izsekosanasierices-gps-seklys-su-magnetu-10000mha-baterija-nuemimo-davikliu.jpg\",\"contentUrl\":\"https:\\\/\\\/izsekosanasierices.lv\\\/wp-content\\\/uploads\\\/izsekosanasierices-gps-seklys-su-magnetu-10000mha-baterija-nuemimo-davikliu.jpg\",\"width\":1000,\"height\":1000,\"caption\":\"Nuemimo daviklis ant GPS seklio\"},{\"@type\":\"BreadcrumbList\",\"@id\":\"https:\\\/\\\/izsekosanasierices.lv\\\/produkts\\\/gps-izsekosanas-ierice-ar-magnetu-10-000-mha-akumulatoru-un-zemejuma-sensoru\\\/#breadcrumb\",\"itemListElement\":[{\"@type\":\"ListItem\",\"position\":1,\"name\":\"S\u0101kums\",\"item\":\"https:\\\/\\\/izsekosanasierices.lv\\\/\"},{\"@type\":\"ListItem\",\"position\":2,\"name\":\"Veikals\",\"item\":\"https:\\\/\\\/izsekosanasierices.lv\\\/veikals\\\/\"},{\"@type\":\"ListItem\",\"position\":3,\"name\":\"GPS izseko\u0161anas ier\u012bce ar magn\u0113tu 10 000 mHa akumulatoru un zem\u0113juma sensoru\"}]},{\"@type\":\"WebSite\",\"@id\":\"https:\\\/\\\/izsekosanasierices.lv\\\/#website\",\"url\":\"https:\\\/\\\/izsekosanasierices.lv\\\/\",\"name\":\"Nr1 Izseko\u0161anas ier\u012bces gps izseko\u0161anas iek\u0101rtas, klaus\u012b\u0161an\u0101s iek\u0101rtas\",\"description\":\"\",\"potentialAction\":[{\"@type\":\"SearchAction\",\"target\":{\"@type\":\"EntryPoint\",\"urlTemplate\":\"https:\\\/\\\/izsekosanasierices.lv\\\/?s={search_term_string}\"},\"query-input\":{\"@type\":\"PropertyValueSpecification\",\"valueRequired\":true,\"valueName\":\"search_term_string\"}}],\"inLanguage\":\"et\"}]}<\/script>\n<!-- \/ Yoast SEO plugin. -->","yoast_head_json":{"title":"GPS izseko\u0161anas ier\u012bce ar magn\u0113tu, 10 000 mHa akumulatoru","description":"Profesion\u0101la GPS izseko\u0161anas ier\u012bce ar sp\u0113c\u012bgu magn\u0113tu, \u016bdens un putek\u013cu iztur\u012bga. BEZMAKSAS monitoringa serveris. Bezmaksas pieg\u0101de vis\u0101 Europa.","robots":{"index":"index","follow":"follow","max-snippet":"max-snippet:-1","max-image-preview":"max-image-preview:large","max-video-preview":"max-video-preview:-1"},"canonical":"https:\/\/izsekosanasierices.lv\/et\/produkts\/gps-jalgimisseade-magnetiga-10-000-mha-aku-ja-maaanduriga\/","og_locale":"et_EE","og_type":"article","og_title":"PRO GPS izsekot\u0101js ar magn\u0113tu ar ilgu kalpo\u0161anas laiku","og_description":"Profesion\u0101ls GPS izsekot\u0101js ar sp\u0113c\u012bgu magn\u0113tu, nebaid\u0101s no \u016bdens un putek\u013ciem. Bezmaksas monitoringa serveris BEZMAKSAS. Bezmaksas pieg\u0101de vis\u0101 Lietuv\u0101","og_url":"https:\/\/izsekosanasierices.lv\/et\/produkts\/gps-jalgimisseade-magnetiga-10-000-mha-aku-ja-maaanduriga\/","og_site_name":"Nr1 Izseko\u0161anas ier\u012bces gps izseko\u0161anas iek\u0101rtas, klaus\u012b\u0161an\u0101s iek\u0101rtas","article_modified_time":"2025-11-19T16:02:52+00:00","og_image":[{"url":"https:\/\/rvnski.dev\/sekimoiranga\/wp-content\/uploads\/izsekosanasierices.webp","type":"","width":"","height":""}],"twitter_card":"summary_large_image","twitter_title":"PRO GPS izsekot\u0101js ar magn\u0113tu ar ilgu kalpo\u0161anas laiku","twitter_description":"Profesion\u0101ls GPS izsekot\u0101js ar sp\u0113c\u012bgu magn\u0113tu, nebaid\u0101s no \u016bdens un putek\u013ciem. Bezmaksas monitoringa serveris BEZMAKSAS. Bezmaksas pieg\u0101de vis\u0101 Lietuv\u0101","twitter_misc":{"Est. reading time":"2 minutit"},"schema":{"@context":"https:\/\/schema.org","@graph":[{"@type":"WebPage","@id":"https:\/\/izsekosanasierices.lv\/produkts\/gps-izsekosanas-ierice-ar-magnetu-10-000-mha-akumulatoru-un-zemejuma-sensoru\/","url":"https:\/\/izsekosanasierices.lv\/produkts\/gps-izsekosanas-ierice-ar-magnetu-10-000-mha-akumulatoru-un-zemejuma-sensoru\/","name":"GPS izseko\u0161anas ier\u012bce ar magn\u0113tu, 10 000 mHa akumulatoru","isPartOf":{"@id":"https:\/\/izsekosanasierices.lv\/#website"},"primaryImageOfPage":{"@id":"https:\/\/izsekosanasierices.lv\/produkts\/gps-izsekosanas-ierice-ar-magnetu-10-000-mha-akumulatoru-un-zemejuma-sensoru\/#primaryimage"},"image":{"@id":"https:\/\/izsekosanasierices.lv\/produkts\/gps-izsekosanas-ierice-ar-magnetu-10-000-mha-akumulatoru-un-zemejuma-sensoru\/#primaryimage"},"thumbnailUrl":"https:\/\/izsekosanasierices.lv\/wp-content\/uploads\/izsekosanasierices-gps-seklys-su-magnetu-10000mha-baterija-nuemimo-davikliu.jpg","datePublished":"2023-10-05T15:37:11+00:00","dateModified":"2025-11-19T16:02:52+00:00","description":"Profesion\u0101la GPS izseko\u0161anas ier\u012bce ar sp\u0113c\u012bgu magn\u0113tu, \u016bdens un putek\u013cu iztur\u012bga. BEZMAKSAS monitoringa serveris. Bezmaksas pieg\u0101de vis\u0101 Europa.","breadcrumb":{"@id":"https:\/\/izsekosanasierices.lv\/produkts\/gps-izsekosanas-ierice-ar-magnetu-10-000-mha-akumulatoru-un-zemejuma-sensoru\/#breadcrumb"},"inLanguage":"et","potentialAction":[{"@type":"ReadAction","target":["https:\/\/izsekosanasierices.lv\/produkts\/gps-izsekosanas-ierice-ar-magnetu-10-000-mha-akumulatoru-un-zemejuma-sensoru\/"]}]},{"@type":"ImageObject","inLanguage":"et","@id":"https:\/\/izsekosanasierices.lv\/produkts\/gps-izsekosanas-ierice-ar-magnetu-10-000-mha-akumulatoru-un-zemejuma-sensoru\/#primaryimage","url":"https:\/\/izsekosanasierices.lv\/wp-content\/uploads\/izsekosanasierices-gps-seklys-su-magnetu-10000mha-baterija-nuemimo-davikliu.jpg","contentUrl":"https:\/\/izsekosanasierices.lv\/wp-content\/uploads\/izsekosanasierices-gps-seklys-su-magnetu-10000mha-baterija-nuemimo-davikliu.jpg","width":1000,"height":1000,"caption":"Nuemimo daviklis ant GPS seklio"},{"@type":"BreadcrumbList","@id":"https:\/\/izsekosanasierices.lv\/produkts\/gps-izsekosanas-ierice-ar-magnetu-10-000-mha-akumulatoru-un-zemejuma-sensoru\/#breadcrumb","itemListElement":[{"@type":"ListItem","position":1,"name":"S\u0101kums","item":"https:\/\/izsekosanasierices.lv\/"},{"@type":"ListItem","position":2,"name":"Veikals","item":"https:\/\/izsekosanasierices.lv\/veikals\/"},{"@type":"ListItem","position":3,"name":"GPS izseko\u0161anas ier\u012bce ar magn\u0113tu 10 000 mHa akumulatoru un zem\u0113juma sensoru"}]},{"@type":"WebSite","@id":"https:\/\/izsekosanasierices.lv\/#website","url":"https:\/\/izsekosanasierices.lv\/","name":"Nr1 Izseko\u0161anas ier\u012bces gps izseko\u0161anas iek\u0101rtas, klaus\u012b\u0161an\u0101s iek\u0101rtas","description":"","potentialAction":[{"@type":"SearchAction","target":{"@type":"EntryPoint","urlTemplate":"https:\/\/izsekosanasierices.lv\/?s={search_term_string}"},"query-input":{"@type":"PropertyValueSpecification","valueRequired":true,"valueName":"search_term_string"}}],"inLanguage":"et"}]}},"_links":{"self":[{"href":"https:\/\/izsekosanasierices.lv\/et\/wp-json\/wp\/v2\/product\/1243","targetHints":{"allow":["GET"]}}],"collection":[{"href":"https:\/\/izsekosanasierices.lv\/et\/wp-json\/wp\/v2\/product"}],"about":[{"href":"https:\/\/izsekosanasierices.lv\/et\/wp-json\/wp\/v2\/types\/product"}],"wp:featuredmedia":[{"embeddable":true,"href":"https:\/\/izsekosanasierices.lv\/et\/wp-json\/wp\/v2\/media\/1533"}],"wp:attachment":[{"href":"https:\/\/izsekosanasierices.lv\/et\/wp-json\/wp\/v2\/media?parent=1243"}],"wp:term":[{"taxonomy":"product_brand","embeddable":true,"href":"https:\/\/izsekosanasierices.lv\/et\/wp-json\/wp\/v2\/product_brand?post=1243"},{"taxonomy":"product_cat","embeddable":true,"href":"https:\/\/izsekosanasierices.lv\/et\/wp-json\/wp\/v2\/product_cat?post=1243"},{"taxonomy":"product_tag","embeddable":true,"href":"https:\/\/izsekosanasierices.lv\/et\/wp-json\/wp\/v2\/product_tag?post=1243"}],"curies":[{"name":"wp","href":"https:\/\/api.w.org\/{rel}","templated":true}]}}