{"id":1244,"date":"2023-10-05T15:37:11","date_gmt":"2023-10-05T15:37:11","guid":{"rendered":"https:\/\/izsekosanasierices.lv\/produktas\/fm-pasiklausymo-blake-mini\/"},"modified":"2025-11-19T15:29:08","modified_gmt":"2025-11-19T13:29:08","slug":"fm-klausisanas-asmens-mini","status":"publish","type":"product","link":"https:\/\/izsekosanasierices.lv\/et\/produkts\/fm-kaekomplekt-personal-mini\/","title":{"rendered":"FM-kuulamise inimene MINI"},"content":{"rendered":"<h3><strong>Tehnilised parameetrid:<\/strong><\/h3>\n<\/p>\n<ul>\n<li>Sagedusvahemik: 88-108 MHz (vaikimisi 94,7 MHz)<\/li>\n<li>Kaugus seadmest: kuni 50 m avatud aladel, s\u00f5ltuvalt raadiovastuv\u00f5tja v\u00f5imsusest.<\/li>\n<li>Toide: 1,5 V aku<\/li>\n<li>Pidev t\u00f6\u00f6aeg: umbes 30 p\u00e4eva<\/li>\n<li>Saatev\u00f5imsus: umbes 2 mW<\/li>\n<li>Komplektis: kuulamise seade, kasutusjuhend  <\/li>\n<li><strong>Garantii 12 kuud<\/strong><\/li>\n<\/ul>\n<p><span style=\"color:#d0121a;\"><strong>Kas vajate kiiret sama p\u00e4eva kohaletoimetamist? (ja n\u00e4dalavahetustel)- helista +37068411114<\/strong><\/span><\/p>\n<\/p>\n<p>NX-380 pealtkuuletera tagab privaatsuse igas olukorras t\u00e4nu diskreetsele ja \u00fclik\u00f5rgele helikvaliteedile. Selle v\u00e4ike suurus v\u00f5imaldab seda h\u00f5lpsasti maskeerida ning t\u00e4iustatud tehnoloogia tagab, et kvaliteetset heli on v\u00f5imalik kuulda kuni 50 meetri kaugusel kirbust. Selle mudeli poolt edastatavaid helisid saab esitada mis tahes raadiovastuv\u00f5tjaga (vajalik FM-raadiosagedus).<\/p>\n<\/p>\n<p><strong>T\u00c4HELEPANU<\/strong><\/p>\n<p><strong>Pange t\u00e4hele, et seade on ainult statsionaarses re\u017eiimis (sissel\u00fclitatud kuulamisseadet ei saa liigutada).<\/strong> <strong>Samuti on oluline, et seadet ei kinnitataks teiste elektriseadmete l\u00e4hedusse.<\/strong><\/p>\n<\/p>\n<div class=\"iframe-container\"><iframe loading=\"lazy\" width=\"560\" height=\"315\" src=\"https:\/\/www.youtube.com\/embed\/o158t31wkUY\" frameborder=\"0\"><\/iframe><\/div>\n<div class=\"iframe-container\">\n<p><strong>FM-kuulamise inimene MINI<\/strong><\/p>\n<p>Pealtkuulamisvahendid on kasulikud paljudes erinevates elusituatsioonides, olgu selleks siis teatud tundliku teabe hankimine v\u00f5i lihtsalt soov teada saada, kas teatud inimesed on t\u00f5esti ausad. FM-kuulaja Blade on \u00fcks populaarsemaid valikuid, sest seda on t\u00f5esti lihtne kasutada ja hind on paljudele taskukohane. V\u00e4ikest tera on ka v\u00e4ga lihtne kinnitada ja varjata, nii et kui soovite kahtlusi hajutada, kaaluge selle ostmist.<\/p>\n<p>FM-kuulamisv\u00f5rgud paigaldatakse k\u00f5ige sagedamini kontorisse v\u00f5i muudesse ruumidesse. Oluline on teada, et see FM-tera ei ole liikuv, seega on see k\u00f5ige parem kinnitada teatud kindlate fikseeritud objektide k\u00fclge. Samuti on oluline tagada, et kuuldavusseade oleks paigaldatud eemale erinevatest elektroonikaseadmetest. Selle kirbu suurus on v\u00e4ga v\u00e4ike, nii et seda saab ilma probleemideta peita.<\/p>\n<p>Kvaliteetset heli saab edastada umbes 50 meetri kaugusele, nii et saate kuulata l\u00e4hedal toimuvat mugavalt teises ruumis. Selle tera sagedusvahemik on 88 kuni 108 MHz (vaikimisi 94,7 MHz). V\u00f5ite kuulata vestlusi v\u00f5i muid helisid mis tahes raadiost - lihtsalt seadistage sagedus.<\/p>\n<p>Minitera eeliseks on ka pikk ja pidev kasutamine. Pidev kasutusiga on umbes 30 p\u00e4eva, nii et selle aja jooksul saate kindlasti kasulikku teavet. Miniblokki saab kasutada kodus, et kontrollida, kas lapsehoidja ravib lapsi korralikult, ja t\u00f6\u00f6l, et kontrollida, kas t\u00f6\u00f6tajad on ausad. Teradel on palju erinevaid kasutusv\u00f5imalusi, nii et kui soovite k\u00f5rvaldada k\u00f5ik kahtlused, kaaluge \u00fche ostmist. Kvaliteetne hambatork on saadaval t\u00f5eliselt hea hinnaga, seega tasub seda kindlasti kaaluda.<\/p>\n<p>Mini Flea tuleb koos pealtkuulamisseadme ja kasutusjuhendiga, nii et saate seadet h\u00f5lpsasti ette valmistada pealtkuulamiseks ja muidugi selle funktsioone maksimaalselt \u00e4ra kasutada. \u00c4rge laske tundmatusel hoida teid pimeduses - ostke pealtkuulamisseade kohe!<\/p>\n<\/div>","protected":false},"excerpt":{"rendered":"<p>Kuuldeaparaat on eriti v\u00e4ike. Suurep\u00e4rane heli 50 m kaugusel. Lihtsalt peetav, tundlik mikrofon. K\u00f5nede kuulamine FM-vastuv\u00f5tja kaudu<\/p>","protected":false},"featured_media":1538,"template":"","meta":[],"product_brand":[],"product_cat":[335,379],"product_tag":[380,381,332,338,339,382],"class_list":{"0":"post-1244","1":"product","2":"type-product","3":"status-publish","4":"has-post-thumbnail","6":"product_cat-noklausisanas-ierices","7":"product_cat-rf-noklausisanas-iekartas","8":"product_tag-blake-rd","9":"product_tag-fm-blusa","10":"product_tag-izsekosanas-iekartas","11":"product_tag-noklausisanas-iekartas","12":"product_tag-noklausisanas-kluda","13":"product_tag-radiofrekvencu-bloks","15":"first","16":"outofstock","17":"taxable","18":"shipping-taxable","19":"purchasable","20":"product-type-simple"},"yoast_head":"<!-- This site is optimized with the Yoast SEO plugin v27.5 - https:\/\/yoast.com\/product\/yoast-seo-wordpress\/ -->\n<title>FM noklaus\u012b\u0161an\u0101s asmens ir \u012bpa\u0161i maza izm\u0113ra.<\/title>\n<meta name=\"description\" content=\"Noklaus\u012b\u0161an\u0101s l\u0101psti\u0146a ir \u012bpa\u0161i maza. Lieliska ska\u0146a 50 m att\u0101lum\u0101. Viegli nosl\u0113pjams, jut\u012bgs mikrofons. Zvanu klaus\u012b\u0161an\u0101s, izmantojot FM uztv\u0113r\u0113ju\" \/>\n<meta name=\"robots\" content=\"index, follow, max-snippet:-1, max-image-preview:large, max-video-preview:-1\" \/>\n<link rel=\"canonical\" href=\"https:\/\/izsekosanasierices.lv\/et\/produkts\/fm-kaekomplekt-personal-mini\/\" \/>\n<meta property=\"og:locale\" content=\"et_EE\" \/>\n<meta property=\"og:type\" content=\"article\" \/>\n<meta property=\"og:title\" content=\"FM noklaus\u012b\u0161an\u0101s asmens ir \u012bpa\u0161i maza izm\u0113ra.\" \/>\n<meta property=\"og:description\" content=\"Noklaus\u012b\u0161an\u0101s l\u0101psti\u0146a ir \u012bpa\u0161i maza. Lieliska ska\u0146a 50 m att\u0101lum\u0101. Viegli nosl\u0113pjams, jut\u012bgs mikrofons. Zvanu klaus\u012b\u0161an\u0101s, izmantojot FM uztv\u0113r\u0113ju\" \/>\n<meta property=\"og:url\" content=\"https:\/\/izsekosanasierices.lv\/et\/produkts\/fm-kaekomplekt-personal-mini\/\" \/>\n<meta property=\"og:site_name\" content=\"Nr1 Izseko\u0161anas ier\u012bces gps izseko\u0161anas iek\u0101rtas, klaus\u012b\u0161an\u0101s iek\u0101rtas\" \/>\n<meta property=\"article:modified_time\" content=\"2025-11-19T13:29:08+00:00\" \/>\n<meta property=\"og:image\" content=\"https:\/\/rvnski.dev\/sekimoiranga\/wp-content\/uploads\/izsekosanasierices.webp\" \/>\n<meta name=\"twitter:card\" content=\"summary_large_image\" \/>\n<meta name=\"twitter:title\" content=\"FM noklaus\u012b\u0161an\u0101s asmens ir \u012bpa\u0161i maza izm\u0113ra.\" \/>\n<meta name=\"twitter:description\" content=\"Noklaus\u012b\u0161an\u0101s l\u0101psti\u0146a ir \u012bpa\u0161i maza. Lieliska ska\u0146a 50 m att\u0101lum\u0101. Viegli nosl\u0113pjams, jut\u012bgs mikrofons. Zvanu klaus\u012b\u0161an\u0101s, izmantojot FM uztv\u0113r\u0113ju\" \/>\n<meta name=\"twitter:label1\" content=\"Est. reading time\" \/>\n\t<meta name=\"twitter:data1\" content=\"3 minutit\" \/>\n<script type=\"application\/ld+json\" class=\"yoast-schema-graph\">{\"@context\":\"https:\\\/\\\/schema.org\",\"@graph\":[{\"@type\":\"WebPage\",\"@id\":\"https:\\\/\\\/izsekosanasierices.lv\\\/produkts\\\/fm-klausisanas-asmens-mini\\\/\",\"url\":\"https:\\\/\\\/izsekosanasierices.lv\\\/produkts\\\/fm-klausisanas-asmens-mini\\\/\",\"name\":\"FM noklaus\u012b\u0161an\u0101s asmens ir \u012bpa\u0161i maza izm\u0113ra.\",\"isPartOf\":{\"@id\":\"https:\\\/\\\/izsekosanasierices.lv\\\/#website\"},\"primaryImageOfPage\":{\"@id\":\"https:\\\/\\\/izsekosanasierices.lv\\\/produkts\\\/fm-klausisanas-asmens-mini\\\/#primaryimage\"},\"image\":{\"@id\":\"https:\\\/\\\/izsekosanasierices.lv\\\/produkts\\\/fm-klausisanas-asmens-mini\\\/#primaryimage\"},\"thumbnailUrl\":\"https:\\\/\\\/izsekosanasierices.lv\\\/wp-content\\\/uploads\\\/izsekosanasierices-fm-pasiklausymo-iranga-blake-mini.jpg\",\"datePublished\":\"2023-10-05T15:37:11+00:00\",\"dateModified\":\"2025-11-19T13:29:08+00:00\",\"description\":\"Noklaus\u012b\u0161an\u0101s l\u0101psti\u0146a ir \u012bpa\u0161i maza. Lieliska ska\u0146a 50 m att\u0101lum\u0101. Viegli nosl\u0113pjams, jut\u012bgs mikrofons. Zvanu klaus\u012b\u0161an\u0101s, izmantojot FM uztv\u0113r\u0113ju\",\"breadcrumb\":{\"@id\":\"https:\\\/\\\/izsekosanasierices.lv\\\/produkts\\\/fm-klausisanas-asmens-mini\\\/#breadcrumb\"},\"inLanguage\":\"et\",\"potentialAction\":[{\"@type\":\"ReadAction\",\"target\":[\"https:\\\/\\\/izsekosanasierices.lv\\\/produkts\\\/fm-klausisanas-asmens-mini\\\/\"]}]},{\"@type\":\"ImageObject\",\"inLanguage\":\"et\",\"@id\":\"https:\\\/\\\/izsekosanasierices.lv\\\/produkts\\\/fm-klausisanas-asmens-mini\\\/#primaryimage\",\"url\":\"https:\\\/\\\/izsekosanasierices.lv\\\/wp-content\\\/uploads\\\/izsekosanasierices-fm-pasiklausymo-iranga-blake-mini.jpg\",\"contentUrl\":\"https:\\\/\\\/izsekosanasierices.lv\\\/wp-content\\\/uploads\\\/izsekosanasierices-fm-pasiklausymo-iranga-blake-mini.jpg\",\"width\":960,\"height\":695,\"caption\":\"pasiklausymo blak\u0117 Fm\"},{\"@type\":\"BreadcrumbList\",\"@id\":\"https:\\\/\\\/izsekosanasierices.lv\\\/produkts\\\/fm-klausisanas-asmens-mini\\\/#breadcrumb\",\"itemListElement\":[{\"@type\":\"ListItem\",\"position\":1,\"name\":\"S\u0101kums\",\"item\":\"https:\\\/\\\/izsekosanasierices.lv\\\/\"},{\"@type\":\"ListItem\",\"position\":2,\"name\":\"Veikals\",\"item\":\"https:\\\/\\\/izsekosanasierices.lv\\\/veikals\\\/\"},{\"@type\":\"ListItem\",\"position\":3,\"name\":\"FM klaus\u012b\u0161an\u0101s asmens MINI\"}]},{\"@type\":\"WebSite\",\"@id\":\"https:\\\/\\\/izsekosanasierices.lv\\\/#website\",\"url\":\"https:\\\/\\\/izsekosanasierices.lv\\\/\",\"name\":\"Nr1 Izseko\u0161anas ier\u012bces gps izseko\u0161anas iek\u0101rtas, klaus\u012b\u0161an\u0101s iek\u0101rtas\",\"description\":\"\",\"potentialAction\":[{\"@type\":\"SearchAction\",\"target\":{\"@type\":\"EntryPoint\",\"urlTemplate\":\"https:\\\/\\\/izsekosanasierices.lv\\\/?s={search_term_string}\"},\"query-input\":{\"@type\":\"PropertyValueSpecification\",\"valueRequired\":true,\"valueName\":\"search_term_string\"}}],\"inLanguage\":\"et\"}]}<\/script>\n<!-- \/ Yoast SEO plugin. -->","yoast_head_json":{"title":"FM noklaus\u012b\u0161an\u0101s asmens ir \u012bpa\u0161i maza izm\u0113ra.","description":"Noklaus\u012b\u0161an\u0101s l\u0101psti\u0146a ir \u012bpa\u0161i maza. Lieliska ska\u0146a 50 m att\u0101lum\u0101. Viegli nosl\u0113pjams, jut\u012bgs mikrofons. Zvanu klaus\u012b\u0161an\u0101s, izmantojot FM uztv\u0113r\u0113ju","robots":{"index":"index","follow":"follow","max-snippet":"max-snippet:-1","max-image-preview":"max-image-preview:large","max-video-preview":"max-video-preview:-1"},"canonical":"https:\/\/izsekosanasierices.lv\/et\/produkts\/fm-kaekomplekt-personal-mini\/","og_locale":"et_EE","og_type":"article","og_title":"FM noklaus\u012b\u0161an\u0101s asmens ir \u012bpa\u0161i maza izm\u0113ra.","og_description":"Noklaus\u012b\u0161an\u0101s l\u0101psti\u0146a ir \u012bpa\u0161i maza. Lieliska ska\u0146a 50 m att\u0101lum\u0101. Viegli nosl\u0113pjams, jut\u012bgs mikrofons. Zvanu klaus\u012b\u0161an\u0101s, izmantojot FM uztv\u0113r\u0113ju","og_url":"https:\/\/izsekosanasierices.lv\/et\/produkts\/fm-kaekomplekt-personal-mini\/","og_site_name":"Nr1 Izseko\u0161anas ier\u012bces gps izseko\u0161anas iek\u0101rtas, klaus\u012b\u0161an\u0101s iek\u0101rtas","article_modified_time":"2025-11-19T13:29:08+00:00","og_image":[{"url":"https:\/\/rvnski.dev\/sekimoiranga\/wp-content\/uploads\/izsekosanasierices.webp","type":"","width":"","height":""}],"twitter_card":"summary_large_image","twitter_title":"FM noklaus\u012b\u0161an\u0101s asmens ir \u012bpa\u0161i maza izm\u0113ra.","twitter_description":"Noklaus\u012b\u0161an\u0101s l\u0101psti\u0146a ir \u012bpa\u0161i maza. Lieliska ska\u0146a 50 m att\u0101lum\u0101. Viegli nosl\u0113pjams, jut\u012bgs mikrofons. Zvanu klaus\u012b\u0161an\u0101s, izmantojot FM uztv\u0113r\u0113ju","twitter_misc":{"Est. reading time":"3 minutit"},"schema":{"@context":"https:\/\/schema.org","@graph":[{"@type":"WebPage","@id":"https:\/\/izsekosanasierices.lv\/produkts\/fm-klausisanas-asmens-mini\/","url":"https:\/\/izsekosanasierices.lv\/produkts\/fm-klausisanas-asmens-mini\/","name":"FM noklaus\u012b\u0161an\u0101s asmens ir \u012bpa\u0161i maza izm\u0113ra.","isPartOf":{"@id":"https:\/\/izsekosanasierices.lv\/#website"},"primaryImageOfPage":{"@id":"https:\/\/izsekosanasierices.lv\/produkts\/fm-klausisanas-asmens-mini\/#primaryimage"},"image":{"@id":"https:\/\/izsekosanasierices.lv\/produkts\/fm-klausisanas-asmens-mini\/#primaryimage"},"thumbnailUrl":"https:\/\/izsekosanasierices.lv\/wp-content\/uploads\/izsekosanasierices-fm-pasiklausymo-iranga-blake-mini.jpg","datePublished":"2023-10-05T15:37:11+00:00","dateModified":"2025-11-19T13:29:08+00:00","description":"Noklaus\u012b\u0161an\u0101s l\u0101psti\u0146a ir \u012bpa\u0161i maza. Lieliska ska\u0146a 50 m att\u0101lum\u0101. Viegli nosl\u0113pjams, jut\u012bgs mikrofons. Zvanu klaus\u012b\u0161an\u0101s, izmantojot FM uztv\u0113r\u0113ju","breadcrumb":{"@id":"https:\/\/izsekosanasierices.lv\/produkts\/fm-klausisanas-asmens-mini\/#breadcrumb"},"inLanguage":"et","potentialAction":[{"@type":"ReadAction","target":["https:\/\/izsekosanasierices.lv\/produkts\/fm-klausisanas-asmens-mini\/"]}]},{"@type":"ImageObject","inLanguage":"et","@id":"https:\/\/izsekosanasierices.lv\/produkts\/fm-klausisanas-asmens-mini\/#primaryimage","url":"https:\/\/izsekosanasierices.lv\/wp-content\/uploads\/izsekosanasierices-fm-pasiklausymo-iranga-blake-mini.jpg","contentUrl":"https:\/\/izsekosanasierices.lv\/wp-content\/uploads\/izsekosanasierices-fm-pasiklausymo-iranga-blake-mini.jpg","width":960,"height":695,"caption":"pasiklausymo blak\u0117 Fm"},{"@type":"BreadcrumbList","@id":"https:\/\/izsekosanasierices.lv\/produkts\/fm-klausisanas-asmens-mini\/#breadcrumb","itemListElement":[{"@type":"ListItem","position":1,"name":"S\u0101kums","item":"https:\/\/izsekosanasierices.lv\/"},{"@type":"ListItem","position":2,"name":"Veikals","item":"https:\/\/izsekosanasierices.lv\/veikals\/"},{"@type":"ListItem","position":3,"name":"FM klaus\u012b\u0161an\u0101s asmens MINI"}]},{"@type":"WebSite","@id":"https:\/\/izsekosanasierices.lv\/#website","url":"https:\/\/izsekosanasierices.lv\/","name":"Nr1 Izseko\u0161anas ier\u012bces gps izseko\u0161anas iek\u0101rtas, klaus\u012b\u0161an\u0101s iek\u0101rtas","description":"","potentialAction":[{"@type":"SearchAction","target":{"@type":"EntryPoint","urlTemplate":"https:\/\/izsekosanasierices.lv\/?s={search_term_string}"},"query-input":{"@type":"PropertyValueSpecification","valueRequired":true,"valueName":"search_term_string"}}],"inLanguage":"et"}]}},"_links":{"self":[{"href":"https:\/\/izsekosanasierices.lv\/et\/wp-json\/wp\/v2\/product\/1244","targetHints":{"allow":["GET"]}}],"collection":[{"href":"https:\/\/izsekosanasierices.lv\/et\/wp-json\/wp\/v2\/product"}],"about":[{"href":"https:\/\/izsekosanasierices.lv\/et\/wp-json\/wp\/v2\/types\/product"}],"wp:featuredmedia":[{"embeddable":true,"href":"https:\/\/izsekosanasierices.lv\/et\/wp-json\/wp\/v2\/media\/1538"}],"wp:attachment":[{"href":"https:\/\/izsekosanasierices.lv\/et\/wp-json\/wp\/v2\/media?parent=1244"}],"wp:term":[{"taxonomy":"product_brand","embeddable":true,"href":"https:\/\/izsekosanasierices.lv\/et\/wp-json\/wp\/v2\/product_brand?post=1244"},{"taxonomy":"product_cat","embeddable":true,"href":"https:\/\/izsekosanasierices.lv\/et\/wp-json\/wp\/v2\/product_cat?post=1244"},{"taxonomy":"product_tag","embeddable":true,"href":"https:\/\/izsekosanasierices.lv\/et\/wp-json\/wp\/v2\/product_tag?post=1244"}],"curies":[{"name":"wp","href":"https:\/\/api.w.org\/{rel}","templated":true}]}}