{"id":1247,"date":"2023-10-05T15:37:11","date_gmt":"2023-10-05T15:37:11","guid":{"rendered":"https:\/\/izsekosanasierices.lv\/produktas\/gps-seklys-sunims-katems-ir-kitiems-gyvunams\/"},"modified":"2026-01-16T13:44:52","modified_gmt":"2026-01-16T11:44:52","slug":"gps-izsekosanas-ierice-suniem-kakiem-un-citiem-dzivniekiem","status":"publish","type":"product","link":"https:\/\/izsekosanasierices.lv\/et\/produkts\/gps-jalgimisseade-koerte-kakatele-ja-teistele-loomadele\/","title":{"rendered":"GPS j\u00e4lgimisseade koertele, kassidele ja teistele loomadele"},"content":{"rendered":"<p><strong>Tehnilised omadused:<\/strong><\/p>\n<ul>\n<li>V\u00f5rgud: GSM \/ GPRS<\/li>\n<li>GPS-j\u00e4lgimisseadme kaal ilma pakendita: 65 g.<\/li>\n<li>M\u00f5\u00f5tmed: pikkus 7,8 cm x laius 3,8 cm x paksus 1,8 cm.<\/li>\n<li>Toetatavad sagedused: 850 \/ 900 \/ 1800 \/ 1900 MHz<\/li>\n<li>GPS kiip: SIRF3 kiip<\/li>\n<li>GPS-tundlikkus: 159 dBm<\/li>\n<li>GPS t\u00e4psus: 5 m<\/li>\n<li>Aku: 3,7 V 1000 mAh<\/li>\n<li>Aku kestvus: kuni 12 p\u00e4eva<\/li>\n<li>Online-seire: saadaval<\/li>\n<li>Tasuta veebip\u00f5hine seire<\/li>\n<li>Tasuta j\u00e4lgimisrakendus<\/li>\n<\/ul>\n<p><strong>Sisaldab:<\/strong><\/p>\n<ul>\n<li>GPS-j\u00e4lgimisseade;<\/li>\n<li>USB-kaabel;<\/li>\n<li>omanik;<\/li>\n<li>juhised EN<\/li>\n<li>Logi sisse oma profiili (kasutajanimi + parool)<\/li>\n<li><strong>Garantii 12 kuud.<\/strong><\/li>\n<\/ul>\n<p><strong>Vajad kiiret sama p\u00e4eva (ja n\u00e4dalavahetuse) kohaletoimetamist? Helistage +37<\/strong><strong>120484176<\/strong><\/p>\n<h3>Kasutamine: teie lemmikloomade ja asjade ohutuse tagamiseks.<\/h3>\n<p><strong>GPS-j\u00e4lgimisseadmed tagavad turvalisuse mitte ainult inimestele, vaid ka lemmikloomadele.<\/strong><\/p>\n<p>Inimesed, kes peavad koeri v\u00f5i kasse, m\u00f5tlevad sageli, kuidas hoida loomi v\u00f5imalikult turvaliselt. Teatud tingimustel v\u00f5ib teie lemmikloom p\u00f5geneda, seega veenduge, et ta j\u00f5uab teie juurde edukalt tagasi. Kuigi \u00fcha enam inimesi laseb oma lemmikloomadel mikrokiibi paigaldada, ei ole see alati t\u00f5hus: kui keegi teie lemmiklooma \u00fcles leiab, ei pruugi ta mikrokiipi kontrollida (seda saab teha veterinaarkliinikus). Levinud on ka omaniku telefoninumbriga sildi kinnitamine kaelarihma k\u00fclge, kuid see ei aita alati - esineb ka juhtumeid, kus lemmikloomi varastatakse. Lemmiklooma kaelarihma k\u00fclge kinnitatud GPS-j\u00e4lgimisseade aitab teil oma lemmiklooma \u00fcles leida, et saaksite ta v\u00f5imalikult kiiresti tagasi.<\/p>\n<p><strong>Millal peaksin kaaluma GPS-seireseadme kinnitamist looma kaelarihma k\u00fclge?<\/strong><\/p>\n<ul>\n<li>Kui teil on \u00fcsna iseseisva loomuga koer, v\u00f5ib GPS-j\u00e4lgimisseade olla v\u00e4ga hea valik. M\u00f5ned t\u00f5ud (jahikoerad, huskyd jne) kipuvad oma omaniku juurest \u00e4ra jooksma, seega aitab GPS-j\u00e4lgimisseade teil oma koera \u00fcles leida.<\/li>\n<li>Kui teie koer kardab ilutulestikku v\u00f5i muid helisid, v\u00f5ib ta p\u00f5geneda. Need helid on talvepuhkuste ajal sageli v\u00e4ltimatud, seega on oluline, et te teaksite, kus teie koer on. Paljudel juhtudel piirdub teie lemmiklooma otsimine kindla kohaga, kuid hirmunud lemmikloom v\u00f5ib joosta v\u00e4ga kaugele.<\/li>\n<li>Kui lasete oma koeral \u00f5ues ringi joosta, v\u00f5ib igavlev loom aia taha h\u00fcpata ja \u00e4ra joosta. Sageli juhtub see, kui koer m\u00e4rkab otsivat emaslooma. Oluline on teada, et koerad v\u00f5ivad sellist emaslooma haista v\u00e4ga kaugelt. GPS-j\u00e4lgimisseade aitab teil v\u00e4lja selgitada, kuhu teie koer on l\u00e4inud.<\/li>\n<li>GPS-j\u00e4lgimisseadmeid saab kinnitada ka kasside k\u00fclge. Eramutes elavad inimesed lasevad oma kassid sageli \u00f5ue, kuid m\u00f5nikord peavad nad kaua ootama, kuni nende lemmikloom koju tagasi j\u00f5uab. Pole saladus, et \u00f5ues on loomadele palju ohte, nii et kui leiate oma lemmiklooma \u00fcles, saate ta palju kiiremini tagasi.<\/li>\n<li>Isegi kui te ei lase oma koeral v\u00f5i kassil \u00f5ues vabalt ringi liikuda, ei saa te olla kindel, et teie lemmikloom ei p\u00f5gene, seega v\u00f5ib GPS-seireseadme kasutamine olla v\u00e4ga hea ennetav meede. Te ei pea muretsema selle p\u00e4rast, kas inimene, kes teie lemmiklooma leiab, kontrollib selle mikrokiipi v\u00f5i helistab tema kaelarihmale kinnitatud numbrile. Kui kinnitate oma lemmiklooma kaelarihma k\u00fclge GPS-seireseadme, saate oma lemmiklooma leida ilma teisi inimesi kaasamata.<\/li>\n<\/ul>\n<p><strong>Mida j\u00e4lgida, kui valite oma lemmikloomale GPS-seireseadme?<\/strong><\/p>\n<ul>\n<li>Oluline on, et GPS-seirer ei tekitaks teie lemmikloomale ebamugavust, seega p\u00f6\u00f6rake t\u00e4helepanu seadme suurusele. Kaasaegsed GPS-j\u00e4lgimisseadmed v\u00f5ivad olla v\u00e4ga v\u00e4ikesed, nii et teie lemmiklooma see \u00fcldse ei h\u00e4iri.<\/li>\n<li>Hinnake seadme t\u00e4psust - l\u00f5ppude l\u00f5puks on alati oluline, et n\u00e4idatud koordinaadid oleksid v\u00f5imalikult t\u00e4psed.<\/li>\n<li>Kontrollige aku kestust - kui see on piisavalt pikk, ei pea te muretsema, et te ei suuda oma lemmiklooma leida, sest aku on t\u00fchi.<\/li>\n<\/ul>\n<p>Konsulteerides ekspertidega, kes m\u00fc\u00fcvad GPS-seireseadmeid, saate kasulikku teavet selle kohta, millised valikud v\u00f5iksid olla teie jaoks parimad, ja te v\u00f5ite olla t\u00e4iesti kindel, et teie lemmikloom on turvaline. See v\u00f5imalus on palju usaldusv\u00e4\u00e4rsem kui mikrokiibim\u00e4rk v\u00f5i ripatsil olev telefoninumber, seega tasub seda kindlasti kaaluda.<\/p>","protected":false},"excerpt":{"rendered":"<p>J\u00e4lgimisseade koertele, kassidele ja teistele loomadele. Saate j\u00e4lgida oma lemmiklooma asukohta otse\u00fclekandes ja saada tema koordinaadid tekstis\u00f5numi teel v\u00f5i saada teate, kui ta on kodust liiga kaugele eksinud.<\/p>","protected":false},"featured_media":1549,"template":"","meta":[],"product_brand":[],"product_cat":[357],"product_tag":[130,371,372,386,387,388,389,332],"class_list":{"0":"post-1247","1":"product","2":"type-product","3":"status-publish","4":"has-post-thumbnail","6":"product_cat-gps-izsekosanas-ierice","7":"product_tag-gps","8":"product_tag-gps-izsekosanas-iekartas","9":"product_tag-gps-izsekotajs","10":"product_tag-gps-izsekotajs-dzivniekiem","11":"product_tag-gps-izsekotajs-kakim","12":"product_tag-gps-izsekotajs-majdzivniekiem","13":"product_tag-gps-sunu-izsekotajs","14":"product_tag-izsekosanas-iekartas","16":"first","17":"instock","18":"taxable","19":"shipping-taxable","20":"purchasable","21":"product-type-simple"},"yoast_head":"<!-- This site is optimized with the Yoast SEO plugin v27.4 - https:\/\/yoast.com\/product\/yoast-seo-wordpress\/ -->\n<title>GPS izseko\u0161anas ier\u012bce su\u0146iem, ka\u0137iem un citiem dz\u012bvniekiem<\/title>\n<meta name=\"description\" content=\"Su\u0146u, kau un citu dz\u012bvnieku izseko\u0161anas ier\u012bce. Iesp\u0113ja tie\u0161raid\u0113 uzraudz\u012bt, kur atrodas j\u016bsu m\u0101jdz\u012bvnieks un sa\u0146emt vi\u0146a koordin\u0101tes sms zi\u0146\u0101, vai ar\u012b...\" \/>\n<meta name=\"robots\" content=\"index, follow, max-snippet:-1, max-image-preview:large, max-video-preview:-1\" \/>\n<link rel=\"canonical\" href=\"https:\/\/izsekosanasierices.lv\/et\/produkts\/gps-jalgimisseade-koerte-kakatele-ja-teistele-loomadele\/\" \/>\n<meta property=\"og:locale\" content=\"et_EE\" \/>\n<meta property=\"og:type\" content=\"article\" \/>\n<meta property=\"og:title\" content=\"GPS izsekot\u0101js su\u0146iem ka\u0137iem un citiem dz\u012bvniekiem tikai 45gr\" \/>\n<meta property=\"og:description\" content=\"Gps tracker su\u0146iem ka\u0137iem un citiem dz\u012bvniekiem Iesp\u0113ja tie\u0161raid\u0113 uzraudz\u012bt, kur atrodas j\u016bsu m\u0101jdz\u012bvnieks, un sa\u0146emt koordin\u0101tes ar sms vai sa\u0146emt pazi\u0146ojumu, kad vi\u0146\u0161\/vi\u0146a ir t\u0101lu no m\u0101j\u0101m.\" \/>\n<meta property=\"og:url\" content=\"https:\/\/izsekosanasierices.lv\/et\/produkts\/gps-jalgimisseade-koerte-kakatele-ja-teistele-loomadele\/\" \/>\n<meta property=\"og:site_name\" content=\"Nr1 Izseko\u0161anas ier\u012bces gps izseko\u0161anas iek\u0101rtas, klaus\u012b\u0161an\u0101s iek\u0101rtas\" \/>\n<meta property=\"article:modified_time\" content=\"2026-01-16T11:44:52+00:00\" \/>\n<meta property=\"og:image\" content=\"https:\/\/rvnski.dev\/sekimoiranga\/wp-content\/uploads\/izsekosanasierices.webp\" \/>\n<meta name=\"twitter:card\" content=\"summary_large_image\" \/>\n<meta name=\"twitter:title\" content=\"GPS izsekot\u0101js su\u0146iem ka\u0137iem un citiem dz\u012bvniekiem tikai 45gr\" \/>\n<meta name=\"twitter:description\" content=\"Gps tracker su\u0146iem ka\u0137iem un citiem dz\u012bvniekiem Iesp\u0113ja tie\u0161raid\u0113 uzraudz\u012bt, kur atrodas j\u016bsu m\u0101jdz\u012bvnieks, un sa\u0146emt koordin\u0101tes ar sms vai sa\u0146emt pazi\u0146ojumu, kad vi\u0146\u0161\/vi\u0146a ir t\u0101lu no m\u0101j\u0101m.\" \/>\n<meta name=\"twitter:label1\" content=\"Est. reading time\" \/>\n\t<meta name=\"twitter:data1\" content=\"4 minutit\" \/>\n<script type=\"application\/ld+json\" class=\"yoast-schema-graph\">{\"@context\":\"https:\\\/\\\/schema.org\",\"@graph\":[{\"@type\":\"WebPage\",\"@id\":\"https:\\\/\\\/izsekosanasierices.lv\\\/produkts\\\/gps-izsekosanas-ierice-suniem-kakiem-un-citiem-dzivniekiem\\\/\",\"url\":\"https:\\\/\\\/izsekosanasierices.lv\\\/produkts\\\/gps-izsekosanas-ierice-suniem-kakiem-un-citiem-dzivniekiem\\\/\",\"name\":\"GPS izseko\u0161anas ier\u012bce su\u0146iem, ka\u0137iem un citiem dz\u012bvniekiem\",\"isPartOf\":{\"@id\":\"https:\\\/\\\/izsekosanasierices.lv\\\/#website\"},\"primaryImageOfPage\":{\"@id\":\"https:\\\/\\\/izsekosanasierices.lv\\\/produkts\\\/gps-izsekosanas-ierice-suniem-kakiem-un-citiem-dzivniekiem\\\/#primaryimage\"},\"image\":{\"@id\":\"https:\\\/\\\/izsekosanasierices.lv\\\/produkts\\\/gps-izsekosanas-ierice-suniem-kakiem-un-citiem-dzivniekiem\\\/#primaryimage\"},\"thumbnailUrl\":\"https:\\\/\\\/izsekosanasierices.lv\\\/wp-content\\\/uploads\\\/izsekosanasierices-gps-seklys-katems-sunims-naminiams-gyvunams.jpg\",\"datePublished\":\"2023-10-05T15:37:11+00:00\",\"dateModified\":\"2026-01-16T11:44:52+00:00\",\"description\":\"Su\u0146u, kau un citu dz\u012bvnieku izseko\u0161anas ier\u012bce. Iesp\u0113ja tie\u0161raid\u0113 uzraudz\u012bt, kur atrodas j\u016bsu m\u0101jdz\u012bvnieks un sa\u0146emt vi\u0146a koordin\u0101tes sms zi\u0146\u0101, vai ar\u012b...\",\"breadcrumb\":{\"@id\":\"https:\\\/\\\/izsekosanasierices.lv\\\/produkts\\\/gps-izsekosanas-ierice-suniem-kakiem-un-citiem-dzivniekiem\\\/#breadcrumb\"},\"inLanguage\":\"et\",\"potentialAction\":[{\"@type\":\"ReadAction\",\"target\":[\"https:\\\/\\\/izsekosanasierices.lv\\\/produkts\\\/gps-izsekosanas-ierice-suniem-kakiem-un-citiem-dzivniekiem\\\/\"]}]},{\"@type\":\"ImageObject\",\"inLanguage\":\"et\",\"@id\":\"https:\\\/\\\/izsekosanasierices.lv\\\/produkts\\\/gps-izsekosanas-ierice-suniem-kakiem-un-citiem-dzivniekiem\\\/#primaryimage\",\"url\":\"https:\\\/\\\/izsekosanasierices.lv\\\/wp-content\\\/uploads\\\/izsekosanasierices-gps-seklys-katems-sunims-naminiams-gyvunams.jpg\",\"contentUrl\":\"https:\\\/\\\/izsekosanasierices.lv\\\/wp-content\\\/uploads\\\/izsekosanasierices-gps-seklys-katems-sunims-naminiams-gyvunams.jpg\",\"width\":800,\"height\":800,\"caption\":\"GPS sekimo \u012franga gyv\u016bnams \u0161unims kat\u0117ms\"},{\"@type\":\"BreadcrumbList\",\"@id\":\"https:\\\/\\\/izsekosanasierices.lv\\\/produkts\\\/gps-izsekosanas-ierice-suniem-kakiem-un-citiem-dzivniekiem\\\/#breadcrumb\",\"itemListElement\":[{\"@type\":\"ListItem\",\"position\":1,\"name\":\"S\u0101kums\",\"item\":\"https:\\\/\\\/izsekosanasierices.lv\\\/\"},{\"@type\":\"ListItem\",\"position\":2,\"name\":\"Veikals\",\"item\":\"https:\\\/\\\/izsekosanasierices.lv\\\/veikals\\\/\"},{\"@type\":\"ListItem\",\"position\":3,\"name\":\"GPS izseko\u0161anas ier\u012bce su\u0146iem, ka\u0137iem un citiem dz\u012bvniekiem\"}]},{\"@type\":\"WebSite\",\"@id\":\"https:\\\/\\\/izsekosanasierices.lv\\\/#website\",\"url\":\"https:\\\/\\\/izsekosanasierices.lv\\\/\",\"name\":\"Nr1 Izseko\u0161anas ier\u012bces gps izseko\u0161anas iek\u0101rtas, klaus\u012b\u0161an\u0101s iek\u0101rtas\",\"description\":\"\",\"potentialAction\":[{\"@type\":\"SearchAction\",\"target\":{\"@type\":\"EntryPoint\",\"urlTemplate\":\"https:\\\/\\\/izsekosanasierices.lv\\\/?s={search_term_string}\"},\"query-input\":{\"@type\":\"PropertyValueSpecification\",\"valueRequired\":true,\"valueName\":\"search_term_string\"}}],\"inLanguage\":\"et\"}]}<\/script>\n<!-- \/ Yoast SEO plugin. -->","yoast_head_json":{"title":"GPS izseko\u0161anas ier\u012bce su\u0146iem, ka\u0137iem un citiem dz\u012bvniekiem","description":"Su\u0146u, kau un citu dz\u012bvnieku izseko\u0161anas ier\u012bce. Iesp\u0113ja tie\u0161raid\u0113 uzraudz\u012bt, kur atrodas j\u016bsu m\u0101jdz\u012bvnieks un sa\u0146emt vi\u0146a koordin\u0101tes sms zi\u0146\u0101, vai ar\u012b...","robots":{"index":"index","follow":"follow","max-snippet":"max-snippet:-1","max-image-preview":"max-image-preview:large","max-video-preview":"max-video-preview:-1"},"canonical":"https:\/\/izsekosanasierices.lv\/et\/produkts\/gps-jalgimisseade-koerte-kakatele-ja-teistele-loomadele\/","og_locale":"et_EE","og_type":"article","og_title":"GPS izsekot\u0101js su\u0146iem ka\u0137iem un citiem dz\u012bvniekiem tikai 45gr","og_description":"Gps tracker su\u0146iem ka\u0137iem un citiem dz\u012bvniekiem Iesp\u0113ja tie\u0161raid\u0113 uzraudz\u012bt, kur atrodas j\u016bsu m\u0101jdz\u012bvnieks, un sa\u0146emt koordin\u0101tes ar sms vai sa\u0146emt pazi\u0146ojumu, kad vi\u0146\u0161\/vi\u0146a ir t\u0101lu no m\u0101j\u0101m.","og_url":"https:\/\/izsekosanasierices.lv\/et\/produkts\/gps-jalgimisseade-koerte-kakatele-ja-teistele-loomadele\/","og_site_name":"Nr1 Izseko\u0161anas ier\u012bces gps izseko\u0161anas iek\u0101rtas, klaus\u012b\u0161an\u0101s iek\u0101rtas","article_modified_time":"2026-01-16T11:44:52+00:00","og_image":[{"url":"https:\/\/rvnski.dev\/sekimoiranga\/wp-content\/uploads\/izsekosanasierices.webp","type":"","width":"","height":""}],"twitter_card":"summary_large_image","twitter_title":"GPS izsekot\u0101js su\u0146iem ka\u0137iem un citiem dz\u012bvniekiem tikai 45gr","twitter_description":"Gps tracker su\u0146iem ka\u0137iem un citiem dz\u012bvniekiem Iesp\u0113ja tie\u0161raid\u0113 uzraudz\u012bt, kur atrodas j\u016bsu m\u0101jdz\u012bvnieks, un sa\u0146emt koordin\u0101tes ar sms vai sa\u0146emt pazi\u0146ojumu, kad vi\u0146\u0161\/vi\u0146a ir t\u0101lu no m\u0101j\u0101m.","twitter_misc":{"Est. reading time":"4 minutit"},"schema":{"@context":"https:\/\/schema.org","@graph":[{"@type":"WebPage","@id":"https:\/\/izsekosanasierices.lv\/produkts\/gps-izsekosanas-ierice-suniem-kakiem-un-citiem-dzivniekiem\/","url":"https:\/\/izsekosanasierices.lv\/produkts\/gps-izsekosanas-ierice-suniem-kakiem-un-citiem-dzivniekiem\/","name":"GPS izseko\u0161anas ier\u012bce su\u0146iem, ka\u0137iem un citiem dz\u012bvniekiem","isPartOf":{"@id":"https:\/\/izsekosanasierices.lv\/#website"},"primaryImageOfPage":{"@id":"https:\/\/izsekosanasierices.lv\/produkts\/gps-izsekosanas-ierice-suniem-kakiem-un-citiem-dzivniekiem\/#primaryimage"},"image":{"@id":"https:\/\/izsekosanasierices.lv\/produkts\/gps-izsekosanas-ierice-suniem-kakiem-un-citiem-dzivniekiem\/#primaryimage"},"thumbnailUrl":"https:\/\/izsekosanasierices.lv\/wp-content\/uploads\/izsekosanasierices-gps-seklys-katems-sunims-naminiams-gyvunams.jpg","datePublished":"2023-10-05T15:37:11+00:00","dateModified":"2026-01-16T11:44:52+00:00","description":"Su\u0146u, kau un citu dz\u012bvnieku izseko\u0161anas ier\u012bce. Iesp\u0113ja tie\u0161raid\u0113 uzraudz\u012bt, kur atrodas j\u016bsu m\u0101jdz\u012bvnieks un sa\u0146emt vi\u0146a koordin\u0101tes sms zi\u0146\u0101, vai ar\u012b...","breadcrumb":{"@id":"https:\/\/izsekosanasierices.lv\/produkts\/gps-izsekosanas-ierice-suniem-kakiem-un-citiem-dzivniekiem\/#breadcrumb"},"inLanguage":"et","potentialAction":[{"@type":"ReadAction","target":["https:\/\/izsekosanasierices.lv\/produkts\/gps-izsekosanas-ierice-suniem-kakiem-un-citiem-dzivniekiem\/"]}]},{"@type":"ImageObject","inLanguage":"et","@id":"https:\/\/izsekosanasierices.lv\/produkts\/gps-izsekosanas-ierice-suniem-kakiem-un-citiem-dzivniekiem\/#primaryimage","url":"https:\/\/izsekosanasierices.lv\/wp-content\/uploads\/izsekosanasierices-gps-seklys-katems-sunims-naminiams-gyvunams.jpg","contentUrl":"https:\/\/izsekosanasierices.lv\/wp-content\/uploads\/izsekosanasierices-gps-seklys-katems-sunims-naminiams-gyvunams.jpg","width":800,"height":800,"caption":"GPS sekimo \u012franga gyv\u016bnams \u0161unims kat\u0117ms"},{"@type":"BreadcrumbList","@id":"https:\/\/izsekosanasierices.lv\/produkts\/gps-izsekosanas-ierice-suniem-kakiem-un-citiem-dzivniekiem\/#breadcrumb","itemListElement":[{"@type":"ListItem","position":1,"name":"S\u0101kums","item":"https:\/\/izsekosanasierices.lv\/"},{"@type":"ListItem","position":2,"name":"Veikals","item":"https:\/\/izsekosanasierices.lv\/veikals\/"},{"@type":"ListItem","position":3,"name":"GPS izseko\u0161anas ier\u012bce su\u0146iem, ka\u0137iem un citiem dz\u012bvniekiem"}]},{"@type":"WebSite","@id":"https:\/\/izsekosanasierices.lv\/#website","url":"https:\/\/izsekosanasierices.lv\/","name":"Nr1 Izseko\u0161anas ier\u012bces gps izseko\u0161anas iek\u0101rtas, klaus\u012b\u0161an\u0101s iek\u0101rtas","description":"","potentialAction":[{"@type":"SearchAction","target":{"@type":"EntryPoint","urlTemplate":"https:\/\/izsekosanasierices.lv\/?s={search_term_string}"},"query-input":{"@type":"PropertyValueSpecification","valueRequired":true,"valueName":"search_term_string"}}],"inLanguage":"et"}]}},"_links":{"self":[{"href":"https:\/\/izsekosanasierices.lv\/et\/wp-json\/wp\/v2\/product\/1247","targetHints":{"allow":["GET"]}}],"collection":[{"href":"https:\/\/izsekosanasierices.lv\/et\/wp-json\/wp\/v2\/product"}],"about":[{"href":"https:\/\/izsekosanasierices.lv\/et\/wp-json\/wp\/v2\/types\/product"}],"wp:featuredmedia":[{"embeddable":true,"href":"https:\/\/izsekosanasierices.lv\/et\/wp-json\/wp\/v2\/media\/1549"}],"wp:attachment":[{"href":"https:\/\/izsekosanasierices.lv\/et\/wp-json\/wp\/v2\/media?parent=1247"}],"wp:term":[{"taxonomy":"product_brand","embeddable":true,"href":"https:\/\/izsekosanasierices.lv\/et\/wp-json\/wp\/v2\/product_brand?post=1247"},{"taxonomy":"product_cat","embeddable":true,"href":"https:\/\/izsekosanasierices.lv\/et\/wp-json\/wp\/v2\/product_cat?post=1247"},{"taxonomy":"product_tag","embeddable":true,"href":"https:\/\/izsekosanasierices.lv\/et\/wp-json\/wp\/v2\/product_tag?post=1247"}],"curies":[{"name":"wp","href":"https:\/\/api.w.org\/{rel}","templated":true}]}}