{"id":1248,"date":"2023-10-05T15:37:11","date_gmt":"2023-10-05T15:37:11","guid":{"rendered":"https:\/\/izsekosanasierices.lv\/produktas\/profesionalus-pasiklausymas-per-siena-iki-20-000-kartu-sustiprina-garsa\/"},"modified":"2025-11-19T16:53:44","modified_gmt":"2025-11-19T14:53:44","slug":"profesionala-iekstelpu-klausisanas-ar-lidz-pat-20-000-kombinetu-skanas-pastiprinajumu","status":"publish","type":"product","link":"https:\/\/izsekosanasierices.lv\/et\/produkts\/professionaalne-kuulamine-ruumis-kuni-20-000-kombineeritud-voimendusega\/","title":{"rendered":"Professionaalne kuulamise seade kuni 20 000-kordse heliv\u00f5imendusega"},"content":{"rendered":"<h3><strong>TEHNILINE KIRJELDUS<\/strong><\/h3>\n<ul>\n<li>T\u00f6\u00f6piirkond: kuni 45 cm paksused seinad<\/li>\n<li>Heliv\u00f5imendus: 20 000 korda<\/li>\n<li>Mikrofoni tundlikkus: alates 35 dB (vaikne vestlus)<\/li>\n<li>M\u00f5\u00f5tmed: 60 mm x 40 mm x 22 mm<\/li>\n<li>Toiteallikas: liitium-ioon aku<\/li>\n<li>Laadimine: USB v\u00f5i 100-240 V adapter<\/li>\n<li>T\u00f6\u00f6temperatuur: -5\u00b0C - 50\u00b0C<\/li>\n<li>Kaal: 26 g<\/li>\n<li>Laadimisaeg: 5 tundi<\/li>\n<li>Lisafunktsioonid: minik\u00f5rvaklappide pesa, v\u00e4line mikrofoni pesa, k\u00f5rge tundlikkus, mugavus ja liikuvus.<\/li>\n<li>Komplektis: seismiline kontaktmikrofon, mittekontaktmikrofon (n\u00f5el), peakomplekt, USB-kaabel, laadija.<\/li>\n<li><strong>Garantii 12 kuud<\/strong><\/li>\n<\/ul>\n<p><strong>\u00a0<\/strong><\/p>\n<p><span style=\"color: #ff0000;\"><strong>Vajad kiiret sama p\u00e4eva (ja n\u00e4dalavahetuse) kohaletoimetamist? Helistage <\/strong><strong>+<\/strong><strong>37120484176<\/strong><\/span><\/p>\n<p>&nbsp;<\/p>\n<p>Professionaalne kuuldeaparaat - BIONIC EARS -, mis v\u00f5imaldab kuulata l\u00e4bi takistuse, n\u00e4iteks kuni 45 cm paksuse seina. Heliv\u00f5imendus kuni 20 000 korda. Sisaldab seismilist kontaktmikrofoni ja mittekontaktmikrofoni (n\u00f5elamikrofoni), mida saab kasutada vastavalt vajadusele.<\/p>\n<p>Seadet on lihtne kasutada. Sisseehitatud liitium-ioonaku on laetav ja kestab ilma laadimiseta k\u00fcmneid tunde. Kaasas on k\u00f5rvaklapid, et saaksite kohe kuulata, mis teisel pool seina toimub. Heli on kuulda s\u00f5ltumata sellest, millistest materjalidest on sein ehitatud (puit, metall, betoon, plokk jne).<\/p>\n<p>Enne seadme kasutamist kulub ettevalmistamiseks vaid m\u00f5ni sekund. L\u00fclitage seade sisse, \u00fchendage k\u00f5rvaklapid ja seismiline mikrofon. Seadme tundlikkust saab reguleerida potentsiomeetri abil. Heli helisalvestuseks v\u00f5ib \u00fchendada diktofoni v\u00f5i muu salvestusseadme.<\/p>\n<p>Seade kasutab filtreid, et v\u00f5imendada inimk\u00f5nele omaseid sagedusi ja eemaldada mittevajalik m\u00fcra. Kontaktivaba (n\u00f5elaga) mikrofoni juhe on 120 mm pikk - see v\u00f5imaldab seda kuulamiseks sisestada v\u00e4ikestesse aukudesse seinas.<\/p>\n<p>Liitium-ioonaku t\u00f6\u00f6aeg on umbes 40 tundi. Kasutage seadme laadimiseks USB-kaablit. Laadimine v\u00f5ib toimuda arvuti v\u00f5i telefoni laadija pistiku abil.<\/p>\n<p><strong>\u00a0<\/strong><strong>Professionaalne kuuldeaparaat - bioonilised k\u00f5rvad - kuni 20 000-kordse heliv\u00f5imendusega <\/strong><\/p>\n<p>Bioonilised k\u00f5rvad on professionaalne kuuldeaparaat, mis v\u00f5imaldab kuulda l\u00e4bi seinte. Seda on v\u00e4ga lihtne kasutada ja see v\u00f5ib v\u00f5imendada heli seina taga kuni 20 000 korda. Bioonilised k\u00f5rvad suudavad kuulda l\u00e4bi kuni 45 cm paksuste seinte, seega saab seda kasutada v\u00e4ga erinevatel eesm\u00e4rkidel. On palju olukordi, kus see kuuldeaparaat v\u00f5ib olla kasulik: bioonilisi k\u00f5rvu saab kasutada selleks, et teada saada, kas teatud inimesed on t\u00f5esti usaldusv\u00e4\u00e4rsed, et teada saada, mis toimub teatud ajal seina taga jne.<\/p>\n<p><strong>\u00a0<\/strong><strong>Lihtsalt kasutatav seade<\/strong><\/p>\n<p>Selle kuulamisseadme \u00fcks peamisi eeliseid on selle kasutusmugavus. L\u00fclitage seade sisse, pange k\u00f5rvaklapid ja saate kuulata helisid teisel pool seina. T\u00e4iendavat ettevalmistust ei ole vaja, seega ei ole selle kuulamisseadme kasutamiseks vaja eriteadmisi ega -oskusi. Seadme seadistamine v\u00f5tab tavaliselt vaid m\u00f5ned sekundid: tuleb vaid seade sisse l\u00fclitada, k\u00f5rvaklapid \u00fchendada ja soovitud v\u00f5imendus reguleerida.<\/p>\n<p><strong>\u00a0<\/strong><strong>Helisalvestus<\/strong><\/p>\n<p>M\u00f5nikord ei piisa ainult kuulamisest - v\u00f5ib-olla on vaja kuuldut ka salvestada. Sellisel juhul v\u00f5ite \u00fchendada oma seadmega diktofoni, et saaksite ka helisid salvestada. V\u00f5ite kasutada ka muid spetsiaalseid seadmeid heli salvestamiseks.<\/p>\n<p><strong>\u00a0<\/strong><strong>Pikk aku ooteaeg<\/strong><\/p>\n<p>Kuulamise seadet v\u00f5ib kasutada pidevalt kuni 10 tundi. Aku laadimisaeg on 5 tundi. Kui seadet ei kasutata pidevalt, kestab aku ootere\u017eiimil mitu korda kauem ja vajab laadimist alles umbes 40 tunni p\u00e4rast. Bioonilisi k\u00f5rvu saab laadida USB-pordi kaudu, seega on v\u00f5imalik laadimine arvuti v\u00f5i mobiiltelefoni laadimispistiku abil.<\/p>\n<p><strong>\u00a0<\/strong><strong>Selge, kvaliteetne heli<\/strong><\/p>\n<p>Bioonilised k\u00f5rvad v\u00f5imaldavad kuulata l\u00e4bi kuni 45 cm paksuse seina. Kuigi v\u00f5ib tunduda, et heli kvaliteet s\u00f5ltub seina materjalidest, ei ole see nii. Tegelikult on heli kristallselge, olenemata sellest, kas kuulete l\u00e4bi puidust, betoonist v\u00f5i metallist seina. Heli v\u00f5ib v\u00f5imenduda kuni 20 000 korda, mis annab teile v\u00e4ga selge ja kvaliteetse kuuldavuse. Teine eelis on see, et see professionaalne kuuldeaparaat aitab v\u00f5imendada inimk\u00f5nele omaseid sagedusi ja suudab k\u00f5rvaldada \u00fcmbritsevat m\u00fcra. See tagab, et vestlused salvestatakse v\u00e4ga k\u00f5rge kvaliteediga, nii et sellise salvestuse helikvaliteet ei ole halvem kui samas ruumis tehtud salvestus.<\/p>\n<p><strong>\u00a0<\/strong><strong>Lisav\u00f5imalused<\/strong><\/p>\n<p>Komplektis olev proximity-mikrofon (n\u00f5elamikrofon) on m\u00f5eldud seinasiseseks paigaldamiseks - selle juhtme pikkus on 120 mm ja seda saab sisestada v\u00e4ikestesse aukudesse seinas. See tagab, et kuuldav heli on veelgi selgem ja te ei j\u00e4\u00e4 ilma v\u00f5imalikest olulistest vestlustest.<\/p>\n<p><strong>\u00a0<\/strong><strong>P\u00f5hilised tehnilised andmed:<\/strong><\/p>\n<ul>\n<li>v\u00f5imalik seina paksus: kuni 45 cm;<\/li>\n<li>heliv\u00f5imendus: kuni 20 000 korda;<\/li>\n<li>mikrofoni tundlikkus: alates 35 dB (vaiksed vestlused on kuuldavad);<\/li>\n<li>m\u00f5\u00f5tmed: 60 x 40 x 22 mm;<\/li>\n<li>Seadme kaal: 26 g;<\/li>\n<li>aku t\u00fc\u00fcp: liitium-ioon;<\/li>\n<li>aku laadimisaeg: 5 h<\/li>\n<li>t\u00f6\u00f6temperatuur: -5 kuni +50 kraadi Celsiuse j\u00e4rgi.<\/li>\n<\/ul>\n<p><strong>\u00a0<\/strong><\/p>\n<p><strong>Sisaldab:<\/strong><\/p>\n<p>seismiline kontaktmikrofon, mittekontaktmikrofon (n\u00f5el), minik\u00f5rvaklapid, USB-kaabel ja laadija.<\/p>\n<p>Kui soovite kuulata, mis toimub seina taga, kuid teil ei ole juurdep\u00e4\u00e4su muudele kuulamisseadmetele, v\u00f5ivad need bioonilised k\u00f5rvad olla \u00fcks parimaid lahendusi - need on \u00e4\u00e4rmiselt suure tundlikkusega ja neid saab vajadusel kasutada helide salvestamiseks, kasutades diktofoni v\u00f5i muud seadet.<\/p>","protected":false},"excerpt":{"rendered":"<p>Stetoskoopiline kuuldeaparaat ehk bioonilised k\u00f5rvad, mis v\u00f5imaldavad kuulda l\u00e4bi seinte. Lihtne viis teada saada, mida teisel pool r\u00e4\u00e4gitakse. Lihtne kasutada, ei n\u00f5ua erilisi oskusi.<\/p>","protected":false},"featured_media":1552,"template":"","meta":[],"product_brand":[],"product_cat":[385,335],"product_tag":[439,442,440,441,443],"class_list":{"0":"post-1248","1":"product","2":"type-product","3":"status-publish","4":"has-post-thumbnail","6":"product_cat-noklausisanas-caur-barjeram-sienam","7":"product_cat-noklausisanas-ierices","8":"product_tag-bioniskas-ausis","9":"product_tag-izmantojot","10":"product_tag-noklausisanas-pari-sienai","11":"product_tag-profesionala-noklausisanas","12":"product_tag-stetoskopiska-noklausisanas","14":"first","15":"instock","16":"taxable","17":"shipping-taxable","18":"purchasable","19":"product-type-simple"},"yoast_head":"<!-- This site is optimized with the Yoast SEO plugin v27.5 - https:\/\/yoast.com\/product\/yoast-seo-wordpress\/ -->\n<title>Profesion\u0101la noklaus\u012b\u0161an\u0101s ier\u012bce ar l\u012bdz pat 20 000 pastiprin\u0101jumu<\/title>\n<meta name=\"description\" content=\"Stetoskopiska noklaus\u012b\u0161an\u0101s ier\u012bce jeb bionisk\u0101s ausis, kas \u013cauj dzird\u0113t cauri sienai Vienk\u0101r\u0161s veids, k\u0101 uzzin\u0101t, kas tiek run\u0101ts otr\u0101 pus\u0113 Viegli...\" \/>\n<meta name=\"robots\" content=\"index, follow, max-snippet:-1, max-image-preview:large, max-video-preview:-1\" \/>\n<link rel=\"canonical\" href=\"https:\/\/izsekosanasierices.lv\/et\/produkts\/professionaalne-kuulamine-ruumis-kuni-20-000-kombineeritud-voimendusega\/\" \/>\n<meta property=\"og:locale\" content=\"et_EE\" \/>\n<meta property=\"og:type\" content=\"article\" \/>\n<meta property=\"og:title\" content=\"Stetoskopiska noklaus\u012b\u0161an\u0101s caur sienu vai bionisk\u0101s ausis\" \/>\n<meta property=\"og:description\" content=\"Stetoskopiska noklaus\u012b\u0161an\u0101s caur sienu vai bionisk\u0101s ausis. Vienk\u0101r\u0161s veids, k\u0101 uzzin\u0101t, kas tiek run\u0101ts p\u0101ri robe\u017eai. Viegli lietojams, nav nepiecie\u0161amas \u012bpa\u0161as prasmes\" \/>\n<meta property=\"og:url\" content=\"https:\/\/izsekosanasierices.lv\/et\/produkts\/professionaalne-kuulamine-ruumis-kuni-20-000-kombineeritud-voimendusega\/\" \/>\n<meta property=\"og:site_name\" content=\"Nr1 Izseko\u0161anas ier\u012bces gps izseko\u0161anas iek\u0101rtas, klaus\u012b\u0161an\u0101s iek\u0101rtas\" \/>\n<meta property=\"article:modified_time\" content=\"2025-11-19T14:53:44+00:00\" \/>\n<meta property=\"og:image\" content=\"https:\/\/rvnski.dev\/sekimoiranga\/wp-content\/uploads\/izsekosanasierices.webp\" \/>\n<meta name=\"twitter:card\" content=\"summary_large_image\" \/>\n<meta name=\"twitter:title\" content=\"Stetoskopiska noklaus\u012b\u0161an\u0101s caur sienu vai bionisk\u0101s ausis\" \/>\n<meta name=\"twitter:description\" content=\"Stetoskopiska noklaus\u012b\u0161an\u0101s caur sienu vai bionisk\u0101s ausis. Vienk\u0101r\u0161s veids, k\u0101 uzzin\u0101t, kas tiek run\u0101ts p\u0101ri robe\u017eai. Viegli lietojams, nav nepiecie\u0161amas \u012bpa\u0161as prasmes\" \/>\n<meta name=\"twitter:label1\" content=\"Est. reading time\" \/>\n\t<meta name=\"twitter:data1\" content=\"5 minutit\" \/>\n<script type=\"application\/ld+json\" class=\"yoast-schema-graph\">{\"@context\":\"https:\\\/\\\/schema.org\",\"@graph\":[{\"@type\":\"WebPage\",\"@id\":\"https:\\\/\\\/izsekosanasierices.lv\\\/produkts\\\/profesionala-iekstelpu-klausisanas-ar-lidz-pat-20-000-kombinetu-skanas-pastiprinajumu\\\/\",\"url\":\"https:\\\/\\\/izsekosanasierices.lv\\\/produkts\\\/profesionala-iekstelpu-klausisanas-ar-lidz-pat-20-000-kombinetu-skanas-pastiprinajumu\\\/\",\"name\":\"Profesion\u0101la noklaus\u012b\u0161an\u0101s ier\u012bce ar l\u012bdz pat 20 000 pastiprin\u0101jumu\",\"isPartOf\":{\"@id\":\"https:\\\/\\\/izsekosanasierices.lv\\\/#website\"},\"primaryImageOfPage\":{\"@id\":\"https:\\\/\\\/izsekosanasierices.lv\\\/produkts\\\/profesionala-iekstelpu-klausisanas-ar-lidz-pat-20-000-kombinetu-skanas-pastiprinajumu\\\/#primaryimage\"},\"image\":{\"@id\":\"https:\\\/\\\/izsekosanasierices.lv\\\/produkts\\\/profesionala-iekstelpu-klausisanas-ar-lidz-pat-20-000-kombinetu-skanas-pastiprinajumu\\\/#primaryimage\"},\"thumbnailUrl\":\"https:\\\/\\\/izsekosanasierices.lv\\\/wp-content\\\/uploads\\\/izsekosanasierices-stetoskopinis-pasiklausymas-per-siena-arba-bionines-ausys-2.jpg\",\"datePublished\":\"2023-10-05T15:37:11+00:00\",\"dateModified\":\"2025-11-19T14:53:44+00:00\",\"description\":\"Stetoskopiska noklaus\u012b\u0161an\u0101s ier\u012bce jeb bionisk\u0101s ausis, kas \u013cauj dzird\u0113t cauri sienai Vienk\u0101r\u0161s veids, k\u0101 uzzin\u0101t, kas tiek run\u0101ts otr\u0101 pus\u0113 Viegli...\",\"breadcrumb\":{\"@id\":\"https:\\\/\\\/izsekosanasierices.lv\\\/produkts\\\/profesionala-iekstelpu-klausisanas-ar-lidz-pat-20-000-kombinetu-skanas-pastiprinajumu\\\/#breadcrumb\"},\"inLanguage\":\"et\",\"potentialAction\":[{\"@type\":\"ReadAction\",\"target\":[\"https:\\\/\\\/izsekosanasierices.lv\\\/produkts\\\/profesionala-iekstelpu-klausisanas-ar-lidz-pat-20-000-kombinetu-skanas-pastiprinajumu\\\/\"]}]},{\"@type\":\"ImageObject\",\"inLanguage\":\"et\",\"@id\":\"https:\\\/\\\/izsekosanasierices.lv\\\/produkts\\\/profesionala-iekstelpu-klausisanas-ar-lidz-pat-20-000-kombinetu-skanas-pastiprinajumu\\\/#primaryimage\",\"url\":\"https:\\\/\\\/izsekosanasierices.lv\\\/wp-content\\\/uploads\\\/izsekosanasierices-stetoskopinis-pasiklausymas-per-siena-arba-bionines-ausys-2.jpg\",\"contentUrl\":\"https:\\\/\\\/izsekosanasierices.lv\\\/wp-content\\\/uploads\\\/izsekosanasierices-stetoskopinis-pasiklausymas-per-siena-arba-bionines-ausys-2.jpg\",\"width\":571,\"height\":487,\"caption\":\"Adata pasiklausymui su seisminiu mikrofonu\"},{\"@type\":\"BreadcrumbList\",\"@id\":\"https:\\\/\\\/izsekosanasierices.lv\\\/produkts\\\/profesionala-iekstelpu-klausisanas-ar-lidz-pat-20-000-kombinetu-skanas-pastiprinajumu\\\/#breadcrumb\",\"itemListElement\":[{\"@type\":\"ListItem\",\"position\":1,\"name\":\"S\u0101kums\",\"item\":\"https:\\\/\\\/izsekosanasierices.lv\\\/\"},{\"@type\":\"ListItem\",\"position\":2,\"name\":\"Veikals\",\"item\":\"https:\\\/\\\/izsekosanasierices.lv\\\/veikals\\\/\"},{\"@type\":\"ListItem\",\"position\":3,\"name\":\"Profesion\u0101la noklaus\u012b\u0161an\u0101s ier\u012bce ar l\u012bdz pat 20 000 rei\u017eu lielu ska\u0146as pastiprin\u0101jumu\"}]},{\"@type\":\"WebSite\",\"@id\":\"https:\\\/\\\/izsekosanasierices.lv\\\/#website\",\"url\":\"https:\\\/\\\/izsekosanasierices.lv\\\/\",\"name\":\"Nr1 Izseko\u0161anas ier\u012bces gps izseko\u0161anas iek\u0101rtas, klaus\u012b\u0161an\u0101s iek\u0101rtas\",\"description\":\"\",\"potentialAction\":[{\"@type\":\"SearchAction\",\"target\":{\"@type\":\"EntryPoint\",\"urlTemplate\":\"https:\\\/\\\/izsekosanasierices.lv\\\/?s={search_term_string}\"},\"query-input\":{\"@type\":\"PropertyValueSpecification\",\"valueRequired\":true,\"valueName\":\"search_term_string\"}}],\"inLanguage\":\"et\"}]}<\/script>\n<!-- \/ Yoast SEO plugin. -->","yoast_head_json":{"title":"Profesion\u0101la noklaus\u012b\u0161an\u0101s ier\u012bce ar l\u012bdz pat 20 000 pastiprin\u0101jumu","description":"Stetoskopiska noklaus\u012b\u0161an\u0101s ier\u012bce jeb bionisk\u0101s ausis, kas \u013cauj dzird\u0113t cauri sienai Vienk\u0101r\u0161s veids, k\u0101 uzzin\u0101t, kas tiek run\u0101ts otr\u0101 pus\u0113 Viegli...","robots":{"index":"index","follow":"follow","max-snippet":"max-snippet:-1","max-image-preview":"max-image-preview:large","max-video-preview":"max-video-preview:-1"},"canonical":"https:\/\/izsekosanasierices.lv\/et\/produkts\/professionaalne-kuulamine-ruumis-kuni-20-000-kombineeritud-voimendusega\/","og_locale":"et_EE","og_type":"article","og_title":"Stetoskopiska noklaus\u012b\u0161an\u0101s caur sienu vai bionisk\u0101s ausis","og_description":"Stetoskopiska noklaus\u012b\u0161an\u0101s caur sienu vai bionisk\u0101s ausis. Vienk\u0101r\u0161s veids, k\u0101 uzzin\u0101t, kas tiek run\u0101ts p\u0101ri robe\u017eai. Viegli lietojams, nav nepiecie\u0161amas \u012bpa\u0161as prasmes","og_url":"https:\/\/izsekosanasierices.lv\/et\/produkts\/professionaalne-kuulamine-ruumis-kuni-20-000-kombineeritud-voimendusega\/","og_site_name":"Nr1 Izseko\u0161anas ier\u012bces gps izseko\u0161anas iek\u0101rtas, klaus\u012b\u0161an\u0101s iek\u0101rtas","article_modified_time":"2025-11-19T14:53:44+00:00","og_image":[{"url":"https:\/\/rvnski.dev\/sekimoiranga\/wp-content\/uploads\/izsekosanasierices.webp","type":"","width":"","height":""}],"twitter_card":"summary_large_image","twitter_title":"Stetoskopiska noklaus\u012b\u0161an\u0101s caur sienu vai bionisk\u0101s ausis","twitter_description":"Stetoskopiska noklaus\u012b\u0161an\u0101s caur sienu vai bionisk\u0101s ausis. Vienk\u0101r\u0161s veids, k\u0101 uzzin\u0101t, kas tiek run\u0101ts p\u0101ri robe\u017eai. Viegli lietojams, nav nepiecie\u0161amas \u012bpa\u0161as prasmes","twitter_misc":{"Est. reading time":"5 minutit"},"schema":{"@context":"https:\/\/schema.org","@graph":[{"@type":"WebPage","@id":"https:\/\/izsekosanasierices.lv\/produkts\/profesionala-iekstelpu-klausisanas-ar-lidz-pat-20-000-kombinetu-skanas-pastiprinajumu\/","url":"https:\/\/izsekosanasierices.lv\/produkts\/profesionala-iekstelpu-klausisanas-ar-lidz-pat-20-000-kombinetu-skanas-pastiprinajumu\/","name":"Profesion\u0101la noklaus\u012b\u0161an\u0101s ier\u012bce ar l\u012bdz pat 20 000 pastiprin\u0101jumu","isPartOf":{"@id":"https:\/\/izsekosanasierices.lv\/#website"},"primaryImageOfPage":{"@id":"https:\/\/izsekosanasierices.lv\/produkts\/profesionala-iekstelpu-klausisanas-ar-lidz-pat-20-000-kombinetu-skanas-pastiprinajumu\/#primaryimage"},"image":{"@id":"https:\/\/izsekosanasierices.lv\/produkts\/profesionala-iekstelpu-klausisanas-ar-lidz-pat-20-000-kombinetu-skanas-pastiprinajumu\/#primaryimage"},"thumbnailUrl":"https:\/\/izsekosanasierices.lv\/wp-content\/uploads\/izsekosanasierices-stetoskopinis-pasiklausymas-per-siena-arba-bionines-ausys-2.jpg","datePublished":"2023-10-05T15:37:11+00:00","dateModified":"2025-11-19T14:53:44+00:00","description":"Stetoskopiska noklaus\u012b\u0161an\u0101s ier\u012bce jeb bionisk\u0101s ausis, kas \u013cauj dzird\u0113t cauri sienai Vienk\u0101r\u0161s veids, k\u0101 uzzin\u0101t, kas tiek run\u0101ts otr\u0101 pus\u0113 Viegli...","breadcrumb":{"@id":"https:\/\/izsekosanasierices.lv\/produkts\/profesionala-iekstelpu-klausisanas-ar-lidz-pat-20-000-kombinetu-skanas-pastiprinajumu\/#breadcrumb"},"inLanguage":"et","potentialAction":[{"@type":"ReadAction","target":["https:\/\/izsekosanasierices.lv\/produkts\/profesionala-iekstelpu-klausisanas-ar-lidz-pat-20-000-kombinetu-skanas-pastiprinajumu\/"]}]},{"@type":"ImageObject","inLanguage":"et","@id":"https:\/\/izsekosanasierices.lv\/produkts\/profesionala-iekstelpu-klausisanas-ar-lidz-pat-20-000-kombinetu-skanas-pastiprinajumu\/#primaryimage","url":"https:\/\/izsekosanasierices.lv\/wp-content\/uploads\/izsekosanasierices-stetoskopinis-pasiklausymas-per-siena-arba-bionines-ausys-2.jpg","contentUrl":"https:\/\/izsekosanasierices.lv\/wp-content\/uploads\/izsekosanasierices-stetoskopinis-pasiklausymas-per-siena-arba-bionines-ausys-2.jpg","width":571,"height":487,"caption":"Adata pasiklausymui su seisminiu mikrofonu"},{"@type":"BreadcrumbList","@id":"https:\/\/izsekosanasierices.lv\/produkts\/profesionala-iekstelpu-klausisanas-ar-lidz-pat-20-000-kombinetu-skanas-pastiprinajumu\/#breadcrumb","itemListElement":[{"@type":"ListItem","position":1,"name":"S\u0101kums","item":"https:\/\/izsekosanasierices.lv\/"},{"@type":"ListItem","position":2,"name":"Veikals","item":"https:\/\/izsekosanasierices.lv\/veikals\/"},{"@type":"ListItem","position":3,"name":"Profesion\u0101la noklaus\u012b\u0161an\u0101s ier\u012bce ar l\u012bdz pat 20 000 rei\u017eu lielu ska\u0146as pastiprin\u0101jumu"}]},{"@type":"WebSite","@id":"https:\/\/izsekosanasierices.lv\/#website","url":"https:\/\/izsekosanasierices.lv\/","name":"Nr1 Izseko\u0161anas ier\u012bces gps izseko\u0161anas iek\u0101rtas, klaus\u012b\u0161an\u0101s iek\u0101rtas","description":"","potentialAction":[{"@type":"SearchAction","target":{"@type":"EntryPoint","urlTemplate":"https:\/\/izsekosanasierices.lv\/?s={search_term_string}"},"query-input":{"@type":"PropertyValueSpecification","valueRequired":true,"valueName":"search_term_string"}}],"inLanguage":"et"}]}},"_links":{"self":[{"href":"https:\/\/izsekosanasierices.lv\/et\/wp-json\/wp\/v2\/product\/1248","targetHints":{"allow":["GET"]}}],"collection":[{"href":"https:\/\/izsekosanasierices.lv\/et\/wp-json\/wp\/v2\/product"}],"about":[{"href":"https:\/\/izsekosanasierices.lv\/et\/wp-json\/wp\/v2\/types\/product"}],"wp:featuredmedia":[{"embeddable":true,"href":"https:\/\/izsekosanasierices.lv\/et\/wp-json\/wp\/v2\/media\/1552"}],"wp:attachment":[{"href":"https:\/\/izsekosanasierices.lv\/et\/wp-json\/wp\/v2\/media?parent=1248"}],"wp:term":[{"taxonomy":"product_brand","embeddable":true,"href":"https:\/\/izsekosanasierices.lv\/et\/wp-json\/wp\/v2\/product_brand?post=1248"},{"taxonomy":"product_cat","embeddable":true,"href":"https:\/\/izsekosanasierices.lv\/et\/wp-json\/wp\/v2\/product_cat?post=1248"},{"taxonomy":"product_tag","embeddable":true,"href":"https:\/\/izsekosanasierices.lv\/et\/wp-json\/wp\/v2\/product_tag?post=1248"}],"curies":[{"name":"wp","href":"https:\/\/api.w.org\/{rel}","templated":true}]}}