{"id":1249,"date":"2023-10-05T15:37:11","date_gmt":"2023-10-05T15:37:11","guid":{"rendered":"https:\/\/izsekosanasierices.lv\/produktas\/slapta-kamera-full-hd-uzmaskuota-automobiliniame-rakte\/"},"modified":"2025-11-19T17:11:20","modified_gmt":"2025-11-19T15:11:20","slug":"full-hd-slepta-kamera-kas-masketa-automasinas-atslega-2","status":"publish","type":"product","link":"https:\/\/izsekosanasierices.lv\/et\/produkts\/full-hd-peidetud-kaamera-kes-maskeeritud-automassin-atslega-2\/","title":{"rendered":"FULL HD peidetud kaamera, mis on maskeeritud auto v\u00f5tmesse"},"content":{"rendered":"<h3><strong>TEHNILISED N\u00c4ITAJAD:<\/strong><\/h3>\n<ul>\n<li>M\u00e4lukaardi tugi: micro SD\/SDHC kuni 32 GB (kaart ei kuulu komplekti)<\/li>\n<li>Video salvestamine koos heliga<\/li>\n<li>Salvestuslahutus: Full HD 1920 x 1080 px<\/li>\n<li>Videoformaat: avi | 30 kaadrit sekundis<\/li>\n<li>Pildi resolutsioon: jpeg 2560 x 1440 px<\/li>\n<li>Vaatamisnurk: 64,4\u00b0<\/li>\n<li>Heli: m\u00fcrasummutusmikrofon<\/li>\n<li>\u00dchendusstandard: USB 1.1 ja 2.0<\/li>\n<li>Laetav aku: 3,6 V 450 mAh<\/li>\n<li>Aku kestvus: umbes 70 minutit<\/li>\n<li>\u00dchilduvus Windows, Mac OS<\/li>\n<li>T\u00f6\u00f6temperatuur: -10\u00b0C ~ 60\u00b0C<\/li>\n<li>V\u00e4rv: BLACK (must)<\/li>\n<li>Sisaldab autov\u00f5tme sisseehitatud kaamerat, USB-kaablit, kasutusjuhendit.<\/li>\n<li><strong>Garantii 12 kuud<\/strong><\/li>\n<\/ul>\n<p><strong>\u00a0<\/strong><\/p>\n<p><span style=\"color: #ff0000;\"><strong>Vajad kiiret sama p\u00e4eva (ja n\u00e4dalavahetuse) kohaletoimetamist?  Helistage +37120484176<\/strong><\/span><\/p>\n<p>&nbsp;<\/p>\n<p>Kasutamine: enda kaitseks, laste kaitseks.<\/p>\n<p>&nbsp;<\/p>\n<p>Teie auto v\u00f5tmesse peidetud salajane kaamera. Full HD kaamera on sisseehitatud ja visuaalselt eristamatu tavalisest autov\u00f5tmest. Videokvaliteet FULL HB, AVI formaadis koos heliga. See peidetud kaamera v\u00f5imaldab teha fotosid resolutsiooniga 2560 \u00d7 1440 pikslit, sellel on liikumistuvastuse funktsioon ja maskeeritud micro SD-kaardi pesa kuni 32 GB suurustele kaartidele. Videoid saab vaadata, kui \u00fchendada kaamera arvutiga. K\u00f5ik v\u00f5tme korpusel olevad nupud on aktiivsed, nagu tavaline auto v\u00f5ti. Nupu vajutamisel hakkab kaamera videoid v\u00f5i fotosid tegema.<\/p>\n<p><strong>\u00a0<\/strong><\/p>\n<p><strong>FULL HD peidetud kaamera, mis on maskeeritud auto v\u00f5tmeks<\/strong><\/p>\n<p>Varjatud kaamerad on viimastel aastatel muutunud \u00fcha populaarsemaks, sest neid on vaja video v\u00f5i heli m\u00e4rkamatuks j\u00e4\u00e4dvustamiseks. Need salvestised v\u00f5ivad olla kasulikud, kui on vaja koguda materjali kohtuprotsessi jaoks, veenduda, et isik on t\u00f5esti usaldusv\u00e4\u00e4rne jne. Loomulikult on alati oluline, et kaamera oleks korralikult maskeeritud, seega on hea valik auto v\u00f5tmesse peidetud kaamera.<\/p>\n<p><strong>\u00a0<\/strong><\/p>\n<p><strong>Mahukas kaamera m\u00e4lu<\/strong><\/p>\n<p>M\u00f5nikord v\u00f5tab filmimine aega, nii et eesm\u00e4rk on s\u00e4ilitada v\u00f5imalikult palju materjali. Autov\u00f5tmes olev kaamera toetab kuni 32 GB m\u00e4luga SD- v\u00f5i SDHC-kaarti (kaart ei kuulu komplekti). Kui kaart t\u00e4itub, asendavad uued salvestused vanemaid, nii et filmimine saab katkematult j\u00e4tkuda. Filmimaterjal kantakse arvutisse, et seda saaks h\u00f5lpsasti vaadata.<\/p>\n<p><strong>\u00a0<\/strong><\/p>\n<p><strong>Suurep\u00e4rane pildistamise eraldusv\u00f5ime<\/strong><\/p>\n<p>Kuigi salajane kaamera on v\u00e4ike, on salvestuste kvaliteet laitmatu. Salvestusresolutsioon on FULL HD 1920\u00d71080 px, nii et j\u00e4\u00e4dvustatud pildid on piisavalt selged. Kuigi m\u00f5nikord arvatakse, et nii v\u00e4ikesed peidetud kaamerad ei suuda pakkuda suurep\u00e4rast pildikvaliteeti, ei ole see kindlasti nii ja sellest saate ise veenduda. Lisaks videole suudab varjatu kaamera teha ka fotosid veelgi suurema resolutsiooniga 2560 \u00d7 1440 px.<\/p>\n<p><strong>\u00a0<\/strong><\/p>\n<p><strong>Lihtne kasutada<\/strong><\/p>\n<p>Salajase kaamera kasutamine on v\u00e4ga lihtne - vaid \u00fcks nupuvajutus, et alustada video salvestamist. Autov\u00f5ti on \u00fcks neist esemetest, mis ei \u00e4rata kahtlust, isegi kui see on v\u00e4ga n\u00e4htavas kohas, nii et kui soovite salvestamist alustada, saate seda teha ilma igasuguse vaevata. Kui otsustate kasutada tavalist videokaamerat, v\u00f5ib varjatud pildi j\u00e4\u00e4dvustamine olla v\u00e4ga keeruline ja pildikvaliteet v\u00f5ib kannatada, kuid kui valite autov\u00f5tmes oleva maskeeritud kaamera, on see palju lihtsam. 64,4-kraadise vaatenurgaga kaamera suudab j\u00e4\u00e4dvustada t\u00f5eliselt kvaliteetseid videoid.<\/p>\n<p><strong>\u00a0<\/strong><\/p>\n<p><strong>Meisterlikult maskeeritud kaamera<\/strong><\/p>\n<p>Varjatud kaamera valimisel on alati oluline veenduda, et see oleks v\u00f5imalikult h\u00e4sti maskeeritud. Autov\u00f5tmesse peidetud kaamera on kindlasti \u00fcks parimaid valikuid. Keegi ei kahtle, et teid salaja filmitakse, nii et saate vajaliku materjali koguda ilma suurema vaevata.<\/p>\n<p><strong>\u00a0<\/strong><\/p>\n<p><strong>Kvaliteet hea hinnaga<\/strong><\/p>\n<p>\u00dcks olulisemaid kriteeriume peidetud seadmete ostmisel, mis v\u00f5imaldavad filmida v\u00f5i pildistada, on hind. See maskeeritud kaamera pakub t\u00f5eliselt k\u00f5rget kvaliteeti ja selle hind on \u00fcsna madal. Kuigi on levinud arvamus, et kvaliteetsed seadmed maksavad alati palju raha, ei ole see kindlasti nii ja sellest saate ise veenduda.<\/p>\n<p><strong>\u00a0<\/strong><\/p>\n<p><strong>Lai valik rakendusi<\/strong><\/p>\n<p>Autov\u00f5tmesse peidetud peidetud kaamerat saab kasutada mitmesugustel eesm\u00e4rkidel: t\u00f6\u00f6tajate aususe kontrollimiseks, t\u00f5endite hankimiseks, teatud isikute usaldusv\u00e4\u00e4rsuse kontrollimiseks jne. See salakaamera n\u00e4eb v\u00e4lja nagu tavaline autov\u00f5ti, seega v\u00f5ite selle j\u00e4tta lauale v\u00f5i n\u00e4htavale ja olla kindel, et see ei \u00e4rata kahtlust.<\/p>\n<p><strong>\u00a0<\/strong><\/p>\n<p><strong>P\u00f5hilised tehnilised andmed:<\/strong><\/p>\n<ul>\n<li>toetatud m\u00e4lukaardid: kuni 32 GB SD\/SDHC;<\/li>\n<li>video resolutsioon: 1920 \u00d7 1080 px FULL HD<\/li>\n<li>foto resolutsioon: jpeg 2560\u00d71440 px;<\/li>\n<li>videoformaat: avi | 30 kaadrit sekundis;<\/li>\n<li>vaatenurk: 64,4\u00b0.<\/li>\n<\/ul>","protected":false},"excerpt":{"rendered":"<p>Salajane kaamera, mis on maskeeritud autov\u00f5tmesse (ripats) FULL HD videokvaliteediga. V\u00f5imalus teha fotosid. See kaamera on m\u00e4rkamatu<\/p>","protected":false},"featured_media":1555,"template":"","meta":[],"product_brand":[],"product_cat":[330,321],"product_tag":[325,23,418,363,419,328],"class_list":{"0":"post-1249","1":"product","2":"type-product","3":"status-publish","4":"has-post-thumbnail","6":"product_cat-masketas-kameras","7":"product_cat-sleptas-kameras","8":"product_tag-izsekosanas-kamera","9":"product_tag-kamera","10":"product_tag-kamera-automasinas-atslega","11":"product_tag-kamera-modinataja","12":"product_tag-kameras-taustins","13":"product_tag-slepena-kamera","15":"first","16":"instock","17":"taxable","18":"shipping-taxable","19":"purchasable","20":"product-type-simple"},"yoast_head":"<!-- This site is optimized with the Yoast SEO plugin v27.6 - https:\/\/yoast.com\/product\/yoast-seo-wordpress\/ -->\n<title>FULL HD sl\u0113pt\u0101 kamera, kas mask\u0113ta automa\u0161\u012bnas atsl\u0113g\u0101<\/title>\n<meta name=\"description\" content=\"Slepena videonov\u0113ro\u0161anas kamera, kas mask\u0113ta automa\u0161\u012bnas atsl\u0113g\u0101. FULL HD video kvalit\u0101te. Iesp\u0113ja fotograf\u0113t. \u0160\u012b kamera ir neuzkr\u012bto\u0161a.\" \/>\n<meta name=\"robots\" content=\"index, follow, max-snippet:-1, max-image-preview:large, max-video-preview:-1\" \/>\n<link rel=\"canonical\" href=\"https:\/\/izsekosanasierices.lv\/et\/produkts\/full-hd-peidetud-kaamera-kes-maskeeritud-automassin-atslega-2\/\" \/>\n<meta property=\"og:locale\" content=\"et_EE\" \/>\n<meta property=\"og:type\" content=\"article\" \/>\n<meta property=\"og:title\" content=\"Full HD kamera, kas mask\u0113ta atsl\u0113g\u0101 ( automa\u0161\u012bnas atsl\u0113ga )\" \/>\n<meta property=\"og:description\" content=\"Slepena film\u0113\u0161anas kamera, kas mask\u0113ta automa\u0161\u012bnas atsl\u0113g\u0101 (kulon\u0101) FULL HD video kvalit\u0101te. Iesp\u0113ja fotograf\u0113t. \u0160\u012b kamera ir neuzkr\u012bto\u0161a\" \/>\n<meta property=\"og:url\" content=\"https:\/\/izsekosanasierices.lv\/et\/produkts\/full-hd-peidetud-kaamera-kes-maskeeritud-automassin-atslega-2\/\" \/>\n<meta property=\"og:site_name\" content=\"Nr1 Izseko\u0161anas ier\u012bces gps izseko\u0161anas iek\u0101rtas, klaus\u012b\u0161an\u0101s iek\u0101rtas\" \/>\n<meta property=\"article:modified_time\" content=\"2025-11-19T15:11:20+00:00\" \/>\n<meta property=\"og:image\" content=\"https:\/\/izsekosanasierices.lv\/wp-content\/uploads\/izsekosanasierices.webp\" \/>\n<meta name=\"twitter:card\" content=\"summary_large_image\" \/>\n<meta name=\"twitter:title\" content=\"Full HD kamera, kas mask\u0113ta atsl\u0113g\u0101 ( automa\u0161\u012bnas atsl\u0113ga )\" \/>\n<meta name=\"twitter:description\" content=\"Slepena film\u0113\u0161anas kamera, kas mask\u0113ta automa\u0161\u012bnas atsl\u0113g\u0101 (kulon\u0101) FULL HD video kvalit\u0101te. Iesp\u0113ja fotograf\u0113t. \u0160\u012b kamera ir neuzkr\u012bto\u0161a\" \/>\n<meta name=\"twitter:label1\" content=\"Est. reading time\" \/>\n\t<meta name=\"twitter:data1\" content=\"4 minutit\" \/>\n<script type=\"application\/ld+json\" class=\"yoast-schema-graph\">{\"@context\":\"https:\\\/\\\/schema.org\",\"@graph\":[{\"@type\":\"WebPage\",\"@id\":\"https:\\\/\\\/izsekosanasierices.lv\\\/produkts\\\/full-hd-slepta-kamera-kas-masketa-automasinas-atslega-2\\\/\",\"url\":\"https:\\\/\\\/izsekosanasierices.lv\\\/produkts\\\/full-hd-slepta-kamera-kas-masketa-automasinas-atslega-2\\\/\",\"name\":\"FULL HD sl\u0113pt\u0101 kamera, kas mask\u0113ta automa\u0161\u012bnas atsl\u0113g\u0101\",\"isPartOf\":{\"@id\":\"https:\\\/\\\/izsekosanasierices.lv\\\/#website\"},\"primaryImageOfPage\":{\"@id\":\"https:\\\/\\\/izsekosanasierices.lv\\\/produkts\\\/full-hd-slepta-kamera-kas-masketa-automasinas-atslega-2\\\/#primaryimage\"},\"image\":{\"@id\":\"https:\\\/\\\/izsekosanasierices.lv\\\/produkts\\\/full-hd-slepta-kamera-kas-masketa-automasinas-atslega-2\\\/#primaryimage\"},\"thumbnailUrl\":\"https:\\\/\\\/izsekosanasierices.lv\\\/wp-content\\\/uploads\\\/izsekosanasierices-slapta-kamera-full-hd-uzmaskuota-automobiliniame-rakte.jpg\",\"datePublished\":\"2023-10-05T15:37:11+00:00\",\"dateModified\":\"2025-11-19T15:11:20+00:00\",\"description\":\"Slepena videonov\u0113ro\u0161anas kamera, kas mask\u0113ta automa\u0161\u012bnas atsl\u0113g\u0101. FULL HD video kvalit\u0101te. Iesp\u0113ja fotograf\u0113t. \u0160\u012b kamera ir neuzkr\u012bto\u0161a.\",\"breadcrumb\":{\"@id\":\"https:\\\/\\\/izsekosanasierices.lv\\\/produkts\\\/full-hd-slepta-kamera-kas-masketa-automasinas-atslega-2\\\/#breadcrumb\"},\"inLanguage\":\"et\",\"potentialAction\":[{\"@type\":\"ReadAction\",\"target\":[\"https:\\\/\\\/izsekosanasierices.lv\\\/produkts\\\/full-hd-slepta-kamera-kas-masketa-automasinas-atslega-2\\\/\"]}]},{\"@type\":\"ImageObject\",\"inLanguage\":\"et\",\"@id\":\"https:\\\/\\\/izsekosanasierices.lv\\\/produkts\\\/full-hd-slepta-kamera-kas-masketa-automasinas-atslega-2\\\/#primaryimage\",\"url\":\"https:\\\/\\\/izsekosanasierices.lv\\\/wp-content\\\/uploads\\\/izsekosanasierices-slapta-kamera-full-hd-uzmaskuota-automobiliniame-rakte.jpg\",\"contentUrl\":\"https:\\\/\\\/izsekosanasierices.lv\\\/wp-content\\\/uploads\\\/izsekosanasierices-slapta-kamera-full-hd-uzmaskuota-automobiliniame-rakte.jpg\",\"width\":505,\"height\":489,\"caption\":\"Kamera u\u017emaskuota rakte\"},{\"@type\":\"BreadcrumbList\",\"@id\":\"https:\\\/\\\/izsekosanasierices.lv\\\/produkts\\\/full-hd-slepta-kamera-kas-masketa-automasinas-atslega-2\\\/#breadcrumb\",\"itemListElement\":[{\"@type\":\"ListItem\",\"position\":1,\"name\":\"S\u0101kums\",\"item\":\"https:\\\/\\\/izsekosanasierices.lv\\\/\"},{\"@type\":\"ListItem\",\"position\":2,\"name\":\"Veikals\",\"item\":\"https:\\\/\\\/izsekosanasierices.lv\\\/veikals\\\/\"},{\"@type\":\"ListItem\",\"position\":3,\"name\":\"FULL HD sl\u0113pt\u0101 kamera, kas mask\u0113ta automa\u0161\u012bnas atsl\u0113g\u0101\"}]},{\"@type\":\"WebSite\",\"@id\":\"https:\\\/\\\/izsekosanasierices.lv\\\/#website\",\"url\":\"https:\\\/\\\/izsekosanasierices.lv\\\/\",\"name\":\"Nr1 Izseko\u0161anas ier\u012bces gps izseko\u0161anas iek\u0101rtas, klaus\u012b\u0161an\u0101s iek\u0101rtas\",\"description\":\"\",\"potentialAction\":[{\"@type\":\"SearchAction\",\"target\":{\"@type\":\"EntryPoint\",\"urlTemplate\":\"https:\\\/\\\/izsekosanasierices.lv\\\/?s={search_term_string}\"},\"query-input\":{\"@type\":\"PropertyValueSpecification\",\"valueRequired\":true,\"valueName\":\"search_term_string\"}}],\"inLanguage\":\"et\"}]}<\/script>\n<!-- \/ Yoast SEO plugin. -->","yoast_head_json":{"title":"FULL HD sl\u0113pt\u0101 kamera, kas mask\u0113ta automa\u0161\u012bnas atsl\u0113g\u0101","description":"Slepena videonov\u0113ro\u0161anas kamera, kas mask\u0113ta automa\u0161\u012bnas atsl\u0113g\u0101. FULL HD video kvalit\u0101te. Iesp\u0113ja fotograf\u0113t. \u0160\u012b kamera ir neuzkr\u012bto\u0161a.","robots":{"index":"index","follow":"follow","max-snippet":"max-snippet:-1","max-image-preview":"max-image-preview:large","max-video-preview":"max-video-preview:-1"},"canonical":"https:\/\/izsekosanasierices.lv\/et\/produkts\/full-hd-peidetud-kaamera-kes-maskeeritud-automassin-atslega-2\/","og_locale":"et_EE","og_type":"article","og_title":"Full HD kamera, kas mask\u0113ta atsl\u0113g\u0101 ( automa\u0161\u012bnas atsl\u0113ga )","og_description":"Slepena film\u0113\u0161anas kamera, kas mask\u0113ta automa\u0161\u012bnas atsl\u0113g\u0101 (kulon\u0101) FULL HD video kvalit\u0101te. Iesp\u0113ja fotograf\u0113t. \u0160\u012b kamera ir neuzkr\u012bto\u0161a","og_url":"https:\/\/izsekosanasierices.lv\/et\/produkts\/full-hd-peidetud-kaamera-kes-maskeeritud-automassin-atslega-2\/","og_site_name":"Nr1 Izseko\u0161anas ier\u012bces gps izseko\u0161anas iek\u0101rtas, klaus\u012b\u0161an\u0101s iek\u0101rtas","article_modified_time":"2025-11-19T15:11:20+00:00","og_image":[{"url":"https:\/\/izsekosanasierices.lv\/wp-content\/uploads\/izsekosanasierices.webp","type":"","width":"","height":""}],"twitter_card":"summary_large_image","twitter_title":"Full HD kamera, kas mask\u0113ta atsl\u0113g\u0101 ( automa\u0161\u012bnas atsl\u0113ga )","twitter_description":"Slepena film\u0113\u0161anas kamera, kas mask\u0113ta automa\u0161\u012bnas atsl\u0113g\u0101 (kulon\u0101) FULL HD video kvalit\u0101te. Iesp\u0113ja fotograf\u0113t. \u0160\u012b kamera ir neuzkr\u012bto\u0161a","twitter_misc":{"Est. reading time":"4 minutit"},"schema":{"@context":"https:\/\/schema.org","@graph":[{"@type":"WebPage","@id":"https:\/\/izsekosanasierices.lv\/produkts\/full-hd-slepta-kamera-kas-masketa-automasinas-atslega-2\/","url":"https:\/\/izsekosanasierices.lv\/produkts\/full-hd-slepta-kamera-kas-masketa-automasinas-atslega-2\/","name":"FULL HD sl\u0113pt\u0101 kamera, kas mask\u0113ta automa\u0161\u012bnas atsl\u0113g\u0101","isPartOf":{"@id":"https:\/\/izsekosanasierices.lv\/#website"},"primaryImageOfPage":{"@id":"https:\/\/izsekosanasierices.lv\/produkts\/full-hd-slepta-kamera-kas-masketa-automasinas-atslega-2\/#primaryimage"},"image":{"@id":"https:\/\/izsekosanasierices.lv\/produkts\/full-hd-slepta-kamera-kas-masketa-automasinas-atslega-2\/#primaryimage"},"thumbnailUrl":"https:\/\/izsekosanasierices.lv\/wp-content\/uploads\/izsekosanasierices-slapta-kamera-full-hd-uzmaskuota-automobiliniame-rakte.jpg","datePublished":"2023-10-05T15:37:11+00:00","dateModified":"2025-11-19T15:11:20+00:00","description":"Slepena videonov\u0113ro\u0161anas kamera, kas mask\u0113ta automa\u0161\u012bnas atsl\u0113g\u0101. FULL HD video kvalit\u0101te. Iesp\u0113ja fotograf\u0113t. \u0160\u012b kamera ir neuzkr\u012bto\u0161a.","breadcrumb":{"@id":"https:\/\/izsekosanasierices.lv\/produkts\/full-hd-slepta-kamera-kas-masketa-automasinas-atslega-2\/#breadcrumb"},"inLanguage":"et","potentialAction":[{"@type":"ReadAction","target":["https:\/\/izsekosanasierices.lv\/produkts\/full-hd-slepta-kamera-kas-masketa-automasinas-atslega-2\/"]}]},{"@type":"ImageObject","inLanguage":"et","@id":"https:\/\/izsekosanasierices.lv\/produkts\/full-hd-slepta-kamera-kas-masketa-automasinas-atslega-2\/#primaryimage","url":"https:\/\/izsekosanasierices.lv\/wp-content\/uploads\/izsekosanasierices-slapta-kamera-full-hd-uzmaskuota-automobiliniame-rakte.jpg","contentUrl":"https:\/\/izsekosanasierices.lv\/wp-content\/uploads\/izsekosanasierices-slapta-kamera-full-hd-uzmaskuota-automobiliniame-rakte.jpg","width":505,"height":489,"caption":"Kamera u\u017emaskuota rakte"},{"@type":"BreadcrumbList","@id":"https:\/\/izsekosanasierices.lv\/produkts\/full-hd-slepta-kamera-kas-masketa-automasinas-atslega-2\/#breadcrumb","itemListElement":[{"@type":"ListItem","position":1,"name":"S\u0101kums","item":"https:\/\/izsekosanasierices.lv\/"},{"@type":"ListItem","position":2,"name":"Veikals","item":"https:\/\/izsekosanasierices.lv\/veikals\/"},{"@type":"ListItem","position":3,"name":"FULL HD sl\u0113pt\u0101 kamera, kas mask\u0113ta automa\u0161\u012bnas atsl\u0113g\u0101"}]},{"@type":"WebSite","@id":"https:\/\/izsekosanasierices.lv\/#website","url":"https:\/\/izsekosanasierices.lv\/","name":"Nr1 Izseko\u0161anas ier\u012bces gps izseko\u0161anas iek\u0101rtas, klaus\u012b\u0161an\u0101s iek\u0101rtas","description":"","potentialAction":[{"@type":"SearchAction","target":{"@type":"EntryPoint","urlTemplate":"https:\/\/izsekosanasierices.lv\/?s={search_term_string}"},"query-input":{"@type":"PropertyValueSpecification","valueRequired":true,"valueName":"search_term_string"}}],"inLanguage":"et"}]}},"_links":{"self":[{"href":"https:\/\/izsekosanasierices.lv\/et\/wp-json\/wp\/v2\/product\/1249","targetHints":{"allow":["GET"]}}],"collection":[{"href":"https:\/\/izsekosanasierices.lv\/et\/wp-json\/wp\/v2\/product"}],"about":[{"href":"https:\/\/izsekosanasierices.lv\/et\/wp-json\/wp\/v2\/types\/product"}],"wp:featuredmedia":[{"embeddable":true,"href":"https:\/\/izsekosanasierices.lv\/et\/wp-json\/wp\/v2\/media\/1555"}],"wp:attachment":[{"href":"https:\/\/izsekosanasierices.lv\/et\/wp-json\/wp\/v2\/media?parent=1249"}],"wp:term":[{"taxonomy":"product_brand","embeddable":true,"href":"https:\/\/izsekosanasierices.lv\/et\/wp-json\/wp\/v2\/product_brand?post=1249"},{"taxonomy":"product_cat","embeddable":true,"href":"https:\/\/izsekosanasierices.lv\/et\/wp-json\/wp\/v2\/product_cat?post=1249"},{"taxonomy":"product_tag","embeddable":true,"href":"https:\/\/izsekosanasierices.lv\/et\/wp-json\/wp\/v2\/product_tag?post=1249"}],"curies":[{"name":"wp","href":"https:\/\/api.w.org\/{rel}","templated":true}]}}