{"id":1250,"date":"2023-10-05T15:37:11","date_gmt":"2023-10-05T15:37:11","guid":{"rendered":"https:\/\/izsekosanasierices.lv\/produktas\/endoskopine-kamera-1-metras-su-led-apsvietimu\/"},"modified":"2025-11-19T15:38:33","modified_gmt":"2025-11-19T13:38:33","slug":"endoskopiska-kamera-ar-led-apgaismojumu","status":"publish","type":"product","link":"https:\/\/izsekosanasierices.lv\/et\/produkts\/endoskoopiline-kaamera-koos-led-valgusega\/","title":{"rendered":"Endoskoopiline kaamera LED-valgusega"},"content":{"rendered":"<h2>TEHNILISED N\u00c4ITAJAD:<\/h2>\n<ul>\n<li>Liides: USB 1.1 ja 2.0<\/li>\n<li>Resolutsioon: 640 x 480 px<\/li>\n<li>Pikkus \/ l\u00e4bim\u00f5\u00f5t: 35 mm x 7 mm<\/li>\n<li>6 LED-i (reguleeritav intensiivsus)<\/li>\n<li>Objektiivi nurk: 62 kraadi<\/li>\n<li>Kaabli pikkus: 1 meeter<\/li>\n<li>Toiteallikas: USB-port<\/li>\n<li>T\u00f6\u00f6temperatuur: -20 kuni +60\u00b0C<\/li>\n<li>V\u00e4ljav\u00f5etud materjal: videomaterjal ja fotod<\/li>\n<li>Sobib Android 4.0 ja uuemate seadmetega (OTG-toega seade)<\/li>\n<li>V\u00e4rv: must<\/li>\n<li>Komplektis: endoskoopiline kaamera, 1 m pikkune kaabel, USB\/mikro-USB adapter, kaks konksu ja peegel, CD, kasutusjuhend.<\/li>\n<li><strong>Garantii 12 kuud<\/strong><\/li>\n<\/ul>\n<p><strong>\u00a0<\/strong><\/p>\n<p><strong>Vajad kiiret sama p\u00e4eva (ja n\u00e4dalavahetuse) kohaletoimetamist?  Helistage +37120484176!<\/strong><\/p>\n<p>Endoskoopiline USB-kaamera koos LED-valgusega (reguleeritav LED-v\u00f5imsus) v\u00f5imaldab j\u00f5uda raskesti ligip\u00e4\u00e4setavate piirkondadeni. Kaamera pikkus koos kaabliga on 1 meeter. Kaamera vastab standardile IP67 ja on kaitstud niiskuse eest. Kaamerat on lihtne kasutada ja see ei n\u00f5ua erilisi oskusi. Laadige rakendus oma telefoni ja saate endoskoopiakaamerat kasutada. Sobib Androidi seadmetele alates versioonist 4.0 ja uuemad.<\/p>\n<p>&nbsp;<\/p>\n<p>Pange t\u00e4hele, et seade \u00fchendub ainult OTG-funktsiooniga nutitelefoniga.<\/p>\n<p><strong>\u00a0<\/strong><\/p>\n<p><strong>Endoskoopiakaamera LED-valgusega, 1 m pikkune<\/strong><\/p>\n<p>&nbsp;<\/p>\n<p>1 meetri pikkuse kaabliga endoskoopiakaamera v\u00f5imaldab vaadata raskesti ligip\u00e4\u00e4setavaid piirkondi. See seade on ideaalne ventilatsiooniluukide, torude jms uurimiseks. Ilma erivarustuseta v\u00f5ib see olla liiga keeruline, seega on endoskoopiakaamera kindlasti parim valik.<\/p>\n<p><strong>\u00a0<\/strong><\/p>\n<p><strong>Lihtne kasutada<\/strong><\/p>\n<p>Endoskoopiakaamerat on v\u00e4ga lihtne kasutada: \u00fchendage see oma nutitelefoniga ja pildistage huvipakkuvaid objekte. \u00dchemeetrise kaabli abil n\u00e4ete isegi raskesti ligip\u00e4\u00e4setavaid objekte. Seda seadet saab kasutada nii t\u00f6\u00f6l kui ka kodus: isegi kapi taha, k\u00fclmkapi taha ja mujale kukkunud asjad tuleb \u00fcles leida. LED-taustvalgustus tagab piisavalt hea pildikvaliteedi, nii et teil ei ole raskusi huvipakkuvate objektide n\u00e4gemisega.<\/p>\n<p><strong>\u00a0<\/strong><\/p>\n<p><strong>Vaata l\u00e4hemalt<\/strong><\/p>\n<p>Endoskoopiakambri valgustus on reguleeritav, nii et n\u00e4ete h\u00e4sti ka k\u00f5ige pimedamates nurkades.  Endoskoopiakaamerat saab kasutada mitte ainult kuivades, vaid ka suhteliselt niisketes ruumides (nt vannitoas). Endoskoopiakaamera on kaitstud niiskuse eest ja vastab standardile IP67.<\/p>\n<p><strong>\u00a0<\/strong><\/p>\n<p><strong>Kaamera ettevalmistamine<\/strong><\/p>\n<p>Laadige alla mobiilirakendus ja hakake kaamerat kasutama.  Oluline on teada, et see endoskoopiline kaamera sobib ainult nutitelefonidele, mis toetavad Androidi operatsioonis\u00fcsteemi (4.0 ja uuemad) ja OTG-funktsiooni.<\/p>\n<p><strong>\u00a0<\/strong><\/p>\n<p><strong>P\u00f5hilised tehnilised andmed:<\/strong><\/p>\n<ul>\n<li>Toetatud on USB 1.1 ja 2.0;<\/li>\n<li>foto resolutsioon: 640 \u00d7 480 px;<\/li>\n<li>Sondi m\u00f5\u00f5tmed: 35 x 7 x 1000 mm;<\/li>\n<li>valgustus: valgusdiood (LED) reguleeritava intensiivsusega;<\/li>\n<li>Objektiivi nurk: 62 kraadi;<\/li>\n<li>Toiteallikas: USB;<\/li>\n<li>t\u00f6\u00f6temperatuur: -20 kuni +60 kraadi Celsiuse j\u00e4rgi;<\/li>\n<li>Lisav\u00f5imalused: videosalvestus.<\/li>\n<\/ul>\n<p>&nbsp;<\/p>\n<p>Kui soovite n\u00e4ha objekte raskesti ligip\u00e4\u00e4setavates kohtades, on endoskoopiline kaamera parim valik. See ei aita teil mitte ainult leida puuduvaid objekte, vaid v\u00f5imaldab hinnata ka torude v\u00f5i ventilatsioonikaevude seisundit, mis muudab selle kaamera mitmek\u00fclgseks ja funktsionaalseks.<\/p>","protected":false},"excerpt":{"rendered":"<p>Salajane valvekaamera. FULL HD videokvaliteet. V\u00f5imalus teha fotosid. See kaamera on tagasihoidlik.<\/p>","protected":false},"featured_media":1561,"template":"","meta":[],"product_brand":[],"product_cat":[330,321],"product_tag":[466,325,23,328],"class_list":{"0":"post-1250","1":"product","2":"type-product","3":"status-publish","4":"has-post-thumbnail","6":"product_cat-masketas-kameras","7":"product_cat-sleptas-kameras","8":"product_tag-endoskopijas-kamera","9":"product_tag-izsekosanas-kamera","10":"product_tag-kamera","11":"product_tag-slepena-kamera","13":"first","14":"outofstock","15":"taxable","16":"shipping-taxable","17":"purchasable","18":"product-type-simple"},"yoast_head":"<!-- This site is optimized with the Yoast SEO plugin v27.5 - https:\/\/yoast.com\/product\/yoast-seo-wordpress\/ -->\n<title>Endoskopiska kamera ar LED apgaismojumu<\/title>\n<meta name=\"description\" content=\"Slepena videonov\u0113ro\u0161anas kamera. FULL HD video kvalit\u0101te. Iesp\u0113ja fotograf\u0113t. \u0160\u012b kamera ir neuzkr\u012bto\u0161a. izsekosanasierices.lv zemas cenas\" \/>\n<meta name=\"robots\" content=\"index, follow, max-snippet:-1, max-image-preview:large, max-video-preview:-1\" \/>\n<link rel=\"canonical\" href=\"https:\/\/izsekosanasierices.lv\/et\/produkts\/endoskoopiline-kaamera-koos-led-valgusega\/\" \/>\n<meta property=\"og:locale\" content=\"et_EE\" \/>\n<meta property=\"og:type\" content=\"article\" \/>\n<meta property=\"og:title\" content=\"Full HD kamera, kas mask\u0113ta atsl\u0113g\u0101 ( automa\u0161\u012bnas atsl\u0113ga )\" \/>\n<meta property=\"og:description\" content=\"Slepena film\u0113\u0161anas kamera, kas mask\u0113ta automa\u0161\u012bnas atsl\u0113g\u0101 (kulon\u0101) FULL HD video kvalit\u0101te. Iesp\u0113ja fotograf\u0113t. \u0160\u012b kamera ir neuzkr\u012bto\u0161a\" \/>\n<meta property=\"og:url\" content=\"https:\/\/izsekosanasierices.lv\/et\/produkts\/endoskoopiline-kaamera-koos-led-valgusega\/\" \/>\n<meta property=\"og:site_name\" content=\"Nr1 Izseko\u0161anas ier\u012bces gps izseko\u0161anas iek\u0101rtas, klaus\u012b\u0161an\u0101s iek\u0101rtas\" \/>\n<meta property=\"article:modified_time\" content=\"2025-11-19T13:38:33+00:00\" \/>\n<meta property=\"og:image\" content=\"https:\/\/izsekosanasierices.lv\/wp-content\/uploads\/izsekosanasierices.webp\" \/>\n<meta name=\"twitter:card\" content=\"summary_large_image\" \/>\n<meta name=\"twitter:title\" content=\"Full HD kamera, kas mask\u0113ta atsl\u0113g\u0101 ( automa\u0161\u012bnas atsl\u0113ga )\" \/>\n<meta name=\"twitter:description\" content=\"Slepena film\u0113\u0161anas kamera, kas mask\u0113ta automa\u0161\u012bnas atsl\u0113g\u0101 (kulon\u0101) FULL HD video kvalit\u0101te. Iesp\u0113ja fotograf\u0113t. \u0160\u012b kamera ir neuzkr\u012bto\u0161a\" \/>\n<meta name=\"twitter:label1\" content=\"Est. reading time\" \/>\n\t<meta name=\"twitter:data1\" content=\"3 minutit\" \/>\n<script type=\"application\/ld+json\" class=\"yoast-schema-graph\">{\"@context\":\"https:\\\/\\\/schema.org\",\"@graph\":[{\"@type\":\"WebPage\",\"@id\":\"https:\\\/\\\/izsekosanasierices.lv\\\/produkts\\\/endoskopiska-kamera-ar-led-apgaismojumu\\\/\",\"url\":\"https:\\\/\\\/izsekosanasierices.lv\\\/produkts\\\/endoskopiska-kamera-ar-led-apgaismojumu\\\/\",\"name\":\"Endoskopiska kamera ar LED apgaismojumu\",\"isPartOf\":{\"@id\":\"https:\\\/\\\/izsekosanasierices.lv\\\/#website\"},\"primaryImageOfPage\":{\"@id\":\"https:\\\/\\\/izsekosanasierices.lv\\\/produkts\\\/endoskopiska-kamera-ar-led-apgaismojumu\\\/#primaryimage\"},\"image\":{\"@id\":\"https:\\\/\\\/izsekosanasierices.lv\\\/produkts\\\/endoskopiska-kamera-ar-led-apgaismojumu\\\/#primaryimage\"},\"thumbnailUrl\":\"https:\\\/\\\/izsekosanasierices.lv\\\/wp-content\\\/uploads\\\/izsekosanasierices-endoskopine-kamera-1-metras-su-led-apsvietimu.jpg\",\"datePublished\":\"2023-10-05T15:37:11+00:00\",\"dateModified\":\"2025-11-19T13:38:33+00:00\",\"description\":\"Slepena videonov\u0113ro\u0161anas kamera. FULL HD video kvalit\u0101te. Iesp\u0113ja fotograf\u0113t. \u0160\u012b kamera ir neuzkr\u012bto\u0161a. izsekosanasierices.lv zemas cenas\",\"breadcrumb\":{\"@id\":\"https:\\\/\\\/izsekosanasierices.lv\\\/produkts\\\/endoskopiska-kamera-ar-led-apgaismojumu\\\/#breadcrumb\"},\"inLanguage\":\"et\",\"potentialAction\":[{\"@type\":\"ReadAction\",\"target\":[\"https:\\\/\\\/izsekosanasierices.lv\\\/produkts\\\/endoskopiska-kamera-ar-led-apgaismojumu\\\/\"]}]},{\"@type\":\"ImageObject\",\"inLanguage\":\"et\",\"@id\":\"https:\\\/\\\/izsekosanasierices.lv\\\/produkts\\\/endoskopiska-kamera-ar-led-apgaismojumu\\\/#primaryimage\",\"url\":\"https:\\\/\\\/izsekosanasierices.lv\\\/wp-content\\\/uploads\\\/izsekosanasierices-endoskopine-kamera-1-metras-su-led-apsvietimu.jpg\",\"contentUrl\":\"https:\\\/\\\/izsekosanasierices.lv\\\/wp-content\\\/uploads\\\/izsekosanasierices-endoskopine-kamera-1-metras-su-led-apsvietimu.jpg\",\"width\":739,\"height\":575,\"caption\":\"Endoskopin\u0117 kamera 1 metras su LED ap\u0161vietimu\"},{\"@type\":\"BreadcrumbList\",\"@id\":\"https:\\\/\\\/izsekosanasierices.lv\\\/produkts\\\/endoskopiska-kamera-ar-led-apgaismojumu\\\/#breadcrumb\",\"itemListElement\":[{\"@type\":\"ListItem\",\"position\":1,\"name\":\"S\u0101kums\",\"item\":\"https:\\\/\\\/izsekosanasierices.lv\\\/\"},{\"@type\":\"ListItem\",\"position\":2,\"name\":\"Veikals\",\"item\":\"https:\\\/\\\/izsekosanasierices.lv\\\/veikals\\\/\"},{\"@type\":\"ListItem\",\"position\":3,\"name\":\"Endoskopiska kamera ar LED apgaismojumu\"}]},{\"@type\":\"WebSite\",\"@id\":\"https:\\\/\\\/izsekosanasierices.lv\\\/#website\",\"url\":\"https:\\\/\\\/izsekosanasierices.lv\\\/\",\"name\":\"Nr1 Izseko\u0161anas ier\u012bces gps izseko\u0161anas iek\u0101rtas, klaus\u012b\u0161an\u0101s iek\u0101rtas\",\"description\":\"\",\"potentialAction\":[{\"@type\":\"SearchAction\",\"target\":{\"@type\":\"EntryPoint\",\"urlTemplate\":\"https:\\\/\\\/izsekosanasierices.lv\\\/?s={search_term_string}\"},\"query-input\":{\"@type\":\"PropertyValueSpecification\",\"valueRequired\":true,\"valueName\":\"search_term_string\"}}],\"inLanguage\":\"et\"}]}<\/script>\n<!-- \/ Yoast SEO plugin. -->","yoast_head_json":{"title":"Endoskopiska kamera ar LED apgaismojumu","description":"Slepena videonov\u0113ro\u0161anas kamera. FULL HD video kvalit\u0101te. Iesp\u0113ja fotograf\u0113t. \u0160\u012b kamera ir neuzkr\u012bto\u0161a. izsekosanasierices.lv zemas cenas","robots":{"index":"index","follow":"follow","max-snippet":"max-snippet:-1","max-image-preview":"max-image-preview:large","max-video-preview":"max-video-preview:-1"},"canonical":"https:\/\/izsekosanasierices.lv\/et\/produkts\/endoskoopiline-kaamera-koos-led-valgusega\/","og_locale":"et_EE","og_type":"article","og_title":"Full HD kamera, kas mask\u0113ta atsl\u0113g\u0101 ( automa\u0161\u012bnas atsl\u0113ga )","og_description":"Slepena film\u0113\u0161anas kamera, kas mask\u0113ta automa\u0161\u012bnas atsl\u0113g\u0101 (kulon\u0101) FULL HD video kvalit\u0101te. Iesp\u0113ja fotograf\u0113t. \u0160\u012b kamera ir neuzkr\u012bto\u0161a","og_url":"https:\/\/izsekosanasierices.lv\/et\/produkts\/endoskoopiline-kaamera-koos-led-valgusega\/","og_site_name":"Nr1 Izseko\u0161anas ier\u012bces gps izseko\u0161anas iek\u0101rtas, klaus\u012b\u0161an\u0101s iek\u0101rtas","article_modified_time":"2025-11-19T13:38:33+00:00","og_image":[{"url":"https:\/\/izsekosanasierices.lv\/wp-content\/uploads\/izsekosanasierices.webp","type":"","width":"","height":""}],"twitter_card":"summary_large_image","twitter_title":"Full HD kamera, kas mask\u0113ta atsl\u0113g\u0101 ( automa\u0161\u012bnas atsl\u0113ga )","twitter_description":"Slepena film\u0113\u0161anas kamera, kas mask\u0113ta automa\u0161\u012bnas atsl\u0113g\u0101 (kulon\u0101) FULL HD video kvalit\u0101te. Iesp\u0113ja fotograf\u0113t. \u0160\u012b kamera ir neuzkr\u012bto\u0161a","twitter_misc":{"Est. reading time":"3 minutit"},"schema":{"@context":"https:\/\/schema.org","@graph":[{"@type":"WebPage","@id":"https:\/\/izsekosanasierices.lv\/produkts\/endoskopiska-kamera-ar-led-apgaismojumu\/","url":"https:\/\/izsekosanasierices.lv\/produkts\/endoskopiska-kamera-ar-led-apgaismojumu\/","name":"Endoskopiska kamera ar LED apgaismojumu","isPartOf":{"@id":"https:\/\/izsekosanasierices.lv\/#website"},"primaryImageOfPage":{"@id":"https:\/\/izsekosanasierices.lv\/produkts\/endoskopiska-kamera-ar-led-apgaismojumu\/#primaryimage"},"image":{"@id":"https:\/\/izsekosanasierices.lv\/produkts\/endoskopiska-kamera-ar-led-apgaismojumu\/#primaryimage"},"thumbnailUrl":"https:\/\/izsekosanasierices.lv\/wp-content\/uploads\/izsekosanasierices-endoskopine-kamera-1-metras-su-led-apsvietimu.jpg","datePublished":"2023-10-05T15:37:11+00:00","dateModified":"2025-11-19T13:38:33+00:00","description":"Slepena videonov\u0113ro\u0161anas kamera. FULL HD video kvalit\u0101te. Iesp\u0113ja fotograf\u0113t. \u0160\u012b kamera ir neuzkr\u012bto\u0161a. izsekosanasierices.lv zemas cenas","breadcrumb":{"@id":"https:\/\/izsekosanasierices.lv\/produkts\/endoskopiska-kamera-ar-led-apgaismojumu\/#breadcrumb"},"inLanguage":"et","potentialAction":[{"@type":"ReadAction","target":["https:\/\/izsekosanasierices.lv\/produkts\/endoskopiska-kamera-ar-led-apgaismojumu\/"]}]},{"@type":"ImageObject","inLanguage":"et","@id":"https:\/\/izsekosanasierices.lv\/produkts\/endoskopiska-kamera-ar-led-apgaismojumu\/#primaryimage","url":"https:\/\/izsekosanasierices.lv\/wp-content\/uploads\/izsekosanasierices-endoskopine-kamera-1-metras-su-led-apsvietimu.jpg","contentUrl":"https:\/\/izsekosanasierices.lv\/wp-content\/uploads\/izsekosanasierices-endoskopine-kamera-1-metras-su-led-apsvietimu.jpg","width":739,"height":575,"caption":"Endoskopin\u0117 kamera 1 metras su LED ap\u0161vietimu"},{"@type":"BreadcrumbList","@id":"https:\/\/izsekosanasierices.lv\/produkts\/endoskopiska-kamera-ar-led-apgaismojumu\/#breadcrumb","itemListElement":[{"@type":"ListItem","position":1,"name":"S\u0101kums","item":"https:\/\/izsekosanasierices.lv\/"},{"@type":"ListItem","position":2,"name":"Veikals","item":"https:\/\/izsekosanasierices.lv\/veikals\/"},{"@type":"ListItem","position":3,"name":"Endoskopiska kamera ar LED apgaismojumu"}]},{"@type":"WebSite","@id":"https:\/\/izsekosanasierices.lv\/#website","url":"https:\/\/izsekosanasierices.lv\/","name":"Nr1 Izseko\u0161anas ier\u012bces gps izseko\u0161anas iek\u0101rtas, klaus\u012b\u0161an\u0101s iek\u0101rtas","description":"","potentialAction":[{"@type":"SearchAction","target":{"@type":"EntryPoint","urlTemplate":"https:\/\/izsekosanasierices.lv\/?s={search_term_string}"},"query-input":{"@type":"PropertyValueSpecification","valueRequired":true,"valueName":"search_term_string"}}],"inLanguage":"et"}]}},"_links":{"self":[{"href":"https:\/\/izsekosanasierices.lv\/et\/wp-json\/wp\/v2\/product\/1250","targetHints":{"allow":["GET"]}}],"collection":[{"href":"https:\/\/izsekosanasierices.lv\/et\/wp-json\/wp\/v2\/product"}],"about":[{"href":"https:\/\/izsekosanasierices.lv\/et\/wp-json\/wp\/v2\/types\/product"}],"wp:featuredmedia":[{"embeddable":true,"href":"https:\/\/izsekosanasierices.lv\/et\/wp-json\/wp\/v2\/media\/1561"}],"wp:attachment":[{"href":"https:\/\/izsekosanasierices.lv\/et\/wp-json\/wp\/v2\/media?parent=1250"}],"wp:term":[{"taxonomy":"product_brand","embeddable":true,"href":"https:\/\/izsekosanasierices.lv\/et\/wp-json\/wp\/v2\/product_brand?post=1250"},{"taxonomy":"product_cat","embeddable":true,"href":"https:\/\/izsekosanasierices.lv\/et\/wp-json\/wp\/v2\/product_cat?post=1250"},{"taxonomy":"product_tag","embeddable":true,"href":"https:\/\/izsekosanasierices.lv\/et\/wp-json\/wp\/v2\/product_tag?post=1250"}],"curies":[{"name":"wp","href":"https:\/\/api.w.org\/{rel}","templated":true}]}}