{"id":1251,"date":"2023-10-05T15:37:11","date_gmt":"2023-10-05T15:37:11","guid":{"rendered":"https:\/\/izsekosanasierices.lv\/produktas\/gps-seklys-i-obd-jungti-nereikia-jungti-prie-akumuliatoriaus\/"},"modified":"2026-03-28T19:05:31","modified_gmt":"2026-03-28T17:05:31","slug":"gps-izsekosanas-iekarta-ar-obd-savienojumu-to-nav-nepieciesams-savienot-ar-akumulatoru","status":"publish","type":"product","link":"https:\/\/izsekosanasierices.lv\/et\/produkts\/gps-jalgimise-pardal-obd-uhendus-see-ei-ole-voimatu-uhendada-seda-aku\/","title":{"rendered":"OBD-\u00fchendusega GPS-seirer, ei vaja aku\u00fchendust"},"content":{"rendered":"<h3>TASUTA SIM-kaart koos internetiga<\/h3>\n<h3><strong>Tehnilised parameetrid:<\/strong><\/h3>\n<ul>\n<li>T\u00f6\u00f6temperatuur: -30 C - +65 C<\/li>\n<li>GPS-moodul: U-blox<\/li>\n<li>GSM\/GPRS-moodul:<\/li>\n<li>Aku: liitium-ioon aku<\/li>\n<li>T\u00f6\u00f6aeg: piiramatu (laadimine OBD-pistiku kaudu)<\/li>\n<li>Tundlikkus: -159 dBm<\/li>\n<li>Koordinaatide viga: maksimaalselt 5-7 meetrit<\/li>\n<li>Kaal: 20gr<\/li>\n<li>Tasuta veebip\u00f5hine seire<\/li>\n<li>Tasuta j\u00e4lgimisrakendus (mobiilirakendus)<\/li>\n<li>Kiirushoiatus: jah<\/li>\n<li>Liikumisandur: jah<\/li>\n<li>Vibratsiooniandur: jah<\/li>\n<\/ul>\n<p>&nbsp;<\/p>\n<p><strong>Sisaldab:<\/strong><\/p>\n<ul>\n<li>GPS-j\u00e4lgimisseade;<\/li>\n<li>juhised;<\/li>\n<li>konto sisselogimine (kasutajanimi + parool)<\/li>\n<li><strong>Garantii 12 kuud.<\/strong><\/li>\n<\/ul>\n<p>&nbsp;<\/p>\n<p><strong>Vajad kiiret sama p\u00e4eva (ja n\u00e4dalavahetuse) kohaletoimetamist? Helistage +37<\/strong><strong>120484176<\/strong><strong>!<\/strong><\/p>\n<h3>Kasutamine: teie auto ja asjade ohutuse tagamiseks.<\/h3>\n<p>Seda GPS-seiret on lihtne kasutada, sest selle \u00fchendamiseks ei ole vaja lisajuhtmeid. Sisestage GPS-seiretseade OBD-l\u00fclitisse ja see on valmis.<\/p>\n<p><strong>OBD-pistmikuga GPS-j\u00e4lgimisseade<\/strong><\/p>\n<p>OBD-\u00fchendusega GPS-seade on mugav ja usaldusv\u00e4\u00e4rne seade, mis aitab teil leida oma auto koordinaadid. Lihtsalt \u00fchendage see OBD-pistikusse, sest see on lihtsalt nii mugav ja lihtne kasutada. Autode GPS-j\u00e4lgimisseadmetel on palju erinevaid rakendusi: need on kasulikud selleks, et j\u00e4lgida, kas t\u00f6\u00f6tajad kasutavad oma s\u00f5idukeid eesm\u00e4rgip\u00e4raselt, j\u00e4lgida, kas juhid \u00fcletavad kiirust jne. Need seadmed aitavad kaitsta ka varaste eest: kui teie s\u00f5iduk varastatakse, saate selle h\u00f5lpsasti \u00fcles leida, mis teeb varga j\u00e4litamise palju lihtsamaks. GPS-seirerija hajutab k\u00f5ik kahtlused, miks see seade v\u00f5ib olla just see, mida te vajate.<\/p>\n<p><strong>Usaldusv\u00e4\u00e4rne lahendus<\/strong><\/p>\n<p>See GPS-seireseade on kahtlemata \u00fcks k\u00f5ige kuluefektiivsemaid valikuid, kui soovite j\u00e4lgida teatud objekte ja m\u00e4\u00e4rata nende koordinaadid. Selle eeliseks on usaldusv\u00e4\u00e4rsus ja odavus - saate kogu vajaliku teabe ilma suuri investeeringuid tegemata ning saate seda kasutada mitmesuguste rakenduste jaoks. Seda on v\u00e4ga lihtne kasutada - piisab, kui sisestate selle OBD-pistikusse ja peagi saate j\u00e4lgida objekti asukoha muutusi. Teised autode j\u00e4lgimisseadmed tuleb tavaliselt \u00fchendada akuga, mis v\u00f5ib p\u00f5hjustada m\u00f5ningaid ebamugavusi, kuid see autode j\u00e4lgimisseade \u00fchendatakse OBD-pistikusse, mis muudab selle kasutamise palju lihtsamaks.<\/p>\n<p><strong>GPS-seireseadme peamised tehnilised omadused: <\/strong><\/p>\n<ul>\n<li>GPS-seireseadme t\u00f6\u00f6temperatuuri vahemik on -20 C kuni +65 kraadi Celsiuse j\u00e4rgi, seega v\u00f5ite olla kindel, et see t\u00f6\u00f6tab t\u00f5rgeteta, olenemata temperatuurist;<\/li>\n<li>Seadme sissel\u00fclitumise kiirus s\u00f5ltub seadme temperatuurist: kui GPS-seirer on k\u00fclm, l\u00fclitub see sisse 45 sekundiga, kui see on soe, siis 35 sekundiga ja kui see on kuum, siis vaid \u00fche sekundiga;<\/li>\n<li>GPS-seirer kasutab liitium-ioonakut ja toetab U-blox GPS-moodulit;<\/li>\n<li>GPS-j\u00e4lgimisseadme eluiga GSM-re\u017eiimis on kuni 240 p\u00e4eva;<\/li>\n<li>tundlikkus - 159 dBm;<\/li>\n<li>GPS-seireseadme abil on j\u00e4lgitavate objektide asukoha m\u00e4\u00e4ramine v\u00e4ga t\u00e4pne, koordinaatide viga on v\u00e4hem kui 5-7 meetrit;<\/li>\n<li>seade on v\u00e4ga kompaktne ja kerge, kaaludes vaid 20 grammi;<\/li>\n<li>Selle GPS-j\u00e4lgimisseadmega saate tasuta j\u00e4lgida objektide suunda ja koordinaate internetis. Samuti saate alla laadida mobiilirakenduse, mis v\u00f5imaldab teil objekte nutitelefoni abil j\u00e4lgida;<\/li>\n<li>GPS-j\u00e4lgimisseade hoiatab teid kiiruse \u00fcletamise eest, nii et kui see teave on asjakohane, aitab see j\u00e4lgida teie kiiruse muutusi;<\/li>\n<li>seadmel on ka lisafunktsioone, n\u00e4iteks liikumis- ja vibratsioonisensor. Need v\u00f5imalused aitavad s\u00e4\u00e4sta akut, sest teave edastatakse ainult siis, kui objekt hakkab liikuma. Seni, kuni midagi ei toimu, on seade ootere\u017eiimis.<\/li>\n<\/ul>\n<p><strong>\u00a0<\/strong><\/p>\n<p><strong>GPS j\u00e4lgimise komplekt<\/strong><\/p>\n<p>Kui ostate selle seadme, saate GPS-seireseadme, kasutusjuhendi LV ja sisselogimise oma kasutaja profiili (kasutajanimi ja parool). Saate oma profiili sisse logida ja objekti asukohta ja liikumissuunda tasuta j\u00e4lgida.<\/p>\n<p>Kui soovite ennetada autovargusi v\u00f5i j\u00e4lgida ettev\u00f5tte s\u00f5idukite kasutamist, siis on auto GPS-seire seade just see, mida vajate. V\u00f5ite olla kindel, et see seade aitab teil oma autosid kiiresti ja t\u00e4pselt leida. Seda saate teha lihtsalt arvuti v\u00f5i nutitelefoni abil. Selle seadme abil on palju lihtsam j\u00e4lgida oma s\u00f5idukite liikumist ja asukohta, seega ei raiska te GPS-seireseadme valimisega raha raisku.<\/p>","protected":false},"excerpt":{"rendered":"<p>GPS-seireseade sisestatakse OBD-pistikusse. Seda ei ole vaja akuga \u00fchendada - GPS-seireseade t\u00f6\u00f6tab juba siis, kui te selle \u00fchendate. Tasuta veebip\u00f5hine j\u00e4lgimisserver<\/p>","protected":false},"featured_media":1564,"template":"","meta":[],"product_brand":[],"product_cat":[357],"product_tag":[370,371,372,373,374],"class_list":{"0":"post-1251","1":"product","2":"type-product","3":"status-publish","4":"has-post-thumbnail","6":"product_cat-gps-izsekosanas-ierice","7":"product_tag-automasinas-gps-izsekotajs","8":"product_tag-gps-izsekosanas-iekartas","9":"product_tag-gps-izsekotajs","10":"product_tag-gps-izsekotajs-ar-magnetu","11":"product_tag-gps-izsekotajs-automasinai","13":"first","14":"instock","15":"sale","16":"taxable","17":"shipping-taxable","18":"purchasable","19":"product-type-simple"},"yoast_head":"<!-- This site is optimized with the Yoast SEO plugin v27.5 - https:\/\/yoast.com\/product\/yoast-seo-wordpress\/ -->\n<title>GPS izseko\u0161anas iek\u0101rta OBD - izsekosanasierices.lv<\/title>\n<meta name=\"description\" content=\"GPS izseko\u0161anas iek\u0101rta tiek ievietota OBD savienot\u0101j\u0101 To nav nepiecie\u0161ams piesl\u0113gt akumulatoram GPS izseko\u0161anas iek\u0101rta jau darbojas l\u012bdzko to pievienojat\" \/>\n<meta name=\"robots\" content=\"index, follow, max-snippet:-1, max-image-preview:large, max-video-preview:-1\" \/>\n<link rel=\"canonical\" href=\"https:\/\/izsekosanasierices.lv\/et\/produkts\/gps-jalgimise-pardal-obd-uhendus-see-ei-ole-voimatu-uhendada-seda-aku\/\" \/>\n<meta property=\"og:locale\" content=\"et_EE\" \/>\n<meta property=\"og:type\" content=\"article\" \/>\n<meta property=\"og:title\" content=\"Autom\u0101tiskais GPS izsekot\u0101js OBD savienojumam - nav nepiecie\u0161ams piesl\u0113gt akumulatoram\" \/>\n<meta property=\"og:description\" content=\"GPS izsekot\u0101js tiek ievietots OBD savienot\u0101j\u0101. Nav nepiecie\u0161ams piesl\u0113gt akumulatoram - GPS izsekot\u0101js jau darbojas, kad to ievietojat. Bezmaksas tie\u0161saistes izseko\u0161anas serveris\" \/>\n<meta property=\"og:url\" content=\"https:\/\/izsekosanasierices.lv\/et\/produkts\/gps-jalgimise-pardal-obd-uhendus-see-ei-ole-voimatu-uhendada-seda-aku\/\" \/>\n<meta property=\"og:site_name\" content=\"Nr1 Izseko\u0161anas ier\u012bces gps izseko\u0161anas iek\u0101rtas, klaus\u012b\u0161an\u0101s iek\u0101rtas\" \/>\n<meta property=\"article:modified_time\" content=\"2026-03-28T17:05:31+00:00\" \/>\n<meta property=\"og:image\" content=\"https:\/\/izsekosanasierices.lv\/wp-content\/uploads\/izsekosanasierices.webp\" \/>\n<meta name=\"twitter:card\" content=\"summary_large_image\" \/>\n<meta name=\"twitter:title\" content=\"Autom\u0101tiskais GPS izsekot\u0101js OBD savienojumam - nav nepiecie\u0161ams piesl\u0113gt akumulatoram\" \/>\n<meta name=\"twitter:description\" content=\"GPS izsekot\u0101js tiek ievietots OBD savienot\u0101j\u0101. Nav nepiecie\u0161ams piesl\u0113gt akumulatoram - GPS izsekot\u0101js jau darbojas, kad to ievietojat. Bezmaksas tie\u0161saistes izseko\u0161anas serveris\" \/>\n<meta name=\"twitter:label1\" content=\"Est. reading time\" \/>\n\t<meta name=\"twitter:data1\" content=\"4 minutit\" \/>\n<script type=\"application\/ld+json\" class=\"yoast-schema-graph\">{\"@context\":\"https:\\\/\\\/schema.org\",\"@graph\":[{\"@type\":\"WebPage\",\"@id\":\"https:\\\/\\\/izsekosanasierices.lv\\\/produkts\\\/gps-izsekosanas-iekarta-ar-obd-savienojumu-to-nav-nepieciesams-savienot-ar-akumulatoru\\\/\",\"url\":\"https:\\\/\\\/izsekosanasierices.lv\\\/produkts\\\/gps-izsekosanas-iekarta-ar-obd-savienojumu-to-nav-nepieciesams-savienot-ar-akumulatoru\\\/\",\"name\":\"GPS izseko\u0161anas iek\u0101rta OBD - izsekosanasierices.lv\",\"isPartOf\":{\"@id\":\"https:\\\/\\\/izsekosanasierices.lv\\\/#website\"},\"primaryImageOfPage\":{\"@id\":\"https:\\\/\\\/izsekosanasierices.lv\\\/produkts\\\/gps-izsekosanas-iekarta-ar-obd-savienojumu-to-nav-nepieciesams-savienot-ar-akumulatoru\\\/#primaryimage\"},\"image\":{\"@id\":\"https:\\\/\\\/izsekosanasierices.lv\\\/produkts\\\/gps-izsekosanas-iekarta-ar-obd-savienojumu-to-nav-nepieciesams-savienot-ar-akumulatoru\\\/#primaryimage\"},\"thumbnailUrl\":\"https:\\\/\\\/izsekosanasierices.lv\\\/wp-content\\\/uploads\\\/izsekosanasierices-naujiena-gps-seklys-dedamas-i-obd-jungti.jpg\",\"datePublished\":\"2023-10-05T15:37:11+00:00\",\"dateModified\":\"2026-03-28T17:05:31+00:00\",\"description\":\"GPS izseko\u0161anas iek\u0101rta tiek ievietota OBD savienot\u0101j\u0101 To nav nepiecie\u0161ams piesl\u0113gt akumulatoram GPS izseko\u0161anas iek\u0101rta jau darbojas l\u012bdzko to pievienojat\",\"breadcrumb\":{\"@id\":\"https:\\\/\\\/izsekosanasierices.lv\\\/produkts\\\/gps-izsekosanas-iekarta-ar-obd-savienojumu-to-nav-nepieciesams-savienot-ar-akumulatoru\\\/#breadcrumb\"},\"inLanguage\":\"et\",\"potentialAction\":[{\"@type\":\"ReadAction\",\"target\":[\"https:\\\/\\\/izsekosanasierices.lv\\\/produkts\\\/gps-izsekosanas-iekarta-ar-obd-savienojumu-to-nav-nepieciesams-savienot-ar-akumulatoru\\\/\"]}]},{\"@type\":\"ImageObject\",\"inLanguage\":\"et\",\"@id\":\"https:\\\/\\\/izsekosanasierices.lv\\\/produkts\\\/gps-izsekosanas-iekarta-ar-obd-savienojumu-to-nav-nepieciesams-savienot-ar-akumulatoru\\\/#primaryimage\",\"url\":\"https:\\\/\\\/izsekosanasierices.lv\\\/wp-content\\\/uploads\\\/izsekosanasierices-naujiena-gps-seklys-dedamas-i-obd-jungti.jpg\",\"contentUrl\":\"https:\\\/\\\/izsekosanasierices.lv\\\/wp-content\\\/uploads\\\/izsekosanasierices-naujiena-gps-seklys-dedamas-i-obd-jungti.jpg\",\"width\":370,\"height\":373,\"caption\":\"Gps seklys i BOD jungt\u012f\"},{\"@type\":\"BreadcrumbList\",\"@id\":\"https:\\\/\\\/izsekosanasierices.lv\\\/produkts\\\/gps-izsekosanas-iekarta-ar-obd-savienojumu-to-nav-nepieciesams-savienot-ar-akumulatoru\\\/#breadcrumb\",\"itemListElement\":[{\"@type\":\"ListItem\",\"position\":1,\"name\":\"S\u0101kums\",\"item\":\"https:\\\/\\\/izsekosanasierices.lv\\\/\"},{\"@type\":\"ListItem\",\"position\":2,\"name\":\"Veikals\",\"item\":\"https:\\\/\\\/izsekosanasierices.lv\\\/veikals\\\/\"},{\"@type\":\"ListItem\",\"position\":3,\"name\":\"GPS izseko\u0161anas iek\u0101rta ar OBD savienojumu, to nav nepiecie\u0161ams savienot ar akumulatoru\"}]},{\"@type\":\"WebSite\",\"@id\":\"https:\\\/\\\/izsekosanasierices.lv\\\/#website\",\"url\":\"https:\\\/\\\/izsekosanasierices.lv\\\/\",\"name\":\"Nr1 Izseko\u0161anas ier\u012bces gps izseko\u0161anas iek\u0101rtas, klaus\u012b\u0161an\u0101s iek\u0101rtas\",\"description\":\"\",\"potentialAction\":[{\"@type\":\"SearchAction\",\"target\":{\"@type\":\"EntryPoint\",\"urlTemplate\":\"https:\\\/\\\/izsekosanasierices.lv\\\/?s={search_term_string}\"},\"query-input\":{\"@type\":\"PropertyValueSpecification\",\"valueRequired\":true,\"valueName\":\"search_term_string\"}}],\"inLanguage\":\"et\"}]}<\/script>\n<!-- \/ Yoast SEO plugin. -->","yoast_head_json":{"title":"GPS izseko\u0161anas iek\u0101rta OBD - izsekosanasierices.lv","description":"GPS izseko\u0161anas iek\u0101rta tiek ievietota OBD savienot\u0101j\u0101 To nav nepiecie\u0161ams piesl\u0113gt akumulatoram GPS izseko\u0161anas iek\u0101rta jau darbojas l\u012bdzko to pievienojat","robots":{"index":"index","follow":"follow","max-snippet":"max-snippet:-1","max-image-preview":"max-image-preview:large","max-video-preview":"max-video-preview:-1"},"canonical":"https:\/\/izsekosanasierices.lv\/et\/produkts\/gps-jalgimise-pardal-obd-uhendus-see-ei-ole-voimatu-uhendada-seda-aku\/","og_locale":"et_EE","og_type":"article","og_title":"Autom\u0101tiskais GPS izsekot\u0101js OBD savienojumam - nav nepiecie\u0161ams piesl\u0113gt akumulatoram","og_description":"GPS izsekot\u0101js tiek ievietots OBD savienot\u0101j\u0101. Nav nepiecie\u0161ams piesl\u0113gt akumulatoram - GPS izsekot\u0101js jau darbojas, kad to ievietojat. Bezmaksas tie\u0161saistes izseko\u0161anas serveris","og_url":"https:\/\/izsekosanasierices.lv\/et\/produkts\/gps-jalgimise-pardal-obd-uhendus-see-ei-ole-voimatu-uhendada-seda-aku\/","og_site_name":"Nr1 Izseko\u0161anas ier\u012bces gps izseko\u0161anas iek\u0101rtas, klaus\u012b\u0161an\u0101s iek\u0101rtas","article_modified_time":"2026-03-28T17:05:31+00:00","og_image":[{"url":"https:\/\/izsekosanasierices.lv\/wp-content\/uploads\/izsekosanasierices.webp","type":"","width":"","height":""}],"twitter_card":"summary_large_image","twitter_title":"Autom\u0101tiskais GPS izsekot\u0101js OBD savienojumam - nav nepiecie\u0161ams piesl\u0113gt akumulatoram","twitter_description":"GPS izsekot\u0101js tiek ievietots OBD savienot\u0101j\u0101. Nav nepiecie\u0161ams piesl\u0113gt akumulatoram - GPS izsekot\u0101js jau darbojas, kad to ievietojat. Bezmaksas tie\u0161saistes izseko\u0161anas serveris","twitter_misc":{"Est. reading time":"4 minutit"},"schema":{"@context":"https:\/\/schema.org","@graph":[{"@type":"WebPage","@id":"https:\/\/izsekosanasierices.lv\/produkts\/gps-izsekosanas-iekarta-ar-obd-savienojumu-to-nav-nepieciesams-savienot-ar-akumulatoru\/","url":"https:\/\/izsekosanasierices.lv\/produkts\/gps-izsekosanas-iekarta-ar-obd-savienojumu-to-nav-nepieciesams-savienot-ar-akumulatoru\/","name":"GPS izseko\u0161anas iek\u0101rta OBD - izsekosanasierices.lv","isPartOf":{"@id":"https:\/\/izsekosanasierices.lv\/#website"},"primaryImageOfPage":{"@id":"https:\/\/izsekosanasierices.lv\/produkts\/gps-izsekosanas-iekarta-ar-obd-savienojumu-to-nav-nepieciesams-savienot-ar-akumulatoru\/#primaryimage"},"image":{"@id":"https:\/\/izsekosanasierices.lv\/produkts\/gps-izsekosanas-iekarta-ar-obd-savienojumu-to-nav-nepieciesams-savienot-ar-akumulatoru\/#primaryimage"},"thumbnailUrl":"https:\/\/izsekosanasierices.lv\/wp-content\/uploads\/izsekosanasierices-naujiena-gps-seklys-dedamas-i-obd-jungti.jpg","datePublished":"2023-10-05T15:37:11+00:00","dateModified":"2026-03-28T17:05:31+00:00","description":"GPS izseko\u0161anas iek\u0101rta tiek ievietota OBD savienot\u0101j\u0101 To nav nepiecie\u0161ams piesl\u0113gt akumulatoram GPS izseko\u0161anas iek\u0101rta jau darbojas l\u012bdzko to pievienojat","breadcrumb":{"@id":"https:\/\/izsekosanasierices.lv\/produkts\/gps-izsekosanas-iekarta-ar-obd-savienojumu-to-nav-nepieciesams-savienot-ar-akumulatoru\/#breadcrumb"},"inLanguage":"et","potentialAction":[{"@type":"ReadAction","target":["https:\/\/izsekosanasierices.lv\/produkts\/gps-izsekosanas-iekarta-ar-obd-savienojumu-to-nav-nepieciesams-savienot-ar-akumulatoru\/"]}]},{"@type":"ImageObject","inLanguage":"et","@id":"https:\/\/izsekosanasierices.lv\/produkts\/gps-izsekosanas-iekarta-ar-obd-savienojumu-to-nav-nepieciesams-savienot-ar-akumulatoru\/#primaryimage","url":"https:\/\/izsekosanasierices.lv\/wp-content\/uploads\/izsekosanasierices-naujiena-gps-seklys-dedamas-i-obd-jungti.jpg","contentUrl":"https:\/\/izsekosanasierices.lv\/wp-content\/uploads\/izsekosanasierices-naujiena-gps-seklys-dedamas-i-obd-jungti.jpg","width":370,"height":373,"caption":"Gps seklys i BOD jungt\u012f"},{"@type":"BreadcrumbList","@id":"https:\/\/izsekosanasierices.lv\/produkts\/gps-izsekosanas-iekarta-ar-obd-savienojumu-to-nav-nepieciesams-savienot-ar-akumulatoru\/#breadcrumb","itemListElement":[{"@type":"ListItem","position":1,"name":"S\u0101kums","item":"https:\/\/izsekosanasierices.lv\/"},{"@type":"ListItem","position":2,"name":"Veikals","item":"https:\/\/izsekosanasierices.lv\/veikals\/"},{"@type":"ListItem","position":3,"name":"GPS izseko\u0161anas iek\u0101rta ar OBD savienojumu, to nav nepiecie\u0161ams savienot ar akumulatoru"}]},{"@type":"WebSite","@id":"https:\/\/izsekosanasierices.lv\/#website","url":"https:\/\/izsekosanasierices.lv\/","name":"Nr1 Izseko\u0161anas ier\u012bces gps izseko\u0161anas iek\u0101rtas, klaus\u012b\u0161an\u0101s iek\u0101rtas","description":"","potentialAction":[{"@type":"SearchAction","target":{"@type":"EntryPoint","urlTemplate":"https:\/\/izsekosanasierices.lv\/?s={search_term_string}"},"query-input":{"@type":"PropertyValueSpecification","valueRequired":true,"valueName":"search_term_string"}}],"inLanguage":"et"}]}},"_links":{"self":[{"href":"https:\/\/izsekosanasierices.lv\/et\/wp-json\/wp\/v2\/product\/1251","targetHints":{"allow":["GET"]}}],"collection":[{"href":"https:\/\/izsekosanasierices.lv\/et\/wp-json\/wp\/v2\/product"}],"about":[{"href":"https:\/\/izsekosanasierices.lv\/et\/wp-json\/wp\/v2\/types\/product"}],"wp:featuredmedia":[{"embeddable":true,"href":"https:\/\/izsekosanasierices.lv\/et\/wp-json\/wp\/v2\/media\/1564"}],"wp:attachment":[{"href":"https:\/\/izsekosanasierices.lv\/et\/wp-json\/wp\/v2\/media?parent=1251"}],"wp:term":[{"taxonomy":"product_brand","embeddable":true,"href":"https:\/\/izsekosanasierices.lv\/et\/wp-json\/wp\/v2\/product_brand?post=1251"},{"taxonomy":"product_cat","embeddable":true,"href":"https:\/\/izsekosanasierices.lv\/et\/wp-json\/wp\/v2\/product_cat?post=1251"},{"taxonomy":"product_tag","embeddable":true,"href":"https:\/\/izsekosanasierices.lv\/et\/wp-json\/wp\/v2\/product_tag?post=1251"}],"curies":[{"name":"wp","href":"https:\/\/api.w.org\/{rel}","templated":true}]}}