{"id":1252,"date":"2023-10-05T15:37:11","date_gmt":"2023-10-05T15:37:11","guid":{"rendered":"https:\/\/izsekosanasierices.lv\/produktas\/gps-seklys-pajungiamas-nuo-akumuliatoriaus-auto-moto-furoms\/"},"modified":"2026-03-10T22:35:59","modified_gmt":"2026-03-10T20:35:59","slug":"gps-izsekosanas-ierice-kas-piesledzama-auto-moto-kravas-auto-akumulatoram","status":"publish","type":"product","link":"https:\/\/izsekosanasierices.lv\/et\/produkts\/gps-jalgimisfunktsioon-mis-tuleb-kinnitada-auto-mootorratta-veoauto-aku-kulge\/","title":{"rendered":"GPS j\u00e4lgimisseade, mis \u00fchendatakse auto\/moto\/veoauto akuga"},"content":{"rendered":"<p><strong>Tehnilised parameetrid:<\/strong><\/p>\n<ul>\n<li>T\u00f6\u00f6temperatuur: -30 C - +65 C<\/li>\n<li>Varguskaitse: teade, kui GPS-seireseadme \u00fchendus on katkestatud (\u00fchendus lukustatud).<\/li>\n<li>Euroopa server (mitte Hiina): ei mingeid h\u00e4ireid AINULT MEIEGA TASUTA<\/li>\n<li>Rakenduse teated, kui objekt on teisaldatud<\/li>\n<li>GPS-moodul: U-blox<\/li>\n<li>GSM\/GPRS-moodul:<\/li>\n<li>Aku: liitium-ioon (3,7 V 180 mAh)<\/li>\n<li>Tundlikkus: -159 dBm<\/li>\n<li>Koordinaatide viga: mitte rohkem kui 5 meetrit<\/li>\n<li>M\u00f5\u00f5tmed: 77 mm x 27 mm x 15 mm<\/li>\n<li>Kaal: 40 g<\/li>\n<li>Tasuta veebip\u00f5hine seire<\/li>\n<li>Tasuta j\u00e4lgimisrakendus (mobiilirakendus) Android (Play Market) , iPhone (App Store), Huawei (AppGallery)<\/li>\n<li>Kiirushoiatus: jah<\/li>\n<li>Liikumisandur: jah<\/li>\n<li>Vibratsiooniandur: jah<\/li>\n<\/ul>\n<p><strong>Sisaldab:<\/strong><\/p>\n<ul>\n<li>GPS-j\u00e4lgimisseade;<\/li>\n<li>\u00fchenduskaablid;<\/li>\n<li>juhised<\/li>\n<li>Logi sisse oma profiili (kasutajanimi + parool)<\/li>\n<li><strong>Garantii 12 kuud.<\/strong><\/li>\n<\/ul>\n<p><span style=\"color: #ff0000;\"><strong>Vajad kiiret sama p\u00e4eva (ja n\u00e4dalavahetuse) kohaletoimetamist? Helistage +37<\/strong><strong>120484176<\/strong><\/span><\/p>\n<h3>Kasutamine: teie auto ja asjade ohutuse tagamiseks.<\/h3>\n<p><strong>Kui kasutate seda GPS-SEADET, saate teate (kui vargad \u00fcritavad \u00fchendust blokeerida) - rakenduses ilmub teade.\u00a0<\/strong><\/p>\n<p><strong>GPS-j\u00e4lgimisseade on akutoitega<\/strong><\/p>\n<p>On palju erinevaid olukordi, kus teil v\u00f5ib olla vaja j\u00e4lgida oma abikaasa, laste v\u00f5i t\u00f6\u00f6tajate autosid, seega v\u00f5ib akutoitega GPS-seirer olla v\u00e4ga hea valik. Seda on v\u00e4ga lihtne \u00fchendada ja auto asukoha j\u00e4lgimisega saab alustada hetkega. See seade v\u00f5ib olla kasulik, kui soovite teada saada, milliseid kohti teatud inimesed k\u00fclastavad, v\u00f5i kui soovite lihtsalt veenduda, et firma autot kasutatakse ainult t\u00f6\u00f6 eesm\u00e4rgil.<\/p>\n<p><strong>Online seire<\/strong><\/p>\n<p>Kui soovite igal ajal teada, kus teie j\u00e4lgitav auto on, saate lihtsalt mobiilirakendusse sisse logida ja saada vajalikku teavet (tasuta veebip\u00f5hine j\u00e4lgimine). Praktiliselt on sellel GPS-seireseadmel ka liikumis- ja vibratsioonisensorid ning see v\u00f5ib teid hoiatada, kui te \u00fcletate kiirust.<\/p>\n<p><strong>T\u00e4pne asukoht<\/strong><\/p>\n<p>GPS-j\u00e4lgimisseadmetelt oodatakse alati v\u00f5imalikult t\u00e4pset asukoha m\u00e4\u00e4ramist, seega v\u00f5ib see seade olla t\u00f5esti hea valik. Kuna veamarginaal on alla 5 meetri, v\u00f5ite olla kindel, et saate t\u00f5eliselt t\u00e4pseid andmeid.<\/p>\n<p><strong>Lihtne paigaldada<\/strong><\/p>\n<p>Akutoitega GPS-seiret on v\u00e4ga kiire ja lihtne seadistada, nii et seda on v\u00e4ga lihtne kasutada. Seadistamine ei v\u00f5ta rohkem kui paar minutit ja kui olete rakendusega \u00fchendatud, saate alustada auto asukoha j\u00e4lgimist. Seade on v\u00e4ga v\u00e4ike ja kerge (110 mm x 75 mm x 45 mm, 40 g) ning selle t\u00f6\u00f6temperatuurivahemik on -20 C kuni +65 C.<\/p>\n<p><strong>Kvaliteet parima hinnaga<\/strong><\/p>\n<p>Autoakuga \u00fchendatav GPS-seirer on kvaliteetne ja vastupidav, nii et v\u00f5ite olla kindel, et kasutate seda pikka aega. Selle seadme hind on taskukohane, nii et paljud inimesed saavad selle GPS-j\u00e4lgimisseadme ostmist endale lubada. Sellel peidetud j\u00e4lgimisseadmel on garantii, nii et v\u00f5ite olla kindel, et GPS-j\u00e4lgimisseadme ostmine ei l\u00e4he teile lisakulu.<\/p>\n<p><strong>Kaasa arvatud seadmed<\/strong><\/p>\n<p>GPS-seirer, \u00fchenduskaablid, keelekohased juhised ja sisselogimine j\u00e4lgimisprofiili (kasutajanimi ja parool) on kaasas.<\/p>","protected":false},"excerpt":{"rendered":"<p>GPS-j\u00e4lgimisseade t\u00f6\u00f6tab akutoitel. Reguleeritav ajastus, veebip\u00f5hine j\u00e4lgimine, mobiiltelefonirakendused. Lihtne paigaldus.<\/p>","protected":false},"featured_media":1571,"template":"","meta":[],"product_brand":[],"product_cat":[357],"product_tag":[370,371,372,373,374],"class_list":{"0":"post-1252","1":"product","2":"type-product","3":"status-publish","4":"has-post-thumbnail","6":"product_cat-gps-izsekosanas-ierice","7":"product_tag-automasinas-gps-izsekotajs","8":"product_tag-gps-izsekosanas-iekartas","9":"product_tag-gps-izsekotajs","10":"product_tag-gps-izsekotajs-ar-magnetu","11":"product_tag-gps-izsekotajs-automasinai","13":"first","14":"instock","15":"sale","16":"taxable","17":"shipping-taxable","18":"purchasable","19":"product-type-simple"},"yoast_head":"<!-- This site is optimized with the Yoast SEO plugin v27.4 - https:\/\/yoast.com\/product\/yoast-seo-wordpress\/ -->\n<title>GPS izseko\u0161anas ier\u012bce kas piesl\u0113dzama auto 12v 24v<\/title>\n<meta name=\"description\" content=\"GPS izsekot\u0101js tiek darbin\u0101ts ar akumulatoru. Regul\u0113jams laiks, izseko\u0161ana tie\u0161saist\u0113, mobil\u0101 t\u0101lru\u0146a lietotnes. Viegla uzst\u0101d\u012b\u0161ana\" \/>\n<meta name=\"robots\" content=\"index, follow, max-snippet:-1, max-image-preview:large, max-video-preview:-1\" \/>\n<link rel=\"canonical\" href=\"https:\/\/izsekosanasierices.lv\/et\/produkts\/gps-jalgimisfunktsioon-mis-tuleb-kinnitada-auto-mootorratta-veoauto-aku-kulge\/\" \/>\n<meta property=\"og:locale\" content=\"et_EE\" \/>\n<meta property=\"og:type\" content=\"article\" \/>\n<meta property=\"og:title\" content=\"Gps izsekot\u0101js darbojas ar akumulatoru\" \/>\n<meta property=\"og:description\" content=\"GPS izsekot\u0101js tiek darbin\u0101ts ar akumulatoru. Regul\u0113jams laiks, izseko\u0161ana tie\u0161saist\u0113, mobil\u0101 t\u0101lru\u0146a lietotnes. Viegla uzst\u0101d\u012b\u0161ana\" \/>\n<meta property=\"og:url\" content=\"https:\/\/izsekosanasierices.lv\/et\/produkts\/gps-jalgimisfunktsioon-mis-tuleb-kinnitada-auto-mootorratta-veoauto-aku-kulge\/\" \/>\n<meta property=\"og:site_name\" content=\"Nr1 Izseko\u0161anas ier\u012bces gps izseko\u0161anas iek\u0101rtas, klaus\u012b\u0161an\u0101s iek\u0101rtas\" \/>\n<meta property=\"article:modified_time\" content=\"2026-03-10T20:35:59+00:00\" \/>\n<meta property=\"og:image\" content=\"https:\/\/izsekosanasierices.lv\/wp-content\/uploads\/izsekosanasierices.webp\" \/>\n<meta name=\"twitter:card\" content=\"summary_large_image\" \/>\n<meta name=\"twitter:title\" content=\"Gps izsekot\u0101js darbojas ar akumulatoru\" \/>\n<meta name=\"twitter:description\" content=\"GPS izsekot\u0101js tiek darbin\u0101ts ar akumulatoru. Regul\u0113jams laiks, izseko\u0161ana tie\u0161saist\u0113, mobil\u0101 t\u0101lru\u0146a lietotnes. Viegla uzst\u0101d\u012b\u0161ana\" \/>\n<meta name=\"twitter:label1\" content=\"Est. reading time\" \/>\n\t<meta name=\"twitter:data1\" content=\"3 minutit\" \/>\n<script type=\"application\/ld+json\" class=\"yoast-schema-graph\">{\"@context\":\"https:\\\/\\\/schema.org\",\"@graph\":[{\"@type\":\"WebPage\",\"@id\":\"https:\\\/\\\/izsekosanasierices.lv\\\/produkts\\\/gps-izsekosanas-ierice-kas-piesledzama-auto-moto-kravas-auto-akumulatoram\\\/\",\"url\":\"https:\\\/\\\/izsekosanasierices.lv\\\/produkts\\\/gps-izsekosanas-ierice-kas-piesledzama-auto-moto-kravas-auto-akumulatoram\\\/\",\"name\":\"GPS izseko\u0161anas ier\u012bce kas piesl\u0113dzama auto 12v 24v\",\"isPartOf\":{\"@id\":\"https:\\\/\\\/izsekosanasierices.lv\\\/#website\"},\"primaryImageOfPage\":{\"@id\":\"https:\\\/\\\/izsekosanasierices.lv\\\/produkts\\\/gps-izsekosanas-ierice-kas-piesledzama-auto-moto-kravas-auto-akumulatoram\\\/#primaryimage\"},\"image\":{\"@id\":\"https:\\\/\\\/izsekosanasierices.lv\\\/produkts\\\/gps-izsekosanas-ierice-kas-piesledzama-auto-moto-kravas-auto-akumulatoram\\\/#primaryimage\"},\"thumbnailUrl\":\"https:\\\/\\\/izsekosanasierices.lv\\\/wp-content\\\/uploads\\\/izsekosanasierices-gps-seklys-pajungiamas-nuo-akumuliatoriaus.jpg\",\"datePublished\":\"2023-10-05T15:37:11+00:00\",\"dateModified\":\"2026-03-10T20:35:59+00:00\",\"description\":\"GPS izsekot\u0101js tiek darbin\u0101ts ar akumulatoru. Regul\u0113jams laiks, izseko\u0161ana tie\u0161saist\u0113, mobil\u0101 t\u0101lru\u0146a lietotnes. Viegla uzst\u0101d\u012b\u0161ana\",\"breadcrumb\":{\"@id\":\"https:\\\/\\\/izsekosanasierices.lv\\\/produkts\\\/gps-izsekosanas-ierice-kas-piesledzama-auto-moto-kravas-auto-akumulatoram\\\/#breadcrumb\"},\"inLanguage\":\"et\",\"potentialAction\":[{\"@type\":\"ReadAction\",\"target\":[\"https:\\\/\\\/izsekosanasierices.lv\\\/produkts\\\/gps-izsekosanas-ierice-kas-piesledzama-auto-moto-kravas-auto-akumulatoram\\\/\"]}]},{\"@type\":\"ImageObject\",\"inLanguage\":\"et\",\"@id\":\"https:\\\/\\\/izsekosanasierices.lv\\\/produkts\\\/gps-izsekosanas-ierice-kas-piesledzama-auto-moto-kravas-auto-akumulatoram\\\/#primaryimage\",\"url\":\"https:\\\/\\\/izsekosanasierices.lv\\\/wp-content\\\/uploads\\\/izsekosanasierices-gps-seklys-pajungiamas-nuo-akumuliatoriaus.jpg\",\"contentUrl\":\"https:\\\/\\\/izsekosanasierices.lv\\\/wp-content\\\/uploads\\\/izsekosanasierices-gps-seklys-pajungiamas-nuo-akumuliatoriaus.jpg\",\"width\":800,\"height\":800,\"caption\":\"GPS seklys pajungiamas nuo akumuliatoriaus\"},{\"@type\":\"BreadcrumbList\",\"@id\":\"https:\\\/\\\/izsekosanasierices.lv\\\/produkts\\\/gps-izsekosanas-ierice-kas-piesledzama-auto-moto-kravas-auto-akumulatoram\\\/#breadcrumb\",\"itemListElement\":[{\"@type\":\"ListItem\",\"position\":1,\"name\":\"S\u0101kums\",\"item\":\"https:\\\/\\\/izsekosanasierices.lv\\\/\"},{\"@type\":\"ListItem\",\"position\":2,\"name\":\"Veikals\",\"item\":\"https:\\\/\\\/izsekosanasierices.lv\\\/veikals\\\/\"},{\"@type\":\"ListItem\",\"position\":3,\"name\":\"GPS izseko\u0161anas ier\u012bce, kas piesl\u0113dzama auto \\\/ moto \\\/ kravas auto akumulatoram\"}]},{\"@type\":\"WebSite\",\"@id\":\"https:\\\/\\\/izsekosanasierices.lv\\\/#website\",\"url\":\"https:\\\/\\\/izsekosanasierices.lv\\\/\",\"name\":\"Nr1 Izseko\u0161anas ier\u012bces gps izseko\u0161anas iek\u0101rtas, klaus\u012b\u0161an\u0101s iek\u0101rtas\",\"description\":\"\",\"potentialAction\":[{\"@type\":\"SearchAction\",\"target\":{\"@type\":\"EntryPoint\",\"urlTemplate\":\"https:\\\/\\\/izsekosanasierices.lv\\\/?s={search_term_string}\"},\"query-input\":{\"@type\":\"PropertyValueSpecification\",\"valueRequired\":true,\"valueName\":\"search_term_string\"}}],\"inLanguage\":\"et\"}]}<\/script>\n<!-- \/ Yoast SEO plugin. -->","yoast_head_json":{"title":"GPS izseko\u0161anas ier\u012bce kas piesl\u0113dzama auto 12v 24v","description":"GPS izsekot\u0101js tiek darbin\u0101ts ar akumulatoru. Regul\u0113jams laiks, izseko\u0161ana tie\u0161saist\u0113, mobil\u0101 t\u0101lru\u0146a lietotnes. Viegla uzst\u0101d\u012b\u0161ana","robots":{"index":"index","follow":"follow","max-snippet":"max-snippet:-1","max-image-preview":"max-image-preview:large","max-video-preview":"max-video-preview:-1"},"canonical":"https:\/\/izsekosanasierices.lv\/et\/produkts\/gps-jalgimisfunktsioon-mis-tuleb-kinnitada-auto-mootorratta-veoauto-aku-kulge\/","og_locale":"et_EE","og_type":"article","og_title":"Gps izsekot\u0101js darbojas ar akumulatoru","og_description":"GPS izsekot\u0101js tiek darbin\u0101ts ar akumulatoru. Regul\u0113jams laiks, izseko\u0161ana tie\u0161saist\u0113, mobil\u0101 t\u0101lru\u0146a lietotnes. Viegla uzst\u0101d\u012b\u0161ana","og_url":"https:\/\/izsekosanasierices.lv\/et\/produkts\/gps-jalgimisfunktsioon-mis-tuleb-kinnitada-auto-mootorratta-veoauto-aku-kulge\/","og_site_name":"Nr1 Izseko\u0161anas ier\u012bces gps izseko\u0161anas iek\u0101rtas, klaus\u012b\u0161an\u0101s iek\u0101rtas","article_modified_time":"2026-03-10T20:35:59+00:00","og_image":[{"url":"https:\/\/izsekosanasierices.lv\/wp-content\/uploads\/izsekosanasierices.webp","type":"","width":"","height":""}],"twitter_card":"summary_large_image","twitter_title":"Gps izsekot\u0101js darbojas ar akumulatoru","twitter_description":"GPS izsekot\u0101js tiek darbin\u0101ts ar akumulatoru. Regul\u0113jams laiks, izseko\u0161ana tie\u0161saist\u0113, mobil\u0101 t\u0101lru\u0146a lietotnes. Viegla uzst\u0101d\u012b\u0161ana","twitter_misc":{"Est. reading time":"3 minutit"},"schema":{"@context":"https:\/\/schema.org","@graph":[{"@type":"WebPage","@id":"https:\/\/izsekosanasierices.lv\/produkts\/gps-izsekosanas-ierice-kas-piesledzama-auto-moto-kravas-auto-akumulatoram\/","url":"https:\/\/izsekosanasierices.lv\/produkts\/gps-izsekosanas-ierice-kas-piesledzama-auto-moto-kravas-auto-akumulatoram\/","name":"GPS izseko\u0161anas ier\u012bce kas piesl\u0113dzama auto 12v 24v","isPartOf":{"@id":"https:\/\/izsekosanasierices.lv\/#website"},"primaryImageOfPage":{"@id":"https:\/\/izsekosanasierices.lv\/produkts\/gps-izsekosanas-ierice-kas-piesledzama-auto-moto-kravas-auto-akumulatoram\/#primaryimage"},"image":{"@id":"https:\/\/izsekosanasierices.lv\/produkts\/gps-izsekosanas-ierice-kas-piesledzama-auto-moto-kravas-auto-akumulatoram\/#primaryimage"},"thumbnailUrl":"https:\/\/izsekosanasierices.lv\/wp-content\/uploads\/izsekosanasierices-gps-seklys-pajungiamas-nuo-akumuliatoriaus.jpg","datePublished":"2023-10-05T15:37:11+00:00","dateModified":"2026-03-10T20:35:59+00:00","description":"GPS izsekot\u0101js tiek darbin\u0101ts ar akumulatoru. Regul\u0113jams laiks, izseko\u0161ana tie\u0161saist\u0113, mobil\u0101 t\u0101lru\u0146a lietotnes. Viegla uzst\u0101d\u012b\u0161ana","breadcrumb":{"@id":"https:\/\/izsekosanasierices.lv\/produkts\/gps-izsekosanas-ierice-kas-piesledzama-auto-moto-kravas-auto-akumulatoram\/#breadcrumb"},"inLanguage":"et","potentialAction":[{"@type":"ReadAction","target":["https:\/\/izsekosanasierices.lv\/produkts\/gps-izsekosanas-ierice-kas-piesledzama-auto-moto-kravas-auto-akumulatoram\/"]}]},{"@type":"ImageObject","inLanguage":"et","@id":"https:\/\/izsekosanasierices.lv\/produkts\/gps-izsekosanas-ierice-kas-piesledzama-auto-moto-kravas-auto-akumulatoram\/#primaryimage","url":"https:\/\/izsekosanasierices.lv\/wp-content\/uploads\/izsekosanasierices-gps-seklys-pajungiamas-nuo-akumuliatoriaus.jpg","contentUrl":"https:\/\/izsekosanasierices.lv\/wp-content\/uploads\/izsekosanasierices-gps-seklys-pajungiamas-nuo-akumuliatoriaus.jpg","width":800,"height":800,"caption":"GPS seklys pajungiamas nuo akumuliatoriaus"},{"@type":"BreadcrumbList","@id":"https:\/\/izsekosanasierices.lv\/produkts\/gps-izsekosanas-ierice-kas-piesledzama-auto-moto-kravas-auto-akumulatoram\/#breadcrumb","itemListElement":[{"@type":"ListItem","position":1,"name":"S\u0101kums","item":"https:\/\/izsekosanasierices.lv\/"},{"@type":"ListItem","position":2,"name":"Veikals","item":"https:\/\/izsekosanasierices.lv\/veikals\/"},{"@type":"ListItem","position":3,"name":"GPS izseko\u0161anas ier\u012bce, kas piesl\u0113dzama auto \/ moto \/ kravas auto akumulatoram"}]},{"@type":"WebSite","@id":"https:\/\/izsekosanasierices.lv\/#website","url":"https:\/\/izsekosanasierices.lv\/","name":"Nr1 Izseko\u0161anas ier\u012bces gps izseko\u0161anas iek\u0101rtas, klaus\u012b\u0161an\u0101s iek\u0101rtas","description":"","potentialAction":[{"@type":"SearchAction","target":{"@type":"EntryPoint","urlTemplate":"https:\/\/izsekosanasierices.lv\/?s={search_term_string}"},"query-input":{"@type":"PropertyValueSpecification","valueRequired":true,"valueName":"search_term_string"}}],"inLanguage":"et"}]}},"_links":{"self":[{"href":"https:\/\/izsekosanasierices.lv\/et\/wp-json\/wp\/v2\/product\/1252","targetHints":{"allow":["GET"]}}],"collection":[{"href":"https:\/\/izsekosanasierices.lv\/et\/wp-json\/wp\/v2\/product"}],"about":[{"href":"https:\/\/izsekosanasierices.lv\/et\/wp-json\/wp\/v2\/types\/product"}],"wp:featuredmedia":[{"embeddable":true,"href":"https:\/\/izsekosanasierices.lv\/et\/wp-json\/wp\/v2\/media\/1571"}],"wp:attachment":[{"href":"https:\/\/izsekosanasierices.lv\/et\/wp-json\/wp\/v2\/media?parent=1252"}],"wp:term":[{"taxonomy":"product_brand","embeddable":true,"href":"https:\/\/izsekosanasierices.lv\/et\/wp-json\/wp\/v2\/product_brand?post=1252"},{"taxonomy":"product_cat","embeddable":true,"href":"https:\/\/izsekosanasierices.lv\/et\/wp-json\/wp\/v2\/product_cat?post=1252"},{"taxonomy":"product_tag","embeddable":true,"href":"https:\/\/izsekosanasierices.lv\/et\/wp-json\/wp\/v2\/product_tag?post=1252"}],"curies":[{"name":"wp","href":"https:\/\/api.w.org\/{rel}","templated":true}]}}