{"id":1253,"date":"2023-10-05T15:37:11","date_gmt":"2023-10-05T15:37:11","guid":{"rendered":"https:\/\/izsekosanasierices.lv\/produktas\/wi-fi-kamera-uzmaskuota-led-naktiniame-sviestuve\/"},"modified":"2025-11-19T15:31:33","modified_gmt":"2025-11-19T13:31:33","slug":"slepta-kamera-ar-wifi-kas-masketa-led-naktslampina","status":"publish","type":"product","link":"https:\/\/izsekosanasierices.lv\/et\/produkts\/stealth-kaamera-koos-wifi-mis-maskeerib-led-oosel-valgustus\/","title":{"rendered":"WiFi peidetud kaamera, mis on maskeeritud LED-\u00f6\u00f6valgustusena"},"content":{"rendered":"<h3><strong>PROMOTION: 32 GB micro SD kingitusena<\/strong><\/h3>\n<h3><strong>Tehnilised parameetrid:<\/strong><\/h3>\n<ul>\n<li>Video formaat: avi, 1 h salvestus 310mb<\/li>\n<li>Video salvestamine koos heliga<\/li>\n<li>Pildi resolutsioon: 1920 x 1080 px FULL-HD<\/li>\n<li>M\u00e4lukaartide tugi: jah, micro SD 8 kuni 128 GB<\/li>\n<li>T\u00f6\u00f6aeg: pidev t\u00f6\u00f6 elektriv\u00f5rgust<\/li>\n<li>Salvestusnurk: 90 kraadi<\/li>\n<li>Helisalvestus: arusaadavad vestlused kuni 10 m kauguselt<\/li>\n<li>Otse\u00fclekannete veebip\u00f5hine j\u00e4lgimine: jah<\/li>\n<li>Liikumistuvastus: jah<\/li>\n<li>Video salvestamine: m\u00e4lukaardile v\u00f5i telefoni m\u00e4llu<\/li>\n<li>WiFi tugi: jah<\/li>\n<li>Sisaldab:<\/li>\n<li>1 x WiFi \u00f6\u00f6lamp koos peidetud kaameraga<\/li>\n<li>1 x kasutusjuhend<\/li>\n<li>1 x micro SD-kaardi lugeja<\/li>\n<li><strong>Garantii 12 kuud<\/strong><\/li>\n<\/ul>\n<p><strong>\u00a0<\/strong><\/p>\n<p><span style=\"color: #ff0000;\"><strong>Vajad kiiret sama p\u00e4eva (ja n\u00e4dalavahetuse) kohaletoimetamist?  Helistage +37120484176<\/strong><\/span><\/p>\n<p>Kasutamine: enda kaitseks, laste kaitseks.<\/p>\n<p><strong>\u00a0<\/strong><\/p>\n<p><strong>WiFi kaamera, mis on maskeeritud LED \u00f6\u00f6lambiks<\/strong><\/p>\n<p>Lapse turvalisus on iga lapsevanema jaoks alati esmat\u00e4htis, nii et kui soovite hajutada kahtlusi ja veenduda, et teie alaealine laps on kodus turvaliselt, on salakaamera hea lahendus. Erinevalt paljudest teistest salakaameratest t\u00f6\u00f6tab see LED-\u00f6\u00f6kaamera, v\u00f5ttes voolu vooluv\u00f5rgust, seega ei pea muretsema, et seadme toide v\u00f5iks otsa saada.<\/p>\n<p>&nbsp;<\/p>\n<p>LED-lambiks maskeeritud kaamerat on v\u00e4ga lihtne kasutada - \u00fchendage see lihtsalt pistikupessa ja alustage video salvestamist. Kaamera on WiFi-\u00fchendusega, nii et saate igal ajal n\u00e4ha, mis toimub ruumis, kus peidetud kaamera asub. Saate mitte ainult videot vaadata, vaid ka vestlusi kuulata (heli on piisavalt selge isegi 4-5 meetri kauguselt). Seda kaamerat ei saa kasutada mitte ainult varjatud j\u00e4lgimisseadmena, vaid see aitab teil ka teada saada, kas teie laps magab rahulikult. Saate j\u00e4lgida tuba otse\u00fclekandes, nii et saate teada, mis sel hetkel toimub.<\/p>\n<p>&nbsp;<\/p>\n<p>Sisseehitatud salakaamera on v\u00e4ga v\u00e4ike, kuid teeb kvaliteetseid pilte. Saate valida Full HD (1920 \u00d7 1080 px), HD (1280 \u00d7 720 px) v\u00f5i v\u00e4iksema resolutsiooni vahel, s\u00f5ltuvalt salvestatava video pikkusest. Varjukaamera toetab mikro-SD-kaarte, mille m\u00e4lumaht on 8 kuni 128 gigabaiti. Tund kvaliteetset videosalvestust v\u00f5tab umbes 2 GB kaardim\u00e4lu, nii et saate salvestatud pildid arvutisse \u00fcle kanda ja j\u00e4tkata filmimist ilma hetkegi vahele j\u00e4tmata. See salajane kaamera aitab teil m\u00e4lukaardil ruumi kokku hoida: kaameral on liikumisandurid, nii et saate filmimist alustada ainult siis, kui ruumis tuvastatakse liikumine.<\/p>\n<p>&nbsp;<\/p>\n<p>Selle salajase kaamera ostmisel saate ka leedukeelse kasutusjuhendi, mis muudab selle kaamera kasutamise palju lihtsamaks.<\/p>","protected":false},"excerpt":{"rendered":"<p>\u00d6\u00f6valgustus on \u00fchendatav, mis v\u00f5imaldab teil j\u00e4lgida ruumi 24 tundi \u00f6\u00f6p\u00e4evaringselt k\u00f5ikjal maailmas Video salvestamine MicroSD-m\u00e4llu v\u00f5i telefoni.<\/p>","protected":false},"featured_media":1574,"template":"","meta":[],"product_brand":[],"product_cat":[330,321,331],"product_tag":[408,332,325,23,150,334,328,29],"class_list":{"0":"post-1253","1":"product","2":"type-product","3":"status-publish","4":"has-post-thumbnail","6":"product_cat-masketas-kameras","7":"product_cat-sleptas-kameras","8":"product_cat-wi-fi-slepenas-kameras","9":"product_tag-gaismekla-kamera","10":"product_tag-izsekosanas-iekartas","11":"product_tag-izsekosanas-kamera","12":"product_tag-kamera","13":"product_tag-lempute-kamera","14":"product_tag-masketa-kamera","15":"product_tag-slepena-kamera","16":"product_tag-wi-fi-kamera","18":"first","19":"outofstock","20":"taxable","21":"shipping-taxable","22":"purchasable","23":"product-type-simple"},"yoast_head":"<!-- This site is optimized with the Yoast SEO plugin v27.3 - https:\/\/yoast.com\/product\/yoast-seo-wordpress\/ -->\n<title>Sl\u0113pt\u0101 kamera ar WiFi, kas mask\u0113ta LED naktslampi\u0146\u0101<\/title>\n<meta name=\"description\" content=\"Naktslampi\u0146a, kas piesl\u0113dzama kontaktligzdai, \u013caujot uzraudz\u012bt telpu 24\/7 ned\u0113\u013c\u0101 no jebkuras vietas pasaul\u0113. Video ierakst\u012b\u0161ana micro SD\" \/>\n<meta name=\"robots\" content=\"index, follow, max-snippet:-1, max-image-preview:large, max-video-preview:-1\" \/>\n<link rel=\"canonical\" href=\"https:\/\/izsekosanasierices.lv\/et\/produkts\/stealth-kaamera-koos-wifi-mis-maskeerib-led-oosel-valgustus\/\" \/>\n<meta property=\"og:locale\" content=\"et_EE\" \/>\n<meta property=\"og:type\" content=\"article\" \/>\n<meta property=\"og:title\" content=\"Wi-fi kamera, kas mask\u0113ta LED nakts luktur\u012b | Secret Cameras\" \/>\n<meta property=\"og:description\" content=\"Nakts gaisma ir savienojama ar kontaktligzdu, \u013caujot jums uzraudz\u012bt telpu 24 stundas diennakt\u012b 7 dienas ned\u0113\u013c\u0101 no jebkuras vietas pasaul\u0113 Video ierakst\u012b\u0161ana MicroSD atmi\u0146\u0101 vai t\u0101lrun\u012b.\" \/>\n<meta property=\"og:url\" content=\"https:\/\/izsekosanasierices.lv\/et\/produkts\/stealth-kaamera-koos-wifi-mis-maskeerib-led-oosel-valgustus\/\" \/>\n<meta property=\"og:site_name\" content=\"Nr1 Izseko\u0161anas ier\u012bces gps izseko\u0161anas iek\u0101rtas, klaus\u012b\u0161an\u0101s iek\u0101rtas\" \/>\n<meta property=\"article:modified_time\" content=\"2025-11-19T13:31:33+00:00\" \/>\n<meta property=\"og:image\" content=\"https:\/\/izsekosanasierices.lv\/wp-content\/uploads\/izsekosanasierices.webp\" \/>\n<meta name=\"twitter:card\" content=\"summary_large_image\" \/>\n<meta name=\"twitter:title\" content=\"Wi-fi kamera, kas mask\u0113ta LED nakts luktur\u012b | Secret Cameras\" \/>\n<meta name=\"twitter:description\" content=\"Nakts gaisma ir savienojama ar kontaktligzdu, \u013caujot jums uzraudz\u012bt telpu 24 stundas diennakt\u012b 7 dienas ned\u0113\u013c\u0101 no jebkuras vietas pasaul\u0113 Video ierakst\u012b\u0161ana MicroSD atmi\u0146\u0101 vai t\u0101lrun\u012b.\" \/>\n<meta name=\"twitter:label1\" content=\"Est. reading time\" \/>\n\t<meta name=\"twitter:data1\" content=\"3 minutit\" \/>\n<script type=\"application\/ld+json\" class=\"yoast-schema-graph\">{\"@context\":\"https:\\\/\\\/schema.org\",\"@graph\":[{\"@type\":\"WebPage\",\"@id\":\"https:\\\/\\\/izsekosanasierices.lv\\\/produkts\\\/slepta-kamera-ar-wifi-kas-masketa-led-naktslampina\\\/\",\"url\":\"https:\\\/\\\/izsekosanasierices.lv\\\/produkts\\\/slepta-kamera-ar-wifi-kas-masketa-led-naktslampina\\\/\",\"name\":\"Sl\u0113pt\u0101 kamera ar WiFi, kas mask\u0113ta LED naktslampi\u0146\u0101\",\"isPartOf\":{\"@id\":\"https:\\\/\\\/izsekosanasierices.lv\\\/#website\"},\"primaryImageOfPage\":{\"@id\":\"https:\\\/\\\/izsekosanasierices.lv\\\/produkts\\\/slepta-kamera-ar-wifi-kas-masketa-led-naktslampina\\\/#primaryimage\"},\"image\":{\"@id\":\"https:\\\/\\\/izsekosanasierices.lv\\\/produkts\\\/slepta-kamera-ar-wifi-kas-masketa-led-naktslampina\\\/#primaryimage\"},\"thumbnailUrl\":\"https:\\\/\\\/izsekosanasierices.lv\\\/wp-content\\\/uploads\\\/izsekosanasierices-wi-fi-kamera-uzmaskuota-led-naktiniame-sviestuve.jpg\",\"datePublished\":\"2023-10-05T15:37:11+00:00\",\"dateModified\":\"2025-11-19T13:31:33+00:00\",\"description\":\"Naktslampi\u0146a, kas piesl\u0113dzama kontaktligzdai, \u013caujot uzraudz\u012bt telpu 24\\\/7 ned\u0113\u013c\u0101 no jebkuras vietas pasaul\u0113. Video ierakst\u012b\u0161ana micro SD\",\"breadcrumb\":{\"@id\":\"https:\\\/\\\/izsekosanasierices.lv\\\/produkts\\\/slepta-kamera-ar-wifi-kas-masketa-led-naktslampina\\\/#breadcrumb\"},\"inLanguage\":\"et\",\"potentialAction\":[{\"@type\":\"ReadAction\",\"target\":[\"https:\\\/\\\/izsekosanasierices.lv\\\/produkts\\\/slepta-kamera-ar-wifi-kas-masketa-led-naktslampina\\\/\"]}]},{\"@type\":\"ImageObject\",\"inLanguage\":\"et\",\"@id\":\"https:\\\/\\\/izsekosanasierices.lv\\\/produkts\\\/slepta-kamera-ar-wifi-kas-masketa-led-naktslampina\\\/#primaryimage\",\"url\":\"https:\\\/\\\/izsekosanasierices.lv\\\/wp-content\\\/uploads\\\/izsekosanasierices-wi-fi-kamera-uzmaskuota-led-naktiniame-sviestuve.jpg\",\"contentUrl\":\"https:\\\/\\\/izsekosanasierices.lv\\\/wp-content\\\/uploads\\\/izsekosanasierices-wi-fi-kamera-uzmaskuota-led-naktiniame-sviestuve.jpg\",\"width\":441,\"height\":389,\"caption\":\"LEd naktinis \u0161viestuvas slapta kamera\"},{\"@type\":\"BreadcrumbList\",\"@id\":\"https:\\\/\\\/izsekosanasierices.lv\\\/produkts\\\/slepta-kamera-ar-wifi-kas-masketa-led-naktslampina\\\/#breadcrumb\",\"itemListElement\":[{\"@type\":\"ListItem\",\"position\":1,\"name\":\"S\u0101kums\",\"item\":\"https:\\\/\\\/izsekosanasierices.lv\\\/\"},{\"@type\":\"ListItem\",\"position\":2,\"name\":\"Veikals\",\"item\":\"https:\\\/\\\/izsekosanasierices.lv\\\/veikals\\\/\"},{\"@type\":\"ListItem\",\"position\":3,\"name\":\"Sl\u0113pt\u0101 kamera ar WiFi, kas mask\u0113ta LED naktslampi\u0146\u0101\"}]},{\"@type\":\"WebSite\",\"@id\":\"https:\\\/\\\/izsekosanasierices.lv\\\/#website\",\"url\":\"https:\\\/\\\/izsekosanasierices.lv\\\/\",\"name\":\"Nr1 Izseko\u0161anas ier\u012bces gps izseko\u0161anas iek\u0101rtas, klaus\u012b\u0161an\u0101s iek\u0101rtas\",\"description\":\"\",\"potentialAction\":[{\"@type\":\"SearchAction\",\"target\":{\"@type\":\"EntryPoint\",\"urlTemplate\":\"https:\\\/\\\/izsekosanasierices.lv\\\/?s={search_term_string}\"},\"query-input\":{\"@type\":\"PropertyValueSpecification\",\"valueRequired\":true,\"valueName\":\"search_term_string\"}}],\"inLanguage\":\"et\"}]}<\/script>\n<!-- \/ Yoast SEO plugin. -->","yoast_head_json":{"title":"Sl\u0113pt\u0101 kamera ar WiFi, kas mask\u0113ta LED naktslampi\u0146\u0101","description":"Naktslampi\u0146a, kas piesl\u0113dzama kontaktligzdai, \u013caujot uzraudz\u012bt telpu 24\/7 ned\u0113\u013c\u0101 no jebkuras vietas pasaul\u0113. Video ierakst\u012b\u0161ana micro SD","robots":{"index":"index","follow":"follow","max-snippet":"max-snippet:-1","max-image-preview":"max-image-preview:large","max-video-preview":"max-video-preview:-1"},"canonical":"https:\/\/izsekosanasierices.lv\/et\/produkts\/stealth-kaamera-koos-wifi-mis-maskeerib-led-oosel-valgustus\/","og_locale":"et_EE","og_type":"article","og_title":"Wi-fi kamera, kas mask\u0113ta LED nakts luktur\u012b | Secret Cameras","og_description":"Nakts gaisma ir savienojama ar kontaktligzdu, \u013caujot jums uzraudz\u012bt telpu 24 stundas diennakt\u012b 7 dienas ned\u0113\u013c\u0101 no jebkuras vietas pasaul\u0113 Video ierakst\u012b\u0161ana MicroSD atmi\u0146\u0101 vai t\u0101lrun\u012b.","og_url":"https:\/\/izsekosanasierices.lv\/et\/produkts\/stealth-kaamera-koos-wifi-mis-maskeerib-led-oosel-valgustus\/","og_site_name":"Nr1 Izseko\u0161anas ier\u012bces gps izseko\u0161anas iek\u0101rtas, klaus\u012b\u0161an\u0101s iek\u0101rtas","article_modified_time":"2025-11-19T13:31:33+00:00","og_image":[{"url":"https:\/\/izsekosanasierices.lv\/wp-content\/uploads\/izsekosanasierices.webp","type":"","width":"","height":""}],"twitter_card":"summary_large_image","twitter_title":"Wi-fi kamera, kas mask\u0113ta LED nakts luktur\u012b | Secret Cameras","twitter_description":"Nakts gaisma ir savienojama ar kontaktligzdu, \u013caujot jums uzraudz\u012bt telpu 24 stundas diennakt\u012b 7 dienas ned\u0113\u013c\u0101 no jebkuras vietas pasaul\u0113 Video ierakst\u012b\u0161ana MicroSD atmi\u0146\u0101 vai t\u0101lrun\u012b.","twitter_misc":{"Est. reading time":"3 minutit"},"schema":{"@context":"https:\/\/schema.org","@graph":[{"@type":"WebPage","@id":"https:\/\/izsekosanasierices.lv\/produkts\/slepta-kamera-ar-wifi-kas-masketa-led-naktslampina\/","url":"https:\/\/izsekosanasierices.lv\/produkts\/slepta-kamera-ar-wifi-kas-masketa-led-naktslampina\/","name":"Sl\u0113pt\u0101 kamera ar WiFi, kas mask\u0113ta LED naktslampi\u0146\u0101","isPartOf":{"@id":"https:\/\/izsekosanasierices.lv\/#website"},"primaryImageOfPage":{"@id":"https:\/\/izsekosanasierices.lv\/produkts\/slepta-kamera-ar-wifi-kas-masketa-led-naktslampina\/#primaryimage"},"image":{"@id":"https:\/\/izsekosanasierices.lv\/produkts\/slepta-kamera-ar-wifi-kas-masketa-led-naktslampina\/#primaryimage"},"thumbnailUrl":"https:\/\/izsekosanasierices.lv\/wp-content\/uploads\/izsekosanasierices-wi-fi-kamera-uzmaskuota-led-naktiniame-sviestuve.jpg","datePublished":"2023-10-05T15:37:11+00:00","dateModified":"2025-11-19T13:31:33+00:00","description":"Naktslampi\u0146a, kas piesl\u0113dzama kontaktligzdai, \u013caujot uzraudz\u012bt telpu 24\/7 ned\u0113\u013c\u0101 no jebkuras vietas pasaul\u0113. Video ierakst\u012b\u0161ana micro SD","breadcrumb":{"@id":"https:\/\/izsekosanasierices.lv\/produkts\/slepta-kamera-ar-wifi-kas-masketa-led-naktslampina\/#breadcrumb"},"inLanguage":"et","potentialAction":[{"@type":"ReadAction","target":["https:\/\/izsekosanasierices.lv\/produkts\/slepta-kamera-ar-wifi-kas-masketa-led-naktslampina\/"]}]},{"@type":"ImageObject","inLanguage":"et","@id":"https:\/\/izsekosanasierices.lv\/produkts\/slepta-kamera-ar-wifi-kas-masketa-led-naktslampina\/#primaryimage","url":"https:\/\/izsekosanasierices.lv\/wp-content\/uploads\/izsekosanasierices-wi-fi-kamera-uzmaskuota-led-naktiniame-sviestuve.jpg","contentUrl":"https:\/\/izsekosanasierices.lv\/wp-content\/uploads\/izsekosanasierices-wi-fi-kamera-uzmaskuota-led-naktiniame-sviestuve.jpg","width":441,"height":389,"caption":"LEd naktinis \u0161viestuvas slapta kamera"},{"@type":"BreadcrumbList","@id":"https:\/\/izsekosanasierices.lv\/produkts\/slepta-kamera-ar-wifi-kas-masketa-led-naktslampina\/#breadcrumb","itemListElement":[{"@type":"ListItem","position":1,"name":"S\u0101kums","item":"https:\/\/izsekosanasierices.lv\/"},{"@type":"ListItem","position":2,"name":"Veikals","item":"https:\/\/izsekosanasierices.lv\/veikals\/"},{"@type":"ListItem","position":3,"name":"Sl\u0113pt\u0101 kamera ar WiFi, kas mask\u0113ta LED naktslampi\u0146\u0101"}]},{"@type":"WebSite","@id":"https:\/\/izsekosanasierices.lv\/#website","url":"https:\/\/izsekosanasierices.lv\/","name":"Nr1 Izseko\u0161anas ier\u012bces gps izseko\u0161anas iek\u0101rtas, klaus\u012b\u0161an\u0101s iek\u0101rtas","description":"","potentialAction":[{"@type":"SearchAction","target":{"@type":"EntryPoint","urlTemplate":"https:\/\/izsekosanasierices.lv\/?s={search_term_string}"},"query-input":{"@type":"PropertyValueSpecification","valueRequired":true,"valueName":"search_term_string"}}],"inLanguage":"et"}]}},"_links":{"self":[{"href":"https:\/\/izsekosanasierices.lv\/et\/wp-json\/wp\/v2\/product\/1253","targetHints":{"allow":["GET"]}}],"collection":[{"href":"https:\/\/izsekosanasierices.lv\/et\/wp-json\/wp\/v2\/product"}],"about":[{"href":"https:\/\/izsekosanasierices.lv\/et\/wp-json\/wp\/v2\/types\/product"}],"wp:featuredmedia":[{"embeddable":true,"href":"https:\/\/izsekosanasierices.lv\/et\/wp-json\/wp\/v2\/media\/1574"}],"wp:attachment":[{"href":"https:\/\/izsekosanasierices.lv\/et\/wp-json\/wp\/v2\/media?parent=1253"}],"wp:term":[{"taxonomy":"product_brand","embeddable":true,"href":"https:\/\/izsekosanasierices.lv\/et\/wp-json\/wp\/v2\/product_brand?post=1253"},{"taxonomy":"product_cat","embeddable":true,"href":"https:\/\/izsekosanasierices.lv\/et\/wp-json\/wp\/v2\/product_cat?post=1253"},{"taxonomy":"product_tag","embeddable":true,"href":"https:\/\/izsekosanasierices.lv\/et\/wp-json\/wp\/v2\/product_tag?post=1253"}],"curies":[{"name":"wp","href":"https:\/\/api.w.org\/{rel}","templated":true}]}}