{"id":1254,"date":"2023-10-05T15:37:11","date_gmt":"2023-10-05T15:37:11","guid":{"rendered":"https:\/\/izsekosanasierices.lv\/produktas\/ziebtuvelis-slapta-kamera-fhd-su-microsd\/"},"modified":"2025-11-19T15:33:39","modified_gmt":"2025-11-19T13:33:39","slug":"fhd-slepena-kamera-ar-micro-sd-atminas-karti","status":"publish","type":"product","link":"https:\/\/izsekosanasierices.lv\/et\/produkts\/fhd-stealth-kaamera-koos-micro-sd-malukaardiga\/","title":{"rendered":"FHD stealth kaamera koos micro SD m\u00e4lukaardiga"},"content":{"rendered":"<h3><strong>TEHNILISED N\u00c4ITAJAD:<\/strong><\/h3>\n<ul>\n<li>Pildi resolutsioon: 1920 x 1080 px<\/li>\n<li>Video salvestamine koos heliga<\/li>\n<li>T\u00f6\u00f6aeg: umbes 70 minutit<\/li>\n<li>Videoformaat: avi | 30 kaadrit sekundis<\/li>\n<li>Filmimisnurk: 90\u00b0<\/li>\n<li>Heli: m\u00fcrasummutusmikrofon<\/li>\n<li>\u00dchendusstandard: USB 1.1 ja 2.0<\/li>\n<li>Laetav aku: 3,6 V 260 mAh<\/li>\n<li>\u00dchilduvus Windows, Mac OS<\/li>\n<li>T\u00f6\u00f6temperatuur: -10\u00b0C ~ 60\u00b0C<\/li>\n<li>V\u00e4rv: BLACK (must)<\/li>\n<li>Kaasas: tulemasin, kasutusjuhend.<\/li>\n<li><strong>Garantii 12 kuud<\/strong><\/li>\n<\/ul>\n<p><strong>\u00a0<\/strong><\/p>\n<p><span style=\"color: #ff0000;\"><strong>Vajad kiiret sama p\u00e4eva (ja n\u00e4dalavahetuse) kohaletoimetamist?  Helistage +37120484176<\/strong><\/span><\/p>\n<p>&nbsp;<\/p>\n<p>Sisseehitatud salakambriga tulemasinad. Need tulemasinad on v\u00e4limuselt tavalistest tulemasinatest eristamatud. Sellel on sisseehitatud salakaamera, mida saab kasutada pildistamiseks, video filmimiseks, kohtumise salajaseks salvestamiseks v\u00f5i t\u00f5endite kogumiseks.  Kujutage ette, et olete silmitsi ebameeldiva olukorraga ja vajate t\u00f5endeid vestluse kohta - kasutage seda tulemasinat selle filmimiseks. Video resolutsioon on 1920 x 1080 pikslit, mis tagab kvaliteetse video. Videot saab salvestada umbes 70 minutit ilma akut laadimata. Video salvestatakse AVI-kvaliteedis 30 kaadrit sekundis ja kaameral on 90\u00b0 nurga all salvestav lainurkobjektiiv ning sisseehitatud mikrofon koos helisummutusega.  Varjatud kaameral on sisemine aku ja seda saab laadida arvuti USB-pordist.<\/p>\n<p><strong>\u00a0<\/strong><\/p>\n<p><strong>FHD stealth kaamera koos micro SD m\u00e4lukaardiga<\/strong><\/p>\n<p>Tulemasinad on paljude inimeste kasutuses, seega on tulemasinasse maskeeritud salakaamera t\u00f5esti hea valik, kui teil on vaja kasutada salakaamerat. Varjatud kaamera v\u00f5ib aidata teil koguda vajalikke t\u00f5endeid v\u00f5i v\u00f5imaldab teil n\u00e4ha, kas teatud isikud on ausad. Salakaameraga varustatud tulemasinat saab ohutult j\u00e4tta lauale v\u00f5i mujale tuppa ning j\u00e4lgitavad isikud ei saa isegi aru, et neid filmitakse.<\/p>\n<p>&nbsp;<\/p>\n<p>S\u00fc\u00fctaja sisseehitatud salakaamera on v\u00e4ike, kuid suudab teha t\u00f5eliselt kvaliteetseid pilte. Pildid on j\u00e4\u00e4dvustatud FULL HD resolutsioonis (1920 \u00d7 1080 px), nii et n\u00e4od ja muud olulised detailid on h\u00e4sti n\u00e4ha. Kaamera suudab t\u00e4islaadimisega pidevalt kuni 70 minutit salvestada ja seda saab vajadusel USB kaudu laadida. See kaamera suudab lisaks piltidele j\u00e4\u00e4dvustada ka helisalvestusi. Salakaameral on sisseehitatud mikrofon koos helisummutusega, nii et teie helisalvestused on selgelt arusaadavad.<\/p>\n<p>&nbsp;<\/p>\n<p>Salakaameraga tulemasin toetab mikro SD-kaarti, millelt saab teavet arvutisse edastada. Saate valida endale meelep\u00e4rase m\u00e4lukaardi ja see tagab, et k\u00f5ik olulised salvestused j\u00e4\u00e4vad teile alles. \u00dcks tund salvestamist v\u00f5tab umbes 2 GB kaardimahtu, seega pidage seda meeles ja \u00e4rge j\u00e4tke midagi olulist kahe silma vahele.<\/p>\n<p>Seda peidetud kaamerat kasutatakse sageli selleks, et veenduda, et ettev\u00f5tte t\u00f6\u00f6tajad on ausad ja ei tee lubamatuid tegevusi, kui neid ei j\u00e4lgita. Lauale v\u00f5i mujale j\u00e4etud tulemasin ei \u00e4rata kahtlust, seega teevad t\u00f6\u00f6tajad seda, mida nad on harjunud tegema. Kuigi paljudel juhtudel kinnitavad salakaamerad vaid seda, et t\u00f6\u00f6tajad teevad \u00f5igesti, ei saa kunagi kindel olla, et nad seda ka teevad. Seega, kui soovite kahtlusi hajutada, kasutage v\u00f5imalust osta salakaamera t\u00f5eliselt hea hinnaga ja see v\u00f5ib end \u00e4ra tasuda. Seda peidetud kaamerat saab kasutada paljudes olukordades, nii et kui soovite n\u00e4ha, mis toimub siis, kui teid ei ole kohal v\u00f5i koguda t\u00f5endeid, kaaluge seda v\u00f5imalust.<\/p>","protected":false},"excerpt":{"rendered":"<p>Kvaliteetse sisseehitatud salakaameraga tulemasinad. Kvaliteetsed pildid ja video. V\u00f5imatu m\u00e4rgata.<\/p>","protected":false},"featured_media":1580,"template":"","meta":[],"product_brand":[],"product_cat":[330,321],"product_tag":[325,23,328,465],"class_list":{"0":"post-1254","1":"product","2":"type-product","3":"status-publish","4":"has-post-thumbnail","6":"product_cat-masketas-kameras","7":"product_cat-sleptas-kameras","8":"product_tag-izsekosanas-kamera","9":"product_tag-kamera","10":"product_tag-slepena-kamera","11":"product_tag-vieglaka-kamera","13":"first","14":"outofstock","15":"taxable","16":"shipping-taxable","17":"purchasable","18":"product-type-simple"},"yoast_head":"<!-- This site is optimized with the Yoast SEO plugin v27.5 - https:\/\/yoast.com\/product\/yoast-seo-wordpress\/ -->\n<title>FHD slepen\u0101 kamera ar micro SD atmi\u0146as karti<\/title>\n<meta name=\"description\" content=\"\u0160\u0137iltavas ar augstas kvalit\u0101tes ieb\u016bv\u0113tu slepeno kameru. Augstas kvalit\u0101tes att\u0113li un video. Neiesp\u0113jami paman\u012bt.\" \/>\n<meta name=\"robots\" content=\"index, follow, max-snippet:-1, max-image-preview:large, max-video-preview:-1\" \/>\n<link rel=\"canonical\" href=\"https:\/\/izsekosanasierices.lv\/et\/produkts\/videokamera-slepena-kamera-fhd-ar-microsd\/\" \/>\n<meta property=\"og:locale\" content=\"et_EE\" \/>\n<meta property=\"og:type\" content=\"article\" \/>\n<meta property=\"og:title\" content=\"\u0160\u0137iltavas ar slepeno FHD kameru\" \/>\n<meta property=\"og:description\" content=\"Augstas kvalit\u0101tes \u0161\u0137iltavas ar ieb\u016bv\u0113tu slepeno kameru Augstas kvalit\u0101tes att\u0113lu film\u0113 un vairs nekad netiks paman\u012bts. Slepeni v\u0101c pavedienus. Nos\u016bt\u012bts ar apmaks\u0101tu pasta maksu\" \/>\n<meta property=\"og:url\" content=\"https:\/\/izsekosanasierices.lv\/et\/produkts\/videokamera-slepena-kamera-fhd-ar-microsd\/\" \/>\n<meta property=\"og:site_name\" content=\"Nr1 Izseko\u0161anas ier\u012bces gps izseko\u0161anas iek\u0101rtas, klaus\u012b\u0161an\u0101s iek\u0101rtas\" \/>\n<meta property=\"article:modified_time\" content=\"2025-11-19T13:33:39+00:00\" \/>\n<meta property=\"og:image\" content=\"https:\/\/izsekosanasierices.lv\/wp-content\/uploads\/izsekosanasierices.webp\" \/>\n<meta name=\"twitter:card\" content=\"summary_large_image\" \/>\n<meta name=\"twitter:title\" content=\"\u0160\u0137iltavas ar slepeno FHD kameru\" \/>\n<meta name=\"twitter:description\" content=\"Augstas kvalit\u0101tes \u0161\u0137iltavas ar ieb\u016bv\u0113tu slepeno kameru Augstas kvalit\u0101tes att\u0113lu film\u0113 un vairs nekad netiks paman\u012bts. Slepeni v\u0101c pavedienus. Nos\u016bt\u012bts ar apmaks\u0101tu pasta maksu\" \/>\n<meta name=\"twitter:label1\" content=\"Est. reading time\" \/>\n\t<meta name=\"twitter:data1\" content=\"3 minutit\" \/>\n<script type=\"application\/ld+json\" class=\"yoast-schema-graph\">{\"@context\":\"https:\\\/\\\/schema.org\",\"@graph\":[{\"@type\":\"WebPage\",\"@id\":\"https:\\\/\\\/izsekosanasierices.lv\\\/produkts\\\/videokamera-slepena-kamera-fhd-ar-microsd\\\/\",\"url\":\"https:\\\/\\\/izsekosanasierices.lv\\\/produkts\\\/videokamera-slepena-kamera-fhd-ar-microsd\\\/\",\"name\":\"FHD slepen\u0101 kamera ar micro SD atmi\u0146as karti\",\"isPartOf\":{\"@id\":\"https:\\\/\\\/izsekosanasierices.lv\\\/#website\"},\"primaryImageOfPage\":{\"@id\":\"https:\\\/\\\/izsekosanasierices.lv\\\/produkts\\\/videokamera-slepena-kamera-fhd-ar-microsd\\\/#primaryimage\"},\"image\":{\"@id\":\"https:\\\/\\\/izsekosanasierices.lv\\\/produkts\\\/videokamera-slepena-kamera-fhd-ar-microsd\\\/#primaryimage\"},\"thumbnailUrl\":\"https:\\\/\\\/izsekosanasierices.lv\\\/wp-content\\\/uploads\\\/izsekosanasierices-ziebtuvelis-slapta-kamera-fhd.jpg\",\"datePublished\":\"2023-10-05T15:37:11+00:00\",\"dateModified\":\"2025-11-19T13:33:39+00:00\",\"description\":\"\u0160\u0137iltavas ar augstas kvalit\u0101tes ieb\u016bv\u0113tu slepeno kameru. Augstas kvalit\u0101tes att\u0113li un video. Neiesp\u0113jami paman\u012bt.\",\"breadcrumb\":{\"@id\":\"https:\\\/\\\/izsekosanasierices.lv\\\/produkts\\\/videokamera-slepena-kamera-fhd-ar-microsd\\\/#breadcrumb\"},\"inLanguage\":\"et\",\"potentialAction\":[{\"@type\":\"ReadAction\",\"target\":[\"https:\\\/\\\/izsekosanasierices.lv\\\/produkts\\\/videokamera-slepena-kamera-fhd-ar-microsd\\\/\"]}]},{\"@type\":\"ImageObject\",\"inLanguage\":\"et\",\"@id\":\"https:\\\/\\\/izsekosanasierices.lv\\\/produkts\\\/videokamera-slepena-kamera-fhd-ar-microsd\\\/#primaryimage\",\"url\":\"https:\\\/\\\/izsekosanasierices.lv\\\/wp-content\\\/uploads\\\/izsekosanasierices-ziebtuvelis-slapta-kamera-fhd.jpg\",\"contentUrl\":\"https:\\\/\\\/izsekosanasierices.lv\\\/wp-content\\\/uploads\\\/izsekosanasierices-ziebtuvelis-slapta-kamera-fhd.jpg\",\"width\":430,\"height\":353,\"caption\":\"\u017diebtuv\u0117lis FHD kamera\"},{\"@type\":\"BreadcrumbList\",\"@id\":\"https:\\\/\\\/izsekosanasierices.lv\\\/produkts\\\/videokamera-slepena-kamera-fhd-ar-microsd\\\/#breadcrumb\",\"itemListElement\":[{\"@type\":\"ListItem\",\"position\":1,\"name\":\"S\u0101kums\",\"item\":\"https:\\\/\\\/izsekosanasierices.lv\\\/\"},{\"@type\":\"ListItem\",\"position\":2,\"name\":\"Veikals\",\"item\":\"https:\\\/\\\/izsekosanasierices.lv\\\/veikals\\\/\"},{\"@type\":\"ListItem\",\"position\":3,\"name\":\"FHD slepen\u0101 kamera ar micro SD atmi\u0146as karti\"}]},{\"@type\":\"WebSite\",\"@id\":\"https:\\\/\\\/izsekosanasierices.lv\\\/#website\",\"url\":\"https:\\\/\\\/izsekosanasierices.lv\\\/\",\"name\":\"Nr1 Izseko\u0161anas ier\u012bces gps izseko\u0161anas iek\u0101rtas, klaus\u012b\u0161an\u0101s iek\u0101rtas\",\"description\":\"\",\"potentialAction\":[{\"@type\":\"SearchAction\",\"target\":{\"@type\":\"EntryPoint\",\"urlTemplate\":\"https:\\\/\\\/izsekosanasierices.lv\\\/?s={search_term_string}\"},\"query-input\":{\"@type\":\"PropertyValueSpecification\",\"valueRequired\":true,\"valueName\":\"search_term_string\"}}],\"inLanguage\":\"et\"}]}<\/script>\n<!-- \/ Yoast SEO plugin. -->","yoast_head_json":{"title":"FHD slepen\u0101 kamera ar micro SD atmi\u0146as karti","description":"\u0160\u0137iltavas ar augstas kvalit\u0101tes ieb\u016bv\u0113tu slepeno kameru. Augstas kvalit\u0101tes att\u0113li un video. Neiesp\u0113jami paman\u012bt.","robots":{"index":"index","follow":"follow","max-snippet":"max-snippet:-1","max-image-preview":"max-image-preview:large","max-video-preview":"max-video-preview:-1"},"canonical":"https:\/\/izsekosanasierices.lv\/et\/produkts\/videokamera-slepena-kamera-fhd-ar-microsd\/","og_locale":"et_EE","og_type":"article","og_title":"\u0160\u0137iltavas ar slepeno FHD kameru","og_description":"Augstas kvalit\u0101tes \u0161\u0137iltavas ar ieb\u016bv\u0113tu slepeno kameru Augstas kvalit\u0101tes att\u0113lu film\u0113 un vairs nekad netiks paman\u012bts. Slepeni v\u0101c pavedienus. Nos\u016bt\u012bts ar apmaks\u0101tu pasta maksu","og_url":"https:\/\/izsekosanasierices.lv\/et\/produkts\/videokamera-slepena-kamera-fhd-ar-microsd\/","og_site_name":"Nr1 Izseko\u0161anas ier\u012bces gps izseko\u0161anas iek\u0101rtas, klaus\u012b\u0161an\u0101s iek\u0101rtas","article_modified_time":"2025-11-19T13:33:39+00:00","og_image":[{"url":"https:\/\/izsekosanasierices.lv\/wp-content\/uploads\/izsekosanasierices.webp","type":"","width":"","height":""}],"twitter_card":"summary_large_image","twitter_title":"\u0160\u0137iltavas ar slepeno FHD kameru","twitter_description":"Augstas kvalit\u0101tes \u0161\u0137iltavas ar ieb\u016bv\u0113tu slepeno kameru Augstas kvalit\u0101tes att\u0113lu film\u0113 un vairs nekad netiks paman\u012bts. Slepeni v\u0101c pavedienus. Nos\u016bt\u012bts ar apmaks\u0101tu pasta maksu","twitter_misc":{"Est. reading time":"3 minutit"},"schema":{"@context":"https:\/\/schema.org","@graph":[{"@type":"WebPage","@id":"https:\/\/izsekosanasierices.lv\/produkts\/videokamera-slepena-kamera-fhd-ar-microsd\/","url":"https:\/\/izsekosanasierices.lv\/produkts\/videokamera-slepena-kamera-fhd-ar-microsd\/","name":"FHD slepen\u0101 kamera ar micro SD atmi\u0146as karti","isPartOf":{"@id":"https:\/\/izsekosanasierices.lv\/#website"},"primaryImageOfPage":{"@id":"https:\/\/izsekosanasierices.lv\/produkts\/videokamera-slepena-kamera-fhd-ar-microsd\/#primaryimage"},"image":{"@id":"https:\/\/izsekosanasierices.lv\/produkts\/videokamera-slepena-kamera-fhd-ar-microsd\/#primaryimage"},"thumbnailUrl":"https:\/\/izsekosanasierices.lv\/wp-content\/uploads\/izsekosanasierices-ziebtuvelis-slapta-kamera-fhd.jpg","datePublished":"2023-10-05T15:37:11+00:00","dateModified":"2025-11-19T13:33:39+00:00","description":"\u0160\u0137iltavas ar augstas kvalit\u0101tes ieb\u016bv\u0113tu slepeno kameru. Augstas kvalit\u0101tes att\u0113li un video. Neiesp\u0113jami paman\u012bt.","breadcrumb":{"@id":"https:\/\/izsekosanasierices.lv\/produkts\/videokamera-slepena-kamera-fhd-ar-microsd\/#breadcrumb"},"inLanguage":"et","potentialAction":[{"@type":"ReadAction","target":["https:\/\/izsekosanasierices.lv\/produkts\/videokamera-slepena-kamera-fhd-ar-microsd\/"]}]},{"@type":"ImageObject","inLanguage":"et","@id":"https:\/\/izsekosanasierices.lv\/produkts\/videokamera-slepena-kamera-fhd-ar-microsd\/#primaryimage","url":"https:\/\/izsekosanasierices.lv\/wp-content\/uploads\/izsekosanasierices-ziebtuvelis-slapta-kamera-fhd.jpg","contentUrl":"https:\/\/izsekosanasierices.lv\/wp-content\/uploads\/izsekosanasierices-ziebtuvelis-slapta-kamera-fhd.jpg","width":430,"height":353,"caption":"\u017diebtuv\u0117lis FHD kamera"},{"@type":"BreadcrumbList","@id":"https:\/\/izsekosanasierices.lv\/produkts\/videokamera-slepena-kamera-fhd-ar-microsd\/#breadcrumb","itemListElement":[{"@type":"ListItem","position":1,"name":"S\u0101kums","item":"https:\/\/izsekosanasierices.lv\/"},{"@type":"ListItem","position":2,"name":"Veikals","item":"https:\/\/izsekosanasierices.lv\/veikals\/"},{"@type":"ListItem","position":3,"name":"FHD slepen\u0101 kamera ar micro SD atmi\u0146as karti"}]},{"@type":"WebSite","@id":"https:\/\/izsekosanasierices.lv\/#website","url":"https:\/\/izsekosanasierices.lv\/","name":"Nr1 Izseko\u0161anas ier\u012bces gps izseko\u0161anas iek\u0101rtas, klaus\u012b\u0161an\u0101s iek\u0101rtas","description":"","potentialAction":[{"@type":"SearchAction","target":{"@type":"EntryPoint","urlTemplate":"https:\/\/izsekosanasierices.lv\/?s={search_term_string}"},"query-input":{"@type":"PropertyValueSpecification","valueRequired":true,"valueName":"search_term_string"}}],"inLanguage":"et"}]}},"_links":{"self":[{"href":"https:\/\/izsekosanasierices.lv\/et\/wp-json\/wp\/v2\/product\/1254","targetHints":{"allow":["GET"]}}],"collection":[{"href":"https:\/\/izsekosanasierices.lv\/et\/wp-json\/wp\/v2\/product"}],"about":[{"href":"https:\/\/izsekosanasierices.lv\/et\/wp-json\/wp\/v2\/types\/product"}],"wp:featuredmedia":[{"embeddable":true,"href":"https:\/\/izsekosanasierices.lv\/et\/wp-json\/wp\/v2\/media\/1580"}],"wp:attachment":[{"href":"https:\/\/izsekosanasierices.lv\/et\/wp-json\/wp\/v2\/media?parent=1254"}],"wp:term":[{"taxonomy":"product_brand","embeddable":true,"href":"https:\/\/izsekosanasierices.lv\/et\/wp-json\/wp\/v2\/product_brand?post=1254"},{"taxonomy":"product_cat","embeddable":true,"href":"https:\/\/izsekosanasierices.lv\/et\/wp-json\/wp\/v2\/product_cat?post=1254"},{"taxonomy":"product_tag","embeddable":true,"href":"https:\/\/izsekosanasierices.lv\/et\/wp-json\/wp\/v2\/product_tag?post=1254"}],"curies":[{"name":"wp","href":"https:\/\/api.w.org\/{rel}","templated":true}]}}