{"id":1255,"date":"2023-10-05T15:37:25","date_gmt":"2023-10-05T15:37:25","guid":{"rendered":"https:\/\/izsekosanasierices.lv\/produktas\/tusinukas-kamera-diktofonas-aukstos-kokybes-vaizdas\/"},"modified":"2025-11-19T15:15:01","modified_gmt":"2025-11-19T13:15:01","slug":"pildspalva-paslepta-kamera-diktofons-augstas-kvalitates-attels","status":"publish","type":"product","link":"https:\/\/izsekosanasierices.lv\/et\/produkts\/pliiats-peidetud-kaamera-diktofoni-korge-kvaliteediga-pilte\/","title":{"rendered":"Pliiatsisse peidetud kaamera \/ diktofon, kvaliteetne pilt"},"content":{"rendered":"<h3><strong>TEHNILISED N\u00c4ITAJAD:<\/strong><\/h3>\n<ul>\n<li>M\u00e4lukaardi tugi: micro SD\/SDHC kuni 32 GB (ei kuulu komplekti)<\/li>\n<li>Video salvestamine koos heliga<\/li>\n<li>Pildi resolutsioon: HD 1600 x 1200 px<\/li>\n<li>Videoformaat: avi | 30 kaadrit sekundis<\/li>\n<li>Filmimisnurk: 90\u00b0<\/li>\n<li>Heli: mikrofon koos m\u00fcrasummutusega sagedusel 24 kHz<\/li>\n<li>\u00dchendusstandard: USB 1.1 ja 2.0<\/li>\n<li>Laetav aku: 3,7 V 300 mAh<\/li>\n<li>\u00dchilduvus Windows, Mac OS<\/li>\n<li>T\u00f6\u00f6temperatuur: -10\u00b0C ~ 60\u00b0C<\/li>\n<li>V\u00e4rv: must, kuldne<\/li>\n<li>Sisaldab pliiatsit koos peidetud kaameraga, kasutusjuhend.<\/li>\n<li><strong>Garantii 12 kuud<\/strong><\/li>\n<\/ul>\n<p>&nbsp;<\/p>\n<p><span style=\"color: #ff0000;\"><strong>Vajad kiiret sama p\u00e4eva (ja n\u00e4dalavahetuse) kohaletoimetamist?  Helistage +37120484176<\/strong><\/span><\/p>\n<p>&nbsp;<\/p>\n<p>Kasutamine: teie ohutuse tagamiseks, laste ohutuse tagamiseks.<\/p>\n<p>&nbsp;<\/p>\n<p>Salajase kaameraga pliiats. Kasutage seda seadet isegi k\u00f5ige salajasemate koosolekute ja \u00e4rivestluste salvestamiseks v\u00f5i vajalike t\u00f5endite kogumiseks. Seda kaamerat saab kasutada helisalvestajana, videokaamerana v\u00f5i kaamerana. Video salvestatakse avi-vormingus 30 kaadrit sekundis ja 90 kraadi ulatuses. Varjatud kaamera on varustatud sisemise 300 mAh akuga. See pliiats ei erine visuaalselt tavalisest pliiatsist, mida kasutate iga p\u00e4ev. Kaameral on \u00fcliv\u00e4ike objektiiv, mille l\u00e4bim\u00f5\u00f5t on vaid 1 mm. Pliiatsi \u00fclaosas on sisse- ja v\u00e4ljal\u00fclitamise nupp.<\/p>\n<p><strong>\u00a0<\/strong><\/p>\n<p><strong>Kaamera \/ diktofon maskeeritud pliiatsiga. K\u00f5rge kvaliteediga pilt<\/strong><\/p>\n<p>T\u00e4nap\u00e4eval on saadaval suur valik peidetud kaameraid, kuid mitte k\u00f5ik neist ei ole h\u00e4sti maskeeritud. See v\u00f5ib n\u00f5uda palju oskusi ja muidugi ka osavust, seega kui te ei ole kindel, kas konkreetne varjatud kaamera j\u00e4\u00e4b m\u00e4rkamatuks, valige kaamerad, mis on sisse ehitatud erinevatesse igap\u00e4evastesse esemetesse. \u00dcks parimaid valikuid on peidetud kaameraga pastapliiats: selle v\u00f5ib julgelt lauale v\u00f5i n\u00e4htavale j\u00e4tta, ilma et peaksite muretsema, et ruumis viibijad kahtlustavad, et neid filmitakse.<\/p>\n<p>&nbsp;<\/p>\n<p>Varjatud kaamerad v\u00f5ivad olla kasulikud mitmesugustes olukordades, n\u00e4iteks selleks, et t\u00f5estada, et teatud isikud tegutsevad pahauskselt, v\u00f5i lihtsalt selleks, et veenduda, et t\u00f6\u00f6tajad v\u00f5i teised isikud ei tee lubamatuid tegevusi. Salakaameraga kuulipilduja j\u00e4tmine ruumi ei tekita mingit kahtlust, seega on suur t\u00f5en\u00e4osus, et j\u00e4lgitavad isikud k\u00e4ituvad nii, nagu nad on harjunud. See v\u00f5ib aidata koguda vajalikku teavet, et v\u00f5tta asjakohaseid meetmeid.<\/p>\n<p>Kuigi pliiats ja selle sisseehitatud kaamera on v\u00e4ikesed seadmed, v\u00f5ite olla kindel, et j\u00e4\u00e4dvustatud pilt on kvaliteetne. CCTV-kaamerate salvestusresolutsioon on 1600 \u00d7 1200 px, seega on videokvaliteet piisav, et j\u00e4\u00e4dvustada vajalikku teavet. See kaamera suudab filmida 90-kraadise nurga all, nii et peate vaid m\u00f5tlema, kuhu seda maskeeritud kaamerat k\u00f5ige paremini paigutada. Sisseehitatud helisalvestajal on ka m\u00fcra summutamise funktsioon, nii et v\u00f5ite olla kindel, et mitte ainult video, vaid ka heli on kvaliteetne.<\/p>\n<p>&nbsp;<\/p>\n<p>Selle kaamera objektiiv on v\u00e4ga v\u00e4ike (ainult 1 mm l\u00e4bim\u00f5\u00f5duga), kuid see ei t\u00e4henda, et sellega ei saa j\u00e4\u00e4dvustada kvaliteetseid pilte. K\u00f5ige t\u00e4htsam on see, et kaamera ei vilgu filmimise ajal, nii et v\u00f5ite olla kindel, et objekt ei tekita mingit kahtlust. Selle kaameraga saab salvestada videot v\u00f5i heli ning vajadusel saab aktiveerida fotofunktsiooni. Seda on v\u00e4ga lihtne kasutada, hind on v\u00e4ga m\u00f5istlik ja tundlik teave, mida see v\u00f5ib anda, v\u00f5ib teatud olukordades olla hindamatu v\u00e4\u00e4rtusega. Nii et kui teil on kahtlusi, v\u00f5ib see seade aidata neid hajutada.<\/p>","protected":false},"excerpt":{"rendered":"<p>Kaamera pliiatsis - salvestage pilte koos heliga v\u00f5i kasutage pliiatsit helisalvestajana. Toetab kuni 32 GB suuruseid micro SD-kaarte. Koguge salaja t\u00f5endeid.<\/p>","protected":false},"featured_media":1583,"template":"","meta":[],"product_brand":[],"product_cat":[330,321],"product_tag":[325,23,420,421,328],"class_list":{"0":"post-1255","1":"product","2":"type-product","3":"status-publish","4":"has-post-thumbnail","6":"product_cat-masketas-kameras","7":"product_cat-sleptas-kameras","8":"product_tag-izsekosanas-kamera","9":"product_tag-kamera","10":"product_tag-lodisu-pildspalvas-kamera","11":"product_tag-pildspalvu-kamera","12":"product_tag-slepena-kamera","14":"first","15":"outofstock","16":"taxable","17":"shipping-taxable","18":"purchasable","19":"product-type-simple"},"yoast_head":"<!-- This site is optimized with the Yoast SEO plugin v27.5 - https:\/\/yoast.com\/product\/yoast-seo-wordpress\/ -->\n<title>Pildspalv\u0101 pasl\u0113pta kamera \/ diktofons, augstas kvalit\u0101tes att\u0113ls<\/title>\n<meta name=\"description\" content=\"Pildspalv\u0101 nomask\u0113ta kamera iesp\u0113ja ierakst\u012bt att\u0113lus ar ska\u0146u vai izmantot pildspalvu k\u0101 diktofonu Atbalsta mSD kartes ar ietilp\u012bbu l\u012bdz 32gb Slepeni v\u0101c..\" \/>\n<meta name=\"robots\" content=\"index, follow, max-snippet:-1, max-image-preview:large, max-video-preview:-1\" \/>\n<link rel=\"canonical\" href=\"https:\/\/izsekosanasierices.lv\/et\/produkts\/pliiats-peidetud-kaamera-diktofoni-korge-kvaliteediga-pilte\/\" \/>\n<meta property=\"og:locale\" content=\"et_EE\" \/>\n<meta property=\"og:type\" content=\"article\" \/>\n<meta property=\"og:title\" content=\"Pildspalvu kamera\/diktafons Augstas kvalit\u0101tes att\u0113ls\" \/>\n<meta property=\"og:description\" content=\"Pildspalvas kamera - iesp\u0113ja ierakst\u012bt att\u0113lus ar ska\u0146u vai izmantot pildspalvu k\u0101 diktofonu. Atbalsta microSD kartes l\u012bdz 32 GB. Slepeni v\u0101c pavedienus.\" \/>\n<meta property=\"og:url\" content=\"https:\/\/izsekosanasierices.lv\/et\/produkts\/pliiats-peidetud-kaamera-diktofoni-korge-kvaliteediga-pilte\/\" \/>\n<meta property=\"og:site_name\" content=\"Nr1 Izseko\u0161anas ier\u012bces gps izseko\u0161anas iek\u0101rtas, klaus\u012b\u0161an\u0101s iek\u0101rtas\" \/>\n<meta property=\"article:modified_time\" content=\"2025-11-19T13:15:01+00:00\" \/>\n<meta property=\"og:image\" content=\"https:\/\/rvnski.dev\/sekimoiranga\/wp-content\/uploads\/izsekosanasierices.webp\" \/>\n<meta name=\"twitter:card\" content=\"summary_large_image\" \/>\n<meta name=\"twitter:title\" content=\"Pildspalvu kamera\/diktafons Augstas kvalit\u0101tes att\u0113ls\" \/>\n<meta name=\"twitter:description\" content=\"Pildspalvas kamera - iesp\u0113ja ierakst\u012bt att\u0113lus ar ska\u0146u vai izmantot pildspalvu k\u0101 diktofonu. Atbalsta microSD kartes l\u012bdz 32 GB. Slepeni v\u0101c pavedienus.\" \/>\n<meta name=\"twitter:label1\" content=\"Est. reading time\" \/>\n\t<meta name=\"twitter:data1\" content=\"3 minutit\" \/>\n<script type=\"application\/ld+json\" class=\"yoast-schema-graph\">{\"@context\":\"https:\\\/\\\/schema.org\",\"@graph\":[{\"@type\":\"WebPage\",\"@id\":\"https:\\\/\\\/izsekosanasierices.lv\\\/produkts\\\/pildspalva-paslepta-kamera-diktofons-augstas-kvalitates-attels\\\/\",\"url\":\"https:\\\/\\\/izsekosanasierices.lv\\\/produkts\\\/pildspalva-paslepta-kamera-diktofons-augstas-kvalitates-attels\\\/\",\"name\":\"Pildspalv\u0101 pasl\u0113pta kamera \\\/ diktofons, augstas kvalit\u0101tes att\u0113ls\",\"isPartOf\":{\"@id\":\"https:\\\/\\\/izsekosanasierices.lv\\\/#website\"},\"primaryImageOfPage\":{\"@id\":\"https:\\\/\\\/izsekosanasierices.lv\\\/produkts\\\/pildspalva-paslepta-kamera-diktofons-augstas-kvalitates-attels\\\/#primaryimage\"},\"image\":{\"@id\":\"https:\\\/\\\/izsekosanasierices.lv\\\/produkts\\\/pildspalva-paslepta-kamera-diktofons-augstas-kvalitates-attels\\\/#primaryimage\"},\"thumbnailUrl\":\"https:\\\/\\\/izsekosanasierices.lv\\\/wp-content\\\/uploads\\\/izsekosanasierices-tusinukas-kamera-diktofonas-aukstos-kokybes-vaizdas.jpg\",\"datePublished\":\"2023-10-05T15:37:25+00:00\",\"dateModified\":\"2025-11-19T13:15:01+00:00\",\"description\":\"Pildspalv\u0101 nomask\u0113ta kamera iesp\u0113ja ierakst\u012bt att\u0113lus ar ska\u0146u vai izmantot pildspalvu k\u0101 diktofonu Atbalsta mSD kartes ar ietilp\u012bbu l\u012bdz 32gb Slepeni v\u0101c..\",\"breadcrumb\":{\"@id\":\"https:\\\/\\\/izsekosanasierices.lv\\\/produkts\\\/pildspalva-paslepta-kamera-diktofons-augstas-kvalitates-attels\\\/#breadcrumb\"},\"inLanguage\":\"et\",\"potentialAction\":[{\"@type\":\"ReadAction\",\"target\":[\"https:\\\/\\\/izsekosanasierices.lv\\\/produkts\\\/pildspalva-paslepta-kamera-diktofons-augstas-kvalitates-attels\\\/\"]}]},{\"@type\":\"ImageObject\",\"inLanguage\":\"et\",\"@id\":\"https:\\\/\\\/izsekosanasierices.lv\\\/produkts\\\/pildspalva-paslepta-kamera-diktofons-augstas-kvalitates-attels\\\/#primaryimage\",\"url\":\"https:\\\/\\\/izsekosanasierices.lv\\\/wp-content\\\/uploads\\\/izsekosanasierices-tusinukas-kamera-diktofonas-aukstos-kokybes-vaizdas.jpg\",\"contentUrl\":\"https:\\\/\\\/izsekosanasierices.lv\\\/wp-content\\\/uploads\\\/izsekosanasierices-tusinukas-kamera-diktofonas-aukstos-kokybes-vaizdas.jpg\",\"width\":500,\"height\":500,\"caption\":\"Slapta kamera tu\u0161inuke parkeryje\"},{\"@type\":\"BreadcrumbList\",\"@id\":\"https:\\\/\\\/izsekosanasierices.lv\\\/produkts\\\/pildspalva-paslepta-kamera-diktofons-augstas-kvalitates-attels\\\/#breadcrumb\",\"itemListElement\":[{\"@type\":\"ListItem\",\"position\":1,\"name\":\"S\u0101kums\",\"item\":\"https:\\\/\\\/izsekosanasierices.lv\\\/\"},{\"@type\":\"ListItem\",\"position\":2,\"name\":\"Veikals\",\"item\":\"https:\\\/\\\/izsekosanasierices.lv\\\/veikals\\\/\"},{\"@type\":\"ListItem\",\"position\":3,\"name\":\"Pildspalv\u0101 pasl\u0113pta kamera \\\/ diktofons, augstas kvalit\u0101tes att\u0113ls\"}]},{\"@type\":\"WebSite\",\"@id\":\"https:\\\/\\\/izsekosanasierices.lv\\\/#website\",\"url\":\"https:\\\/\\\/izsekosanasierices.lv\\\/\",\"name\":\"Nr1 Izseko\u0161anas ier\u012bces gps izseko\u0161anas iek\u0101rtas, klaus\u012b\u0161an\u0101s iek\u0101rtas\",\"description\":\"\",\"potentialAction\":[{\"@type\":\"SearchAction\",\"target\":{\"@type\":\"EntryPoint\",\"urlTemplate\":\"https:\\\/\\\/izsekosanasierices.lv\\\/?s={search_term_string}\"},\"query-input\":{\"@type\":\"PropertyValueSpecification\",\"valueRequired\":true,\"valueName\":\"search_term_string\"}}],\"inLanguage\":\"et\"}]}<\/script>\n<!-- \/ Yoast SEO plugin. -->","yoast_head_json":{"title":"Pildspalv\u0101 pasl\u0113pta kamera \/ diktofons, augstas kvalit\u0101tes att\u0113ls","description":"Pildspalv\u0101 nomask\u0113ta kamera iesp\u0113ja ierakst\u012bt att\u0113lus ar ska\u0146u vai izmantot pildspalvu k\u0101 diktofonu Atbalsta mSD kartes ar ietilp\u012bbu l\u012bdz 32gb Slepeni v\u0101c..","robots":{"index":"index","follow":"follow","max-snippet":"max-snippet:-1","max-image-preview":"max-image-preview:large","max-video-preview":"max-video-preview:-1"},"canonical":"https:\/\/izsekosanasierices.lv\/et\/produkts\/pliiats-peidetud-kaamera-diktofoni-korge-kvaliteediga-pilte\/","og_locale":"et_EE","og_type":"article","og_title":"Pildspalvu kamera\/diktafons Augstas kvalit\u0101tes att\u0113ls","og_description":"Pildspalvas kamera - iesp\u0113ja ierakst\u012bt att\u0113lus ar ska\u0146u vai izmantot pildspalvu k\u0101 diktofonu. Atbalsta microSD kartes l\u012bdz 32 GB. Slepeni v\u0101c pavedienus.","og_url":"https:\/\/izsekosanasierices.lv\/et\/produkts\/pliiats-peidetud-kaamera-diktofoni-korge-kvaliteediga-pilte\/","og_site_name":"Nr1 Izseko\u0161anas ier\u012bces gps izseko\u0161anas iek\u0101rtas, klaus\u012b\u0161an\u0101s iek\u0101rtas","article_modified_time":"2025-11-19T13:15:01+00:00","og_image":[{"url":"https:\/\/rvnski.dev\/sekimoiranga\/wp-content\/uploads\/izsekosanasierices.webp","type":"","width":"","height":""}],"twitter_card":"summary_large_image","twitter_title":"Pildspalvu kamera\/diktafons Augstas kvalit\u0101tes att\u0113ls","twitter_description":"Pildspalvas kamera - iesp\u0113ja ierakst\u012bt att\u0113lus ar ska\u0146u vai izmantot pildspalvu k\u0101 diktofonu. Atbalsta microSD kartes l\u012bdz 32 GB. Slepeni v\u0101c pavedienus.","twitter_misc":{"Est. reading time":"3 minutit"},"schema":{"@context":"https:\/\/schema.org","@graph":[{"@type":"WebPage","@id":"https:\/\/izsekosanasierices.lv\/produkts\/pildspalva-paslepta-kamera-diktofons-augstas-kvalitates-attels\/","url":"https:\/\/izsekosanasierices.lv\/produkts\/pildspalva-paslepta-kamera-diktofons-augstas-kvalitates-attels\/","name":"Pildspalv\u0101 pasl\u0113pta kamera \/ diktofons, augstas kvalit\u0101tes att\u0113ls","isPartOf":{"@id":"https:\/\/izsekosanasierices.lv\/#website"},"primaryImageOfPage":{"@id":"https:\/\/izsekosanasierices.lv\/produkts\/pildspalva-paslepta-kamera-diktofons-augstas-kvalitates-attels\/#primaryimage"},"image":{"@id":"https:\/\/izsekosanasierices.lv\/produkts\/pildspalva-paslepta-kamera-diktofons-augstas-kvalitates-attels\/#primaryimage"},"thumbnailUrl":"https:\/\/izsekosanasierices.lv\/wp-content\/uploads\/izsekosanasierices-tusinukas-kamera-diktofonas-aukstos-kokybes-vaizdas.jpg","datePublished":"2023-10-05T15:37:25+00:00","dateModified":"2025-11-19T13:15:01+00:00","description":"Pildspalv\u0101 nomask\u0113ta kamera iesp\u0113ja ierakst\u012bt att\u0113lus ar ska\u0146u vai izmantot pildspalvu k\u0101 diktofonu Atbalsta mSD kartes ar ietilp\u012bbu l\u012bdz 32gb Slepeni v\u0101c..","breadcrumb":{"@id":"https:\/\/izsekosanasierices.lv\/produkts\/pildspalva-paslepta-kamera-diktofons-augstas-kvalitates-attels\/#breadcrumb"},"inLanguage":"et","potentialAction":[{"@type":"ReadAction","target":["https:\/\/izsekosanasierices.lv\/produkts\/pildspalva-paslepta-kamera-diktofons-augstas-kvalitates-attels\/"]}]},{"@type":"ImageObject","inLanguage":"et","@id":"https:\/\/izsekosanasierices.lv\/produkts\/pildspalva-paslepta-kamera-diktofons-augstas-kvalitates-attels\/#primaryimage","url":"https:\/\/izsekosanasierices.lv\/wp-content\/uploads\/izsekosanasierices-tusinukas-kamera-diktofonas-aukstos-kokybes-vaizdas.jpg","contentUrl":"https:\/\/izsekosanasierices.lv\/wp-content\/uploads\/izsekosanasierices-tusinukas-kamera-diktofonas-aukstos-kokybes-vaizdas.jpg","width":500,"height":500,"caption":"Slapta kamera tu\u0161inuke parkeryje"},{"@type":"BreadcrumbList","@id":"https:\/\/izsekosanasierices.lv\/produkts\/pildspalva-paslepta-kamera-diktofons-augstas-kvalitates-attels\/#breadcrumb","itemListElement":[{"@type":"ListItem","position":1,"name":"S\u0101kums","item":"https:\/\/izsekosanasierices.lv\/"},{"@type":"ListItem","position":2,"name":"Veikals","item":"https:\/\/izsekosanasierices.lv\/veikals\/"},{"@type":"ListItem","position":3,"name":"Pildspalv\u0101 pasl\u0113pta kamera \/ diktofons, augstas kvalit\u0101tes att\u0113ls"}]},{"@type":"WebSite","@id":"https:\/\/izsekosanasierices.lv\/#website","url":"https:\/\/izsekosanasierices.lv\/","name":"Nr1 Izseko\u0161anas ier\u012bces gps izseko\u0161anas iek\u0101rtas, klaus\u012b\u0161an\u0101s iek\u0101rtas","description":"","potentialAction":[{"@type":"SearchAction","target":{"@type":"EntryPoint","urlTemplate":"https:\/\/izsekosanasierices.lv\/?s={search_term_string}"},"query-input":{"@type":"PropertyValueSpecification","valueRequired":true,"valueName":"search_term_string"}}],"inLanguage":"et"}]}},"_links":{"self":[{"href":"https:\/\/izsekosanasierices.lv\/et\/wp-json\/wp\/v2\/product\/1255","targetHints":{"allow":["GET"]}}],"collection":[{"href":"https:\/\/izsekosanasierices.lv\/et\/wp-json\/wp\/v2\/product"}],"about":[{"href":"https:\/\/izsekosanasierices.lv\/et\/wp-json\/wp\/v2\/types\/product"}],"wp:featuredmedia":[{"embeddable":true,"href":"https:\/\/izsekosanasierices.lv\/et\/wp-json\/wp\/v2\/media\/1583"}],"wp:attachment":[{"href":"https:\/\/izsekosanasierices.lv\/et\/wp-json\/wp\/v2\/media?parent=1255"}],"wp:term":[{"taxonomy":"product_brand","embeddable":true,"href":"https:\/\/izsekosanasierices.lv\/et\/wp-json\/wp\/v2\/product_brand?post=1255"},{"taxonomy":"product_cat","embeddable":true,"href":"https:\/\/izsekosanasierices.lv\/et\/wp-json\/wp\/v2\/product_cat?post=1255"},{"taxonomy":"product_tag","embeddable":true,"href":"https:\/\/izsekosanasierices.lv\/et\/wp-json\/wp\/v2\/product_tag?post=1255"}],"curies":[{"name":"wp","href":"https:\/\/api.w.org\/{rel}","templated":true}]}}