{"id":1256,"date":"2023-10-05T15:37:25","date_gmt":"2023-10-05T15:37:25","guid":{"rendered":"https:\/\/izsekosanasierices.lv\/produktas\/powerbank-slapta-stebejimo-kamera-5000mah-naktinis-matymas\/"},"modified":"2025-11-19T15:49:42","modified_gmt":"2025-11-19T13:49:42","slug":"powerbank-slepta-noverosanas-kamera-5000mah-nakts-redzamibas","status":"publish","type":"product","link":"https:\/\/izsekosanasierices.lv\/et\/produkts\/powerbank-salajane-kaamera-5000mah-oine-nagemine\/","title":{"rendered":"PowerBank 5000 mAh aku koos peidetud valvekaamera ja \u00f6\u00f6vaatega"},"content":{"rendered":"<h3><strong>TEHNILINE KIRJELDUS<\/strong><\/h3>\n<ul>\n<li>M\u00e4lukaardi tugi: micro SD\/SDHC kuni 32 GB (kaart ei kuulu komplekti)<\/li>\n<li>Video resolutsioon: HD 1920 x 1080 px FULL HD<\/li>\n<li>Videoformaat: avi | 30 kaadrit sekundis<\/li>\n<li>\u00d6ine salvestus: umbes 2 meetrit<\/li>\n<li>Video kestus: umbes 4,5 tundi<\/li>\n<li>Pildistamisnurk: 80\u00b0<\/li>\n<li>Video: 1 h 6 GB<\/li>\n<li>Heli: mikrofon v\u00f5tab kuuldavat heli umbes 3-4 meetri kauguselt.<\/li>\n<li>\u00dchendusstandard: USB 1.1 ja 2.0<\/li>\n<li>Laetav aku: 3,7 V 5000 mAh<\/li>\n<li>\u00dchilduvus Windows, Mac OS<\/li>\n<li>T\u00f6\u00f6temperatuur: -10\u00b0C ~ 60\u00b0C<\/li>\n<li>V\u00e4rv: must<\/li>\n<li>Sisaldab elektripanka, leedukeelsed juhised<\/li>\n<li><strong>Garantii 12 kuud<\/strong><\/li>\n<\/ul>\n<p><strong>\u00a0<\/strong><\/p>\n<p><span style=\"color: #ff0000;\"><strong>Vajad kiiret sama p\u00e4eva (ja n\u00e4dalavahetuse) kohaletoimetamist?  Helistage +37120484176<\/strong><\/span><\/p>\n<p>&nbsp;<\/p>\n<p>Kasutamine: teie ohutuse tagamiseks, laste ohutuse tagamiseks.<\/p>\n<p><strong>\u00a0<\/strong><\/p>\n<p><strong>5000 mAh PowerBank peidetud valvekaamera \u00f6ise n\u00e4gemisega<\/strong><\/p>\n<p>PowerBank on v\u00e4line aku, mis tuleb kasuks, kui teie mobiiltelefoni v\u00f5i muu seadme toide saab otsa. Seadmeid ei ole alati v\u00f5imalik laadida pistikupesa abil, mist\u00f5ttu on v\u00e4lised akud \u00e4ratanud suurt huvi. T\u00e4nap\u00e4eval kasutavad paljud inimesed seda seadet, mist\u00f5ttu on v\u00e4lja t\u00f6\u00f6tatud ka peidetud kaamerad, mis on sellesse esemesse sisse ehitatud. V\u00e4lise aku abil ei kahtlustata teid salajase j\u00e4lgimise teostamises, seega saate ilma suurema vaevata koguda huvipakkuvat teavet.<\/p>\n<p>&nbsp;<\/p>\n<p>PowerBanki varjatud valvekaamera v\u00f5ib olla kasulik mitmes olukorras: t\u00f5endite kogumine, v\u00f5imaliku pettuse kontrollimine jne. Selle peidetud kaamera kasutamine on lihtne ja keegi ei kahtle, et teda filmitakse. See peidetud kaamera v\u00f5imaldab teil pildistada mitte ainult p\u00e4eval, vaid ka pimedal ajal, nii et te ei pea muretsema, et te ei saa teatud olulist teavet j\u00e4\u00e4dvustada ainult halva valguse t\u00f5ttu. \u00d6\u00f6re\u017eiim t\u00f6\u00f6tab umbes 2 meetri raadiuses.<\/p>\n<p>&nbsp;<\/p>\n<p>PowerBanki peidetud valvekaamera aku kestab ilma t\u00e4iendava laadimiseta umbes 4,5 tundi, nii et saate selle aja jooksul kindlasti soovitud kaadrid j\u00e4\u00e4dvustada. Seda salakaamerat on v\u00e4ga lihtne kasutada (salakaamera ostmisel saate ka leedukeelse kasutusjuhendi), nii et filmimine ei n\u00f5ua erilist pingutust. Salakaamerat saab kasutada nii siseruumides kui ka siis, kui soovite veenduda, et teatud isikud k\u00e4ituvad ausalt, kui nad \u00fcksi j\u00e4etakse. PowerBank Secret Camera'i v\u00f5ite j\u00e4tta otse lauale, ilma et peaksite muretsema, et v\u00e4line aku \u00e4ratab kahtlusi.<\/p>\n<p>&nbsp;<\/p>\n<p>Kui te ei ole kindel, kas teatud isikud on ausad v\u00f5i soovite lihtsalt t\u00f5endeid saada, v\u00f5ib PowerBanki peidetud kaamera olla hea valik. Seda seadet saab osta t\u00f5eliselt hea hinnaga ja see aitab teil saada mitmesugust huvipakkuvat teavet. Varjatud kaamera on mitmek\u00fclgne ja kasulik erinevates olukordades.<\/p>","protected":false},"excerpt":{"rendered":"<p>Varjatud valvekaamera, mis on maskeeritud POWERBANKi akuks. V\u00f5imas 5000 mAh aku. \u00d6ine salvestusfunktsioon. Suur valik kaameraid. Tasuta kohaletoimetamine.<\/p>","protected":false},"featured_media":1589,"template":"","meta":[],"product_brand":[],"product_cat":[330,321],"product_tag":[325,23,153,328,415],"class_list":{"0":"post-1256","1":"product","2":"type-product","3":"status-publish","4":"has-post-thumbnail","6":"product_cat-masketas-kameras","7":"product_cat-sleptas-kameras","8":"product_tag-izsekosanas-kamera","9":"product_tag-kamera","10":"product_tag-powerbank-kamera","11":"product_tag-slepena-kamera","12":"product_tag-slepenas-kameras","14":"first","15":"outofstock","16":"taxable","17":"shipping-taxable","18":"purchasable","19":"product-type-simple"},"yoast_head":"<!-- This site is optimized with the Yoast SEO plugin v27.5 - https:\/\/yoast.com\/product\/yoast-seo-wordpress\/ -->\n<title>PowerBank 5000 mAh pasl\u0113pta nov\u0113ro\u0161anas kamera<\/title>\n<meta name=\"description\" content=\"Slepena nov\u0113ro\u0161anas kamera, kas mask\u0113ta POWERBANK akumulator\u0101. Jaud\u012bgs 5000 mAh akumulators. Nakts ierakst\u012b\u0161anas funkcija. Liels fotoapar\u0101tu kl\u0101sts.\" \/>\n<meta name=\"robots\" content=\"index, follow, max-snippet:-1, max-image-preview:large, max-video-preview:-1\" \/>\n<link rel=\"canonical\" href=\"https:\/\/izsekosanasierices.lv\/et\/produkts\/powerbank-salajane-kaamera-5000mah-oine-nagemine\/\" \/>\n<meta property=\"og:locale\" content=\"et_EE\" \/>\n<meta property=\"og:type\" content=\"article\" \/>\n<meta property=\"og:title\" content=\"Slepena kamera POWERBANK + nakts redzam\u012bbas 5000|Mah akumulators\" \/>\n<meta property=\"og:description\" content=\"Slepena nov\u0113ro\u0161anas kamera, kas mask\u0113ta ar POWERBANK, jaud\u012bgu 5000Mah akumulatoru. Nakts ierakst\u012b\u0161anas funkcija. Liels fotoapar\u0101tu kl\u0101sts, Bezmaksas pieg\u0101de\" \/>\n<meta property=\"og:url\" content=\"https:\/\/izsekosanasierices.lv\/et\/produkts\/powerbank-salajane-kaamera-5000mah-oine-nagemine\/\" \/>\n<meta property=\"og:site_name\" content=\"Nr1 Izseko\u0161anas ier\u012bces gps izseko\u0161anas iek\u0101rtas, klaus\u012b\u0161an\u0101s iek\u0101rtas\" \/>\n<meta property=\"article:modified_time\" content=\"2025-11-19T13:49:42+00:00\" \/>\n<meta property=\"og:image\" content=\"https:\/\/rvnski.dev\/sekimoiranga\/wp-content\/uploads\/izsekosanasierices.webp\" \/>\n<meta name=\"twitter:card\" content=\"summary_large_image\" \/>\n<meta name=\"twitter:title\" content=\"Slepena kamera POWERBANK + nakts redzam\u012bbas 5000|Mah akumulators\" \/>\n<meta name=\"twitter:description\" content=\"Slepena nov\u0113ro\u0161anas kamera, kas mask\u0113ta ar POWERBANK, jaud\u012bgu 5000Mah akumulatoru. Nakts ierakst\u012b\u0161anas funkcija. Liels fotoapar\u0101tu kl\u0101sts, Bezmaksas pieg\u0101de\" \/>\n<meta name=\"twitter:label1\" content=\"Est. reading time\" \/>\n\t<meta name=\"twitter:data1\" content=\"3 minutit\" \/>\n<script type=\"application\/ld+json\" class=\"yoast-schema-graph\">{\"@context\":\"https:\\\/\\\/schema.org\",\"@graph\":[{\"@type\":\"WebPage\",\"@id\":\"https:\\\/\\\/izsekosanasierices.lv\\\/produkts\\\/powerbank-slepta-noverosanas-kamera-5000mah-nakts-redzamibas\\\/\",\"url\":\"https:\\\/\\\/izsekosanasierices.lv\\\/produkts\\\/powerbank-slepta-noverosanas-kamera-5000mah-nakts-redzamibas\\\/\",\"name\":\"PowerBank 5000 mAh pasl\u0113pta nov\u0113ro\u0161anas kamera\",\"isPartOf\":{\"@id\":\"https:\\\/\\\/izsekosanasierices.lv\\\/#website\"},\"primaryImageOfPage\":{\"@id\":\"https:\\\/\\\/izsekosanasierices.lv\\\/produkts\\\/powerbank-slepta-noverosanas-kamera-5000mah-nakts-redzamibas\\\/#primaryimage\"},\"image\":{\"@id\":\"https:\\\/\\\/izsekosanasierices.lv\\\/produkts\\\/powerbank-slepta-noverosanas-kamera-5000mah-nakts-redzamibas\\\/#primaryimage\"},\"thumbnailUrl\":\"https:\\\/\\\/izsekosanasierices.lv\\\/wp-content\\\/uploads\\\/izsekosanasierices-powerbank-slapta-stebejimo-kamera-5000mah-naktinis-matymas.jpg\",\"datePublished\":\"2023-10-05T15:37:25+00:00\",\"dateModified\":\"2025-11-19T13:49:42+00:00\",\"description\":\"Slepena nov\u0113ro\u0161anas kamera, kas mask\u0113ta POWERBANK akumulator\u0101. Jaud\u012bgs 5000 mAh akumulators. Nakts ierakst\u012b\u0161anas funkcija. Liels fotoapar\u0101tu kl\u0101sts.\",\"breadcrumb\":{\"@id\":\"https:\\\/\\\/izsekosanasierices.lv\\\/produkts\\\/powerbank-slepta-noverosanas-kamera-5000mah-nakts-redzamibas\\\/#breadcrumb\"},\"inLanguage\":\"et\",\"potentialAction\":[{\"@type\":\"ReadAction\",\"target\":[\"https:\\\/\\\/izsekosanasierices.lv\\\/produkts\\\/powerbank-slepta-noverosanas-kamera-5000mah-nakts-redzamibas\\\/\"]}]},{\"@type\":\"ImageObject\",\"inLanguage\":\"et\",\"@id\":\"https:\\\/\\\/izsekosanasierices.lv\\\/produkts\\\/powerbank-slepta-noverosanas-kamera-5000mah-nakts-redzamibas\\\/#primaryimage\",\"url\":\"https:\\\/\\\/izsekosanasierices.lv\\\/wp-content\\\/uploads\\\/izsekosanasierices-powerbank-slapta-stebejimo-kamera-5000mah-naktinis-matymas.jpg\",\"contentUrl\":\"https:\\\/\\\/izsekosanasierices.lv\\\/wp-content\\\/uploads\\\/izsekosanasierices-powerbank-slapta-stebejimo-kamera-5000mah-naktinis-matymas.jpg\",\"width\":512,\"height\":410,\"caption\":\"Slapta kamera POWERBANK\"},{\"@type\":\"BreadcrumbList\",\"@id\":\"https:\\\/\\\/izsekosanasierices.lv\\\/produkts\\\/powerbank-slepta-noverosanas-kamera-5000mah-nakts-redzamibas\\\/#breadcrumb\",\"itemListElement\":[{\"@type\":\"ListItem\",\"position\":1,\"name\":\"S\u0101kums\",\"item\":\"https:\\\/\\\/izsekosanasierices.lv\\\/\"},{\"@type\":\"ListItem\",\"position\":2,\"name\":\"Veikals\",\"item\":\"https:\\\/\\\/izsekosanasierices.lv\\\/veikals\\\/\"},{\"@type\":\"ListItem\",\"position\":3,\"name\":\"PowerBank 5000 mAh akumulator\u0101 pasl\u0113pta nov\u0113ro\u0161anas kamera ar nakts redzam\u012bbas funkciju\"}]},{\"@type\":\"WebSite\",\"@id\":\"https:\\\/\\\/izsekosanasierices.lv\\\/#website\",\"url\":\"https:\\\/\\\/izsekosanasierices.lv\\\/\",\"name\":\"Nr1 Izseko\u0161anas ier\u012bces gps izseko\u0161anas iek\u0101rtas, klaus\u012b\u0161an\u0101s iek\u0101rtas\",\"description\":\"\",\"potentialAction\":[{\"@type\":\"SearchAction\",\"target\":{\"@type\":\"EntryPoint\",\"urlTemplate\":\"https:\\\/\\\/izsekosanasierices.lv\\\/?s={search_term_string}\"},\"query-input\":{\"@type\":\"PropertyValueSpecification\",\"valueRequired\":true,\"valueName\":\"search_term_string\"}}],\"inLanguage\":\"et\"}]}<\/script>\n<!-- \/ Yoast SEO plugin. -->","yoast_head_json":{"title":"PowerBank 5000 mAh pasl\u0113pta nov\u0113ro\u0161anas kamera","description":"Slepena nov\u0113ro\u0161anas kamera, kas mask\u0113ta POWERBANK akumulator\u0101. Jaud\u012bgs 5000 mAh akumulators. Nakts ierakst\u012b\u0161anas funkcija. Liels fotoapar\u0101tu kl\u0101sts.","robots":{"index":"index","follow":"follow","max-snippet":"max-snippet:-1","max-image-preview":"max-image-preview:large","max-video-preview":"max-video-preview:-1"},"canonical":"https:\/\/izsekosanasierices.lv\/et\/produkts\/powerbank-salajane-kaamera-5000mah-oine-nagemine\/","og_locale":"et_EE","og_type":"article","og_title":"Slepena kamera POWERBANK + nakts redzam\u012bbas 5000|Mah akumulators","og_description":"Slepena nov\u0113ro\u0161anas kamera, kas mask\u0113ta ar POWERBANK, jaud\u012bgu 5000Mah akumulatoru. Nakts ierakst\u012b\u0161anas funkcija. Liels fotoapar\u0101tu kl\u0101sts, Bezmaksas pieg\u0101de","og_url":"https:\/\/izsekosanasierices.lv\/et\/produkts\/powerbank-salajane-kaamera-5000mah-oine-nagemine\/","og_site_name":"Nr1 Izseko\u0161anas ier\u012bces gps izseko\u0161anas iek\u0101rtas, klaus\u012b\u0161an\u0101s iek\u0101rtas","article_modified_time":"2025-11-19T13:49:42+00:00","og_image":[{"url":"https:\/\/rvnski.dev\/sekimoiranga\/wp-content\/uploads\/izsekosanasierices.webp","type":"","width":"","height":""}],"twitter_card":"summary_large_image","twitter_title":"Slepena kamera POWERBANK + nakts redzam\u012bbas 5000|Mah akumulators","twitter_description":"Slepena nov\u0113ro\u0161anas kamera, kas mask\u0113ta ar POWERBANK, jaud\u012bgu 5000Mah akumulatoru. Nakts ierakst\u012b\u0161anas funkcija. Liels fotoapar\u0101tu kl\u0101sts, Bezmaksas pieg\u0101de","twitter_misc":{"Est. reading time":"3 minutit"},"schema":{"@context":"https:\/\/schema.org","@graph":[{"@type":"WebPage","@id":"https:\/\/izsekosanasierices.lv\/produkts\/powerbank-slepta-noverosanas-kamera-5000mah-nakts-redzamibas\/","url":"https:\/\/izsekosanasierices.lv\/produkts\/powerbank-slepta-noverosanas-kamera-5000mah-nakts-redzamibas\/","name":"PowerBank 5000 mAh pasl\u0113pta nov\u0113ro\u0161anas kamera","isPartOf":{"@id":"https:\/\/izsekosanasierices.lv\/#website"},"primaryImageOfPage":{"@id":"https:\/\/izsekosanasierices.lv\/produkts\/powerbank-slepta-noverosanas-kamera-5000mah-nakts-redzamibas\/#primaryimage"},"image":{"@id":"https:\/\/izsekosanasierices.lv\/produkts\/powerbank-slepta-noverosanas-kamera-5000mah-nakts-redzamibas\/#primaryimage"},"thumbnailUrl":"https:\/\/izsekosanasierices.lv\/wp-content\/uploads\/izsekosanasierices-powerbank-slapta-stebejimo-kamera-5000mah-naktinis-matymas.jpg","datePublished":"2023-10-05T15:37:25+00:00","dateModified":"2025-11-19T13:49:42+00:00","description":"Slepena nov\u0113ro\u0161anas kamera, kas mask\u0113ta POWERBANK akumulator\u0101. Jaud\u012bgs 5000 mAh akumulators. Nakts ierakst\u012b\u0161anas funkcija. Liels fotoapar\u0101tu kl\u0101sts.","breadcrumb":{"@id":"https:\/\/izsekosanasierices.lv\/produkts\/powerbank-slepta-noverosanas-kamera-5000mah-nakts-redzamibas\/#breadcrumb"},"inLanguage":"et","potentialAction":[{"@type":"ReadAction","target":["https:\/\/izsekosanasierices.lv\/produkts\/powerbank-slepta-noverosanas-kamera-5000mah-nakts-redzamibas\/"]}]},{"@type":"ImageObject","inLanguage":"et","@id":"https:\/\/izsekosanasierices.lv\/produkts\/powerbank-slepta-noverosanas-kamera-5000mah-nakts-redzamibas\/#primaryimage","url":"https:\/\/izsekosanasierices.lv\/wp-content\/uploads\/izsekosanasierices-powerbank-slapta-stebejimo-kamera-5000mah-naktinis-matymas.jpg","contentUrl":"https:\/\/izsekosanasierices.lv\/wp-content\/uploads\/izsekosanasierices-powerbank-slapta-stebejimo-kamera-5000mah-naktinis-matymas.jpg","width":512,"height":410,"caption":"Slapta kamera POWERBANK"},{"@type":"BreadcrumbList","@id":"https:\/\/izsekosanasierices.lv\/produkts\/powerbank-slepta-noverosanas-kamera-5000mah-nakts-redzamibas\/#breadcrumb","itemListElement":[{"@type":"ListItem","position":1,"name":"S\u0101kums","item":"https:\/\/izsekosanasierices.lv\/"},{"@type":"ListItem","position":2,"name":"Veikals","item":"https:\/\/izsekosanasierices.lv\/veikals\/"},{"@type":"ListItem","position":3,"name":"PowerBank 5000 mAh akumulator\u0101 pasl\u0113pta nov\u0113ro\u0161anas kamera ar nakts redzam\u012bbas funkciju"}]},{"@type":"WebSite","@id":"https:\/\/izsekosanasierices.lv\/#website","url":"https:\/\/izsekosanasierices.lv\/","name":"Nr1 Izseko\u0161anas ier\u012bces gps izseko\u0161anas iek\u0101rtas, klaus\u012b\u0161an\u0101s iek\u0101rtas","description":"","potentialAction":[{"@type":"SearchAction","target":{"@type":"EntryPoint","urlTemplate":"https:\/\/izsekosanasierices.lv\/?s={search_term_string}"},"query-input":{"@type":"PropertyValueSpecification","valueRequired":true,"valueName":"search_term_string"}}],"inLanguage":"et"}]}},"_links":{"self":[{"href":"https:\/\/izsekosanasierices.lv\/et\/wp-json\/wp\/v2\/product\/1256","targetHints":{"allow":["GET"]}}],"collection":[{"href":"https:\/\/izsekosanasierices.lv\/et\/wp-json\/wp\/v2\/product"}],"about":[{"href":"https:\/\/izsekosanasierices.lv\/et\/wp-json\/wp\/v2\/types\/product"}],"wp:featuredmedia":[{"embeddable":true,"href":"https:\/\/izsekosanasierices.lv\/et\/wp-json\/wp\/v2\/media\/1589"}],"wp:attachment":[{"href":"https:\/\/izsekosanasierices.lv\/et\/wp-json\/wp\/v2\/media?parent=1256"}],"wp:term":[{"taxonomy":"product_brand","embeddable":true,"href":"https:\/\/izsekosanasierices.lv\/et\/wp-json\/wp\/v2\/product_brand?post=1256"},{"taxonomy":"product_cat","embeddable":true,"href":"https:\/\/izsekosanasierices.lv\/et\/wp-json\/wp\/v2\/product_cat?post=1256"},{"taxonomy":"product_tag","embeddable":true,"href":"https:\/\/izsekosanasierices.lv\/et\/wp-json\/wp\/v2\/product_tag?post=1256"}],"curies":[{"name":"wp","href":"https:\/\/api.w.org\/{rel}","templated":true}]}}