{"id":1257,"date":"2023-10-05T15:37:25","date_gmt":"2023-10-05T15:37:25","guid":{"rendered":"https:\/\/izsekosanasierices.lv\/produktas\/rankinis-laikrodis-stebejimo-kamera-full-hd-vaizdo-kokybe\/"},"modified":"2025-11-19T16:48:37","modified_gmt":"2025-11-19T14:48:37","slug":"rokas-pulkstena-monitoringa-kamera-full-hd-video-kvalitate","status":"publish","type":"product","link":"https:\/\/izsekosanasierices.lv\/et\/produkts\/kaekella-jalgimise-kaamera-full-hd-video-kvaliteet\/","title":{"rendered":"Vaatluskaamera k\u00e4ekellas | FULL HD videokvaliteet"},"content":{"rendered":"<h3><strong>TEHNILISED N\u00c4ITAJAD:<\/strong><\/h3>\n<ul>\n<li>M\u00e4lu: 8 GB<\/li>\n<li>Video salvestamine koos heliga<\/li>\n<li>Pildi resolutsioon: HD 1920 x 1080 px FULL HD<\/li>\n<li>Videoformaat: avi | 30 kaadrit sekundis<\/li>\n<li>Objektiivi suurus: 1 mm.<\/li>\n<li>\u00d6\u00f6n\u00e4gemine: jah (l\u00fclitub valguse puudumisel automaatselt sisse)<\/li>\n<li>Fotod: jpeg 2560 x 1440px<\/li>\n<li>Videosalvestuse kestus: umbes 70 min.<\/li>\n<li>Filmimisnurk: 72\u00b0<\/li>\n<li>Video: 1 h 6 GB<\/li>\n<li>Heli: mikrofon, mille heli on h\u00e4sti kuuldav umbes 3-4 meetri kauguselt<\/li>\n<li>\u00dchendusstandard: USB 1.1 ja 2.0<\/li>\n<li>Laetav aku: 3,7 V 5000 mAh<\/li>\n<li>\u00dchilduvus Windows, Mac OS<\/li>\n<li>T\u00f6\u00f6temperatuur: 0\u00b0C ~ 45\u00b0C<\/li>\n<li>Laadimine: USB-kaabli kaudu<\/li>\n<li>V\u00e4rv: h\u00f5bedane (kroom)<\/li>\n<li>Kaasa arvatud k\u00e4ekell, juhised leedu keeles<\/li>\n<li><strong>Garantii 12 kuud<\/strong><\/li>\n<\/ul>\n<p><span style=\"color: #ff0000;\"><strong>Vajad kiiret sama p\u00e4eva (ja n\u00e4dalavahetuse) kohaletoimetamist?  Helistage +37120484176<\/strong><\/span><\/p>\n<p>Kasutamine: teie ohutuse tagamiseks, laste ohutuse tagamiseks.<\/p>\n<p><strong>Vaatluskaamera kellas (FULL HD videokvaliteet)<\/strong><\/p>\n<p>Varjatud kaamerad muutuvad \u00fcha populaarsemaks, ja see pole \u00fcllatav - nutikalt maskeeritud kaamerad v\u00f5ivad salvestada vajalikku teavet mitmesuguste igap\u00e4evaste esemete kohta, aidates hajutada kahtlusi. Varjatud kaamerad valitakse sageli siis, kui eesm\u00e4rk on kontrollida teatud isikute ausust, koguda t\u00f5endeid ebaaususe kohta jne. Salakaameraga k\u00e4ekell on kindlasti \u00fcks parimaid valikuid, sest see ei tekita kahtlusi. Selle v\u00f5ib j\u00e4tta juhuslikult lauale v\u00f5i kanda randmel - nii v\u00f5i teisiti ei tekita teised kahtlust.<\/p>\n<p>Kellasse peidetud kaamera on v\u00e4ga v\u00e4ikese objektiiviga (l\u00e4bim\u00f5\u00f5t vaid 1 mm), mis on t\u00e4iesti n\u00e4htamatu. Peidetud kaamera ei vilgu ega tee filmimise ajal mingit h\u00e4\u00e4lt, nii et video j\u00e4\u00e4dvustatakse t\u00e4iesti diskreetselt. Varjatud kaamera suudab \u00fche laadimisega pidevalt salvestada umbes 70 minutit ja j\u00e4\u00e4dvustatud piltide kvaliteet on t\u00f5eliselt silmapaistev (kaamera salvestab FULL HD-formaadis). See kaamera v\u00f5imaldab pildistada mitte ainult p\u00e4eval, vaid ka pimedal ajal: valguse puudumisel l\u00fclitub automaatselt sisse \u00f6\u00f6vaatlusre\u017eiim, et te ei j\u00e4\u00e4ks millestki olulisest ilma.<\/p>\n<p>Seda salakaamerat on v\u00e4ga lihtne kasutada (leedukeelsed juhised on lisatud), nii et teil ei teki mingeid probleeme. Salakaamera filmib 72-kraadise nurga all, seega peate lihtsalt veenduma, et teie kell on \u00f5ige nurga all. Seadmel on 8 gigabaiti m\u00e4lu (tunnise videosalvestuse jaoks on vaja umbes 6 GB), seega v\u00f5ite olla kindel, et saate koguda piisavalt t\u00f5endeid.<\/p>\n<p>Kuigi peidetud kaamera on v\u00e4ga v\u00e4ike, ei suuda see mitte ainult kvaliteetseid pilte, vaid ka selget heli salvestada: sisseehitatud mikrofon v\u00f5imaldab selget heli salvestada umbes 3-4 meetri kauguselt. Lisaks video- v\u00f5i helisalvestusele saate vajadusel ka fotosid teha. Kui soovite k\u00f5ik kahtlused hajutada, proovige salakaamerat ja see aitab teil kindlasti saada vajalikku teavet.<\/p>\n<p>&nbsp;<\/p>","protected":false},"excerpt":{"rendered":"<p>Sisseehitatud salajase kaameraga k\u00e4ekell. FULL HD. Kaamera on varustatud \u00f6\u00f6n\u00e4gemise funktsiooniga ja valgustab \u00fcmbrust IR-LEDiga. Tasuta kohaletoimetamine Euroopas.<\/p>","protected":false},"featured_media":1594,"template":"","meta":[],"product_brand":[],"product_cat":[330,362,321],"product_tag":[325,23,414,366,328,415],"class_list":{"0":"post-1257","1":"product","2":"type-product","3":"status-publish","4":"has-post-thumbnail","6":"product_cat-masketas-kameras","7":"product_cat-rokas-pulksteni-kameras","8":"product_cat-sleptas-kameras","9":"product_tag-izsekosanas-kamera","10":"product_tag-kamera","11":"product_tag-rokas-pulksteni","12":"product_tag-skatities-kameru","13":"product_tag-slepena-kamera","14":"product_tag-slepenas-kameras","16":"first","17":"instock","18":"taxable","19":"shipping-taxable","20":"purchasable","21":"product-type-simple"},"yoast_head":"<!-- This site is optimized with the Yoast SEO plugin v27.5 - https:\/\/yoast.com\/product\/yoast-seo-wordpress\/ -->\n<title>Nov\u0113ro\u0161anas kamera rokas pulksten\u012b | FULL HD video kvalit\u0101te<\/title>\n<meta name=\"description\" content=\"Rokas pulkstenis ar ieb\u016bv\u0113tu slepeno kameru. FULL HD. Kamera ir apr\u012bkota ar nakts redzam\u012bbas funkciju un izgaismo apk\u0101rt\u0113jo vidi ar ir led Bezmaksas pieg\u0101de\" \/>\n<meta name=\"robots\" content=\"index, follow, max-snippet:-1, max-image-preview:large, max-video-preview:-1\" \/>\n<link rel=\"canonical\" href=\"https:\/\/izsekosanasierices.lv\/et\/produkts\/kaekella-jalgimise-kaamera-full-hd-video-kvaliteet\/\" \/>\n<meta property=\"og:locale\" content=\"et_EE\" \/>\n<meta property=\"og:type\" content=\"article\" \/>\n<meta property=\"og:title\" content=\"Rokas pulkste\u0146a slepen\u0101 kamera Full HD - Sekimoiranga.lt\" \/>\n<meta property=\"og:description\" content=\"Rokas pulkstenis ar ieb\u016bv\u0113tu slepeno kameru FULL HD Kamera ir apr\u012bkota ar nakts redzam\u012bbas funkciju un izgaismo apk\u0101rt\u0113jo vidi ar IR LED. Bezmaksas pieg\u0101de Eirop\u0101\" \/>\n<meta property=\"og:url\" content=\"https:\/\/izsekosanasierices.lv\/et\/produkts\/kaekella-jalgimise-kaamera-full-hd-video-kvaliteet\/\" \/>\n<meta property=\"og:site_name\" content=\"Nr1 Izseko\u0161anas ier\u012bces gps izseko\u0161anas iek\u0101rtas, klaus\u012b\u0161an\u0101s iek\u0101rtas\" \/>\n<meta property=\"article:modified_time\" content=\"2025-11-19T14:48:37+00:00\" \/>\n<meta property=\"og:image\" content=\"https:\/\/rvnski.dev\/sekimoiranga\/wp-content\/uploads\/izsekosanasierices.webp\" \/>\n<meta name=\"twitter:card\" content=\"summary_large_image\" \/>\n<meta name=\"twitter:title\" content=\"Rokas pulkste\u0146a slepen\u0101 kamera Full HD - Sekimoiranga.lt\" \/>\n<meta name=\"twitter:description\" content=\"Rokas pulkstenis ar ieb\u016bv\u0113tu slepeno kameru FULL HD Kamera ir apr\u012bkota ar nakts redzam\u012bbas funkciju un izgaismo apk\u0101rt\u0113jo vidi ar IR LED. Bezmaksas pieg\u0101de Eirop\u0101\" \/>\n<meta name=\"twitter:label1\" content=\"Est. reading time\" \/>\n\t<meta name=\"twitter:data1\" content=\"3 minutit\" \/>\n<script type=\"application\/ld+json\" class=\"yoast-schema-graph\">{\"@context\":\"https:\\\/\\\/schema.org\",\"@graph\":[{\"@type\":\"WebPage\",\"@id\":\"https:\\\/\\\/izsekosanasierices.lv\\\/produkts\\\/rokas-pulkstena-monitoringa-kamera-full-hd-video-kvalitate\\\/\",\"url\":\"https:\\\/\\\/izsekosanasierices.lv\\\/produkts\\\/rokas-pulkstena-monitoringa-kamera-full-hd-video-kvalitate\\\/\",\"name\":\"Nov\u0113ro\u0161anas kamera rokas pulksten\u012b | FULL HD video kvalit\u0101te\",\"isPartOf\":{\"@id\":\"https:\\\/\\\/izsekosanasierices.lv\\\/#website\"},\"primaryImageOfPage\":{\"@id\":\"https:\\\/\\\/izsekosanasierices.lv\\\/produkts\\\/rokas-pulkstena-monitoringa-kamera-full-hd-video-kvalitate\\\/#primaryimage\"},\"image\":{\"@id\":\"https:\\\/\\\/izsekosanasierices.lv\\\/produkts\\\/rokas-pulkstena-monitoringa-kamera-full-hd-video-kvalitate\\\/#primaryimage\"},\"thumbnailUrl\":\"https:\\\/\\\/izsekosanasierices.lv\\\/wp-content\\\/uploads\\\/izsekosanasierices-rankinis-laikrodis-slapta-kamera-full-hd.jpg\",\"datePublished\":\"2023-10-05T15:37:25+00:00\",\"dateModified\":\"2025-11-19T14:48:37+00:00\",\"description\":\"Rokas pulkstenis ar ieb\u016bv\u0113tu slepeno kameru. FULL HD. Kamera ir apr\u012bkota ar nakts redzam\u012bbas funkciju un izgaismo apk\u0101rt\u0113jo vidi ar ir led Bezmaksas pieg\u0101de\",\"breadcrumb\":{\"@id\":\"https:\\\/\\\/izsekosanasierices.lv\\\/produkts\\\/rokas-pulkstena-monitoringa-kamera-full-hd-video-kvalitate\\\/#breadcrumb\"},\"inLanguage\":\"et\",\"potentialAction\":[{\"@type\":\"ReadAction\",\"target\":[\"https:\\\/\\\/izsekosanasierices.lv\\\/produkts\\\/rokas-pulkstena-monitoringa-kamera-full-hd-video-kvalitate\\\/\"]}]},{\"@type\":\"ImageObject\",\"inLanguage\":\"et\",\"@id\":\"https:\\\/\\\/izsekosanasierices.lv\\\/produkts\\\/rokas-pulkstena-monitoringa-kamera-full-hd-video-kvalitate\\\/#primaryimage\",\"url\":\"https:\\\/\\\/izsekosanasierices.lv\\\/wp-content\\\/uploads\\\/izsekosanasierices-rankinis-laikrodis-slapta-kamera-full-hd.jpg\",\"contentUrl\":\"https:\\\/\\\/izsekosanasierices.lv\\\/wp-content\\\/uploads\\\/izsekosanasierices-rankinis-laikrodis-slapta-kamera-full-hd.jpg\",\"width\":361,\"height\":348,\"caption\":\"Rankinis laikrodis kamera\"},{\"@type\":\"BreadcrumbList\",\"@id\":\"https:\\\/\\\/izsekosanasierices.lv\\\/produkts\\\/rokas-pulkstena-monitoringa-kamera-full-hd-video-kvalitate\\\/#breadcrumb\",\"itemListElement\":[{\"@type\":\"ListItem\",\"position\":1,\"name\":\"S\u0101kums\",\"item\":\"https:\\\/\\\/izsekosanasierices.lv\\\/\"},{\"@type\":\"ListItem\",\"position\":2,\"name\":\"Veikals\",\"item\":\"https:\\\/\\\/izsekosanasierices.lv\\\/veikals\\\/\"},{\"@type\":\"ListItem\",\"position\":3,\"name\":\"Nov\u0113ro\u0161anas kamera rokas pulksten\u012b | FULL HD video kvalit\u0101te\"}]},{\"@type\":\"WebSite\",\"@id\":\"https:\\\/\\\/izsekosanasierices.lv\\\/#website\",\"url\":\"https:\\\/\\\/izsekosanasierices.lv\\\/\",\"name\":\"Nr1 Izseko\u0161anas ier\u012bces gps izseko\u0161anas iek\u0101rtas, klaus\u012b\u0161an\u0101s iek\u0101rtas\",\"description\":\"\",\"potentialAction\":[{\"@type\":\"SearchAction\",\"target\":{\"@type\":\"EntryPoint\",\"urlTemplate\":\"https:\\\/\\\/izsekosanasierices.lv\\\/?s={search_term_string}\"},\"query-input\":{\"@type\":\"PropertyValueSpecification\",\"valueRequired\":true,\"valueName\":\"search_term_string\"}}],\"inLanguage\":\"et\"}]}<\/script>\n<!-- \/ Yoast SEO plugin. -->","yoast_head_json":{"title":"Nov\u0113ro\u0161anas kamera rokas pulksten\u012b | FULL HD video kvalit\u0101te","description":"Rokas pulkstenis ar ieb\u016bv\u0113tu slepeno kameru. FULL HD. Kamera ir apr\u012bkota ar nakts redzam\u012bbas funkciju un izgaismo apk\u0101rt\u0113jo vidi ar ir led Bezmaksas pieg\u0101de","robots":{"index":"index","follow":"follow","max-snippet":"max-snippet:-1","max-image-preview":"max-image-preview:large","max-video-preview":"max-video-preview:-1"},"canonical":"https:\/\/izsekosanasierices.lv\/et\/produkts\/kaekella-jalgimise-kaamera-full-hd-video-kvaliteet\/","og_locale":"et_EE","og_type":"article","og_title":"Rokas pulkste\u0146a slepen\u0101 kamera Full HD - Sekimoiranga.lt","og_description":"Rokas pulkstenis ar ieb\u016bv\u0113tu slepeno kameru FULL HD Kamera ir apr\u012bkota ar nakts redzam\u012bbas funkciju un izgaismo apk\u0101rt\u0113jo vidi ar IR LED. Bezmaksas pieg\u0101de Eirop\u0101","og_url":"https:\/\/izsekosanasierices.lv\/et\/produkts\/kaekella-jalgimise-kaamera-full-hd-video-kvaliteet\/","og_site_name":"Nr1 Izseko\u0161anas ier\u012bces gps izseko\u0161anas iek\u0101rtas, klaus\u012b\u0161an\u0101s iek\u0101rtas","article_modified_time":"2025-11-19T14:48:37+00:00","og_image":[{"url":"https:\/\/rvnski.dev\/sekimoiranga\/wp-content\/uploads\/izsekosanasierices.webp","type":"","width":"","height":""}],"twitter_card":"summary_large_image","twitter_title":"Rokas pulkste\u0146a slepen\u0101 kamera Full HD - Sekimoiranga.lt","twitter_description":"Rokas pulkstenis ar ieb\u016bv\u0113tu slepeno kameru FULL HD Kamera ir apr\u012bkota ar nakts redzam\u012bbas funkciju un izgaismo apk\u0101rt\u0113jo vidi ar IR LED. Bezmaksas pieg\u0101de Eirop\u0101","twitter_misc":{"Est. reading time":"3 minutit"},"schema":{"@context":"https:\/\/schema.org","@graph":[{"@type":"WebPage","@id":"https:\/\/izsekosanasierices.lv\/produkts\/rokas-pulkstena-monitoringa-kamera-full-hd-video-kvalitate\/","url":"https:\/\/izsekosanasierices.lv\/produkts\/rokas-pulkstena-monitoringa-kamera-full-hd-video-kvalitate\/","name":"Nov\u0113ro\u0161anas kamera rokas pulksten\u012b | FULL HD video kvalit\u0101te","isPartOf":{"@id":"https:\/\/izsekosanasierices.lv\/#website"},"primaryImageOfPage":{"@id":"https:\/\/izsekosanasierices.lv\/produkts\/rokas-pulkstena-monitoringa-kamera-full-hd-video-kvalitate\/#primaryimage"},"image":{"@id":"https:\/\/izsekosanasierices.lv\/produkts\/rokas-pulkstena-monitoringa-kamera-full-hd-video-kvalitate\/#primaryimage"},"thumbnailUrl":"https:\/\/izsekosanasierices.lv\/wp-content\/uploads\/izsekosanasierices-rankinis-laikrodis-slapta-kamera-full-hd.jpg","datePublished":"2023-10-05T15:37:25+00:00","dateModified":"2025-11-19T14:48:37+00:00","description":"Rokas pulkstenis ar ieb\u016bv\u0113tu slepeno kameru. FULL HD. Kamera ir apr\u012bkota ar nakts redzam\u012bbas funkciju un izgaismo apk\u0101rt\u0113jo vidi ar ir led Bezmaksas pieg\u0101de","breadcrumb":{"@id":"https:\/\/izsekosanasierices.lv\/produkts\/rokas-pulkstena-monitoringa-kamera-full-hd-video-kvalitate\/#breadcrumb"},"inLanguage":"et","potentialAction":[{"@type":"ReadAction","target":["https:\/\/izsekosanasierices.lv\/produkts\/rokas-pulkstena-monitoringa-kamera-full-hd-video-kvalitate\/"]}]},{"@type":"ImageObject","inLanguage":"et","@id":"https:\/\/izsekosanasierices.lv\/produkts\/rokas-pulkstena-monitoringa-kamera-full-hd-video-kvalitate\/#primaryimage","url":"https:\/\/izsekosanasierices.lv\/wp-content\/uploads\/izsekosanasierices-rankinis-laikrodis-slapta-kamera-full-hd.jpg","contentUrl":"https:\/\/izsekosanasierices.lv\/wp-content\/uploads\/izsekosanasierices-rankinis-laikrodis-slapta-kamera-full-hd.jpg","width":361,"height":348,"caption":"Rankinis laikrodis kamera"},{"@type":"BreadcrumbList","@id":"https:\/\/izsekosanasierices.lv\/produkts\/rokas-pulkstena-monitoringa-kamera-full-hd-video-kvalitate\/#breadcrumb","itemListElement":[{"@type":"ListItem","position":1,"name":"S\u0101kums","item":"https:\/\/izsekosanasierices.lv\/"},{"@type":"ListItem","position":2,"name":"Veikals","item":"https:\/\/izsekosanasierices.lv\/veikals\/"},{"@type":"ListItem","position":3,"name":"Nov\u0113ro\u0161anas kamera rokas pulksten\u012b | FULL HD video kvalit\u0101te"}]},{"@type":"WebSite","@id":"https:\/\/izsekosanasierices.lv\/#website","url":"https:\/\/izsekosanasierices.lv\/","name":"Nr1 Izseko\u0161anas ier\u012bces gps izseko\u0161anas iek\u0101rtas, klaus\u012b\u0161an\u0101s iek\u0101rtas","description":"","potentialAction":[{"@type":"SearchAction","target":{"@type":"EntryPoint","urlTemplate":"https:\/\/izsekosanasierices.lv\/?s={search_term_string}"},"query-input":{"@type":"PropertyValueSpecification","valueRequired":true,"valueName":"search_term_string"}}],"inLanguage":"et"}]}},"_links":{"self":[{"href":"https:\/\/izsekosanasierices.lv\/et\/wp-json\/wp\/v2\/product\/1257","targetHints":{"allow":["GET"]}}],"collection":[{"href":"https:\/\/izsekosanasierices.lv\/et\/wp-json\/wp\/v2\/product"}],"about":[{"href":"https:\/\/izsekosanasierices.lv\/et\/wp-json\/wp\/v2\/types\/product"}],"wp:featuredmedia":[{"embeddable":true,"href":"https:\/\/izsekosanasierices.lv\/et\/wp-json\/wp\/v2\/media\/1594"}],"wp:attachment":[{"href":"https:\/\/izsekosanasierices.lv\/et\/wp-json\/wp\/v2\/media?parent=1257"}],"wp:term":[{"taxonomy":"product_brand","embeddable":true,"href":"https:\/\/izsekosanasierices.lv\/et\/wp-json\/wp\/v2\/product_brand?post=1257"},{"taxonomy":"product_cat","embeddable":true,"href":"https:\/\/izsekosanasierices.lv\/et\/wp-json\/wp\/v2\/product_cat?post=1257"},{"taxonomy":"product_tag","embeddable":true,"href":"https:\/\/izsekosanasierices.lv\/et\/wp-json\/wp\/v2\/product_tag?post=1257"}],"curies":[{"name":"wp","href":"https:\/\/api.w.org\/{rel}","templated":true}]}}