{"id":1258,"date":"2023-10-05T15:37:25","date_gmt":"2023-10-05T15:37:25","guid":{"rendered":"https:\/\/izsekosanasierices.lv\/produktas\/oru-stotele-su-uzmaskuota-wi-fi-kamera-naktinis-matymas\/"},"modified":"2025-11-19T15:40:04","modified_gmt":"2025-11-19T13:40:04","slug":"meteorologiskaja-stacija-iebuveta-masketa-kamera-ar-wifi-nakts-redzamibas-funkcija","status":"publish","type":"product","link":"https:\/\/izsekosanasierices.lv\/et\/produkts\/sisseehitatud-maskeerimiskaameraga-ilmastikujaam-millel-on-wifi-oonagemise-funktsioon\/","title":{"rendered":"Ilmastikus\u00fcsteemi sisseehitatud kamuflokeeritud kaamera koos WiFi | \u00f6\u00f6n\u00e4gemine"},"content":{"rendered":"<p><strong><span style=\"color: #ff0000;\">PROMOTION: 32 GB micro SD kingitusena<\/span> <\/strong><\/p>\n<h3><strong>Tehnilised parameetrid:<\/strong><\/h3>\n<ul>\n<li>Kaugvideo vaatamine: jah<\/li>\n<li>Video salvestamine koos heliga<\/li>\n<li>Pildi kvaliteet: eelvaade: HD 1920*1080<\/li>\n<li>Foto resolutsioon: 4032 * 3024<\/li>\n<li>Videovalve: telefoni v\u00f5i arvutiga (otse\u00fclekanne internetis)<\/li>\n<li>Aku kestvus: umbes 3 tundi 24\/7 re\u017eiimis<\/li>\n<li>Sisemine ja v\u00e4line temperatuuriandur, niiskusandur<\/li>\n<li>Salvestamine \u00f6\u00f6sel: jah, 3 - 6 meetrit.<\/li>\n<li>Salvestamine valitud ajal: jah<\/li>\n<li>Liikumistuvastus: jah, digitaalselt<\/li>\n<li>Vaatamisnurk: 90\u00b0<\/li>\n<li>M\u00e4lukaardi tugi: 128 GB (kaart ei kuulu komplekti)<\/li>\n<li>Pakkimisformaat: avi H.264<\/li>\n<li>Video formaat: avi<\/li>\n<li>S\u00fcsteemid: iOS, Android, Windows<\/li>\n<li>App<\/li>\n<li>Toide: sisemine aku v\u00f5i telefonilaadija<\/li>\n<li>220v adapter (alaliseks \u00fchendamiseks vooluv\u00f5rku)<\/li>\n<li>Wi-Fi: jah<\/li>\n<li>Aku mahutavus: 3000 mAh<\/li>\n<li><strong>Garantii 12 kuud<\/strong><\/li>\n<\/ul>\n<p><strong>\u00a0<\/strong><\/p>\n<p><span style=\"color: #ff0000;\"><strong>Vajad kiiret sama p\u00e4eva (ja n\u00e4dalavahetuse) kohaletoimetamist?  Helistage +37120484176<\/strong><\/span><\/p>\n<p>&nbsp;<\/p>\n<p>Kasutamine: teie ohutuse tagamiseks, laste ohutuse tagamiseks.<\/p>\n<p>Varjatud kaameratel on palju kasutusv\u00f5imalusi, mist\u00f5ttu pole ime, et need on viimastel aastatel muutunud \u00fcha populaarsemaks. T\u00e4nap\u00e4eval maskeeritakse peidetud kaamerad \u00fcha enam erinevatesse majapidamistarbedesse, et neid saaks lihtsalt j\u00e4tta ruumidesse, kus teatud inimesi j\u00e4lgitakse. Ilmakaamerasse peidetud kaamera ei tekita kindlasti kahtlust.<\/p>\n<p><strong>Vaadake videosalvestusi eemalt \u00fcle<\/strong><\/p>\n<p>V\u00e4lja otsitud aadressil <b><strong>video<\/strong><\/b><strong>Teadmiseks vt.<\/strong> saab vaadata kahel viisil: edastades pilte arvutisse v\u00f5i eemalt. Selle peidetud kaameraga on kaasas salvestatud kaadrite sirvimisrakendus, millele saate oma telefonis v\u00f5i arvutis ligi p\u00e4\u00e4seda ja vaadata, mis toimub siseruumides (ilmakaamera peidetud kaamera ilmajaamas \u00fchildub iOS-i, Androidi, Windowsi ja Windows 7\/8\/10-ga). See peidetud kaamera on varustatud 128 GB m\u00e4lukaardiga (ei kuulu komplekti), mis v\u00f5imaldab j\u00e4\u00e4dvustada suure hulga videomaterjali. Saate kaamerat seadistada salvestama eelnevalt valitud ajal, nii et saate selle salakaamera kasutamist t\u00f5eliselt nautida.<\/p>\n<p><strong>Kvaliteetne video j\u00e4\u00e4dvustamine<\/strong><\/p>\n<p>Kaasaegsed peitkaamerad pakuvad t\u00f5eliselt kvaliteetset videomaterjali, nii et v\u00f5ite olla kindel, et filmimaterjali vaadates on \u00fcksikasju lihtne n\u00e4ha. Selle kaamera HD-video kvaliteet on 1920 \u00d7 1080 px ja fotode resolutsioon on 4032 \u00d7 3024 px. Kaameral on 90-kraadine vaatenurk, seega on oluline p\u00f6\u00f6rata ilmajaam \u00f5igesse nurka. Kaameral on ka \u00f6\u00f6n\u00e4gemise funktsioon, seega ei pea te muretsema, et video salvestamiseks on liiga v\u00e4he valgust.<\/p>\n<p><strong>Aku ooteaeg<\/strong><\/p>\n<p>Need s<span style=\"font-style: normal !msorm;\"><em>tealth<\/em><\/span> Kaamera aku kestab ilma laadimiseta umbes 3 tundi, kuid v\u00f5ite kasutada ka pistikupesa (nii et te ei pea muretsema, et aku saab k\u00f5ige ebasobivamal hetkel t\u00fchjaks). Ilmajaamal on liikumistuvastuse funktsioon, nii et saate teate, millal tuleb alustada kaugseiret.<\/p>\n<p>Sisseehitatud peidetud kaameraga ilmajaam on v\u00e4ga funktsionaalne seade, mis mitte ainult ei v\u00f5imalda vaatlust, vaid m\u00e4\u00e4rab ka t\u00e4pselt temperatuuri ja suhtelist \u00f5huniiskust.<\/p>","protected":false},"excerpt":{"rendered":"<p>Sisseehitatud peidetud kaameraga meteoroloogiajaam. Pildi ja video edastamine WiFi v\u00f5rgu kaudu. V\u00f5imalus salvestada pilti micro SD-kaardile. \u00d6\u00f6vaatlusfunktsioon. Liikumisandur.<\/p>","protected":false},"featured_media":1602,"template":"","meta":[],"product_brand":[],"product_cat":[330,321,331],"product_tag":[332,325,23,333,334,328,29],"class_list":{"0":"post-1258","1":"product","2":"type-product","3":"status-publish","4":"has-post-thumbnail","6":"product_cat-masketas-kameras","7":"product_cat-sleptas-kameras","8":"product_cat-wi-fi-slepenas-kameras","9":"product_tag-izsekosanas-iekartas","10":"product_tag-izsekosanas-kamera","11":"product_tag-kamera","12":"product_tag-kameras-pulkstenis","13":"product_tag-masketa-kamera","14":"product_tag-slepena-kamera","15":"product_tag-wi-fi-kamera","17":"first","18":"outofstock","19":"taxable","20":"shipping-taxable","21":"purchasable","22":"product-type-simple"},"yoast_head":"<!-- This site is optimized with the Yoast SEO plugin v27.5 - https:\/\/yoast.com\/product\/yoast-seo-wordpress\/ -->\n<title>Meteorolo\u0123iskaj\u0101 stacij\u0101 ieb\u016bv\u0113ta mask\u0113ta kamera ar WiFi<\/title>\n<meta name=\"description\" content=\"Meteorolo\u0123isk\u0101 stacija ar ieb\u016bv\u0113tu sl\u0113pto kameru Att\u0113la un video p\u0101rraide, izmantojot wifi t\u012bklu Iesp\u0113ja saglab\u0101t att\u0113lu sd kart\u0113 Nakts redzam\u012bbas funkcija\" \/>\n<meta name=\"robots\" content=\"index, follow, max-snippet:-1, max-image-preview:large, max-video-preview:-1\" \/>\n<link rel=\"canonical\" href=\"https:\/\/izsekosanasierices.lv\/et\/produkts\/sisseehitatud-maskeerimiskaameraga-ilmastikujaam-millel-on-wifi-oonagemise-funktsioon\/\" \/>\n<meta property=\"og:locale\" content=\"et_EE\" \/>\n<meta property=\"og:type\" content=\"article\" \/>\n<meta property=\"og:title\" content=\"Slepena WI FI kamera mask\u0113ta meteorolo\u0123iskaj\u0101 stacij\u0101 - Sekimoiranga.lt\" \/>\n<meta property=\"og:description\" content=\"Meteorolo\u0123isk\u0101 stacija ar ieb\u016bv\u0113tu sl\u0113pto kameru att\u0113la p\u0101rraide, izmantojot Wi fi t\u012bklu iesp\u0113ja saglab\u0101t att\u0113lu microSD kart\u0113 Nakts redzam\u012bbas funkcija, kust\u012bbas sensors\" \/>\n<meta property=\"og:url\" content=\"https:\/\/izsekosanasierices.lv\/et\/produkts\/sisseehitatud-maskeerimiskaameraga-ilmastikujaam-millel-on-wifi-oonagemise-funktsioon\/\" \/>\n<meta property=\"og:site_name\" content=\"Nr1 Izseko\u0161anas ier\u012bces gps izseko\u0161anas iek\u0101rtas, klaus\u012b\u0161an\u0101s iek\u0101rtas\" \/>\n<meta property=\"article:modified_time\" content=\"2025-11-19T13:40:04+00:00\" \/>\n<meta property=\"og:image\" content=\"https:\/\/rvnski.dev\/sekimoiranga\/wp-content\/uploads\/izsekosanasierices.webp\" \/>\n<meta name=\"twitter:card\" content=\"summary_large_image\" \/>\n<meta name=\"twitter:title\" content=\"Slepena WI FI kamera mask\u0113ta meteorolo\u0123iskaj\u0101 stacij\u0101 - Sekimoiranga.lt\" \/>\n<meta name=\"twitter:description\" content=\"Meteorolo\u0123isk\u0101 stacija ar ieb\u016bv\u0113tu sl\u0113pto kameru att\u0113la p\u0101rraide, izmantojot Wi fi t\u012bklu iesp\u0113ja saglab\u0101t att\u0113lu microSD kart\u0113 Nakts redzam\u012bbas funkcija, kust\u012bbas sensors\" \/>\n<meta name=\"twitter:label1\" content=\"Est. reading time\" \/>\n\t<meta name=\"twitter:data1\" content=\"3 minutit\" \/>\n<script type=\"application\/ld+json\" class=\"yoast-schema-graph\">{\"@context\":\"https:\\\/\\\/schema.org\",\"@graph\":[{\"@type\":\"WebPage\",\"@id\":\"https:\\\/\\\/izsekosanasierices.lv\\\/produkts\\\/meteorologiskaja-stacija-iebuveta-masketa-kamera-ar-wifi-nakts-redzamibas-funkcija\\\/\",\"url\":\"https:\\\/\\\/izsekosanasierices.lv\\\/produkts\\\/meteorologiskaja-stacija-iebuveta-masketa-kamera-ar-wifi-nakts-redzamibas-funkcija\\\/\",\"name\":\"Meteorolo\u0123iskaj\u0101 stacij\u0101 ieb\u016bv\u0113ta mask\u0113ta kamera ar WiFi\",\"isPartOf\":{\"@id\":\"https:\\\/\\\/izsekosanasierices.lv\\\/#website\"},\"primaryImageOfPage\":{\"@id\":\"https:\\\/\\\/izsekosanasierices.lv\\\/produkts\\\/meteorologiskaja-stacija-iebuveta-masketa-kamera-ar-wifi-nakts-redzamibas-funkcija\\\/#primaryimage\"},\"image\":{\"@id\":\"https:\\\/\\\/izsekosanasierices.lv\\\/produkts\\\/meteorologiskaja-stacija-iebuveta-masketa-kamera-ar-wifi-nakts-redzamibas-funkcija\\\/#primaryimage\"},\"thumbnailUrl\":\"https:\\\/\\\/izsekosanasierices.lv\\\/wp-content\\\/uploads\\\/izsekosanasierices-oru-stotele-su-uzmaskuota-wi-fi-kamera-naktinis-matymas.jpg\",\"datePublished\":\"2023-10-05T15:37:25+00:00\",\"dateModified\":\"2025-11-19T13:40:04+00:00\",\"description\":\"Meteorolo\u0123isk\u0101 stacija ar ieb\u016bv\u0113tu sl\u0113pto kameru Att\u0113la un video p\u0101rraide, izmantojot wifi t\u012bklu Iesp\u0113ja saglab\u0101t att\u0113lu sd kart\u0113 Nakts redzam\u012bbas funkcija\",\"breadcrumb\":{\"@id\":\"https:\\\/\\\/izsekosanasierices.lv\\\/produkts\\\/meteorologiskaja-stacija-iebuveta-masketa-kamera-ar-wifi-nakts-redzamibas-funkcija\\\/#breadcrumb\"},\"inLanguage\":\"et\",\"potentialAction\":[{\"@type\":\"ReadAction\",\"target\":[\"https:\\\/\\\/izsekosanasierices.lv\\\/produkts\\\/meteorologiskaja-stacija-iebuveta-masketa-kamera-ar-wifi-nakts-redzamibas-funkcija\\\/\"]}]},{\"@type\":\"ImageObject\",\"inLanguage\":\"et\",\"@id\":\"https:\\\/\\\/izsekosanasierices.lv\\\/produkts\\\/meteorologiskaja-stacija-iebuveta-masketa-kamera-ar-wifi-nakts-redzamibas-funkcija\\\/#primaryimage\",\"url\":\"https:\\\/\\\/izsekosanasierices.lv\\\/wp-content\\\/uploads\\\/izsekosanasierices-oru-stotele-su-uzmaskuota-wi-fi-kamera-naktinis-matymas.jpg\",\"contentUrl\":\"https:\\\/\\\/izsekosanasierices.lv\\\/wp-content\\\/uploads\\\/izsekosanasierices-oru-stotele-su-uzmaskuota-wi-fi-kamera-naktinis-matymas.jpg\",\"width\":1280,\"height\":853,\"caption\":\"U\u017emaskuota slapta kamera\"},{\"@type\":\"BreadcrumbList\",\"@id\":\"https:\\\/\\\/izsekosanasierices.lv\\\/produkts\\\/meteorologiskaja-stacija-iebuveta-masketa-kamera-ar-wifi-nakts-redzamibas-funkcija\\\/#breadcrumb\",\"itemListElement\":[{\"@type\":\"ListItem\",\"position\":1,\"name\":\"S\u0101kums\",\"item\":\"https:\\\/\\\/izsekosanasierices.lv\\\/\"},{\"@type\":\"ListItem\",\"position\":2,\"name\":\"Veikals\",\"item\":\"https:\\\/\\\/izsekosanasierices.lv\\\/veikals\\\/\"},{\"@type\":\"ListItem\",\"position\":3,\"name\":\"Meteorolo\u0123iskaj\u0101 stacij\u0101 ieb\u016bv\u0113ta mask\u0113ta kamera ar WiFi | nakts redzam\u012bbas funkcija\"}]},{\"@type\":\"WebSite\",\"@id\":\"https:\\\/\\\/izsekosanasierices.lv\\\/#website\",\"url\":\"https:\\\/\\\/izsekosanasierices.lv\\\/\",\"name\":\"Nr1 Izseko\u0161anas ier\u012bces gps izseko\u0161anas iek\u0101rtas, klaus\u012b\u0161an\u0101s iek\u0101rtas\",\"description\":\"\",\"potentialAction\":[{\"@type\":\"SearchAction\",\"target\":{\"@type\":\"EntryPoint\",\"urlTemplate\":\"https:\\\/\\\/izsekosanasierices.lv\\\/?s={search_term_string}\"},\"query-input\":{\"@type\":\"PropertyValueSpecification\",\"valueRequired\":true,\"valueName\":\"search_term_string\"}}],\"inLanguage\":\"et\"}]}<\/script>\n<!-- \/ Yoast SEO plugin. -->","yoast_head_json":{"title":"Meteorolo\u0123iskaj\u0101 stacij\u0101 ieb\u016bv\u0113ta mask\u0113ta kamera ar WiFi","description":"Meteorolo\u0123isk\u0101 stacija ar ieb\u016bv\u0113tu sl\u0113pto kameru Att\u0113la un video p\u0101rraide, izmantojot wifi t\u012bklu Iesp\u0113ja saglab\u0101t att\u0113lu sd kart\u0113 Nakts redzam\u012bbas funkcija","robots":{"index":"index","follow":"follow","max-snippet":"max-snippet:-1","max-image-preview":"max-image-preview:large","max-video-preview":"max-video-preview:-1"},"canonical":"https:\/\/izsekosanasierices.lv\/et\/produkts\/sisseehitatud-maskeerimiskaameraga-ilmastikujaam-millel-on-wifi-oonagemise-funktsioon\/","og_locale":"et_EE","og_type":"article","og_title":"Slepena WI FI kamera mask\u0113ta meteorolo\u0123iskaj\u0101 stacij\u0101 - Sekimoiranga.lt","og_description":"Meteorolo\u0123isk\u0101 stacija ar ieb\u016bv\u0113tu sl\u0113pto kameru att\u0113la p\u0101rraide, izmantojot Wi fi t\u012bklu iesp\u0113ja saglab\u0101t att\u0113lu microSD kart\u0113 Nakts redzam\u012bbas funkcija, kust\u012bbas sensors","og_url":"https:\/\/izsekosanasierices.lv\/et\/produkts\/sisseehitatud-maskeerimiskaameraga-ilmastikujaam-millel-on-wifi-oonagemise-funktsioon\/","og_site_name":"Nr1 Izseko\u0161anas ier\u012bces gps izseko\u0161anas iek\u0101rtas, klaus\u012b\u0161an\u0101s iek\u0101rtas","article_modified_time":"2025-11-19T13:40:04+00:00","og_image":[{"url":"https:\/\/rvnski.dev\/sekimoiranga\/wp-content\/uploads\/izsekosanasierices.webp","type":"","width":"","height":""}],"twitter_card":"summary_large_image","twitter_title":"Slepena WI FI kamera mask\u0113ta meteorolo\u0123iskaj\u0101 stacij\u0101 - Sekimoiranga.lt","twitter_description":"Meteorolo\u0123isk\u0101 stacija ar ieb\u016bv\u0113tu sl\u0113pto kameru att\u0113la p\u0101rraide, izmantojot Wi fi t\u012bklu iesp\u0113ja saglab\u0101t att\u0113lu microSD kart\u0113 Nakts redzam\u012bbas funkcija, kust\u012bbas sensors","twitter_misc":{"Est. reading time":"3 minutit"},"schema":{"@context":"https:\/\/schema.org","@graph":[{"@type":"WebPage","@id":"https:\/\/izsekosanasierices.lv\/produkts\/meteorologiskaja-stacija-iebuveta-masketa-kamera-ar-wifi-nakts-redzamibas-funkcija\/","url":"https:\/\/izsekosanasierices.lv\/produkts\/meteorologiskaja-stacija-iebuveta-masketa-kamera-ar-wifi-nakts-redzamibas-funkcija\/","name":"Meteorolo\u0123iskaj\u0101 stacij\u0101 ieb\u016bv\u0113ta mask\u0113ta kamera ar WiFi","isPartOf":{"@id":"https:\/\/izsekosanasierices.lv\/#website"},"primaryImageOfPage":{"@id":"https:\/\/izsekosanasierices.lv\/produkts\/meteorologiskaja-stacija-iebuveta-masketa-kamera-ar-wifi-nakts-redzamibas-funkcija\/#primaryimage"},"image":{"@id":"https:\/\/izsekosanasierices.lv\/produkts\/meteorologiskaja-stacija-iebuveta-masketa-kamera-ar-wifi-nakts-redzamibas-funkcija\/#primaryimage"},"thumbnailUrl":"https:\/\/izsekosanasierices.lv\/wp-content\/uploads\/izsekosanasierices-oru-stotele-su-uzmaskuota-wi-fi-kamera-naktinis-matymas.jpg","datePublished":"2023-10-05T15:37:25+00:00","dateModified":"2025-11-19T13:40:04+00:00","description":"Meteorolo\u0123isk\u0101 stacija ar ieb\u016bv\u0113tu sl\u0113pto kameru Att\u0113la un video p\u0101rraide, izmantojot wifi t\u012bklu Iesp\u0113ja saglab\u0101t att\u0113lu sd kart\u0113 Nakts redzam\u012bbas funkcija","breadcrumb":{"@id":"https:\/\/izsekosanasierices.lv\/produkts\/meteorologiskaja-stacija-iebuveta-masketa-kamera-ar-wifi-nakts-redzamibas-funkcija\/#breadcrumb"},"inLanguage":"et","potentialAction":[{"@type":"ReadAction","target":["https:\/\/izsekosanasierices.lv\/produkts\/meteorologiskaja-stacija-iebuveta-masketa-kamera-ar-wifi-nakts-redzamibas-funkcija\/"]}]},{"@type":"ImageObject","inLanguage":"et","@id":"https:\/\/izsekosanasierices.lv\/produkts\/meteorologiskaja-stacija-iebuveta-masketa-kamera-ar-wifi-nakts-redzamibas-funkcija\/#primaryimage","url":"https:\/\/izsekosanasierices.lv\/wp-content\/uploads\/izsekosanasierices-oru-stotele-su-uzmaskuota-wi-fi-kamera-naktinis-matymas.jpg","contentUrl":"https:\/\/izsekosanasierices.lv\/wp-content\/uploads\/izsekosanasierices-oru-stotele-su-uzmaskuota-wi-fi-kamera-naktinis-matymas.jpg","width":1280,"height":853,"caption":"U\u017emaskuota slapta kamera"},{"@type":"BreadcrumbList","@id":"https:\/\/izsekosanasierices.lv\/produkts\/meteorologiskaja-stacija-iebuveta-masketa-kamera-ar-wifi-nakts-redzamibas-funkcija\/#breadcrumb","itemListElement":[{"@type":"ListItem","position":1,"name":"S\u0101kums","item":"https:\/\/izsekosanasierices.lv\/"},{"@type":"ListItem","position":2,"name":"Veikals","item":"https:\/\/izsekosanasierices.lv\/veikals\/"},{"@type":"ListItem","position":3,"name":"Meteorolo\u0123iskaj\u0101 stacij\u0101 ieb\u016bv\u0113ta mask\u0113ta kamera ar WiFi | nakts redzam\u012bbas funkcija"}]},{"@type":"WebSite","@id":"https:\/\/izsekosanasierices.lv\/#website","url":"https:\/\/izsekosanasierices.lv\/","name":"Nr1 Izseko\u0161anas ier\u012bces gps izseko\u0161anas iek\u0101rtas, klaus\u012b\u0161an\u0101s iek\u0101rtas","description":"","potentialAction":[{"@type":"SearchAction","target":{"@type":"EntryPoint","urlTemplate":"https:\/\/izsekosanasierices.lv\/?s={search_term_string}"},"query-input":{"@type":"PropertyValueSpecification","valueRequired":true,"valueName":"search_term_string"}}],"inLanguage":"et"}]}},"_links":{"self":[{"href":"https:\/\/izsekosanasierices.lv\/et\/wp-json\/wp\/v2\/product\/1258","targetHints":{"allow":["GET"]}}],"collection":[{"href":"https:\/\/izsekosanasierices.lv\/et\/wp-json\/wp\/v2\/product"}],"about":[{"href":"https:\/\/izsekosanasierices.lv\/et\/wp-json\/wp\/v2\/types\/product"}],"wp:featuredmedia":[{"embeddable":true,"href":"https:\/\/izsekosanasierices.lv\/et\/wp-json\/wp\/v2\/media\/1602"}],"wp:attachment":[{"href":"https:\/\/izsekosanasierices.lv\/et\/wp-json\/wp\/v2\/media?parent=1258"}],"wp:term":[{"taxonomy":"product_brand","embeddable":true,"href":"https:\/\/izsekosanasierices.lv\/et\/wp-json\/wp\/v2\/product_brand?post=1258"},{"taxonomy":"product_cat","embeddable":true,"href":"https:\/\/izsekosanasierices.lv\/et\/wp-json\/wp\/v2\/product_cat?post=1258"},{"taxonomy":"product_tag","embeddable":true,"href":"https:\/\/izsekosanasierices.lv\/et\/wp-json\/wp\/v2\/product_tag?post=1258"}],"curies":[{"name":"wp","href":"https:\/\/api.w.org\/{rel}","templated":true}]}}