{"id":1259,"date":"2023-10-05T15:37:25","date_gmt":"2023-10-05T15:37:25","guid":{"rendered":"https:\/\/izsekosanasierices.lv\/produktas\/slapta-kamera-radijas-su-oru-stotele-wi-fi-oru-prognoze-naktinis-matymas\/"},"modified":"2025-11-19T15:12:23","modified_gmt":"2025-11-19T13:12:23","slug":"slepena-kamera-kas-masketa-radio-meteorologiskaja-stacija-wifi-laikapstaklu-prognoze-nakts-redzamiba","status":"publish","type":"product","link":"https:\/\/izsekosanasierices.lv\/et\/produkts\/stealth-kaamera-maskeerimine-raadio-ilmajaam-wifi-ilmaprognoos-oine-nahtavus\/","title":{"rendered":"Raadio \/ ilmajaamasse maskeeritud salajane kaamera | WiFI | ilmateade | \u00f6\u00f6vaatlus"},"content":{"rendered":"<h3><strong>Tehnilised parameetrid:<\/strong><\/h3>\n<ul>\n<li>Kaugvideo vaatamine: jah<\/li>\n<li>Video salvestamine koos heliga<\/li>\n<li>FM-raadio - t\u00f6\u00f6tab, kui videosalvestus on v\u00e4lja l\u00fclitatud<\/li>\n<li>Pildi kvaliteet: eelvaade - HD 1920*1080<\/li>\n<li>Foto resolutsioon: 4032 * 3024<\/li>\n<li><em>Push<\/em> teadaanded<\/li>\n<li>Objektiiv: p\u00f6\u00f6rleb 330 kraadi (rakenduse kaudu)<\/li>\n<li>M\u00e4lukaardi tugi: 128 GB (kaart ei kuulu komplekti)<\/li>\n<li>Videovalve: telefoni v\u00f5i arvutiga (otse\u00fclekanne internetis)<\/li>\n<li>Aku kestvus: umbes 3 tundi 24\/7 re\u017eiimis<\/li>\n<li>Aku mahutavus: 3000 mAh<\/li>\n<li>220v adapter (alaliseks \u00fchendamiseks vooluv\u00f5rku)<\/li>\n<li>Sisemine temperatuuriandur, niiskusandur, kuufaas<\/li>\n<li>\u00d6ine salvestusfunktsioon: jah, 3 - 6 meetrit<\/li>\n<li>Salvestamine valitud ajal: jah<\/li>\n<li>Liikumistuvastus: jah, digitaalselt<\/li>\n<li>Vaatamisnurk: 90\u00b0<\/li>\n<li>Pakkimisformaat: avi H.264<\/li>\n<li>Video formaat: avi<\/li>\n<li>iOS, Android, Windows, Windows 7 \/ 8 \/ 10<\/li>\n<li>Taotlus CAM VIP<\/li>\n<li>Toiteallikas: sisemine v\u00f5i v\u00e4line aku; 5 V toitepistikupesa<\/li>\n<li>Wi-Fi: jah<\/li>\n<li><strong>Garantii 12 kuud<\/strong><\/li>\n<\/ul>\n<p><strong>\u00a0<\/strong><\/p>\n<p><span style=\"color: #ff0000;\"><strong>Vajad kiiret sama p\u00e4eva (ja n\u00e4dalavahetuse) kohaletoimetamist?  Helistage +37120484176<\/strong><\/span><\/p>\n<p>Kasutamine: teie ohutuse tagamiseks, laste ohutuse tagamiseks.<\/p>\n<p>&nbsp;<\/p>\n<p>Varjatud kaamerad ei ole turul kindlasti midagi uut ja t\u00e4nap\u00e4eval v\u00f5ime r\u00f5\u00f5mustada, et sellised seadmed muutuvad \u00fcha keerukamaks, kuid neid on lihtne kasutada. Kaamera-radiaator koos ilmajaamaga on kindlasti \u00fcks parimaid valikuid, kui tegemist on peidetud videomaterjali lihtsa ja pideva j\u00e4\u00e4dvustamisega.<\/p>\n<p><strong>\u00a0<\/strong><\/p>\n<p><strong>Funktsionaalne seade<\/strong><\/p>\n<p>Secret Camera Radio koos ilmajaamaga on kasulik mitte ainult siis, kui soovite pildistada, vaid ka igap\u00e4evaelus. See kaamera t\u00f6\u00f6tab nagu tavaline raadio ja v\u00f5ib pakkuda ka muid kasulikke funktsioone: see tuvastab ruumi temperatuuri ja suhtelist \u00f5huniiskust ning kellaaja ja kuup\u00e4eva seadistamise abil saate n\u00e4ha praegust kuufaasi. Selline seade ei tekita siseruumidesse paigutatuna kindlasti kahtlusi, v\u00f5imaldades salaja videot teha. Ainuke asi, mida tuleb silmas pidada, on see, et FM-raadio funktsioon t\u00f6\u00f6tab ainult siis, kui videosalvestus on v\u00e4lja l\u00fclitatud.<\/p>\n<p><strong>\u00a0<\/strong><\/p>\n<p><strong>Kvaliteetsed videod<\/strong><\/p>\n<p>FM-raadio kaamera pakub kvaliteetset videosalvestust HD 1920\u00d71080 px videokvaliteediga ja 4032\u00d73024 px fotokvaliteediga. Objektiivi p\u00f6\u00f6rdenurk on kuni 330 kraadi, nii et saate filmida videot erinevate nurkade alt.<\/p>\n<p><strong>\u00a0<\/strong><\/p>\n<p><strong>Kaugvideo vaatamine<\/strong><\/p>\n<p>Saate videoid mitte ainult arvutisse \u00fcle kanda (128 GB m\u00e4lukaart on kaasas), vaid neid ka eemalt vaadata. Niipea, kui tuvastatakse liikumine, saate te teateid... Salakaamera omab spetsiaalset rakendust, mis \u00fchildub iOS, Android, Windows ja Windows 7 \/ 8 \/ 10, nii et videovalve ei ole keeruline.<\/p>\n<p><strong>\u00a0<\/strong><\/p>\n<p><strong>Peidetud kaamera aku<\/strong><\/p>\n<p>See seade kasutab 3000 mAh akut, mis v\u00f5imaldab \u00fche laadimisega pildistada umbes 3 tundi. Kui olete mures, et aku v\u00f5ib halvimal v\u00f5imalikul hetkel t\u00fchjaks saada, saate peidetud kaamera toiteks valida pistikupesa.<\/p>\n<p>&nbsp;<\/p>\n<p>See kaamera v\u00f5imaldab teil alustada pildistamist teie valitud ajal, mis v\u00f5ib muuta seadme kasutamise veelgi lihtsamaks.<\/p>\n<p>&nbsp;<\/p>","protected":false},"excerpt":{"rendered":"<p>Raadio . ilmajaam sisseehitatud varjatud CCTV-kaameraga. Live online. \u00d6\u00f6vaatlusfunktsioon. K\u00f5rgeim pildikvaliteet. 24\/7 videovalve.<\/p>","protected":false},"featured_media":1605,"template":"","meta":[],"product_brand":[],"product_cat":[330,321,331],"product_tag":[332,325,23,333,334,413,328,29],"class_list":{"0":"post-1259","1":"product","2":"type-product","3":"status-publish","4":"has-post-thumbnail","6":"product_cat-masketas-kameras","7":"product_cat-sleptas-kameras","8":"product_cat-wi-fi-slepenas-kameras","9":"product_tag-izsekosanas-iekartas","10":"product_tag-izsekosanas-kamera","11":"product_tag-kamera","12":"product_tag-kameras-pulkstenis","13":"product_tag-masketa-kamera","14":"product_tag-radio-kamera","15":"product_tag-slepena-kamera","16":"product_tag-wi-fi-kamera","18":"first","19":"outofstock","20":"taxable","21":"shipping-taxable","22":"purchasable","23":"product-type-simple"},"yoast_head":"<!-- This site is optimized with the Yoast SEO plugin v27.5 - https:\/\/yoast.com\/product\/yoast-seo-wordpress\/ -->\n<title>Slepen\u0101 kamera, kas mask\u0113ta radio meteorolo\u0123iskaj\u0101 stacij\u0101 WiFI<\/title>\n<meta name=\"description\" content=\"Radio . meteorolo\u0123isk\u0101 stacija ar ieb\u016bv\u0113tu sl\u0113pto videonov\u0113ro\u0161anas kameru. Tie\u0161raide tie\u0161saist\u0113. Nakts redzam\u012bbas funkcija. Augst\u0101k\u0101 l\u012bme\u0146a att\u0113la kvalit\u0101te\" \/>\n<meta name=\"robots\" content=\"index, follow, max-snippet:-1, max-image-preview:large, max-video-preview:-1\" \/>\n<link rel=\"canonical\" href=\"https:\/\/izsekosanasierices.lv\/et\/produkts\/stealth-kaamera-maskeerimine-raadio-ilmajaam-wifi-ilmaprognoos-oine-nahtavus\/\" \/>\n<meta property=\"og:locale\" content=\"et_EE\" \/>\n<meta property=\"og:type\" content=\"article\" \/>\n<meta property=\"og:title\" content=\"Radio ar slepeno kameru | Nakts redzam\u012bbas | Live Surveillance |\" \/>\n<meta property=\"og:description\" content=\"Radio ar ieb\u016bv\u0113tu slepenas nov\u0113ro\u0161anas kameru. Tie\u0161saistes tie\u0161raide tie\u0161saist\u0113, nakts redzam\u012bbas funkcija. Augst\u0101k\u0101 l\u012bme\u0146a att\u0113la kvalit\u0101te. 24\/7\" \/>\n<meta property=\"og:url\" content=\"https:\/\/izsekosanasierices.lv\/et\/produkts\/stealth-kaamera-maskeerimine-raadio-ilmajaam-wifi-ilmaprognoos-oine-nahtavus\/\" \/>\n<meta property=\"og:site_name\" content=\"Nr1 Izseko\u0161anas ier\u012bces gps izseko\u0161anas iek\u0101rtas, klaus\u012b\u0161an\u0101s iek\u0101rtas\" \/>\n<meta property=\"article:modified_time\" content=\"2025-11-19T13:12:23+00:00\" \/>\n<meta property=\"og:image\" content=\"https:\/\/rvnski.dev\/sekimoiranga\/wp-content\/uploads\/izsekosanasierices.webp\" \/>\n<meta name=\"twitter:card\" content=\"summary_large_image\" \/>\n<meta name=\"twitter:title\" content=\"Radio ar slepeno kameru | Nakts redzam\u012bbas | Live Surveillance |\" \/>\n<meta name=\"twitter:description\" content=\"Radio ar ieb\u016bv\u0113tu slepenas nov\u0113ro\u0161anas kameru. Tie\u0161saistes tie\u0161raide tie\u0161saist\u0113, nakts redzam\u012bbas funkcija. Augst\u0101k\u0101 l\u012bme\u0146a att\u0113la kvalit\u0101te. 24\/7\" \/>\n<meta name=\"twitter:label1\" content=\"Est. reading time\" \/>\n\t<meta name=\"twitter:data1\" content=\"3 minutit\" \/>\n<script type=\"application\/ld+json\" class=\"yoast-schema-graph\">{\"@context\":\"https:\\\/\\\/schema.org\",\"@graph\":[{\"@type\":\"WebPage\",\"@id\":\"https:\\\/\\\/izsekosanasierices.lv\\\/produkts\\\/slepena-kamera-kas-masketa-radio-meteorologiskaja-stacija-wifi-laikapstaklu-prognoze-nakts-redzamiba\\\/\",\"url\":\"https:\\\/\\\/izsekosanasierices.lv\\\/produkts\\\/slepena-kamera-kas-masketa-radio-meteorologiskaja-stacija-wifi-laikapstaklu-prognoze-nakts-redzamiba\\\/\",\"name\":\"Slepen\u0101 kamera, kas mask\u0113ta radio meteorolo\u0123iskaj\u0101 stacij\u0101 WiFI\",\"isPartOf\":{\"@id\":\"https:\\\/\\\/izsekosanasierices.lv\\\/#website\"},\"primaryImageOfPage\":{\"@id\":\"https:\\\/\\\/izsekosanasierices.lv\\\/produkts\\\/slepena-kamera-kas-masketa-radio-meteorologiskaja-stacija-wifi-laikapstaklu-prognoze-nakts-redzamiba\\\/#primaryimage\"},\"image\":{\"@id\":\"https:\\\/\\\/izsekosanasierices.lv\\\/produkts\\\/slepena-kamera-kas-masketa-radio-meteorologiskaja-stacija-wifi-laikapstaklu-prognoze-nakts-redzamiba\\\/#primaryimage\"},\"thumbnailUrl\":\"https:\\\/\\\/izsekosanasierices.lv\\\/wp-content\\\/uploads\\\/izsekosanasierices-slapta-kamera-radijas-su-oru-stotele-wi-fi-oru-prognoze-naktinis-matymas.jpg\",\"datePublished\":\"2023-10-05T15:37:25+00:00\",\"dateModified\":\"2025-11-19T13:12:23+00:00\",\"description\":\"Radio . meteorolo\u0123isk\u0101 stacija ar ieb\u016bv\u0113tu sl\u0113pto videonov\u0113ro\u0161anas kameru. Tie\u0161raide tie\u0161saist\u0113. Nakts redzam\u012bbas funkcija. Augst\u0101k\u0101 l\u012bme\u0146a att\u0113la kvalit\u0101te\",\"breadcrumb\":{\"@id\":\"https:\\\/\\\/izsekosanasierices.lv\\\/produkts\\\/slepena-kamera-kas-masketa-radio-meteorologiskaja-stacija-wifi-laikapstaklu-prognoze-nakts-redzamiba\\\/#breadcrumb\"},\"inLanguage\":\"et\",\"potentialAction\":[{\"@type\":\"ReadAction\",\"target\":[\"https:\\\/\\\/izsekosanasierices.lv\\\/produkts\\\/slepena-kamera-kas-masketa-radio-meteorologiskaja-stacija-wifi-laikapstaklu-prognoze-nakts-redzamiba\\\/\"]}]},{\"@type\":\"ImageObject\",\"inLanguage\":\"et\",\"@id\":\"https:\\\/\\\/izsekosanasierices.lv\\\/produkts\\\/slepena-kamera-kas-masketa-radio-meteorologiskaja-stacija-wifi-laikapstaklu-prognoze-nakts-redzamiba\\\/#primaryimage\",\"url\":\"https:\\\/\\\/izsekosanasierices.lv\\\/wp-content\\\/uploads\\\/izsekosanasierices-slapta-kamera-radijas-su-oru-stotele-wi-fi-oru-prognoze-naktinis-matymas.jpg\",\"contentUrl\":\"https:\\\/\\\/izsekosanasierices.lv\\\/wp-content\\\/uploads\\\/izsekosanasierices-slapta-kamera-radijas-su-oru-stotele-wi-fi-oru-prognoze-naktinis-matymas.jpg\",\"width\":458,\"height\":458,\"caption\":\"Radijas su \u012fmontuota slapta kamera\"},{\"@type\":\"BreadcrumbList\",\"@id\":\"https:\\\/\\\/izsekosanasierices.lv\\\/produkts\\\/slepena-kamera-kas-masketa-radio-meteorologiskaja-stacija-wifi-laikapstaklu-prognoze-nakts-redzamiba\\\/#breadcrumb\",\"itemListElement\":[{\"@type\":\"ListItem\",\"position\":1,\"name\":\"S\u0101kums\",\"item\":\"https:\\\/\\\/izsekosanasierices.lv\\\/\"},{\"@type\":\"ListItem\",\"position\":2,\"name\":\"Veikals\",\"item\":\"https:\\\/\\\/izsekosanasierices.lv\\\/veikals\\\/\"},{\"@type\":\"ListItem\",\"position\":3,\"name\":\"Slepen\u0101 kamera, kas mask\u0113ta radio \\\/ meteorolo\u0123iskaj\u0101 stacij\u0101 | WiFI | laikapst\u0101k\u013cu prognoze | nakts redzam\u012bba\"}]},{\"@type\":\"WebSite\",\"@id\":\"https:\\\/\\\/izsekosanasierices.lv\\\/#website\",\"url\":\"https:\\\/\\\/izsekosanasierices.lv\\\/\",\"name\":\"Nr1 Izseko\u0161anas ier\u012bces gps izseko\u0161anas iek\u0101rtas, klaus\u012b\u0161an\u0101s iek\u0101rtas\",\"description\":\"\",\"potentialAction\":[{\"@type\":\"SearchAction\",\"target\":{\"@type\":\"EntryPoint\",\"urlTemplate\":\"https:\\\/\\\/izsekosanasierices.lv\\\/?s={search_term_string}\"},\"query-input\":{\"@type\":\"PropertyValueSpecification\",\"valueRequired\":true,\"valueName\":\"search_term_string\"}}],\"inLanguage\":\"et\"}]}<\/script>\n<!-- \/ Yoast SEO plugin. -->","yoast_head_json":{"title":"Slepen\u0101 kamera, kas mask\u0113ta radio meteorolo\u0123iskaj\u0101 stacij\u0101 WiFI","description":"Radio . meteorolo\u0123isk\u0101 stacija ar ieb\u016bv\u0113tu sl\u0113pto videonov\u0113ro\u0161anas kameru. Tie\u0161raide tie\u0161saist\u0113. Nakts redzam\u012bbas funkcija. Augst\u0101k\u0101 l\u012bme\u0146a att\u0113la kvalit\u0101te","robots":{"index":"index","follow":"follow","max-snippet":"max-snippet:-1","max-image-preview":"max-image-preview:large","max-video-preview":"max-video-preview:-1"},"canonical":"https:\/\/izsekosanasierices.lv\/et\/produkts\/stealth-kaamera-maskeerimine-raadio-ilmajaam-wifi-ilmaprognoos-oine-nahtavus\/","og_locale":"et_EE","og_type":"article","og_title":"Radio ar slepeno kameru | Nakts redzam\u012bbas | Live Surveillance |","og_description":"Radio ar ieb\u016bv\u0113tu slepenas nov\u0113ro\u0161anas kameru. Tie\u0161saistes tie\u0161raide tie\u0161saist\u0113, nakts redzam\u012bbas funkcija. Augst\u0101k\u0101 l\u012bme\u0146a att\u0113la kvalit\u0101te. 24\/7","og_url":"https:\/\/izsekosanasierices.lv\/et\/produkts\/stealth-kaamera-maskeerimine-raadio-ilmajaam-wifi-ilmaprognoos-oine-nahtavus\/","og_site_name":"Nr1 Izseko\u0161anas ier\u012bces gps izseko\u0161anas iek\u0101rtas, klaus\u012b\u0161an\u0101s iek\u0101rtas","article_modified_time":"2025-11-19T13:12:23+00:00","og_image":[{"url":"https:\/\/rvnski.dev\/sekimoiranga\/wp-content\/uploads\/izsekosanasierices.webp","type":"","width":"","height":""}],"twitter_card":"summary_large_image","twitter_title":"Radio ar slepeno kameru | Nakts redzam\u012bbas | Live Surveillance |","twitter_description":"Radio ar ieb\u016bv\u0113tu slepenas nov\u0113ro\u0161anas kameru. Tie\u0161saistes tie\u0161raide tie\u0161saist\u0113, nakts redzam\u012bbas funkcija. Augst\u0101k\u0101 l\u012bme\u0146a att\u0113la kvalit\u0101te. 24\/7","twitter_misc":{"Est. reading time":"3 minutit"},"schema":{"@context":"https:\/\/schema.org","@graph":[{"@type":"WebPage","@id":"https:\/\/izsekosanasierices.lv\/produkts\/slepena-kamera-kas-masketa-radio-meteorologiskaja-stacija-wifi-laikapstaklu-prognoze-nakts-redzamiba\/","url":"https:\/\/izsekosanasierices.lv\/produkts\/slepena-kamera-kas-masketa-radio-meteorologiskaja-stacija-wifi-laikapstaklu-prognoze-nakts-redzamiba\/","name":"Slepen\u0101 kamera, kas mask\u0113ta radio meteorolo\u0123iskaj\u0101 stacij\u0101 WiFI","isPartOf":{"@id":"https:\/\/izsekosanasierices.lv\/#website"},"primaryImageOfPage":{"@id":"https:\/\/izsekosanasierices.lv\/produkts\/slepena-kamera-kas-masketa-radio-meteorologiskaja-stacija-wifi-laikapstaklu-prognoze-nakts-redzamiba\/#primaryimage"},"image":{"@id":"https:\/\/izsekosanasierices.lv\/produkts\/slepena-kamera-kas-masketa-radio-meteorologiskaja-stacija-wifi-laikapstaklu-prognoze-nakts-redzamiba\/#primaryimage"},"thumbnailUrl":"https:\/\/izsekosanasierices.lv\/wp-content\/uploads\/izsekosanasierices-slapta-kamera-radijas-su-oru-stotele-wi-fi-oru-prognoze-naktinis-matymas.jpg","datePublished":"2023-10-05T15:37:25+00:00","dateModified":"2025-11-19T13:12:23+00:00","description":"Radio . meteorolo\u0123isk\u0101 stacija ar ieb\u016bv\u0113tu sl\u0113pto videonov\u0113ro\u0161anas kameru. Tie\u0161raide tie\u0161saist\u0113. Nakts redzam\u012bbas funkcija. Augst\u0101k\u0101 l\u012bme\u0146a att\u0113la kvalit\u0101te","breadcrumb":{"@id":"https:\/\/izsekosanasierices.lv\/produkts\/slepena-kamera-kas-masketa-radio-meteorologiskaja-stacija-wifi-laikapstaklu-prognoze-nakts-redzamiba\/#breadcrumb"},"inLanguage":"et","potentialAction":[{"@type":"ReadAction","target":["https:\/\/izsekosanasierices.lv\/produkts\/slepena-kamera-kas-masketa-radio-meteorologiskaja-stacija-wifi-laikapstaklu-prognoze-nakts-redzamiba\/"]}]},{"@type":"ImageObject","inLanguage":"et","@id":"https:\/\/izsekosanasierices.lv\/produkts\/slepena-kamera-kas-masketa-radio-meteorologiskaja-stacija-wifi-laikapstaklu-prognoze-nakts-redzamiba\/#primaryimage","url":"https:\/\/izsekosanasierices.lv\/wp-content\/uploads\/izsekosanasierices-slapta-kamera-radijas-su-oru-stotele-wi-fi-oru-prognoze-naktinis-matymas.jpg","contentUrl":"https:\/\/izsekosanasierices.lv\/wp-content\/uploads\/izsekosanasierices-slapta-kamera-radijas-su-oru-stotele-wi-fi-oru-prognoze-naktinis-matymas.jpg","width":458,"height":458,"caption":"Radijas su \u012fmontuota slapta kamera"},{"@type":"BreadcrumbList","@id":"https:\/\/izsekosanasierices.lv\/produkts\/slepena-kamera-kas-masketa-radio-meteorologiskaja-stacija-wifi-laikapstaklu-prognoze-nakts-redzamiba\/#breadcrumb","itemListElement":[{"@type":"ListItem","position":1,"name":"S\u0101kums","item":"https:\/\/izsekosanasierices.lv\/"},{"@type":"ListItem","position":2,"name":"Veikals","item":"https:\/\/izsekosanasierices.lv\/veikals\/"},{"@type":"ListItem","position":3,"name":"Slepen\u0101 kamera, kas mask\u0113ta radio \/ meteorolo\u0123iskaj\u0101 stacij\u0101 | WiFI | laikapst\u0101k\u013cu prognoze | nakts redzam\u012bba"}]},{"@type":"WebSite","@id":"https:\/\/izsekosanasierices.lv\/#website","url":"https:\/\/izsekosanasierices.lv\/","name":"Nr1 Izseko\u0161anas ier\u012bces gps izseko\u0161anas iek\u0101rtas, klaus\u012b\u0161an\u0101s iek\u0101rtas","description":"","potentialAction":[{"@type":"SearchAction","target":{"@type":"EntryPoint","urlTemplate":"https:\/\/izsekosanasierices.lv\/?s={search_term_string}"},"query-input":{"@type":"PropertyValueSpecification","valueRequired":true,"valueName":"search_term_string"}}],"inLanguage":"et"}]}},"_links":{"self":[{"href":"https:\/\/izsekosanasierices.lv\/et\/wp-json\/wp\/v2\/product\/1259","targetHints":{"allow":["GET"]}}],"collection":[{"href":"https:\/\/izsekosanasierices.lv\/et\/wp-json\/wp\/v2\/product"}],"about":[{"href":"https:\/\/izsekosanasierices.lv\/et\/wp-json\/wp\/v2\/types\/product"}],"wp:featuredmedia":[{"embeddable":true,"href":"https:\/\/izsekosanasierices.lv\/et\/wp-json\/wp\/v2\/media\/1605"}],"wp:attachment":[{"href":"https:\/\/izsekosanasierices.lv\/et\/wp-json\/wp\/v2\/media?parent=1259"}],"wp:term":[{"taxonomy":"product_brand","embeddable":true,"href":"https:\/\/izsekosanasierices.lv\/et\/wp-json\/wp\/v2\/product_brand?post=1259"},{"taxonomy":"product_cat","embeddable":true,"href":"https:\/\/izsekosanasierices.lv\/et\/wp-json\/wp\/v2\/product_cat?post=1259"},{"taxonomy":"product_tag","embeddable":true,"href":"https:\/\/izsekosanasierices.lv\/et\/wp-json\/wp\/v2\/product_tag?post=1259"}],"curies":[{"name":"wp","href":"https:\/\/api.w.org\/{rel}","templated":true}]}}