{"id":1260,"date":"2023-10-05T15:37:25","date_gmt":"2023-10-05T15:37:25","guid":{"rendered":"https:\/\/izsekosanasierices.lv\/produktas\/slapta-kamera-zadintuvas-aukstos-kokybes-vaizdas-naktinis-matymas\/"},"modified":"2025-11-19T15:35:20","modified_gmt":"2025-11-19T13:35:20","slug":"slepena-kamera-modinatajs-augstas-kvalitates-attels-nakts-redzamibas-rezims","status":"publish","type":"product","link":"https:\/\/izsekosanasierices.lv\/et\/produkts\/salajane-kaamera-kvaliteetseks-oovaatluseks\/","title":{"rendered":"Salajane kaamera - \u00e4ratuskell | Kvaliteetne pilt | \u00d6\u00f6n\u00e4gemine"},"content":{"rendered":"<p><strong>PROMOTION: 32 GB micro SD kingitusena <\/strong><\/p>\n<h3><strong>Tehnilised parameetrid:<\/strong><\/h3>\n<ul>\n<li>Kaugvideo vaatamine: jah<\/li>\n<li>Video salvestamine koos heliga<\/li>\n<li>H\u00e4irefunktsioon: jah<\/li>\n<li>Pildi kvaliteet: eelvaade HD 1920*1080<\/li>\n<li>Foto resolutsioon: 1280*720<\/li>\n<li>Vaatamisnurk: 120 kraadi<\/li>\n<li>Kaadrisagedus: 25FPS<\/li>\n<li><em>Push<\/em> teadaanded<\/li>\n<li>M\u00e4lukaardi tugi: 4 GB kuni 128 GB (kaart ei kuulu komplekti)<\/li>\n<li>Videovalve: telefoni v\u00f5i arvutiga (otse\u00fclekanne internetis)<\/li>\n<li>Aku kestvus: umbes 3 tundi 24\/7 re\u017eiimis<\/li>\n<li>Aku mahutavus: 3000 mAh<\/li>\n<li>220v adapter (alaliseks \u00fchendamiseks vooluv\u00f5rku)<\/li>\n<li>Sisemine temperatuuriandur ja niiskusandur<\/li>\n<li>Liikumistuvastus: jah, digitaalselt<\/li>\n<li>Pakkimisformaat: avi H.264<\/li>\n<li>Video formaat: avi<\/li>\n<li>S\u00fcsteemid: iOS, Android<\/li>\n<li>Programm \"<em>TINY CAM<\/em>\"<\/li>\n<li>Toiteallikas: sisemine v\u00f5i v\u00e4line aku; 5 V toitepistikupesa<\/li>\n<li>Wi-Fi : jah<\/li>\n<li><strong>Garantii 12 kuud<\/strong><\/li>\n<\/ul>\n<p><span style=\"color: #ff0000;\"><strong>Kas vajate n\u00f5u v\u00f5i ei saa broneeringut? <\/strong><strong>Helista <\/strong><strong>+37120484176!<\/strong><\/span><\/p>\n<p><strong>Kasutamine: teie ohutuse tagamiseks, laste ohutuse tagamiseks.<\/strong><\/p>\n<p>Varjatud kaamerad v\u00f5ivad olla kasulikud mitmesugustes elusituatsioonides, kus eesm\u00e4rk on salvestada, kas teatud isikud on usaldusv\u00e4\u00e4rsed. Valides konkreetsetesse tarbeesemetesse ehitatud kaamerad, v\u00f5ite olla kindel, et videosalvestus on t\u00f5eliselt laitmatu ja hajutab k\u00f5ik kahtlused. Varjatud kaamera on kindlasti \u00fcks parimaid valikuid, kui soovite ilma suurema vaevata pilte j\u00e4\u00e4dvustada. Selle seadme v\u00f5ib j\u00e4tta magamistuppa v\u00f5i m\u00f5nda muusse ruumi, kus soovite salaja ja ilma igasuguse vaevata pilte teha.<\/p>\n<p><strong>Kaugvideo vaatamine<\/strong><\/p>\n<p>Saate tehtud pilte v\u00f5i videoid arvutisse \u00fcle kanda v\u00f5i vaadata videoid reaalajas. Seda saate teha, \u00fchendades rakenduse, mis on saadaval iOS-i, Androidi, Windowsi ja Windows 7\/8\/10 jaoks. Sa ei pea pidevalt kontrollima, kas midagi toimub, sest saad teate, kui kaamera tuvastab liikumise.<\/p>\n<p><strong>Funktsionaalne peidetud kaamera<\/strong><\/p>\n<p>See salajane kaamera ei ole \u00e4ratuskella replika. See toimib ka tavalise \u00e4ratuskellana, termomeetrina ja suhtelise \u00f5huniiskuse m\u00f5\u00f5tjana, nii et saate seda kasutada igap\u00e4evaelus. Sellel kaameral on \u00f6\u00f6n\u00e4gemise funktsioon, nii et te ei saa ainult heas valguses videoid salvestada.<\/p>\n<p><strong>Suurep\u00e4rane videokvaliteet<\/strong><\/p>\n<p>\u00dcks olulisemaid kriteeriume salakaamera valimisel on see, kas filmimaterjali kvaliteet on piisavalt hea. Selle \u00e4ratuskella sisseehitatud kaamera j\u00e4\u00e4dvustab HD-videot 1920\u00d71080 px resolutsiooniga ja fotosid 1280\u00d7720 px resolutsiooniga. Kuni 120-kraadise vaatenurgaga v\u00f5id olla kindel, et tehtud pildid on kvaliteetsed ja n\u00e4itavad erinevaid olulisi detaile.<\/p>\n<p><strong>Aku<\/strong><\/p>\n<p>See kaamera kasutab 3000 mAh akut, mis kestab \u00fche laadimisega umbes 3 tundi. Kui muretsed, et kaamera aku v\u00f5ib halvimal v\u00f5imalikul hetkel t\u00fchjaks saada, saad selle pistikupessa \u00fchendada, et salvestada 24 tundi p\u00e4evas.<\/p>\n<p>Seda \u00e4ratuskellasse ehitatud salakaamerat on v\u00e4ga lihtne kasutada, nii et kui otsite seadet varjatud filmimiseks, on see \u00fcks parimaid v\u00f5imalusi.<\/p>","protected":false},"excerpt":{"rendered":"<p>K\u00f5rgeima kvaliteediga video. Otse online. \u00d6\u00f6vaatlusre\u017eiim pimedas pildistamiseks ja filmimiseks. H\u00e4irefunktsioon. Temperatuuriandur.<\/p>","protected":false},"featured_media":1609,"template":"","meta":[],"product_brand":[],"product_cat":[330,321,331],"product_tag":[332,325,23,333,334,328,29],"class_list":{"0":"post-1260","1":"product","2":"type-product","3":"status-publish","4":"has-post-thumbnail","6":"product_cat-masketas-kameras","7":"product_cat-sleptas-kameras","8":"product_cat-wi-fi-slepenas-kameras","9":"product_tag-izsekosanas-iekartas","10":"product_tag-izsekosanas-kamera","11":"product_tag-kamera","12":"product_tag-kameras-pulkstenis","13":"product_tag-masketa-kamera","14":"product_tag-slepena-kamera","15":"product_tag-wi-fi-kamera","17":"first","18":"outofstock","19":"taxable","20":"shipping-taxable","21":"purchasable","22":"product-type-simple"},"yoast_head":"<!-- This site is optimized with the Yoast SEO plugin v27.5 - https:\/\/yoast.com\/product\/yoast-seo-wordpress\/ -->\n<title>Slepen\u0101 kamera modin\u0101t\u0101js Augstas kvalit\u0101tes att\u0113ls Nakts re\u017e\u012bms<\/title>\n<meta name=\"description\" content=\"Augst\u0101k\u0101s kvalit\u0101tes video - tie\u0161raide internet\u0101. Nakts redzam\u012bba, \u013cauj fotograf\u0113t tums\u0101 Trauksmes funkcija, temperat\u016bras sensors\" \/>\n<meta name=\"robots\" content=\"index, follow, max-snippet:-1, max-image-preview:large, max-video-preview:-1\" \/>\n<link rel=\"canonical\" href=\"https:\/\/izsekosanasierices.lv\/et\/produkts\/salajane-kaamera-kvaliteetseks-oovaatluseks\/\" \/>\n<meta property=\"og:locale\" content=\"et_EE\" \/>\n<meta property=\"og:type\" content=\"article\" \/>\n<meta property=\"og:title\" content=\"Modin\u0101t\u0101js ar ieb\u016bv\u0113tu slepeno kameru ar nakts redzam\u012bbas funkciju\" \/>\n<meta property=\"og:description\" content=\"Augst\u0101k\u0101s kvalit\u0101tes video - tie\u0161raide internet\u0101. Nakts redzam\u012bba, \u013cauj fotograf\u0113t tums\u0101 Trauksmes funkcija, temperat\u016bras sensors\" \/>\n<meta property=\"og:url\" content=\"https:\/\/izsekosanasierices.lv\/et\/produkts\/salajane-kaamera-kvaliteetseks-oovaatluseks\/\" \/>\n<meta property=\"og:site_name\" content=\"Nr1 Izseko\u0161anas ier\u012bces gps izseko\u0161anas iek\u0101rtas, klaus\u012b\u0161an\u0101s iek\u0101rtas\" \/>\n<meta property=\"article:modified_time\" content=\"2025-11-19T13:35:20+00:00\" \/>\n<meta property=\"og:image\" content=\"https:\/\/rvnski.dev\/sekimoiranga\/wp-content\/uploads\/izsekosanasierices.webp\" \/>\n<meta name=\"twitter:card\" content=\"summary_large_image\" \/>\n<meta name=\"twitter:title\" content=\"Modin\u0101t\u0101js ar ieb\u016bv\u0113tu slepeno kameru ar nakts redzam\u012bbas funkciju\" \/>\n<meta name=\"twitter:description\" content=\"Augst\u0101k\u0101s kvalit\u0101tes video - tie\u0161raide internet\u0101. Nakts redzam\u012bba, \u013cauj fotograf\u0113t tums\u0101 Trauksmes funkcija, temperat\u016bras sensors\" \/>\n<meta name=\"twitter:label1\" content=\"Est. reading time\" \/>\n\t<meta name=\"twitter:data1\" content=\"3 minutit\" \/>\n<script type=\"application\/ld+json\" class=\"yoast-schema-graph\">{\"@context\":\"https:\\\/\\\/schema.org\",\"@graph\":[{\"@type\":\"WebPage\",\"@id\":\"https:\\\/\\\/izsekosanasierices.lv\\\/produkts\\\/slepena-kamera-modinatajs-augstas-kvalitates-attels-nakts-redzamibas-rezims\\\/\",\"url\":\"https:\\\/\\\/izsekosanasierices.lv\\\/produkts\\\/slepena-kamera-modinatajs-augstas-kvalitates-attels-nakts-redzamibas-rezims\\\/\",\"name\":\"Slepen\u0101 kamera modin\u0101t\u0101js Augstas kvalit\u0101tes att\u0113ls Nakts re\u017e\u012bms\",\"isPartOf\":{\"@id\":\"https:\\\/\\\/izsekosanasierices.lv\\\/#website\"},\"primaryImageOfPage\":{\"@id\":\"https:\\\/\\\/izsekosanasierices.lv\\\/produkts\\\/slepena-kamera-modinatajs-augstas-kvalitates-attels-nakts-redzamibas-rezims\\\/#primaryimage\"},\"image\":{\"@id\":\"https:\\\/\\\/izsekosanasierices.lv\\\/produkts\\\/slepena-kamera-modinatajs-augstas-kvalitates-attels-nakts-redzamibas-rezims\\\/#primaryimage\"},\"thumbnailUrl\":\"https:\\\/\\\/izsekosanasierices.lv\\\/wp-content\\\/uploads\\\/izsekosanasierices-slapta-kamera-zadintuvas-aukstos-kokybes-vaizdas-naktinis-matymas.jpg\",\"datePublished\":\"2023-10-05T15:37:25+00:00\",\"dateModified\":\"2025-11-19T13:35:20+00:00\",\"description\":\"Augst\u0101k\u0101s kvalit\u0101tes video - tie\u0161raide internet\u0101. Nakts redzam\u012bba, \u013cauj fotograf\u0113t tums\u0101 Trauksmes funkcija, temperat\u016bras sensors\",\"breadcrumb\":{\"@id\":\"https:\\\/\\\/izsekosanasierices.lv\\\/produkts\\\/slepena-kamera-modinatajs-augstas-kvalitates-attels-nakts-redzamibas-rezims\\\/#breadcrumb\"},\"inLanguage\":\"et\",\"potentialAction\":[{\"@type\":\"ReadAction\",\"target\":[\"https:\\\/\\\/izsekosanasierices.lv\\\/produkts\\\/slepena-kamera-modinatajs-augstas-kvalitates-attels-nakts-redzamibas-rezims\\\/\"]}]},{\"@type\":\"ImageObject\",\"inLanguage\":\"et\",\"@id\":\"https:\\\/\\\/izsekosanasierices.lv\\\/produkts\\\/slepena-kamera-modinatajs-augstas-kvalitates-attels-nakts-redzamibas-rezims\\\/#primaryimage\",\"url\":\"https:\\\/\\\/izsekosanasierices.lv\\\/wp-content\\\/uploads\\\/izsekosanasierices-slapta-kamera-zadintuvas-aukstos-kokybes-vaizdas-naktinis-matymas.jpg\",\"contentUrl\":\"https:\\\/\\\/izsekosanasierices.lv\\\/wp-content\\\/uploads\\\/izsekosanasierices-slapta-kamera-zadintuvas-aukstos-kokybes-vaizdas-naktinis-matymas.jpg\",\"width\":458,\"height\":458,\"caption\":\"\u017dadintuvas slapta kamera\"},{\"@type\":\"BreadcrumbList\",\"@id\":\"https:\\\/\\\/izsekosanasierices.lv\\\/produkts\\\/slepena-kamera-modinatajs-augstas-kvalitates-attels-nakts-redzamibas-rezims\\\/#breadcrumb\",\"itemListElement\":[{\"@type\":\"ListItem\",\"position\":1,\"name\":\"S\u0101kums\",\"item\":\"https:\\\/\\\/izsekosanasierices.lv\\\/\"},{\"@type\":\"ListItem\",\"position\":2,\"name\":\"Veikals\",\"item\":\"https:\\\/\\\/izsekosanasierices.lv\\\/veikals\\\/\"},{\"@type\":\"ListItem\",\"position\":3,\"name\":\"Slepen\u0101 kamera \u2013 modin\u0101t\u0101js | Augstas kvalit\u0101tes att\u0113ls | Nakts redzam\u012bbas re\u017e\u012bms\"}]},{\"@type\":\"WebSite\",\"@id\":\"https:\\\/\\\/izsekosanasierices.lv\\\/#website\",\"url\":\"https:\\\/\\\/izsekosanasierices.lv\\\/\",\"name\":\"Nr1 Izseko\u0161anas ier\u012bces gps izseko\u0161anas iek\u0101rtas, klaus\u012b\u0161an\u0101s iek\u0101rtas\",\"description\":\"\",\"potentialAction\":[{\"@type\":\"SearchAction\",\"target\":{\"@type\":\"EntryPoint\",\"urlTemplate\":\"https:\\\/\\\/izsekosanasierices.lv\\\/?s={search_term_string}\"},\"query-input\":{\"@type\":\"PropertyValueSpecification\",\"valueRequired\":true,\"valueName\":\"search_term_string\"}}],\"inLanguage\":\"et\"}]}<\/script>\n<!-- \/ Yoast SEO plugin. -->","yoast_head_json":{"title":"Slepen\u0101 kamera modin\u0101t\u0101js Augstas kvalit\u0101tes att\u0113ls Nakts re\u017e\u012bms","description":"Augst\u0101k\u0101s kvalit\u0101tes video - tie\u0161raide internet\u0101. Nakts redzam\u012bba, \u013cauj fotograf\u0113t tums\u0101 Trauksmes funkcija, temperat\u016bras sensors","robots":{"index":"index","follow":"follow","max-snippet":"max-snippet:-1","max-image-preview":"max-image-preview:large","max-video-preview":"max-video-preview:-1"},"canonical":"https:\/\/izsekosanasierices.lv\/et\/produkts\/salajane-kaamera-kvaliteetseks-oovaatluseks\/","og_locale":"et_EE","og_type":"article","og_title":"Modin\u0101t\u0101js ar ieb\u016bv\u0113tu slepeno kameru ar nakts redzam\u012bbas funkciju","og_description":"Augst\u0101k\u0101s kvalit\u0101tes video - tie\u0161raide internet\u0101. Nakts redzam\u012bba, \u013cauj fotograf\u0113t tums\u0101 Trauksmes funkcija, temperat\u016bras sensors","og_url":"https:\/\/izsekosanasierices.lv\/et\/produkts\/salajane-kaamera-kvaliteetseks-oovaatluseks\/","og_site_name":"Nr1 Izseko\u0161anas ier\u012bces gps izseko\u0161anas iek\u0101rtas, klaus\u012b\u0161an\u0101s iek\u0101rtas","article_modified_time":"2025-11-19T13:35:20+00:00","og_image":[{"url":"https:\/\/rvnski.dev\/sekimoiranga\/wp-content\/uploads\/izsekosanasierices.webp","type":"","width":"","height":""}],"twitter_card":"summary_large_image","twitter_title":"Modin\u0101t\u0101js ar ieb\u016bv\u0113tu slepeno kameru ar nakts redzam\u012bbas funkciju","twitter_description":"Augst\u0101k\u0101s kvalit\u0101tes video - tie\u0161raide internet\u0101. Nakts redzam\u012bba, \u013cauj fotograf\u0113t tums\u0101 Trauksmes funkcija, temperat\u016bras sensors","twitter_misc":{"Est. reading time":"3 minutit"},"schema":{"@context":"https:\/\/schema.org","@graph":[{"@type":"WebPage","@id":"https:\/\/izsekosanasierices.lv\/produkts\/slepena-kamera-modinatajs-augstas-kvalitates-attels-nakts-redzamibas-rezims\/","url":"https:\/\/izsekosanasierices.lv\/produkts\/slepena-kamera-modinatajs-augstas-kvalitates-attels-nakts-redzamibas-rezims\/","name":"Slepen\u0101 kamera modin\u0101t\u0101js Augstas kvalit\u0101tes att\u0113ls Nakts re\u017e\u012bms","isPartOf":{"@id":"https:\/\/izsekosanasierices.lv\/#website"},"primaryImageOfPage":{"@id":"https:\/\/izsekosanasierices.lv\/produkts\/slepena-kamera-modinatajs-augstas-kvalitates-attels-nakts-redzamibas-rezims\/#primaryimage"},"image":{"@id":"https:\/\/izsekosanasierices.lv\/produkts\/slepena-kamera-modinatajs-augstas-kvalitates-attels-nakts-redzamibas-rezims\/#primaryimage"},"thumbnailUrl":"https:\/\/izsekosanasierices.lv\/wp-content\/uploads\/izsekosanasierices-slapta-kamera-zadintuvas-aukstos-kokybes-vaizdas-naktinis-matymas.jpg","datePublished":"2023-10-05T15:37:25+00:00","dateModified":"2025-11-19T13:35:20+00:00","description":"Augst\u0101k\u0101s kvalit\u0101tes video - tie\u0161raide internet\u0101. Nakts redzam\u012bba, \u013cauj fotograf\u0113t tums\u0101 Trauksmes funkcija, temperat\u016bras sensors","breadcrumb":{"@id":"https:\/\/izsekosanasierices.lv\/produkts\/slepena-kamera-modinatajs-augstas-kvalitates-attels-nakts-redzamibas-rezims\/#breadcrumb"},"inLanguage":"et","potentialAction":[{"@type":"ReadAction","target":["https:\/\/izsekosanasierices.lv\/produkts\/slepena-kamera-modinatajs-augstas-kvalitates-attels-nakts-redzamibas-rezims\/"]}]},{"@type":"ImageObject","inLanguage":"et","@id":"https:\/\/izsekosanasierices.lv\/produkts\/slepena-kamera-modinatajs-augstas-kvalitates-attels-nakts-redzamibas-rezims\/#primaryimage","url":"https:\/\/izsekosanasierices.lv\/wp-content\/uploads\/izsekosanasierices-slapta-kamera-zadintuvas-aukstos-kokybes-vaizdas-naktinis-matymas.jpg","contentUrl":"https:\/\/izsekosanasierices.lv\/wp-content\/uploads\/izsekosanasierices-slapta-kamera-zadintuvas-aukstos-kokybes-vaizdas-naktinis-matymas.jpg","width":458,"height":458,"caption":"\u017dadintuvas slapta kamera"},{"@type":"BreadcrumbList","@id":"https:\/\/izsekosanasierices.lv\/produkts\/slepena-kamera-modinatajs-augstas-kvalitates-attels-nakts-redzamibas-rezims\/#breadcrumb","itemListElement":[{"@type":"ListItem","position":1,"name":"S\u0101kums","item":"https:\/\/izsekosanasierices.lv\/"},{"@type":"ListItem","position":2,"name":"Veikals","item":"https:\/\/izsekosanasierices.lv\/veikals\/"},{"@type":"ListItem","position":3,"name":"Slepen\u0101 kamera \u2013 modin\u0101t\u0101js | Augstas kvalit\u0101tes att\u0113ls | Nakts redzam\u012bbas re\u017e\u012bms"}]},{"@type":"WebSite","@id":"https:\/\/izsekosanasierices.lv\/#website","url":"https:\/\/izsekosanasierices.lv\/","name":"Nr1 Izseko\u0161anas ier\u012bces gps izseko\u0161anas iek\u0101rtas, klaus\u012b\u0161an\u0101s iek\u0101rtas","description":"","potentialAction":[{"@type":"SearchAction","target":{"@type":"EntryPoint","urlTemplate":"https:\/\/izsekosanasierices.lv\/?s={search_term_string}"},"query-input":{"@type":"PropertyValueSpecification","valueRequired":true,"valueName":"search_term_string"}}],"inLanguage":"et"}]}},"_links":{"self":[{"href":"https:\/\/izsekosanasierices.lv\/et\/wp-json\/wp\/v2\/product\/1260","targetHints":{"allow":["GET"]}}],"collection":[{"href":"https:\/\/izsekosanasierices.lv\/et\/wp-json\/wp\/v2\/product"}],"about":[{"href":"https:\/\/izsekosanasierices.lv\/et\/wp-json\/wp\/v2\/types\/product"}],"wp:featuredmedia":[{"embeddable":true,"href":"https:\/\/izsekosanasierices.lv\/et\/wp-json\/wp\/v2\/media\/1609"}],"wp:attachment":[{"href":"https:\/\/izsekosanasierices.lv\/et\/wp-json\/wp\/v2\/media?parent=1260"}],"wp:term":[{"taxonomy":"product_brand","embeddable":true,"href":"https:\/\/izsekosanasierices.lv\/et\/wp-json\/wp\/v2\/product_brand?post=1260"},{"taxonomy":"product_cat","embeddable":true,"href":"https:\/\/izsekosanasierices.lv\/et\/wp-json\/wp\/v2\/product_cat?post=1260"},{"taxonomy":"product_tag","embeddable":true,"href":"https:\/\/izsekosanasierices.lv\/et\/wp-json\/wp\/v2\/product_tag?post=1260"}],"curies":[{"name":"wp","href":"https:\/\/api.w.org\/{rel}","templated":true}]}}