{"id":1261,"date":"2023-10-05T15:37:25","date_gmt":"2023-10-05T15:37:25","guid":{"rendered":"https:\/\/izsekosanasierices.lv\/produktas\/sviestuvas-led-su-imontuota-slapta-kamera-wi-fi-naktinis-matymas\/"},"modified":"2025-11-19T15:13:28","modified_gmt":"2025-11-19T13:13:28","slug":"led-gaismeklis-ar-iebuvetu-slepeno-kameru-ar-wifi-nakts-redzamibas-rezims","status":"publish","type":"product","link":"https:\/\/izsekosanasierices.lv\/et\/produkts\/sisseehitatud-salakaameraga-led-valgusti-koos-wifi-oovaatlusreziimiga\/","title":{"rendered":"LED-valgusti koos sisseehitatud salakaameraga koos WiFi | \u00d6\u00f6n\u00e4gemine"},"content":{"rendered":"<h3><strong>Tehnilised parameetrid:<\/strong><\/h3>\n<ul>\n<li>Kaugvideo vaatamine: jah<\/li>\n<li>Video salvestamine koos heliga<\/li>\n<li>Lambi v\u00e4rv - valige rakenduse valguse v\u00e4rvus.<\/li>\n<li>Protsessor: Hi3518E<\/li>\n<li>Pildi kvaliteet: eelvaade - HD 1920*1080<\/li>\n<li>Foto resolutsioon: 1280*720<\/li>\n<li>Vaatamisnurk: 330 kraadi<\/li>\n<li>\u00d6ine n\u00e4htavus: 3-6 meetrit<\/li>\n<li>Kaadrisagedus : 25FPS<\/li>\n<li><em>Push<\/em> teadaanded<\/li>\n<li>M\u00e4lukaardi tugi: 4 GB kuni 128 GB (kaart ei kuulu komplekti)<\/li>\n<li>Videovalve: telefoni v\u00f5i arvutiga (otse\u00fclekanne internetis)<\/li>\n<li>Aku kestvus: umbes 3 tundi 24\/7 re\u017eiimis<\/li>\n<li>Aku mahutavus: 3000 mAh<\/li>\n<li>Adapter: 220v (alaliseks \u00fchendamiseks vooluv\u00f5rku)<\/li>\n<li>Sisemine temperatuuriandur ja niiskusandur<\/li>\n<li>Liikumistuvastus: jah, digitaalselt<\/li>\n<li>Pakkimisformaat: avi H.264<\/li>\n<li>Video formaat: avi<\/li>\n<li>S\u00fcsteemid: iOS, Android, Windowsi rakendus<\/li>\n<li>Toiteallikas: sisemine v\u00f5i v\u00e4line aku; 5 V toitepistikupesa<\/li>\n<li>Wi-Fi: jah<\/li>\n<li><strong>Garantii 12 kuud<\/strong><\/li>\n<\/ul>\n<p><span style=\"color: #ff0000;\"><strong>Vajad kiiret sama p\u00e4eva (ja n\u00e4dalavahetuse) kohaletoimetamist?  Helistage +37120484176!<\/strong><\/span><\/p>\n<p><strong>Kasutamine: teie ohutuse tagamiseks, laste ohutuse tagamiseks.<\/strong><\/p>\n<p>Alaealiste laste videovalveks on palju rakendusi, mist\u00f5ttu ei ole \u00fcllatav, et selliseid seadmeid valitakse \u00fcha enam. Erinevatesse majapidamistarbedesse paigaldatud salakaamerad v\u00f5imaldavad teatud huvipakkuvat teavet h\u00f5lpsasti ja t\u00f5eliselt lihtsalt hankida. Sisseehitatud peidetud kaameraga LED-valgusti on \u00fcks parimaid lahendusi, et v\u00e4lja selgitada, kas teatud isikud on t\u00f5esti usaldusv\u00e4\u00e4rsed, nii et kui teil on kahtlusi, kaaluge seda v\u00f5imalust.<\/p>\n<p><strong>Videovalve v\u00f5imalused<\/strong><\/p>\n<p>LED-valgusti sisseehitatud salakaamera abil saate videomaterjali vaadata kahel viisil: laadides selle \u00fcles arvutisse v\u00f5i vaadates seda internetis. See peidetud kaamera on varustatud <strong>WiFi<\/strong>, nii et saate vaadata oma salvestusi reaalajas rakenduse kaudu (toetab iOS, Android, Windows ja Windows 7\/8\/10).<\/p>\n<p><strong>Suurep\u00e4rane sisustusdetail<\/strong><\/p>\n<p>Seda seadet saab kasutada mitte ainult varjatud filmimiseks, vaid ka ruumi valgustamiseks. Saate muuta valgusti v\u00e4rvi - seadistage soovitud toon rakenduses.<\/p>\n<p><strong>Video kvaliteet<\/strong><\/p>\n<p>Kuigi <em>stealth<\/em> kaamera objektiiv on \u00fcsna v\u00e4ike, ei t\u00e4henda see, et piltide kvaliteet oleks kehv. See peidetud kaamera salvestab HD-videot resolutsiooniga 1920 \u00d7 1080 px ja fotosid resolutsiooniga 1280 \u00d7 1080 px. Kaameral on v\u00e4ga lai vaatenurk kuni 330 kraadi, seega v\u00f5ite olla kindel, et see aitab teid huvitavat teavet veatult j\u00e4\u00e4dvustada.<\/p>\n<p><strong>\u00d6\u00f6vaatlusfunktsioon<\/strong><\/p>\n<p>Selle peidetud kaamera puhul ei pea te muretsema, kas ruumi valgustus on kvaliteetse pildi v\u00f5i video j\u00e4\u00e4dvustamiseks piisav. Sellel on \u00f6\u00f6n\u00e4gemise funktsioon, mis t\u00f6\u00f6tab kuni 3-6 meetri kaugusel, nii et olenemata valgustingimustest saate veatuid salvestusi.<\/p>\n<p><strong>M\u00e4lukaart<\/strong><\/p>\n<p>See seade sobib 4 - 128 GB m\u00e4lukaardile (ei kuulu komplekti), nii et saate valida endale sobiva m\u00e4lukaardi. \u00dche laadimisega kestab seade umbes 3 tundi, kuid kui sellest ei piisa, v\u00f5ite seadme \u00fchendada pistikupessa.<\/p>","protected":false},"excerpt":{"rendered":"<p>WI FI salakaameraga LED-valgusti - j\u00e4lgige oma k\u00fclastust internetis. \u00d6\u00f6n\u00e4gemine, valgusv\u00e4rvi valik. Objektiivi p\u00f6\u00f6rlemine 330 kraadi<\/p>","protected":false},"featured_media":1617,"template":"","meta":[],"product_brand":[],"product_cat":[330,321,331],"product_tag":[408,332,325,23,333,334,328,29],"class_list":{"0":"post-1261","1":"product","2":"type-product","3":"status-publish","4":"has-post-thumbnail","6":"product_cat-masketas-kameras","7":"product_cat-sleptas-kameras","8":"product_cat-wi-fi-slepenas-kameras","9":"product_tag-gaismekla-kamera","10":"product_tag-izsekosanas-iekartas","11":"product_tag-izsekosanas-kamera","12":"product_tag-kamera","13":"product_tag-kameras-pulkstenis","14":"product_tag-masketa-kamera","15":"product_tag-slepena-kamera","16":"product_tag-wi-fi-kamera","18":"first","19":"outofstock","20":"taxable","21":"shipping-taxable","22":"purchasable","23":"product-type-simple"},"yoast_head":"<!-- This site is optimized with the Yoast SEO plugin v27.5 - https:\/\/yoast.com\/product\/yoast-seo-wordpress\/ -->\n<title>LED gaismeklis ar ieb\u016bv\u0113tu slepeno kameru ar wifi Nakts re\u017e\u012bms<\/title>\n<meta name=\"description\" content=\"LED gaismeklis kur\u0101 ieb\u016bv\u0113ta sl\u0113pt\u0101 kamera ar WiFi Iesp\u0113ja v\u0113rot notieko\u0161o tie\u0161saist\u0113. Nakts redzam\u012bbas re\u017e\u012bms gaismas kr\u0101sas izv\u0113le Objekt\u012bva rot\u0101cija 330\u00b0\" \/>\n<meta name=\"robots\" content=\"index, follow, max-snippet:-1, max-image-preview:large, max-video-preview:-1\" \/>\n<link rel=\"canonical\" href=\"https:\/\/izsekosanasierices.lv\/et\/produkts\/sisseehitatud-salakaameraga-led-valgusti-koos-wifi-oovaatlusreziimiga\/\" \/>\n<meta property=\"og:locale\" content=\"et_EE\" \/>\n<meta property=\"og:type\" content=\"article\" \/>\n<meta property=\"og:title\" content=\"Led gaisma ar ieb\u016bv\u0113tu slepeno kameru | Nakts redzam\u012bbas | WiFi |\" \/>\n<meta property=\"og:description\" content=\"LED gaismeklis ar WI FI slepeno kameru - v\u0113rojiet savu apmekl\u0113jumu tie\u0161saist\u0113. Nakts redzam\u012bba, gaismas kr\u0101sas izv\u0113le. Objekt\u012bva rot\u0101cija 330 gr\u0101di\" \/>\n<meta property=\"og:url\" content=\"https:\/\/izsekosanasierices.lv\/et\/produkts\/sisseehitatud-salakaameraga-led-valgusti-koos-wifi-oovaatlusreziimiga\/\" \/>\n<meta property=\"og:site_name\" content=\"Nr1 Izseko\u0161anas ier\u012bces gps izseko\u0161anas iek\u0101rtas, klaus\u012b\u0161an\u0101s iek\u0101rtas\" \/>\n<meta property=\"article:modified_time\" content=\"2025-11-19T13:13:28+00:00\" \/>\n<meta property=\"og:image\" content=\"https:\/\/rvnski.dev\/sekimoiranga\/wp-content\/uploads\/izsekosanasierices.webp\" \/>\n<meta name=\"twitter:card\" content=\"summary_large_image\" \/>\n<meta name=\"twitter:title\" content=\"Led gaisma ar ieb\u016bv\u0113tu slepeno kameru | Nakts redzam\u012bbas | WiFi |\" \/>\n<meta name=\"twitter:description\" content=\"LED gaismeklis ar WI FI slepeno kameru - v\u0113rojiet savu apmekl\u0113jumu tie\u0161saist\u0113. Nakts redzam\u012bba, gaismas kr\u0101sas izv\u0113le. Objekt\u012bva rot\u0101cija 330 gr\u0101di\" \/>\n<meta name=\"twitter:label1\" content=\"Est. reading time\" \/>\n\t<meta name=\"twitter:data1\" content=\"3 minutit\" \/>\n<script type=\"application\/ld+json\" class=\"yoast-schema-graph\">{\"@context\":\"https:\\\/\\\/schema.org\",\"@graph\":[{\"@type\":\"WebPage\",\"@id\":\"https:\\\/\\\/izsekosanasierices.lv\\\/produkts\\\/led-gaismeklis-ar-iebuvetu-slepeno-kameru-ar-wifi-nakts-redzamibas-rezims\\\/\",\"url\":\"https:\\\/\\\/izsekosanasierices.lv\\\/produkts\\\/led-gaismeklis-ar-iebuvetu-slepeno-kameru-ar-wifi-nakts-redzamibas-rezims\\\/\",\"name\":\"LED gaismeklis ar ieb\u016bv\u0113tu slepeno kameru ar wifi Nakts re\u017e\u012bms\",\"isPartOf\":{\"@id\":\"https:\\\/\\\/izsekosanasierices.lv\\\/#website\"},\"primaryImageOfPage\":{\"@id\":\"https:\\\/\\\/izsekosanasierices.lv\\\/produkts\\\/led-gaismeklis-ar-iebuvetu-slepeno-kameru-ar-wifi-nakts-redzamibas-rezims\\\/#primaryimage\"},\"image\":{\"@id\":\"https:\\\/\\\/izsekosanasierices.lv\\\/produkts\\\/led-gaismeklis-ar-iebuvetu-slepeno-kameru-ar-wifi-nakts-redzamibas-rezims\\\/#primaryimage\"},\"thumbnailUrl\":\"https:\\\/\\\/izsekosanasierices.lv\\\/wp-content\\\/uploads\\\/izsekosanasierices-sviestuvas-led-su-imontuota-slapta-kamera-wi-fi-naktinis-matymas.jpg\",\"datePublished\":\"2023-10-05T15:37:25+00:00\",\"dateModified\":\"2025-11-19T13:13:28+00:00\",\"description\":\"LED gaismeklis kur\u0101 ieb\u016bv\u0113ta sl\u0113pt\u0101 kamera ar WiFi Iesp\u0113ja v\u0113rot notieko\u0161o tie\u0161saist\u0113. Nakts redzam\u012bbas re\u017e\u012bms gaismas kr\u0101sas izv\u0113le Objekt\u012bva rot\u0101cija 330\u00b0\",\"breadcrumb\":{\"@id\":\"https:\\\/\\\/izsekosanasierices.lv\\\/produkts\\\/led-gaismeklis-ar-iebuvetu-slepeno-kameru-ar-wifi-nakts-redzamibas-rezims\\\/#breadcrumb\"},\"inLanguage\":\"et\",\"potentialAction\":[{\"@type\":\"ReadAction\",\"target\":[\"https:\\\/\\\/izsekosanasierices.lv\\\/produkts\\\/led-gaismeklis-ar-iebuvetu-slepeno-kameru-ar-wifi-nakts-redzamibas-rezims\\\/\"]}]},{\"@type\":\"ImageObject\",\"inLanguage\":\"et\",\"@id\":\"https:\\\/\\\/izsekosanasierices.lv\\\/produkts\\\/led-gaismeklis-ar-iebuvetu-slepeno-kameru-ar-wifi-nakts-redzamibas-rezims\\\/#primaryimage\",\"url\":\"https:\\\/\\\/izsekosanasierices.lv\\\/wp-content\\\/uploads\\\/izsekosanasierices-sviestuvas-led-su-imontuota-slapta-kamera-wi-fi-naktinis-matymas.jpg\",\"contentUrl\":\"https:\\\/\\\/izsekosanasierices.lv\\\/wp-content\\\/uploads\\\/izsekosanasierices-sviestuvas-led-su-imontuota-slapta-kamera-wi-fi-naktinis-matymas.jpg\",\"width\":458,\"height\":458,\"caption\":\"\u017dadintuvas slapta kamera\"},{\"@type\":\"BreadcrumbList\",\"@id\":\"https:\\\/\\\/izsekosanasierices.lv\\\/produkts\\\/led-gaismeklis-ar-iebuvetu-slepeno-kameru-ar-wifi-nakts-redzamibas-rezims\\\/#breadcrumb\",\"itemListElement\":[{\"@type\":\"ListItem\",\"position\":1,\"name\":\"S\u0101kums\",\"item\":\"https:\\\/\\\/izsekosanasierices.lv\\\/\"},{\"@type\":\"ListItem\",\"position\":2,\"name\":\"Veikals\",\"item\":\"https:\\\/\\\/izsekosanasierices.lv\\\/veikals\\\/\"},{\"@type\":\"ListItem\",\"position\":3,\"name\":\"LED gaismeklis ar ieb\u016bv\u0113tu slepeno kameru ar WiFi | Nakts redzam\u012bbas re\u017e\u012bms\"}]},{\"@type\":\"WebSite\",\"@id\":\"https:\\\/\\\/izsekosanasierices.lv\\\/#website\",\"url\":\"https:\\\/\\\/izsekosanasierices.lv\\\/\",\"name\":\"Nr1 Izseko\u0161anas ier\u012bces gps izseko\u0161anas iek\u0101rtas, klaus\u012b\u0161an\u0101s iek\u0101rtas\",\"description\":\"\",\"potentialAction\":[{\"@type\":\"SearchAction\",\"target\":{\"@type\":\"EntryPoint\",\"urlTemplate\":\"https:\\\/\\\/izsekosanasierices.lv\\\/?s={search_term_string}\"},\"query-input\":{\"@type\":\"PropertyValueSpecification\",\"valueRequired\":true,\"valueName\":\"search_term_string\"}}],\"inLanguage\":\"et\"}]}<\/script>\n<!-- \/ Yoast SEO plugin. -->","yoast_head_json":{"title":"LED gaismeklis ar ieb\u016bv\u0113tu slepeno kameru ar wifi Nakts re\u017e\u012bms","description":"LED gaismeklis kur\u0101 ieb\u016bv\u0113ta sl\u0113pt\u0101 kamera ar WiFi Iesp\u0113ja v\u0113rot notieko\u0161o tie\u0161saist\u0113. Nakts redzam\u012bbas re\u017e\u012bms gaismas kr\u0101sas izv\u0113le Objekt\u012bva rot\u0101cija 330\u00b0","robots":{"index":"index","follow":"follow","max-snippet":"max-snippet:-1","max-image-preview":"max-image-preview:large","max-video-preview":"max-video-preview:-1"},"canonical":"https:\/\/izsekosanasierices.lv\/et\/produkts\/sisseehitatud-salakaameraga-led-valgusti-koos-wifi-oovaatlusreziimiga\/","og_locale":"et_EE","og_type":"article","og_title":"Led gaisma ar ieb\u016bv\u0113tu slepeno kameru | Nakts redzam\u012bbas | WiFi |","og_description":"LED gaismeklis ar WI FI slepeno kameru - v\u0113rojiet savu apmekl\u0113jumu tie\u0161saist\u0113. Nakts redzam\u012bba, gaismas kr\u0101sas izv\u0113le. Objekt\u012bva rot\u0101cija 330 gr\u0101di","og_url":"https:\/\/izsekosanasierices.lv\/et\/produkts\/sisseehitatud-salakaameraga-led-valgusti-koos-wifi-oovaatlusreziimiga\/","og_site_name":"Nr1 Izseko\u0161anas ier\u012bces gps izseko\u0161anas iek\u0101rtas, klaus\u012b\u0161an\u0101s iek\u0101rtas","article_modified_time":"2025-11-19T13:13:28+00:00","og_image":[{"url":"https:\/\/rvnski.dev\/sekimoiranga\/wp-content\/uploads\/izsekosanasierices.webp","type":"","width":"","height":""}],"twitter_card":"summary_large_image","twitter_title":"Led gaisma ar ieb\u016bv\u0113tu slepeno kameru | Nakts redzam\u012bbas | WiFi |","twitter_description":"LED gaismeklis ar WI FI slepeno kameru - v\u0113rojiet savu apmekl\u0113jumu tie\u0161saist\u0113. Nakts redzam\u012bba, gaismas kr\u0101sas izv\u0113le. Objekt\u012bva rot\u0101cija 330 gr\u0101di","twitter_misc":{"Est. reading time":"3 minutit"},"schema":{"@context":"https:\/\/schema.org","@graph":[{"@type":"WebPage","@id":"https:\/\/izsekosanasierices.lv\/produkts\/led-gaismeklis-ar-iebuvetu-slepeno-kameru-ar-wifi-nakts-redzamibas-rezims\/","url":"https:\/\/izsekosanasierices.lv\/produkts\/led-gaismeklis-ar-iebuvetu-slepeno-kameru-ar-wifi-nakts-redzamibas-rezims\/","name":"LED gaismeklis ar ieb\u016bv\u0113tu slepeno kameru ar wifi Nakts re\u017e\u012bms","isPartOf":{"@id":"https:\/\/izsekosanasierices.lv\/#website"},"primaryImageOfPage":{"@id":"https:\/\/izsekosanasierices.lv\/produkts\/led-gaismeklis-ar-iebuvetu-slepeno-kameru-ar-wifi-nakts-redzamibas-rezims\/#primaryimage"},"image":{"@id":"https:\/\/izsekosanasierices.lv\/produkts\/led-gaismeklis-ar-iebuvetu-slepeno-kameru-ar-wifi-nakts-redzamibas-rezims\/#primaryimage"},"thumbnailUrl":"https:\/\/izsekosanasierices.lv\/wp-content\/uploads\/izsekosanasierices-sviestuvas-led-su-imontuota-slapta-kamera-wi-fi-naktinis-matymas.jpg","datePublished":"2023-10-05T15:37:25+00:00","dateModified":"2025-11-19T13:13:28+00:00","description":"LED gaismeklis kur\u0101 ieb\u016bv\u0113ta sl\u0113pt\u0101 kamera ar WiFi Iesp\u0113ja v\u0113rot notieko\u0161o tie\u0161saist\u0113. Nakts redzam\u012bbas re\u017e\u012bms gaismas kr\u0101sas izv\u0113le Objekt\u012bva rot\u0101cija 330\u00b0","breadcrumb":{"@id":"https:\/\/izsekosanasierices.lv\/produkts\/led-gaismeklis-ar-iebuvetu-slepeno-kameru-ar-wifi-nakts-redzamibas-rezims\/#breadcrumb"},"inLanguage":"et","potentialAction":[{"@type":"ReadAction","target":["https:\/\/izsekosanasierices.lv\/produkts\/led-gaismeklis-ar-iebuvetu-slepeno-kameru-ar-wifi-nakts-redzamibas-rezims\/"]}]},{"@type":"ImageObject","inLanguage":"et","@id":"https:\/\/izsekosanasierices.lv\/produkts\/led-gaismeklis-ar-iebuvetu-slepeno-kameru-ar-wifi-nakts-redzamibas-rezims\/#primaryimage","url":"https:\/\/izsekosanasierices.lv\/wp-content\/uploads\/izsekosanasierices-sviestuvas-led-su-imontuota-slapta-kamera-wi-fi-naktinis-matymas.jpg","contentUrl":"https:\/\/izsekosanasierices.lv\/wp-content\/uploads\/izsekosanasierices-sviestuvas-led-su-imontuota-slapta-kamera-wi-fi-naktinis-matymas.jpg","width":458,"height":458,"caption":"\u017dadintuvas slapta kamera"},{"@type":"BreadcrumbList","@id":"https:\/\/izsekosanasierices.lv\/produkts\/led-gaismeklis-ar-iebuvetu-slepeno-kameru-ar-wifi-nakts-redzamibas-rezims\/#breadcrumb","itemListElement":[{"@type":"ListItem","position":1,"name":"S\u0101kums","item":"https:\/\/izsekosanasierices.lv\/"},{"@type":"ListItem","position":2,"name":"Veikals","item":"https:\/\/izsekosanasierices.lv\/veikals\/"},{"@type":"ListItem","position":3,"name":"LED gaismeklis ar ieb\u016bv\u0113tu slepeno kameru ar WiFi | Nakts redzam\u012bbas re\u017e\u012bms"}]},{"@type":"WebSite","@id":"https:\/\/izsekosanasierices.lv\/#website","url":"https:\/\/izsekosanasierices.lv\/","name":"Nr1 Izseko\u0161anas ier\u012bces gps izseko\u0161anas iek\u0101rtas, klaus\u012b\u0161an\u0101s iek\u0101rtas","description":"","potentialAction":[{"@type":"SearchAction","target":{"@type":"EntryPoint","urlTemplate":"https:\/\/izsekosanasierices.lv\/?s={search_term_string}"},"query-input":{"@type":"PropertyValueSpecification","valueRequired":true,"valueName":"search_term_string"}}],"inLanguage":"et"}]}},"_links":{"self":[{"href":"https:\/\/izsekosanasierices.lv\/et\/wp-json\/wp\/v2\/product\/1261","targetHints":{"allow":["GET"]}}],"collection":[{"href":"https:\/\/izsekosanasierices.lv\/et\/wp-json\/wp\/v2\/product"}],"about":[{"href":"https:\/\/izsekosanasierices.lv\/et\/wp-json\/wp\/v2\/types\/product"}],"wp:featuredmedia":[{"embeddable":true,"href":"https:\/\/izsekosanasierices.lv\/et\/wp-json\/wp\/v2\/media\/1617"}],"wp:attachment":[{"href":"https:\/\/izsekosanasierices.lv\/et\/wp-json\/wp\/v2\/media?parent=1261"}],"wp:term":[{"taxonomy":"product_brand","embeddable":true,"href":"https:\/\/izsekosanasierices.lv\/et\/wp-json\/wp\/v2\/product_brand?post=1261"},{"taxonomy":"product_cat","embeddable":true,"href":"https:\/\/izsekosanasierices.lv\/et\/wp-json\/wp\/v2\/product_cat?post=1261"},{"taxonomy":"product_tag","embeddable":true,"href":"https:\/\/izsekosanasierices.lv\/et\/wp-json\/wp\/v2\/product_tag?post=1261"}],"curies":[{"name":"wp","href":"https:\/\/api.w.org\/{rel}","templated":true}]}}