{"id":1262,"date":"2023-10-05T15:37:25","date_gmt":"2023-10-05T15:37:25","guid":{"rendered":"https:\/\/izsekosanasierices.lv\/produktas\/sieninis-laikrodis-su-slapta-kamera-wi-fi-gyvai-stebekite-internetu\/"},"modified":"2025-11-19T17:49:23","modified_gmt":"2025-11-19T15:49:23","slug":"sienas-pulksteni-iebuveta-slepena-kamera-ar-wifi-iespeja-skatities-tiesraidi-tiessaiste","status":"publish","type":"product","link":"https:\/\/izsekosanasierices.lv\/et\/produkts\/seinakell-mis-on-ehitatud-salajase-kaameraga-wifiga-et-jalgida-menetlust\/","title":{"rendered":"Salajane kaamera koos WiFi sisseehitatud seinakellaga | Vaata otse\u00fclekandeid internetis"},"content":{"rendered":"<h3><strong>Tehnilised parameetrid:<\/strong><\/h3>\n<ul>\n<li>Kaugvideo vaatamine: jah<\/li>\n<li>Video salvestamine koos heliga<\/li>\n<li>Objektiiv: 15 kraadi allapoole (sa n\u00e4ed pilti ruumis, mitte vastask\u00fcljel oleval seinal).<\/li>\n<li>Pildi kvaliteet: eelvaade - HD 1920*1080<\/li>\n<li>Foto resolutsioon: 1280*720<\/li>\n<li>Objektiiv: 120 kraadi<\/li>\n<li>Video: 1 h 360mb<\/li>\n<li>Kaadrisagedus: 25FPS<\/li>\n<li><span style=\"font-style: normal !msorm;\"><em>Push<\/em><\/span> teadaanded<\/li>\n<li>M\u00e4lukaardi tugi: 4 GB kuni 128 GB (kaart ei kuulu komplekti)<\/li>\n<li>Videovalve: telefoni v\u00f5i arvutiga (otse\u00fclekanne internetis)<\/li>\n<li>Aku kestvus: umbes 3 tundi 24\/7 re\u017eiimis<\/li>\n<li>Aku mahutavus: 3000 mAh<\/li>\n<li>220v adapter (alaliseks \u00fchendamiseks vooluv\u00f5rku)<\/li>\n<li>Liikumistuvastus: jah, digitaalselt<\/li>\n<li>Pakkimisformaat: avi H.264<\/li>\n<li>Video formaat: avi<\/li>\n<li>\u00dchilduvus: iOS, Android, Windows<\/li>\n<li>Programm: saadaval<\/li>\n<li>Toiteallikas: sisemine v\u00f5i v\u00e4line aku; 5 V toitepistikupesa<\/li>\n<li>Wi-Fi: jah<\/li>\n<li><strong>Garantii 12 kuud<\/strong><\/li>\n<\/ul>\n<p><strong>\u00a0<\/strong><\/p>\n<p><span style=\"color: #ff0000;\"><strong>Vajad kiiret sama p\u00e4eva (ja n\u00e4dalavahetuse) kohaletoimetamist?  Helistage +37120484176<\/strong><\/span><\/p>\n<p>&nbsp;<\/p>\n<p>Kasutamine: teie ohutuse tagamiseks, laste ohutuse tagamiseks.<\/p>\n<p>&nbsp;<\/p>\n<p>T\u00e4nap\u00e4eval on maskeeritud kaameraid v\u00e4ga lihtne interj\u00f6\u00f6ridesse integreerida: need on \u00fcha sagedamini sisse ehitatud erinevatesse majapidamisobjektidesse, nii et neid ei ole vaja varjata. Peidetud kaameraga seinakell on kindlasti \u00fcks parimaid valikuid, sest seda saab kasutada mitte ainult kodus, vaid ka kontoris. Varjatud filmimine aitab v\u00e4lja selgitada, mida alaealised lapsed kodus teevad.<\/p>\n<p><strong>\u00a0<\/strong><\/p>\n<p><strong>Kvaliteetsed videod<\/strong><\/p>\n<p>Seinakellale sisseehitatud peidetud kaamera j\u00e4\u00e4dvustab HD 1920\u00d71080 px pilte, nii et v\u00f5ite olla kindel, et videote vaatamisel ei ole teil raskusi \u00fcksikasjade n\u00e4gemisega. Lisaks filmifunktsioonile on sellel kaameral ka fotofunktsioon - fotod tehakse resolutsiooniga 1280 \u00d7 720 px. Varjatud kaamera objektiiv on 15 kraadi allapoole suunatud, mis tagab, et video j\u00e4\u00e4dvustatakse \u00f5igesti, nii et n\u00e4ete, mis toimub ruumis, mitte vastasoleval seinal. Objektiivi vaatenurk on 120 kraadi.<\/p>\n<p><strong>\u00a0<\/strong><\/p>\n<p><strong>M\u00e4lukaart<\/strong><\/p>\n<p>\u00dcks tund salvestusi m\u00e4lukaardil on umbes 360 MB, seega aitab selle teadmine valida \u00f5ige m\u00e4lumahu. Stealth-kaamera toetab m\u00e4lukaarte (ei kuulu komplekti) mahuga 4-128 GB.<\/p>\n<p><strong>\u00a0<\/strong><\/p>\n<p><strong>Videote vaatamine<\/strong><\/p>\n<p>Seinakellale sisseehitatud kaamera on WiFi \u00fchendusega, nii et saate vaadata toimuvat reaalajas rakenduse kaudu (WiFi, iOS, Android, Windows ja Windows 7\/8\/10 toetatud). Samuti saad tehtud pilte hilisemaks vaatamiseks arvutisse \u00fcle kanda. Liikumise tuvastamisel saadetakse teile teateid, nii et te ei pea pidevalt kontrollima, kas ruumis on tegevust.<\/p>\n<p><strong>\u00a0<\/strong><\/p>\n<p><strong>Aku ooteaeg<\/strong><\/p>\n<p>Seinakella salakaamera kestab aku laadimisega umbes 3 tundi, nii et kui te arvate, et see ei ole filmimiseks piisavalt pikk aeg, v\u00f5ite valida, kas \u00fchendada seade p\u00fcsivale toiteallikale.<\/p>\n<p>&nbsp;<\/p>","protected":false},"excerpt":{"rendered":"<p>Klassikaline seinakell koos salajase WiFi-kaameraga. K\u00f5rge pildikvaliteet. Liikumise tuvastamine. J\u00e4lgimine k\u00f5ikjal maailmas.<\/p>","protected":false},"featured_media":1625,"template":"","meta":[],"product_brand":[],"product_cat":[330,321,331],"product_tag":[408,332,325,23,333,334,328,29],"class_list":{"0":"post-1262","1":"product","2":"type-product","3":"status-publish","4":"has-post-thumbnail","6":"product_cat-masketas-kameras","7":"product_cat-sleptas-kameras","8":"product_cat-wi-fi-slepenas-kameras","9":"product_tag-gaismekla-kamera","10":"product_tag-izsekosanas-iekartas","11":"product_tag-izsekosanas-kamera","12":"product_tag-kamera","13":"product_tag-kameras-pulkstenis","14":"product_tag-masketa-kamera","15":"product_tag-slepena-kamera","16":"product_tag-wi-fi-kamera","18":"first","19":"instock","20":"taxable","21":"shipping-taxable","22":"purchasable","23":"product-type-simple"},"yoast_head":"<!-- This site is optimized with the Yoast SEO plugin v27.5 - https:\/\/yoast.com\/product\/yoast-seo-wordpress\/ -->\n<title>Sienas pulksten\u012b ieb\u016bv\u0113ta slepen\u0101 kamera ar WiFi Iesp\u0113ja skat\u012bties<\/title>\n<meta name=\"description\" content=\"Klasisks sienas pulkstenis ar slepenu WiFi kameru. Augsta att\u0113la kvalit\u0101te. Kust\u012bbas noteik\u0161ana. Nov\u0113ro\u0161ana no jebkuras vietas pasaul\u0113.\" \/>\n<meta name=\"robots\" content=\"index, follow, max-snippet:-1, max-image-preview:large, max-video-preview:-1\" \/>\n<link rel=\"canonical\" href=\"https:\/\/izsekosanasierices.lv\/et\/produkts\/seinakell-mis-on-ehitatud-salajase-kaameraga-wifiga-et-jalgida-menetlust\/\" \/>\n<meta property=\"og:locale\" content=\"et_EE\" \/>\n<meta property=\"og:type\" content=\"article\" \/>\n<meta property=\"og:title\" content=\"Wi FI slepen\u0101 kamera uz sienas pulkste\u0146a ar kust\u012bbas sensoru\" \/>\n<meta property=\"og:description\" content=\"Klasisks sienas pulkstenis ar slepenu WI FI kameru. Sp\u0113c\u012bg\u0101k\u0101 att\u0113la kvalit\u0101te, kust\u012bbas noteik\u0161ana. Skats no jebkuras vietas pasaul\u0113\" \/>\n<meta property=\"og:url\" content=\"https:\/\/izsekosanasierices.lv\/et\/produkts\/seinakell-mis-on-ehitatud-salajase-kaameraga-wifiga-et-jalgida-menetlust\/\" \/>\n<meta property=\"og:site_name\" content=\"Nr1 Izseko\u0161anas ier\u012bces gps izseko\u0161anas iek\u0101rtas, klaus\u012b\u0161an\u0101s iek\u0101rtas\" \/>\n<meta property=\"article:modified_time\" content=\"2025-11-19T15:49:23+00:00\" \/>\n<meta property=\"og:image\" content=\"https:\/\/rvnski.dev\/sekimoiranga\/wp-content\/uploads\/izsekosanasierices.webp\" \/>\n<meta name=\"twitter:card\" content=\"summary_large_image\" \/>\n<meta name=\"twitter:title\" content=\"Wi FI slepen\u0101 kamera uz sienas pulkste\u0146a ar kust\u012bbas sensoru\" \/>\n<meta name=\"twitter:description\" content=\"Klasisks sienas pulkstenis ar slepenu WI FI kameru. Sp\u0113c\u012bg\u0101k\u0101 att\u0113la kvalit\u0101te, kust\u012bbas noteik\u0161ana. Skats no jebkuras vietas pasaul\u0113\" \/>\n<meta name=\"twitter:label1\" content=\"Est. reading time\" \/>\n\t<meta name=\"twitter:data1\" content=\"3 minutit\" \/>\n<script type=\"application\/ld+json\" class=\"yoast-schema-graph\">{\"@context\":\"https:\\\/\\\/schema.org\",\"@graph\":[{\"@type\":\"WebPage\",\"@id\":\"https:\\\/\\\/izsekosanasierices.lv\\\/produkts\\\/sienas-pulksteni-iebuveta-slepena-kamera-ar-wifi-iespeja-skatities-tiesraidi-tiessaiste\\\/\",\"url\":\"https:\\\/\\\/izsekosanasierices.lv\\\/produkts\\\/sienas-pulksteni-iebuveta-slepena-kamera-ar-wifi-iespeja-skatities-tiesraidi-tiessaiste\\\/\",\"name\":\"Sienas pulksten\u012b ieb\u016bv\u0113ta slepen\u0101 kamera ar WiFi Iesp\u0113ja skat\u012bties\",\"isPartOf\":{\"@id\":\"https:\\\/\\\/izsekosanasierices.lv\\\/#website\"},\"primaryImageOfPage\":{\"@id\":\"https:\\\/\\\/izsekosanasierices.lv\\\/produkts\\\/sienas-pulksteni-iebuveta-slepena-kamera-ar-wifi-iespeja-skatities-tiesraidi-tiessaiste\\\/#primaryimage\"},\"image\":{\"@id\":\"https:\\\/\\\/izsekosanasierices.lv\\\/produkts\\\/sienas-pulksteni-iebuveta-slepena-kamera-ar-wifi-iespeja-skatities-tiesraidi-tiessaiste\\\/#primaryimage\"},\"thumbnailUrl\":\"https:\\\/\\\/izsekosanasierices.lv\\\/wp-content\\\/uploads\\\/izsekosanasierices-sieninis-laikrodis-su-slapta-kamera-wi-fi-gyvai-stebekite-internetu.jpg\",\"datePublished\":\"2023-10-05T15:37:25+00:00\",\"dateModified\":\"2025-11-19T15:49:23+00:00\",\"description\":\"Klasisks sienas pulkstenis ar slepenu WiFi kameru. Augsta att\u0113la kvalit\u0101te. Kust\u012bbas noteik\u0161ana. Nov\u0113ro\u0161ana no jebkuras vietas pasaul\u0113.\",\"breadcrumb\":{\"@id\":\"https:\\\/\\\/izsekosanasierices.lv\\\/produkts\\\/sienas-pulksteni-iebuveta-slepena-kamera-ar-wifi-iespeja-skatities-tiesraidi-tiessaiste\\\/#breadcrumb\"},\"inLanguage\":\"et\",\"potentialAction\":[{\"@type\":\"ReadAction\",\"target\":[\"https:\\\/\\\/izsekosanasierices.lv\\\/produkts\\\/sienas-pulksteni-iebuveta-slepena-kamera-ar-wifi-iespeja-skatities-tiesraidi-tiessaiste\\\/\"]}]},{\"@type\":\"ImageObject\",\"inLanguage\":\"et\",\"@id\":\"https:\\\/\\\/izsekosanasierices.lv\\\/produkts\\\/sienas-pulksteni-iebuveta-slepena-kamera-ar-wifi-iespeja-skatities-tiesraidi-tiessaiste\\\/#primaryimage\",\"url\":\"https:\\\/\\\/izsekosanasierices.lv\\\/wp-content\\\/uploads\\\/izsekosanasierices-sieninis-laikrodis-su-slapta-kamera-wi-fi-gyvai-stebekite-internetu.jpg\",\"contentUrl\":\"https:\\\/\\\/izsekosanasierices.lv\\\/wp-content\\\/uploads\\\/izsekosanasierices-sieninis-laikrodis-su-slapta-kamera-wi-fi-gyvai-stebekite-internetu.jpg\",\"width\":458,\"height\":458,\"caption\":\"Klasikinis sieninis laikrodis su slapta kamera\"},{\"@type\":\"BreadcrumbList\",\"@id\":\"https:\\\/\\\/izsekosanasierices.lv\\\/produkts\\\/sienas-pulksteni-iebuveta-slepena-kamera-ar-wifi-iespeja-skatities-tiesraidi-tiessaiste\\\/#breadcrumb\",\"itemListElement\":[{\"@type\":\"ListItem\",\"position\":1,\"name\":\"S\u0101kums\",\"item\":\"https:\\\/\\\/izsekosanasierices.lv\\\/\"},{\"@type\":\"ListItem\",\"position\":2,\"name\":\"Veikals\",\"item\":\"https:\\\/\\\/izsekosanasierices.lv\\\/veikals\\\/\"},{\"@type\":\"ListItem\",\"position\":3,\"name\":\"Sienas pulksten\u012b ieb\u016bv\u0113ta slepen\u0101 kamera ar WiFi | Iesp\u0113ja skat\u012bties tie\u0161raidi tie\u0161saist\u0113\"}]},{\"@type\":\"WebSite\",\"@id\":\"https:\\\/\\\/izsekosanasierices.lv\\\/#website\",\"url\":\"https:\\\/\\\/izsekosanasierices.lv\\\/\",\"name\":\"Nr1 Izseko\u0161anas ier\u012bces gps izseko\u0161anas iek\u0101rtas, klaus\u012b\u0161an\u0101s iek\u0101rtas\",\"description\":\"\",\"potentialAction\":[{\"@type\":\"SearchAction\",\"target\":{\"@type\":\"EntryPoint\",\"urlTemplate\":\"https:\\\/\\\/izsekosanasierices.lv\\\/?s={search_term_string}\"},\"query-input\":{\"@type\":\"PropertyValueSpecification\",\"valueRequired\":true,\"valueName\":\"search_term_string\"}}],\"inLanguage\":\"et\"}]}<\/script>\n<!-- \/ Yoast SEO plugin. -->","yoast_head_json":{"title":"Sienas pulksten\u012b ieb\u016bv\u0113ta slepen\u0101 kamera ar WiFi Iesp\u0113ja skat\u012bties","description":"Klasisks sienas pulkstenis ar slepenu WiFi kameru. Augsta att\u0113la kvalit\u0101te. Kust\u012bbas noteik\u0161ana. Nov\u0113ro\u0161ana no jebkuras vietas pasaul\u0113.","robots":{"index":"index","follow":"follow","max-snippet":"max-snippet:-1","max-image-preview":"max-image-preview:large","max-video-preview":"max-video-preview:-1"},"canonical":"https:\/\/izsekosanasierices.lv\/et\/produkts\/seinakell-mis-on-ehitatud-salajase-kaameraga-wifiga-et-jalgida-menetlust\/","og_locale":"et_EE","og_type":"article","og_title":"Wi FI slepen\u0101 kamera uz sienas pulkste\u0146a ar kust\u012bbas sensoru","og_description":"Klasisks sienas pulkstenis ar slepenu WI FI kameru. Sp\u0113c\u012bg\u0101k\u0101 att\u0113la kvalit\u0101te, kust\u012bbas noteik\u0161ana. Skats no jebkuras vietas pasaul\u0113","og_url":"https:\/\/izsekosanasierices.lv\/et\/produkts\/seinakell-mis-on-ehitatud-salajase-kaameraga-wifiga-et-jalgida-menetlust\/","og_site_name":"Nr1 Izseko\u0161anas ier\u012bces gps izseko\u0161anas iek\u0101rtas, klaus\u012b\u0161an\u0101s iek\u0101rtas","article_modified_time":"2025-11-19T15:49:23+00:00","og_image":[{"url":"https:\/\/rvnski.dev\/sekimoiranga\/wp-content\/uploads\/izsekosanasierices.webp","type":"","width":"","height":""}],"twitter_card":"summary_large_image","twitter_title":"Wi FI slepen\u0101 kamera uz sienas pulkste\u0146a ar kust\u012bbas sensoru","twitter_description":"Klasisks sienas pulkstenis ar slepenu WI FI kameru. Sp\u0113c\u012bg\u0101k\u0101 att\u0113la kvalit\u0101te, kust\u012bbas noteik\u0161ana. Skats no jebkuras vietas pasaul\u0113","twitter_misc":{"Est. reading time":"3 minutit"},"schema":{"@context":"https:\/\/schema.org","@graph":[{"@type":"WebPage","@id":"https:\/\/izsekosanasierices.lv\/produkts\/sienas-pulksteni-iebuveta-slepena-kamera-ar-wifi-iespeja-skatities-tiesraidi-tiessaiste\/","url":"https:\/\/izsekosanasierices.lv\/produkts\/sienas-pulksteni-iebuveta-slepena-kamera-ar-wifi-iespeja-skatities-tiesraidi-tiessaiste\/","name":"Sienas pulksten\u012b ieb\u016bv\u0113ta slepen\u0101 kamera ar WiFi Iesp\u0113ja skat\u012bties","isPartOf":{"@id":"https:\/\/izsekosanasierices.lv\/#website"},"primaryImageOfPage":{"@id":"https:\/\/izsekosanasierices.lv\/produkts\/sienas-pulksteni-iebuveta-slepena-kamera-ar-wifi-iespeja-skatities-tiesraidi-tiessaiste\/#primaryimage"},"image":{"@id":"https:\/\/izsekosanasierices.lv\/produkts\/sienas-pulksteni-iebuveta-slepena-kamera-ar-wifi-iespeja-skatities-tiesraidi-tiessaiste\/#primaryimage"},"thumbnailUrl":"https:\/\/izsekosanasierices.lv\/wp-content\/uploads\/izsekosanasierices-sieninis-laikrodis-su-slapta-kamera-wi-fi-gyvai-stebekite-internetu.jpg","datePublished":"2023-10-05T15:37:25+00:00","dateModified":"2025-11-19T15:49:23+00:00","description":"Klasisks sienas pulkstenis ar slepenu WiFi kameru. Augsta att\u0113la kvalit\u0101te. Kust\u012bbas noteik\u0161ana. Nov\u0113ro\u0161ana no jebkuras vietas pasaul\u0113.","breadcrumb":{"@id":"https:\/\/izsekosanasierices.lv\/produkts\/sienas-pulksteni-iebuveta-slepena-kamera-ar-wifi-iespeja-skatities-tiesraidi-tiessaiste\/#breadcrumb"},"inLanguage":"et","potentialAction":[{"@type":"ReadAction","target":["https:\/\/izsekosanasierices.lv\/produkts\/sienas-pulksteni-iebuveta-slepena-kamera-ar-wifi-iespeja-skatities-tiesraidi-tiessaiste\/"]}]},{"@type":"ImageObject","inLanguage":"et","@id":"https:\/\/izsekosanasierices.lv\/produkts\/sienas-pulksteni-iebuveta-slepena-kamera-ar-wifi-iespeja-skatities-tiesraidi-tiessaiste\/#primaryimage","url":"https:\/\/izsekosanasierices.lv\/wp-content\/uploads\/izsekosanasierices-sieninis-laikrodis-su-slapta-kamera-wi-fi-gyvai-stebekite-internetu.jpg","contentUrl":"https:\/\/izsekosanasierices.lv\/wp-content\/uploads\/izsekosanasierices-sieninis-laikrodis-su-slapta-kamera-wi-fi-gyvai-stebekite-internetu.jpg","width":458,"height":458,"caption":"Klasikinis sieninis laikrodis su slapta kamera"},{"@type":"BreadcrumbList","@id":"https:\/\/izsekosanasierices.lv\/produkts\/sienas-pulksteni-iebuveta-slepena-kamera-ar-wifi-iespeja-skatities-tiesraidi-tiessaiste\/#breadcrumb","itemListElement":[{"@type":"ListItem","position":1,"name":"S\u0101kums","item":"https:\/\/izsekosanasierices.lv\/"},{"@type":"ListItem","position":2,"name":"Veikals","item":"https:\/\/izsekosanasierices.lv\/veikals\/"},{"@type":"ListItem","position":3,"name":"Sienas pulksten\u012b ieb\u016bv\u0113ta slepen\u0101 kamera ar WiFi | Iesp\u0113ja skat\u012bties tie\u0161raidi tie\u0161saist\u0113"}]},{"@type":"WebSite","@id":"https:\/\/izsekosanasierices.lv\/#website","url":"https:\/\/izsekosanasierices.lv\/","name":"Nr1 Izseko\u0161anas ier\u012bces gps izseko\u0161anas iek\u0101rtas, klaus\u012b\u0161an\u0101s iek\u0101rtas","description":"","potentialAction":[{"@type":"SearchAction","target":{"@type":"EntryPoint","urlTemplate":"https:\/\/izsekosanasierices.lv\/?s={search_term_string}"},"query-input":{"@type":"PropertyValueSpecification","valueRequired":true,"valueName":"search_term_string"}}],"inLanguage":"et"}]}},"_links":{"self":[{"href":"https:\/\/izsekosanasierices.lv\/et\/wp-json\/wp\/v2\/product\/1262","targetHints":{"allow":["GET"]}}],"collection":[{"href":"https:\/\/izsekosanasierices.lv\/et\/wp-json\/wp\/v2\/product"}],"about":[{"href":"https:\/\/izsekosanasierices.lv\/et\/wp-json\/wp\/v2\/types\/product"}],"wp:featuredmedia":[{"embeddable":true,"href":"https:\/\/izsekosanasierices.lv\/et\/wp-json\/wp\/v2\/media\/1625"}],"wp:attachment":[{"href":"https:\/\/izsekosanasierices.lv\/et\/wp-json\/wp\/v2\/media?parent=1262"}],"wp:term":[{"taxonomy":"product_brand","embeddable":true,"href":"https:\/\/izsekosanasierices.lv\/et\/wp-json\/wp\/v2\/product_brand?post=1262"},{"taxonomy":"product_cat","embeddable":true,"href":"https:\/\/izsekosanasierices.lv\/et\/wp-json\/wp\/v2\/product_cat?post=1262"},{"taxonomy":"product_tag","embeddable":true,"href":"https:\/\/izsekosanasierices.lv\/et\/wp-json\/wp\/v2\/product_tag?post=1262"}],"curies":[{"name":"wp","href":"https:\/\/api.w.org\/{rel}","templated":true}]}}