{"id":1263,"date":"2023-10-05T15:37:25","date_gmt":"2023-10-05T15:37:25","guid":{"rendered":"https:\/\/izsekosanasierices.lv\/produktas\/slapta-kamera-garso-kolonele-naktinis-matymas-wi-fi-judesio-aptikimas\/"},"modified":"2025-11-19T17:54:06","modified_gmt":"2025-11-19T15:54:06","slug":"audio-skalrunis-ar-iebuvetu-candid-kameru-nakts-redzamibas-rezims-wifi-kustibu-noteiksanas-rezims","status":"publish","type":"product","link":"https:\/\/izsekosanasierices.lv\/et\/produkts\/sisseehitatud-avameelse-kaamera-oise-nagemise-reziimiga-wifi-liikumistuvastuse-reziim\/","title":{"rendered":"Sisseehitatud Candid-kaameraga helik\u00f5lar | \u00d6\u00f6vaatlusre\u017eiim | WiFi"},"content":{"rendered":"<h3><strong>Tehnilised parameetrid:<\/strong><\/h3>\n<ul>\n<li>Kaugvideo vaatamine: jah<\/li>\n<li>Video salvestamine koos heliga<\/li>\n<li>Objektiiv: 2 px CMOS<\/li>\n<li>Muusika: saab \u00fchendada BLUETOOTHi kaudu<\/li>\n<li>Pildi kvaliteet: eelvaade -HD 1920*1080<\/li>\n<li>Foto resolutsioon: 4032*3024<\/li>\n<li>Objektiiv: 110-kraadine vaatenurk,<\/li>\n<li>Video: 1 h 360mb<\/li>\n<li>Kaadrisagedus: 25 FPS<\/li>\n<li><em>Push<\/em> teadaanded<\/li>\n<li>M\u00e4lukaardi tugi: 16 GB kuni 128 GB (kaart ei kuulu komplekti)<\/li>\n<li>Videovalve: telefoni v\u00f5i arvuti kaudu (otse\u00fclekanne internetis)<\/li>\n<li>Aku kestvus: umbes 10 tundi, 24\/7 pidev toitmine<\/li>\n<li>Aku mahutavus: 5000 mAh<\/li>\n<li>Liikumistuvastus: jah, digitaalselt<\/li>\n<li>Pakkimisformaat: avi H.264<\/li>\n<li>Video formaat: avi<\/li>\n<li>iOS, Android, Windows, Windows 7\/8\/10\/11<\/li>\n<li>Toiteallikas: sisemine v\u00f5i v\u00e4line aku; 5 V toitepistikupesa<\/li>\n<li>Wi-Fi : jah<\/li>\n<li><strong>Garantii 12 kuud<\/strong><\/li>\n<\/ul>\n<p>&nbsp;<\/p>\n<p><span style=\"color: #ff0000;\"><strong>Vajad kiiret sama p\u00e4eva (ja n\u00e4dalavahetuse) kohaletoimetamist?  Helistage +37120484176<\/strong><\/span><\/p>\n<p>&nbsp;<\/p>\n<p>Kasutamine: vuntside ohutus, laste ohutus.<\/p>\n<p>Varjatud kaameratel on palju potentsiaali alaealiste laste j\u00e4lgimiseks, seega pole ime, et inimesed valivad \u00fcha enam selliseid tooteid. Varjatud j\u00e4lgimine v\u00f5ib olla vajalik, kui soovite veenduda, et teie kodu on lastele turvaline ja et seal ei toimu lubamatuid tegevusi, seega kui soovite kahtlusi hajutada, on peidetud kaamera ostmine t\u00f5esti hea valik. Varjatud kaamera-k\u00f5neleja on seade, mis ei tekita mingeid kahtlusi, nii et v\u00f5ite olla kindel, et teie kodus t\u00f6\u00f6tavad inimesed k\u00e4ituvad nii, nagu nad on harjunud, ja et k\u00f5ike ei ole liiga raske v\u00e4lja selgitada v\u00f5i vajalikku materjali koguda.<\/p>\n<p><strong>Pildi kvaliteet<\/strong><\/p>\n<p>Salajane kaamera ja k\u00f5lar j\u00e4\u00e4dvustavad videot HD 1920\u00d71080 px resolutsioonis, seega on videod piisavalt kvaliteetsed, et n\u00e4idata filmitavate inimeste n\u00e4gusid ja muid detaile. Lisaks filmimisele on sellel seadmel ka fotofunktsioon, mille resolutsioon on kuni 4032 \u00d7 3024 px. Kaamera on 110-kraadise vaatenurgaga.<\/p>\n<p><strong>K\u00e4itusaeg ja kaamera m\u00e4lu<\/strong><\/p>\n<p><em>Candid<\/em> Kaamera-k\u00f5lari aku maht on kuni 3000 mAh, seega on sellel pikk ooteaeg (tavaliselt umbes 10 tundi). V\u00f5ite valida ka seadme \u00fchendamise pistikupessa, sellisel juhul ei ole aku kestus oluline. Kaamera kasutab 16 - 128 GB m\u00e4lukaarte (ei kuulu komplekti), seega saate valida oma vajadustele sobivaima andmekandja (arvestage, et tund aega videosalvestust m\u00e4lukaardil v\u00f5tab umbes 360 MB). See peidetud kaamera on varustatud liikumistuvastuse funktsiooniga, mis aitab v\u00e4ltida videote salvestamist, kui midagi ei toimu.<\/p>\n<p><strong>Videovalve<\/strong><\/p>\n<p>Saate vaadata filmimaterjali, laadides selle \u00fcles oma arvutisse, v\u00f5i vaadata seda reaalajas veebis. Kui otsustate vaadata otse\u00fclekandes, saate seda teha arvutis v\u00f5i nutitelefonis (salakaamera \u00fchildub iOS-i, Androidi, Windowsi ja Windows 7\/8\/10\/11-ga).<\/p>","protected":false},"excerpt":{"rendered":"<p>Salajane kaamera, mis on maskeeritud Bluetooth-k\u00f5lariks. Kaamerat saab kaugjuhtimise teel 110 kraadi p\u00f6\u00f6rata. Otse\u00fclekanne WiFi kaudu.<\/p>","protected":false},"featured_media":3380,"template":"","meta":[],"product_brand":[],"product_cat":[330,321,331],"product_tag":[397,332,325,23,333,334,328,29],"class_list":{"0":"post-1263","1":"product","2":"type-product","3":"status-publish","4":"has-post-thumbnail","6":"product_cat-masketas-kameras","7":"product_cat-sleptas-kameras","8":"product_cat-wi-fi-slepenas-kameras","9":"product_tag-audio-skalruni-kamera","10":"product_tag-izsekosanas-iekartas","11":"product_tag-izsekosanas-kamera","12":"product_tag-kamera","13":"product_tag-kameras-pulkstenis","14":"product_tag-masketa-kamera","15":"product_tag-slepena-kamera","16":"product_tag-wi-fi-kamera","18":"first","19":"instock","20":"taxable","21":"shipping-taxable","22":"purchasable","23":"product-type-simple"},"yoast_head":"<!-- This site is optimized with the Yoast SEO plugin v27.5 - https:\/\/yoast.com\/product\/yoast-seo-wordpress\/ -->\n<title>Audio ska\u013crunis ar ieb\u016bv\u0113tu Candid kameru | Nakts re\u017e\u012bms | WiFi<\/title>\n<meta name=\"description\" content=\"Slepena kamera, kas mask\u0113ta k\u0101 Bluetooth ska\u013crunis. Kameru var att\u0101lin\u0101ti pagriezt 110 gr\u0101du Tie\u0161raide tie\u0161raid\u0113, izmantojot WiFi.\" \/>\n<meta name=\"robots\" content=\"index, follow, max-snippet:-1, max-image-preview:large, max-video-preview:-1\" \/>\n<link rel=\"canonical\" href=\"https:\/\/izsekosanasierices.lv\/et\/produkts\/sisseehitatud-avameelse-kaamera-oise-nagemise-reziimiga-wifi-liikumistuvastuse-reziim\/\" \/>\n<meta property=\"og:locale\" content=\"et_EE\" \/>\n<meta property=\"og:type\" content=\"article\" \/>\n<meta property=\"og:title\" content=\"Slepen\u0101 kamera ska\u013crun\u012b | Nakts redzam\u012bba | Kust\u012bbas noteik\u0161ana\" \/>\n<meta property=\"og:description\" content=\"Slepena kamera, kas mask\u0113ta k\u0101 Bluetooth ska\u013crunis. Kameru var att\u0101lin\u0101ti pagriezt 330 gr\u0101du le\u0146\u0137\u012b. Tie\u0161raide tie\u0161raid\u0113, izmantojot Wi fi\" \/>\n<meta property=\"og:url\" content=\"https:\/\/izsekosanasierices.lv\/et\/produkts\/sisseehitatud-avameelse-kaamera-oise-nagemise-reziimiga-wifi-liikumistuvastuse-reziim\/\" \/>\n<meta property=\"og:site_name\" content=\"Nr1 Izseko\u0161anas ier\u012bces gps izseko\u0161anas iek\u0101rtas, klaus\u012b\u0161an\u0101s iek\u0101rtas\" \/>\n<meta property=\"article:modified_time\" content=\"2025-11-19T15:54:06+00:00\" \/>\n<meta property=\"og:image\" content=\"https:\/\/rvnski.dev\/sekimoiranga\/wp-content\/uploads\/izsekosanasierices.webp\" \/>\n<meta name=\"twitter:card\" content=\"summary_large_image\" \/>\n<meta name=\"twitter:title\" content=\"Slepen\u0101 kamera ska\u013crun\u012b | Nakts redzam\u012bba | Kust\u012bbas noteik\u0161ana\" \/>\n<meta name=\"twitter:description\" content=\"Slepena kamera, kas mask\u0113ta k\u0101 Bluetooth ska\u013crunis. Kameru var att\u0101lin\u0101ti pagriezt 330 gr\u0101du le\u0146\u0137\u012b. Tie\u0161raide tie\u0161raid\u0113, izmantojot Wi fi\" \/>\n<meta name=\"twitter:label1\" content=\"Est. reading time\" \/>\n\t<meta name=\"twitter:data1\" content=\"3 minutit\" \/>\n<script type=\"application\/ld+json\" class=\"yoast-schema-graph\">{\"@context\":\"https:\\\/\\\/schema.org\",\"@graph\":[{\"@type\":\"WebPage\",\"@id\":\"https:\\\/\\\/izsekosanasierices.lv\\\/produkts\\\/audio-skalrunis-ar-iebuvetu-candid-kameru-nakts-redzamibas-rezims-wifi-kustibu-noteiksanas-rezims\\\/\",\"url\":\"https:\\\/\\\/izsekosanasierices.lv\\\/produkts\\\/audio-skalrunis-ar-iebuvetu-candid-kameru-nakts-redzamibas-rezims-wifi-kustibu-noteiksanas-rezims\\\/\",\"name\":\"Audio ska\u013crunis ar ieb\u016bv\u0113tu Candid kameru | Nakts re\u017e\u012bms | WiFi\",\"isPartOf\":{\"@id\":\"https:\\\/\\\/izsekosanasierices.lv\\\/#website\"},\"primaryImageOfPage\":{\"@id\":\"https:\\\/\\\/izsekosanasierices.lv\\\/produkts\\\/audio-skalrunis-ar-iebuvetu-candid-kameru-nakts-redzamibas-rezims-wifi-kustibu-noteiksanas-rezims\\\/#primaryimage\"},\"image\":{\"@id\":\"https:\\\/\\\/izsekosanasierices.lv\\\/produkts\\\/audio-skalrunis-ar-iebuvetu-candid-kameru-nakts-redzamibas-rezims-wifi-kustibu-noteiksanas-rezims\\\/#primaryimage\"},\"thumbnailUrl\":\"https:\\\/\\\/izsekosanasierices.lv\\\/wp-content\\\/uploads\\\/Skalrunis-ar-iebuvetu-slepto-kameru.jpg\",\"datePublished\":\"2023-10-05T15:37:25+00:00\",\"dateModified\":\"2025-11-19T15:54:06+00:00\",\"description\":\"Slepena kamera, kas mask\u0113ta k\u0101 Bluetooth ska\u013crunis. Kameru var att\u0101lin\u0101ti pagriezt 110 gr\u0101du Tie\u0161raide tie\u0161raid\u0113, izmantojot WiFi.\",\"breadcrumb\":{\"@id\":\"https:\\\/\\\/izsekosanasierices.lv\\\/produkts\\\/audio-skalrunis-ar-iebuvetu-candid-kameru-nakts-redzamibas-rezims-wifi-kustibu-noteiksanas-rezims\\\/#breadcrumb\"},\"inLanguage\":\"et\",\"potentialAction\":[{\"@type\":\"ReadAction\",\"target\":[\"https:\\\/\\\/izsekosanasierices.lv\\\/produkts\\\/audio-skalrunis-ar-iebuvetu-candid-kameru-nakts-redzamibas-rezims-wifi-kustibu-noteiksanas-rezims\\\/\"]}]},{\"@type\":\"ImageObject\",\"inLanguage\":\"et\",\"@id\":\"https:\\\/\\\/izsekosanasierices.lv\\\/produkts\\\/audio-skalrunis-ar-iebuvetu-candid-kameru-nakts-redzamibas-rezims-wifi-kustibu-noteiksanas-rezims\\\/#primaryimage\",\"url\":\"https:\\\/\\\/izsekosanasierices.lv\\\/wp-content\\\/uploads\\\/Skalrunis-ar-iebuvetu-slepto-kameru.jpg\",\"contentUrl\":\"https:\\\/\\\/izsekosanasierices.lv\\\/wp-content\\\/uploads\\\/Skalrunis-ar-iebuvetu-slepto-kameru.jpg\",\"width\":600,\"height\":600,\"caption\":\"Ska\u013crunis ar ieb\u016bv\u0113tu sl\u0113pto kameru\"},{\"@type\":\"BreadcrumbList\",\"@id\":\"https:\\\/\\\/izsekosanasierices.lv\\\/produkts\\\/audio-skalrunis-ar-iebuvetu-candid-kameru-nakts-redzamibas-rezims-wifi-kustibu-noteiksanas-rezims\\\/#breadcrumb\",\"itemListElement\":[{\"@type\":\"ListItem\",\"position\":1,\"name\":\"S\u0101kums\",\"item\":\"https:\\\/\\\/izsekosanasierices.lv\\\/\"},{\"@type\":\"ListItem\",\"position\":2,\"name\":\"Veikals\",\"item\":\"https:\\\/\\\/izsekosanasierices.lv\\\/veikals\\\/\"},{\"@type\":\"ListItem\",\"position\":3,\"name\":\"Audio ska\u013crunis ar ieb\u016bv\u0113tu Candid kameru | Nakts redzam\u012bbas re\u017e\u012bms | WiFi\"}]},{\"@type\":\"WebSite\",\"@id\":\"https:\\\/\\\/izsekosanasierices.lv\\\/#website\",\"url\":\"https:\\\/\\\/izsekosanasierices.lv\\\/\",\"name\":\"Nr1 Izseko\u0161anas ier\u012bces gps izseko\u0161anas iek\u0101rtas, klaus\u012b\u0161an\u0101s iek\u0101rtas\",\"description\":\"\",\"potentialAction\":[{\"@type\":\"SearchAction\",\"target\":{\"@type\":\"EntryPoint\",\"urlTemplate\":\"https:\\\/\\\/izsekosanasierices.lv\\\/?s={search_term_string}\"},\"query-input\":{\"@type\":\"PropertyValueSpecification\",\"valueRequired\":true,\"valueName\":\"search_term_string\"}}],\"inLanguage\":\"et\"}]}<\/script>\n<!-- \/ Yoast SEO plugin. -->","yoast_head_json":{"title":"Audio ska\u013crunis ar ieb\u016bv\u0113tu Candid kameru | Nakts re\u017e\u012bms | WiFi","description":"Slepena kamera, kas mask\u0113ta k\u0101 Bluetooth ska\u013crunis. Kameru var att\u0101lin\u0101ti pagriezt 110 gr\u0101du Tie\u0161raide tie\u0161raid\u0113, izmantojot WiFi.","robots":{"index":"index","follow":"follow","max-snippet":"max-snippet:-1","max-image-preview":"max-image-preview:large","max-video-preview":"max-video-preview:-1"},"canonical":"https:\/\/izsekosanasierices.lv\/et\/produkts\/sisseehitatud-avameelse-kaamera-oise-nagemise-reziimiga-wifi-liikumistuvastuse-reziim\/","og_locale":"et_EE","og_type":"article","og_title":"Slepen\u0101 kamera ska\u013crun\u012b | Nakts redzam\u012bba | Kust\u012bbas noteik\u0161ana","og_description":"Slepena kamera, kas mask\u0113ta k\u0101 Bluetooth ska\u013crunis. Kameru var att\u0101lin\u0101ti pagriezt 330 gr\u0101du le\u0146\u0137\u012b. Tie\u0161raide tie\u0161raid\u0113, izmantojot Wi fi","og_url":"https:\/\/izsekosanasierices.lv\/et\/produkts\/sisseehitatud-avameelse-kaamera-oise-nagemise-reziimiga-wifi-liikumistuvastuse-reziim\/","og_site_name":"Nr1 Izseko\u0161anas ier\u012bces gps izseko\u0161anas iek\u0101rtas, klaus\u012b\u0161an\u0101s iek\u0101rtas","article_modified_time":"2025-11-19T15:54:06+00:00","og_image":[{"url":"https:\/\/rvnski.dev\/sekimoiranga\/wp-content\/uploads\/izsekosanasierices.webp","type":"","width":"","height":""}],"twitter_card":"summary_large_image","twitter_title":"Slepen\u0101 kamera ska\u013crun\u012b | Nakts redzam\u012bba | Kust\u012bbas noteik\u0161ana","twitter_description":"Slepena kamera, kas mask\u0113ta k\u0101 Bluetooth ska\u013crunis. Kameru var att\u0101lin\u0101ti pagriezt 330 gr\u0101du le\u0146\u0137\u012b. Tie\u0161raide tie\u0161raid\u0113, izmantojot Wi fi","twitter_misc":{"Est. reading time":"3 minutit"},"schema":{"@context":"https:\/\/schema.org","@graph":[{"@type":"WebPage","@id":"https:\/\/izsekosanasierices.lv\/produkts\/audio-skalrunis-ar-iebuvetu-candid-kameru-nakts-redzamibas-rezims-wifi-kustibu-noteiksanas-rezims\/","url":"https:\/\/izsekosanasierices.lv\/produkts\/audio-skalrunis-ar-iebuvetu-candid-kameru-nakts-redzamibas-rezims-wifi-kustibu-noteiksanas-rezims\/","name":"Audio ska\u013crunis ar ieb\u016bv\u0113tu Candid kameru | Nakts re\u017e\u012bms | WiFi","isPartOf":{"@id":"https:\/\/izsekosanasierices.lv\/#website"},"primaryImageOfPage":{"@id":"https:\/\/izsekosanasierices.lv\/produkts\/audio-skalrunis-ar-iebuvetu-candid-kameru-nakts-redzamibas-rezims-wifi-kustibu-noteiksanas-rezims\/#primaryimage"},"image":{"@id":"https:\/\/izsekosanasierices.lv\/produkts\/audio-skalrunis-ar-iebuvetu-candid-kameru-nakts-redzamibas-rezims-wifi-kustibu-noteiksanas-rezims\/#primaryimage"},"thumbnailUrl":"https:\/\/izsekosanasierices.lv\/wp-content\/uploads\/Skalrunis-ar-iebuvetu-slepto-kameru.jpg","datePublished":"2023-10-05T15:37:25+00:00","dateModified":"2025-11-19T15:54:06+00:00","description":"Slepena kamera, kas mask\u0113ta k\u0101 Bluetooth ska\u013crunis. Kameru var att\u0101lin\u0101ti pagriezt 110 gr\u0101du Tie\u0161raide tie\u0161raid\u0113, izmantojot WiFi.","breadcrumb":{"@id":"https:\/\/izsekosanasierices.lv\/produkts\/audio-skalrunis-ar-iebuvetu-candid-kameru-nakts-redzamibas-rezims-wifi-kustibu-noteiksanas-rezims\/#breadcrumb"},"inLanguage":"et","potentialAction":[{"@type":"ReadAction","target":["https:\/\/izsekosanasierices.lv\/produkts\/audio-skalrunis-ar-iebuvetu-candid-kameru-nakts-redzamibas-rezims-wifi-kustibu-noteiksanas-rezims\/"]}]},{"@type":"ImageObject","inLanguage":"et","@id":"https:\/\/izsekosanasierices.lv\/produkts\/audio-skalrunis-ar-iebuvetu-candid-kameru-nakts-redzamibas-rezims-wifi-kustibu-noteiksanas-rezims\/#primaryimage","url":"https:\/\/izsekosanasierices.lv\/wp-content\/uploads\/Skalrunis-ar-iebuvetu-slepto-kameru.jpg","contentUrl":"https:\/\/izsekosanasierices.lv\/wp-content\/uploads\/Skalrunis-ar-iebuvetu-slepto-kameru.jpg","width":600,"height":600,"caption":"Ska\u013crunis ar ieb\u016bv\u0113tu sl\u0113pto kameru"},{"@type":"BreadcrumbList","@id":"https:\/\/izsekosanasierices.lv\/produkts\/audio-skalrunis-ar-iebuvetu-candid-kameru-nakts-redzamibas-rezims-wifi-kustibu-noteiksanas-rezims\/#breadcrumb","itemListElement":[{"@type":"ListItem","position":1,"name":"S\u0101kums","item":"https:\/\/izsekosanasierices.lv\/"},{"@type":"ListItem","position":2,"name":"Veikals","item":"https:\/\/izsekosanasierices.lv\/veikals\/"},{"@type":"ListItem","position":3,"name":"Audio ska\u013crunis ar ieb\u016bv\u0113tu Candid kameru | Nakts redzam\u012bbas re\u017e\u012bms | WiFi"}]},{"@type":"WebSite","@id":"https:\/\/izsekosanasierices.lv\/#website","url":"https:\/\/izsekosanasierices.lv\/","name":"Nr1 Izseko\u0161anas ier\u012bces gps izseko\u0161anas iek\u0101rtas, klaus\u012b\u0161an\u0101s iek\u0101rtas","description":"","potentialAction":[{"@type":"SearchAction","target":{"@type":"EntryPoint","urlTemplate":"https:\/\/izsekosanasierices.lv\/?s={search_term_string}"},"query-input":{"@type":"PropertyValueSpecification","valueRequired":true,"valueName":"search_term_string"}}],"inLanguage":"et"}]}},"_links":{"self":[{"href":"https:\/\/izsekosanasierices.lv\/et\/wp-json\/wp\/v2\/product\/1263","targetHints":{"allow":["GET"]}}],"collection":[{"href":"https:\/\/izsekosanasierices.lv\/et\/wp-json\/wp\/v2\/product"}],"about":[{"href":"https:\/\/izsekosanasierices.lv\/et\/wp-json\/wp\/v2\/types\/product"}],"wp:featuredmedia":[{"embeddable":true,"href":"https:\/\/izsekosanasierices.lv\/et\/wp-json\/wp\/v2\/media\/3380"}],"wp:attachment":[{"href":"https:\/\/izsekosanasierices.lv\/et\/wp-json\/wp\/v2\/media?parent=1263"}],"wp:term":[{"taxonomy":"product_brand","embeddable":true,"href":"https:\/\/izsekosanasierices.lv\/et\/wp-json\/wp\/v2\/product_brand?post=1263"},{"taxonomy":"product_cat","embeddable":true,"href":"https:\/\/izsekosanasierices.lv\/et\/wp-json\/wp\/v2\/product_cat?post=1263"},{"taxonomy":"product_tag","embeddable":true,"href":"https:\/\/izsekosanasierices.lv\/et\/wp-json\/wp\/v2\/product_tag?post=1263"}],"curies":[{"name":"wp","href":"https:\/\/api.w.org\/{rel}","templated":true}]}}